{"id":23388,"date":"2022-03-29T23:26:31","date_gmt":"2022-03-30T02:26:31","guid":{"rendered":"http:\/\/lojasosprofessoratividades.com.br\/?post_type=product&#038;p=23388"},"modified":"2026-05-08T17:28:35","modified_gmt":"2026-05-08T20:28:35","slug":"cartazes-de-portugues-2","status":"publish","type":"product","link":"https:\/\/lojasosprofessoratividades.com.br\/en\/product\/cartazes-de-portugues-2\/","title":{"rendered":"Cartazes de Portugu\u00eas 2"},"content":{"rendered":"","protected":false},"excerpt":{"rendered":"<p>S\u00e3o seis (6) cartazes com os seguintes conte\u00fados gramaticais:<\/p>\n<ul>\n<li>divis\u00e3o sil\u00e1bica (n\u00famero de s\u00edlabas);<\/li>\n<li>s\u00edlaba t\u00f4nica;<\/li>\n<li>Acentua\u00e7\u00e3o (acentos agudo, circunflexo e grave)<\/li>\n<li>sinais de pontua\u00e7\u00e3o<\/li>\n<\/ul>\n<p>Podem ser ampliados como p\u00f4ster eu reduzidos para colar no caderno dos alunos.<\/p>\n<p>Arquivo digital <em><strong>n\u00e3o<\/strong><\/em> edit\u00e1vel.<\/p>\n<h3>N\u00e3o enviamos por e-mail, a entrega \u00e9 via link para download. \ud83d\udc47<\/h3>\n<p><img loading=\"lazy\" decoding=\"async\" class=\"alignnone wp-image-31375 size-full\" src=\"https:\/\/lojasosprofessoratividades.com.br\/wp-content\/uploads\/2024\/08\/Aviso-Loja.jpg\" alt=\"\" width=\"446\" height=\"251\" srcset=\"https:\/\/lojasosprofessoratividades.com.br\/wp-content\/uploads\/2024\/08\/Aviso-Loja.jpg 446w, https:\/\/lojasosprofessoratividades.com.br\/wp-content\/uploads\/2024\/08\/Aviso-Loja-300x169.jpg 300w, https:\/\/lojasosprofessoratividades.com.br\/wp-content\/uploads\/2024\/08\/Aviso-Loja-18x10.jpg 18w\" sizes=\"auto, (max-width: 446px) 100vw, 446px\" \/><\/p>","protected":false},"featured_media":23764,"comment_status":"open","ping_status":"closed","template":"","meta":[],"product_brand":[],"product_cat":[124,125,127,195,204,189],"product_tag":[2752,1376,584,1165,2751,840,1374,556,245,1471,285,1373,1319,540,643,1887,606,1375,1377],"class_list":{"0":"post-23388","1":"product","2":"type-product","3":"status-publish","4":"has-post-thumbnail","6":"product_cat-3o-ano","7":"product_cat-4o-ano","8":"product_cat-5o-ano","9":"product_cat-portugues-4-ano","10":"product_cat-portugues-5-anos","11":"product_cat-portugues-3-ano","12":"product_tag-acentuacao","13":"product_tag-acentuacao-grafica","14":"product_tag-aprendizado-ativo","15":"product_tag-atividades-de-portugues","16":"product_tag-cartazes-de-gramatica","17":"product_tag-cartazes-educativos","18":"product_tag-divisao-silabica","19":"product_tag-educacao","20":"product_tag-ensino-fundamental","21":"product_tag-ensino-interativo","22":"product_tag-gramatica","23":"product_tag-gramatica-portuguesa","24":"product_tag-lingua-portuguesa","25":"product_tag-material-educativo","26":"product_tag-material-pedagogico","27":"product_tag-poster-educativo","28":"product_tag-sala-de-aula","29":"product_tag-silaba-tonica","30":"product_tag-sinais-de-pontuacao","32":"first","33":"instock","34":"downloadable","35":"virtual","36":"sold-individually","37":"purchasable","38":"product-type-simple"},"yoast_head":"<!-- This site is optimized with the Yoast SEO plugin v27.6 - https:\/\/yoast.com\/product\/yoast-seo-wordpress\/ -->\n<title>Cartazes de Portugu\u00eas 2 - Loja SOS Professor Atividades<\/title>\n<meta name=\"description\" content=\"Conjunto de 6 cartazes de gram\u00e1tica: divis\u00e3o sil\u00e1bica, s\u00edlaba t\u00f4nica, acentua\u00e7\u00e3o e pontua\u00e7\u00e3o. Amplie como p\u00f4ster ou cole no caderno do aluno.\" \/>\n<meta name=\"robots\" content=\"index, follow, max-snippet:-1, max-image-preview:large, max-video-preview:-1\" \/>\n<link rel=\"canonical\" href=\"https:\/\/lojasosprofessoratividades.com.br\/en\/product\/cartazes-de-portugues-2\/\" \/>\n<meta property=\"og:locale\" content=\"en_US\" \/>\n<meta property=\"og:type\" content=\"article\" \/>\n<meta property=\"og:title\" content=\"Cartazes de Portugu\u00eas 2 - Loja SOS Professor Atividades\" \/>\n<meta property=\"og:description\" content=\"Conjunto de 6 cartazes de gram\u00e1tica: divis\u00e3o sil\u00e1bica, s\u00edlaba t\u00f4nica, acentua\u00e7\u00e3o e pontua\u00e7\u00e3o. Amplie como p\u00f4ster ou cole no caderno do aluno.\" \/>\n<meta property=\"og:url\" content=\"https:\/\/lojasosprofessoratividades.com.br\/en\/product\/cartazes-de-portugues-2\/\" \/>\n<meta property=\"og:site_name\" content=\"Loja SOS Professor Atividades\" \/>\n<meta property=\"article:publisher\" content=\"https:\/\/www.facebook.com\/sosprofessoratividades\" \/>\n<meta property=\"article:modified_time\" content=\"2026-05-08T20:28:35+00:00\" \/>\n<meta property=\"og:image\" content=\"https:\/\/lojasosprofessoratividades.com.br\/wp-content\/uploads\/2022\/03\/Cartazes-de-portugues-2.jpg\" \/>\n\t<meta property=\"og:image:width\" content=\"800\" \/>\n\t<meta property=\"og:image:height\" content=\"693\" \/>\n\t<meta property=\"og:image:type\" content=\"image\/jpeg\" \/>\n<meta name=\"twitter:card\" content=\"summary_large_image\" \/>\n<meta name=\"twitter:label1\" content=\"Est. reading time\" \/>\n\t<meta name=\"twitter:data1\" content=\"1 minute\" \/>\n<script type=\"application\/ld+json\" class=\"yoast-schema-graph\">{\"@context\":\"https:\\\/\\\/schema.org\",\"@graph\":[{\"@type\":\"WebPage\",\"@id\":\"https:\\\/\\\/lojasosprofessoratividades.com.br\\\/produto\\\/cartazes-de-portugues-2\\\/\",\"url\":\"https:\\\/\\\/lojasosprofessoratividades.com.br\\\/produto\\\/cartazes-de-portugues-2\\\/\",\"name\":\"Cartazes de Portugu\u00eas 2 - Loja SOS Professor Atividades\",\"isPartOf\":{\"@id\":\"https:\\\/\\\/lojasosprofessoratividades.com.br\\\/#website\"},\"primaryImageOfPage\":{\"@id\":\"https:\\\/\\\/lojasosprofessoratividades.com.br\\\/produto\\\/cartazes-de-portugues-2\\\/#primaryimage\"},\"image\":{\"@id\":\"https:\\\/\\\/lojasosprofessoratividades.com.br\\\/produto\\\/cartazes-de-portugues-2\\\/#primaryimage\"},\"thumbnailUrl\":\"https:\\\/\\\/lojasosprofessoratividades.com.br\\\/wp-content\\\/uploads\\\/2022\\\/03\\\/Cartazes-de-portugues-2.jpg\",\"datePublished\":\"2022-03-30T02:26:31+00:00\",\"dateModified\":\"2026-05-08T20:28:35+00:00\",\"description\":\"Conjunto de 6 cartazes de gram\u00e1tica: divis\u00e3o sil\u00e1bica, s\u00edlaba t\u00f4nica, acentua\u00e7\u00e3o e pontua\u00e7\u00e3o. Amplie como p\u00f4ster ou cole no caderno do aluno.\",\"breadcrumb\":{\"@id\":\"https:\\\/\\\/lojasosprofessoratividades.com.br\\\/produto\\\/cartazes-de-portugues-2\\\/#breadcrumb\"},\"inLanguage\":\"en-US\",\"potentialAction\":[{\"@type\":\"ReadAction\",\"target\":[\"https:\\\/\\\/lojasosprofessoratividades.com.br\\\/produto\\\/cartazes-de-portugues-2\\\/\"]}]},{\"@type\":\"ImageObject\",\"inLanguage\":\"en-US\",\"@id\":\"https:\\\/\\\/lojasosprofessoratividades.com.br\\\/produto\\\/cartazes-de-portugues-2\\\/#primaryimage\",\"url\":\"https:\\\/\\\/lojasosprofessoratividades.com.br\\\/wp-content\\\/uploads\\\/2022\\\/03\\\/Cartazes-de-portugues-2.jpg\",\"contentUrl\":\"https:\\\/\\\/lojasosprofessoratividades.com.br\\\/wp-content\\\/uploads\\\/2022\\\/03\\\/Cartazes-de-portugues-2.jpg\",\"width\":800,\"height\":693,\"caption\":\"Cartazes de portugu\u00eas 2\"},{\"@type\":\"BreadcrumbList\",\"@id\":\"https:\\\/\\\/lojasosprofessoratividades.com.br\\\/produto\\\/cartazes-de-portugues-2\\\/#breadcrumb\",\"itemListElement\":[{\"@type\":\"ListItem\",\"position\":1,\"name\":\"In\u00edcio\",\"item\":\"https:\\\/\\\/lojasosprofessoratividades.com.br\\\/\"},{\"@type\":\"ListItem\",\"position\":2,\"name\":\"Loja\",\"item\":\"https:\\\/\\\/lojasosprofessoratividades.com.br\\\/loja\\\/\"},{\"@type\":\"ListItem\",\"position\":3,\"name\":\"Cartazes de Portugu\u00eas 2\"}]},{\"@type\":\"WebSite\",\"@id\":\"https:\\\/\\\/lojasosprofessoratividades.com.br\\\/#website\",\"url\":\"https:\\\/\\\/lojasosprofessoratividades.com.br\\\/\",\"name\":\"Loja SOS Professor Atividades\",\"description\":\"Venda de material did\u00e1tico para o ensino fundamental\",\"publisher\":{\"@id\":\"https:\\\/\\\/lojasosprofessoratividades.com.br\\\/#organization\"},\"potentialAction\":[{\"@type\":\"SearchAction\",\"target\":{\"@type\":\"EntryPoint\",\"urlTemplate\":\"https:\\\/\\\/lojasosprofessoratividades.com.br\\\/?s={search_term_string}\"},\"query-input\":{\"@type\":\"PropertyValueSpecification\",\"valueRequired\":true,\"valueName\":\"search_term_string\"}}],\"inLanguage\":\"en-US\"},{\"@type\":\"Organization\",\"@id\":\"https:\\\/\\\/lojasosprofessoratividades.com.br\\\/#organization\",\"name\":\"Loja SOS Professor Atividades\",\"url\":\"https:\\\/\\\/lojasosprofessoratividades.com.br\\\/\",\"logo\":{\"@type\":\"ImageObject\",\"inLanguage\":\"en-US\",\"@id\":\"https:\\\/\\\/lojasosprofessoratividades.com.br\\\/#\\\/schema\\\/logo\\\/image\\\/\",\"url\":\"http:\\\/\\\/lojasosprofessoratividades.com.br\\\/wp-content\\\/uploads\\\/2022\\\/04\\\/Logo.png\",\"contentUrl\":\"http:\\\/\\\/lojasosprofessoratividades.com.br\\\/wp-content\\\/uploads\\\/2022\\\/04\\\/Logo.png\",\"width\":2000,\"height\":2000,\"caption\":\"Loja SOS Professor Atividades\"},\"image\":{\"@id\":\"https:\\\/\\\/lojasosprofessoratividades.com.br\\\/#\\\/schema\\\/logo\\\/image\\\/\"},\"sameAs\":[\"https:\\\/\\\/www.facebook.com\\\/sosprofessoratividades\",\"https:\\\/\\\/www.instagram.com\\\/sosprofessoratividades\\\/\"]}]}<\/script>\n<!-- \/ Yoast SEO plugin. -->","yoast_head_json":{"title":"Cartazes de Portugu\u00eas 2 - Loja SOS Professor Atividades","description":"Conjunto de 6 cartazes de gram\u00e1tica: divis\u00e3o sil\u00e1bica, s\u00edlaba t\u00f4nica, acentua\u00e7\u00e3o e pontua\u00e7\u00e3o. Amplie como p\u00f4ster ou cole no caderno do aluno.","robots":{"index":"index","follow":"follow","max-snippet":"max-snippet:-1","max-image-preview":"max-image-preview:large","max-video-preview":"max-video-preview:-1"},"canonical":"https:\/\/lojasosprofessoratividades.com.br\/en\/product\/cartazes-de-portugues-2\/","og_locale":"en_US","og_type":"article","og_title":"Cartazes de Portugu\u00eas 2 - Loja SOS Professor Atividades","og_description":"Conjunto de 6 cartazes de gram\u00e1tica: divis\u00e3o sil\u00e1bica, s\u00edlaba t\u00f4nica, acentua\u00e7\u00e3o e pontua\u00e7\u00e3o. Amplie como p\u00f4ster ou cole no caderno do aluno.","og_url":"https:\/\/lojasosprofessoratividades.com.br\/en\/product\/cartazes-de-portugues-2\/","og_site_name":"Loja SOS Professor Atividades","article_publisher":"https:\/\/www.facebook.com\/sosprofessoratividades","article_modified_time":"2026-05-08T20:28:35+00:00","og_image":[{"width":800,"height":693,"url":"https:\/\/lojasosprofessoratividades.com.br\/wp-content\/uploads\/2022\/03\/Cartazes-de-portugues-2.jpg","type":"image\/jpeg"}],"twitter_card":"summary_large_image","twitter_misc":{"Est. reading time":"1 minute"},"schema":{"@context":"https:\/\/schema.org","@graph":[{"@type":"WebPage","@id":"https:\/\/lojasosprofessoratividades.com.br\/produto\/cartazes-de-portugues-2\/","url":"https:\/\/lojasosprofessoratividades.com.br\/produto\/cartazes-de-portugues-2\/","name":"Cartazes de Portugu\u00eas 2 - Loja SOS Professor Atividades","isPartOf":{"@id":"https:\/\/lojasosprofessoratividades.com.br\/#website"},"primaryImageOfPage":{"@id":"https:\/\/lojasosprofessoratividades.com.br\/produto\/cartazes-de-portugues-2\/#primaryimage"},"image":{"@id":"https:\/\/lojasosprofessoratividades.com.br\/produto\/cartazes-de-portugues-2\/#primaryimage"},"thumbnailUrl":"https:\/\/lojasosprofessoratividades.com.br\/wp-content\/uploads\/2022\/03\/Cartazes-de-portugues-2.jpg","datePublished":"2022-03-30T02:26:31+00:00","dateModified":"2026-05-08T20:28:35+00:00","description":"Conjunto de 6 cartazes de gram\u00e1tica: divis\u00e3o sil\u00e1bica, s\u00edlaba t\u00f4nica, acentua\u00e7\u00e3o e pontua\u00e7\u00e3o. Amplie como p\u00f4ster ou cole no caderno do aluno.","breadcrumb":{"@id":"https:\/\/lojasosprofessoratividades.com.br\/produto\/cartazes-de-portugues-2\/#breadcrumb"},"inLanguage":"en-US","potentialAction":[{"@type":"ReadAction","target":["https:\/\/lojasosprofessoratividades.com.br\/produto\/cartazes-de-portugues-2\/"]}]},{"@type":"ImageObject","inLanguage":"en-US","@id":"https:\/\/lojasosprofessoratividades.com.br\/produto\/cartazes-de-portugues-2\/#primaryimage","url":"https:\/\/lojasosprofessoratividades.com.br\/wp-content\/uploads\/2022\/03\/Cartazes-de-portugues-2.jpg","contentUrl":"https:\/\/lojasosprofessoratividades.com.br\/wp-content\/uploads\/2022\/03\/Cartazes-de-portugues-2.jpg","width":800,"height":693,"caption":"Cartazes de portugu\u00eas 2"},{"@type":"BreadcrumbList","@id":"https:\/\/lojasosprofessoratividades.com.br\/produto\/cartazes-de-portugues-2\/#breadcrumb","itemListElement":[{"@type":"ListItem","position":1,"name":"In\u00edcio","item":"https:\/\/lojasosprofessoratividades.com.br\/"},{"@type":"ListItem","position":2,"name":"Loja","item":"https:\/\/lojasosprofessoratividades.com.br\/loja\/"},{"@type":"ListItem","position":3,"name":"Cartazes de Portugu\u00eas 2"}]},{"@type":"WebSite","@id":"https:\/\/lojasosprofessoratividades.com.br\/#website","url":"https:\/\/lojasosprofessoratividades.com.br\/","name":"Loja SOS Professor Atividades","description":"Venda de material did\u00e1tico para o ensino fundamental","publisher":{"@id":"https:\/\/lojasosprofessoratividades.com.br\/#organization"},"potentialAction":[{"@type":"SearchAction","target":{"@type":"EntryPoint","urlTemplate":"https:\/\/lojasosprofessoratividades.com.br\/?s={search_term_string}"},"query-input":{"@type":"PropertyValueSpecification","valueRequired":true,"valueName":"search_term_string"}}],"inLanguage":"en-US"},{"@type":"Organization","@id":"https:\/\/lojasosprofessoratividades.com.br\/#organization","name":"Loja SOS Professor Atividades","url":"https:\/\/lojasosprofessoratividades.com.br\/","logo":{"@type":"ImageObject","inLanguage":"en-US","@id":"https:\/\/lojasosprofessoratividades.com.br\/#\/schema\/logo\/image\/","url":"http:\/\/lojasosprofessoratividades.com.br\/wp-content\/uploads\/2022\/04\/Logo.png","contentUrl":"http:\/\/lojasosprofessoratividades.com.br\/wp-content\/uploads\/2022\/04\/Logo.png","width":2000,"height":2000,"caption":"Loja SOS Professor Atividades"},"image":{"@id":"https:\/\/lojasosprofessoratividades.com.br\/#\/schema\/logo\/image\/"},"sameAs":["https:\/\/www.facebook.com\/sosprofessoratividades","https:\/\/www.instagram.com\/sosprofessoratividades\/"]}]}},"_links":{"self":[{"href":"https:\/\/lojasosprofessoratividades.com.br\/en\/wp-json\/wp\/v2\/product\/23388","targetHints":{"allow":["GET"]}}],"collection":[{"href":"https:\/\/lojasosprofessoratividades.com.br\/en\/wp-json\/wp\/v2\/product"}],"about":[{"href":"https:\/\/lojasosprofessoratividades.com.br\/en\/wp-json\/wp\/v2\/types\/product"}],"replies":[{"embeddable":true,"href":"https:\/\/lojasosprofessoratividades.com.br\/en\/wp-json\/wp\/v2\/comments?post=23388"}],"wp:featuredmedia":[{"embeddable":true,"href":"https:\/\/lojasosprofessoratividades.com.br\/en\/wp-json\/wp\/v2\/media\/23764"}],"wp:attachment":[{"href":"https:\/\/lojasosprofessoratividades.com.br\/en\/wp-json\/wp\/v2\/media?parent=23388"}],"wp:term":[{"taxonomy":"product_brand","embeddable":true,"href":"https:\/\/lojasosprofessoratividades.com.br\/en\/wp-json\/wp\/v2\/product_brand?post=23388"},{"taxonomy":"product_cat","embeddable":true,"href":"https:\/\/lojasosprofessoratividades.com.br\/en\/wp-json\/wp\/v2\/product_cat?post=23388"},{"taxonomy":"product_tag","embeddable":true,"href":"https:\/\/lojasosprofessoratividades.com.br\/en\/wp-json\/wp\/v2\/product_tag?post=23388"}],"curies":[{"name":"wp","href":"https:\/\/api.w.org\/{rel}","templated":true}]}}