{"id":23603,"date":"2022-05-09T14:26:40","date_gmt":"2022-05-09T17:26:40","guid":{"rendered":"http:\/\/lojasosprofessoratividades.com.br\/?post_type=product&#038;p=23603"},"modified":"2026-05-08T17:23:45","modified_gmt":"2026-05-08T20:23:45","slug":"cidadania","status":"publish","type":"product","link":"https:\/\/lojasosprofessoratividades.com.br\/en\/product\/cidadania\/","title":{"rendered":"Cidadania"},"content":{"rendered":"","protected":false},"excerpt":{"rendered":"<p data-start=\"107\" data-end=\"291\">Desperte o interesse de seus alunos pela cidadania com este material educativo completo para o 5\u00ba ano. Arquivo digital n\u00e3o edit\u00e1vel, dispon\u00edvel nas vers\u00f5es colorida e preto e branco.<\/p>\n<p data-start=\"293\" data-end=\"353\">O arquivo cont\u00e9m <strong data-start=\"310\" data-end=\"324\">13 p\u00e1ginas<\/strong> cuidadosamente elaboradas:<\/p>\n<ul data-start=\"354\" data-end=\"489\">\n<li data-start=\"354\" data-end=\"366\">\n<p data-start=\"356\" data-end=\"366\">2 capas;<\/p>\n<\/li>\n<li data-start=\"367\" data-end=\"404\">\n<p data-start=\"369\" data-end=\"404\">1 p\u00e1gina com habilidades da BNCC;<\/p>\n<\/li>\n<li data-start=\"405\" data-end=\"489\">\n<p data-start=\"407\" data-end=\"489\">10 p\u00e1ginas de atividades interativas sobre diversidade e respeito \u00e0s diferen\u00e7as.<\/p>\n<\/li>\n<\/ul>\n<p data-start=\"491\" data-end=\"570\"><strong data-start=\"491\" data-end=\"522\">Principais temas abordados:<\/strong><br data-start=\"522\" data-end=\"525\" \/>\u2705 Somos diferentes<br data-start=\"543\" data-end=\"546\" \/>\u2705 Diversidade cultural<\/p>\n<p data-start=\"572\" data-end=\"611\"><strong data-start=\"572\" data-end=\"609\">Habilidades da BNCC contempladas:<\/strong><\/p>\n<ul data-start=\"612\" data-end=\"986\">\n<li data-start=\"612\" data-end=\"705\">\n<p data-start=\"614\" data-end=\"705\">(EF05HI04) Associar cidadania com respeito \u00e0 diversidade, pluralidade e direitos humanos.<\/p>\n<\/li>\n<li data-start=\"706\" data-end=\"780\">\n<p data-start=\"708\" data-end=\"780\">(EF05HI05) Compreender cidadania como conquista hist\u00f3rica de direitos.<\/p>\n<\/li>\n<li data-start=\"781\" data-end=\"894\">\n<p data-start=\"783\" data-end=\"894\">(EF05HI08) Identificar formas de marca\u00e7\u00e3o do tempo em diferentes sociedades, incluindo ind\u00edgenas e africanos.<\/p>\n<\/li>\n<li data-start=\"895\" data-end=\"986\">\n<p data-start=\"897\" data-end=\"986\">(EF05HI10) Analisar patrim\u00f4nios materiais e imateriais da humanidade ao longo do tempo.<\/p>\n<\/li>\n<\/ul>\n<p data-start=\"988\" data-end=\"1162\">Este material promove reflex\u00e3o, aprendizagem significativa e valoriza\u00e7\u00e3o da diversidade cultural em sala de aula, tornando o ensino de cidadania mais envolvente e din\u00e2mico.<\/p>\n<h3>N\u00e3o enviamos por e-mail, a entrega \u00e9 via link para download. \ud83d\udc47<\/h3>\n<p><img loading=\"lazy\" decoding=\"async\" class=\"alignnone wp-image-37976 size-full\" src=\"https:\/\/lojasosprofessoratividades.com.br\/wp-content\/uploads\/2024\/12\/Como-baixar-1.jpg\" alt=\"\" width=\"446\" height=\"251\" srcset=\"https:\/\/lojasosprofessoratividades.com.br\/wp-content\/uploads\/2024\/12\/Como-baixar-1.jpg 446w, https:\/\/lojasosprofessoratividades.com.br\/wp-content\/uploads\/2024\/12\/Como-baixar-1-300x169.jpg 300w, https:\/\/lojasosprofessoratividades.com.br\/wp-content\/uploads\/2024\/12\/Como-baixar-1-18x10.jpg 18w\" sizes=\"auto, (max-width: 446px) 100vw, 446px\" \/><\/p>","protected":false},"featured_media":23748,"comment_status":"open","ping_status":"closed","template":"","meta":[],"product_brand":[],"product_cat":[127,207],"product_tag":[248,2783,2775,616,279,375,677,2779,1423,1425,927,556,614,1719,245,926,2780,643,2475,2781,2782,733,1416,1424],"class_list":{"0":"post-23603","1":"product","2":"type-product","3":"status-publish","4":"has-post-thumbnail","6":"product_cat-5o-ano","7":"product_cat-historia-5-ano","8":"product_tag-5o-ano","9":"product_tag-aprendizagem-sobre-cidadania","10":"product_tag-atividades-bncc","11":"product_tag-atividades-escolares","12":"product_tag-atividades-interativas","13":"product_tag-bncc","14":"product_tag-cidadania","15":"product_tag-cidadania-5o-ano","16":"product_tag-convivencia","17":"product_tag-direitos-e-deveres","18":"product_tag-diversidade-cultural","19":"product_tag-educacao","20":"product_tag-educacao-inclusiva","21":"product_tag-ensino-de-valores","22":"product_tag-ensino-fundamental","23":"product_tag-inclusao","24":"product_tag-material-educativo-digital","25":"product_tag-material-pedagogico","26":"product_tag-material-pedagogico-5o-ano","27":"product_tag-pdf-colorido","28":"product_tag-pdf-preto-e-branco","29":"product_tag-respeito","30":"product_tag-respeito-as-diferencas","31":"product_tag-valores-sociais","33":"first","34":"instock","35":"downloadable","36":"virtual","37":"sold-individually","38":"purchasable","39":"product-type-simple"},"yoast_head":"<!-- This site is optimized with the Yoast SEO plugin v27.6 - https:\/\/yoast.com\/product\/yoast-seo-wordpress\/ -->\n<title>Cidadania - Loja SOS Professor Atividades<\/title>\n<meta name=\"description\" content=\"Ensine cidadania no 5\u00ba ano com 13 p\u00e1ginas de atividades sobre diversidade cultural, respeito \u00e0s diferen\u00e7as e habilidades da BNCC. PDF colorido e P&amp;B.\" \/>\n<meta name=\"robots\" content=\"index, follow, max-snippet:-1, max-image-preview:large, max-video-preview:-1\" \/>\n<link rel=\"canonical\" href=\"https:\/\/lojasosprofessoratividades.com.br\/en\/product\/cidadania\/\" \/>\n<meta property=\"og:locale\" content=\"en_US\" \/>\n<meta property=\"og:type\" content=\"article\" \/>\n<meta property=\"og:title\" content=\"Cidadania - Loja SOS Professor Atividades\" \/>\n<meta property=\"og:description\" content=\"Ensine cidadania no 5\u00ba ano com 13 p\u00e1ginas de atividades sobre diversidade cultural, respeito \u00e0s diferen\u00e7as e habilidades da BNCC. PDF colorido e P&amp;B.\" \/>\n<meta property=\"og:url\" content=\"https:\/\/lojasosprofessoratividades.com.br\/en\/product\/cidadania\/\" \/>\n<meta property=\"og:site_name\" content=\"Loja SOS Professor Atividades\" \/>\n<meta property=\"article:publisher\" content=\"https:\/\/www.facebook.com\/sosprofessoratividades\" \/>\n<meta property=\"article:modified_time\" content=\"2026-05-08T20:23:45+00:00\" \/>\n<meta property=\"og:image\" content=\"https:\/\/lojasosprofessoratividades.com.br\/wp-content\/uploads\/2022\/05\/Loja-2.jpg\" \/>\n\t<meta property=\"og:image:width\" content=\"800\" \/>\n\t<meta property=\"og:image:height\" content=\"693\" \/>\n\t<meta property=\"og:image:type\" content=\"image\/jpeg\" \/>\n<meta name=\"twitter:card\" content=\"summary_large_image\" \/>\n<meta name=\"twitter:label1\" content=\"Est. reading time\" \/>\n\t<meta name=\"twitter:data1\" content=\"1 minute\" \/>\n<script type=\"application\/ld+json\" class=\"yoast-schema-graph\">{\"@context\":\"https:\\\/\\\/schema.org\",\"@graph\":[{\"@type\":\"WebPage\",\"@id\":\"https:\\\/\\\/lojasosprofessoratividades.com.br\\\/produto\\\/cidadania\\\/\",\"url\":\"https:\\\/\\\/lojasosprofessoratividades.com.br\\\/produto\\\/cidadania\\\/\",\"name\":\"Cidadania - Loja SOS Professor Atividades\",\"isPartOf\":{\"@id\":\"https:\\\/\\\/lojasosprofessoratividades.com.br\\\/#website\"},\"primaryImageOfPage\":{\"@id\":\"https:\\\/\\\/lojasosprofessoratividades.com.br\\\/produto\\\/cidadania\\\/#primaryimage\"},\"image\":{\"@id\":\"https:\\\/\\\/lojasosprofessoratividades.com.br\\\/produto\\\/cidadania\\\/#primaryimage\"},\"thumbnailUrl\":\"https:\\\/\\\/lojasosprofessoratividades.com.br\\\/wp-content\\\/uploads\\\/2022\\\/05\\\/Loja-2.jpg\",\"datePublished\":\"2022-05-09T17:26:40+00:00\",\"dateModified\":\"2026-05-08T20:23:45+00:00\",\"description\":\"Ensine cidadania no 5\u00ba ano com 13 p\u00e1ginas de atividades sobre diversidade cultural, respeito \u00e0s diferen\u00e7as e habilidades da BNCC. PDF colorido e P&B.\",\"breadcrumb\":{\"@id\":\"https:\\\/\\\/lojasosprofessoratividades.com.br\\\/produto\\\/cidadania\\\/#breadcrumb\"},\"inLanguage\":\"en-US\",\"potentialAction\":[{\"@type\":\"ReadAction\",\"target\":[\"https:\\\/\\\/lojasosprofessoratividades.com.br\\\/produto\\\/cidadania\\\/\"]}]},{\"@type\":\"ImageObject\",\"inLanguage\":\"en-US\",\"@id\":\"https:\\\/\\\/lojasosprofessoratividades.com.br\\\/produto\\\/cidadania\\\/#primaryimage\",\"url\":\"https:\\\/\\\/lojasosprofessoratividades.com.br\\\/wp-content\\\/uploads\\\/2022\\\/05\\\/Loja-2.jpg\",\"contentUrl\":\"https:\\\/\\\/lojasosprofessoratividades.com.br\\\/wp-content\\\/uploads\\\/2022\\\/05\\\/Loja-2.jpg\",\"width\":800,\"height\":693,\"caption\":\"Cidadania\"},{\"@type\":\"BreadcrumbList\",\"@id\":\"https:\\\/\\\/lojasosprofessoratividades.com.br\\\/produto\\\/cidadania\\\/#breadcrumb\",\"itemListElement\":[{\"@type\":\"ListItem\",\"position\":1,\"name\":\"In\u00edcio\",\"item\":\"https:\\\/\\\/lojasosprofessoratividades.com.br\\\/\"},{\"@type\":\"ListItem\",\"position\":2,\"name\":\"Loja\",\"item\":\"https:\\\/\\\/lojasosprofessoratividades.com.br\\\/loja\\\/\"},{\"@type\":\"ListItem\",\"position\":3,\"name\":\"Cidadania\"}]},{\"@type\":\"WebSite\",\"@id\":\"https:\\\/\\\/lojasosprofessoratividades.com.br\\\/#website\",\"url\":\"https:\\\/\\\/lojasosprofessoratividades.com.br\\\/\",\"name\":\"Loja SOS Professor Atividades\",\"description\":\"Venda de material did\u00e1tico para o ensino fundamental\",\"publisher\":{\"@id\":\"https:\\\/\\\/lojasosprofessoratividades.com.br\\\/#organization\"},\"potentialAction\":[{\"@type\":\"SearchAction\",\"target\":{\"@type\":\"EntryPoint\",\"urlTemplate\":\"https:\\\/\\\/lojasosprofessoratividades.com.br\\\/?s={search_term_string}\"},\"query-input\":{\"@type\":\"PropertyValueSpecification\",\"valueRequired\":true,\"valueName\":\"search_term_string\"}}],\"inLanguage\":\"en-US\"},{\"@type\":\"Organization\",\"@id\":\"https:\\\/\\\/lojasosprofessoratividades.com.br\\\/#organization\",\"name\":\"Loja SOS Professor Atividades\",\"url\":\"https:\\\/\\\/lojasosprofessoratividades.com.br\\\/\",\"logo\":{\"@type\":\"ImageObject\",\"inLanguage\":\"en-US\",\"@id\":\"https:\\\/\\\/lojasosprofessoratividades.com.br\\\/#\\\/schema\\\/logo\\\/image\\\/\",\"url\":\"http:\\\/\\\/lojasosprofessoratividades.com.br\\\/wp-content\\\/uploads\\\/2022\\\/04\\\/Logo.png\",\"contentUrl\":\"http:\\\/\\\/lojasosprofessoratividades.com.br\\\/wp-content\\\/uploads\\\/2022\\\/04\\\/Logo.png\",\"width\":2000,\"height\":2000,\"caption\":\"Loja SOS Professor Atividades\"},\"image\":{\"@id\":\"https:\\\/\\\/lojasosprofessoratividades.com.br\\\/#\\\/schema\\\/logo\\\/image\\\/\"},\"sameAs\":[\"https:\\\/\\\/www.facebook.com\\\/sosprofessoratividades\",\"https:\\\/\\\/www.instagram.com\\\/sosprofessoratividades\\\/\"]}]}<\/script>\n<!-- \/ Yoast SEO plugin. -->","yoast_head_json":{"title":"Cidadania - Loja SOS Professor Atividades","description":"Ensine cidadania no 5\u00ba ano com 13 p\u00e1ginas de atividades sobre diversidade cultural, respeito \u00e0s diferen\u00e7as e habilidades da BNCC. PDF colorido e P&B.","robots":{"index":"index","follow":"follow","max-snippet":"max-snippet:-1","max-image-preview":"max-image-preview:large","max-video-preview":"max-video-preview:-1"},"canonical":"https:\/\/lojasosprofessoratividades.com.br\/en\/product\/cidadania\/","og_locale":"en_US","og_type":"article","og_title":"Cidadania - Loja SOS Professor Atividades","og_description":"Ensine cidadania no 5\u00ba ano com 13 p\u00e1ginas de atividades sobre diversidade cultural, respeito \u00e0s diferen\u00e7as e habilidades da BNCC. PDF colorido e P&B.","og_url":"https:\/\/lojasosprofessoratividades.com.br\/en\/product\/cidadania\/","og_site_name":"Loja SOS Professor Atividades","article_publisher":"https:\/\/www.facebook.com\/sosprofessoratividades","article_modified_time":"2026-05-08T20:23:45+00:00","og_image":[{"width":800,"height":693,"url":"https:\/\/lojasosprofessoratividades.com.br\/wp-content\/uploads\/2022\/05\/Loja-2.jpg","type":"image\/jpeg"}],"twitter_card":"summary_large_image","twitter_misc":{"Est. reading time":"1 minute"},"schema":{"@context":"https:\/\/schema.org","@graph":[{"@type":"WebPage","@id":"https:\/\/lojasosprofessoratividades.com.br\/produto\/cidadania\/","url":"https:\/\/lojasosprofessoratividades.com.br\/produto\/cidadania\/","name":"Cidadania - Loja SOS Professor Atividades","isPartOf":{"@id":"https:\/\/lojasosprofessoratividades.com.br\/#website"},"primaryImageOfPage":{"@id":"https:\/\/lojasosprofessoratividades.com.br\/produto\/cidadania\/#primaryimage"},"image":{"@id":"https:\/\/lojasosprofessoratividades.com.br\/produto\/cidadania\/#primaryimage"},"thumbnailUrl":"https:\/\/lojasosprofessoratividades.com.br\/wp-content\/uploads\/2022\/05\/Loja-2.jpg","datePublished":"2022-05-09T17:26:40+00:00","dateModified":"2026-05-08T20:23:45+00:00","description":"Ensine cidadania no 5\u00ba ano com 13 p\u00e1ginas de atividades sobre diversidade cultural, respeito \u00e0s diferen\u00e7as e habilidades da BNCC. PDF colorido e P&B.","breadcrumb":{"@id":"https:\/\/lojasosprofessoratividades.com.br\/produto\/cidadania\/#breadcrumb"},"inLanguage":"en-US","potentialAction":[{"@type":"ReadAction","target":["https:\/\/lojasosprofessoratividades.com.br\/produto\/cidadania\/"]}]},{"@type":"ImageObject","inLanguage":"en-US","@id":"https:\/\/lojasosprofessoratividades.com.br\/produto\/cidadania\/#primaryimage","url":"https:\/\/lojasosprofessoratividades.com.br\/wp-content\/uploads\/2022\/05\/Loja-2.jpg","contentUrl":"https:\/\/lojasosprofessoratividades.com.br\/wp-content\/uploads\/2022\/05\/Loja-2.jpg","width":800,"height":693,"caption":"Cidadania"},{"@type":"BreadcrumbList","@id":"https:\/\/lojasosprofessoratividades.com.br\/produto\/cidadania\/#breadcrumb","itemListElement":[{"@type":"ListItem","position":1,"name":"In\u00edcio","item":"https:\/\/lojasosprofessoratividades.com.br\/"},{"@type":"ListItem","position":2,"name":"Loja","item":"https:\/\/lojasosprofessoratividades.com.br\/loja\/"},{"@type":"ListItem","position":3,"name":"Cidadania"}]},{"@type":"WebSite","@id":"https:\/\/lojasosprofessoratividades.com.br\/#website","url":"https:\/\/lojasosprofessoratividades.com.br\/","name":"Loja SOS Professor Atividades","description":"Venda de material did\u00e1tico para o ensino fundamental","publisher":{"@id":"https:\/\/lojasosprofessoratividades.com.br\/#organization"},"potentialAction":[{"@type":"SearchAction","target":{"@type":"EntryPoint","urlTemplate":"https:\/\/lojasosprofessoratividades.com.br\/?s={search_term_string}"},"query-input":{"@type":"PropertyValueSpecification","valueRequired":true,"valueName":"search_term_string"}}],"inLanguage":"en-US"},{"@type":"Organization","@id":"https:\/\/lojasosprofessoratividades.com.br\/#organization","name":"Loja SOS Professor Atividades","url":"https:\/\/lojasosprofessoratividades.com.br\/","logo":{"@type":"ImageObject","inLanguage":"en-US","@id":"https:\/\/lojasosprofessoratividades.com.br\/#\/schema\/logo\/image\/","url":"http:\/\/lojasosprofessoratividades.com.br\/wp-content\/uploads\/2022\/04\/Logo.png","contentUrl":"http:\/\/lojasosprofessoratividades.com.br\/wp-content\/uploads\/2022\/04\/Logo.png","width":2000,"height":2000,"caption":"Loja SOS Professor Atividades"},"image":{"@id":"https:\/\/lojasosprofessoratividades.com.br\/#\/schema\/logo\/image\/"},"sameAs":["https:\/\/www.facebook.com\/sosprofessoratividades","https:\/\/www.instagram.com\/sosprofessoratividades\/"]}]}},"_links":{"self":[{"href":"https:\/\/lojasosprofessoratividades.com.br\/en\/wp-json\/wp\/v2\/product\/23603","targetHints":{"allow":["GET"]}}],"collection":[{"href":"https:\/\/lojasosprofessoratividades.com.br\/en\/wp-json\/wp\/v2\/product"}],"about":[{"href":"https:\/\/lojasosprofessoratividades.com.br\/en\/wp-json\/wp\/v2\/types\/product"}],"replies":[{"embeddable":true,"href":"https:\/\/lojasosprofessoratividades.com.br\/en\/wp-json\/wp\/v2\/comments?post=23603"}],"wp:featuredmedia":[{"embeddable":true,"href":"https:\/\/lojasosprofessoratividades.com.br\/en\/wp-json\/wp\/v2\/media\/23748"}],"wp:attachment":[{"href":"https:\/\/lojasosprofessoratividades.com.br\/en\/wp-json\/wp\/v2\/media?parent=23603"}],"wp:term":[{"taxonomy":"product_brand","embeddable":true,"href":"https:\/\/lojasosprofessoratividades.com.br\/en\/wp-json\/wp\/v2\/product_brand?post=23603"},{"taxonomy":"product_cat","embeddable":true,"href":"https:\/\/lojasosprofessoratividades.com.br\/en\/wp-json\/wp\/v2\/product_cat?post=23603"},{"taxonomy":"product_tag","embeddable":true,"href":"https:\/\/lojasosprofessoratividades.com.br\/en\/wp-json\/wp\/v2\/product_tag?post=23603"}],"curies":[{"name":"wp","href":"https:\/\/api.w.org\/{rel}","templated":true}]}}