{"id":23716,"date":"2025-05-07T07:40:31","date_gmt":"2025-05-07T10:40:31","guid":{"rendered":"http:\/\/lojasosprofessoratividades.com.br\/?post_type=product&#038;p=23716"},"modified":"2026-05-08T15:46:30","modified_gmt":"2026-05-08T18:46:30","slug":"separando-o-lixo","status":"publish","type":"product","link":"https:\/\/lojasosprofessoratividades.com.br\/en\/product\/separando-o-lixo\/","title":{"rendered":"Separando o lixo &#8211; Meio Ambiente"},"content":{"rendered":"","protected":false},"excerpt":{"rendered":"<p>Separando o lixo &#8211; Meio Ambiente<\/p>\n<p>Arquivo digital <em><strong>n\u00e3o<\/strong><\/em> edit\u00e1vel, nas vers\u00f5es colorida e em preto e branco.<\/p>\n<p>Alinhado \u00e0 BNCC.<\/p>\n<p>S\u00e3o 13 folhas sendo: 2 capas; 1 com as habilidades da BNCC e as demais de atividades.<\/p>\n<p>O material apresenta:<\/p>\n<ul>\n<li>Interpreta\u00e7\u00e3o de tirinha;<\/li>\n<li>Interpreta\u00e7\u00e3o de charge;<\/li>\n<li>atividade interativa &#8211; lixo seco e lixo org\u00e2nico.<\/li>\n<\/ul>\n<p>Pode ser utilizado em turmas do 3\u00ba ao 5\u00ba ano.<\/p>\n<h3>N\u00e3o enviamos por e-mail, a entrega \u00e9 via link para download. \ud83d\udc47<\/h3>\n<p><img loading=\"lazy\" decoding=\"async\" class=\"alignnone wp-image-34064 size-full\" src=\"https:\/\/lojasosprofessoratividades.com.br\/wp-content\/uploads\/2023\/08\/Aviso-Loja-atual.jpg\" alt=\"\" width=\"446\" height=\"251\" srcset=\"https:\/\/lojasosprofessoratividades.com.br\/wp-content\/uploads\/2023\/08\/Aviso-Loja-atual.jpg 446w, https:\/\/lojasosprofessoratividades.com.br\/wp-content\/uploads\/2023\/08\/Aviso-Loja-atual-300x169.jpg 300w, https:\/\/lojasosprofessoratividades.com.br\/wp-content\/uploads\/2023\/08\/Aviso-Loja-atual-18x10.jpg 18w\" sizes=\"auto, (max-width: 446px) 100vw, 446px\" \/><\/p>","protected":false},"featured_media":23740,"comment_status":"open","ping_status":"closed","template":"","meta":[],"product_brand":[],"product_cat":[124,125,127,187,191,199,214,216,218,208,193,186],"product_tag":[333,1598,1599,1551,1609,1592,1210,1606,1605,1608,1607,643,1206,1326,1601,234,1604],"class_list":{"0":"post-23716","1":"product","2":"type-product","3":"status-publish","4":"has-post-thumbnail","6":"product_cat-3o-ano","7":"product_cat-4o-ano","8":"product_cat-5o-ano","9":"product_cat-atividades-interativas-3-ano","10":"product_cat-atividades-interativas-4-ano","11":"product_cat-atividades-interativas-5-anos","12":"product_cat-data-comemorativa-3-ano","13":"product_cat-data-comemorativa-4-ano","14":"product_cat-data-comemorativa-5-ano","15":"product_cat-geografia-5-ano","16":"product_cat-geografia-4-ano","17":"product_cat-geografia-3-ano","18":"product_tag-atividade-interativa","19":"product_tag-atividades-3o-ano","20":"product_tag-atividades-4o-ano","21":"product_tag-atividades-5o-ano","22":"product_tag-atividades-sustentaveis","23":"product_tag-bncc-ciencias","24":"product_tag-educacao-ambiental","25":"product_tag-interpretacao-de-charge","26":"product_tag-interpretacao-de-tirinha","27":"product_tag-lixo-organico","28":"product_tag-lixo-seco","29":"product_tag-material-pedagogico","30":"product_tag-meio-ambiente","31":"product_tag-pdf-educativo","32":"product_tag-reciclagem","33":"product_tag-recursos-didaticos","34":"product_tag-separacao-do-lixo","36":"first","37":"instock","38":"downloadable","39":"virtual","40":"sold-individually","41":"purchasable","42":"product-type-simple"},"yoast_head":"<!-- This site is optimized with the Yoast SEO plugin v27.5 - https:\/\/yoast.com\/product\/yoast-seo-wordpress\/ -->\n<title>Separando o lixo - Meio Ambiente - Loja SOS Professor Atividades<\/title>\n<meta name=\"description\" content=\"Atividades sobre separa\u00e7\u00e3o do lixo para 3\u00ba ao 5\u00ba ano com tirinha, charge, intera\u00e7\u00e3o e BNCC. PDF n\u00e3o edit\u00e1vel, colorido e em preto e branco.\" \/>\n<meta name=\"robots\" content=\"index, follow, max-snippet:-1, max-image-preview:large, max-video-preview:-1\" \/>\n<link rel=\"canonical\" href=\"https:\/\/lojasosprofessoratividades.com.br\/en\/product\/separando-o-lixo\/\" \/>\n<meta property=\"og:locale\" content=\"en_US\" \/>\n<meta property=\"og:type\" content=\"article\" \/>\n<meta property=\"og:title\" content=\"Separando o lixo - Meio Ambiente - Loja SOS Professor Atividades\" \/>\n<meta property=\"og:description\" content=\"Atividades sobre separa\u00e7\u00e3o do lixo para 3\u00ba ao 5\u00ba ano com tirinha, charge, intera\u00e7\u00e3o e BNCC. PDF n\u00e3o edit\u00e1vel, colorido e em preto e branco.\" \/>\n<meta property=\"og:url\" content=\"https:\/\/lojasosprofessoratividades.com.br\/en\/product\/separando-o-lixo\/\" \/>\n<meta property=\"og:site_name\" content=\"Loja SOS Professor Atividades\" \/>\n<meta property=\"article:publisher\" content=\"https:\/\/www.facebook.com\/sosprofessoratividades\" \/>\n<meta property=\"article:modified_time\" content=\"2026-05-08T18:46:30+00:00\" \/>\n<meta property=\"og:image\" content=\"https:\/\/lojasosprofessoratividades.com.br\/wp-content\/uploads\/2022\/05\/Loja-1.jpg\" \/>\n\t<meta property=\"og:image:width\" content=\"800\" \/>\n\t<meta property=\"og:image:height\" content=\"693\" \/>\n\t<meta property=\"og:image:type\" content=\"image\/jpeg\" \/>\n<meta name=\"twitter:card\" content=\"summary_large_image\" \/>\n<meta name=\"twitter:label1\" content=\"Est. reading time\" \/>\n\t<meta name=\"twitter:data1\" content=\"1 minute\" \/>\n<script type=\"application\/ld+json\" class=\"yoast-schema-graph\">{\"@context\":\"https:\\\/\\\/schema.org\",\"@graph\":[{\"@type\":\"WebPage\",\"@id\":\"https:\\\/\\\/lojasosprofessoratividades.com.br\\\/produto\\\/separando-o-lixo\\\/\",\"url\":\"https:\\\/\\\/lojasosprofessoratividades.com.br\\\/produto\\\/separando-o-lixo\\\/\",\"name\":\"Separando o lixo - Meio Ambiente - Loja SOS Professor Atividades\",\"isPartOf\":{\"@id\":\"https:\\\/\\\/lojasosprofessoratividades.com.br\\\/#website\"},\"primaryImageOfPage\":{\"@id\":\"https:\\\/\\\/lojasosprofessoratividades.com.br\\\/produto\\\/separando-o-lixo\\\/#primaryimage\"},\"image\":{\"@id\":\"https:\\\/\\\/lojasosprofessoratividades.com.br\\\/produto\\\/separando-o-lixo\\\/#primaryimage\"},\"thumbnailUrl\":\"https:\\\/\\\/lojasosprofessoratividades.com.br\\\/wp-content\\\/uploads\\\/2022\\\/05\\\/Loja-1.jpg\",\"datePublished\":\"2025-05-07T10:40:31+00:00\",\"dateModified\":\"2026-05-08T18:46:30+00:00\",\"description\":\"Atividades sobre separa\u00e7\u00e3o do lixo para 3\u00ba ao 5\u00ba ano com tirinha, charge, intera\u00e7\u00e3o e BNCC. PDF n\u00e3o edit\u00e1vel, colorido e em preto e branco.\",\"breadcrumb\":{\"@id\":\"https:\\\/\\\/lojasosprofessoratividades.com.br\\\/produto\\\/separando-o-lixo\\\/#breadcrumb\"},\"inLanguage\":\"en-US\",\"potentialAction\":[{\"@type\":\"ReadAction\",\"target\":[\"https:\\\/\\\/lojasosprofessoratividades.com.br\\\/produto\\\/separando-o-lixo\\\/\"]}]},{\"@type\":\"ImageObject\",\"inLanguage\":\"en-US\",\"@id\":\"https:\\\/\\\/lojasosprofessoratividades.com.br\\\/produto\\\/separando-o-lixo\\\/#primaryimage\",\"url\":\"https:\\\/\\\/lojasosprofessoratividades.com.br\\\/wp-content\\\/uploads\\\/2022\\\/05\\\/Loja-1.jpg\",\"contentUrl\":\"https:\\\/\\\/lojasosprofessoratividades.com.br\\\/wp-content\\\/uploads\\\/2022\\\/05\\\/Loja-1.jpg\",\"width\":800,\"height\":693},{\"@type\":\"BreadcrumbList\",\"@id\":\"https:\\\/\\\/lojasosprofessoratividades.com.br\\\/produto\\\/separando-o-lixo\\\/#breadcrumb\",\"itemListElement\":[{\"@type\":\"ListItem\",\"position\":1,\"name\":\"In\u00edcio\",\"item\":\"https:\\\/\\\/lojasosprofessoratividades.com.br\\\/\"},{\"@type\":\"ListItem\",\"position\":2,\"name\":\"Loja\",\"item\":\"https:\\\/\\\/lojasosprofessoratividades.com.br\\\/loja\\\/\"},{\"@type\":\"ListItem\",\"position\":3,\"name\":\"Separando o lixo &#8211; Meio Ambiente\"}]},{\"@type\":\"WebSite\",\"@id\":\"https:\\\/\\\/lojasosprofessoratividades.com.br\\\/#website\",\"url\":\"https:\\\/\\\/lojasosprofessoratividades.com.br\\\/\",\"name\":\"Loja SOS Professor Atividades\",\"description\":\"Venda de material did\u00e1tico para o ensino fundamental\",\"publisher\":{\"@id\":\"https:\\\/\\\/lojasosprofessoratividades.com.br\\\/#organization\"},\"potentialAction\":[{\"@type\":\"SearchAction\",\"target\":{\"@type\":\"EntryPoint\",\"urlTemplate\":\"https:\\\/\\\/lojasosprofessoratividades.com.br\\\/?s={search_term_string}\"},\"query-input\":{\"@type\":\"PropertyValueSpecification\",\"valueRequired\":true,\"valueName\":\"search_term_string\"}}],\"inLanguage\":\"en-US\"},{\"@type\":\"Organization\",\"@id\":\"https:\\\/\\\/lojasosprofessoratividades.com.br\\\/#organization\",\"name\":\"Loja SOS Professor Atividades\",\"url\":\"https:\\\/\\\/lojasosprofessoratividades.com.br\\\/\",\"logo\":{\"@type\":\"ImageObject\",\"inLanguage\":\"en-US\",\"@id\":\"https:\\\/\\\/lojasosprofessoratividades.com.br\\\/#\\\/schema\\\/logo\\\/image\\\/\",\"url\":\"http:\\\/\\\/lojasosprofessoratividades.com.br\\\/wp-content\\\/uploads\\\/2022\\\/04\\\/Logo.png\",\"contentUrl\":\"http:\\\/\\\/lojasosprofessoratividades.com.br\\\/wp-content\\\/uploads\\\/2022\\\/04\\\/Logo.png\",\"width\":2000,\"height\":2000,\"caption\":\"Loja SOS Professor Atividades\"},\"image\":{\"@id\":\"https:\\\/\\\/lojasosprofessoratividades.com.br\\\/#\\\/schema\\\/logo\\\/image\\\/\"},\"sameAs\":[\"https:\\\/\\\/www.facebook.com\\\/sosprofessoratividades\",\"https:\\\/\\\/www.instagram.com\\\/sosprofessoratividades\\\/\"]}]}<\/script>\n<!-- \/ Yoast SEO plugin. -->","yoast_head_json":{"title":"Separando o lixo - Meio Ambiente - Loja SOS Professor Atividades","description":"Atividades sobre separa\u00e7\u00e3o do lixo para 3\u00ba ao 5\u00ba ano com tirinha, charge, intera\u00e7\u00e3o e BNCC. PDF n\u00e3o edit\u00e1vel, colorido e em preto e branco.","robots":{"index":"index","follow":"follow","max-snippet":"max-snippet:-1","max-image-preview":"max-image-preview:large","max-video-preview":"max-video-preview:-1"},"canonical":"https:\/\/lojasosprofessoratividades.com.br\/en\/product\/separando-o-lixo\/","og_locale":"en_US","og_type":"article","og_title":"Separando o lixo - Meio Ambiente - Loja SOS Professor Atividades","og_description":"Atividades sobre separa\u00e7\u00e3o do lixo para 3\u00ba ao 5\u00ba ano com tirinha, charge, intera\u00e7\u00e3o e BNCC. PDF n\u00e3o edit\u00e1vel, colorido e em preto e branco.","og_url":"https:\/\/lojasosprofessoratividades.com.br\/en\/product\/separando-o-lixo\/","og_site_name":"Loja SOS Professor Atividades","article_publisher":"https:\/\/www.facebook.com\/sosprofessoratividades","article_modified_time":"2026-05-08T18:46:30+00:00","og_image":[{"width":800,"height":693,"url":"https:\/\/lojasosprofessoratividades.com.br\/wp-content\/uploads\/2022\/05\/Loja-1.jpg","type":"image\/jpeg"}],"twitter_card":"summary_large_image","twitter_misc":{"Est. reading time":"1 minute"},"schema":{"@context":"https:\/\/schema.org","@graph":[{"@type":"WebPage","@id":"https:\/\/lojasosprofessoratividades.com.br\/produto\/separando-o-lixo\/","url":"https:\/\/lojasosprofessoratividades.com.br\/produto\/separando-o-lixo\/","name":"Separando o lixo - Meio Ambiente - Loja SOS Professor Atividades","isPartOf":{"@id":"https:\/\/lojasosprofessoratividades.com.br\/#website"},"primaryImageOfPage":{"@id":"https:\/\/lojasosprofessoratividades.com.br\/produto\/separando-o-lixo\/#primaryimage"},"image":{"@id":"https:\/\/lojasosprofessoratividades.com.br\/produto\/separando-o-lixo\/#primaryimage"},"thumbnailUrl":"https:\/\/lojasosprofessoratividades.com.br\/wp-content\/uploads\/2022\/05\/Loja-1.jpg","datePublished":"2025-05-07T10:40:31+00:00","dateModified":"2026-05-08T18:46:30+00:00","description":"Atividades sobre separa\u00e7\u00e3o do lixo para 3\u00ba ao 5\u00ba ano com tirinha, charge, intera\u00e7\u00e3o e BNCC. PDF n\u00e3o edit\u00e1vel, colorido e em preto e branco.","breadcrumb":{"@id":"https:\/\/lojasosprofessoratividades.com.br\/produto\/separando-o-lixo\/#breadcrumb"},"inLanguage":"en-US","potentialAction":[{"@type":"ReadAction","target":["https:\/\/lojasosprofessoratividades.com.br\/produto\/separando-o-lixo\/"]}]},{"@type":"ImageObject","inLanguage":"en-US","@id":"https:\/\/lojasosprofessoratividades.com.br\/produto\/separando-o-lixo\/#primaryimage","url":"https:\/\/lojasosprofessoratividades.com.br\/wp-content\/uploads\/2022\/05\/Loja-1.jpg","contentUrl":"https:\/\/lojasosprofessoratividades.com.br\/wp-content\/uploads\/2022\/05\/Loja-1.jpg","width":800,"height":693},{"@type":"BreadcrumbList","@id":"https:\/\/lojasosprofessoratividades.com.br\/produto\/separando-o-lixo\/#breadcrumb","itemListElement":[{"@type":"ListItem","position":1,"name":"In\u00edcio","item":"https:\/\/lojasosprofessoratividades.com.br\/"},{"@type":"ListItem","position":2,"name":"Loja","item":"https:\/\/lojasosprofessoratividades.com.br\/loja\/"},{"@type":"ListItem","position":3,"name":"Separando o lixo &#8211; Meio Ambiente"}]},{"@type":"WebSite","@id":"https:\/\/lojasosprofessoratividades.com.br\/#website","url":"https:\/\/lojasosprofessoratividades.com.br\/","name":"Loja SOS Professor Atividades","description":"Venda de material did\u00e1tico para o ensino fundamental","publisher":{"@id":"https:\/\/lojasosprofessoratividades.com.br\/#organization"},"potentialAction":[{"@type":"SearchAction","target":{"@type":"EntryPoint","urlTemplate":"https:\/\/lojasosprofessoratividades.com.br\/?s={search_term_string}"},"query-input":{"@type":"PropertyValueSpecification","valueRequired":true,"valueName":"search_term_string"}}],"inLanguage":"en-US"},{"@type":"Organization","@id":"https:\/\/lojasosprofessoratividades.com.br\/#organization","name":"Loja SOS Professor Atividades","url":"https:\/\/lojasosprofessoratividades.com.br\/","logo":{"@type":"ImageObject","inLanguage":"en-US","@id":"https:\/\/lojasosprofessoratividades.com.br\/#\/schema\/logo\/image\/","url":"http:\/\/lojasosprofessoratividades.com.br\/wp-content\/uploads\/2022\/04\/Logo.png","contentUrl":"http:\/\/lojasosprofessoratividades.com.br\/wp-content\/uploads\/2022\/04\/Logo.png","width":2000,"height":2000,"caption":"Loja SOS Professor Atividades"},"image":{"@id":"https:\/\/lojasosprofessoratividades.com.br\/#\/schema\/logo\/image\/"},"sameAs":["https:\/\/www.facebook.com\/sosprofessoratividades","https:\/\/www.instagram.com\/sosprofessoratividades\/"]}]}},"_links":{"self":[{"href":"https:\/\/lojasosprofessoratividades.com.br\/en\/wp-json\/wp\/v2\/product\/23716","targetHints":{"allow":["GET"]}}],"collection":[{"href":"https:\/\/lojasosprofessoratividades.com.br\/en\/wp-json\/wp\/v2\/product"}],"about":[{"href":"https:\/\/lojasosprofessoratividades.com.br\/en\/wp-json\/wp\/v2\/types\/product"}],"replies":[{"embeddable":true,"href":"https:\/\/lojasosprofessoratividades.com.br\/en\/wp-json\/wp\/v2\/comments?post=23716"}],"wp:featuredmedia":[{"embeddable":true,"href":"https:\/\/lojasosprofessoratividades.com.br\/en\/wp-json\/wp\/v2\/media\/23740"}],"wp:attachment":[{"href":"https:\/\/lojasosprofessoratividades.com.br\/en\/wp-json\/wp\/v2\/media?parent=23716"}],"wp:term":[{"taxonomy":"product_brand","embeddable":true,"href":"https:\/\/lojasosprofessoratividades.com.br\/en\/wp-json\/wp\/v2\/product_brand?post=23716"},{"taxonomy":"product_cat","embeddable":true,"href":"https:\/\/lojasosprofessoratividades.com.br\/en\/wp-json\/wp\/v2\/product_cat?post=23716"},{"taxonomy":"product_tag","embeddable":true,"href":"https:\/\/lojasosprofessoratividades.com.br\/en\/wp-json\/wp\/v2\/product_tag?post=23716"}],"curies":[{"name":"wp","href":"https:\/\/api.w.org\/{rel}","templated":true}]}}