{"id":23722,"date":"2022-05-21T19:40:57","date_gmt":"2022-05-21T22:40:57","guid":{"rendered":"http:\/\/lojasosprofessoratividades.com.br\/?post_type=product&#038;p=23722"},"modified":"2026-05-08T17:25:06","modified_gmt":"2026-05-08T20:25:06","slug":"alimentacao-saudavel","status":"publish","type":"product","link":"https:\/\/lojasosprofessoratividades.com.br\/en\/product\/alimentacao-saudavel\/","title":{"rendered":"Alimenta\u00e7\u00e3o Saud\u00e1vel"},"content":{"rendered":"","protected":false},"excerpt":{"rendered":"<p data-start=\"88\" data-end=\"361\">Transforme suas aulas sobre alimenta\u00e7\u00e3o saud\u00e1vel com este <strong data-start=\"146\" data-end=\"178\">arquivo digital n\u00e3o edit\u00e1vel<\/strong>, dispon\u00edvel em <strong data-start=\"194\" data-end=\"231\">vers\u00f5es colorida e preto e branco<\/strong>. S\u00e3o <strong data-start=\"237\" data-end=\"251\">44 p\u00e1ginas<\/strong> repletas de atividades pr\u00e1ticas e conte\u00fados alinhados \u00e0 <strong data-start=\"308\" data-end=\"316\">BNCC<\/strong>, perfeitas para engajar os alunos do 3\u00ba ano.<\/p>\n<p data-start=\"363\" data-end=\"416\"><strong data-start=\"363\" data-end=\"414\">O que voc\u00ea encontrar\u00e1 neste material educativo:<\/strong><\/p>\n<ul data-start=\"417\" data-end=\"762\">\n<li data-start=\"417\" data-end=\"491\">\n<p data-start=\"419\" data-end=\"491\"><strong data-start=\"419\" data-end=\"441\">Textos educativos:<\/strong> sobre alimentos, vegetais e pir\u00e2mide alimentar.<\/p>\n<\/li>\n<li data-start=\"492\" data-end=\"581\">\n<p data-start=\"494\" data-end=\"581\"><strong data-start=\"494\" data-end=\"519\">Atividade interativa:<\/strong> sanfonas dos alimentos, explorando origem animal e vegetal.<\/p>\n<\/li>\n<li data-start=\"582\" data-end=\"677\">\n<p data-start=\"584\" data-end=\"677\"><strong data-start=\"584\" data-end=\"616\">Imagens e letras para mural:<\/strong> para complementar a aprendizagem e decorar a sala de aula.<\/p>\n<\/li>\n<li data-start=\"678\" data-end=\"762\">\n<p data-start=\"680\" data-end=\"762\"><strong data-start=\"680\" data-end=\"704\">Habilidades da BNCC:<\/strong> j\u00e1 organizadas para facilitar o planejamento das aulas.<\/p>\n<\/li>\n<\/ul>\n<p data-start=\"764\" data-end=\"907\">Proporcione <strong data-start=\"776\" data-end=\"808\">aprendizado l\u00fadico e efetivo<\/strong> sobre alimenta\u00e7\u00e3o saud\u00e1vel, incentivando leitura, escrita e consci\u00eancia sobre h\u00e1bitos alimentares.<\/p>\n<h3>N\u00e3o enviamos por e-mail, a entrega \u00e9 via link para download. \ud83d\udc47<\/h3>\n<p><img loading=\"lazy\" decoding=\"async\" class=\"alignnone wp-image-33408 size-full\" src=\"https:\/\/lojasosprofessoratividades.com.br\/wp-content\/uploads\/2025\/02\/Aviso-Loja.jpg\" alt=\"\" width=\"446\" height=\"251\" srcset=\"https:\/\/lojasosprofessoratividades.com.br\/wp-content\/uploads\/2025\/02\/Aviso-Loja.jpg 446w, https:\/\/lojasosprofessoratividades.com.br\/wp-content\/uploads\/2025\/02\/Aviso-Loja-300x169.jpg 300w, https:\/\/lojasosprofessoratividades.com.br\/wp-content\/uploads\/2025\/02\/Aviso-Loja-18x10.jpg 18w\" sizes=\"auto, (max-width: 446px) 100vw, 446px\" \/><\/p>","protected":false},"featured_media":23733,"comment_status":"open","ping_status":"closed","template":"","meta":[],"product_brand":[],"product_cat":[124,187,190],"product_tag":[274,1385,1308,750,1598,579,279,375,2759,1386,245,540,643,706,1388,1387,2758,1389,2757],"class_list":{"0":"post-23722","1":"product","2":"type-product","3":"status-publish","4":"has-post-thumbnail","6":"product_cat-3o-ano","7":"product_cat-atividades-interativas-3-ano","8":"product_cat-ciencias-3-ano","9":"product_tag-3o-ano","10":"product_tag-alimentacao-saudavel","11":"product_tag-aprendizado-ludico","12":"product_tag-arquivo-digital","13":"product_tag-atividades-3o-ano","14":"product_tag-atividades-educativas","15":"product_tag-atividades-interativas","16":"product_tag-bncc","17":"product_tag-ciencia-para-criancas","18":"product_tag-educacao-nutricional","19":"product_tag-ensino-fundamental","20":"product_tag-material-educativo","21":"product_tag-material-pedagogico","22":"product_tag-mural-educativo","23":"product_tag-origem-dos-alimentos","24":"product_tag-piramide-alimentar","25":"product_tag-portugues-3o-ano","26":"product_tag-saude-e-nutricao","27":"product_tag-vegetais","29":"first","30":"instock","31":"sale","32":"downloadable","33":"virtual","34":"sold-individually","35":"purchasable","36":"product-type-simple"},"yoast_head":"<!-- This site is optimized with the Yoast SEO plugin v27.6 - https:\/\/yoast.com\/product\/yoast-seo-wordpress\/ -->\n<title>Alimenta\u00e7\u00e3o Saud\u00e1vel - Loja SOS Professor Atividades<\/title>\n<meta name=\"description\" content=\"Atividades sobre alimenta\u00e7\u00e3o saud\u00e1vel para o 3\u00ba ano: textos, pir\u00e2mide alimentar, vegetais e origem dos alimentos. Arquivo digital colorido e P&amp;B.\" \/>\n<meta name=\"robots\" content=\"index, follow, max-snippet:-1, max-image-preview:large, max-video-preview:-1\" \/>\n<link rel=\"canonical\" href=\"https:\/\/lojasosprofessoratividades.com.br\/en\/product\/alimentacao-saudavel\/\" \/>\n<meta property=\"og:locale\" content=\"en_US\" \/>\n<meta property=\"og:type\" content=\"article\" \/>\n<meta property=\"og:title\" content=\"Alimenta\u00e7\u00e3o Saud\u00e1vel - Loja SOS Professor Atividades\" \/>\n<meta property=\"og:description\" content=\"Atividades sobre alimenta\u00e7\u00e3o saud\u00e1vel para o 3\u00ba ano: textos, pir\u00e2mide alimentar, vegetais e origem dos alimentos. Arquivo digital colorido e P&amp;B.\" \/>\n<meta property=\"og:url\" content=\"https:\/\/lojasosprofessoratividades.com.br\/en\/product\/alimentacao-saudavel\/\" \/>\n<meta property=\"og:site_name\" content=\"Loja SOS Professor Atividades\" \/>\n<meta property=\"article:publisher\" content=\"https:\/\/www.facebook.com\/sosprofessoratividades\" \/>\n<meta property=\"article:modified_time\" content=\"2026-05-08T20:25:06+00:00\" \/>\n<meta property=\"og:image\" content=\"https:\/\/lojasosprofessoratividades.com.br\/wp-content\/uploads\/2022\/05\/1-11.jpg\" \/>\n\t<meta property=\"og:image:width\" content=\"800\" \/>\n\t<meta property=\"og:image:height\" content=\"693\" \/>\n\t<meta property=\"og:image:type\" content=\"image\/jpeg\" \/>\n<meta name=\"twitter:card\" content=\"summary_large_image\" \/>\n<meta name=\"twitter:label1\" content=\"Est. reading time\" \/>\n\t<meta name=\"twitter:data1\" content=\"1 minute\" \/>\n<script type=\"application\/ld+json\" class=\"yoast-schema-graph\">{\"@context\":\"https:\\\/\\\/schema.org\",\"@graph\":[{\"@type\":\"WebPage\",\"@id\":\"https:\\\/\\\/lojasosprofessoratividades.com.br\\\/produto\\\/alimentacao-saudavel\\\/\",\"url\":\"https:\\\/\\\/lojasosprofessoratividades.com.br\\\/produto\\\/alimentacao-saudavel\\\/\",\"name\":\"Alimenta\u00e7\u00e3o Saud\u00e1vel - Loja SOS Professor Atividades\",\"isPartOf\":{\"@id\":\"https:\\\/\\\/lojasosprofessoratividades.com.br\\\/#website\"},\"primaryImageOfPage\":{\"@id\":\"https:\\\/\\\/lojasosprofessoratividades.com.br\\\/produto\\\/alimentacao-saudavel\\\/#primaryimage\"},\"image\":{\"@id\":\"https:\\\/\\\/lojasosprofessoratividades.com.br\\\/produto\\\/alimentacao-saudavel\\\/#primaryimage\"},\"thumbnailUrl\":\"https:\\\/\\\/lojasosprofessoratividades.com.br\\\/wp-content\\\/uploads\\\/2022\\\/05\\\/1-11.jpg\",\"datePublished\":\"2022-05-21T22:40:57+00:00\",\"dateModified\":\"2026-05-08T20:25:06+00:00\",\"description\":\"Atividades sobre alimenta\u00e7\u00e3o saud\u00e1vel para o 3\u00ba ano: textos, pir\u00e2mide alimentar, vegetais e origem dos alimentos. Arquivo digital colorido e P&B.\",\"breadcrumb\":{\"@id\":\"https:\\\/\\\/lojasosprofessoratividades.com.br\\\/produto\\\/alimentacao-saudavel\\\/#breadcrumb\"},\"inLanguage\":\"en-US\",\"potentialAction\":[{\"@type\":\"ReadAction\",\"target\":[\"https:\\\/\\\/lojasosprofessoratividades.com.br\\\/produto\\\/alimentacao-saudavel\\\/\"]}]},{\"@type\":\"ImageObject\",\"inLanguage\":\"en-US\",\"@id\":\"https:\\\/\\\/lojasosprofessoratividades.com.br\\\/produto\\\/alimentacao-saudavel\\\/#primaryimage\",\"url\":\"https:\\\/\\\/lojasosprofessoratividades.com.br\\\/wp-content\\\/uploads\\\/2022\\\/05\\\/1-11.jpg\",\"contentUrl\":\"https:\\\/\\\/lojasosprofessoratividades.com.br\\\/wp-content\\\/uploads\\\/2022\\\/05\\\/1-11.jpg\",\"width\":800,\"height\":693},{\"@type\":\"BreadcrumbList\",\"@id\":\"https:\\\/\\\/lojasosprofessoratividades.com.br\\\/produto\\\/alimentacao-saudavel\\\/#breadcrumb\",\"itemListElement\":[{\"@type\":\"ListItem\",\"position\":1,\"name\":\"In\u00edcio\",\"item\":\"https:\\\/\\\/lojasosprofessoratividades.com.br\\\/\"},{\"@type\":\"ListItem\",\"position\":2,\"name\":\"Loja\",\"item\":\"https:\\\/\\\/lojasosprofessoratividades.com.br\\\/loja\\\/\"},{\"@type\":\"ListItem\",\"position\":3,\"name\":\"Alimenta\u00e7\u00e3o Saud\u00e1vel\"}]},{\"@type\":\"WebSite\",\"@id\":\"https:\\\/\\\/lojasosprofessoratividades.com.br\\\/#website\",\"url\":\"https:\\\/\\\/lojasosprofessoratividades.com.br\\\/\",\"name\":\"Loja SOS Professor Atividades\",\"description\":\"Venda de material did\u00e1tico para o ensino fundamental\",\"publisher\":{\"@id\":\"https:\\\/\\\/lojasosprofessoratividades.com.br\\\/#organization\"},\"potentialAction\":[{\"@type\":\"SearchAction\",\"target\":{\"@type\":\"EntryPoint\",\"urlTemplate\":\"https:\\\/\\\/lojasosprofessoratividades.com.br\\\/?s={search_term_string}\"},\"query-input\":{\"@type\":\"PropertyValueSpecification\",\"valueRequired\":true,\"valueName\":\"search_term_string\"}}],\"inLanguage\":\"en-US\"},{\"@type\":\"Organization\",\"@id\":\"https:\\\/\\\/lojasosprofessoratividades.com.br\\\/#organization\",\"name\":\"Loja SOS Professor Atividades\",\"url\":\"https:\\\/\\\/lojasosprofessoratividades.com.br\\\/\",\"logo\":{\"@type\":\"ImageObject\",\"inLanguage\":\"en-US\",\"@id\":\"https:\\\/\\\/lojasosprofessoratividades.com.br\\\/#\\\/schema\\\/logo\\\/image\\\/\",\"url\":\"http:\\\/\\\/lojasosprofessoratividades.com.br\\\/wp-content\\\/uploads\\\/2022\\\/04\\\/Logo.png\",\"contentUrl\":\"http:\\\/\\\/lojasosprofessoratividades.com.br\\\/wp-content\\\/uploads\\\/2022\\\/04\\\/Logo.png\",\"width\":2000,\"height\":2000,\"caption\":\"Loja SOS Professor Atividades\"},\"image\":{\"@id\":\"https:\\\/\\\/lojasosprofessoratividades.com.br\\\/#\\\/schema\\\/logo\\\/image\\\/\"},\"sameAs\":[\"https:\\\/\\\/www.facebook.com\\\/sosprofessoratividades\",\"https:\\\/\\\/www.instagram.com\\\/sosprofessoratividades\\\/\"]}]}<\/script>\n<!-- \/ Yoast SEO plugin. -->","yoast_head_json":{"title":"Alimenta\u00e7\u00e3o Saud\u00e1vel - Loja SOS Professor Atividades","description":"Atividades sobre alimenta\u00e7\u00e3o saud\u00e1vel para o 3\u00ba ano: textos, pir\u00e2mide alimentar, vegetais e origem dos alimentos. Arquivo digital colorido e P&B.","robots":{"index":"index","follow":"follow","max-snippet":"max-snippet:-1","max-image-preview":"max-image-preview:large","max-video-preview":"max-video-preview:-1"},"canonical":"https:\/\/lojasosprofessoratividades.com.br\/en\/product\/alimentacao-saudavel\/","og_locale":"en_US","og_type":"article","og_title":"Alimenta\u00e7\u00e3o Saud\u00e1vel - Loja SOS Professor Atividades","og_description":"Atividades sobre alimenta\u00e7\u00e3o saud\u00e1vel para o 3\u00ba ano: textos, pir\u00e2mide alimentar, vegetais e origem dos alimentos. Arquivo digital colorido e P&B.","og_url":"https:\/\/lojasosprofessoratividades.com.br\/en\/product\/alimentacao-saudavel\/","og_site_name":"Loja SOS Professor Atividades","article_publisher":"https:\/\/www.facebook.com\/sosprofessoratividades","article_modified_time":"2026-05-08T20:25:06+00:00","og_image":[{"width":800,"height":693,"url":"https:\/\/lojasosprofessoratividades.com.br\/wp-content\/uploads\/2022\/05\/1-11.jpg","type":"image\/jpeg"}],"twitter_card":"summary_large_image","twitter_misc":{"Est. reading time":"1 minute"},"schema":{"@context":"https:\/\/schema.org","@graph":[{"@type":"WebPage","@id":"https:\/\/lojasosprofessoratividades.com.br\/produto\/alimentacao-saudavel\/","url":"https:\/\/lojasosprofessoratividades.com.br\/produto\/alimentacao-saudavel\/","name":"Alimenta\u00e7\u00e3o Saud\u00e1vel - Loja SOS Professor Atividades","isPartOf":{"@id":"https:\/\/lojasosprofessoratividades.com.br\/#website"},"primaryImageOfPage":{"@id":"https:\/\/lojasosprofessoratividades.com.br\/produto\/alimentacao-saudavel\/#primaryimage"},"image":{"@id":"https:\/\/lojasosprofessoratividades.com.br\/produto\/alimentacao-saudavel\/#primaryimage"},"thumbnailUrl":"https:\/\/lojasosprofessoratividades.com.br\/wp-content\/uploads\/2022\/05\/1-11.jpg","datePublished":"2022-05-21T22:40:57+00:00","dateModified":"2026-05-08T20:25:06+00:00","description":"Atividades sobre alimenta\u00e7\u00e3o saud\u00e1vel para o 3\u00ba ano: textos, pir\u00e2mide alimentar, vegetais e origem dos alimentos. Arquivo digital colorido e P&B.","breadcrumb":{"@id":"https:\/\/lojasosprofessoratividades.com.br\/produto\/alimentacao-saudavel\/#breadcrumb"},"inLanguage":"en-US","potentialAction":[{"@type":"ReadAction","target":["https:\/\/lojasosprofessoratividades.com.br\/produto\/alimentacao-saudavel\/"]}]},{"@type":"ImageObject","inLanguage":"en-US","@id":"https:\/\/lojasosprofessoratividades.com.br\/produto\/alimentacao-saudavel\/#primaryimage","url":"https:\/\/lojasosprofessoratividades.com.br\/wp-content\/uploads\/2022\/05\/1-11.jpg","contentUrl":"https:\/\/lojasosprofessoratividades.com.br\/wp-content\/uploads\/2022\/05\/1-11.jpg","width":800,"height":693},{"@type":"BreadcrumbList","@id":"https:\/\/lojasosprofessoratividades.com.br\/produto\/alimentacao-saudavel\/#breadcrumb","itemListElement":[{"@type":"ListItem","position":1,"name":"In\u00edcio","item":"https:\/\/lojasosprofessoratividades.com.br\/"},{"@type":"ListItem","position":2,"name":"Loja","item":"https:\/\/lojasosprofessoratividades.com.br\/loja\/"},{"@type":"ListItem","position":3,"name":"Alimenta\u00e7\u00e3o Saud\u00e1vel"}]},{"@type":"WebSite","@id":"https:\/\/lojasosprofessoratividades.com.br\/#website","url":"https:\/\/lojasosprofessoratividades.com.br\/","name":"Loja SOS Professor Atividades","description":"Venda de material did\u00e1tico para o ensino fundamental","publisher":{"@id":"https:\/\/lojasosprofessoratividades.com.br\/#organization"},"potentialAction":[{"@type":"SearchAction","target":{"@type":"EntryPoint","urlTemplate":"https:\/\/lojasosprofessoratividades.com.br\/?s={search_term_string}"},"query-input":{"@type":"PropertyValueSpecification","valueRequired":true,"valueName":"search_term_string"}}],"inLanguage":"en-US"},{"@type":"Organization","@id":"https:\/\/lojasosprofessoratividades.com.br\/#organization","name":"Loja SOS Professor Atividades","url":"https:\/\/lojasosprofessoratividades.com.br\/","logo":{"@type":"ImageObject","inLanguage":"en-US","@id":"https:\/\/lojasosprofessoratividades.com.br\/#\/schema\/logo\/image\/","url":"http:\/\/lojasosprofessoratividades.com.br\/wp-content\/uploads\/2022\/04\/Logo.png","contentUrl":"http:\/\/lojasosprofessoratividades.com.br\/wp-content\/uploads\/2022\/04\/Logo.png","width":2000,"height":2000,"caption":"Loja SOS Professor Atividades"},"image":{"@id":"https:\/\/lojasosprofessoratividades.com.br\/#\/schema\/logo\/image\/"},"sameAs":["https:\/\/www.facebook.com\/sosprofessoratividades","https:\/\/www.instagram.com\/sosprofessoratividades\/"]}]}},"_links":{"self":[{"href":"https:\/\/lojasosprofessoratividades.com.br\/en\/wp-json\/wp\/v2\/product\/23722","targetHints":{"allow":["GET"]}}],"collection":[{"href":"https:\/\/lojasosprofessoratividades.com.br\/en\/wp-json\/wp\/v2\/product"}],"about":[{"href":"https:\/\/lojasosprofessoratividades.com.br\/en\/wp-json\/wp\/v2\/types\/product"}],"replies":[{"embeddable":true,"href":"https:\/\/lojasosprofessoratividades.com.br\/en\/wp-json\/wp\/v2\/comments?post=23722"}],"wp:featuredmedia":[{"embeddable":true,"href":"https:\/\/lojasosprofessoratividades.com.br\/en\/wp-json\/wp\/v2\/media\/23733"}],"wp:attachment":[{"href":"https:\/\/lojasosprofessoratividades.com.br\/en\/wp-json\/wp\/v2\/media?parent=23722"}],"wp:term":[{"taxonomy":"product_brand","embeddable":true,"href":"https:\/\/lojasosprofessoratividades.com.br\/en\/wp-json\/wp\/v2\/product_brand?post=23722"},{"taxonomy":"product_cat","embeddable":true,"href":"https:\/\/lojasosprofessoratividades.com.br\/en\/wp-json\/wp\/v2\/product_cat?post=23722"},{"taxonomy":"product_tag","embeddable":true,"href":"https:\/\/lojasosprofessoratividades.com.br\/en\/wp-json\/wp\/v2\/product_tag?post=23722"}],"curies":[{"name":"wp","href":"https:\/\/api.w.org\/{rel}","templated":true}]}}