{"id":23795,"date":"2022-05-22T18:28:12","date_gmt":"2022-05-22T21:28:12","guid":{"rendered":"http:\/\/lojasosprofessoratividades.com.br\/?post_type=product&#038;p=23795"},"modified":"2026-05-08T17:25:45","modified_gmt":"2026-05-08T20:25:45","slug":"material-escolar","status":"publish","type":"product","link":"https:\/\/lojasosprofessoratividades.com.br\/en\/product\/material-escolar\/","title":{"rendered":"Atividades para Educa\u00e7\u00e3o Infantil \u2013 com Sombras, Escrita e Artes"},"content":{"rendered":"","protected":false},"excerpt":{"rendered":"<p data-start=\"560\" data-end=\"857\">Este arquivo foi desenvolvido especialmente para crian\u00e7as pequenas (de <strong data-start=\"631\" data-end=\"661\">4 anos a 5 anos e 11 meses<\/strong>) e est\u00e1 alinhado \u00e0s habilidades da <strong data-start=\"697\" data-end=\"705\">BNCC<\/strong>. \u00c9 um material completo para estimular a linguagem, a percep\u00e7\u00e3o visual, a coordena\u00e7\u00e3o motora e a criatividade por meio de jogos e atividades l\u00fadicas.<\/p>\n<p data-start=\"859\" data-end=\"890\">\u2705 <strong data-start=\"861\" data-end=\"888\">O que voc\u00ea vai receber:<\/strong><\/p>\n<ul data-start=\"891\" data-end=\"1287\">\n<li data-start=\"891\" data-end=\"970\">\n<p data-start=\"893\" data-end=\"970\">16 folhas de atividades em duas vers\u00f5es: <strong data-start=\"934\" data-end=\"946\">colorida<\/strong> e <strong data-start=\"949\" data-end=\"967\">preto e branco<\/strong>;<\/p>\n<\/li>\n<li data-start=\"971\" data-end=\"994\">\n<p data-start=\"973\" data-end=\"994\">2 capas exclusivas;<\/p>\n<\/li>\n<li data-start=\"995\" data-end=\"1061\">\n<p data-start=\"997\" data-end=\"1061\">1 p\u00e1gina com as habilidades da BNCC para orientar o professor;<\/p>\n<\/li>\n<li data-start=\"1062\" data-end=\"1125\">\n<p data-start=\"1064\" data-end=\"1125\">Jogo das sombras para desenvolver a percep\u00e7\u00e3o e associa\u00e7\u00e3o;<\/p>\n<\/li>\n<li data-start=\"1126\" data-end=\"1287\">\n<p data-start=\"1128\" data-end=\"1287\">Atividades de escrita espont\u00e2nea, classifica\u00e7\u00e3o de objetos e figuras, explora\u00e7\u00e3o de formas e texturas, al\u00e9m de propostas que fortalecem a coordena\u00e7\u00e3o motora.<\/p>\n<\/li>\n<\/ul>\n<p data-start=\"1289\" data-end=\"1330\">\ud83c\udfaf <strong data-start=\"1292\" data-end=\"1328\">Habilidades da BNCC trabalhadas:<\/strong><\/p>\n<ul data-start=\"1331\" data-end=\"1671\">\n<li data-start=\"1331\" data-end=\"1410\">\n<p data-start=\"1333\" data-end=\"1410\"><strong data-start=\"1333\" data-end=\"1348\">(EI03ET05):<\/strong> Classificar objetos e figuras por semelhan\u00e7as e diferen\u00e7as;<\/p>\n<\/li>\n<li data-start=\"1411\" data-end=\"1496\">\n<p data-start=\"1413\" data-end=\"1496\"><strong data-start=\"1413\" data-end=\"1428\">(EI03EF09):<\/strong> Levantar hip\u00f3teses sobre a escrita e registrar palavras e textos;<\/p>\n<\/li>\n<li data-start=\"1497\" data-end=\"1583\">\n<p data-start=\"1499\" data-end=\"1583\"><strong data-start=\"1499\" data-end=\"1514\">(EI02TS02):<\/strong> Manipular diferentes materiais explorando cores, formas e volumes;<\/p>\n<\/li>\n<li data-start=\"1584\" data-end=\"1671\">\n<p data-start=\"1586\" data-end=\"1671\"><strong data-start=\"1586\" data-end=\"1601\">(EI03CG05):<\/strong> Coordenar habilidades manuais em diferentes situa\u00e7\u00f5es do cotidiano.<\/p>\n<\/li>\n<\/ul>\n<p data-start=\"1673\" data-end=\"1713\">\ud83d\udc49 <strong data-start=\"1676\" data-end=\"1711\">Por que escolher este material?<\/strong><\/p>\n<ul data-start=\"1714\" data-end=\"1995\">\n<li data-start=\"1714\" data-end=\"1788\">\n<p data-start=\"1716\" data-end=\"1788\">Estimula o desenvolvimento integral da crian\u00e7a com atividades l\u00fadicas;<\/p>\n<\/li>\n<li data-start=\"1789\" data-end=\"1844\">\n<p data-start=\"1791\" data-end=\"1844\">Pode ser usado em sala de aula, refor\u00e7o ou em casa;<\/p>\n<\/li>\n<li data-start=\"1845\" data-end=\"1919\">\n<p data-start=\"1847\" data-end=\"1919\">Auxilia o professor no planejamento pedag\u00f3gico com atividades prontas;<\/p>\n<\/li>\n<li data-start=\"1920\" data-end=\"1995\">\n<p data-start=\"1922\" data-end=\"1995\">Promove aprendizagem significativa por meio da explora\u00e7\u00e3o e do brincar.<\/p>\n<\/li>\n<\/ul>\n<p data-start=\"1997\" data-end=\"2082\">\ud83d\udccc <strong data-start=\"2000\" data-end=\"2021\">Indica\u00e7\u00e3o et\u00e1ria:<\/strong> crian\u00e7as da <strong data-start=\"2034\" data-end=\"2079\">Educa\u00e7\u00e3o Infantil (4 a 5 anos e 11 meses)<\/strong>.<\/p>\n<h3>N\u00e3o enviamos por e-mail, a entrega \u00e9 via link para download.\u00a0<img decoding=\"async\" class=\"emoji\" role=\"img\" draggable=\"false\" src=\"https:\/\/s.w.org\/images\/core\/emoji\/16.0.1\/svg\/1f447.svg\" alt=\"\ud83d\udc47\" \/><\/h3>\n<p>&nbsp;<\/p>\n<p><img loading=\"lazy\" decoding=\"async\" class=\"alignnone wp-image-35707 size-full\" src=\"https:\/\/lojasosprofessoratividades.com.br\/wp-content\/uploads\/2023\/09\/Aviso-Loja-atual.jpg\" alt=\"\" width=\"446\" height=\"251\" srcset=\"https:\/\/lojasosprofessoratividades.com.br\/wp-content\/uploads\/2023\/09\/Aviso-Loja-atual.jpg 446w, https:\/\/lojasosprofessoratividades.com.br\/wp-content\/uploads\/2023\/09\/Aviso-Loja-atual-300x169.jpg 300w, https:\/\/lojasosprofessoratividades.com.br\/wp-content\/uploads\/2023\/09\/Aviso-Loja-atual-18x10.jpg 18w\" sizes=\"auto, (max-width: 446px) 100vw, 446px\" \/><\/p>","protected":false},"featured_media":23813,"comment_status":"open","ping_status":"closed","template":"","meta":[],"product_brand":[],"product_cat":[126,197],"product_tag":[2677,2680,2671,2670,2679,2678,2675,2676,2681,2674,2673,2672],"class_list":{"0":"post-23795","1":"product","2":"type-product","3":"status-publish","4":"has-post-thumbnail","6":"product_cat-educacao-infantil","7":"product_cat-tracos-sons-cor-e-formas","8":"product_tag-artes-educacao-infantil","9":"product_tag-atividades-alfabetizacao-inicial","10":"product_tag-atividades-bncc-educacao-infantil","11":"product_tag-atividades-educacao-infantil","12":"product_tag-atividades-imprimir-educacao-infantil","13":"product_tag-atividades-ludicas-educacao-infantil","14":"product_tag-atividades-para-4-anos","15":"product_tag-atividades-para-5-anos","16":"product_tag-atividades-sombreamento-educacao-infantil","17":"product_tag-coordenacao-motora-fina-infantil","18":"product_tag-escrita-espontanea-educacao-infantil","19":"product_tag-jogo-das-sombras-infantil","21":"first","22":"instock","23":"downloadable","24":"virtual","25":"sold-individually","26":"purchasable","27":"product-type-simple"},"yoast_head":"<!-- This site is optimized with the Yoast SEO plugin v27.6 - https:\/\/yoast.com\/product\/yoast-seo-wordpress\/ -->\n<title>Atividades para Educa\u00e7\u00e3o Infantil \u2013 com Sombras, Escrita e Artes - Loja SOS Professor Atividades<\/title>\n<meta name=\"description\" content=\"Atividades Educa\u00e7\u00e3o Infantil: 16 folhas com sombras, escrita espont\u00e2nea, arte e coordena\u00e7\u00e3o motora. Vers\u00e3o colorida e P&amp;B. Alinhado \u00e0 BNCC.\" \/>\n<meta name=\"robots\" content=\"index, follow, max-snippet:-1, max-image-preview:large, max-video-preview:-1\" \/>\n<link rel=\"canonical\" href=\"https:\/\/lojasosprofessoratividades.com.br\/en\/product\/material-escolar\/\" \/>\n<meta property=\"og:locale\" content=\"en_US\" \/>\n<meta property=\"og:type\" content=\"article\" \/>\n<meta property=\"og:title\" content=\"Atividades para Educa\u00e7\u00e3o Infantil \u2013 com Sombras, Escrita e Artes - Loja SOS Professor Atividades\" \/>\n<meta property=\"og:description\" content=\"Atividades Educa\u00e7\u00e3o Infantil: 16 folhas com sombras, escrita espont\u00e2nea, arte e coordena\u00e7\u00e3o motora. Vers\u00e3o colorida e P&amp;B. Alinhado \u00e0 BNCC.\" \/>\n<meta property=\"og:url\" content=\"https:\/\/lojasosprofessoratividades.com.br\/en\/product\/material-escolar\/\" \/>\n<meta property=\"og:site_name\" content=\"Loja SOS Professor Atividades\" \/>\n<meta property=\"article:publisher\" content=\"https:\/\/www.facebook.com\/sosprofessoratividades\" \/>\n<meta property=\"article:modified_time\" content=\"2026-05-08T20:25:45+00:00\" \/>\n<meta property=\"og:image\" content=\"https:\/\/lojasosprofessoratividades.com.br\/wp-content\/uploads\/2022\/05\/material-escolar-1-1.jpg\" \/>\n\t<meta property=\"og:image:width\" content=\"800\" \/>\n\t<meta property=\"og:image:height\" content=\"693\" \/>\n\t<meta property=\"og:image:type\" content=\"image\/jpeg\" \/>\n<meta name=\"twitter:card\" content=\"summary_large_image\" \/>\n<meta name=\"twitter:label1\" content=\"Est. reading time\" \/>\n\t<meta name=\"twitter:data1\" content=\"1 minute\" \/>\n<script type=\"application\/ld+json\" class=\"yoast-schema-graph\">{\"@context\":\"https:\\\/\\\/schema.org\",\"@graph\":[{\"@type\":\"WebPage\",\"@id\":\"https:\\\/\\\/lojasosprofessoratividades.com.br\\\/produto\\\/material-escolar\\\/\",\"url\":\"https:\\\/\\\/lojasosprofessoratividades.com.br\\\/produto\\\/material-escolar\\\/\",\"name\":\"Atividades para Educa\u00e7\u00e3o Infantil \u2013 com Sombras, Escrita e Artes - Loja SOS Professor Atividades\",\"isPartOf\":{\"@id\":\"https:\\\/\\\/lojasosprofessoratividades.com.br\\\/#website\"},\"primaryImageOfPage\":{\"@id\":\"https:\\\/\\\/lojasosprofessoratividades.com.br\\\/produto\\\/material-escolar\\\/#primaryimage\"},\"image\":{\"@id\":\"https:\\\/\\\/lojasosprofessoratividades.com.br\\\/produto\\\/material-escolar\\\/#primaryimage\"},\"thumbnailUrl\":\"https:\\\/\\\/lojasosprofessoratividades.com.br\\\/wp-content\\\/uploads\\\/2022\\\/05\\\/material-escolar-1-1.jpg\",\"datePublished\":\"2022-05-22T21:28:12+00:00\",\"dateModified\":\"2026-05-08T20:25:45+00:00\",\"description\":\"Atividades Educa\u00e7\u00e3o Infantil: 16 folhas com sombras, escrita espont\u00e2nea, arte e coordena\u00e7\u00e3o motora. Vers\u00e3o colorida e P&B. Alinhado \u00e0 BNCC.\",\"breadcrumb\":{\"@id\":\"https:\\\/\\\/lojasosprofessoratividades.com.br\\\/produto\\\/material-escolar\\\/#breadcrumb\"},\"inLanguage\":\"en-US\",\"potentialAction\":[{\"@type\":\"ReadAction\",\"target\":[\"https:\\\/\\\/lojasosprofessoratividades.com.br\\\/produto\\\/material-escolar\\\/\"]}]},{\"@type\":\"ImageObject\",\"inLanguage\":\"en-US\",\"@id\":\"https:\\\/\\\/lojasosprofessoratividades.com.br\\\/produto\\\/material-escolar\\\/#primaryimage\",\"url\":\"https:\\\/\\\/lojasosprofessoratividades.com.br\\\/wp-content\\\/uploads\\\/2022\\\/05\\\/material-escolar-1-1.jpg\",\"contentUrl\":\"https:\\\/\\\/lojasosprofessoratividades.com.br\\\/wp-content\\\/uploads\\\/2022\\\/05\\\/material-escolar-1-1.jpg\",\"width\":800,\"height\":693,\"caption\":\"material escolar\"},{\"@type\":\"BreadcrumbList\",\"@id\":\"https:\\\/\\\/lojasosprofessoratividades.com.br\\\/produto\\\/material-escolar\\\/#breadcrumb\",\"itemListElement\":[{\"@type\":\"ListItem\",\"position\":1,\"name\":\"In\u00edcio\",\"item\":\"https:\\\/\\\/lojasosprofessoratividades.com.br\\\/\"},{\"@type\":\"ListItem\",\"position\":2,\"name\":\"Loja\",\"item\":\"https:\\\/\\\/lojasosprofessoratividades.com.br\\\/loja\\\/\"},{\"@type\":\"ListItem\",\"position\":3,\"name\":\"Atividades para Educa\u00e7\u00e3o Infantil \u2013 com Sombras, Escrita e Artes\"}]},{\"@type\":\"WebSite\",\"@id\":\"https:\\\/\\\/lojasosprofessoratividades.com.br\\\/#website\",\"url\":\"https:\\\/\\\/lojasosprofessoratividades.com.br\\\/\",\"name\":\"Loja SOS Professor Atividades\",\"description\":\"Venda de material did\u00e1tico para o ensino fundamental\",\"publisher\":{\"@id\":\"https:\\\/\\\/lojasosprofessoratividades.com.br\\\/#organization\"},\"potentialAction\":[{\"@type\":\"SearchAction\",\"target\":{\"@type\":\"EntryPoint\",\"urlTemplate\":\"https:\\\/\\\/lojasosprofessoratividades.com.br\\\/?s={search_term_string}\"},\"query-input\":{\"@type\":\"PropertyValueSpecification\",\"valueRequired\":true,\"valueName\":\"search_term_string\"}}],\"inLanguage\":\"en-US\"},{\"@type\":\"Organization\",\"@id\":\"https:\\\/\\\/lojasosprofessoratividades.com.br\\\/#organization\",\"name\":\"Loja SOS Professor Atividades\",\"url\":\"https:\\\/\\\/lojasosprofessoratividades.com.br\\\/\",\"logo\":{\"@type\":\"ImageObject\",\"inLanguage\":\"en-US\",\"@id\":\"https:\\\/\\\/lojasosprofessoratividades.com.br\\\/#\\\/schema\\\/logo\\\/image\\\/\",\"url\":\"http:\\\/\\\/lojasosprofessoratividades.com.br\\\/wp-content\\\/uploads\\\/2022\\\/04\\\/Logo.png\",\"contentUrl\":\"http:\\\/\\\/lojasosprofessoratividades.com.br\\\/wp-content\\\/uploads\\\/2022\\\/04\\\/Logo.png\",\"width\":2000,\"height\":2000,\"caption\":\"Loja SOS Professor Atividades\"},\"image\":{\"@id\":\"https:\\\/\\\/lojasosprofessoratividades.com.br\\\/#\\\/schema\\\/logo\\\/image\\\/\"},\"sameAs\":[\"https:\\\/\\\/www.facebook.com\\\/sosprofessoratividades\",\"https:\\\/\\\/www.instagram.com\\\/sosprofessoratividades\\\/\"]}]}<\/script>\n<!-- \/ Yoast SEO plugin. -->","yoast_head_json":{"title":"Atividades para Educa\u00e7\u00e3o Infantil \u2013 com Sombras, Escrita e Artes - Loja SOS Professor Atividades","description":"Atividades Educa\u00e7\u00e3o Infantil: 16 folhas com sombras, escrita espont\u00e2nea, arte e coordena\u00e7\u00e3o motora. Vers\u00e3o colorida e P&B. Alinhado \u00e0 BNCC.","robots":{"index":"index","follow":"follow","max-snippet":"max-snippet:-1","max-image-preview":"max-image-preview:large","max-video-preview":"max-video-preview:-1"},"canonical":"https:\/\/lojasosprofessoratividades.com.br\/en\/product\/material-escolar\/","og_locale":"en_US","og_type":"article","og_title":"Atividades para Educa\u00e7\u00e3o Infantil \u2013 com Sombras, Escrita e Artes - Loja SOS Professor Atividades","og_description":"Atividades Educa\u00e7\u00e3o Infantil: 16 folhas com sombras, escrita espont\u00e2nea, arte e coordena\u00e7\u00e3o motora. Vers\u00e3o colorida e P&B. Alinhado \u00e0 BNCC.","og_url":"https:\/\/lojasosprofessoratividades.com.br\/en\/product\/material-escolar\/","og_site_name":"Loja SOS Professor Atividades","article_publisher":"https:\/\/www.facebook.com\/sosprofessoratividades","article_modified_time":"2026-05-08T20:25:45+00:00","og_image":[{"width":800,"height":693,"url":"https:\/\/lojasosprofessoratividades.com.br\/wp-content\/uploads\/2022\/05\/material-escolar-1-1.jpg","type":"image\/jpeg"}],"twitter_card":"summary_large_image","twitter_misc":{"Est. reading time":"1 minute"},"schema":{"@context":"https:\/\/schema.org","@graph":[{"@type":"WebPage","@id":"https:\/\/lojasosprofessoratividades.com.br\/produto\/material-escolar\/","url":"https:\/\/lojasosprofessoratividades.com.br\/produto\/material-escolar\/","name":"Atividades para Educa\u00e7\u00e3o Infantil \u2013 com Sombras, Escrita e Artes - Loja SOS Professor Atividades","isPartOf":{"@id":"https:\/\/lojasosprofessoratividades.com.br\/#website"},"primaryImageOfPage":{"@id":"https:\/\/lojasosprofessoratividades.com.br\/produto\/material-escolar\/#primaryimage"},"image":{"@id":"https:\/\/lojasosprofessoratividades.com.br\/produto\/material-escolar\/#primaryimage"},"thumbnailUrl":"https:\/\/lojasosprofessoratividades.com.br\/wp-content\/uploads\/2022\/05\/material-escolar-1-1.jpg","datePublished":"2022-05-22T21:28:12+00:00","dateModified":"2026-05-08T20:25:45+00:00","description":"Atividades Educa\u00e7\u00e3o Infantil: 16 folhas com sombras, escrita espont\u00e2nea, arte e coordena\u00e7\u00e3o motora. Vers\u00e3o colorida e P&B. Alinhado \u00e0 BNCC.","breadcrumb":{"@id":"https:\/\/lojasosprofessoratividades.com.br\/produto\/material-escolar\/#breadcrumb"},"inLanguage":"en-US","potentialAction":[{"@type":"ReadAction","target":["https:\/\/lojasosprofessoratividades.com.br\/produto\/material-escolar\/"]}]},{"@type":"ImageObject","inLanguage":"en-US","@id":"https:\/\/lojasosprofessoratividades.com.br\/produto\/material-escolar\/#primaryimage","url":"https:\/\/lojasosprofessoratividades.com.br\/wp-content\/uploads\/2022\/05\/material-escolar-1-1.jpg","contentUrl":"https:\/\/lojasosprofessoratividades.com.br\/wp-content\/uploads\/2022\/05\/material-escolar-1-1.jpg","width":800,"height":693,"caption":"material escolar"},{"@type":"BreadcrumbList","@id":"https:\/\/lojasosprofessoratividades.com.br\/produto\/material-escolar\/#breadcrumb","itemListElement":[{"@type":"ListItem","position":1,"name":"In\u00edcio","item":"https:\/\/lojasosprofessoratividades.com.br\/"},{"@type":"ListItem","position":2,"name":"Loja","item":"https:\/\/lojasosprofessoratividades.com.br\/loja\/"},{"@type":"ListItem","position":3,"name":"Atividades para Educa\u00e7\u00e3o Infantil \u2013 com Sombras, Escrita e Artes"}]},{"@type":"WebSite","@id":"https:\/\/lojasosprofessoratividades.com.br\/#website","url":"https:\/\/lojasosprofessoratividades.com.br\/","name":"Loja SOS Professor Atividades","description":"Venda de material did\u00e1tico para o ensino fundamental","publisher":{"@id":"https:\/\/lojasosprofessoratividades.com.br\/#organization"},"potentialAction":[{"@type":"SearchAction","target":{"@type":"EntryPoint","urlTemplate":"https:\/\/lojasosprofessoratividades.com.br\/?s={search_term_string}"},"query-input":{"@type":"PropertyValueSpecification","valueRequired":true,"valueName":"search_term_string"}}],"inLanguage":"en-US"},{"@type":"Organization","@id":"https:\/\/lojasosprofessoratividades.com.br\/#organization","name":"Loja SOS Professor Atividades","url":"https:\/\/lojasosprofessoratividades.com.br\/","logo":{"@type":"ImageObject","inLanguage":"en-US","@id":"https:\/\/lojasosprofessoratividades.com.br\/#\/schema\/logo\/image\/","url":"http:\/\/lojasosprofessoratividades.com.br\/wp-content\/uploads\/2022\/04\/Logo.png","contentUrl":"http:\/\/lojasosprofessoratividades.com.br\/wp-content\/uploads\/2022\/04\/Logo.png","width":2000,"height":2000,"caption":"Loja SOS Professor Atividades"},"image":{"@id":"https:\/\/lojasosprofessoratividades.com.br\/#\/schema\/logo\/image\/"},"sameAs":["https:\/\/www.facebook.com\/sosprofessoratividades","https:\/\/www.instagram.com\/sosprofessoratividades\/"]}]}},"_links":{"self":[{"href":"https:\/\/lojasosprofessoratividades.com.br\/en\/wp-json\/wp\/v2\/product\/23795","targetHints":{"allow":["GET"]}}],"collection":[{"href":"https:\/\/lojasosprofessoratividades.com.br\/en\/wp-json\/wp\/v2\/product"}],"about":[{"href":"https:\/\/lojasosprofessoratividades.com.br\/en\/wp-json\/wp\/v2\/types\/product"}],"replies":[{"embeddable":true,"href":"https:\/\/lojasosprofessoratividades.com.br\/en\/wp-json\/wp\/v2\/comments?post=23795"}],"wp:featuredmedia":[{"embeddable":true,"href":"https:\/\/lojasosprofessoratividades.com.br\/en\/wp-json\/wp\/v2\/media\/23813"}],"wp:attachment":[{"href":"https:\/\/lojasosprofessoratividades.com.br\/en\/wp-json\/wp\/v2\/media?parent=23795"}],"wp:term":[{"taxonomy":"product_brand","embeddable":true,"href":"https:\/\/lojasosprofessoratividades.com.br\/en\/wp-json\/wp\/v2\/product_brand?post=23795"},{"taxonomy":"product_cat","embeddable":true,"href":"https:\/\/lojasosprofessoratividades.com.br\/en\/wp-json\/wp\/v2\/product_cat?post=23795"},{"taxonomy":"product_tag","embeddable":true,"href":"https:\/\/lojasosprofessoratividades.com.br\/en\/wp-json\/wp\/v2\/product_tag?post=23795"}],"curies":[{"name":"wp","href":"https:\/\/api.w.org\/{rel}","templated":true}]}}