{"id":23938,"date":"2022-06-19T16:59:38","date_gmt":"2022-06-19T19:59:38","guid":{"rendered":"http:\/\/lojasosprofessoratividades.com.br\/?post_type=product&#038;p=23938"},"modified":"2026-05-08T17:26:35","modified_gmt":"2026-05-08T20:26:35","slug":"cartazes-de-substantivos","status":"publish","type":"product","link":"https:\/\/lojasosprofessoratividades.com.br\/en\/product\/cartazes-de-substantivos\/","title":{"rendered":"Cartazes de Substantivos"},"content":{"rendered":"","protected":false},"excerpt":{"rendered":"<p data-start=\"258\" data-end=\"493\">Transforme suas aulas de <strong data-start=\"283\" data-end=\"317\">Gram\u00e1tica da L\u00edngua Portuguesa<\/strong> com este <strong data-start=\"327\" data-end=\"359\">arquivo digital n\u00e3o edit\u00e1vel<\/strong>, contendo <strong data-start=\"370\" data-end=\"394\">8 cartazes coloridos<\/strong> sobre substantivos, ideais para o Ensino Fundamental. O material aborda de forma clara e visual:<\/p>\n<ul data-start=\"495\" data-end=\"697\">\n<li data-start=\"495\" data-end=\"520\">\n<p data-start=\"497\" data-end=\"520\"><strong data-start=\"497\" data-end=\"518\">Substantivo comum<\/strong><\/p>\n<\/li>\n<li data-start=\"521\" data-end=\"548\">\n<p data-start=\"523\" data-end=\"548\"><strong data-start=\"523\" data-end=\"546\">Substantivo pr\u00f3prio<\/strong><\/p>\n<\/li>\n<li data-start=\"549\" data-end=\"587\">\n<p data-start=\"551\" data-end=\"587\"><strong data-start=\"551\" data-end=\"585\">Substantivo simples e composto<\/strong><\/p>\n<\/li>\n<li data-start=\"588\" data-end=\"628\">\n<p data-start=\"590\" data-end=\"628\"><strong data-start=\"590\" data-end=\"626\">Substantivo primitivo e derivado<\/strong><\/p>\n<\/li>\n<li data-start=\"629\" data-end=\"657\">\n<p data-start=\"631\" data-end=\"657\"><strong data-start=\"631\" data-end=\"655\">Substantivo coletivo<\/strong><\/p>\n<\/li>\n<li data-start=\"658\" data-end=\"697\">\n<p data-start=\"660\" data-end=\"697\"><strong data-start=\"660\" data-end=\"695\">Substantivo abstrato e concreto<\/strong><\/p>\n<\/li>\n<\/ul>\n<p data-start=\"699\" data-end=\"772\"><strong data-start=\"699\" data-end=\"770\">Brindes exclusivos para tornar a aprendizagem ainda mais divertida:<\/strong><\/p>\n<ul data-start=\"773\" data-end=\"851\">\n<li data-start=\"773\" data-end=\"813\">\n<p data-start=\"775\" data-end=\"813\"><strong data-start=\"775\" data-end=\"811\">Domin\u00f3 dos coletivos com imagens<\/strong><\/p>\n<\/li>\n<li data-start=\"814\" data-end=\"851\">\n<p data-start=\"816\" data-end=\"851\"><strong data-start=\"816\" data-end=\"849\">Domin\u00f3 com imagens e palavras<\/strong><\/p>\n<\/li>\n<\/ul>\n<p data-start=\"853\" data-end=\"1083\">Perfeito para <strong data-start=\"867\" data-end=\"885\">fixa\u00e7\u00e3o visual<\/strong>, <strong data-start=\"887\" data-end=\"905\">interatividade<\/strong> e <strong data-start=\"908\" data-end=\"931\">aprendizado pr\u00e1tico<\/strong>, auxiliando professores a ensinar substantivos de forma l\u00fadica e envolvente. Ideal para <strong data-start=\"1020\" data-end=\"1080\">imprimir, ampliar como p\u00f4steres ou usar no mural da sala<\/strong>.<\/p>\n<p data-start=\"1085\" data-end=\"1148\">PDF digital n\u00e3o edit\u00e1vel, pronto para impress\u00e3o.<\/p>\n<h3>N\u00e3o enviamos por e-mail, a entrega \u00e9 via link para download.\u00a0<img decoding=\"async\" class=\"emoji\" role=\"img\" draggable=\"false\" src=\"https:\/\/s.w.org\/images\/core\/emoji\/16.0.1\/svg\/1f447.svg\" alt=\"\ud83d\udc47\" \/><\/h3>\n<p><img loading=\"lazy\" decoding=\"async\" class=\"alignnone wp-image-31375 size-full\" src=\"https:\/\/lojasosprofessoratividades.com.br\/wp-content\/uploads\/2024\/08\/Aviso-Loja.jpg\" alt=\"\" width=\"446\" height=\"251\" srcset=\"https:\/\/lojasosprofessoratividades.com.br\/wp-content\/uploads\/2024\/08\/Aviso-Loja.jpg 446w, https:\/\/lojasosprofessoratividades.com.br\/wp-content\/uploads\/2024\/08\/Aviso-Loja-300x169.jpg 300w, https:\/\/lojasosprofessoratividades.com.br\/wp-content\/uploads\/2024\/08\/Aviso-Loja-18x10.jpg 18w\" sizes=\"auto, (max-width: 446px) 100vw, 446px\" \/><\/p>","protected":false},"featured_media":23940,"comment_status":"open","ping_status":"closed","template":"","meta":[],"product_brand":[],"product_cat":[213,215,217],"product_tag":[1188,2812,2830,286,2751,2829,245,2831,285,2822,1326,231,228,2825,2826,2828,2823,2827,2824,1322],"class_list":{"0":"post-23938","1":"product","2":"type-product","3":"status-publish","4":"has-post-thumbnail","6":"product_cat-recursos-didaticos-3-ano","7":"product_cat-recursos-didaticos-4-ano","8":"product_cat-recursos-didaticos-5-ano","9":"product_tag-aprendizado-interativo","10":"product_tag-aula-ludica","11":"product_tag-brinde-educativo","12":"product_tag-cartazes","13":"product_tag-cartazes-de-gramatica","14":"product_tag-domino-educativo","15":"product_tag-ensino-fundamental","16":"product_tag-fixacao-de-conteudo","17":"product_tag-gramatica","18":"product_tag-material-didatico-digital","19":"product_tag-pdf-educativo","20":"product_tag-portugues","21":"product_tag-recurso-didatico","22":"product_tag-substantivo-abstrato","23":"product_tag-substantivo-coletivo","24":"product_tag-substantivo-composto","25":"product_tag-substantivo-comum","26":"product_tag-substantivo-derivado","27":"product_tag-substantivo-proprio","28":"product_tag-substantivos","30":"first","31":"instock","32":"downloadable","33":"virtual","34":"sold-individually","35":"purchasable","36":"product-type-simple"},"yoast_head":"<!-- This site is optimized with the Yoast SEO plugin v27.6 - https:\/\/yoast.com\/product\/yoast-seo-wordpress\/ -->\n<title>Cartazes de Substantivos - Loja SOS Professor Atividades<\/title>\n<meta name=\"description\" content=\"Cartazes de substantivos coloridos em PDF com brindes de domin\u00f3s. Aprendizado l\u00fadico e interativo para o Ensino Fundamental, pronto para imprimir e usar.\" \/>\n<meta name=\"robots\" content=\"index, follow, max-snippet:-1, max-image-preview:large, max-video-preview:-1\" \/>\n<link rel=\"canonical\" href=\"https:\/\/lojasosprofessoratividades.com.br\/en\/product\/cartazes-de-substantivos\/\" \/>\n<meta property=\"og:locale\" content=\"en_US\" \/>\n<meta property=\"og:type\" content=\"article\" \/>\n<meta property=\"og:title\" content=\"Cartazes de Substantivos - Loja SOS Professor Atividades\" \/>\n<meta property=\"og:description\" content=\"Cartazes de substantivos coloridos em PDF com brindes de domin\u00f3s. Aprendizado l\u00fadico e interativo para o Ensino Fundamental, pronto para imprimir e usar.\" \/>\n<meta property=\"og:url\" content=\"https:\/\/lojasosprofessoratividades.com.br\/en\/product\/cartazes-de-substantivos\/\" \/>\n<meta property=\"og:site_name\" content=\"Loja SOS Professor Atividades\" \/>\n<meta property=\"article:publisher\" content=\"https:\/\/www.facebook.com\/sosprofessoratividades\" \/>\n<meta property=\"article:modified_time\" content=\"2026-05-08T20:26:35+00:00\" \/>\n<meta property=\"og:image\" content=\"https:\/\/lojasosprofessoratividades.com.br\/wp-content\/uploads\/2022\/06\/1-1.jpg\" \/>\n\t<meta property=\"og:image:width\" content=\"800\" \/>\n\t<meta property=\"og:image:height\" content=\"693\" \/>\n\t<meta property=\"og:image:type\" content=\"image\/jpeg\" \/>\n<meta name=\"twitter:card\" content=\"summary_large_image\" \/>\n<meta name=\"twitter:label1\" content=\"Est. reading time\" \/>\n\t<meta name=\"twitter:data1\" content=\"1 minute\" \/>\n<script type=\"application\/ld+json\" class=\"yoast-schema-graph\">{\"@context\":\"https:\\\/\\\/schema.org\",\"@graph\":[{\"@type\":\"WebPage\",\"@id\":\"https:\\\/\\\/lojasosprofessoratividades.com.br\\\/produto\\\/cartazes-de-substantivos\\\/\",\"url\":\"https:\\\/\\\/lojasosprofessoratividades.com.br\\\/produto\\\/cartazes-de-substantivos\\\/\",\"name\":\"Cartazes de Substantivos - Loja SOS Professor Atividades\",\"isPartOf\":{\"@id\":\"https:\\\/\\\/lojasosprofessoratividades.com.br\\\/#website\"},\"primaryImageOfPage\":{\"@id\":\"https:\\\/\\\/lojasosprofessoratividades.com.br\\\/produto\\\/cartazes-de-substantivos\\\/#primaryimage\"},\"image\":{\"@id\":\"https:\\\/\\\/lojasosprofessoratividades.com.br\\\/produto\\\/cartazes-de-substantivos\\\/#primaryimage\"},\"thumbnailUrl\":\"https:\\\/\\\/lojasosprofessoratividades.com.br\\\/wp-content\\\/uploads\\\/2022\\\/06\\\/1-1.jpg\",\"datePublished\":\"2022-06-19T19:59:38+00:00\",\"dateModified\":\"2026-05-08T20:26:35+00:00\",\"description\":\"Cartazes de substantivos coloridos em PDF com brindes de domin\u00f3s. Aprendizado l\u00fadico e interativo para o Ensino Fundamental, pronto para imprimir e usar.\",\"breadcrumb\":{\"@id\":\"https:\\\/\\\/lojasosprofessoratividades.com.br\\\/produto\\\/cartazes-de-substantivos\\\/#breadcrumb\"},\"inLanguage\":\"en-US\",\"potentialAction\":[{\"@type\":\"ReadAction\",\"target\":[\"https:\\\/\\\/lojasosprofessoratividades.com.br\\\/produto\\\/cartazes-de-substantivos\\\/\"]}]},{\"@type\":\"ImageObject\",\"inLanguage\":\"en-US\",\"@id\":\"https:\\\/\\\/lojasosprofessoratividades.com.br\\\/produto\\\/cartazes-de-substantivos\\\/#primaryimage\",\"url\":\"https:\\\/\\\/lojasosprofessoratividades.com.br\\\/wp-content\\\/uploads\\\/2022\\\/06\\\/1-1.jpg\",\"contentUrl\":\"https:\\\/\\\/lojasosprofessoratividades.com.br\\\/wp-content\\\/uploads\\\/2022\\\/06\\\/1-1.jpg\",\"width\":800,\"height\":693,\"caption\":\"Cartazes de Substantivos\"},{\"@type\":\"BreadcrumbList\",\"@id\":\"https:\\\/\\\/lojasosprofessoratividades.com.br\\\/produto\\\/cartazes-de-substantivos\\\/#breadcrumb\",\"itemListElement\":[{\"@type\":\"ListItem\",\"position\":1,\"name\":\"In\u00edcio\",\"item\":\"https:\\\/\\\/lojasosprofessoratividades.com.br\\\/\"},{\"@type\":\"ListItem\",\"position\":2,\"name\":\"Loja\",\"item\":\"https:\\\/\\\/lojasosprofessoratividades.com.br\\\/loja\\\/\"},{\"@type\":\"ListItem\",\"position\":3,\"name\":\"Cartazes de Substantivos\"}]},{\"@type\":\"WebSite\",\"@id\":\"https:\\\/\\\/lojasosprofessoratividades.com.br\\\/#website\",\"url\":\"https:\\\/\\\/lojasosprofessoratividades.com.br\\\/\",\"name\":\"Loja SOS Professor Atividades\",\"description\":\"Venda de material did\u00e1tico para o ensino fundamental\",\"publisher\":{\"@id\":\"https:\\\/\\\/lojasosprofessoratividades.com.br\\\/#organization\"},\"potentialAction\":[{\"@type\":\"SearchAction\",\"target\":{\"@type\":\"EntryPoint\",\"urlTemplate\":\"https:\\\/\\\/lojasosprofessoratividades.com.br\\\/?s={search_term_string}\"},\"query-input\":{\"@type\":\"PropertyValueSpecification\",\"valueRequired\":true,\"valueName\":\"search_term_string\"}}],\"inLanguage\":\"en-US\"},{\"@type\":\"Organization\",\"@id\":\"https:\\\/\\\/lojasosprofessoratividades.com.br\\\/#organization\",\"name\":\"Loja SOS Professor Atividades\",\"url\":\"https:\\\/\\\/lojasosprofessoratividades.com.br\\\/\",\"logo\":{\"@type\":\"ImageObject\",\"inLanguage\":\"en-US\",\"@id\":\"https:\\\/\\\/lojasosprofessoratividades.com.br\\\/#\\\/schema\\\/logo\\\/image\\\/\",\"url\":\"http:\\\/\\\/lojasosprofessoratividades.com.br\\\/wp-content\\\/uploads\\\/2022\\\/04\\\/Logo.png\",\"contentUrl\":\"http:\\\/\\\/lojasosprofessoratividades.com.br\\\/wp-content\\\/uploads\\\/2022\\\/04\\\/Logo.png\",\"width\":2000,\"height\":2000,\"caption\":\"Loja SOS Professor Atividades\"},\"image\":{\"@id\":\"https:\\\/\\\/lojasosprofessoratividades.com.br\\\/#\\\/schema\\\/logo\\\/image\\\/\"},\"sameAs\":[\"https:\\\/\\\/www.facebook.com\\\/sosprofessoratividades\",\"https:\\\/\\\/www.instagram.com\\\/sosprofessoratividades\\\/\"]}]}<\/script>\n<!-- \/ Yoast SEO plugin. -->","yoast_head_json":{"title":"Cartazes de Substantivos - Loja SOS Professor Atividades","description":"Cartazes de substantivos coloridos em PDF com brindes de domin\u00f3s. Aprendizado l\u00fadico e interativo para o Ensino Fundamental, pronto para imprimir e usar.","robots":{"index":"index","follow":"follow","max-snippet":"max-snippet:-1","max-image-preview":"max-image-preview:large","max-video-preview":"max-video-preview:-1"},"canonical":"https:\/\/lojasosprofessoratividades.com.br\/en\/product\/cartazes-de-substantivos\/","og_locale":"en_US","og_type":"article","og_title":"Cartazes de Substantivos - Loja SOS Professor Atividades","og_description":"Cartazes de substantivos coloridos em PDF com brindes de domin\u00f3s. Aprendizado l\u00fadico e interativo para o Ensino Fundamental, pronto para imprimir e usar.","og_url":"https:\/\/lojasosprofessoratividades.com.br\/en\/product\/cartazes-de-substantivos\/","og_site_name":"Loja SOS Professor Atividades","article_publisher":"https:\/\/www.facebook.com\/sosprofessoratividades","article_modified_time":"2026-05-08T20:26:35+00:00","og_image":[{"width":800,"height":693,"url":"https:\/\/lojasosprofessoratividades.com.br\/wp-content\/uploads\/2022\/06\/1-1.jpg","type":"image\/jpeg"}],"twitter_card":"summary_large_image","twitter_misc":{"Est. reading time":"1 minute"},"schema":{"@context":"https:\/\/schema.org","@graph":[{"@type":"WebPage","@id":"https:\/\/lojasosprofessoratividades.com.br\/produto\/cartazes-de-substantivos\/","url":"https:\/\/lojasosprofessoratividades.com.br\/produto\/cartazes-de-substantivos\/","name":"Cartazes de Substantivos - Loja SOS Professor Atividades","isPartOf":{"@id":"https:\/\/lojasosprofessoratividades.com.br\/#website"},"primaryImageOfPage":{"@id":"https:\/\/lojasosprofessoratividades.com.br\/produto\/cartazes-de-substantivos\/#primaryimage"},"image":{"@id":"https:\/\/lojasosprofessoratividades.com.br\/produto\/cartazes-de-substantivos\/#primaryimage"},"thumbnailUrl":"https:\/\/lojasosprofessoratividades.com.br\/wp-content\/uploads\/2022\/06\/1-1.jpg","datePublished":"2022-06-19T19:59:38+00:00","dateModified":"2026-05-08T20:26:35+00:00","description":"Cartazes de substantivos coloridos em PDF com brindes de domin\u00f3s. Aprendizado l\u00fadico e interativo para o Ensino Fundamental, pronto para imprimir e usar.","breadcrumb":{"@id":"https:\/\/lojasosprofessoratividades.com.br\/produto\/cartazes-de-substantivos\/#breadcrumb"},"inLanguage":"en-US","potentialAction":[{"@type":"ReadAction","target":["https:\/\/lojasosprofessoratividades.com.br\/produto\/cartazes-de-substantivos\/"]}]},{"@type":"ImageObject","inLanguage":"en-US","@id":"https:\/\/lojasosprofessoratividades.com.br\/produto\/cartazes-de-substantivos\/#primaryimage","url":"https:\/\/lojasosprofessoratividades.com.br\/wp-content\/uploads\/2022\/06\/1-1.jpg","contentUrl":"https:\/\/lojasosprofessoratividades.com.br\/wp-content\/uploads\/2022\/06\/1-1.jpg","width":800,"height":693,"caption":"Cartazes de Substantivos"},{"@type":"BreadcrumbList","@id":"https:\/\/lojasosprofessoratividades.com.br\/produto\/cartazes-de-substantivos\/#breadcrumb","itemListElement":[{"@type":"ListItem","position":1,"name":"In\u00edcio","item":"https:\/\/lojasosprofessoratividades.com.br\/"},{"@type":"ListItem","position":2,"name":"Loja","item":"https:\/\/lojasosprofessoratividades.com.br\/loja\/"},{"@type":"ListItem","position":3,"name":"Cartazes de Substantivos"}]},{"@type":"WebSite","@id":"https:\/\/lojasosprofessoratividades.com.br\/#website","url":"https:\/\/lojasosprofessoratividades.com.br\/","name":"Loja SOS Professor Atividades","description":"Venda de material did\u00e1tico para o ensino fundamental","publisher":{"@id":"https:\/\/lojasosprofessoratividades.com.br\/#organization"},"potentialAction":[{"@type":"SearchAction","target":{"@type":"EntryPoint","urlTemplate":"https:\/\/lojasosprofessoratividades.com.br\/?s={search_term_string}"},"query-input":{"@type":"PropertyValueSpecification","valueRequired":true,"valueName":"search_term_string"}}],"inLanguage":"en-US"},{"@type":"Organization","@id":"https:\/\/lojasosprofessoratividades.com.br\/#organization","name":"Loja SOS Professor Atividades","url":"https:\/\/lojasosprofessoratividades.com.br\/","logo":{"@type":"ImageObject","inLanguage":"en-US","@id":"https:\/\/lojasosprofessoratividades.com.br\/#\/schema\/logo\/image\/","url":"http:\/\/lojasosprofessoratividades.com.br\/wp-content\/uploads\/2022\/04\/Logo.png","contentUrl":"http:\/\/lojasosprofessoratividades.com.br\/wp-content\/uploads\/2022\/04\/Logo.png","width":2000,"height":2000,"caption":"Loja SOS Professor Atividades"},"image":{"@id":"https:\/\/lojasosprofessoratividades.com.br\/#\/schema\/logo\/image\/"},"sameAs":["https:\/\/www.facebook.com\/sosprofessoratividades","https:\/\/www.instagram.com\/sosprofessoratividades\/"]}]}},"_links":{"self":[{"href":"https:\/\/lojasosprofessoratividades.com.br\/en\/wp-json\/wp\/v2\/product\/23938","targetHints":{"allow":["GET"]}}],"collection":[{"href":"https:\/\/lojasosprofessoratividades.com.br\/en\/wp-json\/wp\/v2\/product"}],"about":[{"href":"https:\/\/lojasosprofessoratividades.com.br\/en\/wp-json\/wp\/v2\/types\/product"}],"replies":[{"embeddable":true,"href":"https:\/\/lojasosprofessoratividades.com.br\/en\/wp-json\/wp\/v2\/comments?post=23938"}],"wp:featuredmedia":[{"embeddable":true,"href":"https:\/\/lojasosprofessoratividades.com.br\/en\/wp-json\/wp\/v2\/media\/23940"}],"wp:attachment":[{"href":"https:\/\/lojasosprofessoratividades.com.br\/en\/wp-json\/wp\/v2\/media?parent=23938"}],"wp:term":[{"taxonomy":"product_brand","embeddable":true,"href":"https:\/\/lojasosprofessoratividades.com.br\/en\/wp-json\/wp\/v2\/product_brand?post=23938"},{"taxonomy":"product_cat","embeddable":true,"href":"https:\/\/lojasosprofessoratividades.com.br\/en\/wp-json\/wp\/v2\/product_cat?post=23938"},{"taxonomy":"product_tag","embeddable":true,"href":"https:\/\/lojasosprofessoratividades.com.br\/en\/wp-json\/wp\/v2\/product_tag?post=23938"}],"curies":[{"name":"wp","href":"https:\/\/api.w.org\/{rel}","templated":true}]}}