{"id":23958,"date":"2022-06-28T10:24:10","date_gmt":"2022-06-28T13:24:10","guid":{"rendered":"http:\/\/lojasosprofessoratividades.com.br\/?post_type=product&#038;p=23958"},"modified":"2026-05-08T17:27:10","modified_gmt":"2026-05-08T20:27:10","slug":"alimentacao","status":"publish","type":"product","link":"https:\/\/lojasosprofessoratividades.com.br\/en\/product\/alimentacao\/","title":{"rendered":"Alimenta\u00e7\u00e3o para o 5\u00ba ano"},"content":{"rendered":"","protected":false},"excerpt":{"rendered":"<p data-start=\"286\" data-end=\"551\">Desperte nos alunos h\u00e1bitos alimentares saud\u00e1veis com este <strong data-start=\"345\" data-end=\"371\">arquivo digital em PDF<\/strong> n\u00e3o edit\u00e1vel, perfeito para o Ensino Fundamental! Com <strong data-start=\"426\" data-end=\"440\">12 p\u00e1ginas<\/strong>, incluindo capas e habilidades da BNCC, o material oferece atividades <strong data-start=\"511\" data-end=\"548\">interativas, l\u00fadicas e educativas<\/strong>:<\/p>\n<ul data-start=\"553\" data-end=\"893\">\n<li data-start=\"553\" data-end=\"594\">\n<p data-start=\"555\" data-end=\"594\">Conceito de <strong data-start=\"567\" data-end=\"591\">alimenta\u00e7\u00e3o saud\u00e1vel<\/strong>;<\/p>\n<\/li>\n<li data-start=\"595\" data-end=\"659\">\n<p data-start=\"597\" data-end=\"659\"><strong data-start=\"597\" data-end=\"610\">Card\u00e1pios<\/strong> pr\u00e1ticos e exemplos de refei\u00e7\u00f5es equilibradas;<\/p>\n<\/li>\n<li data-start=\"660\" data-end=\"700\">\n<p data-start=\"662\" data-end=\"700\">Consequ\u00eancias da <strong data-start=\"679\" data-end=\"697\">m\u00e1 alimenta\u00e7\u00e3o<\/strong>;<\/p>\n<\/li>\n<li data-start=\"701\" data-end=\"749\">\n<p data-start=\"703\" data-end=\"749\"><strong data-start=\"703\" data-end=\"728\">Nutrientes essenciais<\/strong> e sua import\u00e2ncia;<\/p>\n<\/li>\n<li data-start=\"750\" data-end=\"818\">\n<p data-start=\"752\" data-end=\"818\"><strong data-start=\"752\" data-end=\"774\">Leitura de r\u00f3tulos<\/strong> para entender alimentos industrializados;<\/p>\n<\/li>\n<li data-start=\"819\" data-end=\"893\">\n<p data-start=\"821\" data-end=\"893\"><strong data-start=\"821\" data-end=\"844\">Card\u00e1pio interativo<\/strong> para engajar os alunos em atividades pr\u00e1ticas.<\/p>\n<\/li>\n<\/ul>\n<p data-start=\"895\" data-end=\"1091\">Tudo alinhado \u00e0 BNCC, proporcionando uma experi\u00eancia de aprendizado <strong data-start=\"963\" data-end=\"1001\">divertida, pr\u00e1tica e significativa<\/strong>, que auxilia professores a abordar h\u00e1bitos alimentares de forma educativa e envolvente.<\/p>\n<p data-start=\"1093\" data-end=\"1179\">PDF digital n\u00e3o edit\u00e1vel, pronto para impress\u00e3o ou uso em sala de aula.<\/p>\n<h3>N\u00e3o enviamos por e-mail, a entrega \u00e9 via link para download.\u00a0<img decoding=\"async\" class=\"emoji\" role=\"img\" draggable=\"false\" src=\"https:\/\/s.w.org\/images\/core\/emoji\/16.0.1\/svg\/1f447.svg\" alt=\"\ud83d\udc47\" \/><\/h3>\n<p><img loading=\"lazy\" decoding=\"async\" class=\"alignnone wp-image-38009 size-full\" src=\"https:\/\/lojasosprofessoratividades.com.br\/wp-content\/uploads\/2026\/02\/Como-baixar-2.jpg\" alt=\"\" width=\"446\" height=\"251\" srcset=\"https:\/\/lojasosprofessoratividades.com.br\/wp-content\/uploads\/2026\/02\/Como-baixar-2.jpg 446w, https:\/\/lojasosprofessoratividades.com.br\/wp-content\/uploads\/2026\/02\/Como-baixar-2-300x169.jpg 300w, https:\/\/lojasosprofessoratividades.com.br\/wp-content\/uploads\/2026\/02\/Como-baixar-2-18x10.jpg 18w\" sizes=\"auto, (max-width: 446px) 100vw, 446px\" \/><\/p>","protected":false},"featured_media":23959,"comment_status":"open","ping_status":"closed","template":"","meta":[],"product_brand":[],"product_cat":[127,206],"product_tag":[248,2821,1385,2820,579,279,2812,375,2814,1386,245,2818,2816,2817,2810,2815,1326,2819],"class_list":{"0":"post-23958","1":"product","2":"type-product","3":"status-publish","4":"has-post-thumbnail","6":"product_cat-5o-ano","7":"product_cat-ciencias-5-ano","8":"product_tag-5o-ano","9":"product_tag-alimentacao","10":"product_tag-alimentacao-saudavel","11":"product_tag-aprendizagem-divertida","12":"product_tag-atividades-educativas","13":"product_tag-atividades-interativas","14":"product_tag-aula-ludica","15":"product_tag-bncc","16":"product_tag-cardapio-interativo","17":"product_tag-educacao-nutricional","18":"product_tag-ensino-fundamental","19":"product_tag-habitos-saudaveis","20":"product_tag-leitura-de-rotulos","21":"product_tag-ma-alimentacao","22":"product_tag-material-digital-para-professores","23":"product_tag-nutrientes","24":"product_tag-pdf-educativo","25":"product_tag-saude-e-alimentacao","27":"first","28":"instock","29":"downloadable","30":"virtual","31":"sold-individually","32":"purchasable","33":"product-type-simple"},"yoast_head":"<!-- This site is optimized with the Yoast SEO plugin v27.6 - https:\/\/yoast.com\/product\/yoast-seo-wordpress\/ -->\n<title>Alimenta\u00e7\u00e3o para o 5\u00ba ano - Loja SOS Professor Atividades<\/title>\n<meta name=\"description\" content=\"Atividades em PDF sobre alimenta\u00e7\u00e3o saud\u00e1vel: card\u00e1pios, leitura de r\u00f3tulos, nutrientes e h\u00e1bitos saud\u00e1veis, alinhadas \u00e0 BNCC para Ensino Fundamental.\" \/>\n<meta name=\"robots\" content=\"index, follow, max-snippet:-1, max-image-preview:large, max-video-preview:-1\" \/>\n<link rel=\"canonical\" href=\"https:\/\/lojasosprofessoratividades.com.br\/en\/product\/alimentacao\/\" \/>\n<meta property=\"og:locale\" content=\"en_US\" \/>\n<meta property=\"og:type\" content=\"article\" \/>\n<meta property=\"og:title\" content=\"Alimenta\u00e7\u00e3o para o 5\u00ba ano - Loja SOS Professor Atividades\" \/>\n<meta property=\"og:description\" content=\"Atividades em PDF sobre alimenta\u00e7\u00e3o saud\u00e1vel: card\u00e1pios, leitura de r\u00f3tulos, nutrientes e h\u00e1bitos saud\u00e1veis, alinhadas \u00e0 BNCC para Ensino Fundamental.\" \/>\n<meta property=\"og:url\" content=\"https:\/\/lojasosprofessoratividades.com.br\/en\/product\/alimentacao\/\" \/>\n<meta property=\"og:site_name\" content=\"Loja SOS Professor Atividades\" \/>\n<meta property=\"article:publisher\" content=\"https:\/\/www.facebook.com\/sosprofessoratividades\" \/>\n<meta property=\"article:modified_time\" content=\"2026-05-08T20:27:10+00:00\" \/>\n<meta property=\"og:image\" content=\"https:\/\/lojasosprofessoratividades.com.br\/wp-content\/uploads\/2022\/06\/1-3.jpg\" \/>\n\t<meta property=\"og:image:width\" content=\"800\" \/>\n\t<meta property=\"og:image:height\" content=\"693\" \/>\n\t<meta property=\"og:image:type\" content=\"image\/jpeg\" \/>\n<meta name=\"twitter:card\" content=\"summary_large_image\" \/>\n<meta name=\"twitter:label1\" content=\"Est. reading time\" \/>\n\t<meta name=\"twitter:data1\" content=\"1 minute\" \/>\n<script type=\"application\/ld+json\" class=\"yoast-schema-graph\">{\"@context\":\"https:\\\/\\\/schema.org\",\"@graph\":[{\"@type\":\"WebPage\",\"@id\":\"https:\\\/\\\/lojasosprofessoratividades.com.br\\\/produto\\\/alimentacao\\\/\",\"url\":\"https:\\\/\\\/lojasosprofessoratividades.com.br\\\/produto\\\/alimentacao\\\/\",\"name\":\"Alimenta\u00e7\u00e3o para o 5\u00ba ano - Loja SOS Professor Atividades\",\"isPartOf\":{\"@id\":\"https:\\\/\\\/lojasosprofessoratividades.com.br\\\/#website\"},\"primaryImageOfPage\":{\"@id\":\"https:\\\/\\\/lojasosprofessoratividades.com.br\\\/produto\\\/alimentacao\\\/#primaryimage\"},\"image\":{\"@id\":\"https:\\\/\\\/lojasosprofessoratividades.com.br\\\/produto\\\/alimentacao\\\/#primaryimage\"},\"thumbnailUrl\":\"https:\\\/\\\/lojasosprofessoratividades.com.br\\\/wp-content\\\/uploads\\\/2022\\\/06\\\/1-3.jpg\",\"datePublished\":\"2022-06-28T13:24:10+00:00\",\"dateModified\":\"2026-05-08T20:27:10+00:00\",\"description\":\"Atividades em PDF sobre alimenta\u00e7\u00e3o saud\u00e1vel: card\u00e1pios, leitura de r\u00f3tulos, nutrientes e h\u00e1bitos saud\u00e1veis, alinhadas \u00e0 BNCC para Ensino Fundamental.\",\"breadcrumb\":{\"@id\":\"https:\\\/\\\/lojasosprofessoratividades.com.br\\\/produto\\\/alimentacao\\\/#breadcrumb\"},\"inLanguage\":\"en-US\",\"potentialAction\":[{\"@type\":\"ReadAction\",\"target\":[\"https:\\\/\\\/lojasosprofessoratividades.com.br\\\/produto\\\/alimentacao\\\/\"]}]},{\"@type\":\"ImageObject\",\"inLanguage\":\"en-US\",\"@id\":\"https:\\\/\\\/lojasosprofessoratividades.com.br\\\/produto\\\/alimentacao\\\/#primaryimage\",\"url\":\"https:\\\/\\\/lojasosprofessoratividades.com.br\\\/wp-content\\\/uploads\\\/2022\\\/06\\\/1-3.jpg\",\"contentUrl\":\"https:\\\/\\\/lojasosprofessoratividades.com.br\\\/wp-content\\\/uploads\\\/2022\\\/06\\\/1-3.jpg\",\"width\":800,\"height\":693,\"caption\":\"Alimenta\u00e7\u00e3o\"},{\"@type\":\"BreadcrumbList\",\"@id\":\"https:\\\/\\\/lojasosprofessoratividades.com.br\\\/produto\\\/alimentacao\\\/#breadcrumb\",\"itemListElement\":[{\"@type\":\"ListItem\",\"position\":1,\"name\":\"In\u00edcio\",\"item\":\"https:\\\/\\\/lojasosprofessoratividades.com.br\\\/\"},{\"@type\":\"ListItem\",\"position\":2,\"name\":\"Loja\",\"item\":\"https:\\\/\\\/lojasosprofessoratividades.com.br\\\/loja\\\/\"},{\"@type\":\"ListItem\",\"position\":3,\"name\":\"Alimenta\u00e7\u00e3o para o 5\u00ba ano\"}]},{\"@type\":\"WebSite\",\"@id\":\"https:\\\/\\\/lojasosprofessoratividades.com.br\\\/#website\",\"url\":\"https:\\\/\\\/lojasosprofessoratividades.com.br\\\/\",\"name\":\"Loja SOS Professor Atividades\",\"description\":\"Venda de material did\u00e1tico para o ensino fundamental\",\"publisher\":{\"@id\":\"https:\\\/\\\/lojasosprofessoratividades.com.br\\\/#organization\"},\"potentialAction\":[{\"@type\":\"SearchAction\",\"target\":{\"@type\":\"EntryPoint\",\"urlTemplate\":\"https:\\\/\\\/lojasosprofessoratividades.com.br\\\/?s={search_term_string}\"},\"query-input\":{\"@type\":\"PropertyValueSpecification\",\"valueRequired\":true,\"valueName\":\"search_term_string\"}}],\"inLanguage\":\"en-US\"},{\"@type\":\"Organization\",\"@id\":\"https:\\\/\\\/lojasosprofessoratividades.com.br\\\/#organization\",\"name\":\"Loja SOS Professor Atividades\",\"url\":\"https:\\\/\\\/lojasosprofessoratividades.com.br\\\/\",\"logo\":{\"@type\":\"ImageObject\",\"inLanguage\":\"en-US\",\"@id\":\"https:\\\/\\\/lojasosprofessoratividades.com.br\\\/#\\\/schema\\\/logo\\\/image\\\/\",\"url\":\"http:\\\/\\\/lojasosprofessoratividades.com.br\\\/wp-content\\\/uploads\\\/2022\\\/04\\\/Logo.png\",\"contentUrl\":\"http:\\\/\\\/lojasosprofessoratividades.com.br\\\/wp-content\\\/uploads\\\/2022\\\/04\\\/Logo.png\",\"width\":2000,\"height\":2000,\"caption\":\"Loja SOS Professor Atividades\"},\"image\":{\"@id\":\"https:\\\/\\\/lojasosprofessoratividades.com.br\\\/#\\\/schema\\\/logo\\\/image\\\/\"},\"sameAs\":[\"https:\\\/\\\/www.facebook.com\\\/sosprofessoratividades\",\"https:\\\/\\\/www.instagram.com\\\/sosprofessoratividades\\\/\"]}]}<\/script>\n<!-- \/ Yoast SEO plugin. -->","yoast_head_json":{"title":"Alimenta\u00e7\u00e3o para o 5\u00ba ano - Loja SOS Professor Atividades","description":"Atividades em PDF sobre alimenta\u00e7\u00e3o saud\u00e1vel: card\u00e1pios, leitura de r\u00f3tulos, nutrientes e h\u00e1bitos saud\u00e1veis, alinhadas \u00e0 BNCC para Ensino Fundamental.","robots":{"index":"index","follow":"follow","max-snippet":"max-snippet:-1","max-image-preview":"max-image-preview:large","max-video-preview":"max-video-preview:-1"},"canonical":"https:\/\/lojasosprofessoratividades.com.br\/en\/product\/alimentacao\/","og_locale":"en_US","og_type":"article","og_title":"Alimenta\u00e7\u00e3o para o 5\u00ba ano - Loja SOS Professor Atividades","og_description":"Atividades em PDF sobre alimenta\u00e7\u00e3o saud\u00e1vel: card\u00e1pios, leitura de r\u00f3tulos, nutrientes e h\u00e1bitos saud\u00e1veis, alinhadas \u00e0 BNCC para Ensino Fundamental.","og_url":"https:\/\/lojasosprofessoratividades.com.br\/en\/product\/alimentacao\/","og_site_name":"Loja SOS Professor Atividades","article_publisher":"https:\/\/www.facebook.com\/sosprofessoratividades","article_modified_time":"2026-05-08T20:27:10+00:00","og_image":[{"width":800,"height":693,"url":"https:\/\/lojasosprofessoratividades.com.br\/wp-content\/uploads\/2022\/06\/1-3.jpg","type":"image\/jpeg"}],"twitter_card":"summary_large_image","twitter_misc":{"Est. reading time":"1 minute"},"schema":{"@context":"https:\/\/schema.org","@graph":[{"@type":"WebPage","@id":"https:\/\/lojasosprofessoratividades.com.br\/produto\/alimentacao\/","url":"https:\/\/lojasosprofessoratividades.com.br\/produto\/alimentacao\/","name":"Alimenta\u00e7\u00e3o para o 5\u00ba ano - Loja SOS Professor Atividades","isPartOf":{"@id":"https:\/\/lojasosprofessoratividades.com.br\/#website"},"primaryImageOfPage":{"@id":"https:\/\/lojasosprofessoratividades.com.br\/produto\/alimentacao\/#primaryimage"},"image":{"@id":"https:\/\/lojasosprofessoratividades.com.br\/produto\/alimentacao\/#primaryimage"},"thumbnailUrl":"https:\/\/lojasosprofessoratividades.com.br\/wp-content\/uploads\/2022\/06\/1-3.jpg","datePublished":"2022-06-28T13:24:10+00:00","dateModified":"2026-05-08T20:27:10+00:00","description":"Atividades em PDF sobre alimenta\u00e7\u00e3o saud\u00e1vel: card\u00e1pios, leitura de r\u00f3tulos, nutrientes e h\u00e1bitos saud\u00e1veis, alinhadas \u00e0 BNCC para Ensino Fundamental.","breadcrumb":{"@id":"https:\/\/lojasosprofessoratividades.com.br\/produto\/alimentacao\/#breadcrumb"},"inLanguage":"en-US","potentialAction":[{"@type":"ReadAction","target":["https:\/\/lojasosprofessoratividades.com.br\/produto\/alimentacao\/"]}]},{"@type":"ImageObject","inLanguage":"en-US","@id":"https:\/\/lojasosprofessoratividades.com.br\/produto\/alimentacao\/#primaryimage","url":"https:\/\/lojasosprofessoratividades.com.br\/wp-content\/uploads\/2022\/06\/1-3.jpg","contentUrl":"https:\/\/lojasosprofessoratividades.com.br\/wp-content\/uploads\/2022\/06\/1-3.jpg","width":800,"height":693,"caption":"Alimenta\u00e7\u00e3o"},{"@type":"BreadcrumbList","@id":"https:\/\/lojasosprofessoratividades.com.br\/produto\/alimentacao\/#breadcrumb","itemListElement":[{"@type":"ListItem","position":1,"name":"In\u00edcio","item":"https:\/\/lojasosprofessoratividades.com.br\/"},{"@type":"ListItem","position":2,"name":"Loja","item":"https:\/\/lojasosprofessoratividades.com.br\/loja\/"},{"@type":"ListItem","position":3,"name":"Alimenta\u00e7\u00e3o para o 5\u00ba ano"}]},{"@type":"WebSite","@id":"https:\/\/lojasosprofessoratividades.com.br\/#website","url":"https:\/\/lojasosprofessoratividades.com.br\/","name":"Loja SOS Professor Atividades","description":"Venda de material did\u00e1tico para o ensino fundamental","publisher":{"@id":"https:\/\/lojasosprofessoratividades.com.br\/#organization"},"potentialAction":[{"@type":"SearchAction","target":{"@type":"EntryPoint","urlTemplate":"https:\/\/lojasosprofessoratividades.com.br\/?s={search_term_string}"},"query-input":{"@type":"PropertyValueSpecification","valueRequired":true,"valueName":"search_term_string"}}],"inLanguage":"en-US"},{"@type":"Organization","@id":"https:\/\/lojasosprofessoratividades.com.br\/#organization","name":"Loja SOS Professor Atividades","url":"https:\/\/lojasosprofessoratividades.com.br\/","logo":{"@type":"ImageObject","inLanguage":"en-US","@id":"https:\/\/lojasosprofessoratividades.com.br\/#\/schema\/logo\/image\/","url":"http:\/\/lojasosprofessoratividades.com.br\/wp-content\/uploads\/2022\/04\/Logo.png","contentUrl":"http:\/\/lojasosprofessoratividades.com.br\/wp-content\/uploads\/2022\/04\/Logo.png","width":2000,"height":2000,"caption":"Loja SOS Professor Atividades"},"image":{"@id":"https:\/\/lojasosprofessoratividades.com.br\/#\/schema\/logo\/image\/"},"sameAs":["https:\/\/www.facebook.com\/sosprofessoratividades","https:\/\/www.instagram.com\/sosprofessoratividades\/"]}]}},"_links":{"self":[{"href":"https:\/\/lojasosprofessoratividades.com.br\/en\/wp-json\/wp\/v2\/product\/23958","targetHints":{"allow":["GET"]}}],"collection":[{"href":"https:\/\/lojasosprofessoratividades.com.br\/en\/wp-json\/wp\/v2\/product"}],"about":[{"href":"https:\/\/lojasosprofessoratividades.com.br\/en\/wp-json\/wp\/v2\/types\/product"}],"replies":[{"embeddable":true,"href":"https:\/\/lojasosprofessoratividades.com.br\/en\/wp-json\/wp\/v2\/comments?post=23958"}],"wp:featuredmedia":[{"embeddable":true,"href":"https:\/\/lojasosprofessoratividades.com.br\/en\/wp-json\/wp\/v2\/media\/23959"}],"wp:attachment":[{"href":"https:\/\/lojasosprofessoratividades.com.br\/en\/wp-json\/wp\/v2\/media?parent=23958"}],"wp:term":[{"taxonomy":"product_brand","embeddable":true,"href":"https:\/\/lojasosprofessoratividades.com.br\/en\/wp-json\/wp\/v2\/product_brand?post=23958"},{"taxonomy":"product_cat","embeddable":true,"href":"https:\/\/lojasosprofessoratividades.com.br\/en\/wp-json\/wp\/v2\/product_cat?post=23958"},{"taxonomy":"product_tag","embeddable":true,"href":"https:\/\/lojasosprofessoratividades.com.br\/en\/wp-json\/wp\/v2\/product_tag?post=23958"}],"curies":[{"name":"wp","href":"https:\/\/api.w.org\/{rel}","templated":true}]}}