{"id":23962,"date":"2022-06-30T14:00:50","date_gmt":"2022-06-30T17:00:50","guid":{"rendered":"http:\/\/lojasosprofessoratividades.com.br\/?post_type=product&#038;p=23962"},"modified":"2026-05-08T17:27:48","modified_gmt":"2026-05-08T20:27:48","slug":"simbolos-nacionais","status":"publish","type":"product","link":"https:\/\/lojasosprofessoratividades.com.br\/en\/product\/simbolos-nacionais\/","title":{"rendered":"S\u00edmbolos Nacionais"},"content":{"rendered":"","protected":false},"excerpt":{"rendered":"<p data-start=\"478\" data-end=\"696\">Recurso completo e did\u00e1tico para trabalhar com turmas do <strong data-start=\"581\" data-end=\"619\">3\u00ba ao 5\u00ba ano do Ensino Fundamental<\/strong>, oferecendo atividades que tornam o aprendizado mais din\u00e2mico e divertido.<\/p>\n<p data-start=\"698\" data-end=\"755\"><strong data-start=\"700\" data-end=\"753\">O que est\u00e1 incluso no arquivo (PDF n\u00e3o edit\u00e1vel):<\/strong><\/p>\n<ul data-start=\"756\" data-end=\"1233\">\n<li data-start=\"756\" data-end=\"851\">\n<p data-start=\"758\" data-end=\"851\"><strong data-start=\"758\" data-end=\"771\">14 folhas<\/strong> no total: 1 capa, 1 p\u00e1gina com habilidades da BNCC e 12 folhas de atividades;<\/p>\n<\/li>\n<li data-start=\"852\" data-end=\"906\">\n<p data-start=\"854\" data-end=\"906\"><strong data-start=\"854\" data-end=\"875\">Texto explicativo<\/strong> sobre os S\u00edmbolos Nacionais;<\/p>\n<\/li>\n<li data-start=\"907\" data-end=\"991\">\n<p data-start=\"909\" data-end=\"991\"><strong data-start=\"909\" data-end=\"949\">Atividades de interpreta\u00e7\u00e3o de texto<\/strong> para desenvolver leitura e compreens\u00e3o;<\/p>\n<\/li>\n<li data-start=\"992\" data-end=\"1073\">\n<p data-start=\"994\" data-end=\"1073\"><strong data-start=\"994\" data-end=\"1008\">4 cartazes<\/strong> com os S\u00edmbolos Nacionais, prontos para impress\u00e3o e exposi\u00e7\u00e3o;<\/p>\n<\/li>\n<li data-start=\"1074\" data-end=\"1143\">\n<p data-start=\"1076\" data-end=\"1143\"><strong data-start=\"1076\" data-end=\"1103\">1 Bras\u00e3o de Armas em 3D<\/strong> para atividades l\u00fadicas e educativas;<\/p>\n<\/li>\n<li data-start=\"1144\" data-end=\"1233\">\n<p data-start=\"1146\" data-end=\"1233\"><strong data-start=\"1146\" data-end=\"1184\">1 quebra-cabe\u00e7a do Bras\u00e3o de Armas<\/strong>, dispon\u00edvel em vers\u00e3o colorida e para colorir.<\/p>\n<\/li>\n<\/ul>\n<p data-start=\"1235\" data-end=\"1267\"><strong data-start=\"1238\" data-end=\"1265\">Benef\u00edcios do material:<\/strong><\/p>\n<ul data-start=\"1268\" data-end=\"1554\">\n<li data-start=\"1268\" data-end=\"1339\">\n<p data-start=\"1270\" data-end=\"1339\">Alinhado \u00e0s <strong data-start=\"1282\" data-end=\"1305\">habilidades da BNCC<\/strong>, garantindo ensino estruturado;<\/p>\n<\/li>\n<li data-start=\"1340\" data-end=\"1411\">\n<p data-start=\"1342\" data-end=\"1411\">Estimula leitura, interpreta\u00e7\u00e3o, criatividade e coordena\u00e7\u00e3o motora;<\/p>\n<\/li>\n<li data-start=\"1412\" data-end=\"1478\">\n<p data-start=\"1414\" data-end=\"1478\">Perfeito para <strong data-start=\"1428\" data-end=\"1475\">sala de aula, refor\u00e7o ou atividades em casa<\/strong>;<\/p>\n<\/li>\n<li data-start=\"1479\" data-end=\"1554\">\n<p data-start=\"1481\" data-end=\"1554\">Material pronto para <strong data-start=\"1502\" data-end=\"1525\">imprimir e utilizar<\/strong>, pr\u00e1tico para professores.<\/p>\n<\/li>\n<\/ul>\n<p data-start=\"1556\" data-end=\"1635\">Para alunos do <strong data-start=\"1591\" data-end=\"1632\">3\u00ba, 4\u00ba e 5\u00ba ano do Ensino Fundamental<\/strong>.<\/p>\n<h3>N\u00e3o enviamos por e-mail, a entrega \u00e9 via link para download.\u00a0<img decoding=\"async\" class=\"emoji\" role=\"img\" draggable=\"false\" src=\"https:\/\/s.w.org\/images\/core\/emoji\/16.0.1\/svg\/1f447.svg\" alt=\"\ud83d\udc47\" \/><\/h3>\n<p><img loading=\"lazy\" decoding=\"async\" class=\"alignnone wp-image-31375 size-full\" src=\"https:\/\/lojasosprofessoratividades.com.br\/wp-content\/uploads\/2024\/08\/Aviso-Loja.jpg\" alt=\"\" width=\"446\" height=\"251\" srcset=\"https:\/\/lojasosprofessoratividades.com.br\/wp-content\/uploads\/2024\/08\/Aviso-Loja.jpg 446w, https:\/\/lojasosprofessoratividades.com.br\/wp-content\/uploads\/2024\/08\/Aviso-Loja-300x169.jpg 300w, https:\/\/lojasosprofessoratividades.com.br\/wp-content\/uploads\/2024\/08\/Aviso-Loja-18x10.jpg 18w\" sizes=\"auto, (max-width: 446px) 100vw, 446px\" \/><\/p>","protected":false},"featured_media":23963,"comment_status":"open","ping_status":"closed","template":"","meta":[],"product_brand":[],"product_cat":[127,207],"product_tag":[2728,546,2724,375,839,2736,840,2735,677,2730,245,2734,2738,2732,827,841,2737,656,2723],"class_list":{"0":"post-23962","1":"product","2":"type-product","3":"status-publish","4":"has-post-thumbnail","6":"product_cat-5o-ano","7":"product_cat-historia-5-ano","8":"product_tag-atividades-educativas-brasil","9":"product_tag-atividades-pedagogicas","10":"product_tag-atividades-simbolos-nacionais","11":"product_tag-bncc","12":"product_tag-brasao-de-armas","13":"product_tag-brasao-de-armas-3d","14":"product_tag-cartazes-educativos","15":"product_tag-cartazes-simbolos-nacionais","16":"product_tag-cidadania","17":"product_tag-desenhos-para-colorir-simbolos-nacionais","18":"product_tag-ensino-fundamental","19":"product_tag-ensino-fundamental-atividades","20":"product_tag-interpretacao-de-texto-ensino-fundamental","21":"product_tag-material-pedagogico-ensino-fundamental","22":"product_tag-patriotismo","23":"product_tag-quebra-cabeca","24":"product_tag-quebra-cabeca-simbolos-nacionais","25":"product_tag-simbolos-nacionais","26":"product_tag-simbolos-nacionais-do-brasil","28":"first","29":"instock","30":"downloadable","31":"virtual","32":"sold-individually","33":"purchasable","34":"product-type-simple"},"yoast_head":"<!-- This site is optimized with the Yoast SEO plugin v27.6 - https:\/\/yoast.com\/product\/yoast-seo-wordpress\/ -->\n<title>S\u00edmbolos Nacionais - Loja SOS Professor Atividades<\/title>\n<meta name=\"description\" content=\"S\u00edmbolos Nacionais do Brasil: 14 folhas com atividades, cartazes, Bras\u00e3o 3D, quebra-cabe\u00e7a e interpreta\u00e7\u00e3o de texto para Ensino Fundamental.\" \/>\n<meta name=\"robots\" content=\"index, follow, max-snippet:-1, max-image-preview:large, max-video-preview:-1\" \/>\n<link rel=\"canonical\" href=\"https:\/\/lojasosprofessoratividades.com.br\/en\/product\/simbolos-nacionais\/\" \/>\n<meta property=\"og:locale\" content=\"en_US\" \/>\n<meta property=\"og:type\" content=\"article\" \/>\n<meta property=\"og:title\" content=\"S\u00edmbolos Nacionais - Loja SOS Professor Atividades\" \/>\n<meta property=\"og:description\" content=\"S\u00edmbolos Nacionais do Brasil: 14 folhas com atividades, cartazes, Bras\u00e3o 3D, quebra-cabe\u00e7a e interpreta\u00e7\u00e3o de texto para Ensino Fundamental.\" \/>\n<meta property=\"og:url\" content=\"https:\/\/lojasosprofessoratividades.com.br\/en\/product\/simbolos-nacionais\/\" \/>\n<meta property=\"og:site_name\" content=\"Loja SOS Professor Atividades\" \/>\n<meta property=\"article:publisher\" content=\"https:\/\/www.facebook.com\/sosprofessoratividades\" \/>\n<meta property=\"article:modified_time\" content=\"2026-05-08T20:27:48+00:00\" \/>\n<meta property=\"og:image\" content=\"https:\/\/lojasosprofessoratividades.com.br\/wp-content\/uploads\/2022\/06\/1-4.jpg\" \/>\n\t<meta property=\"og:image:width\" content=\"800\" \/>\n\t<meta property=\"og:image:height\" content=\"693\" \/>\n\t<meta property=\"og:image:type\" content=\"image\/jpeg\" \/>\n<meta name=\"twitter:card\" content=\"summary_large_image\" \/>\n<meta name=\"twitter:label1\" content=\"Est. reading time\" \/>\n\t<meta name=\"twitter:data1\" content=\"1 minute\" \/>\n<script type=\"application\/ld+json\" class=\"yoast-schema-graph\">{\"@context\":\"https:\\\/\\\/schema.org\",\"@graph\":[{\"@type\":\"WebPage\",\"@id\":\"https:\\\/\\\/lojasosprofessoratividades.com.br\\\/produto\\\/simbolos-nacionais\\\/\",\"url\":\"https:\\\/\\\/lojasosprofessoratividades.com.br\\\/produto\\\/simbolos-nacionais\\\/\",\"name\":\"S\u00edmbolos Nacionais - Loja SOS Professor Atividades\",\"isPartOf\":{\"@id\":\"https:\\\/\\\/lojasosprofessoratividades.com.br\\\/#website\"},\"primaryImageOfPage\":{\"@id\":\"https:\\\/\\\/lojasosprofessoratividades.com.br\\\/produto\\\/simbolos-nacionais\\\/#primaryimage\"},\"image\":{\"@id\":\"https:\\\/\\\/lojasosprofessoratividades.com.br\\\/produto\\\/simbolos-nacionais\\\/#primaryimage\"},\"thumbnailUrl\":\"https:\\\/\\\/lojasosprofessoratividades.com.br\\\/wp-content\\\/uploads\\\/2022\\\/06\\\/1-4.jpg\",\"datePublished\":\"2022-06-30T17:00:50+00:00\",\"dateModified\":\"2026-05-08T20:27:48+00:00\",\"description\":\"S\u00edmbolos Nacionais do Brasil: 14 folhas com atividades, cartazes, Bras\u00e3o 3D, quebra-cabe\u00e7a e interpreta\u00e7\u00e3o de texto para Ensino Fundamental.\",\"breadcrumb\":{\"@id\":\"https:\\\/\\\/lojasosprofessoratividades.com.br\\\/produto\\\/simbolos-nacionais\\\/#breadcrumb\"},\"inLanguage\":\"en-US\",\"potentialAction\":[{\"@type\":\"ReadAction\",\"target\":[\"https:\\\/\\\/lojasosprofessoratividades.com.br\\\/produto\\\/simbolos-nacionais\\\/\"]}]},{\"@type\":\"ImageObject\",\"inLanguage\":\"en-US\",\"@id\":\"https:\\\/\\\/lojasosprofessoratividades.com.br\\\/produto\\\/simbolos-nacionais\\\/#primaryimage\",\"url\":\"https:\\\/\\\/lojasosprofessoratividades.com.br\\\/wp-content\\\/uploads\\\/2022\\\/06\\\/1-4.jpg\",\"contentUrl\":\"https:\\\/\\\/lojasosprofessoratividades.com.br\\\/wp-content\\\/uploads\\\/2022\\\/06\\\/1-4.jpg\",\"width\":800,\"height\":693,\"caption\":\"S\u00edmbolos Nacionais\"},{\"@type\":\"BreadcrumbList\",\"@id\":\"https:\\\/\\\/lojasosprofessoratividades.com.br\\\/produto\\\/simbolos-nacionais\\\/#breadcrumb\",\"itemListElement\":[{\"@type\":\"ListItem\",\"position\":1,\"name\":\"In\u00edcio\",\"item\":\"https:\\\/\\\/lojasosprofessoratividades.com.br\\\/\"},{\"@type\":\"ListItem\",\"position\":2,\"name\":\"Loja\",\"item\":\"https:\\\/\\\/lojasosprofessoratividades.com.br\\\/loja\\\/\"},{\"@type\":\"ListItem\",\"position\":3,\"name\":\"S\u00edmbolos Nacionais\"}]},{\"@type\":\"WebSite\",\"@id\":\"https:\\\/\\\/lojasosprofessoratividades.com.br\\\/#website\",\"url\":\"https:\\\/\\\/lojasosprofessoratividades.com.br\\\/\",\"name\":\"Loja SOS Professor Atividades\",\"description\":\"Venda de material did\u00e1tico para o ensino fundamental\",\"publisher\":{\"@id\":\"https:\\\/\\\/lojasosprofessoratividades.com.br\\\/#organization\"},\"potentialAction\":[{\"@type\":\"SearchAction\",\"target\":{\"@type\":\"EntryPoint\",\"urlTemplate\":\"https:\\\/\\\/lojasosprofessoratividades.com.br\\\/?s={search_term_string}\"},\"query-input\":{\"@type\":\"PropertyValueSpecification\",\"valueRequired\":true,\"valueName\":\"search_term_string\"}}],\"inLanguage\":\"en-US\"},{\"@type\":\"Organization\",\"@id\":\"https:\\\/\\\/lojasosprofessoratividades.com.br\\\/#organization\",\"name\":\"Loja SOS Professor Atividades\",\"url\":\"https:\\\/\\\/lojasosprofessoratividades.com.br\\\/\",\"logo\":{\"@type\":\"ImageObject\",\"inLanguage\":\"en-US\",\"@id\":\"https:\\\/\\\/lojasosprofessoratividades.com.br\\\/#\\\/schema\\\/logo\\\/image\\\/\",\"url\":\"http:\\\/\\\/lojasosprofessoratividades.com.br\\\/wp-content\\\/uploads\\\/2022\\\/04\\\/Logo.png\",\"contentUrl\":\"http:\\\/\\\/lojasosprofessoratividades.com.br\\\/wp-content\\\/uploads\\\/2022\\\/04\\\/Logo.png\",\"width\":2000,\"height\":2000,\"caption\":\"Loja SOS Professor Atividades\"},\"image\":{\"@id\":\"https:\\\/\\\/lojasosprofessoratividades.com.br\\\/#\\\/schema\\\/logo\\\/image\\\/\"},\"sameAs\":[\"https:\\\/\\\/www.facebook.com\\\/sosprofessoratividades\",\"https:\\\/\\\/www.instagram.com\\\/sosprofessoratividades\\\/\"]}]}<\/script>\n<!-- \/ Yoast SEO plugin. -->","yoast_head_json":{"title":"S\u00edmbolos Nacionais - Loja SOS Professor Atividades","description":"S\u00edmbolos Nacionais do Brasil: 14 folhas com atividades, cartazes, Bras\u00e3o 3D, quebra-cabe\u00e7a e interpreta\u00e7\u00e3o de texto para Ensino Fundamental.","robots":{"index":"index","follow":"follow","max-snippet":"max-snippet:-1","max-image-preview":"max-image-preview:large","max-video-preview":"max-video-preview:-1"},"canonical":"https:\/\/lojasosprofessoratividades.com.br\/en\/product\/simbolos-nacionais\/","og_locale":"en_US","og_type":"article","og_title":"S\u00edmbolos Nacionais - Loja SOS Professor Atividades","og_description":"S\u00edmbolos Nacionais do Brasil: 14 folhas com atividades, cartazes, Bras\u00e3o 3D, quebra-cabe\u00e7a e interpreta\u00e7\u00e3o de texto para Ensino Fundamental.","og_url":"https:\/\/lojasosprofessoratividades.com.br\/en\/product\/simbolos-nacionais\/","og_site_name":"Loja SOS Professor Atividades","article_publisher":"https:\/\/www.facebook.com\/sosprofessoratividades","article_modified_time":"2026-05-08T20:27:48+00:00","og_image":[{"width":800,"height":693,"url":"https:\/\/lojasosprofessoratividades.com.br\/wp-content\/uploads\/2022\/06\/1-4.jpg","type":"image\/jpeg"}],"twitter_card":"summary_large_image","twitter_misc":{"Est. reading time":"1 minute"},"schema":{"@context":"https:\/\/schema.org","@graph":[{"@type":"WebPage","@id":"https:\/\/lojasosprofessoratividades.com.br\/produto\/simbolos-nacionais\/","url":"https:\/\/lojasosprofessoratividades.com.br\/produto\/simbolos-nacionais\/","name":"S\u00edmbolos Nacionais - Loja SOS Professor Atividades","isPartOf":{"@id":"https:\/\/lojasosprofessoratividades.com.br\/#website"},"primaryImageOfPage":{"@id":"https:\/\/lojasosprofessoratividades.com.br\/produto\/simbolos-nacionais\/#primaryimage"},"image":{"@id":"https:\/\/lojasosprofessoratividades.com.br\/produto\/simbolos-nacionais\/#primaryimage"},"thumbnailUrl":"https:\/\/lojasosprofessoratividades.com.br\/wp-content\/uploads\/2022\/06\/1-4.jpg","datePublished":"2022-06-30T17:00:50+00:00","dateModified":"2026-05-08T20:27:48+00:00","description":"S\u00edmbolos Nacionais do Brasil: 14 folhas com atividades, cartazes, Bras\u00e3o 3D, quebra-cabe\u00e7a e interpreta\u00e7\u00e3o de texto para Ensino Fundamental.","breadcrumb":{"@id":"https:\/\/lojasosprofessoratividades.com.br\/produto\/simbolos-nacionais\/#breadcrumb"},"inLanguage":"en-US","potentialAction":[{"@type":"ReadAction","target":["https:\/\/lojasosprofessoratividades.com.br\/produto\/simbolos-nacionais\/"]}]},{"@type":"ImageObject","inLanguage":"en-US","@id":"https:\/\/lojasosprofessoratividades.com.br\/produto\/simbolos-nacionais\/#primaryimage","url":"https:\/\/lojasosprofessoratividades.com.br\/wp-content\/uploads\/2022\/06\/1-4.jpg","contentUrl":"https:\/\/lojasosprofessoratividades.com.br\/wp-content\/uploads\/2022\/06\/1-4.jpg","width":800,"height":693,"caption":"S\u00edmbolos Nacionais"},{"@type":"BreadcrumbList","@id":"https:\/\/lojasosprofessoratividades.com.br\/produto\/simbolos-nacionais\/#breadcrumb","itemListElement":[{"@type":"ListItem","position":1,"name":"In\u00edcio","item":"https:\/\/lojasosprofessoratividades.com.br\/"},{"@type":"ListItem","position":2,"name":"Loja","item":"https:\/\/lojasosprofessoratividades.com.br\/loja\/"},{"@type":"ListItem","position":3,"name":"S\u00edmbolos Nacionais"}]},{"@type":"WebSite","@id":"https:\/\/lojasosprofessoratividades.com.br\/#website","url":"https:\/\/lojasosprofessoratividades.com.br\/","name":"Loja SOS Professor Atividades","description":"Venda de material did\u00e1tico para o ensino fundamental","publisher":{"@id":"https:\/\/lojasosprofessoratividades.com.br\/#organization"},"potentialAction":[{"@type":"SearchAction","target":{"@type":"EntryPoint","urlTemplate":"https:\/\/lojasosprofessoratividades.com.br\/?s={search_term_string}"},"query-input":{"@type":"PropertyValueSpecification","valueRequired":true,"valueName":"search_term_string"}}],"inLanguage":"en-US"},{"@type":"Organization","@id":"https:\/\/lojasosprofessoratividades.com.br\/#organization","name":"Loja SOS Professor Atividades","url":"https:\/\/lojasosprofessoratividades.com.br\/","logo":{"@type":"ImageObject","inLanguage":"en-US","@id":"https:\/\/lojasosprofessoratividades.com.br\/#\/schema\/logo\/image\/","url":"http:\/\/lojasosprofessoratividades.com.br\/wp-content\/uploads\/2022\/04\/Logo.png","contentUrl":"http:\/\/lojasosprofessoratividades.com.br\/wp-content\/uploads\/2022\/04\/Logo.png","width":2000,"height":2000,"caption":"Loja SOS Professor Atividades"},"image":{"@id":"https:\/\/lojasosprofessoratividades.com.br\/#\/schema\/logo\/image\/"},"sameAs":["https:\/\/www.facebook.com\/sosprofessoratividades","https:\/\/www.instagram.com\/sosprofessoratividades\/"]}]}},"_links":{"self":[{"href":"https:\/\/lojasosprofessoratividades.com.br\/en\/wp-json\/wp\/v2\/product\/23962","targetHints":{"allow":["GET"]}}],"collection":[{"href":"https:\/\/lojasosprofessoratividades.com.br\/en\/wp-json\/wp\/v2\/product"}],"about":[{"href":"https:\/\/lojasosprofessoratividades.com.br\/en\/wp-json\/wp\/v2\/types\/product"}],"replies":[{"embeddable":true,"href":"https:\/\/lojasosprofessoratividades.com.br\/en\/wp-json\/wp\/v2\/comments?post=23962"}],"wp:featuredmedia":[{"embeddable":true,"href":"https:\/\/lojasosprofessoratividades.com.br\/en\/wp-json\/wp\/v2\/media\/23963"}],"wp:attachment":[{"href":"https:\/\/lojasosprofessoratividades.com.br\/en\/wp-json\/wp\/v2\/media?parent=23962"}],"wp:term":[{"taxonomy":"product_brand","embeddable":true,"href":"https:\/\/lojasosprofessoratividades.com.br\/en\/wp-json\/wp\/v2\/product_brand?post=23962"},{"taxonomy":"product_cat","embeddable":true,"href":"https:\/\/lojasosprofessoratividades.com.br\/en\/wp-json\/wp\/v2\/product_cat?post=23962"},{"taxonomy":"product_tag","embeddable":true,"href":"https:\/\/lojasosprofessoratividades.com.br\/en\/wp-json\/wp\/v2\/product_tag?post=23962"}],"curies":[{"name":"wp","href":"https:\/\/api.w.org\/{rel}","templated":true}]}}