{"id":23989,"date":"2022-07-05T10:39:07","date_gmt":"2022-07-05T13:39:07","guid":{"rendered":"http:\/\/lojasosprofessoratividades.com.br\/?post_type=product&#038;p=23989"},"modified":"2026-05-08T17:11:36","modified_gmt":"2026-05-08T20:11:36","slug":"peixe-boi","status":"publish","type":"product","link":"https:\/\/lojasosprofessoratividades.com.br\/en\/product\/peixe-boi\/","title":{"rendered":"Peixe-boi"},"content":{"rendered":"","protected":false},"excerpt":{"rendered":"<p data-start=\"325\" data-end=\"570\">Encante seus alunos com este material interdisciplinar sobre o <strong data-start=\"388\" data-end=\"401\">Peixe-boi<\/strong>, animal amea\u00e7ado de extin\u00e7\u00e3o! Ideal para turmas do Ensino Fundamental, o arquivo digital em PDF n\u00e3o edit\u00e1vel cont\u00e9m <strong data-start=\"518\" data-end=\"567\">23 p\u00e1ginas de atividades l\u00fadicas e educativas<\/strong>:<\/p>\n<ul data-start=\"572\" data-end=\"942\">\n<li data-start=\"572\" data-end=\"625\">\n<p data-start=\"574\" data-end=\"625\">Caracter\u00edsticas do Peixe-boi e projeto PETROBR\u00c1S;<\/p>\n<\/li>\n<li data-start=\"626\" data-end=\"690\">\n<p data-start=\"628\" data-end=\"690\">Infogr\u00e1fico completo com ficha t\u00e9cnica do Peixe-boi marinho;<\/p>\n<\/li>\n<li data-start=\"691\" data-end=\"781\">\n<p data-start=\"693\" data-end=\"781\">Interpreta\u00e7\u00e3o de texto e situa\u00e7\u00f5es-problema de matem\u00e1tica (dobro, triplo e qu\u00edntuplo);<\/p>\n<\/li>\n<li data-start=\"782\" data-end=\"850\">\n<p data-start=\"784\" data-end=\"850\">Atividade interativa: \u00e1lbum do Peixe-boi para pesquisa dirigida;<\/p>\n<\/li>\n<li data-start=\"851\" data-end=\"911\">\n<p data-start=\"853\" data-end=\"911\">Material de apoio para professores e imagens para mural;<\/p>\n<\/li>\n<li data-start=\"912\" data-end=\"942\">\n<p data-start=\"914\" data-end=\"942\">Gabarito completo incluso.<\/p>\n<\/li>\n<\/ul>\n<p data-start=\"944\" data-end=\"1188\">Tudo <strong data-start=\"949\" data-end=\"984\">alinhado \u00e0s habilidades da BNCC<\/strong>, proporcionando uma aprendizagem envolvente, pr\u00e1tica e interdisciplinar. Perfeito para aulas de ci\u00eancias, matem\u00e1tica e leitura, despertando a consci\u00eancia ambiental e o interesse pelos animais em risco.<\/p>\n<p data-start=\"1190\" data-end=\"1276\"><strong data-start=\"1190\" data-end=\"1202\">Formato:<\/strong> PDF digital n\u00e3o edit\u00e1vel, pronto para impress\u00e3o ou uso em sala de aula.<\/p>\n<h3>N\u00e3o enviamos por e-mail, a entrega \u00e9 via link para download. \ud83d\udc47<\/h3>\n<p><img loading=\"lazy\" decoding=\"async\" class=\"alignnone wp-image-33408 size-full\" src=\"https:\/\/lojasosprofessoratividades.com.br\/wp-content\/uploads\/2025\/02\/Aviso-Loja.jpg\" alt=\"\" width=\"446\" height=\"251\" srcset=\"https:\/\/lojasosprofessoratividades.com.br\/wp-content\/uploads\/2025\/02\/Aviso-Loja.jpg 446w, https:\/\/lojasosprofessoratividades.com.br\/wp-content\/uploads\/2025\/02\/Aviso-Loja-300x169.jpg 300w, https:\/\/lojasosprofessoratividades.com.br\/wp-content\/uploads\/2025\/02\/Aviso-Loja-18x10.jpg 18w\" sizes=\"auto, (max-width: 446px) 100vw, 446px\" \/><\/p>","protected":false},"featured_media":24010,"comment_status":"open","ping_status":"closed","template":"","meta":[],"product_brand":[],"product_cat":[125,127,196,206,205,194,204,195],"product_tag":[2813,1427,2807,333,2811,1166,579,1431,2812,1428,1210,245,1713,472,2809,1539,250,247,2810,643,1326,1426,1429,1293,2808,1430,343],"class_list":{"0":"post-23989","1":"product","2":"type-product","3":"status-publish","4":"has-post-thumbnail","6":"product_cat-4o-ano","7":"product_cat-5o-ano","8":"product_cat-ciencias-4-ano","9":"product_cat-ciencias-5-ano","10":"product_cat-matematica-5-ano","11":"product_cat-matematica-4-ano","12":"product_cat-portugues-5-anos","13":"product_cat-portugues-4-ano","14":"product_tag-album-do-peixe-boi","15":"product_tag-animais-ameacados","16":"product_tag-animais-em-extincao","17":"product_tag-atividade-interativa","18":"product_tag-atividades-de-leitura-e-interpretacao","19":"product_tag-atividades-de-matematica","20":"product_tag-atividades-educativas","21":"product_tag-atividades-interdisciplinares","22":"product_tag-aula-ludica","23":"product_tag-biodiversidade","24":"product_tag-educacao-ambiental","25":"product_tag-ensino-fundamental","26":"product_tag-gabarito-incluso","27":"product_tag-infografico","28":"product_tag-infografico-peixe-boi","29":"product_tag-interdisciplinar","30":"product_tag-interpretacao-de-texto","31":"product_tag-matematica","32":"product_tag-material-digital-para-professores","33":"product_tag-material-pedagogico","34":"product_tag-pdf-educativo","35":"product_tag-peixe-boi","36":"product_tag-pesquisa-escolar","37":"product_tag-preservacao-ambiental","38":"product_tag-projeto-peixe-boi-petrobras","39":"product_tag-projeto-petrobras","40":"product_tag-situacoes-problema","42":"first","43":"instock","44":"downloadable","45":"virtual","46":"sold-individually","47":"purchasable","48":"product-type-simple"},"yoast_head":"<!-- This site is optimized with the Yoast SEO plugin v27.5 - https:\/\/yoast.com\/product\/yoast-seo-wordpress\/ -->\n<title>Peixe-boi - Loja SOS Professor Atividades<\/title>\n<meta name=\"description\" content=\"Explore o tema Peixe-boi com atividades divertidas e interativas! PDF digital para alunos do Fundamental com fichas, infogr\u00e1fico e gabarito inclusos.\" \/>\n<meta name=\"robots\" content=\"index, follow, max-snippet:-1, max-image-preview:large, max-video-preview:-1\" \/>\n<link rel=\"canonical\" href=\"https:\/\/lojasosprofessoratividades.com.br\/en\/product\/peixe-boi\/\" \/>\n<meta property=\"og:locale\" content=\"en_US\" \/>\n<meta property=\"og:type\" content=\"article\" \/>\n<meta property=\"og:title\" content=\"Peixe-boi - Loja SOS Professor Atividades\" \/>\n<meta property=\"og:description\" content=\"Explore o tema Peixe-boi com atividades divertidas e interativas! PDF digital para alunos do Fundamental com fichas, infogr\u00e1fico e gabarito inclusos.\" \/>\n<meta property=\"og:url\" content=\"https:\/\/lojasosprofessoratividades.com.br\/en\/product\/peixe-boi\/\" \/>\n<meta property=\"og:site_name\" content=\"Loja SOS Professor Atividades\" \/>\n<meta property=\"article:publisher\" content=\"https:\/\/www.facebook.com\/sosprofessoratividades\" \/>\n<meta property=\"article:modified_time\" content=\"2026-05-08T20:11:36+00:00\" \/>\n<meta property=\"og:image\" content=\"https:\/\/lojasosprofessoratividades.com.br\/wp-content\/uploads\/2022\/06\/1-6.jpg\" \/>\n\t<meta property=\"og:image:width\" content=\"800\" \/>\n\t<meta property=\"og:image:height\" content=\"693\" \/>\n\t<meta property=\"og:image:type\" content=\"image\/jpeg\" \/>\n<meta name=\"twitter:card\" content=\"summary_large_image\" \/>\n<meta name=\"twitter:label1\" content=\"Est. reading time\" \/>\n\t<meta name=\"twitter:data1\" content=\"1 minute\" \/>\n<script type=\"application\/ld+json\" class=\"yoast-schema-graph\">{\"@context\":\"https:\\\/\\\/schema.org\",\"@graph\":[{\"@type\":\"WebPage\",\"@id\":\"https:\\\/\\\/lojasosprofessoratividades.com.br\\\/produto\\\/peixe-boi\\\/\",\"url\":\"https:\\\/\\\/lojasosprofessoratividades.com.br\\\/produto\\\/peixe-boi\\\/\",\"name\":\"Peixe-boi - Loja SOS Professor Atividades\",\"isPartOf\":{\"@id\":\"https:\\\/\\\/lojasosprofessoratividades.com.br\\\/#website\"},\"primaryImageOfPage\":{\"@id\":\"https:\\\/\\\/lojasosprofessoratividades.com.br\\\/produto\\\/peixe-boi\\\/#primaryimage\"},\"image\":{\"@id\":\"https:\\\/\\\/lojasosprofessoratividades.com.br\\\/produto\\\/peixe-boi\\\/#primaryimage\"},\"thumbnailUrl\":\"https:\\\/\\\/lojasosprofessoratividades.com.br\\\/wp-content\\\/uploads\\\/2022\\\/06\\\/1-6.jpg\",\"datePublished\":\"2022-07-05T13:39:07+00:00\",\"dateModified\":\"2026-05-08T20:11:36+00:00\",\"description\":\"Explore o tema Peixe-boi com atividades divertidas e interativas! PDF digital para alunos do Fundamental com fichas, infogr\u00e1fico e gabarito inclusos.\",\"breadcrumb\":{\"@id\":\"https:\\\/\\\/lojasosprofessoratividades.com.br\\\/produto\\\/peixe-boi\\\/#breadcrumb\"},\"inLanguage\":\"en-US\",\"potentialAction\":[{\"@type\":\"ReadAction\",\"target\":[\"https:\\\/\\\/lojasosprofessoratividades.com.br\\\/produto\\\/peixe-boi\\\/\"]}]},{\"@type\":\"ImageObject\",\"inLanguage\":\"en-US\",\"@id\":\"https:\\\/\\\/lojasosprofessoratividades.com.br\\\/produto\\\/peixe-boi\\\/#primaryimage\",\"url\":\"https:\\\/\\\/lojasosprofessoratividades.com.br\\\/wp-content\\\/uploads\\\/2022\\\/06\\\/1-6.jpg\",\"contentUrl\":\"https:\\\/\\\/lojasosprofessoratividades.com.br\\\/wp-content\\\/uploads\\\/2022\\\/06\\\/1-6.jpg\",\"width\":800,\"height\":693,\"caption\":\"Peixe-boi\"},{\"@type\":\"BreadcrumbList\",\"@id\":\"https:\\\/\\\/lojasosprofessoratividades.com.br\\\/produto\\\/peixe-boi\\\/#breadcrumb\",\"itemListElement\":[{\"@type\":\"ListItem\",\"position\":1,\"name\":\"In\u00edcio\",\"item\":\"https:\\\/\\\/lojasosprofessoratividades.com.br\\\/\"},{\"@type\":\"ListItem\",\"position\":2,\"name\":\"Loja\",\"item\":\"https:\\\/\\\/lojasosprofessoratividades.com.br\\\/loja\\\/\"},{\"@type\":\"ListItem\",\"position\":3,\"name\":\"Peixe-boi\"}]},{\"@type\":\"WebSite\",\"@id\":\"https:\\\/\\\/lojasosprofessoratividades.com.br\\\/#website\",\"url\":\"https:\\\/\\\/lojasosprofessoratividades.com.br\\\/\",\"name\":\"Loja SOS Professor Atividades\",\"description\":\"Venda de material did\u00e1tico para o ensino fundamental\",\"publisher\":{\"@id\":\"https:\\\/\\\/lojasosprofessoratividades.com.br\\\/#organization\"},\"potentialAction\":[{\"@type\":\"SearchAction\",\"target\":{\"@type\":\"EntryPoint\",\"urlTemplate\":\"https:\\\/\\\/lojasosprofessoratividades.com.br\\\/?s={search_term_string}\"},\"query-input\":{\"@type\":\"PropertyValueSpecification\",\"valueRequired\":true,\"valueName\":\"search_term_string\"}}],\"inLanguage\":\"en-US\"},{\"@type\":\"Organization\",\"@id\":\"https:\\\/\\\/lojasosprofessoratividades.com.br\\\/#organization\",\"name\":\"Loja SOS Professor Atividades\",\"url\":\"https:\\\/\\\/lojasosprofessoratividades.com.br\\\/\",\"logo\":{\"@type\":\"ImageObject\",\"inLanguage\":\"en-US\",\"@id\":\"https:\\\/\\\/lojasosprofessoratividades.com.br\\\/#\\\/schema\\\/logo\\\/image\\\/\",\"url\":\"http:\\\/\\\/lojasosprofessoratividades.com.br\\\/wp-content\\\/uploads\\\/2022\\\/04\\\/Logo.png\",\"contentUrl\":\"http:\\\/\\\/lojasosprofessoratividades.com.br\\\/wp-content\\\/uploads\\\/2022\\\/04\\\/Logo.png\",\"width\":2000,\"height\":2000,\"caption\":\"Loja SOS Professor Atividades\"},\"image\":{\"@id\":\"https:\\\/\\\/lojasosprofessoratividades.com.br\\\/#\\\/schema\\\/logo\\\/image\\\/\"},\"sameAs\":[\"https:\\\/\\\/www.facebook.com\\\/sosprofessoratividades\",\"https:\\\/\\\/www.instagram.com\\\/sosprofessoratividades\\\/\"]}]}<\/script>\n<!-- \/ Yoast SEO plugin. -->","yoast_head_json":{"title":"Peixe-boi - Loja SOS Professor Atividades","description":"Explore o tema Peixe-boi com atividades divertidas e interativas! PDF digital para alunos do Fundamental com fichas, infogr\u00e1fico e gabarito inclusos.","robots":{"index":"index","follow":"follow","max-snippet":"max-snippet:-1","max-image-preview":"max-image-preview:large","max-video-preview":"max-video-preview:-1"},"canonical":"https:\/\/lojasosprofessoratividades.com.br\/en\/product\/peixe-boi\/","og_locale":"en_US","og_type":"article","og_title":"Peixe-boi - Loja SOS Professor Atividades","og_description":"Explore o tema Peixe-boi com atividades divertidas e interativas! PDF digital para alunos do Fundamental com fichas, infogr\u00e1fico e gabarito inclusos.","og_url":"https:\/\/lojasosprofessoratividades.com.br\/en\/product\/peixe-boi\/","og_site_name":"Loja SOS Professor Atividades","article_publisher":"https:\/\/www.facebook.com\/sosprofessoratividades","article_modified_time":"2026-05-08T20:11:36+00:00","og_image":[{"width":800,"height":693,"url":"https:\/\/lojasosprofessoratividades.com.br\/wp-content\/uploads\/2022\/06\/1-6.jpg","type":"image\/jpeg"}],"twitter_card":"summary_large_image","twitter_misc":{"Est. reading time":"1 minute"},"schema":{"@context":"https:\/\/schema.org","@graph":[{"@type":"WebPage","@id":"https:\/\/lojasosprofessoratividades.com.br\/produto\/peixe-boi\/","url":"https:\/\/lojasosprofessoratividades.com.br\/produto\/peixe-boi\/","name":"Peixe-boi - Loja SOS Professor Atividades","isPartOf":{"@id":"https:\/\/lojasosprofessoratividades.com.br\/#website"},"primaryImageOfPage":{"@id":"https:\/\/lojasosprofessoratividades.com.br\/produto\/peixe-boi\/#primaryimage"},"image":{"@id":"https:\/\/lojasosprofessoratividades.com.br\/produto\/peixe-boi\/#primaryimage"},"thumbnailUrl":"https:\/\/lojasosprofessoratividades.com.br\/wp-content\/uploads\/2022\/06\/1-6.jpg","datePublished":"2022-07-05T13:39:07+00:00","dateModified":"2026-05-08T20:11:36+00:00","description":"Explore o tema Peixe-boi com atividades divertidas e interativas! PDF digital para alunos do Fundamental com fichas, infogr\u00e1fico e gabarito inclusos.","breadcrumb":{"@id":"https:\/\/lojasosprofessoratividades.com.br\/produto\/peixe-boi\/#breadcrumb"},"inLanguage":"en-US","potentialAction":[{"@type":"ReadAction","target":["https:\/\/lojasosprofessoratividades.com.br\/produto\/peixe-boi\/"]}]},{"@type":"ImageObject","inLanguage":"en-US","@id":"https:\/\/lojasosprofessoratividades.com.br\/produto\/peixe-boi\/#primaryimage","url":"https:\/\/lojasosprofessoratividades.com.br\/wp-content\/uploads\/2022\/06\/1-6.jpg","contentUrl":"https:\/\/lojasosprofessoratividades.com.br\/wp-content\/uploads\/2022\/06\/1-6.jpg","width":800,"height":693,"caption":"Peixe-boi"},{"@type":"BreadcrumbList","@id":"https:\/\/lojasosprofessoratividades.com.br\/produto\/peixe-boi\/#breadcrumb","itemListElement":[{"@type":"ListItem","position":1,"name":"In\u00edcio","item":"https:\/\/lojasosprofessoratividades.com.br\/"},{"@type":"ListItem","position":2,"name":"Loja","item":"https:\/\/lojasosprofessoratividades.com.br\/loja\/"},{"@type":"ListItem","position":3,"name":"Peixe-boi"}]},{"@type":"WebSite","@id":"https:\/\/lojasosprofessoratividades.com.br\/#website","url":"https:\/\/lojasosprofessoratividades.com.br\/","name":"Loja SOS Professor Atividades","description":"Venda de material did\u00e1tico para o ensino fundamental","publisher":{"@id":"https:\/\/lojasosprofessoratividades.com.br\/#organization"},"potentialAction":[{"@type":"SearchAction","target":{"@type":"EntryPoint","urlTemplate":"https:\/\/lojasosprofessoratividades.com.br\/?s={search_term_string}"},"query-input":{"@type":"PropertyValueSpecification","valueRequired":true,"valueName":"search_term_string"}}],"inLanguage":"en-US"},{"@type":"Organization","@id":"https:\/\/lojasosprofessoratividades.com.br\/#organization","name":"Loja SOS Professor Atividades","url":"https:\/\/lojasosprofessoratividades.com.br\/","logo":{"@type":"ImageObject","inLanguage":"en-US","@id":"https:\/\/lojasosprofessoratividades.com.br\/#\/schema\/logo\/image\/","url":"http:\/\/lojasosprofessoratividades.com.br\/wp-content\/uploads\/2022\/04\/Logo.png","contentUrl":"http:\/\/lojasosprofessoratividades.com.br\/wp-content\/uploads\/2022\/04\/Logo.png","width":2000,"height":2000,"caption":"Loja SOS Professor Atividades"},"image":{"@id":"https:\/\/lojasosprofessoratividades.com.br\/#\/schema\/logo\/image\/"},"sameAs":["https:\/\/www.facebook.com\/sosprofessoratividades","https:\/\/www.instagram.com\/sosprofessoratividades\/"]}]}},"_links":{"self":[{"href":"https:\/\/lojasosprofessoratividades.com.br\/en\/wp-json\/wp\/v2\/product\/23989","targetHints":{"allow":["GET"]}}],"collection":[{"href":"https:\/\/lojasosprofessoratividades.com.br\/en\/wp-json\/wp\/v2\/product"}],"about":[{"href":"https:\/\/lojasosprofessoratividades.com.br\/en\/wp-json\/wp\/v2\/types\/product"}],"replies":[{"embeddable":true,"href":"https:\/\/lojasosprofessoratividades.com.br\/en\/wp-json\/wp\/v2\/comments?post=23989"}],"wp:featuredmedia":[{"embeddable":true,"href":"https:\/\/lojasosprofessoratividades.com.br\/en\/wp-json\/wp\/v2\/media\/24010"}],"wp:attachment":[{"href":"https:\/\/lojasosprofessoratividades.com.br\/en\/wp-json\/wp\/v2\/media?parent=23989"}],"wp:term":[{"taxonomy":"product_brand","embeddable":true,"href":"https:\/\/lojasosprofessoratividades.com.br\/en\/wp-json\/wp\/v2\/product_brand?post=23989"},{"taxonomy":"product_cat","embeddable":true,"href":"https:\/\/lojasosprofessoratividades.com.br\/en\/wp-json\/wp\/v2\/product_cat?post=23989"},{"taxonomy":"product_tag","embeddable":true,"href":"https:\/\/lojasosprofessoratividades.com.br\/en\/wp-json\/wp\/v2\/product_tag?post=23989"}],"curies":[{"name":"wp","href":"https:\/\/api.w.org\/{rel}","templated":true}]}}