{"id":24051,"date":"2022-07-23T11:24:26","date_gmt":"2022-07-23T14:24:26","guid":{"rendered":"http:\/\/lojasosprofessoratividades.com.br\/?post_type=product&#038;p=24051"},"modified":"2026-05-08T17:12:29","modified_gmt":"2026-05-08T20:12:29","slug":"jogo-da-colmeia-numero-de-silabas","status":"publish","type":"product","link":"https:\/\/lojasosprofessoratividades.com.br\/en\/product\/jogo-da-colmeia-numero-de-silabas\/","title":{"rendered":"Jogo da Colmeia &#8211; n\u00famero de s\u00edlabas"},"content":{"rendered":"","protected":false},"excerpt":{"rendered":"<p data-start=\"369\" data-end=\"649\"><span class=\"_fadeIn_m1hgl_8\">O <\/span><strong data-start=\"371\" data-end=\"390\"><span class=\"_fadeIn_m1hgl_8\">Jogo <\/span><span class=\"_fadeIn_m1hgl_8\">da <\/span><span class=\"_fadeIn_m1hgl_8\">Colmeia<\/span><\/strong> <span class=\"_fadeIn_m1hgl_8\">\u00e9 <\/span><span class=\"_fadeIn_m1hgl_8\">um <\/span><span class=\"_fadeIn_m1hgl_8\">recurso <\/span><span class=\"_fadeIn_m1hgl_8\">pedag\u00f3gico <\/span><span class=\"_fadeIn_m1hgl_8\">l\u00fadico <\/span><span class=\"_fadeIn_m1hgl_8\">e <\/span><span class=\"_fadeIn_m1hgl_8\">eficaz <\/span><span class=\"_fadeIn_m1hgl_8\">para <\/span><span class=\"_fadeIn_m1hgl_8\">auxiliar <\/span><span class=\"_fadeIn_m1hgl_8\">os <\/span><span class=\"_fadeIn_m1hgl_8\">alunos <\/span><span class=\"_fadeIn_m1hgl_8\">na <\/span><strong data-start=\"458\" data-end=\"522\"><span class=\"_fadeIn_m1hgl_8\">classifica\u00e7\u00e3o <\/span><span class=\"_fadeIn_m1hgl_8\">das <\/span><span class=\"_fadeIn_m1hgl_8\">palavras <\/span><span class=\"_fadeIn_m1hgl_8\">de <\/span><span class=\"_fadeIn_m1hgl_8\">acordo <\/span><span class=\"_fadeIn_m1hgl_8\">com <\/span><span class=\"_fadeIn_m1hgl_8\">o <\/span><span class=\"_fadeIn_m1hgl_8\">n\u00famero <\/span><span class=\"_fadeIn_m1hgl_8\">de <\/span><span class=\"_fadeIn_m1hgl_8\">s\u00edlabas<\/span><\/strong><span class=\"_fadeIn_m1hgl_8\">. <\/span><span class=\"_fadeIn_m1hgl_8\">Ideal <\/span><span class=\"_fadeIn_m1hgl_8\">para <\/span><strong data-start=\"535\" data-end=\"566\"><span class=\"_fadeIn_m1hgl_8\">fixar <\/span><span class=\"_fadeIn_m1hgl_8\">conte\u00fados <\/span><span class=\"_fadeIn_m1hgl_8\">gramaticais<\/span><\/strong><span class=\"_fadeIn_m1hgl_8\">, <\/span><span class=\"_fadeIn_m1hgl_8\">o <\/span><span class=\"_fadeIn_m1hgl_8\">material <\/span><span class=\"_fadeIn_m1hgl_8\">transforma <\/span><span class=\"_fadeIn_m1hgl_8\">o <\/span><span class=\"_fadeIn_m1hgl_8\">aprendizado <\/span><span class=\"_fadeIn_m1hgl_8\">em <\/span><span class=\"_fadeIn_m1hgl_8\">uma <\/span><span class=\"_fadeIn_m1hgl_8\">experi\u00eancia <\/span><span class=\"_fadeIn_m1hgl_8\">divertida <\/span><span class=\"_fadeIn_m1hgl_8\">e <\/span><span class=\"_fadeIn_m1hgl_8\">significativa!<\/span><\/p>\n<p data-start=\"651\" data-end=\"860\"><span class=\"_fadeIn_m1hgl_8\">\u00a0<\/span><strong data-start=\"654\" data-end=\"675\"><span class=\"_fadeIn_m1hgl_8\">Objetivo <\/span><span class=\"_fadeIn_m1hgl_8\">do <\/span><span class=\"_fadeIn_m1hgl_8\">jogo:<\/span><\/strong><br data-start=\"675\" data-end=\"678\" \/><span class=\"_fadeIn_m1hgl_8\">Explorar <\/span><span class=\"_fadeIn_m1hgl_8\">a <\/span><strong data-start=\"689\" data-end=\"715\"><span class=\"_fadeIn_m1hgl_8\">classifica\u00e7\u00e3o <\/span><span class=\"_fadeIn_m1hgl_8\">sil\u00e1bica<\/span><\/strong> <span class=\"_fadeIn_m1hgl_8\">de <\/span><span class=\"_fadeIn_m1hgl_8\">forma <\/span><span class=\"_fadeIn_m1hgl_8\">pr\u00e1tica, <\/span><span class=\"_fadeIn_m1hgl_8\">visual <\/span><span class=\"_fadeIn_m1hgl_8\">e <\/span><span class=\"_fadeIn_m1hgl_8\">interativa, <\/span><span class=\"_fadeIn_m1hgl_8\">contribuindo <\/span><span class=\"_fadeIn_m1hgl_8\">para <\/span><span class=\"_fadeIn_m1hgl_8\">o <\/span><strong data-start=\"775\" data-end=\"820\"><span class=\"_fadeIn_m1hgl_8\">desenvolvimento <\/span><span class=\"_fadeIn_m1hgl_8\">da <\/span><span class=\"_fadeIn_m1hgl_8\">consci\u00eancia <\/span><span class=\"_fadeIn_m1hgl_8\">fonol\u00f3gica<\/span><\/strong> <span class=\"_fadeIn_m1hgl_8\">e <\/span><span class=\"_fadeIn_m1hgl_8\">das <\/span><span class=\"_fadeIn_m1hgl_8\">habilidades <\/span><span class=\"_fadeIn_m1hgl_8\">de <\/span><span class=\"_fadeIn_m1hgl_8\">leitura <\/span><span class=\"_fadeIn_m1hgl_8\">e <\/span><span class=\"_fadeIn_m1hgl_8\">escrita.<\/span><\/p>\n<p data-start=\"862\" data-end=\"892\"><span class=\"_fadeIn_m1hgl_8\">\u00a0<\/span><strong data-start=\"865\" data-end=\"892\"><span class=\"_fadeIn_m1hgl_8\">O <\/span><span class=\"_fadeIn_m1hgl_8\">que <\/span><span class=\"_fadeIn_m1hgl_8\">cont\u00e9m <\/span><span class=\"_fadeIn_m1hgl_8\">o <\/span><span class=\"_fadeIn_m1hgl_8\">arquivo?<\/span><\/strong><\/p>\n<ul data-start=\"893\" data-end=\"1162\">\n<li data-start=\"893\" data-end=\"926\">\n<p data-start=\"895\" data-end=\"926\"><span class=\"_fadeIn_m1hgl_8\">1 <\/span><span class=\"_fadeIn_m1hgl_8\">p\u00e1gina <\/span><span class=\"_fadeIn_m1hgl_8\">de <\/span><strong data-start=\"907\" data-end=\"924\"><span class=\"_fadeIn_m1hgl_8\">capa <\/span><span class=\"_fadeIn_m1hgl_8\">tem\u00e1tica<\/span><\/strong><\/p>\n<\/li>\n<li data-start=\"927\" data-end=\"1028\">\n<p data-start=\"929\" data-end=\"1028\"><span class=\"_fadeIn_m1hgl_8\">10 <\/span><span class=\"_fadeIn_m1hgl_8\">p\u00e1ginas <\/span><span class=\"_fadeIn_m1hgl_8\">com <\/span><strong data-start=\"944\" data-end=\"965\"><span class=\"_fadeIn_m1hgl_8\">elementos <\/span><span class=\"_fadeIn_m1hgl_8\">do <\/span><span class=\"_fadeIn_m1hgl_8\">jogo<\/span><\/strong><span class=\"_fadeIn_m1hgl_8\"> (<\/span><span class=\"_fadeIn_m1hgl_8\">abelhas <\/span><span class=\"_fadeIn_m1hgl_8\">e <\/span><span class=\"_fadeIn_m1hgl_8\">colmeias <\/span><span class=\"_fadeIn_m1hgl_8\">com <\/span><span class=\"_fadeIn_m1hgl_8\">palavras <\/span><span class=\"_fadeIn_m1hgl_8\">e <\/span><span class=\"_fadeIn_m1hgl_8\">classifica\u00e7\u00f5es <\/span><span class=\"_fadeIn_m1hgl_8\">sil\u00e1bicas)<\/span><\/p>\n<\/li>\n<li data-start=\"1029\" data-end=\"1129\">\n<p data-start=\"1031\" data-end=\"1129\"><span class=\"_fadeIn_m1hgl_8\">Palavras <\/span><span class=\"_fadeIn_m1hgl_8\">com <\/span><span class=\"_fadeIn_m1hgl_8\">diferentes <\/span><span class=\"_fadeIn_m1hgl_8\">n\u00fameros <\/span><span class=\"_fadeIn_m1hgl_8\">de <\/span><span class=\"_fadeIn_m1hgl_8\">s\u00edlabas: <\/span><span class=\"_fadeIn_m1hgl_8\">monoss\u00edlabas, <\/span><span class=\"_fadeIn_m1hgl_8\">diss\u00edlabas, <\/span><span class=\"_fadeIn_m1hgl_8\">triss\u00edlabas <\/span><span class=\"_fadeIn_m1hgl_8\">e <\/span><span class=\"_fadeIn_m1hgl_8\">poliss\u00edlabas<\/span><\/p>\n<\/li>\n<li data-start=\"1130\" data-end=\"1162\">\n<p data-start=\"1132\" data-end=\"1162\"><span class=\"_fadeIn_m1hgl_8\">Pronto <\/span><span class=\"_fadeIn_m1hgl_8\">para <\/span><span class=\"_fadeIn_m1hgl_8\">imprimir <\/span><span class=\"_fadeIn_m1hgl_8\">e <\/span><span class=\"_fadeIn_m1hgl_8\">montar!<\/span><\/p>\n<\/li>\n<\/ul>\n<p data-start=\"1164\" data-end=\"1334\"><span class=\"_fadeIn_m1hgl_8\">\u00a0<\/span><strong data-start=\"1170\" data-end=\"1188\"><span class=\"_fadeIn_m1hgl_8\">Indicado <\/span><span class=\"_fadeIn_m1hgl_8\">para:<\/span><\/strong><br data-start=\"1188\" data-end=\"1191\" \/><span class=\"_fadeIn_m1hgl_8\">Turmas <\/span><span class=\"_fadeIn_m1hgl_8\">do <\/span><strong data-start=\"1201\" data-end=\"1217\"><span class=\"_fadeIn_m1hgl_8\">3\u00ba <\/span><span class=\"_fadeIn_m1hgl_8\">ao <\/span><span class=\"_fadeIn_m1hgl_8\">5\u00ba <\/span><span class=\"_fadeIn_m1hgl_8\">ano<\/span><\/strong> <span class=\"_fadeIn_m1hgl_8\">do <\/span><span class=\"_fadeIn_m1hgl_8\">Ensino <\/span><span class=\"_fadeIn_m1hgl_8\">Fundamental, <\/span><span class=\"_fadeIn_m1hgl_8\">podendo <\/span><span class=\"_fadeIn_m1hgl_8\">ser <\/span><span class=\"_fadeIn_m1hgl_8\">usado <\/span><span class=\"_fadeIn_m1hgl_8\">em <\/span><span class=\"_fadeIn_m1hgl_8\">sala <\/span><span class=\"_fadeIn_m1hgl_8\">de <\/span><span class=\"_fadeIn_m1hgl_8\">aula, <\/span><span class=\"_fadeIn_m1hgl_8\">refor\u00e7o <\/span><span class=\"_fadeIn_m1hgl_8\">escolar, <\/span><span class=\"_fadeIn_m1hgl_8\">grupos <\/span><span class=\"_fadeIn_m1hgl_8\">de <\/span><span class=\"_fadeIn_m1hgl_8\">apoio <\/span><span class=\"_fadeIn_m1hgl_8\">ou <\/span><span class=\"_fadeIn_m1hgl_8\">cantinhos <\/span><span class=\"_fadeIn_m1hgl_8\">pedag\u00f3gicos.<\/span><\/p>\n<p data-start=\"1336\" data-end=\"1582\"><span class=\"_fadeIn_m1hgl_8\">\u00a0<\/span><strong data-start=\"1339\" data-end=\"1361\"><span class=\"_fadeIn_m1hgl_8\">Benef\u00edcios <\/span><span class=\"_fadeIn_m1hgl_8\">do <\/span><span class=\"_fadeIn_m1hgl_8\">uso:<\/span><\/strong><br \/>\n<span class=\"_fadeIn_m1hgl_8\">\u2714 <\/span><span class=\"_fadeIn_m1hgl_8\">Fortalece <\/span><span class=\"_fadeIn_m1hgl_8\">a <\/span><span class=\"_fadeIn_m1hgl_8\">estrutura\u00e7\u00e3o <\/span><span class=\"_fadeIn_m1hgl_8\">do <\/span><span class=\"_fadeIn_m1hgl_8\">conhecimento <\/span><span class=\"_fadeIn_m1hgl_8\">sobre <\/span><span class=\"_fadeIn_m1hgl_8\">s\u00edlabas<\/span><br data-start=\"1418\" data-end=\"1421\" \/><span class=\"_fadeIn_m1hgl_8\">\u2714 <\/span><span class=\"_fadeIn_m1hgl_8\">Estimula <\/span><span class=\"_fadeIn_m1hgl_8\">o <\/span><span class=\"_fadeIn_m1hgl_8\">racioc\u00ednio <\/span><span class=\"_fadeIn_m1hgl_8\">e <\/span><span class=\"_fadeIn_m1hgl_8\">a <\/span><span class=\"_fadeIn_m1hgl_8\">an\u00e1lise <\/span><span class=\"_fadeIn_m1hgl_8\">lingu\u00edstica<\/span><br data-start=\"1468\" data-end=\"1471\" \/><span class=\"_fadeIn_m1hgl_8\">\u2714 <\/span><span class=\"_fadeIn_m1hgl_8\">Desenvolve <\/span><span class=\"_fadeIn_m1hgl_8\">habilidades <\/span><span class=\"_fadeIn_m1hgl_8\">de <\/span><span class=\"_fadeIn_m1hgl_8\">forma <\/span><span class=\"_fadeIn_m1hgl_8\">concreta <\/span><span class=\"_fadeIn_m1hgl_8\">e <\/span><span class=\"_fadeIn_m1hgl_8\">visual<\/span><br data-start=\"1522\" data-end=\"1525\" \/><span class=\"_fadeIn_m1hgl_8\">\u2714 <\/span><span class=\"_fadeIn_m1hgl_8\">\u00d3timo <\/span><span class=\"_fadeIn_m1hgl_8\">recurso <\/span><span class=\"_fadeIn_m1hgl_8\">para <\/span><span class=\"_fadeIn_m1hgl_8\">revis\u00e3o <\/span><span class=\"_fadeIn_m1hgl_8\">de <\/span><span class=\"_fadeIn_m1hgl_8\">conte\u00fado <\/span><span class=\"_fadeIn_m1hgl_8\">e <\/span><span class=\"_fadeIn_m1hgl_8\">fixa\u00e7\u00e3o <\/span><span class=\"_fadeIn_m1hgl_8\">l\u00fadica<\/span><\/p>\n<p data-start=\"1584\" data-end=\"1692\"><span class=\"_fadeIn_m1hgl_8\">\u00a0<\/span><strong data-start=\"1587\" data-end=\"1602\"><span class=\"_fadeIn_m1hgl_8\">Importante:<\/span><\/strong> <span class=\"_fadeIn_m1hgl_8\">Este <\/span><span class=\"_fadeIn_m1hgl_8\">\u00e9 <\/span><span class=\"_fadeIn_m1hgl_8\">um <\/span><strong data-start=\"1613\" data-end=\"1654\"><span class=\"_fadeIn_m1hgl_8\">arquivo <\/span><span class=\"_fadeIn_m1hgl_8\">digital <\/span><span class=\"_fadeIn_m1hgl_8\">em <\/span><span class=\"_fadeIn_m1hgl_8\">PDF (<\/span><span class=\"_fadeIn_m1hgl_8\">n\u00e3o <\/span><span class=\"_fadeIn_m1hgl_8\">edit\u00e1vel)<\/span><\/strong><span class=\"_fadeIn_m1hgl_8\">. <\/span><span class=\"_fadeIn_m1hgl_8\">Nenhum <\/span><span class=\"_fadeIn_m1hgl_8\">material <\/span><span class=\"_fadeIn_m1hgl_8\">f\u00edsico <\/span><span class=\"_fadeIn_m1hgl_8\">ser\u00e1 <\/span><span class=\"_fadeIn_m1hgl_8\">enviado.<\/span><\/p>\n<h3>N\u00e3o enviamos por e-mail, a entrega \u00e9 via link para download. \ud83d\udc47<\/h3>\n<p><img loading=\"lazy\" decoding=\"async\" class=\"alignnone wp-image-34064 size-full\" src=\"https:\/\/lojasosprofessoratividades.com.br\/wp-content\/uploads\/2023\/08\/Aviso-Loja-atual.jpg\" alt=\"\" width=\"446\" height=\"251\" srcset=\"https:\/\/lojasosprofessoratividades.com.br\/wp-content\/uploads\/2023\/08\/Aviso-Loja-atual.jpg 446w, https:\/\/lojasosprofessoratividades.com.br\/wp-content\/uploads\/2023\/08\/Aviso-Loja-atual-300x169.jpg 300w, https:\/\/lojasosprofessoratividades.com.br\/wp-content\/uploads\/2023\/08\/Aviso-Loja-atual-18x10.jpg 18w\" sizes=\"auto, (max-width: 446px) 100vw, 446px\" \/><\/p>","protected":false},"featured_media":24054,"comment_status":"open","ping_status":"closed","template":"","meta":[],"product_brand":[],"product_cat":[124,125,127,195,204,189],"product_tag":[1833,399,1598,1599,1551,1165,650,1829,245,1831,1834,643,1832,1326,549],"class_list":{"0":"post-24051","1":"product","2":"type-product","3":"status-publish","4":"has-post-thumbnail","6":"product_cat-3o-ano","7":"product_cat-4o-ano","8":"product_cat-5o-ano","9":"product_cat-portugues-4-ano","10":"product_cat-portugues-5-anos","11":"product_cat-portugues-3-ano","12":"product_tag-alfabetizacao-silabica","13":"product_tag-atividade-ludica","14":"product_tag-atividades-3o-ano","15":"product_tag-atividades-4o-ano","16":"product_tag-atividades-5o-ano","17":"product_tag-atividades-de-portugues","18":"product_tag-classificacao-silabica","19":"product_tag-consciencia-fonologica","20":"product_tag-ensino-fundamental","21":"product_tag-jogo-da-colmeia","22":"product_tag-jogo-de-portugues","23":"product_tag-material-pedagogico","24":"product_tag-numero-de-silabas","25":"product_tag-pdf-educativo","26":"product_tag-recursos-para-professores","28":"first","29":"instock","30":"downloadable","31":"virtual","32":"sold-individually","33":"purchasable","34":"product-type-simple"},"yoast_head":"<!-- This site is optimized with the Yoast SEO plugin v27.6 - https:\/\/yoast.com\/product\/yoast-seo-wordpress\/ -->\n<title>Jogo da Colmeia - n\u00famero de s\u00edlabas - Loja SOS Professor Atividades<\/title>\n<meta name=\"description\" content=\"Jogo da Colmeia em PDF para classificar palavras por n\u00famero de s\u00edlabas. Recurso l\u00fadico para turmas do 3\u00ba ao 5\u00ba ano do ensino fundamental.\" \/>\n<meta name=\"robots\" content=\"index, follow, max-snippet:-1, max-image-preview:large, max-video-preview:-1\" \/>\n<link rel=\"canonical\" href=\"https:\/\/lojasosprofessoratividades.com.br\/en\/product\/jogo-da-colmeia-numero-de-silabas\/\" \/>\n<meta property=\"og:locale\" content=\"en_US\" \/>\n<meta property=\"og:type\" content=\"article\" \/>\n<meta property=\"og:title\" content=\"Jogo da Colmeia - n\u00famero de s\u00edlabas - Loja SOS Professor Atividades\" \/>\n<meta property=\"og:description\" content=\"Jogo da Colmeia em PDF para classificar palavras por n\u00famero de s\u00edlabas. Recurso l\u00fadico para turmas do 3\u00ba ao 5\u00ba ano do ensino fundamental.\" \/>\n<meta property=\"og:url\" content=\"https:\/\/lojasosprofessoratividades.com.br\/en\/product\/jogo-da-colmeia-numero-de-silabas\/\" \/>\n<meta property=\"og:site_name\" content=\"Loja SOS Professor Atividades\" \/>\n<meta property=\"article:publisher\" content=\"https:\/\/www.facebook.com\/sosprofessoratividades\" \/>\n<meta property=\"article:modified_time\" content=\"2026-05-08T20:12:29+00:00\" \/>\n<meta property=\"og:image\" content=\"https:\/\/lojasosprofessoratividades.com.br\/wp-content\/uploads\/2022\/07\/F20EF91D-E032-420F-9385-5A83C4F443CA.png\" \/>\n\t<meta property=\"og:image:width\" content=\"800\" \/>\n\t<meta property=\"og:image:height\" content=\"693\" \/>\n\t<meta property=\"og:image:type\" content=\"image\/png\" \/>\n<meta name=\"twitter:card\" content=\"summary_large_image\" \/>\n<meta name=\"twitter:label1\" content=\"Est. reading time\" \/>\n\t<meta name=\"twitter:data1\" content=\"1 minute\" \/>\n<script type=\"application\/ld+json\" class=\"yoast-schema-graph\">{\"@context\":\"https:\\\/\\\/schema.org\",\"@graph\":[{\"@type\":\"WebPage\",\"@id\":\"https:\\\/\\\/lojasosprofessoratividades.com.br\\\/produto\\\/jogo-da-colmeia-numero-de-silabas\\\/\",\"url\":\"https:\\\/\\\/lojasosprofessoratividades.com.br\\\/produto\\\/jogo-da-colmeia-numero-de-silabas\\\/\",\"name\":\"Jogo da Colmeia - n\u00famero de s\u00edlabas - Loja SOS Professor Atividades\",\"isPartOf\":{\"@id\":\"https:\\\/\\\/lojasosprofessoratividades.com.br\\\/#website\"},\"primaryImageOfPage\":{\"@id\":\"https:\\\/\\\/lojasosprofessoratividades.com.br\\\/produto\\\/jogo-da-colmeia-numero-de-silabas\\\/#primaryimage\"},\"image\":{\"@id\":\"https:\\\/\\\/lojasosprofessoratividades.com.br\\\/produto\\\/jogo-da-colmeia-numero-de-silabas\\\/#primaryimage\"},\"thumbnailUrl\":\"https:\\\/\\\/lojasosprofessoratividades.com.br\\\/wp-content\\\/uploads\\\/2022\\\/07\\\/F20EF91D-E032-420F-9385-5A83C4F443CA.png\",\"datePublished\":\"2022-07-23T14:24:26+00:00\",\"dateModified\":\"2026-05-08T20:12:29+00:00\",\"description\":\"Jogo da Colmeia em PDF para classificar palavras por n\u00famero de s\u00edlabas. Recurso l\u00fadico para turmas do 3\u00ba ao 5\u00ba ano do ensino fundamental.\",\"breadcrumb\":{\"@id\":\"https:\\\/\\\/lojasosprofessoratividades.com.br\\\/produto\\\/jogo-da-colmeia-numero-de-silabas\\\/#breadcrumb\"},\"inLanguage\":\"en-US\",\"potentialAction\":[{\"@type\":\"ReadAction\",\"target\":[\"https:\\\/\\\/lojasosprofessoratividades.com.br\\\/produto\\\/jogo-da-colmeia-numero-de-silabas\\\/\"]}]},{\"@type\":\"ImageObject\",\"inLanguage\":\"en-US\",\"@id\":\"https:\\\/\\\/lojasosprofessoratividades.com.br\\\/produto\\\/jogo-da-colmeia-numero-de-silabas\\\/#primaryimage\",\"url\":\"https:\\\/\\\/lojasosprofessoratividades.com.br\\\/wp-content\\\/uploads\\\/2022\\\/07\\\/F20EF91D-E032-420F-9385-5A83C4F443CA.png\",\"contentUrl\":\"https:\\\/\\\/lojasosprofessoratividades.com.br\\\/wp-content\\\/uploads\\\/2022\\\/07\\\/F20EF91D-E032-420F-9385-5A83C4F443CA.png\",\"width\":800,\"height\":693,\"caption\":\"Jogo da Colmeia - n\u00famero de s\u00edlabas\"},{\"@type\":\"BreadcrumbList\",\"@id\":\"https:\\\/\\\/lojasosprofessoratividades.com.br\\\/produto\\\/jogo-da-colmeia-numero-de-silabas\\\/#breadcrumb\",\"itemListElement\":[{\"@type\":\"ListItem\",\"position\":1,\"name\":\"In\u00edcio\",\"item\":\"https:\\\/\\\/lojasosprofessoratividades.com.br\\\/\"},{\"@type\":\"ListItem\",\"position\":2,\"name\":\"Loja\",\"item\":\"https:\\\/\\\/lojasosprofessoratividades.com.br\\\/loja\\\/\"},{\"@type\":\"ListItem\",\"position\":3,\"name\":\"Jogo da Colmeia &#8211; n\u00famero de s\u00edlabas\"}]},{\"@type\":\"WebSite\",\"@id\":\"https:\\\/\\\/lojasosprofessoratividades.com.br\\\/#website\",\"url\":\"https:\\\/\\\/lojasosprofessoratividades.com.br\\\/\",\"name\":\"Loja SOS Professor Atividades\",\"description\":\"Venda de material did\u00e1tico para o ensino fundamental\",\"publisher\":{\"@id\":\"https:\\\/\\\/lojasosprofessoratividades.com.br\\\/#organization\"},\"potentialAction\":[{\"@type\":\"SearchAction\",\"target\":{\"@type\":\"EntryPoint\",\"urlTemplate\":\"https:\\\/\\\/lojasosprofessoratividades.com.br\\\/?s={search_term_string}\"},\"query-input\":{\"@type\":\"PropertyValueSpecification\",\"valueRequired\":true,\"valueName\":\"search_term_string\"}}],\"inLanguage\":\"en-US\"},{\"@type\":\"Organization\",\"@id\":\"https:\\\/\\\/lojasosprofessoratividades.com.br\\\/#organization\",\"name\":\"Loja SOS Professor Atividades\",\"url\":\"https:\\\/\\\/lojasosprofessoratividades.com.br\\\/\",\"logo\":{\"@type\":\"ImageObject\",\"inLanguage\":\"en-US\",\"@id\":\"https:\\\/\\\/lojasosprofessoratividades.com.br\\\/#\\\/schema\\\/logo\\\/image\\\/\",\"url\":\"http:\\\/\\\/lojasosprofessoratividades.com.br\\\/wp-content\\\/uploads\\\/2022\\\/04\\\/Logo.png\",\"contentUrl\":\"http:\\\/\\\/lojasosprofessoratividades.com.br\\\/wp-content\\\/uploads\\\/2022\\\/04\\\/Logo.png\",\"width\":2000,\"height\":2000,\"caption\":\"Loja SOS Professor Atividades\"},\"image\":{\"@id\":\"https:\\\/\\\/lojasosprofessoratividades.com.br\\\/#\\\/schema\\\/logo\\\/image\\\/\"},\"sameAs\":[\"https:\\\/\\\/www.facebook.com\\\/sosprofessoratividades\",\"https:\\\/\\\/www.instagram.com\\\/sosprofessoratividades\\\/\"]}]}<\/script>\n<!-- \/ Yoast SEO plugin. -->","yoast_head_json":{"title":"Jogo da Colmeia - n\u00famero de s\u00edlabas - Loja SOS Professor Atividades","description":"Jogo da Colmeia em PDF para classificar palavras por n\u00famero de s\u00edlabas. Recurso l\u00fadico para turmas do 3\u00ba ao 5\u00ba ano do ensino fundamental.","robots":{"index":"index","follow":"follow","max-snippet":"max-snippet:-1","max-image-preview":"max-image-preview:large","max-video-preview":"max-video-preview:-1"},"canonical":"https:\/\/lojasosprofessoratividades.com.br\/en\/product\/jogo-da-colmeia-numero-de-silabas\/","og_locale":"en_US","og_type":"article","og_title":"Jogo da Colmeia - n\u00famero de s\u00edlabas - Loja SOS Professor Atividades","og_description":"Jogo da Colmeia em PDF para classificar palavras por n\u00famero de s\u00edlabas. Recurso l\u00fadico para turmas do 3\u00ba ao 5\u00ba ano do ensino fundamental.","og_url":"https:\/\/lojasosprofessoratividades.com.br\/en\/product\/jogo-da-colmeia-numero-de-silabas\/","og_site_name":"Loja SOS Professor Atividades","article_publisher":"https:\/\/www.facebook.com\/sosprofessoratividades","article_modified_time":"2026-05-08T20:12:29+00:00","og_image":[{"width":800,"height":693,"url":"https:\/\/lojasosprofessoratividades.com.br\/wp-content\/uploads\/2022\/07\/F20EF91D-E032-420F-9385-5A83C4F443CA.png","type":"image\/png"}],"twitter_card":"summary_large_image","twitter_misc":{"Est. reading time":"1 minute"},"schema":{"@context":"https:\/\/schema.org","@graph":[{"@type":"WebPage","@id":"https:\/\/lojasosprofessoratividades.com.br\/produto\/jogo-da-colmeia-numero-de-silabas\/","url":"https:\/\/lojasosprofessoratividades.com.br\/produto\/jogo-da-colmeia-numero-de-silabas\/","name":"Jogo da Colmeia - n\u00famero de s\u00edlabas - Loja SOS Professor Atividades","isPartOf":{"@id":"https:\/\/lojasosprofessoratividades.com.br\/#website"},"primaryImageOfPage":{"@id":"https:\/\/lojasosprofessoratividades.com.br\/produto\/jogo-da-colmeia-numero-de-silabas\/#primaryimage"},"image":{"@id":"https:\/\/lojasosprofessoratividades.com.br\/produto\/jogo-da-colmeia-numero-de-silabas\/#primaryimage"},"thumbnailUrl":"https:\/\/lojasosprofessoratividades.com.br\/wp-content\/uploads\/2022\/07\/F20EF91D-E032-420F-9385-5A83C4F443CA.png","datePublished":"2022-07-23T14:24:26+00:00","dateModified":"2026-05-08T20:12:29+00:00","description":"Jogo da Colmeia em PDF para classificar palavras por n\u00famero de s\u00edlabas. Recurso l\u00fadico para turmas do 3\u00ba ao 5\u00ba ano do ensino fundamental.","breadcrumb":{"@id":"https:\/\/lojasosprofessoratividades.com.br\/produto\/jogo-da-colmeia-numero-de-silabas\/#breadcrumb"},"inLanguage":"en-US","potentialAction":[{"@type":"ReadAction","target":["https:\/\/lojasosprofessoratividades.com.br\/produto\/jogo-da-colmeia-numero-de-silabas\/"]}]},{"@type":"ImageObject","inLanguage":"en-US","@id":"https:\/\/lojasosprofessoratividades.com.br\/produto\/jogo-da-colmeia-numero-de-silabas\/#primaryimage","url":"https:\/\/lojasosprofessoratividades.com.br\/wp-content\/uploads\/2022\/07\/F20EF91D-E032-420F-9385-5A83C4F443CA.png","contentUrl":"https:\/\/lojasosprofessoratividades.com.br\/wp-content\/uploads\/2022\/07\/F20EF91D-E032-420F-9385-5A83C4F443CA.png","width":800,"height":693,"caption":"Jogo da Colmeia - n\u00famero de s\u00edlabas"},{"@type":"BreadcrumbList","@id":"https:\/\/lojasosprofessoratividades.com.br\/produto\/jogo-da-colmeia-numero-de-silabas\/#breadcrumb","itemListElement":[{"@type":"ListItem","position":1,"name":"In\u00edcio","item":"https:\/\/lojasosprofessoratividades.com.br\/"},{"@type":"ListItem","position":2,"name":"Loja","item":"https:\/\/lojasosprofessoratividades.com.br\/loja\/"},{"@type":"ListItem","position":3,"name":"Jogo da Colmeia &#8211; n\u00famero de s\u00edlabas"}]},{"@type":"WebSite","@id":"https:\/\/lojasosprofessoratividades.com.br\/#website","url":"https:\/\/lojasosprofessoratividades.com.br\/","name":"Loja SOS Professor Atividades","description":"Venda de material did\u00e1tico para o ensino fundamental","publisher":{"@id":"https:\/\/lojasosprofessoratividades.com.br\/#organization"},"potentialAction":[{"@type":"SearchAction","target":{"@type":"EntryPoint","urlTemplate":"https:\/\/lojasosprofessoratividades.com.br\/?s={search_term_string}"},"query-input":{"@type":"PropertyValueSpecification","valueRequired":true,"valueName":"search_term_string"}}],"inLanguage":"en-US"},{"@type":"Organization","@id":"https:\/\/lojasosprofessoratividades.com.br\/#organization","name":"Loja SOS Professor Atividades","url":"https:\/\/lojasosprofessoratividades.com.br\/","logo":{"@type":"ImageObject","inLanguage":"en-US","@id":"https:\/\/lojasosprofessoratividades.com.br\/#\/schema\/logo\/image\/","url":"http:\/\/lojasosprofessoratividades.com.br\/wp-content\/uploads\/2022\/04\/Logo.png","contentUrl":"http:\/\/lojasosprofessoratividades.com.br\/wp-content\/uploads\/2022\/04\/Logo.png","width":2000,"height":2000,"caption":"Loja SOS Professor Atividades"},"image":{"@id":"https:\/\/lojasosprofessoratividades.com.br\/#\/schema\/logo\/image\/"},"sameAs":["https:\/\/www.facebook.com\/sosprofessoratividades","https:\/\/www.instagram.com\/sosprofessoratividades\/"]}]}},"_links":{"self":[{"href":"https:\/\/lojasosprofessoratividades.com.br\/en\/wp-json\/wp\/v2\/product\/24051","targetHints":{"allow":["GET"]}}],"collection":[{"href":"https:\/\/lojasosprofessoratividades.com.br\/en\/wp-json\/wp\/v2\/product"}],"about":[{"href":"https:\/\/lojasosprofessoratividades.com.br\/en\/wp-json\/wp\/v2\/types\/product"}],"replies":[{"embeddable":true,"href":"https:\/\/lojasosprofessoratividades.com.br\/en\/wp-json\/wp\/v2\/comments?post=24051"}],"wp:featuredmedia":[{"embeddable":true,"href":"https:\/\/lojasosprofessoratividades.com.br\/en\/wp-json\/wp\/v2\/media\/24054"}],"wp:attachment":[{"href":"https:\/\/lojasosprofessoratividades.com.br\/en\/wp-json\/wp\/v2\/media?parent=24051"}],"wp:term":[{"taxonomy":"product_brand","embeddable":true,"href":"https:\/\/lojasosprofessoratividades.com.br\/en\/wp-json\/wp\/v2\/product_brand?post=24051"},{"taxonomy":"product_cat","embeddable":true,"href":"https:\/\/lojasosprofessoratividades.com.br\/en\/wp-json\/wp\/v2\/product_cat?post=24051"},{"taxonomy":"product_tag","embeddable":true,"href":"https:\/\/lojasosprofessoratividades.com.br\/en\/wp-json\/wp\/v2\/product_tag?post=24051"}],"curies":[{"name":"wp","href":"https:\/\/api.w.org\/{rel}","templated":true}]}}