{"id":24119,"date":"2022-08-01T10:00:19","date_gmt":"2022-08-01T13:00:19","guid":{"rendered":"http:\/\/lojasosprofessoratividades.com.br\/?post_type=product&#038;p=24119"},"modified":"2026-05-08T17:13:05","modified_gmt":"2026-05-08T20:13:05","slug":"fracao-pack-1","status":"publish","type":"product","link":"https:\/\/lojasosprofessoratividades.com.br\/en\/product\/fracao-pack-1\/","title":{"rendered":"Fra\u00e7\u00e3o pack 1"},"content":{"rendered":"","protected":false},"excerpt":{"rendered":"<p data-start=\"257\" data-end=\"428\">Ensine fra\u00e7\u00f5es de forma pr\u00e1tica e divertida para alunos do <strong data-start=\"316\" data-end=\"326\">5\u00ba ano<\/strong> com este <strong data-start=\"336\" data-end=\"376\">arquivo digital em PDF, n\u00e3o edit\u00e1vel<\/strong>, dispon\u00edvel em vers\u00f5es colorida e preto e branco.<\/p>\n<p data-start=\"430\" data-end=\"638\">Com <strong data-start=\"434\" data-end=\"448\">29 p\u00e1ginas<\/strong>, incluindo 2 capas (colorida e P&amp;B), o material traz atividades completas com gabaritos, cobrindo desde o <strong data-start=\"555\" data-end=\"591\">conceito de fra\u00e7\u00f5es no cotidiano<\/strong> at\u00e9 a <strong data-start=\"598\" data-end=\"635\">compara\u00e7\u00e3o e fra\u00e7\u00f5es equivalentes<\/strong>.<\/p>\n<p data-start=\"640\" data-end=\"659\">O arquivo inclui:<\/p>\n<ul data-start=\"660\" data-end=\"952\">\n<li data-start=\"660\" data-end=\"709\">\n<p data-start=\"662\" data-end=\"709\">Introdu\u00e7\u00e3o \u00e0 fra\u00e7\u00e3o com exemplos do dia a dia<\/p>\n<\/li>\n<li data-start=\"710\" data-end=\"775\">\n<p data-start=\"712\" data-end=\"775\">Representa\u00e7\u00e3o de fra\u00e7\u00f5es por figuras inteiras, grupos e retas<\/p>\n<\/li>\n<li data-start=\"776\" data-end=\"821\">\n<p data-start=\"778\" data-end=\"821\">Leitura e escrita de n\u00fameros fracion\u00e1rios<\/p>\n<\/li>\n<li data-start=\"822\" data-end=\"866\">\n<p data-start=\"824\" data-end=\"866\">Situa\u00e7\u00f5es-problema e fra\u00e7\u00e3o de um n\u00famero<\/p>\n<\/li>\n<li data-start=\"867\" data-end=\"915\">\n<p data-start=\"869\" data-end=\"915\">Compara\u00e7\u00e3o de fra\u00e7\u00f5es e fra\u00e7\u00f5es equivalentes<\/p>\n<\/li>\n<li data-start=\"916\" data-end=\"952\">\n<p data-start=\"918\" data-end=\"952\">Gabaritos de todas as atividades<\/p>\n<\/li>\n<\/ul>\n<p data-start=\"954\" data-end=\"1094\">\u2705 Ideal para professores que querem <strong data-start=\"990\" data-end=\"1024\">atividades l\u00fadicas e did\u00e1ticas<\/strong>, fortalecendo o aprendizado de fra\u00e7\u00f5es de forma clara e envolvente.<\/p>\n<h3>N\u00e3o enviamos por e-mail, a entrega \u00e9 via link para download.\u00a0<img decoding=\"async\" class=\"emoji\" role=\"img\" draggable=\"false\" src=\"https:\/\/s.w.org\/images\/core\/emoji\/16.0.1\/svg\/1f447.svg\" alt=\"\ud83d\udc47\" \/><\/h3>\n<p><img loading=\"lazy\" decoding=\"async\" class=\"alignnone wp-image-31375 size-full\" src=\"https:\/\/lojasosprofessoratividades.com.br\/wp-content\/uploads\/2024\/08\/Aviso-Loja.jpg\" alt=\"\" width=\"446\" height=\"251\" srcset=\"https:\/\/lojasosprofessoratividades.com.br\/wp-content\/uploads\/2024\/08\/Aviso-Loja.jpg 446w, https:\/\/lojasosprofessoratividades.com.br\/wp-content\/uploads\/2024\/08\/Aviso-Loja-300x169.jpg 300w, https:\/\/lojasosprofessoratividades.com.br\/wp-content\/uploads\/2024\/08\/Aviso-Loja-18x10.jpg 18w\" sizes=\"auto, (max-width: 446px) 100vw, 446px\" \/><\/p>","protected":false},"featured_media":24120,"comment_status":"open","ping_status":"closed","template":"","meta":[],"product_brand":[],"product_cat":[127,205],"product_tag":[2775,2749,2791,2796,2795,245,2790,2792,2794,2797,1364,643,1326,2793,343],"class_list":{"0":"post-24119","1":"product","2":"type-product","3":"status-publish","4":"has-post-thumbnail","6":"product_cat-5o-ano","7":"product_cat-matematica-5-ano","8":"product_tag-atividades-bncc","9":"product_tag-atividades-coloridas","10":"product_tag-atividades-de-fracao","11":"product_tag-atividades-pb","12":"product_tag-comparacao-de-fracoes","13":"product_tag-ensino-fundamental","14":"product_tag-fracoes-5o-ano","15":"product_tag-fracoes-cotidiano","16":"product_tag-fracoes-equivalentes","17":"product_tag-gabarito-inclusos","18":"product_tag-matematica-5o-ano","19":"product_tag-material-pedagogico","20":"product_tag-pdf-educativo","21":"product_tag-representacao-de-fracoes","22":"product_tag-situacoes-problema","24":"first","25":"instock","26":"downloadable","27":"virtual","28":"sold-individually","29":"purchasable","30":"product-type-simple"},"yoast_head":"<!-- This site is optimized with the Yoast SEO plugin v27.6 - https:\/\/yoast.com\/product\/yoast-seo-wordpress\/ -->\n<title>Fra\u00e7\u00e3o pack 1 - Loja SOS Professor Atividades<\/title>\n<meta name=\"description\" content=\"Atividades PDF para 5\u00ba ano sobre fra\u00e7\u00f5es: introdu\u00e7\u00e3o, representa\u00e7\u00e3o, compara\u00e7\u00e3o e equival\u00eancia. 29 p\u00e1ginas coloridas e P&amp;B com gabarito incluso.\" \/>\n<meta name=\"robots\" content=\"index, follow, max-snippet:-1, max-image-preview:large, max-video-preview:-1\" \/>\n<link rel=\"canonical\" href=\"https:\/\/lojasosprofessoratividades.com.br\/en\/product\/fracao-pack-1\/\" \/>\n<meta property=\"og:locale\" content=\"en_US\" \/>\n<meta property=\"og:type\" content=\"article\" \/>\n<meta property=\"og:title\" content=\"Fra\u00e7\u00e3o pack 1 - Loja SOS Professor Atividades\" \/>\n<meta property=\"og:description\" content=\"Atividades PDF para 5\u00ba ano sobre fra\u00e7\u00f5es: introdu\u00e7\u00e3o, representa\u00e7\u00e3o, compara\u00e7\u00e3o e equival\u00eancia. 29 p\u00e1ginas coloridas e P&amp;B com gabarito incluso.\" \/>\n<meta property=\"og:url\" content=\"https:\/\/lojasosprofessoratividades.com.br\/en\/product\/fracao-pack-1\/\" \/>\n<meta property=\"og:site_name\" content=\"Loja SOS Professor Atividades\" \/>\n<meta property=\"article:publisher\" content=\"https:\/\/www.facebook.com\/sosprofessoratividades\" \/>\n<meta property=\"article:modified_time\" content=\"2026-05-08T20:13:05+00:00\" \/>\n<meta property=\"og:image\" content=\"https:\/\/lojasosprofessoratividades.com.br\/wp-content\/uploads\/2022\/07\/1-4.jpg\" \/>\n\t<meta property=\"og:image:width\" content=\"800\" \/>\n\t<meta property=\"og:image:height\" content=\"693\" \/>\n\t<meta property=\"og:image:type\" content=\"image\/jpeg\" \/>\n<meta name=\"twitter:card\" content=\"summary_large_image\" \/>\n<meta name=\"twitter:label1\" content=\"Est. reading time\" \/>\n\t<meta name=\"twitter:data1\" content=\"1 minute\" \/>\n<script type=\"application\/ld+json\" class=\"yoast-schema-graph\">{\"@context\":\"https:\\\/\\\/schema.org\",\"@graph\":[{\"@type\":\"WebPage\",\"@id\":\"https:\\\/\\\/lojasosprofessoratividades.com.br\\\/produto\\\/fracao-pack-1\\\/\",\"url\":\"https:\\\/\\\/lojasosprofessoratividades.com.br\\\/produto\\\/fracao-pack-1\\\/\",\"name\":\"Fra\u00e7\u00e3o pack 1 - Loja SOS Professor Atividades\",\"isPartOf\":{\"@id\":\"https:\\\/\\\/lojasosprofessoratividades.com.br\\\/#website\"},\"primaryImageOfPage\":{\"@id\":\"https:\\\/\\\/lojasosprofessoratividades.com.br\\\/produto\\\/fracao-pack-1\\\/#primaryimage\"},\"image\":{\"@id\":\"https:\\\/\\\/lojasosprofessoratividades.com.br\\\/produto\\\/fracao-pack-1\\\/#primaryimage\"},\"thumbnailUrl\":\"https:\\\/\\\/lojasosprofessoratividades.com.br\\\/wp-content\\\/uploads\\\/2022\\\/07\\\/1-4.jpg\",\"datePublished\":\"2022-08-01T13:00:19+00:00\",\"dateModified\":\"2026-05-08T20:13:05+00:00\",\"description\":\"Atividades PDF para 5\u00ba ano sobre fra\u00e7\u00f5es: introdu\u00e7\u00e3o, representa\u00e7\u00e3o, compara\u00e7\u00e3o e equival\u00eancia. 29 p\u00e1ginas coloridas e P&B com gabarito incluso.\",\"breadcrumb\":{\"@id\":\"https:\\\/\\\/lojasosprofessoratividades.com.br\\\/produto\\\/fracao-pack-1\\\/#breadcrumb\"},\"inLanguage\":\"en-US\",\"potentialAction\":[{\"@type\":\"ReadAction\",\"target\":[\"https:\\\/\\\/lojasosprofessoratividades.com.br\\\/produto\\\/fracao-pack-1\\\/\"]}]},{\"@type\":\"ImageObject\",\"inLanguage\":\"en-US\",\"@id\":\"https:\\\/\\\/lojasosprofessoratividades.com.br\\\/produto\\\/fracao-pack-1\\\/#primaryimage\",\"url\":\"https:\\\/\\\/lojasosprofessoratividades.com.br\\\/wp-content\\\/uploads\\\/2022\\\/07\\\/1-4.jpg\",\"contentUrl\":\"https:\\\/\\\/lojasosprofessoratividades.com.br\\\/wp-content\\\/uploads\\\/2022\\\/07\\\/1-4.jpg\",\"width\":800,\"height\":693},{\"@type\":\"BreadcrumbList\",\"@id\":\"https:\\\/\\\/lojasosprofessoratividades.com.br\\\/produto\\\/fracao-pack-1\\\/#breadcrumb\",\"itemListElement\":[{\"@type\":\"ListItem\",\"position\":1,\"name\":\"In\u00edcio\",\"item\":\"https:\\\/\\\/lojasosprofessoratividades.com.br\\\/\"},{\"@type\":\"ListItem\",\"position\":2,\"name\":\"Loja\",\"item\":\"https:\\\/\\\/lojasosprofessoratividades.com.br\\\/loja\\\/\"},{\"@type\":\"ListItem\",\"position\":3,\"name\":\"Fra\u00e7\u00e3o pack 1\"}]},{\"@type\":\"WebSite\",\"@id\":\"https:\\\/\\\/lojasosprofessoratividades.com.br\\\/#website\",\"url\":\"https:\\\/\\\/lojasosprofessoratividades.com.br\\\/\",\"name\":\"Loja SOS Professor Atividades\",\"description\":\"Venda de material did\u00e1tico para o ensino fundamental\",\"publisher\":{\"@id\":\"https:\\\/\\\/lojasosprofessoratividades.com.br\\\/#organization\"},\"potentialAction\":[{\"@type\":\"SearchAction\",\"target\":{\"@type\":\"EntryPoint\",\"urlTemplate\":\"https:\\\/\\\/lojasosprofessoratividades.com.br\\\/?s={search_term_string}\"},\"query-input\":{\"@type\":\"PropertyValueSpecification\",\"valueRequired\":true,\"valueName\":\"search_term_string\"}}],\"inLanguage\":\"en-US\"},{\"@type\":\"Organization\",\"@id\":\"https:\\\/\\\/lojasosprofessoratividades.com.br\\\/#organization\",\"name\":\"Loja SOS Professor Atividades\",\"url\":\"https:\\\/\\\/lojasosprofessoratividades.com.br\\\/\",\"logo\":{\"@type\":\"ImageObject\",\"inLanguage\":\"en-US\",\"@id\":\"https:\\\/\\\/lojasosprofessoratividades.com.br\\\/#\\\/schema\\\/logo\\\/image\\\/\",\"url\":\"http:\\\/\\\/lojasosprofessoratividades.com.br\\\/wp-content\\\/uploads\\\/2022\\\/04\\\/Logo.png\",\"contentUrl\":\"http:\\\/\\\/lojasosprofessoratividades.com.br\\\/wp-content\\\/uploads\\\/2022\\\/04\\\/Logo.png\",\"width\":2000,\"height\":2000,\"caption\":\"Loja SOS Professor Atividades\"},\"image\":{\"@id\":\"https:\\\/\\\/lojasosprofessoratividades.com.br\\\/#\\\/schema\\\/logo\\\/image\\\/\"},\"sameAs\":[\"https:\\\/\\\/www.facebook.com\\\/sosprofessoratividades\",\"https:\\\/\\\/www.instagram.com\\\/sosprofessoratividades\\\/\"]}]}<\/script>\n<!-- \/ Yoast SEO plugin. -->","yoast_head_json":{"title":"Fra\u00e7\u00e3o pack 1 - Loja SOS Professor Atividades","description":"Atividades PDF para 5\u00ba ano sobre fra\u00e7\u00f5es: introdu\u00e7\u00e3o, representa\u00e7\u00e3o, compara\u00e7\u00e3o e equival\u00eancia. 29 p\u00e1ginas coloridas e P&B com gabarito incluso.","robots":{"index":"index","follow":"follow","max-snippet":"max-snippet:-1","max-image-preview":"max-image-preview:large","max-video-preview":"max-video-preview:-1"},"canonical":"https:\/\/lojasosprofessoratividades.com.br\/en\/product\/fracao-pack-1\/","og_locale":"en_US","og_type":"article","og_title":"Fra\u00e7\u00e3o pack 1 - Loja SOS Professor Atividades","og_description":"Atividades PDF para 5\u00ba ano sobre fra\u00e7\u00f5es: introdu\u00e7\u00e3o, representa\u00e7\u00e3o, compara\u00e7\u00e3o e equival\u00eancia. 29 p\u00e1ginas coloridas e P&B com gabarito incluso.","og_url":"https:\/\/lojasosprofessoratividades.com.br\/en\/product\/fracao-pack-1\/","og_site_name":"Loja SOS Professor Atividades","article_publisher":"https:\/\/www.facebook.com\/sosprofessoratividades","article_modified_time":"2026-05-08T20:13:05+00:00","og_image":[{"width":800,"height":693,"url":"https:\/\/lojasosprofessoratividades.com.br\/wp-content\/uploads\/2022\/07\/1-4.jpg","type":"image\/jpeg"}],"twitter_card":"summary_large_image","twitter_misc":{"Est. reading time":"1 minute"},"schema":{"@context":"https:\/\/schema.org","@graph":[{"@type":"WebPage","@id":"https:\/\/lojasosprofessoratividades.com.br\/produto\/fracao-pack-1\/","url":"https:\/\/lojasosprofessoratividades.com.br\/produto\/fracao-pack-1\/","name":"Fra\u00e7\u00e3o pack 1 - Loja SOS Professor Atividades","isPartOf":{"@id":"https:\/\/lojasosprofessoratividades.com.br\/#website"},"primaryImageOfPage":{"@id":"https:\/\/lojasosprofessoratividades.com.br\/produto\/fracao-pack-1\/#primaryimage"},"image":{"@id":"https:\/\/lojasosprofessoratividades.com.br\/produto\/fracao-pack-1\/#primaryimage"},"thumbnailUrl":"https:\/\/lojasosprofessoratividades.com.br\/wp-content\/uploads\/2022\/07\/1-4.jpg","datePublished":"2022-08-01T13:00:19+00:00","dateModified":"2026-05-08T20:13:05+00:00","description":"Atividades PDF para 5\u00ba ano sobre fra\u00e7\u00f5es: introdu\u00e7\u00e3o, representa\u00e7\u00e3o, compara\u00e7\u00e3o e equival\u00eancia. 29 p\u00e1ginas coloridas e P&B com gabarito incluso.","breadcrumb":{"@id":"https:\/\/lojasosprofessoratividades.com.br\/produto\/fracao-pack-1\/#breadcrumb"},"inLanguage":"en-US","potentialAction":[{"@type":"ReadAction","target":["https:\/\/lojasosprofessoratividades.com.br\/produto\/fracao-pack-1\/"]}]},{"@type":"ImageObject","inLanguage":"en-US","@id":"https:\/\/lojasosprofessoratividades.com.br\/produto\/fracao-pack-1\/#primaryimage","url":"https:\/\/lojasosprofessoratividades.com.br\/wp-content\/uploads\/2022\/07\/1-4.jpg","contentUrl":"https:\/\/lojasosprofessoratividades.com.br\/wp-content\/uploads\/2022\/07\/1-4.jpg","width":800,"height":693},{"@type":"BreadcrumbList","@id":"https:\/\/lojasosprofessoratividades.com.br\/produto\/fracao-pack-1\/#breadcrumb","itemListElement":[{"@type":"ListItem","position":1,"name":"In\u00edcio","item":"https:\/\/lojasosprofessoratividades.com.br\/"},{"@type":"ListItem","position":2,"name":"Loja","item":"https:\/\/lojasosprofessoratividades.com.br\/loja\/"},{"@type":"ListItem","position":3,"name":"Fra\u00e7\u00e3o pack 1"}]},{"@type":"WebSite","@id":"https:\/\/lojasosprofessoratividades.com.br\/#website","url":"https:\/\/lojasosprofessoratividades.com.br\/","name":"Loja SOS Professor Atividades","description":"Venda de material did\u00e1tico para o ensino fundamental","publisher":{"@id":"https:\/\/lojasosprofessoratividades.com.br\/#organization"},"potentialAction":[{"@type":"SearchAction","target":{"@type":"EntryPoint","urlTemplate":"https:\/\/lojasosprofessoratividades.com.br\/?s={search_term_string}"},"query-input":{"@type":"PropertyValueSpecification","valueRequired":true,"valueName":"search_term_string"}}],"inLanguage":"en-US"},{"@type":"Organization","@id":"https:\/\/lojasosprofessoratividades.com.br\/#organization","name":"Loja SOS Professor Atividades","url":"https:\/\/lojasosprofessoratividades.com.br\/","logo":{"@type":"ImageObject","inLanguage":"en-US","@id":"https:\/\/lojasosprofessoratividades.com.br\/#\/schema\/logo\/image\/","url":"http:\/\/lojasosprofessoratividades.com.br\/wp-content\/uploads\/2022\/04\/Logo.png","contentUrl":"http:\/\/lojasosprofessoratividades.com.br\/wp-content\/uploads\/2022\/04\/Logo.png","width":2000,"height":2000,"caption":"Loja SOS Professor Atividades"},"image":{"@id":"https:\/\/lojasosprofessoratividades.com.br\/#\/schema\/logo\/image\/"},"sameAs":["https:\/\/www.facebook.com\/sosprofessoratividades","https:\/\/www.instagram.com\/sosprofessoratividades\/"]}]}},"_links":{"self":[{"href":"https:\/\/lojasosprofessoratividades.com.br\/en\/wp-json\/wp\/v2\/product\/24119","targetHints":{"allow":["GET"]}}],"collection":[{"href":"https:\/\/lojasosprofessoratividades.com.br\/en\/wp-json\/wp\/v2\/product"}],"about":[{"href":"https:\/\/lojasosprofessoratividades.com.br\/en\/wp-json\/wp\/v2\/types\/product"}],"replies":[{"embeddable":true,"href":"https:\/\/lojasosprofessoratividades.com.br\/en\/wp-json\/wp\/v2\/comments?post=24119"}],"wp:featuredmedia":[{"embeddable":true,"href":"https:\/\/lojasosprofessoratividades.com.br\/en\/wp-json\/wp\/v2\/media\/24120"}],"wp:attachment":[{"href":"https:\/\/lojasosprofessoratividades.com.br\/en\/wp-json\/wp\/v2\/media?parent=24119"}],"wp:term":[{"taxonomy":"product_brand","embeddable":true,"href":"https:\/\/lojasosprofessoratividades.com.br\/en\/wp-json\/wp\/v2\/product_brand?post=24119"},{"taxonomy":"product_cat","embeddable":true,"href":"https:\/\/lojasosprofessoratividades.com.br\/en\/wp-json\/wp\/v2\/product_cat?post=24119"},{"taxonomy":"product_tag","embeddable":true,"href":"https:\/\/lojasosprofessoratividades.com.br\/en\/wp-json\/wp\/v2\/product_tag?post=24119"}],"curies":[{"name":"wp","href":"https:\/\/api.w.org\/{rel}","templated":true}]}}