{"id":24133,"date":"2022-08-03T10:00:38","date_gmt":"2022-08-03T13:00:38","guid":{"rendered":"http:\/\/lojasosprofessoratividades.com.br\/?post_type=product&#038;p=24133"},"modified":"2026-05-08T17:13:17","modified_gmt":"2026-05-08T20:13:17","slug":"atividades-joaninha","status":"publish","type":"product","link":"https:\/\/lojasosprofessoratividades.com.br\/en\/product\/atividades-joaninha\/","title":{"rendered":"Atividades Educativas Joaninha para Educa\u00e7\u00e3o Infantil 3"},"content":{"rendered":"","protected":false},"excerpt":{"rendered":"<p data-start=\"281\" data-end=\"614\">Estimule o aprendizado e a criatividade de crian\u00e7as da <strong data-start=\"336\" data-end=\"359\">Educa\u00e7\u00e3o Infantil 3<\/strong> com este arquivo digital em PDF, <strong data-start=\"393\" data-end=\"409\">n\u00e3o edit\u00e1vel<\/strong>, dispon\u00edvel em vers\u00f5es colorida e preto e branco. Desenvolvido com base nas habilidades da <strong data-start=\"501\" data-end=\"509\">BNCC<\/strong>, o material promove a aprendizagem l\u00fadica e interativa de n\u00fameros, formas, cores e produ\u00e7\u00e3o art\u00edstica.<\/p>\n<p data-start=\"616\" data-end=\"714\">O arquivo cont\u00e9m <strong data-start=\"633\" data-end=\"647\">32 p\u00e1ginas<\/strong>, sendo 2 capas (1 colorida e 1 P&amp;B) e as demais distribu\u00eddas em:<\/p>\n<ul data-start=\"716\" data-end=\"979\">\n<li data-start=\"716\" data-end=\"755\">\n<p data-start=\"718\" data-end=\"755\">Cartaz\/lembrete e cartaz interativo<\/p>\n<\/li>\n<li data-start=\"756\" data-end=\"787\">\n<p data-start=\"758\" data-end=\"787\">Coroas para menino e menina<\/p>\n<\/li>\n<li data-start=\"788\" data-end=\"817\">\n<p data-start=\"790\" data-end=\"817\">Ciclo de vida da joaninha<\/p>\n<\/li>\n<li data-start=\"818\" data-end=\"862\">\n<p data-start=\"820\" data-end=\"862\">Produ\u00e7\u00e3o de texto dirigida e mapa mental<\/p>\n<\/li>\n<li data-start=\"863\" data-end=\"979\">\n<p data-start=\"865\" data-end=\"979\">Atividades de simetria, contagem, registro num\u00e9rico, tamanhos, cores e identifica\u00e7\u00e3o de elementos de um conjunto<\/p>\n<\/li>\n<\/ul>\n<p data-start=\"981\" data-end=\"1017\"><strong data-start=\"981\" data-end=\"1015\">Habilidades da BNCC abordadas:<\/strong><\/p>\n<ul data-start=\"1018\" data-end=\"1314\">\n<li data-start=\"1018\" data-end=\"1074\">\n<p data-start=\"1020\" data-end=\"1074\">(EI03ET07) Sequ\u00eancia num\u00e9rica: antes, depois e entre<\/p>\n<\/li>\n<li data-start=\"1075\" data-end=\"1126\">\n<p data-start=\"1077\" data-end=\"1126\">(EI03ET01) Compara\u00e7\u00e3o de objetos e propriedades<\/p>\n<\/li>\n<li data-start=\"1127\" data-end=\"1184\">\n<p data-start=\"1129\" data-end=\"1184\">(EI03ET05) Classifica\u00e7\u00e3o por semelhan\u00e7as e diferen\u00e7as<\/p>\n<\/li>\n<li data-start=\"1185\" data-end=\"1249\">\n<p data-start=\"1187\" data-end=\"1249\">(EI03TS02) Produ\u00e7\u00e3o art\u00edstica bidimensional e tridimensional<\/p>\n<\/li>\n<li data-start=\"1250\" data-end=\"1314\">\n<p data-start=\"1252\" data-end=\"1314\">(EI03EF09) Registro de palavras e textos de forma espont\u00e2nea<\/p>\n<\/li>\n<\/ul>\n<p data-start=\"1316\" data-end=\"1441\">\u2705 Ideal para professores que desejam <strong data-start=\"1353\" data-end=\"1389\">atividades pr\u00e1ticas e divertidas<\/strong>, promovendo desenvolvimento cognitivo e criativo.<\/p>\n<h3>N\u00e3o enviamos por e-mail, a entrega \u00e9 via link para download.\u00a0<img decoding=\"async\" class=\"emoji\" role=\"img\" draggable=\"false\" src=\"https:\/\/s.w.org\/images\/core\/emoji\/16.0.1\/svg\/1f447.svg\" alt=\"\ud83d\udc47\" \/><\/h3>\n<p>&nbsp;<\/p>\n<p><img loading=\"lazy\" decoding=\"async\" class=\"alignnone wp-image-35707 size-full\" src=\"https:\/\/lojasosprofessoratividades.com.br\/wp-content\/uploads\/2023\/09\/Aviso-Loja-atual.jpg\" alt=\"\" width=\"446\" height=\"251\" srcset=\"https:\/\/lojasosprofessoratividades.com.br\/wp-content\/uploads\/2023\/09\/Aviso-Loja-atual.jpg 446w, https:\/\/lojasosprofessoratividades.com.br\/wp-content\/uploads\/2023\/09\/Aviso-Loja-atual-300x169.jpg 300w, https:\/\/lojasosprofessoratividades.com.br\/wp-content\/uploads\/2023\/09\/Aviso-Loja-atual-18x10.jpg 18w\" sizes=\"auto, (max-width: 446px) 100vw, 446px\" \/><\/p>","protected":false},"featured_media":24135,"comment_status":"open","ping_status":"closed","template":"","meta":[],"product_brand":[],"product_cat":[126,201],"product_tag":[2775,2749,279,2784,2750,2789,2788,2785,246,2441,1396,296,1136,2787,1324,2786],"class_list":{"0":"post-24133","1":"product","2":"type-product","3":"status-publish","4":"has-post-thumbnail","6":"product_cat-educacao-infantil","7":"product_cat-espacos-tempos-quantidades-relacoes-e-transformacoes","8":"product_tag-atividades-bncc","9":"product_tag-atividades-coloridas","10":"product_tag-atividades-interativas","11":"product_tag-atividades-pdf","12":"product_tag-atividades-preto-e-branco","13":"product_tag-cartaz-interativo","14":"product_tag-ciclo-de-vida","15":"product_tag-contagem","16":"product_tag-educacao-infantil","17":"product_tag-educacao-infantil-3","18":"product_tag-ensino-infantil","19":"product_tag-mapa-mental","20":"product_tag-materiais-pedagogicos","21":"product_tag-producao-artistica","22":"product_tag-sequencia-numerica","23":"product_tag-simetria","25":"first","26":"instock","27":"downloadable","28":"virtual","29":"sold-individually","30":"purchasable","31":"product-type-simple"},"yoast_head":"<!-- This site is optimized with the Yoast SEO plugin v27.6 - https:\/\/yoast.com\/product\/yoast-seo-wordpress\/ -->\n<title>Atividades Educativas Joaninha para Educa\u00e7\u00e3o Infantil 3 - Loja SOS Professor Atividades<\/title>\n<meta name=\"description\" content=\"Atividades Educa\u00e7\u00e3o Infantil 3 em PDF: n\u00fameros, contagem, simetria, cores e produ\u00e7\u00e3o art\u00edstica. 32 p\u00e1ginas coloridas e P&amp;B, alinhadas \u00e0 BNCC.\" \/>\n<meta name=\"robots\" content=\"index, follow, max-snippet:-1, max-image-preview:large, max-video-preview:-1\" \/>\n<link rel=\"canonical\" href=\"https:\/\/lojasosprofessoratividades.com.br\/en\/product\/atividades-joaninha\/\" \/>\n<meta property=\"og:locale\" content=\"en_US\" \/>\n<meta property=\"og:type\" content=\"article\" \/>\n<meta property=\"og:title\" content=\"Atividades Educativas Joaninha para Educa\u00e7\u00e3o Infantil 3 - Loja SOS Professor Atividades\" \/>\n<meta property=\"og:description\" content=\"Atividades Educa\u00e7\u00e3o Infantil 3 em PDF: n\u00fameros, contagem, simetria, cores e produ\u00e7\u00e3o art\u00edstica. 32 p\u00e1ginas coloridas e P&amp;B, alinhadas \u00e0 BNCC.\" \/>\n<meta property=\"og:url\" content=\"https:\/\/lojasosprofessoratividades.com.br\/en\/product\/atividades-joaninha\/\" \/>\n<meta property=\"og:site_name\" content=\"Loja SOS Professor Atividades\" \/>\n<meta property=\"article:publisher\" content=\"https:\/\/www.facebook.com\/sosprofessoratividades\" \/>\n<meta property=\"article:modified_time\" content=\"2026-05-08T20:13:17+00:00\" \/>\n<meta property=\"og:image\" content=\"https:\/\/lojasosprofessoratividades.com.br\/wp-content\/uploads\/2022\/08\/1.jpg\" \/>\n\t<meta property=\"og:image:width\" content=\"800\" \/>\n\t<meta property=\"og:image:height\" content=\"693\" \/>\n\t<meta property=\"og:image:type\" content=\"image\/jpeg\" \/>\n<meta name=\"twitter:card\" content=\"summary_large_image\" \/>\n<meta name=\"twitter:label1\" content=\"Est. reading time\" \/>\n\t<meta name=\"twitter:data1\" content=\"1 minute\" \/>\n<script type=\"application\/ld+json\" class=\"yoast-schema-graph\">{\"@context\":\"https:\\\/\\\/schema.org\",\"@graph\":[{\"@type\":\"WebPage\",\"@id\":\"https:\\\/\\\/lojasosprofessoratividades.com.br\\\/produto\\\/atividades-joaninha\\\/\",\"url\":\"https:\\\/\\\/lojasosprofessoratividades.com.br\\\/produto\\\/atividades-joaninha\\\/\",\"name\":\"Atividades Educativas Joaninha para Educa\u00e7\u00e3o Infantil 3 - Loja SOS Professor Atividades\",\"isPartOf\":{\"@id\":\"https:\\\/\\\/lojasosprofessoratividades.com.br\\\/#website\"},\"primaryImageOfPage\":{\"@id\":\"https:\\\/\\\/lojasosprofessoratividades.com.br\\\/produto\\\/atividades-joaninha\\\/#primaryimage\"},\"image\":{\"@id\":\"https:\\\/\\\/lojasosprofessoratividades.com.br\\\/produto\\\/atividades-joaninha\\\/#primaryimage\"},\"thumbnailUrl\":\"https:\\\/\\\/lojasosprofessoratividades.com.br\\\/wp-content\\\/uploads\\\/2022\\\/08\\\/1.jpg\",\"datePublished\":\"2022-08-03T13:00:38+00:00\",\"dateModified\":\"2026-05-08T20:13:17+00:00\",\"description\":\"Atividades Educa\u00e7\u00e3o Infantil 3 em PDF: n\u00fameros, contagem, simetria, cores e produ\u00e7\u00e3o art\u00edstica. 32 p\u00e1ginas coloridas e P&B, alinhadas \u00e0 BNCC.\",\"breadcrumb\":{\"@id\":\"https:\\\/\\\/lojasosprofessoratividades.com.br\\\/produto\\\/atividades-joaninha\\\/#breadcrumb\"},\"inLanguage\":\"en-US\",\"potentialAction\":[{\"@type\":\"ReadAction\",\"target\":[\"https:\\\/\\\/lojasosprofessoratividades.com.br\\\/produto\\\/atividades-joaninha\\\/\"]}]},{\"@type\":\"ImageObject\",\"inLanguage\":\"en-US\",\"@id\":\"https:\\\/\\\/lojasosprofessoratividades.com.br\\\/produto\\\/atividades-joaninha\\\/#primaryimage\",\"url\":\"https:\\\/\\\/lojasosprofessoratividades.com.br\\\/wp-content\\\/uploads\\\/2022\\\/08\\\/1.jpg\",\"contentUrl\":\"https:\\\/\\\/lojasosprofessoratividades.com.br\\\/wp-content\\\/uploads\\\/2022\\\/08\\\/1.jpg\",\"width\":800,\"height\":693},{\"@type\":\"BreadcrumbList\",\"@id\":\"https:\\\/\\\/lojasosprofessoratividades.com.br\\\/produto\\\/atividades-joaninha\\\/#breadcrumb\",\"itemListElement\":[{\"@type\":\"ListItem\",\"position\":1,\"name\":\"In\u00edcio\",\"item\":\"https:\\\/\\\/lojasosprofessoratividades.com.br\\\/\"},{\"@type\":\"ListItem\",\"position\":2,\"name\":\"Loja\",\"item\":\"https:\\\/\\\/lojasosprofessoratividades.com.br\\\/loja\\\/\"},{\"@type\":\"ListItem\",\"position\":3,\"name\":\"Atividades Educativas Joaninha para Educa\u00e7\u00e3o Infantil 3\"}]},{\"@type\":\"WebSite\",\"@id\":\"https:\\\/\\\/lojasosprofessoratividades.com.br\\\/#website\",\"url\":\"https:\\\/\\\/lojasosprofessoratividades.com.br\\\/\",\"name\":\"Loja SOS Professor Atividades\",\"description\":\"Venda de material did\u00e1tico para o ensino fundamental\",\"publisher\":{\"@id\":\"https:\\\/\\\/lojasosprofessoratividades.com.br\\\/#organization\"},\"potentialAction\":[{\"@type\":\"SearchAction\",\"target\":{\"@type\":\"EntryPoint\",\"urlTemplate\":\"https:\\\/\\\/lojasosprofessoratividades.com.br\\\/?s={search_term_string}\"},\"query-input\":{\"@type\":\"PropertyValueSpecification\",\"valueRequired\":true,\"valueName\":\"search_term_string\"}}],\"inLanguage\":\"en-US\"},{\"@type\":\"Organization\",\"@id\":\"https:\\\/\\\/lojasosprofessoratividades.com.br\\\/#organization\",\"name\":\"Loja SOS Professor Atividades\",\"url\":\"https:\\\/\\\/lojasosprofessoratividades.com.br\\\/\",\"logo\":{\"@type\":\"ImageObject\",\"inLanguage\":\"en-US\",\"@id\":\"https:\\\/\\\/lojasosprofessoratividades.com.br\\\/#\\\/schema\\\/logo\\\/image\\\/\",\"url\":\"http:\\\/\\\/lojasosprofessoratividades.com.br\\\/wp-content\\\/uploads\\\/2022\\\/04\\\/Logo.png\",\"contentUrl\":\"http:\\\/\\\/lojasosprofessoratividades.com.br\\\/wp-content\\\/uploads\\\/2022\\\/04\\\/Logo.png\",\"width\":2000,\"height\":2000,\"caption\":\"Loja SOS Professor Atividades\"},\"image\":{\"@id\":\"https:\\\/\\\/lojasosprofessoratividades.com.br\\\/#\\\/schema\\\/logo\\\/image\\\/\"},\"sameAs\":[\"https:\\\/\\\/www.facebook.com\\\/sosprofessoratividades\",\"https:\\\/\\\/www.instagram.com\\\/sosprofessoratividades\\\/\"]}]}<\/script>\n<!-- \/ Yoast SEO plugin. -->","yoast_head_json":{"title":"Atividades Educativas Joaninha para Educa\u00e7\u00e3o Infantil 3 - Loja SOS Professor Atividades","description":"Atividades Educa\u00e7\u00e3o Infantil 3 em PDF: n\u00fameros, contagem, simetria, cores e produ\u00e7\u00e3o art\u00edstica. 32 p\u00e1ginas coloridas e P&B, alinhadas \u00e0 BNCC.","robots":{"index":"index","follow":"follow","max-snippet":"max-snippet:-1","max-image-preview":"max-image-preview:large","max-video-preview":"max-video-preview:-1"},"canonical":"https:\/\/lojasosprofessoratividades.com.br\/en\/product\/atividades-joaninha\/","og_locale":"en_US","og_type":"article","og_title":"Atividades Educativas Joaninha para Educa\u00e7\u00e3o Infantil 3 - Loja SOS Professor Atividades","og_description":"Atividades Educa\u00e7\u00e3o Infantil 3 em PDF: n\u00fameros, contagem, simetria, cores e produ\u00e7\u00e3o art\u00edstica. 32 p\u00e1ginas coloridas e P&B, alinhadas \u00e0 BNCC.","og_url":"https:\/\/lojasosprofessoratividades.com.br\/en\/product\/atividades-joaninha\/","og_site_name":"Loja SOS Professor Atividades","article_publisher":"https:\/\/www.facebook.com\/sosprofessoratividades","article_modified_time":"2026-05-08T20:13:17+00:00","og_image":[{"width":800,"height":693,"url":"https:\/\/lojasosprofessoratividades.com.br\/wp-content\/uploads\/2022\/08\/1.jpg","type":"image\/jpeg"}],"twitter_card":"summary_large_image","twitter_misc":{"Est. reading time":"1 minute"},"schema":{"@context":"https:\/\/schema.org","@graph":[{"@type":"WebPage","@id":"https:\/\/lojasosprofessoratividades.com.br\/produto\/atividades-joaninha\/","url":"https:\/\/lojasosprofessoratividades.com.br\/produto\/atividades-joaninha\/","name":"Atividades Educativas Joaninha para Educa\u00e7\u00e3o Infantil 3 - Loja SOS Professor Atividades","isPartOf":{"@id":"https:\/\/lojasosprofessoratividades.com.br\/#website"},"primaryImageOfPage":{"@id":"https:\/\/lojasosprofessoratividades.com.br\/produto\/atividades-joaninha\/#primaryimage"},"image":{"@id":"https:\/\/lojasosprofessoratividades.com.br\/produto\/atividades-joaninha\/#primaryimage"},"thumbnailUrl":"https:\/\/lojasosprofessoratividades.com.br\/wp-content\/uploads\/2022\/08\/1.jpg","datePublished":"2022-08-03T13:00:38+00:00","dateModified":"2026-05-08T20:13:17+00:00","description":"Atividades Educa\u00e7\u00e3o Infantil 3 em PDF: n\u00fameros, contagem, simetria, cores e produ\u00e7\u00e3o art\u00edstica. 32 p\u00e1ginas coloridas e P&B, alinhadas \u00e0 BNCC.","breadcrumb":{"@id":"https:\/\/lojasosprofessoratividades.com.br\/produto\/atividades-joaninha\/#breadcrumb"},"inLanguage":"en-US","potentialAction":[{"@type":"ReadAction","target":["https:\/\/lojasosprofessoratividades.com.br\/produto\/atividades-joaninha\/"]}]},{"@type":"ImageObject","inLanguage":"en-US","@id":"https:\/\/lojasosprofessoratividades.com.br\/produto\/atividades-joaninha\/#primaryimage","url":"https:\/\/lojasosprofessoratividades.com.br\/wp-content\/uploads\/2022\/08\/1.jpg","contentUrl":"https:\/\/lojasosprofessoratividades.com.br\/wp-content\/uploads\/2022\/08\/1.jpg","width":800,"height":693},{"@type":"BreadcrumbList","@id":"https:\/\/lojasosprofessoratividades.com.br\/produto\/atividades-joaninha\/#breadcrumb","itemListElement":[{"@type":"ListItem","position":1,"name":"In\u00edcio","item":"https:\/\/lojasosprofessoratividades.com.br\/"},{"@type":"ListItem","position":2,"name":"Loja","item":"https:\/\/lojasosprofessoratividades.com.br\/loja\/"},{"@type":"ListItem","position":3,"name":"Atividades Educativas Joaninha para Educa\u00e7\u00e3o Infantil 3"}]},{"@type":"WebSite","@id":"https:\/\/lojasosprofessoratividades.com.br\/#website","url":"https:\/\/lojasosprofessoratividades.com.br\/","name":"Loja SOS Professor Atividades","description":"Venda de material did\u00e1tico para o ensino fundamental","publisher":{"@id":"https:\/\/lojasosprofessoratividades.com.br\/#organization"},"potentialAction":[{"@type":"SearchAction","target":{"@type":"EntryPoint","urlTemplate":"https:\/\/lojasosprofessoratividades.com.br\/?s={search_term_string}"},"query-input":{"@type":"PropertyValueSpecification","valueRequired":true,"valueName":"search_term_string"}}],"inLanguage":"en-US"},{"@type":"Organization","@id":"https:\/\/lojasosprofessoratividades.com.br\/#organization","name":"Loja SOS Professor Atividades","url":"https:\/\/lojasosprofessoratividades.com.br\/","logo":{"@type":"ImageObject","inLanguage":"en-US","@id":"https:\/\/lojasosprofessoratividades.com.br\/#\/schema\/logo\/image\/","url":"http:\/\/lojasosprofessoratividades.com.br\/wp-content\/uploads\/2022\/04\/Logo.png","contentUrl":"http:\/\/lojasosprofessoratividades.com.br\/wp-content\/uploads\/2022\/04\/Logo.png","width":2000,"height":2000,"caption":"Loja SOS Professor Atividades"},"image":{"@id":"https:\/\/lojasosprofessoratividades.com.br\/#\/schema\/logo\/image\/"},"sameAs":["https:\/\/www.facebook.com\/sosprofessoratividades","https:\/\/www.instagram.com\/sosprofessoratividades\/"]}]}},"_links":{"self":[{"href":"https:\/\/lojasosprofessoratividades.com.br\/en\/wp-json\/wp\/v2\/product\/24133","targetHints":{"allow":["GET"]}}],"collection":[{"href":"https:\/\/lojasosprofessoratividades.com.br\/en\/wp-json\/wp\/v2\/product"}],"about":[{"href":"https:\/\/lojasosprofessoratividades.com.br\/en\/wp-json\/wp\/v2\/types\/product"}],"replies":[{"embeddable":true,"href":"https:\/\/lojasosprofessoratividades.com.br\/en\/wp-json\/wp\/v2\/comments?post=24133"}],"wp:featuredmedia":[{"embeddable":true,"href":"https:\/\/lojasosprofessoratividades.com.br\/en\/wp-json\/wp\/v2\/media\/24135"}],"wp:attachment":[{"href":"https:\/\/lojasosprofessoratividades.com.br\/en\/wp-json\/wp\/v2\/media?parent=24133"}],"wp:term":[{"taxonomy":"product_brand","embeddable":true,"href":"https:\/\/lojasosprofessoratividades.com.br\/en\/wp-json\/wp\/v2\/product_brand?post=24133"},{"taxonomy":"product_cat","embeddable":true,"href":"https:\/\/lojasosprofessoratividades.com.br\/en\/wp-json\/wp\/v2\/product_cat?post=24133"},{"taxonomy":"product_tag","embeddable":true,"href":"https:\/\/lojasosprofessoratividades.com.br\/en\/wp-json\/wp\/v2\/product_tag?post=24133"}],"curies":[{"name":"wp","href":"https:\/\/api.w.org\/{rel}","templated":true}]}}