{"id":24160,"date":"2022-08-07T07:00:17","date_gmt":"2022-08-07T10:00:17","guid":{"rendered":"http:\/\/lojasosprofessoratividades.com.br\/?post_type=product&#038;p=24160"},"modified":"2026-05-08T17:13:50","modified_gmt":"2026-05-08T20:13:50","slug":"magnetismo","status":"publish","type":"product","link":"https:\/\/lojasosprofessoratividades.com.br\/en\/product\/magnetismo\/","title":{"rendered":"Magnetismo"},"content":{"rendered":"","protected":false},"excerpt":{"rendered":"<p data-start=\"137\" data-end=\"345\">Incentive a aprendizagem pr\u00e1tica e divertida com este material completo sobre magnetismo, ideal para alunos do 5\u00ba ano. Arquivo digital <strong data-start=\"272\" data-end=\"288\">n\u00e3o edit\u00e1vel<\/strong>, desenvolvido de acordo com as diretrizes da <strong data-start=\"334\" data-end=\"342\">BNCC<\/strong>.<\/p>\n<p data-start=\"347\" data-end=\"453\">O arquivo cont\u00e9m <strong data-start=\"364\" data-end=\"378\">15 p\u00e1ginas<\/strong>, incluindo 1 capa e as demais distribu\u00eddas entre atividades e gabaritos.<\/p>\n<p data-start=\"455\" data-end=\"482\"><strong data-start=\"455\" data-end=\"480\">Conte\u00fado do material:<\/strong><\/p>\n<ul data-start=\"483\" data-end=\"847\">\n<li data-start=\"483\" data-end=\"526\">\n<p data-start=\"485\" data-end=\"526\">Texto e interpreta\u00e7\u00e3o sobre magnetismo;<\/p>\n<\/li>\n<li data-start=\"527\" data-end=\"568\">\n<p data-start=\"529\" data-end=\"568\">For\u00e7a de atra\u00e7\u00e3o e repuls\u00e3o dos \u00edm\u00e3s;<\/p>\n<\/li>\n<li data-start=\"569\" data-end=\"611\">\n<p data-start=\"571\" data-end=\"611\">Atividade interativa sobre magnetismo;<\/p>\n<\/li>\n<li data-start=\"612\" data-end=\"651\">\n<p data-start=\"614\" data-end=\"651\">Sugest\u00f5es de experimentos com \u00edm\u00e3s;<\/p>\n<\/li>\n<li data-start=\"652\" data-end=\"709\">\n<p data-start=\"654\" data-end=\"709\">Dois tipos de folhas para relat\u00f3rio dos experimentos;<\/p>\n<\/li>\n<li data-start=\"710\" data-end=\"752\">\n<p data-start=\"712\" data-end=\"752\">Texto e interpreta\u00e7\u00e3o sobre a b\u00fassola;<\/p>\n<\/li>\n<li data-start=\"753\" data-end=\"799\">\n<p data-start=\"755\" data-end=\"799\">Passo a passo da confec\u00e7\u00e3o de uma b\u00fassola;<\/p>\n<\/li>\n<li data-start=\"800\" data-end=\"847\">\n<p data-start=\"802\" data-end=\"847\">Gabarito completo para todas as atividades.<\/p>\n<\/li>\n<\/ul>\n<p data-start=\"849\" data-end=\"1074\"><strong data-start=\"849\" data-end=\"876\">Benef\u00edcios do material:<\/strong><br data-start=\"876\" data-end=\"879\" \/>\u2705 Promove o aprendizado de ci\u00eancias de forma pr\u00e1tica e interativa<br data-start=\"944\" data-end=\"947\" \/>\u2705 Desenvolve habilidades de observa\u00e7\u00e3o, an\u00e1lise e registro de experimentos<br data-start=\"1021\" data-end=\"1024\" \/>\u2705 Alinha-se \u00e0s habilidades da BNCC para o 5\u00ba ano<\/p>\n<h3>N\u00e3o enviamos por e-mail, a entrega \u00e9 via link para download. \ud83d\udc47<\/h3>\n<p><img loading=\"lazy\" decoding=\"async\" class=\"alignnone wp-image-34064 size-full\" src=\"https:\/\/lojasosprofessoratividades.com.br\/wp-content\/uploads\/2023\/08\/Aviso-Loja-atual.jpg\" alt=\"\" width=\"446\" height=\"251\" srcset=\"https:\/\/lojasosprofessoratividades.com.br\/wp-content\/uploads\/2023\/08\/Aviso-Loja-atual.jpg 446w, https:\/\/lojasosprofessoratividades.com.br\/wp-content\/uploads\/2023\/08\/Aviso-Loja-atual-300x169.jpg 300w, https:\/\/lojasosprofessoratividades.com.br\/wp-content\/uploads\/2023\/08\/Aviso-Loja-atual-18x10.jpg 18w\" sizes=\"auto, (max-width: 446px) 100vw, 446px\" \/><\/p>","protected":false},"featured_media":24162,"comment_status":"open","ping_status":"closed","template":"","meta":[],"product_brand":[],"product_cat":[127,206],"product_tag":[333,1551,1597,1592,1596,1591,950,1595,1593,1594,250,1590,643,1326,234],"class_list":{"0":"post-24160","1":"product","2":"type-product","3":"status-publish","4":"has-post-thumbnail","6":"product_cat-5o-ano","7":"product_cat-ciencias-5-ano","8":"product_tag-atividade-interativa","9":"product_tag-atividades-5o-ano","10":"product_tag-atividades-com-gabarito","11":"product_tag-bncc-ciencias","12":"product_tag-bussola","13":"product_tag-ciencias-5o-ano","14":"product_tag-educacao-fundamental","15":"product_tag-experimentos-com-imas","16":"product_tag-forca-magnetica","17":"product_tag-imas","18":"product_tag-interpretacao-de-texto","19":"product_tag-magnetismo","20":"product_tag-material-pedagogico","21":"product_tag-pdf-educativo","22":"product_tag-recursos-didaticos","24":"first","25":"instock","26":"sale","27":"downloadable","28":"virtual","29":"sold-individually","30":"purchasable","31":"product-type-simple"},"yoast_head":"<!-- This site is optimized with the Yoast SEO plugin v27.6 - https:\/\/yoast.com\/product\/yoast-seo-wordpress\/ -->\n<title>Magnetismo - Loja SOS Professor Atividades<\/title>\n<meta name=\"description\" content=\"Atividades sobre magnetismo para o 5\u00ba ano com interpreta\u00e7\u00e3o de texto, experi\u00eancias, b\u00fassola e gabarito. Alinhado \u00e0 BNCC. Arquivo em PDF n\u00e3o edit\u00e1vel.\" \/>\n<meta name=\"robots\" content=\"index, follow, max-snippet:-1, max-image-preview:large, max-video-preview:-1\" \/>\n<link rel=\"canonical\" href=\"https:\/\/lojasosprofessoratividades.com.br\/en\/product\/magnetismo\/\" \/>\n<meta property=\"og:locale\" content=\"en_US\" \/>\n<meta property=\"og:type\" content=\"article\" \/>\n<meta property=\"og:title\" content=\"Magnetismo - Loja SOS Professor Atividades\" \/>\n<meta property=\"og:description\" content=\"Atividades sobre magnetismo para o 5\u00ba ano com interpreta\u00e7\u00e3o de texto, experi\u00eancias, b\u00fassola e gabarito. Alinhado \u00e0 BNCC. Arquivo em PDF n\u00e3o edit\u00e1vel.\" \/>\n<meta property=\"og:url\" content=\"https:\/\/lojasosprofessoratividades.com.br\/en\/product\/magnetismo\/\" \/>\n<meta property=\"og:site_name\" content=\"Loja SOS Professor Atividades\" \/>\n<meta property=\"article:publisher\" content=\"https:\/\/www.facebook.com\/sosprofessoratividades\" \/>\n<meta property=\"article:modified_time\" content=\"2026-05-08T20:13:50+00:00\" \/>\n<meta property=\"og:image\" content=\"https:\/\/lojasosprofessoratividades.com.br\/wp-content\/uploads\/2022\/08\/1-2.jpg\" \/>\n\t<meta property=\"og:image:width\" content=\"800\" \/>\n\t<meta property=\"og:image:height\" content=\"693\" \/>\n\t<meta property=\"og:image:type\" content=\"image\/jpeg\" \/>\n<meta name=\"twitter:card\" content=\"summary_large_image\" \/>\n<meta name=\"twitter:label1\" content=\"Est. reading time\" \/>\n\t<meta name=\"twitter:data1\" content=\"1 minute\" \/>\n<script type=\"application\/ld+json\" class=\"yoast-schema-graph\">{\"@context\":\"https:\\\/\\\/schema.org\",\"@graph\":[{\"@type\":\"WebPage\",\"@id\":\"https:\\\/\\\/lojasosprofessoratividades.com.br\\\/produto\\\/magnetismo\\\/\",\"url\":\"https:\\\/\\\/lojasosprofessoratividades.com.br\\\/produto\\\/magnetismo\\\/\",\"name\":\"Magnetismo - Loja SOS Professor Atividades\",\"isPartOf\":{\"@id\":\"https:\\\/\\\/lojasosprofessoratividades.com.br\\\/#website\"},\"primaryImageOfPage\":{\"@id\":\"https:\\\/\\\/lojasosprofessoratividades.com.br\\\/produto\\\/magnetismo\\\/#primaryimage\"},\"image\":{\"@id\":\"https:\\\/\\\/lojasosprofessoratividades.com.br\\\/produto\\\/magnetismo\\\/#primaryimage\"},\"thumbnailUrl\":\"https:\\\/\\\/lojasosprofessoratividades.com.br\\\/wp-content\\\/uploads\\\/2022\\\/08\\\/1-2.jpg\",\"datePublished\":\"2022-08-07T10:00:17+00:00\",\"dateModified\":\"2026-05-08T20:13:50+00:00\",\"description\":\"Atividades sobre magnetismo para o 5\u00ba ano com interpreta\u00e7\u00e3o de texto, experi\u00eancias, b\u00fassola e gabarito. Alinhado \u00e0 BNCC. Arquivo em PDF n\u00e3o edit\u00e1vel.\",\"breadcrumb\":{\"@id\":\"https:\\\/\\\/lojasosprofessoratividades.com.br\\\/produto\\\/magnetismo\\\/#breadcrumb\"},\"inLanguage\":\"en-US\",\"potentialAction\":[{\"@type\":\"ReadAction\",\"target\":[\"https:\\\/\\\/lojasosprofessoratividades.com.br\\\/produto\\\/magnetismo\\\/\"]}]},{\"@type\":\"ImageObject\",\"inLanguage\":\"en-US\",\"@id\":\"https:\\\/\\\/lojasosprofessoratividades.com.br\\\/produto\\\/magnetismo\\\/#primaryimage\",\"url\":\"https:\\\/\\\/lojasosprofessoratividades.com.br\\\/wp-content\\\/uploads\\\/2022\\\/08\\\/1-2.jpg\",\"contentUrl\":\"https:\\\/\\\/lojasosprofessoratividades.com.br\\\/wp-content\\\/uploads\\\/2022\\\/08\\\/1-2.jpg\",\"width\":800,\"height\":693},{\"@type\":\"BreadcrumbList\",\"@id\":\"https:\\\/\\\/lojasosprofessoratividades.com.br\\\/produto\\\/magnetismo\\\/#breadcrumb\",\"itemListElement\":[{\"@type\":\"ListItem\",\"position\":1,\"name\":\"In\u00edcio\",\"item\":\"https:\\\/\\\/lojasosprofessoratividades.com.br\\\/\"},{\"@type\":\"ListItem\",\"position\":2,\"name\":\"Loja\",\"item\":\"https:\\\/\\\/lojasosprofessoratividades.com.br\\\/loja\\\/\"},{\"@type\":\"ListItem\",\"position\":3,\"name\":\"Magnetismo\"}]},{\"@type\":\"WebSite\",\"@id\":\"https:\\\/\\\/lojasosprofessoratividades.com.br\\\/#website\",\"url\":\"https:\\\/\\\/lojasosprofessoratividades.com.br\\\/\",\"name\":\"Loja SOS Professor Atividades\",\"description\":\"Venda de material did\u00e1tico para o ensino fundamental\",\"publisher\":{\"@id\":\"https:\\\/\\\/lojasosprofessoratividades.com.br\\\/#organization\"},\"potentialAction\":[{\"@type\":\"SearchAction\",\"target\":{\"@type\":\"EntryPoint\",\"urlTemplate\":\"https:\\\/\\\/lojasosprofessoratividades.com.br\\\/?s={search_term_string}\"},\"query-input\":{\"@type\":\"PropertyValueSpecification\",\"valueRequired\":true,\"valueName\":\"search_term_string\"}}],\"inLanguage\":\"en-US\"},{\"@type\":\"Organization\",\"@id\":\"https:\\\/\\\/lojasosprofessoratividades.com.br\\\/#organization\",\"name\":\"Loja SOS Professor Atividades\",\"url\":\"https:\\\/\\\/lojasosprofessoratividades.com.br\\\/\",\"logo\":{\"@type\":\"ImageObject\",\"inLanguage\":\"en-US\",\"@id\":\"https:\\\/\\\/lojasosprofessoratividades.com.br\\\/#\\\/schema\\\/logo\\\/image\\\/\",\"url\":\"http:\\\/\\\/lojasosprofessoratividades.com.br\\\/wp-content\\\/uploads\\\/2022\\\/04\\\/Logo.png\",\"contentUrl\":\"http:\\\/\\\/lojasosprofessoratividades.com.br\\\/wp-content\\\/uploads\\\/2022\\\/04\\\/Logo.png\",\"width\":2000,\"height\":2000,\"caption\":\"Loja SOS Professor Atividades\"},\"image\":{\"@id\":\"https:\\\/\\\/lojasosprofessoratividades.com.br\\\/#\\\/schema\\\/logo\\\/image\\\/\"},\"sameAs\":[\"https:\\\/\\\/www.facebook.com\\\/sosprofessoratividades\",\"https:\\\/\\\/www.instagram.com\\\/sosprofessoratividades\\\/\"]}]}<\/script>\n<!-- \/ Yoast SEO plugin. -->","yoast_head_json":{"title":"Magnetismo - Loja SOS Professor Atividades","description":"Atividades sobre magnetismo para o 5\u00ba ano com interpreta\u00e7\u00e3o de texto, experi\u00eancias, b\u00fassola e gabarito. Alinhado \u00e0 BNCC. Arquivo em PDF n\u00e3o edit\u00e1vel.","robots":{"index":"index","follow":"follow","max-snippet":"max-snippet:-1","max-image-preview":"max-image-preview:large","max-video-preview":"max-video-preview:-1"},"canonical":"https:\/\/lojasosprofessoratividades.com.br\/en\/product\/magnetismo\/","og_locale":"en_US","og_type":"article","og_title":"Magnetismo - Loja SOS Professor Atividades","og_description":"Atividades sobre magnetismo para o 5\u00ba ano com interpreta\u00e7\u00e3o de texto, experi\u00eancias, b\u00fassola e gabarito. Alinhado \u00e0 BNCC. Arquivo em PDF n\u00e3o edit\u00e1vel.","og_url":"https:\/\/lojasosprofessoratividades.com.br\/en\/product\/magnetismo\/","og_site_name":"Loja SOS Professor Atividades","article_publisher":"https:\/\/www.facebook.com\/sosprofessoratividades","article_modified_time":"2026-05-08T20:13:50+00:00","og_image":[{"width":800,"height":693,"url":"https:\/\/lojasosprofessoratividades.com.br\/wp-content\/uploads\/2022\/08\/1-2.jpg","type":"image\/jpeg"}],"twitter_card":"summary_large_image","twitter_misc":{"Est. reading time":"1 minute"},"schema":{"@context":"https:\/\/schema.org","@graph":[{"@type":"WebPage","@id":"https:\/\/lojasosprofessoratividades.com.br\/produto\/magnetismo\/","url":"https:\/\/lojasosprofessoratividades.com.br\/produto\/magnetismo\/","name":"Magnetismo - Loja SOS Professor Atividades","isPartOf":{"@id":"https:\/\/lojasosprofessoratividades.com.br\/#website"},"primaryImageOfPage":{"@id":"https:\/\/lojasosprofessoratividades.com.br\/produto\/magnetismo\/#primaryimage"},"image":{"@id":"https:\/\/lojasosprofessoratividades.com.br\/produto\/magnetismo\/#primaryimage"},"thumbnailUrl":"https:\/\/lojasosprofessoratividades.com.br\/wp-content\/uploads\/2022\/08\/1-2.jpg","datePublished":"2022-08-07T10:00:17+00:00","dateModified":"2026-05-08T20:13:50+00:00","description":"Atividades sobre magnetismo para o 5\u00ba ano com interpreta\u00e7\u00e3o de texto, experi\u00eancias, b\u00fassola e gabarito. Alinhado \u00e0 BNCC. Arquivo em PDF n\u00e3o edit\u00e1vel.","breadcrumb":{"@id":"https:\/\/lojasosprofessoratividades.com.br\/produto\/magnetismo\/#breadcrumb"},"inLanguage":"en-US","potentialAction":[{"@type":"ReadAction","target":["https:\/\/lojasosprofessoratividades.com.br\/produto\/magnetismo\/"]}]},{"@type":"ImageObject","inLanguage":"en-US","@id":"https:\/\/lojasosprofessoratividades.com.br\/produto\/magnetismo\/#primaryimage","url":"https:\/\/lojasosprofessoratividades.com.br\/wp-content\/uploads\/2022\/08\/1-2.jpg","contentUrl":"https:\/\/lojasosprofessoratividades.com.br\/wp-content\/uploads\/2022\/08\/1-2.jpg","width":800,"height":693},{"@type":"BreadcrumbList","@id":"https:\/\/lojasosprofessoratividades.com.br\/produto\/magnetismo\/#breadcrumb","itemListElement":[{"@type":"ListItem","position":1,"name":"In\u00edcio","item":"https:\/\/lojasosprofessoratividades.com.br\/"},{"@type":"ListItem","position":2,"name":"Loja","item":"https:\/\/lojasosprofessoratividades.com.br\/loja\/"},{"@type":"ListItem","position":3,"name":"Magnetismo"}]},{"@type":"WebSite","@id":"https:\/\/lojasosprofessoratividades.com.br\/#website","url":"https:\/\/lojasosprofessoratividades.com.br\/","name":"Loja SOS Professor Atividades","description":"Venda de material did\u00e1tico para o ensino fundamental","publisher":{"@id":"https:\/\/lojasosprofessoratividades.com.br\/#organization"},"potentialAction":[{"@type":"SearchAction","target":{"@type":"EntryPoint","urlTemplate":"https:\/\/lojasosprofessoratividades.com.br\/?s={search_term_string}"},"query-input":{"@type":"PropertyValueSpecification","valueRequired":true,"valueName":"search_term_string"}}],"inLanguage":"en-US"},{"@type":"Organization","@id":"https:\/\/lojasosprofessoratividades.com.br\/#organization","name":"Loja SOS Professor Atividades","url":"https:\/\/lojasosprofessoratividades.com.br\/","logo":{"@type":"ImageObject","inLanguage":"en-US","@id":"https:\/\/lojasosprofessoratividades.com.br\/#\/schema\/logo\/image\/","url":"http:\/\/lojasosprofessoratividades.com.br\/wp-content\/uploads\/2022\/04\/Logo.png","contentUrl":"http:\/\/lojasosprofessoratividades.com.br\/wp-content\/uploads\/2022\/04\/Logo.png","width":2000,"height":2000,"caption":"Loja SOS Professor Atividades"},"image":{"@id":"https:\/\/lojasosprofessoratividades.com.br\/#\/schema\/logo\/image\/"},"sameAs":["https:\/\/www.facebook.com\/sosprofessoratividades","https:\/\/www.instagram.com\/sosprofessoratividades\/"]}]}},"_links":{"self":[{"href":"https:\/\/lojasosprofessoratividades.com.br\/en\/wp-json\/wp\/v2\/product\/24160","targetHints":{"allow":["GET"]}}],"collection":[{"href":"https:\/\/lojasosprofessoratividades.com.br\/en\/wp-json\/wp\/v2\/product"}],"about":[{"href":"https:\/\/lojasosprofessoratividades.com.br\/en\/wp-json\/wp\/v2\/types\/product"}],"replies":[{"embeddable":true,"href":"https:\/\/lojasosprofessoratividades.com.br\/en\/wp-json\/wp\/v2\/comments?post=24160"}],"wp:featuredmedia":[{"embeddable":true,"href":"https:\/\/lojasosprofessoratividades.com.br\/en\/wp-json\/wp\/v2\/media\/24162"}],"wp:attachment":[{"href":"https:\/\/lojasosprofessoratividades.com.br\/en\/wp-json\/wp\/v2\/media?parent=24160"}],"wp:term":[{"taxonomy":"product_brand","embeddable":true,"href":"https:\/\/lojasosprofessoratividades.com.br\/en\/wp-json\/wp\/v2\/product_brand?post=24160"},{"taxonomy":"product_cat","embeddable":true,"href":"https:\/\/lojasosprofessoratividades.com.br\/en\/wp-json\/wp\/v2\/product_cat?post=24160"},{"taxonomy":"product_tag","embeddable":true,"href":"https:\/\/lojasosprofessoratividades.com.br\/en\/wp-json\/wp\/v2\/product_tag?post=24160"}],"curies":[{"name":"wp","href":"https:\/\/api.w.org\/{rel}","templated":true}]}}