{"id":24239,"date":"2022-08-27T07:00:56","date_gmt":"2022-08-27T10:00:56","guid":{"rendered":"http:\/\/lojasosprofessoratividades.com.br\/?post_type=product&#038;p=24239"},"modified":"2026-05-08T17:16:51","modified_gmt":"2026-05-08T20:16:51","slug":"literatura-de-cordel","status":"publish","type":"product","link":"https:\/\/lojasosprofessoratividades.com.br\/en\/product\/literatura-de-cordel\/","title":{"rendered":"Literatura de Cordel"},"content":{"rendered":"","protected":false},"excerpt":{"rendered":"<p>Arquivo digital em PDF <em><strong>n\u00e3o<\/strong><\/em> edit\u00e1vel.<\/p>\n<p>Este material apresenta 21 p\u00e1ginas sendo: 1 capa e as demais divididas entre atividades, moldes e gabaritos.<\/p>\n<p>\u00c9 uma sequ\u00eancia bem divertida de atividades prontas para usar sobre a Literatura de Cordel.<br \/>\nAp\u00f3s uma breve introdu\u00e7\u00e3o sobre a origem do Cordel, o material apresenta:<\/p>\n<ul>\n<li>as caracter\u00edsticas pr\u00f3prias do Cordel;<\/li>\n<li>o que \u00e9 sextilha;<\/li>\n<li>xilogravura;<\/li>\n<li>artista J. Borges;<\/li>\n<li>Br\u00e1ulio Bessa<\/li>\n<li>atividades de interpreta\u00e7\u00e3o de textos;<\/li>\n<li>produ\u00e7\u00e3o de Cordel<\/li>\n<li>produ\u00e7\u00e3o de xilogravura.<\/li>\n<\/ul>\n<p>Al\u00e9m tudo disso, o material tr\u00e1s c\u00f3digos QRs que d\u00e3o acesso aos v\u00eddeos:<\/p>\n<ul>\n<li>sobre xilogravura;<\/li>\n<li>entrevista com J. Borges;<\/li>\n<li>declama\u00e7\u00e3o de Br\u00e1ulio Bessa &#8211; Her\u00f3is da Vida Real.<\/li>\n<\/ul>\n<p><strong>B\u00f4nus:<\/strong><\/p>\n<ul>\n<li>moldura para fotografia;<\/li>\n<li>gib\u00e3o (chap\u00e9u de cangaceiro) colorido e P&amp;B.<\/li>\n<\/ul>\n<p>Com este material sua aula ser\u00e1 divertida e um sucesso.<\/p>\n<h3>N\u00e3o enviamos por e-mail, a entrega \u00e9 via link para download. \ud83d\udc47<\/h3>\n<p><img loading=\"lazy\" decoding=\"async\" class=\"alignnone wp-image-38009 size-full\" src=\"https:\/\/lojasosprofessoratividades.com.br\/wp-content\/uploads\/2026\/02\/Como-baixar-2.jpg\" alt=\"\" width=\"446\" height=\"251\" srcset=\"https:\/\/lojasosprofessoratividades.com.br\/wp-content\/uploads\/2026\/02\/Como-baixar-2.jpg 446w, https:\/\/lojasosprofessoratividades.com.br\/wp-content\/uploads\/2026\/02\/Como-baixar-2-300x169.jpg 300w, https:\/\/lojasosprofessoratividades.com.br\/wp-content\/uploads\/2026\/02\/Como-baixar-2-18x10.jpg 18w\" sizes=\"auto, (max-width: 446px) 100vw, 446px\" \/><\/p>","protected":false},"featured_media":24241,"comment_status":"open","ping_status":"closed","template":"","meta":[],"product_brand":[],"product_cat":[125,127,195,204],"product_tag":[579,1023,1026,1031,1030,1027,1025,1022,1028,1029,1032,1024],"class_list":{"0":"post-24239","1":"product","2":"type-product","3":"status-publish","4":"has-post-thumbnail","6":"product_cat-4o-ano","7":"product_cat-5o-ano","8":"product_cat-portugues-4-ano","9":"product_cat-portugues-5-anos","10":"product_tag-atividades-educativas","11":"product_tag-atividades-sobre-cordel","12":"product_tag-braulio-bessa","13":"product_tag-cultura-popular-brasileira","14":"product_tag-gibao-de-cangaceiro","15":"product_tag-interpretacao-de-textos","16":"product_tag-j-borges","17":"product_tag-literatura-de-cordel","18":"product_tag-producao-de-cordel","19":"product_tag-qr-code-videos","20":"product_tag-sequencia-de-atividades-cordel","21":"product_tag-xilogravura","23":"first","24":"instock","25":"downloadable","26":"virtual","27":"sold-individually","28":"purchasable","29":"product-type-simple"},"yoast_head":"<!-- This site is optimized with the Yoast SEO plugin v27.6 - https:\/\/yoast.com\/product\/yoast-seo-wordpress\/ -->\n<title>Literatura de Cordel - Loja SOS Professor Atividades<\/title>\n<meta name=\"description\" content=\"Atividades sobre Literatura de Cordel com interpreta\u00e7\u00e3o, produ\u00e7\u00e3o, xilogravura, QR codes com v\u00eddeos e b\u00f4nus criativos. PDF com 21 p\u00e1ginas, n\u00e3o edit\u00e1vel.\" \/>\n<meta name=\"robots\" content=\"index, follow, max-snippet:-1, max-image-preview:large, max-video-preview:-1\" \/>\n<link rel=\"canonical\" href=\"https:\/\/lojasosprofessoratividades.com.br\/en\/product\/literatura-de-cordel\/\" \/>\n<meta property=\"og:locale\" content=\"en_US\" \/>\n<meta property=\"og:type\" content=\"article\" \/>\n<meta property=\"og:title\" content=\"Literatura de Cordel - Loja SOS Professor Atividades\" \/>\n<meta property=\"og:description\" content=\"Atividades sobre Literatura de Cordel com interpreta\u00e7\u00e3o, produ\u00e7\u00e3o, xilogravura, QR codes com v\u00eddeos e b\u00f4nus criativos. PDF com 21 p\u00e1ginas, n\u00e3o edit\u00e1vel.\" \/>\n<meta property=\"og:url\" content=\"https:\/\/lojasosprofessoratividades.com.br\/en\/product\/literatura-de-cordel\/\" \/>\n<meta property=\"og:site_name\" content=\"Loja SOS Professor Atividades\" \/>\n<meta property=\"article:publisher\" content=\"https:\/\/www.facebook.com\/sosprofessoratividades\" \/>\n<meta property=\"article:modified_time\" content=\"2026-05-08T20:16:51+00:00\" \/>\n<meta property=\"og:image\" content=\"https:\/\/lojasosprofessoratividades.com.br\/wp-content\/uploads\/2022\/08\/1-4.jpg\" \/>\n\t<meta property=\"og:image:width\" content=\"800\" \/>\n\t<meta property=\"og:image:height\" content=\"693\" \/>\n\t<meta property=\"og:image:type\" content=\"image\/jpeg\" \/>\n<meta name=\"twitter:card\" content=\"summary_large_image\" \/>\n<meta name=\"twitter:label1\" content=\"Est. reading time\" \/>\n\t<meta name=\"twitter:data1\" content=\"1 minute\" \/>\n<script type=\"application\/ld+json\" class=\"yoast-schema-graph\">{\"@context\":\"https:\\\/\\\/schema.org\",\"@graph\":[{\"@type\":\"WebPage\",\"@id\":\"https:\\\/\\\/lojasosprofessoratividades.com.br\\\/produto\\\/literatura-de-cordel\\\/\",\"url\":\"https:\\\/\\\/lojasosprofessoratividades.com.br\\\/produto\\\/literatura-de-cordel\\\/\",\"name\":\"Literatura de Cordel - Loja SOS Professor Atividades\",\"isPartOf\":{\"@id\":\"https:\\\/\\\/lojasosprofessoratividades.com.br\\\/#website\"},\"primaryImageOfPage\":{\"@id\":\"https:\\\/\\\/lojasosprofessoratividades.com.br\\\/produto\\\/literatura-de-cordel\\\/#primaryimage\"},\"image\":{\"@id\":\"https:\\\/\\\/lojasosprofessoratividades.com.br\\\/produto\\\/literatura-de-cordel\\\/#primaryimage\"},\"thumbnailUrl\":\"https:\\\/\\\/lojasosprofessoratividades.com.br\\\/wp-content\\\/uploads\\\/2022\\\/08\\\/1-4.jpg\",\"datePublished\":\"2022-08-27T10:00:56+00:00\",\"dateModified\":\"2026-05-08T20:16:51+00:00\",\"description\":\"Atividades sobre Literatura de Cordel com interpreta\u00e7\u00e3o, produ\u00e7\u00e3o, xilogravura, QR codes com v\u00eddeos e b\u00f4nus criativos. PDF com 21 p\u00e1ginas, n\u00e3o edit\u00e1vel.\",\"breadcrumb\":{\"@id\":\"https:\\\/\\\/lojasosprofessoratividades.com.br\\\/produto\\\/literatura-de-cordel\\\/#breadcrumb\"},\"inLanguage\":\"en-US\",\"potentialAction\":[{\"@type\":\"ReadAction\",\"target\":[\"https:\\\/\\\/lojasosprofessoratividades.com.br\\\/produto\\\/literatura-de-cordel\\\/\"]}]},{\"@type\":\"ImageObject\",\"inLanguage\":\"en-US\",\"@id\":\"https:\\\/\\\/lojasosprofessoratividades.com.br\\\/produto\\\/literatura-de-cordel\\\/#primaryimage\",\"url\":\"https:\\\/\\\/lojasosprofessoratividades.com.br\\\/wp-content\\\/uploads\\\/2022\\\/08\\\/1-4.jpg\",\"contentUrl\":\"https:\\\/\\\/lojasosprofessoratividades.com.br\\\/wp-content\\\/uploads\\\/2022\\\/08\\\/1-4.jpg\",\"width\":800,\"height\":693},{\"@type\":\"BreadcrumbList\",\"@id\":\"https:\\\/\\\/lojasosprofessoratividades.com.br\\\/produto\\\/literatura-de-cordel\\\/#breadcrumb\",\"itemListElement\":[{\"@type\":\"ListItem\",\"position\":1,\"name\":\"In\u00edcio\",\"item\":\"https:\\\/\\\/lojasosprofessoratividades.com.br\\\/\"},{\"@type\":\"ListItem\",\"position\":2,\"name\":\"Loja\",\"item\":\"https:\\\/\\\/lojasosprofessoratividades.com.br\\\/loja\\\/\"},{\"@type\":\"ListItem\",\"position\":3,\"name\":\"Literatura de Cordel\"}]},{\"@type\":\"WebSite\",\"@id\":\"https:\\\/\\\/lojasosprofessoratividades.com.br\\\/#website\",\"url\":\"https:\\\/\\\/lojasosprofessoratividades.com.br\\\/\",\"name\":\"Loja SOS Professor Atividades\",\"description\":\"Venda de material did\u00e1tico para o ensino fundamental\",\"publisher\":{\"@id\":\"https:\\\/\\\/lojasosprofessoratividades.com.br\\\/#organization\"},\"potentialAction\":[{\"@type\":\"SearchAction\",\"target\":{\"@type\":\"EntryPoint\",\"urlTemplate\":\"https:\\\/\\\/lojasosprofessoratividades.com.br\\\/?s={search_term_string}\"},\"query-input\":{\"@type\":\"PropertyValueSpecification\",\"valueRequired\":true,\"valueName\":\"search_term_string\"}}],\"inLanguage\":\"en-US\"},{\"@type\":\"Organization\",\"@id\":\"https:\\\/\\\/lojasosprofessoratividades.com.br\\\/#organization\",\"name\":\"Loja SOS Professor Atividades\",\"url\":\"https:\\\/\\\/lojasosprofessoratividades.com.br\\\/\",\"logo\":{\"@type\":\"ImageObject\",\"inLanguage\":\"en-US\",\"@id\":\"https:\\\/\\\/lojasosprofessoratividades.com.br\\\/#\\\/schema\\\/logo\\\/image\\\/\",\"url\":\"http:\\\/\\\/lojasosprofessoratividades.com.br\\\/wp-content\\\/uploads\\\/2022\\\/04\\\/Logo.png\",\"contentUrl\":\"http:\\\/\\\/lojasosprofessoratividades.com.br\\\/wp-content\\\/uploads\\\/2022\\\/04\\\/Logo.png\",\"width\":2000,\"height\":2000,\"caption\":\"Loja SOS Professor Atividades\"},\"image\":{\"@id\":\"https:\\\/\\\/lojasosprofessoratividades.com.br\\\/#\\\/schema\\\/logo\\\/image\\\/\"},\"sameAs\":[\"https:\\\/\\\/www.facebook.com\\\/sosprofessoratividades\",\"https:\\\/\\\/www.instagram.com\\\/sosprofessoratividades\\\/\"]}]}<\/script>\n<!-- \/ Yoast SEO plugin. -->","yoast_head_json":{"title":"Literatura de Cordel - Loja SOS Professor Atividades","description":"Atividades sobre Literatura de Cordel com interpreta\u00e7\u00e3o, produ\u00e7\u00e3o, xilogravura, QR codes com v\u00eddeos e b\u00f4nus criativos. PDF com 21 p\u00e1ginas, n\u00e3o edit\u00e1vel.","robots":{"index":"index","follow":"follow","max-snippet":"max-snippet:-1","max-image-preview":"max-image-preview:large","max-video-preview":"max-video-preview:-1"},"canonical":"https:\/\/lojasosprofessoratividades.com.br\/en\/product\/literatura-de-cordel\/","og_locale":"en_US","og_type":"article","og_title":"Literatura de Cordel - Loja SOS Professor Atividades","og_description":"Atividades sobre Literatura de Cordel com interpreta\u00e7\u00e3o, produ\u00e7\u00e3o, xilogravura, QR codes com v\u00eddeos e b\u00f4nus criativos. PDF com 21 p\u00e1ginas, n\u00e3o edit\u00e1vel.","og_url":"https:\/\/lojasosprofessoratividades.com.br\/en\/product\/literatura-de-cordel\/","og_site_name":"Loja SOS Professor Atividades","article_publisher":"https:\/\/www.facebook.com\/sosprofessoratividades","article_modified_time":"2026-05-08T20:16:51+00:00","og_image":[{"width":800,"height":693,"url":"https:\/\/lojasosprofessoratividades.com.br\/wp-content\/uploads\/2022\/08\/1-4.jpg","type":"image\/jpeg"}],"twitter_card":"summary_large_image","twitter_misc":{"Est. reading time":"1 minute"},"schema":{"@context":"https:\/\/schema.org","@graph":[{"@type":"WebPage","@id":"https:\/\/lojasosprofessoratividades.com.br\/produto\/literatura-de-cordel\/","url":"https:\/\/lojasosprofessoratividades.com.br\/produto\/literatura-de-cordel\/","name":"Literatura de Cordel - Loja SOS Professor Atividades","isPartOf":{"@id":"https:\/\/lojasosprofessoratividades.com.br\/#website"},"primaryImageOfPage":{"@id":"https:\/\/lojasosprofessoratividades.com.br\/produto\/literatura-de-cordel\/#primaryimage"},"image":{"@id":"https:\/\/lojasosprofessoratividades.com.br\/produto\/literatura-de-cordel\/#primaryimage"},"thumbnailUrl":"https:\/\/lojasosprofessoratividades.com.br\/wp-content\/uploads\/2022\/08\/1-4.jpg","datePublished":"2022-08-27T10:00:56+00:00","dateModified":"2026-05-08T20:16:51+00:00","description":"Atividades sobre Literatura de Cordel com interpreta\u00e7\u00e3o, produ\u00e7\u00e3o, xilogravura, QR codes com v\u00eddeos e b\u00f4nus criativos. PDF com 21 p\u00e1ginas, n\u00e3o edit\u00e1vel.","breadcrumb":{"@id":"https:\/\/lojasosprofessoratividades.com.br\/produto\/literatura-de-cordel\/#breadcrumb"},"inLanguage":"en-US","potentialAction":[{"@type":"ReadAction","target":["https:\/\/lojasosprofessoratividades.com.br\/produto\/literatura-de-cordel\/"]}]},{"@type":"ImageObject","inLanguage":"en-US","@id":"https:\/\/lojasosprofessoratividades.com.br\/produto\/literatura-de-cordel\/#primaryimage","url":"https:\/\/lojasosprofessoratividades.com.br\/wp-content\/uploads\/2022\/08\/1-4.jpg","contentUrl":"https:\/\/lojasosprofessoratividades.com.br\/wp-content\/uploads\/2022\/08\/1-4.jpg","width":800,"height":693},{"@type":"BreadcrumbList","@id":"https:\/\/lojasosprofessoratividades.com.br\/produto\/literatura-de-cordel\/#breadcrumb","itemListElement":[{"@type":"ListItem","position":1,"name":"In\u00edcio","item":"https:\/\/lojasosprofessoratividades.com.br\/"},{"@type":"ListItem","position":2,"name":"Loja","item":"https:\/\/lojasosprofessoratividades.com.br\/loja\/"},{"@type":"ListItem","position":3,"name":"Literatura de Cordel"}]},{"@type":"WebSite","@id":"https:\/\/lojasosprofessoratividades.com.br\/#website","url":"https:\/\/lojasosprofessoratividades.com.br\/","name":"Loja SOS Professor Atividades","description":"Venda de material did\u00e1tico para o ensino fundamental","publisher":{"@id":"https:\/\/lojasosprofessoratividades.com.br\/#organization"},"potentialAction":[{"@type":"SearchAction","target":{"@type":"EntryPoint","urlTemplate":"https:\/\/lojasosprofessoratividades.com.br\/?s={search_term_string}"},"query-input":{"@type":"PropertyValueSpecification","valueRequired":true,"valueName":"search_term_string"}}],"inLanguage":"en-US"},{"@type":"Organization","@id":"https:\/\/lojasosprofessoratividades.com.br\/#organization","name":"Loja SOS Professor Atividades","url":"https:\/\/lojasosprofessoratividades.com.br\/","logo":{"@type":"ImageObject","inLanguage":"en-US","@id":"https:\/\/lojasosprofessoratividades.com.br\/#\/schema\/logo\/image\/","url":"http:\/\/lojasosprofessoratividades.com.br\/wp-content\/uploads\/2022\/04\/Logo.png","contentUrl":"http:\/\/lojasosprofessoratividades.com.br\/wp-content\/uploads\/2022\/04\/Logo.png","width":2000,"height":2000,"caption":"Loja SOS Professor Atividades"},"image":{"@id":"https:\/\/lojasosprofessoratividades.com.br\/#\/schema\/logo\/image\/"},"sameAs":["https:\/\/www.facebook.com\/sosprofessoratividades","https:\/\/www.instagram.com\/sosprofessoratividades\/"]}]}},"_links":{"self":[{"href":"https:\/\/lojasosprofessoratividades.com.br\/en\/wp-json\/wp\/v2\/product\/24239","targetHints":{"allow":["GET"]}}],"collection":[{"href":"https:\/\/lojasosprofessoratividades.com.br\/en\/wp-json\/wp\/v2\/product"}],"about":[{"href":"https:\/\/lojasosprofessoratividades.com.br\/en\/wp-json\/wp\/v2\/types\/product"}],"replies":[{"embeddable":true,"href":"https:\/\/lojasosprofessoratividades.com.br\/en\/wp-json\/wp\/v2\/comments?post=24239"}],"wp:featuredmedia":[{"embeddable":true,"href":"https:\/\/lojasosprofessoratividades.com.br\/en\/wp-json\/wp\/v2\/media\/24241"}],"wp:attachment":[{"href":"https:\/\/lojasosprofessoratividades.com.br\/en\/wp-json\/wp\/v2\/media?parent=24239"}],"wp:term":[{"taxonomy":"product_brand","embeddable":true,"href":"https:\/\/lojasosprofessoratividades.com.br\/en\/wp-json\/wp\/v2\/product_brand?post=24239"},{"taxonomy":"product_cat","embeddable":true,"href":"https:\/\/lojasosprofessoratividades.com.br\/en\/wp-json\/wp\/v2\/product_cat?post=24239"},{"taxonomy":"product_tag","embeddable":true,"href":"https:\/\/lojasosprofessoratividades.com.br\/en\/wp-json\/wp\/v2\/product_tag?post=24239"}],"curies":[{"name":"wp","href":"https:\/\/api.w.org\/{rel}","templated":true}]}}