{"id":24351,"date":"2025-09-11T23:31:18","date_gmt":"2025-09-12T02:31:18","guid":{"rendered":"http:\/\/lojasosprofessoratividades.com.br\/?post_type=product&#038;p=24351"},"modified":"2026-05-08T15:20:54","modified_gmt":"2026-05-08T18:20:54","slug":"paz-no-transito","status":"publish","type":"product","link":"https:\/\/lojasosprofessoratividades.com.br\/en\/product\/paz-no-transito\/","title":{"rendered":"Paz no tr\u00e2nsito"},"content":{"rendered":"","protected":false},"excerpt":{"rendered":"<p><strong><em>Material para EDUCA\u00c7\u00c3O INFANTIL 3 e 1\u00ba ano do fundamental 1<\/em><\/strong><\/p>\n<p>Arquivo digital em PDF, <em><strong>n\u00e3o<\/strong><\/em> edit\u00e1vel.<\/p>\n<p>S\u00e3o 53 p\u00e1ginas sendo:<\/p>\n<ul>\n<li>2 capas (colorida e P&amp;B);<\/li>\n<li>2 coroas (colorida e P&amp;B);<\/li>\n<li>imagem para pintura<\/li>\n<li>quebra-cabe\u00e7a;<\/li>\n<li>envelope para o quebra-cabe\u00e7a;<\/li>\n<li>8 folhas de atividades tem\u00e1ticas;<\/li>\n<li>braceletes;<\/li>\n<li>carteira de habilita\u00e7\u00e3o fake;<\/li>\n<li>3 modelos de carrinho (avental) para corrida;<\/li>\n<li>1 sem\u00e1foro 3D;<\/li>\n<li>Bandeirolas com a frase: Paz no tr\u00e2nsito!<\/li>\n<\/ul>\n<p>Tudo para Educa\u00e7\u00e3o Infantil 3, alinhado \u00e0 BNCC.<\/p>\n<h3>N\u00e3o enviamos por e-mail, a entrega \u00e9 via link para download. \ud83d\udc47<\/h3>\n<p><img loading=\"lazy\" decoding=\"async\" class=\"alignnone wp-image-31375 size-full\" src=\"https:\/\/lojasosprofessoratividades.com.br\/wp-content\/uploads\/2024\/08\/Aviso-Loja.jpg\" alt=\"\" width=\"446\" height=\"251\" srcset=\"https:\/\/lojasosprofessoratividades.com.br\/wp-content\/uploads\/2024\/08\/Aviso-Loja.jpg 446w, https:\/\/lojasosprofessoratividades.com.br\/wp-content\/uploads\/2024\/08\/Aviso-Loja-300x169.jpg 300w, https:\/\/lojasosprofessoratividades.com.br\/wp-content\/uploads\/2024\/08\/Aviso-Loja-18x10.jpg 18w\" sizes=\"auto, (max-width: 446px) 100vw, 446px\" \/><\/p>","protected":false},"featured_media":24352,"comment_status":"open","ping_status":"closed","template":"","meta":[],"product_brand":[],"product_cat":[122,135,210,126,209,197],"product_tag":[1052,2442,333,579,554,2452,2445,2449,375,2448,2450,1484,2451,1481,246,2441,739,288,493,1482,1136,2444,718,2443,1480,2447,1485,2446,1483,289,297,1397],"class_list":{"0":"post-24351","1":"product","2":"type-product","3":"status-publish","4":"has-post-thumbnail","6":"product_cat-1o-ano","7":"product_cat-atividades-interativas-1-ano","8":"product_cat-data-comemorativa-1-ano","9":"product_cat-educacao-infantil","10":"product_cat-recursos-didaticos-1-ano","11":"product_cat-tracos-sons-cor-e-formas","12":"product_tag-1o-ano","13":"product_tag-1o-ano-fundamental","14":"product_tag-atividade-interativa","15":"product_tag-atividades-educativas","16":"product_tag-atividades-ludicas","17":"product_tag-atividades-ludicas-ensino-fundamental","18":"product_tag-atividades-transito-educacao-infantil","19":"product_tag-bandeirolas-paz-no-transito","20":"product_tag-bncc","21":"product_tag-braceletes-educativos","22":"product_tag-carrinho-corrida-infantil","23":"product_tag-carteira-de-habilitacao-infantil","24":"product_tag-carteira-habilitacao-fake","25":"product_tag-conscientizacao-no-transito","26":"product_tag-educacao-infantil","27":"product_tag-educacao-infantil-3","28":"product_tag-educacao-no-transito","29":"product_tag-educacao-para-o-transito","30":"product_tag-ensino-fundamental-1","31":"product_tag-jogos-educativos","32":"product_tag-materiais-pedagogicos","33":"product_tag-material-digital-pdf","34":"product_tag-material-para-professores","35":"product_tag-material-pedagogico-bncc","36":"product_tag-paz-no-transito","37":"product_tag-pintura-para-criancas","38":"product_tag-primeiros-aprendizados","39":"product_tag-quebra-cabeca-infantil","40":"product_tag-semaforo-3d","41":"product_tag-semana-do-transito","42":"product_tag-transito","43":"product_tag-transito-seguro","45":"first","46":"instock","47":"downloadable","48":"virtual","49":"sold-individually","50":"purchasable","51":"product-type-simple"},"yoast_head":"<!-- This site is optimized with the Yoast SEO plugin v27.5 - https:\/\/yoast.com\/product\/yoast-seo-wordpress\/ -->\n<title>Paz no tr\u00e2nsito - Loja SOS Professor Atividades<\/title>\n<meta name=\"description\" content=\"Material para Educa\u00e7\u00e3o Infantil 3 e 1\u00ba ano Fundamental com 53 p\u00e1ginas de atividades l\u00fadicas e educativas alinhadas \u00e0 BNCC. Ideal para professores!\" \/>\n<meta name=\"robots\" content=\"index, follow, max-snippet:-1, max-image-preview:large, max-video-preview:-1\" \/>\n<link rel=\"canonical\" href=\"https:\/\/lojasosprofessoratividades.com.br\/en\/product\/paz-no-transito\/\" \/>\n<meta property=\"og:locale\" content=\"en_US\" \/>\n<meta property=\"og:type\" content=\"article\" \/>\n<meta property=\"og:title\" content=\"Paz no tr\u00e2nsito - Loja SOS Professor Atividades\" \/>\n<meta property=\"og:description\" content=\"Material para Educa\u00e7\u00e3o Infantil 3 e 1\u00ba ano Fundamental com 53 p\u00e1ginas de atividades l\u00fadicas e educativas alinhadas \u00e0 BNCC. Ideal para professores!\" \/>\n<meta property=\"og:url\" content=\"https:\/\/lojasosprofessoratividades.com.br\/en\/product\/paz-no-transito\/\" \/>\n<meta property=\"og:site_name\" content=\"Loja SOS Professor Atividades\" \/>\n<meta property=\"article:publisher\" content=\"https:\/\/www.facebook.com\/sosprofessoratividades\" \/>\n<meta property=\"article:modified_time\" content=\"2026-05-08T18:20:54+00:00\" \/>\n<meta property=\"og:image\" content=\"https:\/\/lojasosprofessoratividades.com.br\/wp-content\/uploads\/2022\/09\/1-1.jpg\" \/>\n\t<meta property=\"og:image:width\" content=\"800\" \/>\n\t<meta property=\"og:image:height\" content=\"693\" \/>\n\t<meta property=\"og:image:type\" content=\"image\/jpeg\" \/>\n<meta name=\"twitter:card\" content=\"summary_large_image\" \/>\n<meta name=\"twitter:label1\" content=\"Est. reading time\" \/>\n\t<meta name=\"twitter:data1\" content=\"1 minute\" \/>\n<script type=\"application\/ld+json\" class=\"yoast-schema-graph\">{\"@context\":\"https:\\\/\\\/schema.org\",\"@graph\":[{\"@type\":\"WebPage\",\"@id\":\"https:\\\/\\\/lojasosprofessoratividades.com.br\\\/produto\\\/paz-no-transito\\\/\",\"url\":\"https:\\\/\\\/lojasosprofessoratividades.com.br\\\/produto\\\/paz-no-transito\\\/\",\"name\":\"Paz no tr\u00e2nsito - Loja SOS Professor Atividades\",\"isPartOf\":{\"@id\":\"https:\\\/\\\/lojasosprofessoratividades.com.br\\\/#website\"},\"primaryImageOfPage\":{\"@id\":\"https:\\\/\\\/lojasosprofessoratividades.com.br\\\/produto\\\/paz-no-transito\\\/#primaryimage\"},\"image\":{\"@id\":\"https:\\\/\\\/lojasosprofessoratividades.com.br\\\/produto\\\/paz-no-transito\\\/#primaryimage\"},\"thumbnailUrl\":\"https:\\\/\\\/lojasosprofessoratividades.com.br\\\/wp-content\\\/uploads\\\/2022\\\/09\\\/1-1.jpg\",\"datePublished\":\"2025-09-12T02:31:18+00:00\",\"dateModified\":\"2026-05-08T18:20:54+00:00\",\"description\":\"Material para Educa\u00e7\u00e3o Infantil 3 e 1\u00ba ano Fundamental com 53 p\u00e1ginas de atividades l\u00fadicas e educativas alinhadas \u00e0 BNCC. Ideal para professores!\",\"breadcrumb\":{\"@id\":\"https:\\\/\\\/lojasosprofessoratividades.com.br\\\/produto\\\/paz-no-transito\\\/#breadcrumb\"},\"inLanguage\":\"en-US\",\"potentialAction\":[{\"@type\":\"ReadAction\",\"target\":[\"https:\\\/\\\/lojasosprofessoratividades.com.br\\\/produto\\\/paz-no-transito\\\/\"]}]},{\"@type\":\"ImageObject\",\"inLanguage\":\"en-US\",\"@id\":\"https:\\\/\\\/lojasosprofessoratividades.com.br\\\/produto\\\/paz-no-transito\\\/#primaryimage\",\"url\":\"https:\\\/\\\/lojasosprofessoratividades.com.br\\\/wp-content\\\/uploads\\\/2022\\\/09\\\/1-1.jpg\",\"contentUrl\":\"https:\\\/\\\/lojasosprofessoratividades.com.br\\\/wp-content\\\/uploads\\\/2022\\\/09\\\/1-1.jpg\",\"width\":800,\"height\":693},{\"@type\":\"BreadcrumbList\",\"@id\":\"https:\\\/\\\/lojasosprofessoratividades.com.br\\\/produto\\\/paz-no-transito\\\/#breadcrumb\",\"itemListElement\":[{\"@type\":\"ListItem\",\"position\":1,\"name\":\"In\u00edcio\",\"item\":\"https:\\\/\\\/lojasosprofessoratividades.com.br\\\/\"},{\"@type\":\"ListItem\",\"position\":2,\"name\":\"Loja\",\"item\":\"https:\\\/\\\/lojasosprofessoratividades.com.br\\\/loja\\\/\"},{\"@type\":\"ListItem\",\"position\":3,\"name\":\"Paz no tr\u00e2nsito\"}]},{\"@type\":\"WebSite\",\"@id\":\"https:\\\/\\\/lojasosprofessoratividades.com.br\\\/#website\",\"url\":\"https:\\\/\\\/lojasosprofessoratividades.com.br\\\/\",\"name\":\"Loja SOS Professor Atividades\",\"description\":\"Venda de material did\u00e1tico para o ensino fundamental\",\"publisher\":{\"@id\":\"https:\\\/\\\/lojasosprofessoratividades.com.br\\\/#organization\"},\"potentialAction\":[{\"@type\":\"SearchAction\",\"target\":{\"@type\":\"EntryPoint\",\"urlTemplate\":\"https:\\\/\\\/lojasosprofessoratividades.com.br\\\/?s={search_term_string}\"},\"query-input\":{\"@type\":\"PropertyValueSpecification\",\"valueRequired\":true,\"valueName\":\"search_term_string\"}}],\"inLanguage\":\"en-US\"},{\"@type\":\"Organization\",\"@id\":\"https:\\\/\\\/lojasosprofessoratividades.com.br\\\/#organization\",\"name\":\"Loja SOS Professor Atividades\",\"url\":\"https:\\\/\\\/lojasosprofessoratividades.com.br\\\/\",\"logo\":{\"@type\":\"ImageObject\",\"inLanguage\":\"en-US\",\"@id\":\"https:\\\/\\\/lojasosprofessoratividades.com.br\\\/#\\\/schema\\\/logo\\\/image\\\/\",\"url\":\"http:\\\/\\\/lojasosprofessoratividades.com.br\\\/wp-content\\\/uploads\\\/2022\\\/04\\\/Logo.png\",\"contentUrl\":\"http:\\\/\\\/lojasosprofessoratividades.com.br\\\/wp-content\\\/uploads\\\/2022\\\/04\\\/Logo.png\",\"width\":2000,\"height\":2000,\"caption\":\"Loja SOS Professor Atividades\"},\"image\":{\"@id\":\"https:\\\/\\\/lojasosprofessoratividades.com.br\\\/#\\\/schema\\\/logo\\\/image\\\/\"},\"sameAs\":[\"https:\\\/\\\/www.facebook.com\\\/sosprofessoratividades\",\"https:\\\/\\\/www.instagram.com\\\/sosprofessoratividades\\\/\"]}]}<\/script>\n<!-- \/ Yoast SEO plugin. -->","yoast_head_json":{"title":"Paz no tr\u00e2nsito - Loja SOS Professor Atividades","description":"Material para Educa\u00e7\u00e3o Infantil 3 e 1\u00ba ano Fundamental com 53 p\u00e1ginas de atividades l\u00fadicas e educativas alinhadas \u00e0 BNCC. Ideal para professores!","robots":{"index":"index","follow":"follow","max-snippet":"max-snippet:-1","max-image-preview":"max-image-preview:large","max-video-preview":"max-video-preview:-1"},"canonical":"https:\/\/lojasosprofessoratividades.com.br\/en\/product\/paz-no-transito\/","og_locale":"en_US","og_type":"article","og_title":"Paz no tr\u00e2nsito - Loja SOS Professor Atividades","og_description":"Material para Educa\u00e7\u00e3o Infantil 3 e 1\u00ba ano Fundamental com 53 p\u00e1ginas de atividades l\u00fadicas e educativas alinhadas \u00e0 BNCC. Ideal para professores!","og_url":"https:\/\/lojasosprofessoratividades.com.br\/en\/product\/paz-no-transito\/","og_site_name":"Loja SOS Professor Atividades","article_publisher":"https:\/\/www.facebook.com\/sosprofessoratividades","article_modified_time":"2026-05-08T18:20:54+00:00","og_image":[{"width":800,"height":693,"url":"https:\/\/lojasosprofessoratividades.com.br\/wp-content\/uploads\/2022\/09\/1-1.jpg","type":"image\/jpeg"}],"twitter_card":"summary_large_image","twitter_misc":{"Est. reading time":"1 minute"},"schema":{"@context":"https:\/\/schema.org","@graph":[{"@type":"WebPage","@id":"https:\/\/lojasosprofessoratividades.com.br\/produto\/paz-no-transito\/","url":"https:\/\/lojasosprofessoratividades.com.br\/produto\/paz-no-transito\/","name":"Paz no tr\u00e2nsito - Loja SOS Professor Atividades","isPartOf":{"@id":"https:\/\/lojasosprofessoratividades.com.br\/#website"},"primaryImageOfPage":{"@id":"https:\/\/lojasosprofessoratividades.com.br\/produto\/paz-no-transito\/#primaryimage"},"image":{"@id":"https:\/\/lojasosprofessoratividades.com.br\/produto\/paz-no-transito\/#primaryimage"},"thumbnailUrl":"https:\/\/lojasosprofessoratividades.com.br\/wp-content\/uploads\/2022\/09\/1-1.jpg","datePublished":"2025-09-12T02:31:18+00:00","dateModified":"2026-05-08T18:20:54+00:00","description":"Material para Educa\u00e7\u00e3o Infantil 3 e 1\u00ba ano Fundamental com 53 p\u00e1ginas de atividades l\u00fadicas e educativas alinhadas \u00e0 BNCC. Ideal para professores!","breadcrumb":{"@id":"https:\/\/lojasosprofessoratividades.com.br\/produto\/paz-no-transito\/#breadcrumb"},"inLanguage":"en-US","potentialAction":[{"@type":"ReadAction","target":["https:\/\/lojasosprofessoratividades.com.br\/produto\/paz-no-transito\/"]}]},{"@type":"ImageObject","inLanguage":"en-US","@id":"https:\/\/lojasosprofessoratividades.com.br\/produto\/paz-no-transito\/#primaryimage","url":"https:\/\/lojasosprofessoratividades.com.br\/wp-content\/uploads\/2022\/09\/1-1.jpg","contentUrl":"https:\/\/lojasosprofessoratividades.com.br\/wp-content\/uploads\/2022\/09\/1-1.jpg","width":800,"height":693},{"@type":"BreadcrumbList","@id":"https:\/\/lojasosprofessoratividades.com.br\/produto\/paz-no-transito\/#breadcrumb","itemListElement":[{"@type":"ListItem","position":1,"name":"In\u00edcio","item":"https:\/\/lojasosprofessoratividades.com.br\/"},{"@type":"ListItem","position":2,"name":"Loja","item":"https:\/\/lojasosprofessoratividades.com.br\/loja\/"},{"@type":"ListItem","position":3,"name":"Paz no tr\u00e2nsito"}]},{"@type":"WebSite","@id":"https:\/\/lojasosprofessoratividades.com.br\/#website","url":"https:\/\/lojasosprofessoratividades.com.br\/","name":"Loja SOS Professor Atividades","description":"Venda de material did\u00e1tico para o ensino fundamental","publisher":{"@id":"https:\/\/lojasosprofessoratividades.com.br\/#organization"},"potentialAction":[{"@type":"SearchAction","target":{"@type":"EntryPoint","urlTemplate":"https:\/\/lojasosprofessoratividades.com.br\/?s={search_term_string}"},"query-input":{"@type":"PropertyValueSpecification","valueRequired":true,"valueName":"search_term_string"}}],"inLanguage":"en-US"},{"@type":"Organization","@id":"https:\/\/lojasosprofessoratividades.com.br\/#organization","name":"Loja SOS Professor Atividades","url":"https:\/\/lojasosprofessoratividades.com.br\/","logo":{"@type":"ImageObject","inLanguage":"en-US","@id":"https:\/\/lojasosprofessoratividades.com.br\/#\/schema\/logo\/image\/","url":"http:\/\/lojasosprofessoratividades.com.br\/wp-content\/uploads\/2022\/04\/Logo.png","contentUrl":"http:\/\/lojasosprofessoratividades.com.br\/wp-content\/uploads\/2022\/04\/Logo.png","width":2000,"height":2000,"caption":"Loja SOS Professor Atividades"},"image":{"@id":"https:\/\/lojasosprofessoratividades.com.br\/#\/schema\/logo\/image\/"},"sameAs":["https:\/\/www.facebook.com\/sosprofessoratividades","https:\/\/www.instagram.com\/sosprofessoratividades\/"]}]}},"_links":{"self":[{"href":"https:\/\/lojasosprofessoratividades.com.br\/en\/wp-json\/wp\/v2\/product\/24351","targetHints":{"allow":["GET"]}}],"collection":[{"href":"https:\/\/lojasosprofessoratividades.com.br\/en\/wp-json\/wp\/v2\/product"}],"about":[{"href":"https:\/\/lojasosprofessoratividades.com.br\/en\/wp-json\/wp\/v2\/types\/product"}],"replies":[{"embeddable":true,"href":"https:\/\/lojasosprofessoratividades.com.br\/en\/wp-json\/wp\/v2\/comments?post=24351"}],"wp:featuredmedia":[{"embeddable":true,"href":"https:\/\/lojasosprofessoratividades.com.br\/en\/wp-json\/wp\/v2\/media\/24352"}],"wp:attachment":[{"href":"https:\/\/lojasosprofessoratividades.com.br\/en\/wp-json\/wp\/v2\/media?parent=24351"}],"wp:term":[{"taxonomy":"product_brand","embeddable":true,"href":"https:\/\/lojasosprofessoratividades.com.br\/en\/wp-json\/wp\/v2\/product_brand?post=24351"},{"taxonomy":"product_cat","embeddable":true,"href":"https:\/\/lojasosprofessoratividades.com.br\/en\/wp-json\/wp\/v2\/product_cat?post=24351"},{"taxonomy":"product_tag","embeddable":true,"href":"https:\/\/lojasosprofessoratividades.com.br\/en\/wp-json\/wp\/v2\/product_tag?post=24351"}],"curies":[{"name":"wp","href":"https:\/\/api.w.org\/{rel}","templated":true}]}}