{"id":24441,"date":"2025-09-13T11:00:46","date_gmt":"2025-09-13T14:00:46","guid":{"rendered":"http:\/\/lojasosprofessoratividades.com.br\/?post_type=product&#038;p=24441"},"modified":"2026-05-08T15:21:25","modified_gmt":"2026-05-08T18:21:25","slug":"ser-crianca-atividades-de-portugues","status":"publish","type":"product","link":"https:\/\/lojasosprofessoratividades.com.br\/en\/product\/ser-crianca-atividades-de-portugues\/","title":{"rendered":"Ser crian\u00e7a &#8211; Atividades de portugu\u00eas"},"content":{"rendered":"","protected":false},"excerpt":{"rendered":"<p data-start=\"261\" data-end=\"559\">Celebre o <strong data-start=\"271\" data-end=\"291\">Dia das Crian\u00e7as<\/strong> com um <strong data-start=\"299\" data-end=\"339\">arquivo digital completo e educativo<\/strong> inspirado no texto <strong data-start=\"359\" data-end=\"376\">\u201cSer Crian\u00e7a\u201d<\/strong>! Este material \u00e9 perfeito para <strong data-start=\"408\" data-end=\"438\">atividades em sala de aula<\/strong>, leitura, interpreta\u00e7\u00e3o e pr\u00e1ticas de gram\u00e1tica e ortografia, envolvendo os alunos de forma divertida e significativa.<\/p>\n<p data-start=\"561\" data-end=\"633\">O arquivo inclui <strong data-start=\"578\" data-end=\"592\">29 p\u00e1ginas<\/strong> nas vers\u00f5es colorida e preto e branco:<\/p>\n<ul data-start=\"635\" data-end=\"886\">\n<li data-start=\"635\" data-end=\"656\">\n<p data-start=\"637\" data-end=\"656\"><strong data-start=\"637\" data-end=\"654\">Capa colorida<\/strong><\/p>\n<\/li>\n<li data-start=\"657\" data-end=\"686\">\n<p data-start=\"659\" data-end=\"686\"><strong data-start=\"659\" data-end=\"684\">Texto e interpreta\u00e7\u00e3o<\/strong><\/p>\n<\/li>\n<li data-start=\"687\" data-end=\"743\">\n<p data-start=\"689\" data-end=\"743\"><strong data-start=\"689\" data-end=\"712\">Mural \u201cSer Crian\u00e7a\u201d<\/strong> (para ampliar e j\u00e1 ampliado)<\/p>\n<\/li>\n<li data-start=\"744\" data-end=\"790\">\n<p data-start=\"746\" data-end=\"790\"><strong data-start=\"746\" data-end=\"760\">Gram\u00e1tica:<\/strong> no\u00e7\u00e3o de verbo (introdu\u00e7\u00e3o)<\/p>\n<\/li>\n<li data-start=\"791\" data-end=\"836\">\n<p data-start=\"793\" data-end=\"836\"><strong data-start=\"793\" data-end=\"808\">Ortografia:<\/strong> L e U no final de s\u00edlabas<\/p>\n<\/li>\n<li data-start=\"837\" data-end=\"854\">\n<p data-start=\"839\" data-end=\"854\"><strong data-start=\"839\" data-end=\"852\">Pontua\u00e7\u00e3o<\/strong><\/p>\n<\/li>\n<li data-start=\"855\" data-end=\"886\">\n<p data-start=\"857\" data-end=\"886\"><strong data-start=\"857\" data-end=\"884\">Ca\u00e7a-palavras educativo<\/strong><\/p>\n<\/li>\n<\/ul>\n<p data-start=\"888\" data-end=\"1062\">PDF digital n\u00e3o edit\u00e1vel, pronto para <strong data-start=\"935\" data-end=\"973\">impress\u00e3o e atividades interativas<\/strong>. Transforme o aprendizado em um momento de <strong data-start=\"1017\" data-end=\"1042\">celebra\u00e7\u00e3o e divers\u00e3o<\/strong> para seus alunos!<\/p>\n<h3>N\u00e3o enviamos por e-mail, a entrega \u00e9 via link para download.\u00a0<img decoding=\"async\" class=\"emoji\" role=\"img\" draggable=\"false\" src=\"https:\/\/s.w.org\/images\/core\/emoji\/16.0.1\/svg\/1f447.svg\" alt=\"\ud83d\udc47\" \/><\/h3>\n<p><img loading=\"lazy\" decoding=\"async\" class=\"alignnone wp-image-31375 size-full\" src=\"https:\/\/lojasosprofessoratividades.com.br\/wp-content\/uploads\/2024\/08\/Aviso-Loja.jpg\" alt=\"\" width=\"446\" height=\"251\" srcset=\"https:\/\/lojasosprofessoratividades.com.br\/wp-content\/uploads\/2024\/08\/Aviso-Loja.jpg 446w, https:\/\/lojasosprofessoratividades.com.br\/wp-content\/uploads\/2024\/08\/Aviso-Loja-300x169.jpg 300w, https:\/\/lojasosprofessoratividades.com.br\/wp-content\/uploads\/2024\/08\/Aviso-Loja-18x10.jpg 18w\" sizes=\"auto, (max-width: 446px) 100vw, 446px\" \/><\/p>","protected":false},"featured_media":24444,"comment_status":"open","ping_status":"closed","template":"","meta":[],"product_brand":[],"product_cat":[127,218,204,217],"product_tag":[1327,2021,579,1171,546,1836,792,688,290,2338,2339,245,285,2154,2332,250,786,706,2336,2334,225,2333,2337,2474,2335,251,338,1803,223,342,2330,2331],"class_list":{"0":"post-24441","1":"product","2":"type-product","3":"status-publish","4":"has-post-thumbnail","6":"product_cat-5o-ano","7":"product_cat-data-comemorativa-5-ano","8":"product_cat-portugues-5-anos","9":"product_cat-recursos-didaticos-5-ano","10":"product_tag-aprendizagem-ludica","11":"product_tag-atividades-coloridas-e-pb","12":"product_tag-atividades-educativas","13":"product_tag-atividades-para-imprimir","14":"product_tag-atividades-pedagogicas","15":"product_tag-aula-tematica","16":"product_tag-caca-palavras","17":"product_tag-caca-palavras-educativo","18":"product_tag-dia-das-criancas","19":"product_tag-ensino-4o-ano","20":"product_tag-ensino-5o-ano","21":"product_tag-ensino-fundamental","22":"product_tag-gramatica","23":"product_tag-gramatica-5o-ano","24":"product_tag-gramatica-para-criancas","25":"product_tag-interpretacao-de-texto","26":"product_tag-material-escolar","27":"product_tag-mural-educativo","28":"product_tag-mural-ser-crianca","29":"product_tag-nocao-de-verbo","30":"product_tag-ortografia","31":"product_tag-ortografia-infantil","32":"product_tag-pdf-infantil","33":"product_tag-pdf-nao-editavel","34":"product_tag-pontuacao","35":"product_tag-producao-de-texto","36":"product_tag-producao-textual","37":"product_tag-projeto-escolar","38":"product_tag-recurso-pedagogico","39":"product_tag-sequencia-didatica","40":"product_tag-ser-crianca","41":"product_tag-texto-e-interpretacao","43":"first","44":"instock","45":"downloadable","46":"virtual","47":"sold-individually","48":"purchasable","49":"product-type-simple"},"yoast_head":"<!-- This site is optimized with the Yoast SEO plugin v27.6 - https:\/\/yoast.com\/product\/yoast-seo-wordpress\/ -->\n<title>Ser crian\u00e7a - Atividades de portugu\u00eas - Loja SOS Professor Atividades<\/title>\n<meta name=\"description\" content=\"Atividades educativas Dia das Crian\u00e7as \u201cSer Crian\u00e7a\u201d. PDF digital n\u00e3o edit\u00e1vel com texto, interpreta\u00e7\u00e3o, gram\u00e1tica, ortografia, mural e ca\u00e7a-palavras.\" \/>\n<meta name=\"robots\" content=\"index, follow, max-snippet:-1, max-image-preview:large, max-video-preview:-1\" \/>\n<link rel=\"canonical\" href=\"https:\/\/lojasosprofessoratividades.com.br\/en\/product\/ser-crianca-atividades-de-portugues\/\" \/>\n<meta property=\"og:locale\" content=\"en_US\" \/>\n<meta property=\"og:type\" content=\"article\" \/>\n<meta property=\"og:title\" content=\"Ser crian\u00e7a - Atividades de portugu\u00eas - Loja SOS Professor Atividades\" \/>\n<meta property=\"og:description\" content=\"Atividades educativas Dia das Crian\u00e7as \u201cSer Crian\u00e7a\u201d. PDF digital n\u00e3o edit\u00e1vel com texto, interpreta\u00e7\u00e3o, gram\u00e1tica, ortografia, mural e ca\u00e7a-palavras.\" \/>\n<meta property=\"og:url\" content=\"https:\/\/lojasosprofessoratividades.com.br\/en\/product\/ser-crianca-atividades-de-portugues\/\" \/>\n<meta property=\"og:site_name\" content=\"Loja SOS Professor Atividades\" \/>\n<meta property=\"article:publisher\" content=\"https:\/\/www.facebook.com\/sosprofessoratividades\" \/>\n<meta property=\"article:modified_time\" content=\"2026-05-08T18:21:25+00:00\" \/>\n<meta property=\"og:image\" content=\"https:\/\/lojasosprofessoratividades.com.br\/wp-content\/uploads\/2022\/09\/1-6.jpg\" \/>\n\t<meta property=\"og:image:width\" content=\"800\" \/>\n\t<meta property=\"og:image:height\" content=\"693\" \/>\n\t<meta property=\"og:image:type\" content=\"image\/jpeg\" \/>\n<meta name=\"twitter:card\" content=\"summary_large_image\" \/>\n<meta name=\"twitter:label1\" content=\"Est. reading time\" \/>\n\t<meta name=\"twitter:data1\" content=\"1 minute\" \/>\n<script type=\"application\/ld+json\" class=\"yoast-schema-graph\">{\"@context\":\"https:\\\/\\\/schema.org\",\"@graph\":[{\"@type\":\"WebPage\",\"@id\":\"https:\\\/\\\/lojasosprofessoratividades.com.br\\\/produto\\\/ser-crianca-atividades-de-portugues\\\/\",\"url\":\"https:\\\/\\\/lojasosprofessoratividades.com.br\\\/produto\\\/ser-crianca-atividades-de-portugues\\\/\",\"name\":\"Ser crian\u00e7a - Atividades de portugu\u00eas - Loja SOS Professor Atividades\",\"isPartOf\":{\"@id\":\"https:\\\/\\\/lojasosprofessoratividades.com.br\\\/#website\"},\"primaryImageOfPage\":{\"@id\":\"https:\\\/\\\/lojasosprofessoratividades.com.br\\\/produto\\\/ser-crianca-atividades-de-portugues\\\/#primaryimage\"},\"image\":{\"@id\":\"https:\\\/\\\/lojasosprofessoratividades.com.br\\\/produto\\\/ser-crianca-atividades-de-portugues\\\/#primaryimage\"},\"thumbnailUrl\":\"https:\\\/\\\/lojasosprofessoratividades.com.br\\\/wp-content\\\/uploads\\\/2022\\\/09\\\/1-6.jpg\",\"datePublished\":\"2025-09-13T14:00:46+00:00\",\"dateModified\":\"2026-05-08T18:21:25+00:00\",\"description\":\"Atividades educativas Dia das Crian\u00e7as \u201cSer Crian\u00e7a\u201d. PDF digital n\u00e3o edit\u00e1vel com texto, interpreta\u00e7\u00e3o, gram\u00e1tica, ortografia, mural e ca\u00e7a-palavras.\",\"breadcrumb\":{\"@id\":\"https:\\\/\\\/lojasosprofessoratividades.com.br\\\/produto\\\/ser-crianca-atividades-de-portugues\\\/#breadcrumb\"},\"inLanguage\":\"en-US\",\"potentialAction\":[{\"@type\":\"ReadAction\",\"target\":[\"https:\\\/\\\/lojasosprofessoratividades.com.br\\\/produto\\\/ser-crianca-atividades-de-portugues\\\/\"]}]},{\"@type\":\"ImageObject\",\"inLanguage\":\"en-US\",\"@id\":\"https:\\\/\\\/lojasosprofessoratividades.com.br\\\/produto\\\/ser-crianca-atividades-de-portugues\\\/#primaryimage\",\"url\":\"https:\\\/\\\/lojasosprofessoratividades.com.br\\\/wp-content\\\/uploads\\\/2022\\\/09\\\/1-6.jpg\",\"contentUrl\":\"https:\\\/\\\/lojasosprofessoratividades.com.br\\\/wp-content\\\/uploads\\\/2022\\\/09\\\/1-6.jpg\",\"width\":800,\"height\":693},{\"@type\":\"BreadcrumbList\",\"@id\":\"https:\\\/\\\/lojasosprofessoratividades.com.br\\\/produto\\\/ser-crianca-atividades-de-portugues\\\/#breadcrumb\",\"itemListElement\":[{\"@type\":\"ListItem\",\"position\":1,\"name\":\"In\u00edcio\",\"item\":\"https:\\\/\\\/lojasosprofessoratividades.com.br\\\/\"},{\"@type\":\"ListItem\",\"position\":2,\"name\":\"Loja\",\"item\":\"https:\\\/\\\/lojasosprofessoratividades.com.br\\\/loja\\\/\"},{\"@type\":\"ListItem\",\"position\":3,\"name\":\"Ser crian\u00e7a &#8211; Atividades de portugu\u00eas\"}]},{\"@type\":\"WebSite\",\"@id\":\"https:\\\/\\\/lojasosprofessoratividades.com.br\\\/#website\",\"url\":\"https:\\\/\\\/lojasosprofessoratividades.com.br\\\/\",\"name\":\"Loja SOS Professor Atividades\",\"description\":\"Venda de material did\u00e1tico para o ensino fundamental\",\"publisher\":{\"@id\":\"https:\\\/\\\/lojasosprofessoratividades.com.br\\\/#organization\"},\"potentialAction\":[{\"@type\":\"SearchAction\",\"target\":{\"@type\":\"EntryPoint\",\"urlTemplate\":\"https:\\\/\\\/lojasosprofessoratividades.com.br\\\/?s={search_term_string}\"},\"query-input\":{\"@type\":\"PropertyValueSpecification\",\"valueRequired\":true,\"valueName\":\"search_term_string\"}}],\"inLanguage\":\"en-US\"},{\"@type\":\"Organization\",\"@id\":\"https:\\\/\\\/lojasosprofessoratividades.com.br\\\/#organization\",\"name\":\"Loja SOS Professor Atividades\",\"url\":\"https:\\\/\\\/lojasosprofessoratividades.com.br\\\/\",\"logo\":{\"@type\":\"ImageObject\",\"inLanguage\":\"en-US\",\"@id\":\"https:\\\/\\\/lojasosprofessoratividades.com.br\\\/#\\\/schema\\\/logo\\\/image\\\/\",\"url\":\"http:\\\/\\\/lojasosprofessoratividades.com.br\\\/wp-content\\\/uploads\\\/2022\\\/04\\\/Logo.png\",\"contentUrl\":\"http:\\\/\\\/lojasosprofessoratividades.com.br\\\/wp-content\\\/uploads\\\/2022\\\/04\\\/Logo.png\",\"width\":2000,\"height\":2000,\"caption\":\"Loja SOS Professor Atividades\"},\"image\":{\"@id\":\"https:\\\/\\\/lojasosprofessoratividades.com.br\\\/#\\\/schema\\\/logo\\\/image\\\/\"},\"sameAs\":[\"https:\\\/\\\/www.facebook.com\\\/sosprofessoratividades\",\"https:\\\/\\\/www.instagram.com\\\/sosprofessoratividades\\\/\"]}]}<\/script>\n<!-- \/ Yoast SEO plugin. -->","yoast_head_json":{"title":"Ser crian\u00e7a - Atividades de portugu\u00eas - Loja SOS Professor Atividades","description":"Atividades educativas Dia das Crian\u00e7as \u201cSer Crian\u00e7a\u201d. PDF digital n\u00e3o edit\u00e1vel com texto, interpreta\u00e7\u00e3o, gram\u00e1tica, ortografia, mural e ca\u00e7a-palavras.","robots":{"index":"index","follow":"follow","max-snippet":"max-snippet:-1","max-image-preview":"max-image-preview:large","max-video-preview":"max-video-preview:-1"},"canonical":"https:\/\/lojasosprofessoratividades.com.br\/en\/product\/ser-crianca-atividades-de-portugues\/","og_locale":"en_US","og_type":"article","og_title":"Ser crian\u00e7a - Atividades de portugu\u00eas - Loja SOS Professor Atividades","og_description":"Atividades educativas Dia das Crian\u00e7as \u201cSer Crian\u00e7a\u201d. PDF digital n\u00e3o edit\u00e1vel com texto, interpreta\u00e7\u00e3o, gram\u00e1tica, ortografia, mural e ca\u00e7a-palavras.","og_url":"https:\/\/lojasosprofessoratividades.com.br\/en\/product\/ser-crianca-atividades-de-portugues\/","og_site_name":"Loja SOS Professor Atividades","article_publisher":"https:\/\/www.facebook.com\/sosprofessoratividades","article_modified_time":"2026-05-08T18:21:25+00:00","og_image":[{"width":800,"height":693,"url":"https:\/\/lojasosprofessoratividades.com.br\/wp-content\/uploads\/2022\/09\/1-6.jpg","type":"image\/jpeg"}],"twitter_card":"summary_large_image","twitter_misc":{"Est. reading time":"1 minute"},"schema":{"@context":"https:\/\/schema.org","@graph":[{"@type":"WebPage","@id":"https:\/\/lojasosprofessoratividades.com.br\/produto\/ser-crianca-atividades-de-portugues\/","url":"https:\/\/lojasosprofessoratividades.com.br\/produto\/ser-crianca-atividades-de-portugues\/","name":"Ser crian\u00e7a - Atividades de portugu\u00eas - Loja SOS Professor Atividades","isPartOf":{"@id":"https:\/\/lojasosprofessoratividades.com.br\/#website"},"primaryImageOfPage":{"@id":"https:\/\/lojasosprofessoratividades.com.br\/produto\/ser-crianca-atividades-de-portugues\/#primaryimage"},"image":{"@id":"https:\/\/lojasosprofessoratividades.com.br\/produto\/ser-crianca-atividades-de-portugues\/#primaryimage"},"thumbnailUrl":"https:\/\/lojasosprofessoratividades.com.br\/wp-content\/uploads\/2022\/09\/1-6.jpg","datePublished":"2025-09-13T14:00:46+00:00","dateModified":"2026-05-08T18:21:25+00:00","description":"Atividades educativas Dia das Crian\u00e7as \u201cSer Crian\u00e7a\u201d. PDF digital n\u00e3o edit\u00e1vel com texto, interpreta\u00e7\u00e3o, gram\u00e1tica, ortografia, mural e ca\u00e7a-palavras.","breadcrumb":{"@id":"https:\/\/lojasosprofessoratividades.com.br\/produto\/ser-crianca-atividades-de-portugues\/#breadcrumb"},"inLanguage":"en-US","potentialAction":[{"@type":"ReadAction","target":["https:\/\/lojasosprofessoratividades.com.br\/produto\/ser-crianca-atividades-de-portugues\/"]}]},{"@type":"ImageObject","inLanguage":"en-US","@id":"https:\/\/lojasosprofessoratividades.com.br\/produto\/ser-crianca-atividades-de-portugues\/#primaryimage","url":"https:\/\/lojasosprofessoratividades.com.br\/wp-content\/uploads\/2022\/09\/1-6.jpg","contentUrl":"https:\/\/lojasosprofessoratividades.com.br\/wp-content\/uploads\/2022\/09\/1-6.jpg","width":800,"height":693},{"@type":"BreadcrumbList","@id":"https:\/\/lojasosprofessoratividades.com.br\/produto\/ser-crianca-atividades-de-portugues\/#breadcrumb","itemListElement":[{"@type":"ListItem","position":1,"name":"In\u00edcio","item":"https:\/\/lojasosprofessoratividades.com.br\/"},{"@type":"ListItem","position":2,"name":"Loja","item":"https:\/\/lojasosprofessoratividades.com.br\/loja\/"},{"@type":"ListItem","position":3,"name":"Ser crian\u00e7a &#8211; Atividades de portugu\u00eas"}]},{"@type":"WebSite","@id":"https:\/\/lojasosprofessoratividades.com.br\/#website","url":"https:\/\/lojasosprofessoratividades.com.br\/","name":"Loja SOS Professor Atividades","description":"Venda de material did\u00e1tico para o ensino fundamental","publisher":{"@id":"https:\/\/lojasosprofessoratividades.com.br\/#organization"},"potentialAction":[{"@type":"SearchAction","target":{"@type":"EntryPoint","urlTemplate":"https:\/\/lojasosprofessoratividades.com.br\/?s={search_term_string}"},"query-input":{"@type":"PropertyValueSpecification","valueRequired":true,"valueName":"search_term_string"}}],"inLanguage":"en-US"},{"@type":"Organization","@id":"https:\/\/lojasosprofessoratividades.com.br\/#organization","name":"Loja SOS Professor Atividades","url":"https:\/\/lojasosprofessoratividades.com.br\/","logo":{"@type":"ImageObject","inLanguage":"en-US","@id":"https:\/\/lojasosprofessoratividades.com.br\/#\/schema\/logo\/image\/","url":"http:\/\/lojasosprofessoratividades.com.br\/wp-content\/uploads\/2022\/04\/Logo.png","contentUrl":"http:\/\/lojasosprofessoratividades.com.br\/wp-content\/uploads\/2022\/04\/Logo.png","width":2000,"height":2000,"caption":"Loja SOS Professor Atividades"},"image":{"@id":"https:\/\/lojasosprofessoratividades.com.br\/#\/schema\/logo\/image\/"},"sameAs":["https:\/\/www.facebook.com\/sosprofessoratividades","https:\/\/www.instagram.com\/sosprofessoratividades\/"]}]}},"_links":{"self":[{"href":"https:\/\/lojasosprofessoratividades.com.br\/en\/wp-json\/wp\/v2\/product\/24441","targetHints":{"allow":["GET"]}}],"collection":[{"href":"https:\/\/lojasosprofessoratividades.com.br\/en\/wp-json\/wp\/v2\/product"}],"about":[{"href":"https:\/\/lojasosprofessoratividades.com.br\/en\/wp-json\/wp\/v2\/types\/product"}],"replies":[{"embeddable":true,"href":"https:\/\/lojasosprofessoratividades.com.br\/en\/wp-json\/wp\/v2\/comments?post=24441"}],"wp:featuredmedia":[{"embeddable":true,"href":"https:\/\/lojasosprofessoratividades.com.br\/en\/wp-json\/wp\/v2\/media\/24444"}],"wp:attachment":[{"href":"https:\/\/lojasosprofessoratividades.com.br\/en\/wp-json\/wp\/v2\/media?parent=24441"}],"wp:term":[{"taxonomy":"product_brand","embeddable":true,"href":"https:\/\/lojasosprofessoratividades.com.br\/en\/wp-json\/wp\/v2\/product_brand?post=24441"},{"taxonomy":"product_cat","embeddable":true,"href":"https:\/\/lojasosprofessoratividades.com.br\/en\/wp-json\/wp\/v2\/product_cat?post=24441"},{"taxonomy":"product_tag","embeddable":true,"href":"https:\/\/lojasosprofessoratividades.com.br\/en\/wp-json\/wp\/v2\/product_tag?post=24441"}],"curies":[{"name":"wp","href":"https:\/\/api.w.org\/{rel}","templated":true}]}}