{"id":25182,"date":"2023-01-10T21:57:29","date_gmt":"2023-01-11T00:57:29","guid":{"rendered":"http:\/\/lojasosprofessoratividades.com.br\/?post_type=product&#038;p=25182"},"modified":"2026-05-08T16:57:34","modified_gmt":"2026-05-08T19:57:34","slug":"kit-volta-as-aulas-wandinha","status":"publish","type":"product","link":"https:\/\/lojasosprofessoratividades.com.br\/en\/product\/kit-volta-as-aulas-wandinha\/","title":{"rendered":"Kit volta \u00e0s aulas &#8211; Wandinha"},"content":{"rendered":"","protected":false},"excerpt":{"rendered":"<p>Ao comprar, aparecer\u00e3o <strong><em>dois arquivos<\/em><\/strong>, um deles cont\u00e9m as placas das portas que s\u00e3o edit\u00e1veis.<\/p>\n<p>Aten\u00e7\u00e3o! O arquivo <em><strong>n\u00e3o \u00e9 totalmente edit\u00e1vel.<\/strong><\/em><\/p>\n<p>Mini kit com 54 p\u00e1ginas contendo:<\/p>\n<ul>\n<li>Bandeirolas de Boas-vindas;<\/li>\n<li>Cores;<\/li>\n<li>Esta\u00e7\u00f5es do ano;<\/li>\n<li>Quantos somos?<\/li>\n<li>Aniversariantes;<\/li>\n<li>Chamadinha;<\/li>\n<li>Palavras m\u00e1gicas;<\/li>\n<li>Dias das semanas,<\/li>\n<li>Moldura de fotos;<\/li>\n<li>Combinados;<\/li>\n<li>Cantinho da leitura;<\/li>\n<li>Tabuada;<\/li>\n<li>Meses do ano;<\/li>\n<li>Placas para porta <em><strong>(edit\u00e1veis)<\/strong><\/em>;<\/li>\n<li>Alfabeto;<\/li>\n<li>Calend\u00e1rio permanente.<\/li>\n<\/ul>\n<p>Sua sala vai ser um sucesso!<\/p>\n<h3>Entrega via link para download.\ud83d\udc47<\/h3>\n<p><img loading=\"lazy\" decoding=\"async\" class=\"alignnone wp-image-32744 size-full\" src=\"https:\/\/lojasosprofessoratividades.com.br\/wp-content\/uploads\/2024\/12\/Aviso-Loja.jpg\" alt=\"\" width=\"446\" height=\"251\" srcset=\"https:\/\/lojasosprofessoratividades.com.br\/wp-content\/uploads\/2024\/12\/Aviso-Loja.jpg 446w, https:\/\/lojasosprofessoratividades.com.br\/wp-content\/uploads\/2024\/12\/Aviso-Loja-300x169.jpg 300w, https:\/\/lojasosprofessoratividades.com.br\/wp-content\/uploads\/2024\/12\/Aviso-Loja-18x10.jpg 18w\" sizes=\"auto, (max-width: 446px) 100vw, 446px\" \/><\/p>","protected":false},"featured_media":25186,"comment_status":"open","ping_status":"closed","template":"","meta":[],"product_brand":[],"product_cat":[124,125,127,215,217,213],"product_tag":[1052,1053,1003,1086,1013,1004,1096,1085,1008,1095,246,1091,1092,643,1093,1094,1097,236],"class_list":{"0":"post-25182","1":"product","2":"type-product","3":"status-publish","4":"has-post-thumbnail","6":"product_cat-3o-ano","7":"product_cat-4o-ano","8":"product_cat-5o-ano","9":"product_cat-recursos-didaticos-4-ano","10":"product_cat-recursos-didaticos-5-ano","11":"product_cat-recursos-didaticos-3-ano","12":"product_tag-1o-ano","13":"product_tag-2o-ano","14":"product_tag-alfabeto","15":"product_tag-aniversariantes","16":"product_tag-boas-vindas","17":"product_tag-calendario-permanente","18":"product_tag-cantinho-da-leitura","19":"product_tag-chamadinha","20":"product_tag-combinados","21":"product_tag-cores","22":"product_tag-educacao-infantil","23":"product_tag-ensino-ludico","24":"product_tag-kit-wandinha","25":"product_tag-material-pedagogico","26":"product_tag-mini-kit-volta-as-aulas","27":"product_tag-placas-de-porta","28":"product_tag-sala-de-aula-tematica","29":"product_tag-volta-as-aulas","31":"first","32":"instock","33":"downloadable","34":"virtual","35":"purchasable","36":"product-type-simple"},"yoast_head":"<!-- This site is optimized with the Yoast SEO plugin v27.6 - https:\/\/yoast.com\/product\/yoast-seo-wordpress\/ -->\n<title>Kit volta \u00e0s aulas - Wandinha - Loja SOS Professor Atividades<\/title>\n<meta name=\"description\" content=\"Kit Volta \u00e0s Aulas - Wandinha: Com 54 p\u00e1ginas tem\u00e1ticas, este mini kit \u00e9 perfeito para encantar seus alunos! Inclui bandeirolas de boas-vindas, alfabeto, calend\u00e1rio permanente, moldura para fotos, placas de porta (edit\u00e1veis), chamadinha e muito mais. Transforme sua sala de aula com o charme sombrio e divertido da Wandinha!\" \/>\n<meta name=\"robots\" content=\"index, follow, max-snippet:-1, max-image-preview:large, max-video-preview:-1\" \/>\n<link rel=\"canonical\" href=\"https:\/\/lojasosprofessoratividades.com.br\/en\/product\/kit-volta-as-aulas-wandinha\/\" \/>\n<meta property=\"og:locale\" content=\"en_US\" \/>\n<meta property=\"og:type\" content=\"article\" \/>\n<meta property=\"og:title\" content=\"Kit volta \u00e0s aulas - Wandinha - Loja SOS Professor Atividades\" \/>\n<meta property=\"og:description\" content=\"Kit Volta \u00e0s Aulas - Wandinha: Com 54 p\u00e1ginas tem\u00e1ticas, este mini kit \u00e9 perfeito para encantar seus alunos! Inclui bandeirolas de boas-vindas, alfabeto, calend\u00e1rio permanente, moldura para fotos, placas de porta (edit\u00e1veis), chamadinha e muito mais. Transforme sua sala de aula com o charme sombrio e divertido da Wandinha!\" \/>\n<meta property=\"og:url\" content=\"https:\/\/lojasosprofessoratividades.com.br\/en\/product\/kit-volta-as-aulas-wandinha\/\" \/>\n<meta property=\"og:site_name\" content=\"Loja SOS Professor Atividades\" \/>\n<meta property=\"article:publisher\" content=\"https:\/\/www.facebook.com\/sosprofessoratividades\" \/>\n<meta property=\"article:modified_time\" content=\"2026-05-08T19:57:34+00:00\" \/>\n<meta property=\"og:image\" content=\"https:\/\/lojasosprofessoratividades.com.br\/wp-content\/uploads\/2023\/01\/1.png\" \/>\n\t<meta property=\"og:image:width\" content=\"800\" \/>\n\t<meta property=\"og:image:height\" content=\"693\" \/>\n\t<meta property=\"og:image:type\" content=\"image\/png\" \/>\n<meta name=\"twitter:card\" content=\"summary_large_image\" \/>\n<meta name=\"twitter:label1\" content=\"Est. reading time\" \/>\n\t<meta name=\"twitter:data1\" content=\"1 minute\" \/>\n<script type=\"application\/ld+json\" class=\"yoast-schema-graph\">{\"@context\":\"https:\\\/\\\/schema.org\",\"@graph\":[{\"@type\":\"WebPage\",\"@id\":\"https:\\\/\\\/lojasosprofessoratividades.com.br\\\/produto\\\/kit-volta-as-aulas-wandinha\\\/\",\"url\":\"https:\\\/\\\/lojasosprofessoratividades.com.br\\\/produto\\\/kit-volta-as-aulas-wandinha\\\/\",\"name\":\"Kit volta \u00e0s aulas - Wandinha - Loja SOS Professor Atividades\",\"isPartOf\":{\"@id\":\"https:\\\/\\\/lojasosprofessoratividades.com.br\\\/#website\"},\"primaryImageOfPage\":{\"@id\":\"https:\\\/\\\/lojasosprofessoratividades.com.br\\\/produto\\\/kit-volta-as-aulas-wandinha\\\/#primaryimage\"},\"image\":{\"@id\":\"https:\\\/\\\/lojasosprofessoratividades.com.br\\\/produto\\\/kit-volta-as-aulas-wandinha\\\/#primaryimage\"},\"thumbnailUrl\":\"https:\\\/\\\/lojasosprofessoratividades.com.br\\\/wp-content\\\/uploads\\\/2023\\\/01\\\/1.png\",\"datePublished\":\"2023-01-11T00:57:29+00:00\",\"dateModified\":\"2026-05-08T19:57:34+00:00\",\"description\":\"Kit Volta \u00e0s Aulas - Wandinha: Com 54 p\u00e1ginas tem\u00e1ticas, este mini kit \u00e9 perfeito para encantar seus alunos! Inclui bandeirolas de boas-vindas, alfabeto, calend\u00e1rio permanente, moldura para fotos, placas de porta (edit\u00e1veis), chamadinha e muito mais. Transforme sua sala de aula com o charme sombrio e divertido da Wandinha!\",\"breadcrumb\":{\"@id\":\"https:\\\/\\\/lojasosprofessoratividades.com.br\\\/produto\\\/kit-volta-as-aulas-wandinha\\\/#breadcrumb\"},\"inLanguage\":\"en-US\",\"potentialAction\":[{\"@type\":\"ReadAction\",\"target\":[\"https:\\\/\\\/lojasosprofessoratividades.com.br\\\/produto\\\/kit-volta-as-aulas-wandinha\\\/\"]}]},{\"@type\":\"ImageObject\",\"inLanguage\":\"en-US\",\"@id\":\"https:\\\/\\\/lojasosprofessoratividades.com.br\\\/produto\\\/kit-volta-as-aulas-wandinha\\\/#primaryimage\",\"url\":\"https:\\\/\\\/lojasosprofessoratividades.com.br\\\/wp-content\\\/uploads\\\/2023\\\/01\\\/1.png\",\"contentUrl\":\"https:\\\/\\\/lojasosprofessoratividades.com.br\\\/wp-content\\\/uploads\\\/2023\\\/01\\\/1.png\",\"width\":800,\"height\":693},{\"@type\":\"BreadcrumbList\",\"@id\":\"https:\\\/\\\/lojasosprofessoratividades.com.br\\\/produto\\\/kit-volta-as-aulas-wandinha\\\/#breadcrumb\",\"itemListElement\":[{\"@type\":\"ListItem\",\"position\":1,\"name\":\"In\u00edcio\",\"item\":\"https:\\\/\\\/lojasosprofessoratividades.com.br\\\/\"},{\"@type\":\"ListItem\",\"position\":2,\"name\":\"Loja\",\"item\":\"https:\\\/\\\/lojasosprofessoratividades.com.br\\\/loja\\\/\"},{\"@type\":\"ListItem\",\"position\":3,\"name\":\"Kit volta \u00e0s aulas &#8211; Wandinha\"}]},{\"@type\":\"WebSite\",\"@id\":\"https:\\\/\\\/lojasosprofessoratividades.com.br\\\/#website\",\"url\":\"https:\\\/\\\/lojasosprofessoratividades.com.br\\\/\",\"name\":\"Loja SOS Professor Atividades\",\"description\":\"Venda de material did\u00e1tico para o ensino fundamental\",\"publisher\":{\"@id\":\"https:\\\/\\\/lojasosprofessoratividades.com.br\\\/#organization\"},\"potentialAction\":[{\"@type\":\"SearchAction\",\"target\":{\"@type\":\"EntryPoint\",\"urlTemplate\":\"https:\\\/\\\/lojasosprofessoratividades.com.br\\\/?s={search_term_string}\"},\"query-input\":{\"@type\":\"PropertyValueSpecification\",\"valueRequired\":true,\"valueName\":\"search_term_string\"}}],\"inLanguage\":\"en-US\"},{\"@type\":\"Organization\",\"@id\":\"https:\\\/\\\/lojasosprofessoratividades.com.br\\\/#organization\",\"name\":\"Loja SOS Professor Atividades\",\"url\":\"https:\\\/\\\/lojasosprofessoratividades.com.br\\\/\",\"logo\":{\"@type\":\"ImageObject\",\"inLanguage\":\"en-US\",\"@id\":\"https:\\\/\\\/lojasosprofessoratividades.com.br\\\/#\\\/schema\\\/logo\\\/image\\\/\",\"url\":\"http:\\\/\\\/lojasosprofessoratividades.com.br\\\/wp-content\\\/uploads\\\/2022\\\/04\\\/Logo.png\",\"contentUrl\":\"http:\\\/\\\/lojasosprofessoratividades.com.br\\\/wp-content\\\/uploads\\\/2022\\\/04\\\/Logo.png\",\"width\":2000,\"height\":2000,\"caption\":\"Loja SOS Professor Atividades\"},\"image\":{\"@id\":\"https:\\\/\\\/lojasosprofessoratividades.com.br\\\/#\\\/schema\\\/logo\\\/image\\\/\"},\"sameAs\":[\"https:\\\/\\\/www.facebook.com\\\/sosprofessoratividades\",\"https:\\\/\\\/www.instagram.com\\\/sosprofessoratividades\\\/\"]}]}<\/script>\n<!-- \/ Yoast SEO plugin. -->","yoast_head_json":{"title":"Kit volta \u00e0s aulas - Wandinha - Loja SOS Professor Atividades","description":"Kit Volta \u00e0s Aulas - Wandinha: Com 54 p\u00e1ginas tem\u00e1ticas, este mini kit \u00e9 perfeito para encantar seus alunos! Inclui bandeirolas de boas-vindas, alfabeto, calend\u00e1rio permanente, moldura para fotos, placas de porta (edit\u00e1veis), chamadinha e muito mais. Transforme sua sala de aula com o charme sombrio e divertido da Wandinha!","robots":{"index":"index","follow":"follow","max-snippet":"max-snippet:-1","max-image-preview":"max-image-preview:large","max-video-preview":"max-video-preview:-1"},"canonical":"https:\/\/lojasosprofessoratividades.com.br\/en\/product\/kit-volta-as-aulas-wandinha\/","og_locale":"en_US","og_type":"article","og_title":"Kit volta \u00e0s aulas - Wandinha - Loja SOS Professor Atividades","og_description":"Kit Volta \u00e0s Aulas - Wandinha: Com 54 p\u00e1ginas tem\u00e1ticas, este mini kit \u00e9 perfeito para encantar seus alunos! Inclui bandeirolas de boas-vindas, alfabeto, calend\u00e1rio permanente, moldura para fotos, placas de porta (edit\u00e1veis), chamadinha e muito mais. Transforme sua sala de aula com o charme sombrio e divertido da Wandinha!","og_url":"https:\/\/lojasosprofessoratividades.com.br\/en\/product\/kit-volta-as-aulas-wandinha\/","og_site_name":"Loja SOS Professor Atividades","article_publisher":"https:\/\/www.facebook.com\/sosprofessoratividades","article_modified_time":"2026-05-08T19:57:34+00:00","og_image":[{"width":800,"height":693,"url":"https:\/\/lojasosprofessoratividades.com.br\/wp-content\/uploads\/2023\/01\/1.png","type":"image\/png"}],"twitter_card":"summary_large_image","twitter_misc":{"Est. reading time":"1 minute"},"schema":{"@context":"https:\/\/schema.org","@graph":[{"@type":"WebPage","@id":"https:\/\/lojasosprofessoratividades.com.br\/produto\/kit-volta-as-aulas-wandinha\/","url":"https:\/\/lojasosprofessoratividades.com.br\/produto\/kit-volta-as-aulas-wandinha\/","name":"Kit volta \u00e0s aulas - Wandinha - Loja SOS Professor Atividades","isPartOf":{"@id":"https:\/\/lojasosprofessoratividades.com.br\/#website"},"primaryImageOfPage":{"@id":"https:\/\/lojasosprofessoratividades.com.br\/produto\/kit-volta-as-aulas-wandinha\/#primaryimage"},"image":{"@id":"https:\/\/lojasosprofessoratividades.com.br\/produto\/kit-volta-as-aulas-wandinha\/#primaryimage"},"thumbnailUrl":"https:\/\/lojasosprofessoratividades.com.br\/wp-content\/uploads\/2023\/01\/1.png","datePublished":"2023-01-11T00:57:29+00:00","dateModified":"2026-05-08T19:57:34+00:00","description":"Kit Volta \u00e0s Aulas - Wandinha: Com 54 p\u00e1ginas tem\u00e1ticas, este mini kit \u00e9 perfeito para encantar seus alunos! Inclui bandeirolas de boas-vindas, alfabeto, calend\u00e1rio permanente, moldura para fotos, placas de porta (edit\u00e1veis), chamadinha e muito mais. Transforme sua sala de aula com o charme sombrio e divertido da Wandinha!","breadcrumb":{"@id":"https:\/\/lojasosprofessoratividades.com.br\/produto\/kit-volta-as-aulas-wandinha\/#breadcrumb"},"inLanguage":"en-US","potentialAction":[{"@type":"ReadAction","target":["https:\/\/lojasosprofessoratividades.com.br\/produto\/kit-volta-as-aulas-wandinha\/"]}]},{"@type":"ImageObject","inLanguage":"en-US","@id":"https:\/\/lojasosprofessoratividades.com.br\/produto\/kit-volta-as-aulas-wandinha\/#primaryimage","url":"https:\/\/lojasosprofessoratividades.com.br\/wp-content\/uploads\/2023\/01\/1.png","contentUrl":"https:\/\/lojasosprofessoratividades.com.br\/wp-content\/uploads\/2023\/01\/1.png","width":800,"height":693},{"@type":"BreadcrumbList","@id":"https:\/\/lojasosprofessoratividades.com.br\/produto\/kit-volta-as-aulas-wandinha\/#breadcrumb","itemListElement":[{"@type":"ListItem","position":1,"name":"In\u00edcio","item":"https:\/\/lojasosprofessoratividades.com.br\/"},{"@type":"ListItem","position":2,"name":"Loja","item":"https:\/\/lojasosprofessoratividades.com.br\/loja\/"},{"@type":"ListItem","position":3,"name":"Kit volta \u00e0s aulas &#8211; Wandinha"}]},{"@type":"WebSite","@id":"https:\/\/lojasosprofessoratividades.com.br\/#website","url":"https:\/\/lojasosprofessoratividades.com.br\/","name":"Loja SOS Professor Atividades","description":"Venda de material did\u00e1tico para o ensino fundamental","publisher":{"@id":"https:\/\/lojasosprofessoratividades.com.br\/#organization"},"potentialAction":[{"@type":"SearchAction","target":{"@type":"EntryPoint","urlTemplate":"https:\/\/lojasosprofessoratividades.com.br\/?s={search_term_string}"},"query-input":{"@type":"PropertyValueSpecification","valueRequired":true,"valueName":"search_term_string"}}],"inLanguage":"en-US"},{"@type":"Organization","@id":"https:\/\/lojasosprofessoratividades.com.br\/#organization","name":"Loja SOS Professor Atividades","url":"https:\/\/lojasosprofessoratividades.com.br\/","logo":{"@type":"ImageObject","inLanguage":"en-US","@id":"https:\/\/lojasosprofessoratividades.com.br\/#\/schema\/logo\/image\/","url":"http:\/\/lojasosprofessoratividades.com.br\/wp-content\/uploads\/2022\/04\/Logo.png","contentUrl":"http:\/\/lojasosprofessoratividades.com.br\/wp-content\/uploads\/2022\/04\/Logo.png","width":2000,"height":2000,"caption":"Loja SOS Professor Atividades"},"image":{"@id":"https:\/\/lojasosprofessoratividades.com.br\/#\/schema\/logo\/image\/"},"sameAs":["https:\/\/www.facebook.com\/sosprofessoratividades","https:\/\/www.instagram.com\/sosprofessoratividades\/"]}]}},"_links":{"self":[{"href":"https:\/\/lojasosprofessoratividades.com.br\/en\/wp-json\/wp\/v2\/product\/25182","targetHints":{"allow":["GET"]}}],"collection":[{"href":"https:\/\/lojasosprofessoratividades.com.br\/en\/wp-json\/wp\/v2\/product"}],"about":[{"href":"https:\/\/lojasosprofessoratividades.com.br\/en\/wp-json\/wp\/v2\/types\/product"}],"replies":[{"embeddable":true,"href":"https:\/\/lojasosprofessoratividades.com.br\/en\/wp-json\/wp\/v2\/comments?post=25182"}],"wp:featuredmedia":[{"embeddable":true,"href":"https:\/\/lojasosprofessoratividades.com.br\/en\/wp-json\/wp\/v2\/media\/25186"}],"wp:attachment":[{"href":"https:\/\/lojasosprofessoratividades.com.br\/en\/wp-json\/wp\/v2\/media?parent=25182"}],"wp:term":[{"taxonomy":"product_brand","embeddable":true,"href":"https:\/\/lojasosprofessoratividades.com.br\/en\/wp-json\/wp\/v2\/product_brand?post=25182"},{"taxonomy":"product_cat","embeddable":true,"href":"https:\/\/lojasosprofessoratividades.com.br\/en\/wp-json\/wp\/v2\/product_cat?post=25182"},{"taxonomy":"product_tag","embeddable":true,"href":"https:\/\/lojasosprofessoratividades.com.br\/en\/wp-json\/wp\/v2\/product_tag?post=25182"}],"curies":[{"name":"wp","href":"https:\/\/api.w.org\/{rel}","templated":true}]}}