{"id":25406,"date":"2026-01-13T09:05:38","date_gmt":"2026-01-13T12:05:38","guid":{"rendered":"http:\/\/lojasosprofessoratividades.com.br\/?post_type=product&#038;p=25406"},"modified":"2026-05-08T14:14:00","modified_gmt":"2026-05-08T17:14:00","slug":"origem-do-carnaval","status":"publish","type":"product","link":"https:\/\/lojasosprofessoratividades.com.br\/en\/product\/origem-do-carnaval\/","title":{"rendered":"Origem do Carnaval"},"content":{"rendered":"","protected":false},"excerpt":{"rendered":"<p>Arquivo <em><strong>n\u00e3o<\/strong><\/em> edit\u00e1vel, nas vers\u00f5es colorida e P&amp;B.<\/p>\n<p>Planejado para turmas do 4\u00ba e 5\u00ba anos.<\/p>\n<p>S\u00e3o 17 p\u00e1ginas contendo:<\/p>\n<ul>\n<li>duas capas &#8211; 1 colorida e 1 P&amp;B;<\/li>\n<li>texto e interpreta\u00e7\u00e3o -A origem do Carnaval;<\/li>\n<li>Interpreta\u00e7\u00e3o de imagem;<\/li>\n<li>ortografia L ap\u00f3s vogal;<\/li>\n<li>classifica\u00e7\u00e3o da palavra quanto ao n\u00famero de s\u00edlabas;<\/li>\n<li>ditado.<\/li>\n<\/ul>\n<p>Arquivo com:<\/p>\n<ul>\n<li>Brinde &#8211; Cartaz para mural ou porta.<\/li>\n<\/ul>\n<h3><em><strong>N\u00e3o enviamos por e-mail, a entrega \u00e9 via link para download.\u00a0<img decoding=\"async\" class=\"emoji\" role=\"img\" draggable=\"false\" src=\"https:\/\/s.w.org\/images\/core\/emoji\/16.0.1\/svg\/1f447.svg\" alt=\"\ud83d\udc47\" \/><\/strong><\/em><\/h3>\n<p><img loading=\"lazy\" decoding=\"async\" class=\"alignnone wp-image-33408 size-full\" src=\"https:\/\/lojasosprofessoratividades.com.br\/wp-content\/uploads\/2025\/02\/Aviso-Loja.jpg\" alt=\"\" width=\"446\" height=\"251\" srcset=\"https:\/\/lojasosprofessoratividades.com.br\/wp-content\/uploads\/2025\/02\/Aviso-Loja.jpg 446w, https:\/\/lojasosprofessoratividades.com.br\/wp-content\/uploads\/2025\/02\/Aviso-Loja-300x169.jpg 300w, https:\/\/lojasosprofessoratividades.com.br\/wp-content\/uploads\/2025\/02\/Aviso-Loja-18x10.jpg 18w\" sizes=\"auto, (max-width: 446px) 100vw, 446px\" \/><\/p>\n<p>&nbsp;<\/p>","protected":false},"featured_media":25411,"comment_status":"open","ping_status":"closed","template":"","meta":[],"product_brand":[],"product_cat":[125,127,216,218,195,204],"product_tag":[253,248,1178,616,375,383,3479,1177,650,551,1363,275,245,250,643,3478,225,713,1040,228],"class_list":{"0":"post-25406","1":"product","2":"type-product","3":"status-publish","4":"has-post-thumbnail","6":"product_cat-4o-ano","7":"product_cat-5o-ano","8":"product_cat-data-comemorativa-4-ano","9":"product_cat-data-comemorativa-5-ano","10":"product_cat-portugues-4-ano","11":"product_cat-portugues-5-anos","12":"product_tag-4o-ano","13":"product_tag-5o-ano","14":"product_tag-atividades-de-carnaval","15":"product_tag-atividades-escolares","16":"product_tag-bncc","17":"product_tag-carnaval","18":"product_tag-carnaval-educativo","19":"product_tag-carnaval-na-escola","20":"product_tag-classificacao-silabica","21":"product_tag-cultura-brasileira","22":"product_tag-datas-comemorativas","23":"product_tag-ditado","24":"product_tag-ensino-fundamental","25":"product_tag-interpretacao-de-texto","26":"product_tag-material-pedagogico","27":"product_tag-origem-do-carnaval","28":"product_tag-ortografia","29":"product_tag-painel-comemorativo","30":"product_tag-painel-de-porta","31":"product_tag-recurso-didatico","33":"first","34":"instock","35":"downloadable","36":"virtual","37":"sold-individually","38":"purchasable","39":"product-type-simple"},"yoast_head":"<!-- This site is optimized with the Yoast SEO plugin v27.6 - https:\/\/yoast.com\/product\/yoast-seo-wordpress\/ -->\n<title>Origem do Carnaval - Loja SOS Professor Atividades<\/title>\n<meta name=\"description\" content=\"Origem do Carnaval: arquivo pedag\u00f3gico n\u00e3o edit\u00e1vel para 4\u00ba e 5\u00ba anos, com texto, interpreta\u00e7\u00e3o, ortografia, s\u00edlabas, ditado e cartaz brinde.\" \/>\n<meta name=\"robots\" content=\"index, follow, max-snippet:-1, max-image-preview:large, max-video-preview:-1\" \/>\n<link rel=\"canonical\" href=\"https:\/\/lojasosprofessoratividades.com.br\/en\/product\/origem-do-carnaval\/\" \/>\n<meta property=\"og:locale\" content=\"en_US\" \/>\n<meta property=\"og:type\" content=\"article\" \/>\n<meta property=\"og:title\" content=\"Origem do Carnaval - Loja SOS Professor Atividades\" \/>\n<meta property=\"og:description\" content=\"Origem do Carnaval: arquivo pedag\u00f3gico n\u00e3o edit\u00e1vel para 4\u00ba e 5\u00ba anos, com texto, interpreta\u00e7\u00e3o, ortografia, s\u00edlabas, ditado e cartaz brinde.\" \/>\n<meta property=\"og:url\" content=\"https:\/\/lojasosprofessoratividades.com.br\/en\/product\/origem-do-carnaval\/\" \/>\n<meta property=\"og:site_name\" content=\"Loja SOS Professor Atividades\" \/>\n<meta property=\"article:publisher\" content=\"https:\/\/www.facebook.com\/sosprofessoratividades\" \/>\n<meta property=\"article:modified_time\" content=\"2026-05-08T17:14:00+00:00\" \/>\n<meta property=\"og:image\" content=\"https:\/\/lojasosprofessoratividades.com.br\/wp-content\/uploads\/2023\/01\/1-6.jpg\" \/>\n\t<meta property=\"og:image:width\" content=\"800\" \/>\n\t<meta property=\"og:image:height\" content=\"693\" \/>\n\t<meta property=\"og:image:type\" content=\"image\/jpeg\" \/>\n<meta name=\"twitter:card\" content=\"summary_large_image\" \/>\n<meta name=\"twitter:label1\" content=\"Est. reading time\" \/>\n\t<meta name=\"twitter:data1\" content=\"1 minute\" \/>\n<script type=\"application\/ld+json\" class=\"yoast-schema-graph\">{\"@context\":\"https:\\\/\\\/schema.org\",\"@graph\":[{\"@type\":\"WebPage\",\"@id\":\"https:\\\/\\\/lojasosprofessoratividades.com.br\\\/produto\\\/origem-do-carnaval\\\/\",\"url\":\"https:\\\/\\\/lojasosprofessoratividades.com.br\\\/produto\\\/origem-do-carnaval\\\/\",\"name\":\"Origem do Carnaval - Loja SOS Professor Atividades\",\"isPartOf\":{\"@id\":\"https:\\\/\\\/lojasosprofessoratividades.com.br\\\/#website\"},\"primaryImageOfPage\":{\"@id\":\"https:\\\/\\\/lojasosprofessoratividades.com.br\\\/produto\\\/origem-do-carnaval\\\/#primaryimage\"},\"image\":{\"@id\":\"https:\\\/\\\/lojasosprofessoratividades.com.br\\\/produto\\\/origem-do-carnaval\\\/#primaryimage\"},\"thumbnailUrl\":\"https:\\\/\\\/lojasosprofessoratividades.com.br\\\/wp-content\\\/uploads\\\/2023\\\/01\\\/1-6.jpg\",\"datePublished\":\"2026-01-13T12:05:38+00:00\",\"dateModified\":\"2026-05-08T17:14:00+00:00\",\"description\":\"Origem do Carnaval: arquivo pedag\u00f3gico n\u00e3o edit\u00e1vel para 4\u00ba e 5\u00ba anos, com texto, interpreta\u00e7\u00e3o, ortografia, s\u00edlabas, ditado e cartaz brinde.\",\"breadcrumb\":{\"@id\":\"https:\\\/\\\/lojasosprofessoratividades.com.br\\\/produto\\\/origem-do-carnaval\\\/#breadcrumb\"},\"inLanguage\":\"en-US\",\"potentialAction\":[{\"@type\":\"ReadAction\",\"target\":[\"https:\\\/\\\/lojasosprofessoratividades.com.br\\\/produto\\\/origem-do-carnaval\\\/\"]}]},{\"@type\":\"ImageObject\",\"inLanguage\":\"en-US\",\"@id\":\"https:\\\/\\\/lojasosprofessoratividades.com.br\\\/produto\\\/origem-do-carnaval\\\/#primaryimage\",\"url\":\"https:\\\/\\\/lojasosprofessoratividades.com.br\\\/wp-content\\\/uploads\\\/2023\\\/01\\\/1-6.jpg\",\"contentUrl\":\"https:\\\/\\\/lojasosprofessoratividades.com.br\\\/wp-content\\\/uploads\\\/2023\\\/01\\\/1-6.jpg\",\"width\":800,\"height\":693,\"caption\":\"carnaval\"},{\"@type\":\"BreadcrumbList\",\"@id\":\"https:\\\/\\\/lojasosprofessoratividades.com.br\\\/produto\\\/origem-do-carnaval\\\/#breadcrumb\",\"itemListElement\":[{\"@type\":\"ListItem\",\"position\":1,\"name\":\"In\u00edcio\",\"item\":\"https:\\\/\\\/lojasosprofessoratividades.com.br\\\/\"},{\"@type\":\"ListItem\",\"position\":2,\"name\":\"Loja\",\"item\":\"https:\\\/\\\/lojasosprofessoratividades.com.br\\\/loja\\\/\"},{\"@type\":\"ListItem\",\"position\":3,\"name\":\"Origem do Carnaval\"}]},{\"@type\":\"WebSite\",\"@id\":\"https:\\\/\\\/lojasosprofessoratividades.com.br\\\/#website\",\"url\":\"https:\\\/\\\/lojasosprofessoratividades.com.br\\\/\",\"name\":\"Loja SOS Professor Atividades\",\"description\":\"Venda de material did\u00e1tico para o ensino fundamental\",\"publisher\":{\"@id\":\"https:\\\/\\\/lojasosprofessoratividades.com.br\\\/#organization\"},\"potentialAction\":[{\"@type\":\"SearchAction\",\"target\":{\"@type\":\"EntryPoint\",\"urlTemplate\":\"https:\\\/\\\/lojasosprofessoratividades.com.br\\\/?s={search_term_string}\"},\"query-input\":{\"@type\":\"PropertyValueSpecification\",\"valueRequired\":true,\"valueName\":\"search_term_string\"}}],\"inLanguage\":\"en-US\"},{\"@type\":\"Organization\",\"@id\":\"https:\\\/\\\/lojasosprofessoratividades.com.br\\\/#organization\",\"name\":\"Loja SOS Professor Atividades\",\"url\":\"https:\\\/\\\/lojasosprofessoratividades.com.br\\\/\",\"logo\":{\"@type\":\"ImageObject\",\"inLanguage\":\"en-US\",\"@id\":\"https:\\\/\\\/lojasosprofessoratividades.com.br\\\/#\\\/schema\\\/logo\\\/image\\\/\",\"url\":\"http:\\\/\\\/lojasosprofessoratividades.com.br\\\/wp-content\\\/uploads\\\/2022\\\/04\\\/Logo.png\",\"contentUrl\":\"http:\\\/\\\/lojasosprofessoratividades.com.br\\\/wp-content\\\/uploads\\\/2022\\\/04\\\/Logo.png\",\"width\":2000,\"height\":2000,\"caption\":\"Loja SOS Professor Atividades\"},\"image\":{\"@id\":\"https:\\\/\\\/lojasosprofessoratividades.com.br\\\/#\\\/schema\\\/logo\\\/image\\\/\"},\"sameAs\":[\"https:\\\/\\\/www.facebook.com\\\/sosprofessoratividades\",\"https:\\\/\\\/www.instagram.com\\\/sosprofessoratividades\\\/\"]}]}<\/script>\n<!-- \/ Yoast SEO plugin. -->","yoast_head_json":{"title":"Origem do Carnaval - Loja SOS Professor Atividades","description":"Origem do Carnaval: arquivo pedag\u00f3gico n\u00e3o edit\u00e1vel para 4\u00ba e 5\u00ba anos, com texto, interpreta\u00e7\u00e3o, ortografia, s\u00edlabas, ditado e cartaz brinde.","robots":{"index":"index","follow":"follow","max-snippet":"max-snippet:-1","max-image-preview":"max-image-preview:large","max-video-preview":"max-video-preview:-1"},"canonical":"https:\/\/lojasosprofessoratividades.com.br\/en\/product\/origem-do-carnaval\/","og_locale":"en_US","og_type":"article","og_title":"Origem do Carnaval - Loja SOS Professor Atividades","og_description":"Origem do Carnaval: arquivo pedag\u00f3gico n\u00e3o edit\u00e1vel para 4\u00ba e 5\u00ba anos, com texto, interpreta\u00e7\u00e3o, ortografia, s\u00edlabas, ditado e cartaz brinde.","og_url":"https:\/\/lojasosprofessoratividades.com.br\/en\/product\/origem-do-carnaval\/","og_site_name":"Loja SOS Professor Atividades","article_publisher":"https:\/\/www.facebook.com\/sosprofessoratividades","article_modified_time":"2026-05-08T17:14:00+00:00","og_image":[{"width":800,"height":693,"url":"https:\/\/lojasosprofessoratividades.com.br\/wp-content\/uploads\/2023\/01\/1-6.jpg","type":"image\/jpeg"}],"twitter_card":"summary_large_image","twitter_misc":{"Est. reading time":"1 minute"},"schema":{"@context":"https:\/\/schema.org","@graph":[{"@type":"WebPage","@id":"https:\/\/lojasosprofessoratividades.com.br\/produto\/origem-do-carnaval\/","url":"https:\/\/lojasosprofessoratividades.com.br\/produto\/origem-do-carnaval\/","name":"Origem do Carnaval - Loja SOS Professor Atividades","isPartOf":{"@id":"https:\/\/lojasosprofessoratividades.com.br\/#website"},"primaryImageOfPage":{"@id":"https:\/\/lojasosprofessoratividades.com.br\/produto\/origem-do-carnaval\/#primaryimage"},"image":{"@id":"https:\/\/lojasosprofessoratividades.com.br\/produto\/origem-do-carnaval\/#primaryimage"},"thumbnailUrl":"https:\/\/lojasosprofessoratividades.com.br\/wp-content\/uploads\/2023\/01\/1-6.jpg","datePublished":"2026-01-13T12:05:38+00:00","dateModified":"2026-05-08T17:14:00+00:00","description":"Origem do Carnaval: arquivo pedag\u00f3gico n\u00e3o edit\u00e1vel para 4\u00ba e 5\u00ba anos, com texto, interpreta\u00e7\u00e3o, ortografia, s\u00edlabas, ditado e cartaz brinde.","breadcrumb":{"@id":"https:\/\/lojasosprofessoratividades.com.br\/produto\/origem-do-carnaval\/#breadcrumb"},"inLanguage":"en-US","potentialAction":[{"@type":"ReadAction","target":["https:\/\/lojasosprofessoratividades.com.br\/produto\/origem-do-carnaval\/"]}]},{"@type":"ImageObject","inLanguage":"en-US","@id":"https:\/\/lojasosprofessoratividades.com.br\/produto\/origem-do-carnaval\/#primaryimage","url":"https:\/\/lojasosprofessoratividades.com.br\/wp-content\/uploads\/2023\/01\/1-6.jpg","contentUrl":"https:\/\/lojasosprofessoratividades.com.br\/wp-content\/uploads\/2023\/01\/1-6.jpg","width":800,"height":693,"caption":"carnaval"},{"@type":"BreadcrumbList","@id":"https:\/\/lojasosprofessoratividades.com.br\/produto\/origem-do-carnaval\/#breadcrumb","itemListElement":[{"@type":"ListItem","position":1,"name":"In\u00edcio","item":"https:\/\/lojasosprofessoratividades.com.br\/"},{"@type":"ListItem","position":2,"name":"Loja","item":"https:\/\/lojasosprofessoratividades.com.br\/loja\/"},{"@type":"ListItem","position":3,"name":"Origem do Carnaval"}]},{"@type":"WebSite","@id":"https:\/\/lojasosprofessoratividades.com.br\/#website","url":"https:\/\/lojasosprofessoratividades.com.br\/","name":"Loja SOS Professor Atividades","description":"Venda de material did\u00e1tico para o ensino fundamental","publisher":{"@id":"https:\/\/lojasosprofessoratividades.com.br\/#organization"},"potentialAction":[{"@type":"SearchAction","target":{"@type":"EntryPoint","urlTemplate":"https:\/\/lojasosprofessoratividades.com.br\/?s={search_term_string}"},"query-input":{"@type":"PropertyValueSpecification","valueRequired":true,"valueName":"search_term_string"}}],"inLanguage":"en-US"},{"@type":"Organization","@id":"https:\/\/lojasosprofessoratividades.com.br\/#organization","name":"Loja SOS Professor Atividades","url":"https:\/\/lojasosprofessoratividades.com.br\/","logo":{"@type":"ImageObject","inLanguage":"en-US","@id":"https:\/\/lojasosprofessoratividades.com.br\/#\/schema\/logo\/image\/","url":"http:\/\/lojasosprofessoratividades.com.br\/wp-content\/uploads\/2022\/04\/Logo.png","contentUrl":"http:\/\/lojasosprofessoratividades.com.br\/wp-content\/uploads\/2022\/04\/Logo.png","width":2000,"height":2000,"caption":"Loja SOS Professor Atividades"},"image":{"@id":"https:\/\/lojasosprofessoratividades.com.br\/#\/schema\/logo\/image\/"},"sameAs":["https:\/\/www.facebook.com\/sosprofessoratividades","https:\/\/www.instagram.com\/sosprofessoratividades\/"]}]}},"_links":{"self":[{"href":"https:\/\/lojasosprofessoratividades.com.br\/en\/wp-json\/wp\/v2\/product\/25406","targetHints":{"allow":["GET"]}}],"collection":[{"href":"https:\/\/lojasosprofessoratividades.com.br\/en\/wp-json\/wp\/v2\/product"}],"about":[{"href":"https:\/\/lojasosprofessoratividades.com.br\/en\/wp-json\/wp\/v2\/types\/product"}],"replies":[{"embeddable":true,"href":"https:\/\/lojasosprofessoratividades.com.br\/en\/wp-json\/wp\/v2\/comments?post=25406"}],"wp:featuredmedia":[{"embeddable":true,"href":"https:\/\/lojasosprofessoratividades.com.br\/en\/wp-json\/wp\/v2\/media\/25411"}],"wp:attachment":[{"href":"https:\/\/lojasosprofessoratividades.com.br\/en\/wp-json\/wp\/v2\/media?parent=25406"}],"wp:term":[{"taxonomy":"product_brand","embeddable":true,"href":"https:\/\/lojasosprofessoratividades.com.br\/en\/wp-json\/wp\/v2\/product_brand?post=25406"},{"taxonomy":"product_cat","embeddable":true,"href":"https:\/\/lojasosprofessoratividades.com.br\/en\/wp-json\/wp\/v2\/product_cat?post=25406"},{"taxonomy":"product_tag","embeddable":true,"href":"https:\/\/lojasosprofessoratividades.com.br\/en\/wp-json\/wp\/v2\/product_tag?post=25406"}],"curies":[{"name":"wp","href":"https:\/\/api.w.org\/{rel}","templated":true}]}}