{"id":25749,"date":"2023-03-14T10:35:30","date_gmt":"2023-03-14T13:35:30","guid":{"rendered":"http:\/\/lojasosprofessoratividades.com.br\/?post_type=product&#038;p=25749"},"modified":"2026-05-08T16:50:51","modified_gmt":"2026-05-08T19:50:51","slug":"mural-pascoa-crista-azul-e-rosa","status":"publish","type":"product","link":"https:\/\/lojasosprofessoratividades.com.br\/en\/product\/mural-pascoa-crista-azul-e-rosa\/","title":{"rendered":"Mural P\u00e1scoa Crist\u00e3 (azul e rosa)"},"content":{"rendered":"","protected":false},"excerpt":{"rendered":"<p>Somente o painel!<\/p>\n<p>Arquivo n\u00e3o edit\u00e1vel, tem 13 p\u00e1ginas.<\/p>\n<p>O arquivo faz parte do Kit P\u00e1scoa Crist\u00e3 &#8211; azul e rosa, foi separado para atender aos in\u00fameros pedidos.<\/p>\n<p>Apresenta todos os elementos do painel ampliados em folha A4, cora\u00e7\u00f5es coloridos e para colorir que completam o mural.<\/p>\n<h3>N\u00e3o enviamos por e-mail, a entrega \u00e9 via link para download. \ud83d\udc47<\/h3>\n<p>&nbsp;<\/p>\n<p><img loading=\"lazy\" decoding=\"async\" class=\"alignnone wp-image-33408 size-full\" src=\"https:\/\/lojasosprofessoratividades.com.br\/wp-content\/uploads\/2025\/02\/Aviso-Loja.jpg\" alt=\"\" width=\"446\" height=\"251\" srcset=\"https:\/\/lojasosprofessoratividades.com.br\/wp-content\/uploads\/2025\/02\/Aviso-Loja.jpg 446w, https:\/\/lojasosprofessoratividades.com.br\/wp-content\/uploads\/2025\/02\/Aviso-Loja-300x169.jpg 300w, https:\/\/lojasosprofessoratividades.com.br\/wp-content\/uploads\/2025\/02\/Aviso-Loja-18x10.jpg 18w\" sizes=\"auto, (max-width: 446px) 100vw, 446px\" \/><\/p>","protected":false},"featured_media":25692,"comment_status":"open","ping_status":"closed","template":"","meta":[],"product_brand":[],"product_cat":[122,123,124,125,127,218,214,210,216,212,217,213,209,215,211],"product_tag":[1265,1262,1250,633,1266,540,1259,434,1264,1267],"class_list":{"0":"post-25749","1":"product","2":"type-product","3":"status-publish","4":"has-post-thumbnail","6":"product_cat-1o-ano","7":"product_cat-2o-ano","8":"product_cat-3o-ano","9":"product_cat-4o-ano","10":"product_cat-5o-ano","11":"product_cat-data-comemorativa-5-ano","12":"product_cat-data-comemorativa-3-ano","13":"product_cat-data-comemorativa-1-ano","14":"product_cat-data-comemorativa-4-ano","15":"product_cat-data-comemorativa-2-ano","16":"product_cat-recursos-didaticos-5-ano","17":"product_cat-recursos-didaticos-3-ano","18":"product_cat-recursos-didaticos-1-ano","19":"product_cat-recursos-didaticos-4-ano","20":"product_cat-recursos-didaticos-2-ano","21":"product_tag-coracoes-para-colorir","22":"product_tag-decoracao-de-pascoa","23":"product_tag-elementos-ampliados","24":"product_tag-escola","25":"product_tag-kit-pascoa","26":"product_tag-material-educativo","27":"product_tag-mural-de-pascoa","28":"product_tag-painel-de-pascoa","29":"product_tag-pascoa-crista","30":"product_tag-tematica-crista","32":"first","33":"instock","34":"downloadable","35":"virtual","36":"sold-individually","37":"purchasable","38":"product-type-simple"},"yoast_head":"<!-- This site is optimized with the Yoast SEO plugin v27.6 - https:\/\/yoast.com\/product\/yoast-seo-wordpress\/ -->\n<title>Mural P\u00e1scoa Crist\u00e3 (azul e rosa) - Loja SOS Professor Atividades<\/title>\n<meta name=\"description\" content=\"Painel &quot;P\u00e1scoa Crist\u00e3&quot; em PDF n\u00e3o edit\u00e1vel, com 13 p\u00e1ginas. Inclui todos os elementos do mural ampliados em folha A4, al\u00e9m de cora\u00e7\u00f5es coloridos e para colorir.\" \/>\n<meta name=\"robots\" content=\"index, follow, max-snippet:-1, max-image-preview:large, max-video-preview:-1\" \/>\n<link rel=\"canonical\" href=\"https:\/\/lojasosprofessoratividades.com.br\/en\/product\/mural-pascoa-crista-azul-e-rosa\/\" \/>\n<meta property=\"og:locale\" content=\"en_US\" \/>\n<meta property=\"og:type\" content=\"article\" \/>\n<meta property=\"og:title\" content=\"Mural P\u00e1scoa Crist\u00e3 (azul e rosa) - Loja SOS Professor Atividades\" \/>\n<meta property=\"og:description\" content=\"Painel &quot;P\u00e1scoa Crist\u00e3&quot; em PDF n\u00e3o edit\u00e1vel, com 13 p\u00e1ginas. Inclui todos os elementos do mural ampliados em folha A4, al\u00e9m de cora\u00e7\u00f5es coloridos e para colorir.\" \/>\n<meta property=\"og:url\" content=\"https:\/\/lojasosprofessoratividades.com.br\/en\/product\/mural-pascoa-crista-azul-e-rosa\/\" \/>\n<meta property=\"og:site_name\" content=\"Loja SOS Professor Atividades\" \/>\n<meta property=\"article:publisher\" content=\"https:\/\/www.facebook.com\/sosprofessoratividades\" \/>\n<meta property=\"article:modified_time\" content=\"2026-05-08T19:50:51+00:00\" \/>\n<meta property=\"og:image\" content=\"https:\/\/lojasosprofessoratividades.com.br\/wp-content\/uploads\/2023\/03\/1-1.jpg\" \/>\n\t<meta property=\"og:image:width\" content=\"800\" \/>\n\t<meta property=\"og:image:height\" content=\"693\" \/>\n\t<meta property=\"og:image:type\" content=\"image\/jpeg\" \/>\n<meta name=\"twitter:card\" content=\"summary_large_image\" \/>\n<meta name=\"twitter:label1\" content=\"Est. reading time\" \/>\n\t<meta name=\"twitter:data1\" content=\"1 minute\" \/>\n<script type=\"application\/ld+json\" class=\"yoast-schema-graph\">{\"@context\":\"https:\\\/\\\/schema.org\",\"@graph\":[{\"@type\":\"WebPage\",\"@id\":\"https:\\\/\\\/lojasosprofessoratividades.com.br\\\/produto\\\/mural-pascoa-crista-azul-e-rosa\\\/\",\"url\":\"https:\\\/\\\/lojasosprofessoratividades.com.br\\\/produto\\\/mural-pascoa-crista-azul-e-rosa\\\/\",\"name\":\"Mural P\u00e1scoa Crist\u00e3 (azul e rosa) - Loja SOS Professor Atividades\",\"isPartOf\":{\"@id\":\"https:\\\/\\\/lojasosprofessoratividades.com.br\\\/#website\"},\"primaryImageOfPage\":{\"@id\":\"https:\\\/\\\/lojasosprofessoratividades.com.br\\\/produto\\\/mural-pascoa-crista-azul-e-rosa\\\/#primaryimage\"},\"image\":{\"@id\":\"https:\\\/\\\/lojasosprofessoratividades.com.br\\\/produto\\\/mural-pascoa-crista-azul-e-rosa\\\/#primaryimage\"},\"thumbnailUrl\":\"https:\\\/\\\/lojasosprofessoratividades.com.br\\\/wp-content\\\/uploads\\\/2023\\\/03\\\/1-1.jpg\",\"datePublished\":\"2023-03-14T13:35:30+00:00\",\"dateModified\":\"2026-05-08T19:50:51+00:00\",\"description\":\"Painel \\\"P\u00e1scoa Crist\u00e3\\\" em PDF n\u00e3o edit\u00e1vel, com 13 p\u00e1ginas. Inclui todos os elementos do mural ampliados em folha A4, al\u00e9m de cora\u00e7\u00f5es coloridos e para colorir.\",\"breadcrumb\":{\"@id\":\"https:\\\/\\\/lojasosprofessoratividades.com.br\\\/produto\\\/mural-pascoa-crista-azul-e-rosa\\\/#breadcrumb\"},\"inLanguage\":\"en-US\",\"potentialAction\":[{\"@type\":\"ReadAction\",\"target\":[\"https:\\\/\\\/lojasosprofessoratividades.com.br\\\/produto\\\/mural-pascoa-crista-azul-e-rosa\\\/\"]}]},{\"@type\":\"ImageObject\",\"inLanguage\":\"en-US\",\"@id\":\"https:\\\/\\\/lojasosprofessoratividades.com.br\\\/produto\\\/mural-pascoa-crista-azul-e-rosa\\\/#primaryimage\",\"url\":\"https:\\\/\\\/lojasosprofessoratividades.com.br\\\/wp-content\\\/uploads\\\/2023\\\/03\\\/1-1.jpg\",\"contentUrl\":\"https:\\\/\\\/lojasosprofessoratividades.com.br\\\/wp-content\\\/uploads\\\/2023\\\/03\\\/1-1.jpg\",\"width\":800,\"height\":693,\"caption\":\"P\u00e1scoa Crist\u00e3\"},{\"@type\":\"BreadcrumbList\",\"@id\":\"https:\\\/\\\/lojasosprofessoratividades.com.br\\\/produto\\\/mural-pascoa-crista-azul-e-rosa\\\/#breadcrumb\",\"itemListElement\":[{\"@type\":\"ListItem\",\"position\":1,\"name\":\"In\u00edcio\",\"item\":\"https:\\\/\\\/lojasosprofessoratividades.com.br\\\/\"},{\"@type\":\"ListItem\",\"position\":2,\"name\":\"Loja\",\"item\":\"https:\\\/\\\/lojasosprofessoratividades.com.br\\\/loja\\\/\"},{\"@type\":\"ListItem\",\"position\":3,\"name\":\"Mural P\u00e1scoa Crist\u00e3 (azul e rosa)\"}]},{\"@type\":\"WebSite\",\"@id\":\"https:\\\/\\\/lojasosprofessoratividades.com.br\\\/#website\",\"url\":\"https:\\\/\\\/lojasosprofessoratividades.com.br\\\/\",\"name\":\"Loja SOS Professor Atividades\",\"description\":\"Venda de material did\u00e1tico para o ensino fundamental\",\"publisher\":{\"@id\":\"https:\\\/\\\/lojasosprofessoratividades.com.br\\\/#organization\"},\"potentialAction\":[{\"@type\":\"SearchAction\",\"target\":{\"@type\":\"EntryPoint\",\"urlTemplate\":\"https:\\\/\\\/lojasosprofessoratividades.com.br\\\/?s={search_term_string}\"},\"query-input\":{\"@type\":\"PropertyValueSpecification\",\"valueRequired\":true,\"valueName\":\"search_term_string\"}}],\"inLanguage\":\"en-US\"},{\"@type\":\"Organization\",\"@id\":\"https:\\\/\\\/lojasosprofessoratividades.com.br\\\/#organization\",\"name\":\"Loja SOS Professor Atividades\",\"url\":\"https:\\\/\\\/lojasosprofessoratividades.com.br\\\/\",\"logo\":{\"@type\":\"ImageObject\",\"inLanguage\":\"en-US\",\"@id\":\"https:\\\/\\\/lojasosprofessoratividades.com.br\\\/#\\\/schema\\\/logo\\\/image\\\/\",\"url\":\"http:\\\/\\\/lojasosprofessoratividades.com.br\\\/wp-content\\\/uploads\\\/2022\\\/04\\\/Logo.png\",\"contentUrl\":\"http:\\\/\\\/lojasosprofessoratividades.com.br\\\/wp-content\\\/uploads\\\/2022\\\/04\\\/Logo.png\",\"width\":2000,\"height\":2000,\"caption\":\"Loja SOS Professor Atividades\"},\"image\":{\"@id\":\"https:\\\/\\\/lojasosprofessoratividades.com.br\\\/#\\\/schema\\\/logo\\\/image\\\/\"},\"sameAs\":[\"https:\\\/\\\/www.facebook.com\\\/sosprofessoratividades\",\"https:\\\/\\\/www.instagram.com\\\/sosprofessoratividades\\\/\"]}]}<\/script>\n<!-- \/ Yoast SEO plugin. -->","yoast_head_json":{"title":"Mural P\u00e1scoa Crist\u00e3 (azul e rosa) - Loja SOS Professor Atividades","description":"Painel \"P\u00e1scoa Crist\u00e3\" em PDF n\u00e3o edit\u00e1vel, com 13 p\u00e1ginas. Inclui todos os elementos do mural ampliados em folha A4, al\u00e9m de cora\u00e7\u00f5es coloridos e para colorir.","robots":{"index":"index","follow":"follow","max-snippet":"max-snippet:-1","max-image-preview":"max-image-preview:large","max-video-preview":"max-video-preview:-1"},"canonical":"https:\/\/lojasosprofessoratividades.com.br\/en\/product\/mural-pascoa-crista-azul-e-rosa\/","og_locale":"en_US","og_type":"article","og_title":"Mural P\u00e1scoa Crist\u00e3 (azul e rosa) - Loja SOS Professor Atividades","og_description":"Painel \"P\u00e1scoa Crist\u00e3\" em PDF n\u00e3o edit\u00e1vel, com 13 p\u00e1ginas. Inclui todos os elementos do mural ampliados em folha A4, al\u00e9m de cora\u00e7\u00f5es coloridos e para colorir.","og_url":"https:\/\/lojasosprofessoratividades.com.br\/en\/product\/mural-pascoa-crista-azul-e-rosa\/","og_site_name":"Loja SOS Professor Atividades","article_publisher":"https:\/\/www.facebook.com\/sosprofessoratividades","article_modified_time":"2026-05-08T19:50:51+00:00","og_image":[{"width":800,"height":693,"url":"https:\/\/lojasosprofessoratividades.com.br\/wp-content\/uploads\/2023\/03\/1-1.jpg","type":"image\/jpeg"}],"twitter_card":"summary_large_image","twitter_misc":{"Est. reading time":"1 minute"},"schema":{"@context":"https:\/\/schema.org","@graph":[{"@type":"WebPage","@id":"https:\/\/lojasosprofessoratividades.com.br\/produto\/mural-pascoa-crista-azul-e-rosa\/","url":"https:\/\/lojasosprofessoratividades.com.br\/produto\/mural-pascoa-crista-azul-e-rosa\/","name":"Mural P\u00e1scoa Crist\u00e3 (azul e rosa) - Loja SOS Professor Atividades","isPartOf":{"@id":"https:\/\/lojasosprofessoratividades.com.br\/#website"},"primaryImageOfPage":{"@id":"https:\/\/lojasosprofessoratividades.com.br\/produto\/mural-pascoa-crista-azul-e-rosa\/#primaryimage"},"image":{"@id":"https:\/\/lojasosprofessoratividades.com.br\/produto\/mural-pascoa-crista-azul-e-rosa\/#primaryimage"},"thumbnailUrl":"https:\/\/lojasosprofessoratividades.com.br\/wp-content\/uploads\/2023\/03\/1-1.jpg","datePublished":"2023-03-14T13:35:30+00:00","dateModified":"2026-05-08T19:50:51+00:00","description":"Painel \"P\u00e1scoa Crist\u00e3\" em PDF n\u00e3o edit\u00e1vel, com 13 p\u00e1ginas. Inclui todos os elementos do mural ampliados em folha A4, al\u00e9m de cora\u00e7\u00f5es coloridos e para colorir.","breadcrumb":{"@id":"https:\/\/lojasosprofessoratividades.com.br\/produto\/mural-pascoa-crista-azul-e-rosa\/#breadcrumb"},"inLanguage":"en-US","potentialAction":[{"@type":"ReadAction","target":["https:\/\/lojasosprofessoratividades.com.br\/produto\/mural-pascoa-crista-azul-e-rosa\/"]}]},{"@type":"ImageObject","inLanguage":"en-US","@id":"https:\/\/lojasosprofessoratividades.com.br\/produto\/mural-pascoa-crista-azul-e-rosa\/#primaryimage","url":"https:\/\/lojasosprofessoratividades.com.br\/wp-content\/uploads\/2023\/03\/1-1.jpg","contentUrl":"https:\/\/lojasosprofessoratividades.com.br\/wp-content\/uploads\/2023\/03\/1-1.jpg","width":800,"height":693,"caption":"P\u00e1scoa Crist\u00e3"},{"@type":"BreadcrumbList","@id":"https:\/\/lojasosprofessoratividades.com.br\/produto\/mural-pascoa-crista-azul-e-rosa\/#breadcrumb","itemListElement":[{"@type":"ListItem","position":1,"name":"In\u00edcio","item":"https:\/\/lojasosprofessoratividades.com.br\/"},{"@type":"ListItem","position":2,"name":"Loja","item":"https:\/\/lojasosprofessoratividades.com.br\/loja\/"},{"@type":"ListItem","position":3,"name":"Mural P\u00e1scoa Crist\u00e3 (azul e rosa)"}]},{"@type":"WebSite","@id":"https:\/\/lojasosprofessoratividades.com.br\/#website","url":"https:\/\/lojasosprofessoratividades.com.br\/","name":"Loja SOS Professor Atividades","description":"Venda de material did\u00e1tico para o ensino fundamental","publisher":{"@id":"https:\/\/lojasosprofessoratividades.com.br\/#organization"},"potentialAction":[{"@type":"SearchAction","target":{"@type":"EntryPoint","urlTemplate":"https:\/\/lojasosprofessoratividades.com.br\/?s={search_term_string}"},"query-input":{"@type":"PropertyValueSpecification","valueRequired":true,"valueName":"search_term_string"}}],"inLanguage":"en-US"},{"@type":"Organization","@id":"https:\/\/lojasosprofessoratividades.com.br\/#organization","name":"Loja SOS Professor Atividades","url":"https:\/\/lojasosprofessoratividades.com.br\/","logo":{"@type":"ImageObject","inLanguage":"en-US","@id":"https:\/\/lojasosprofessoratividades.com.br\/#\/schema\/logo\/image\/","url":"http:\/\/lojasosprofessoratividades.com.br\/wp-content\/uploads\/2022\/04\/Logo.png","contentUrl":"http:\/\/lojasosprofessoratividades.com.br\/wp-content\/uploads\/2022\/04\/Logo.png","width":2000,"height":2000,"caption":"Loja SOS Professor Atividades"},"image":{"@id":"https:\/\/lojasosprofessoratividades.com.br\/#\/schema\/logo\/image\/"},"sameAs":["https:\/\/www.facebook.com\/sosprofessoratividades","https:\/\/www.instagram.com\/sosprofessoratividades\/"]}]}},"_links":{"self":[{"href":"https:\/\/lojasosprofessoratividades.com.br\/en\/wp-json\/wp\/v2\/product\/25749","targetHints":{"allow":["GET"]}}],"collection":[{"href":"https:\/\/lojasosprofessoratividades.com.br\/en\/wp-json\/wp\/v2\/product"}],"about":[{"href":"https:\/\/lojasosprofessoratividades.com.br\/en\/wp-json\/wp\/v2\/types\/product"}],"replies":[{"embeddable":true,"href":"https:\/\/lojasosprofessoratividades.com.br\/en\/wp-json\/wp\/v2\/comments?post=25749"}],"wp:featuredmedia":[{"embeddable":true,"href":"https:\/\/lojasosprofessoratividades.com.br\/en\/wp-json\/wp\/v2\/media\/25692"}],"wp:attachment":[{"href":"https:\/\/lojasosprofessoratividades.com.br\/en\/wp-json\/wp\/v2\/media?parent=25749"}],"wp:term":[{"taxonomy":"product_brand","embeddable":true,"href":"https:\/\/lojasosprofessoratividades.com.br\/en\/wp-json\/wp\/v2\/product_brand?post=25749"},{"taxonomy":"product_cat","embeddable":true,"href":"https:\/\/lojasosprofessoratividades.com.br\/en\/wp-json\/wp\/v2\/product_cat?post=25749"},{"taxonomy":"product_tag","embeddable":true,"href":"https:\/\/lojasosprofessoratividades.com.br\/en\/wp-json\/wp\/v2\/product_tag?post=25749"}],"curies":[{"name":"wp","href":"https:\/\/api.w.org\/{rel}","templated":true}]}}