{"id":25831,"date":"2026-04-08T05:19:53","date_gmt":"2026-04-08T08:19:53","guid":{"rendered":"http:\/\/lojasosprofessoratividades.com.br\/?post_type=product&#038;p=25831"},"modified":"2026-05-08T13:50:13","modified_gmt":"2026-05-08T16:50:13","slug":"as-reinacoes-de-narizinho","status":"publish","type":"product","link":"https:\/\/lojasosprofessoratividades.com.br\/en\/product\/as-reinacoes-de-narizinho\/","title":{"rendered":"As reina\u00e7\u00f5es de Narizinho"},"content":{"rendered":"","protected":false},"excerpt":{"rendered":"<p>O Dia Nacional do Livro Infantil est\u00e1 chegando! Pacote de atividades e recursos inspirados na obra de Monteiro Lobato &#8211; As Reina\u00e7\u00f5es de Narizinho. Siga a gente e fique por dentro das novidades.<\/p>\n<p>Arquivo <em><strong>n\u00e3o<\/strong><\/em> edit\u00e1vel, apresenta as vers\u00f5es colorida e P&amp;B, totalizando 33 p\u00e1ginas<\/p>\n<p>Cont\u00e9m:<\/p>\n<ul>\n<li>Interpreta\u00e7\u00e3o de texto;<\/li>\n<li>Uso do dicion\u00e1rio;<\/li>\n<li>Tipos de frases (criar frases)<\/li>\n<li>Texto fatiado;<\/li>\n<li>Folha para ditado;<\/li>\n<li>Biografia do Monteiro Lobato;<\/li>\n<li>Moldura tem\u00e1tica para fotos;<\/li>\n<li>Marcador de p\u00e1gina tem\u00e1tico (menino e menina);<\/li>\n<li>Elementos para os alunos confeccionarem o mural (menino e menina);<\/li>\n<li>Letras da frase \u2013 LIVROS S\u00c3O SONHOS QUE SEGURAMOS COM AS M\u00c3OS.<\/li>\n<li>Coroas tem\u00e1ticas colorida e para colorir;<\/li>\n<li>Gabaritos.<\/li>\n<\/ul>\n<h3>N\u00e3o enviamos por e-mail, a entrega \u00e9 via link para download. \ud83d\udc47<\/h3>\n<p><img loading=\"lazy\" decoding=\"async\" class=\"alignnone wp-image-38009 size-full\" src=\"https:\/\/lojasosprofessoratividades.com.br\/wp-content\/uploads\/2026\/02\/Como-baixar-2.jpg\" alt=\"\" width=\"446\" height=\"251\" srcset=\"https:\/\/lojasosprofessoratividades.com.br\/wp-content\/uploads\/2026\/02\/Como-baixar-2.jpg 446w, https:\/\/lojasosprofessoratividades.com.br\/wp-content\/uploads\/2026\/02\/Como-baixar-2-300x169.jpg 300w, https:\/\/lojasosprofessoratividades.com.br\/wp-content\/uploads\/2026\/02\/Como-baixar-2-18x10.jpg 18w\" sizes=\"auto, (max-width: 446px) 100vw, 446px\" \/><\/p>","protected":false},"featured_media":26017,"comment_status":"open","ping_status":"closed","template":"","meta":[],"product_brand":[],"product_cat":[125,127,216,218,195,204],"product_tag":[1403,616,375,1222,245,250,1405,1404,643,1402],"class_list":{"0":"post-25831","1":"product","2":"type-product","3":"status-publish","4":"has-post-thumbnail","6":"product_cat-4o-ano","7":"product_cat-5o-ano","8":"product_cat-data-comemorativa-4-ano","9":"product_cat-data-comemorativa-5-ano","10":"product_cat-portugues-4-ano","11":"product_cat-portugues-5-anos","12":"product_tag-as-reinacoes-de-narizinho","13":"product_tag-atividades-escolares","14":"product_tag-bncc","15":"product_tag-educacao-criativa","16":"product_tag-ensino-fundamental","17":"product_tag-interpretacao-de-texto","18":"product_tag-leitura-e-escrita","19":"product_tag-literatura-infantil","20":"product_tag-material-pedagogico","21":"product_tag-monteiro-lobato","23":"first","24":"instock","25":"downloadable","26":"virtual","27":"sold-individually","28":"purchasable","29":"product-type-simple"},"yoast_head":"<!-- This site is optimized with the Yoast SEO plugin v27.6 - https:\/\/yoast.com\/product\/yoast-seo-wordpress\/ -->\n<title>As reina\u00e7\u00f5es de Narizinho - Loja SOS Professor Atividades<\/title>\n<meta name=\"description\" content=\"Atividades sobre Reina\u00e7\u00f5es de Narizinho: 33 p\u00e1ginas com interpreta\u00e7\u00e3o, ditado, mural, marcadores e coroas. Colorido e P&amp;B.\" \/>\n<meta name=\"robots\" content=\"index, follow, max-snippet:-1, max-image-preview:large, max-video-preview:-1\" \/>\n<link rel=\"canonical\" href=\"https:\/\/lojasosprofessoratividades.com.br\/en\/product\/as-reinacoes-de-narizinho\/\" \/>\n<meta property=\"og:locale\" content=\"en_US\" \/>\n<meta property=\"og:type\" content=\"article\" \/>\n<meta property=\"og:title\" content=\"As reina\u00e7\u00f5es de Narizinho - Loja SOS Professor Atividades\" \/>\n<meta property=\"og:description\" content=\"Atividades sobre Reina\u00e7\u00f5es de Narizinho: 33 p\u00e1ginas com interpreta\u00e7\u00e3o, ditado, mural, marcadores e coroas. Colorido e P&amp;B.\" \/>\n<meta property=\"og:url\" content=\"https:\/\/lojasosprofessoratividades.com.br\/en\/product\/as-reinacoes-de-narizinho\/\" \/>\n<meta property=\"og:site_name\" content=\"Loja SOS Professor Atividades\" \/>\n<meta property=\"article:publisher\" content=\"https:\/\/www.facebook.com\/sosprofessoratividades\" \/>\n<meta property=\"article:modified_time\" content=\"2026-05-08T16:50:13+00:00\" \/>\n<meta property=\"og:image\" content=\"https:\/\/lojasosprofessoratividades.com.br\/wp-content\/uploads\/2023\/03\/77AF4E93-905E-47B8-B627-87DBF66B12E3.jpeg\" \/>\n\t<meta property=\"og:image:width\" content=\"800\" \/>\n\t<meta property=\"og:image:height\" content=\"693\" \/>\n\t<meta property=\"og:image:type\" content=\"image\/jpeg\" \/>\n<meta name=\"twitter:card\" content=\"summary_large_image\" \/>\n<meta name=\"twitter:label1\" content=\"Est. reading time\" \/>\n\t<meta name=\"twitter:data1\" content=\"1 minute\" \/>\n<script type=\"application\/ld+json\" class=\"yoast-schema-graph\">{\"@context\":\"https:\\\/\\\/schema.org\",\"@graph\":[{\"@type\":\"WebPage\",\"@id\":\"https:\\\/\\\/lojasosprofessoratividades.com.br\\\/produto\\\/as-reinacoes-de-narizinho\\\/\",\"url\":\"https:\\\/\\\/lojasosprofessoratividades.com.br\\\/produto\\\/as-reinacoes-de-narizinho\\\/\",\"name\":\"As reina\u00e7\u00f5es de Narizinho - Loja SOS Professor Atividades\",\"isPartOf\":{\"@id\":\"https:\\\/\\\/lojasosprofessoratividades.com.br\\\/#website\"},\"primaryImageOfPage\":{\"@id\":\"https:\\\/\\\/lojasosprofessoratividades.com.br\\\/produto\\\/as-reinacoes-de-narizinho\\\/#primaryimage\"},\"image\":{\"@id\":\"https:\\\/\\\/lojasosprofessoratividades.com.br\\\/produto\\\/as-reinacoes-de-narizinho\\\/#primaryimage\"},\"thumbnailUrl\":\"https:\\\/\\\/lojasosprofessoratividades.com.br\\\/wp-content\\\/uploads\\\/2023\\\/03\\\/77AF4E93-905E-47B8-B627-87DBF66B12E3.jpeg\",\"datePublished\":\"2026-04-08T08:19:53+00:00\",\"dateModified\":\"2026-05-08T16:50:13+00:00\",\"description\":\"Atividades sobre Reina\u00e7\u00f5es de Narizinho: 33 p\u00e1ginas com interpreta\u00e7\u00e3o, ditado, mural, marcadores e coroas. Colorido e P&B.\",\"breadcrumb\":{\"@id\":\"https:\\\/\\\/lojasosprofessoratividades.com.br\\\/produto\\\/as-reinacoes-de-narizinho\\\/#breadcrumb\"},\"inLanguage\":\"en-US\",\"potentialAction\":[{\"@type\":\"ReadAction\",\"target\":[\"https:\\\/\\\/lojasosprofessoratividades.com.br\\\/produto\\\/as-reinacoes-de-narizinho\\\/\"]}]},{\"@type\":\"ImageObject\",\"inLanguage\":\"en-US\",\"@id\":\"https:\\\/\\\/lojasosprofessoratividades.com.br\\\/produto\\\/as-reinacoes-de-narizinho\\\/#primaryimage\",\"url\":\"https:\\\/\\\/lojasosprofessoratividades.com.br\\\/wp-content\\\/uploads\\\/2023\\\/03\\\/77AF4E93-905E-47B8-B627-87DBF66B12E3.jpeg\",\"contentUrl\":\"https:\\\/\\\/lojasosprofessoratividades.com.br\\\/wp-content\\\/uploads\\\/2023\\\/03\\\/77AF4E93-905E-47B8-B627-87DBF66B12E3.jpeg\",\"width\":800,\"height\":693,\"caption\":\"Reina\u00e7\u00f5es narizinho\"},{\"@type\":\"BreadcrumbList\",\"@id\":\"https:\\\/\\\/lojasosprofessoratividades.com.br\\\/produto\\\/as-reinacoes-de-narizinho\\\/#breadcrumb\",\"itemListElement\":[{\"@type\":\"ListItem\",\"position\":1,\"name\":\"In\u00edcio\",\"item\":\"https:\\\/\\\/lojasosprofessoratividades.com.br\\\/\"},{\"@type\":\"ListItem\",\"position\":2,\"name\":\"Loja\",\"item\":\"https:\\\/\\\/lojasosprofessoratividades.com.br\\\/loja\\\/\"},{\"@type\":\"ListItem\",\"position\":3,\"name\":\"As reina\u00e7\u00f5es de Narizinho\"}]},{\"@type\":\"WebSite\",\"@id\":\"https:\\\/\\\/lojasosprofessoratividades.com.br\\\/#website\",\"url\":\"https:\\\/\\\/lojasosprofessoratividades.com.br\\\/\",\"name\":\"Loja SOS Professor Atividades\",\"description\":\"Venda de material did\u00e1tico para o ensino fundamental\",\"publisher\":{\"@id\":\"https:\\\/\\\/lojasosprofessoratividades.com.br\\\/#organization\"},\"potentialAction\":[{\"@type\":\"SearchAction\",\"target\":{\"@type\":\"EntryPoint\",\"urlTemplate\":\"https:\\\/\\\/lojasosprofessoratividades.com.br\\\/?s={search_term_string}\"},\"query-input\":{\"@type\":\"PropertyValueSpecification\",\"valueRequired\":true,\"valueName\":\"search_term_string\"}}],\"inLanguage\":\"en-US\"},{\"@type\":\"Organization\",\"@id\":\"https:\\\/\\\/lojasosprofessoratividades.com.br\\\/#organization\",\"name\":\"Loja SOS Professor Atividades\",\"url\":\"https:\\\/\\\/lojasosprofessoratividades.com.br\\\/\",\"logo\":{\"@type\":\"ImageObject\",\"inLanguage\":\"en-US\",\"@id\":\"https:\\\/\\\/lojasosprofessoratividades.com.br\\\/#\\\/schema\\\/logo\\\/image\\\/\",\"url\":\"http:\\\/\\\/lojasosprofessoratividades.com.br\\\/wp-content\\\/uploads\\\/2022\\\/04\\\/Logo.png\",\"contentUrl\":\"http:\\\/\\\/lojasosprofessoratividades.com.br\\\/wp-content\\\/uploads\\\/2022\\\/04\\\/Logo.png\",\"width\":2000,\"height\":2000,\"caption\":\"Loja SOS Professor Atividades\"},\"image\":{\"@id\":\"https:\\\/\\\/lojasosprofessoratividades.com.br\\\/#\\\/schema\\\/logo\\\/image\\\/\"},\"sameAs\":[\"https:\\\/\\\/www.facebook.com\\\/sosprofessoratividades\",\"https:\\\/\\\/www.instagram.com\\\/sosprofessoratividades\\\/\"]}]}<\/script>\n<!-- \/ Yoast SEO plugin. -->","yoast_head_json":{"title":"As reina\u00e7\u00f5es de Narizinho - Loja SOS Professor Atividades","description":"Atividades sobre Reina\u00e7\u00f5es de Narizinho: 33 p\u00e1ginas com interpreta\u00e7\u00e3o, ditado, mural, marcadores e coroas. Colorido e P&B.","robots":{"index":"index","follow":"follow","max-snippet":"max-snippet:-1","max-image-preview":"max-image-preview:large","max-video-preview":"max-video-preview:-1"},"canonical":"https:\/\/lojasosprofessoratividades.com.br\/en\/product\/as-reinacoes-de-narizinho\/","og_locale":"en_US","og_type":"article","og_title":"As reina\u00e7\u00f5es de Narizinho - Loja SOS Professor Atividades","og_description":"Atividades sobre Reina\u00e7\u00f5es de Narizinho: 33 p\u00e1ginas com interpreta\u00e7\u00e3o, ditado, mural, marcadores e coroas. Colorido e P&B.","og_url":"https:\/\/lojasosprofessoratividades.com.br\/en\/product\/as-reinacoes-de-narizinho\/","og_site_name":"Loja SOS Professor Atividades","article_publisher":"https:\/\/www.facebook.com\/sosprofessoratividades","article_modified_time":"2026-05-08T16:50:13+00:00","og_image":[{"width":800,"height":693,"url":"https:\/\/lojasosprofessoratividades.com.br\/wp-content\/uploads\/2023\/03\/77AF4E93-905E-47B8-B627-87DBF66B12E3.jpeg","type":"image\/jpeg"}],"twitter_card":"summary_large_image","twitter_misc":{"Est. reading time":"1 minute"},"schema":{"@context":"https:\/\/schema.org","@graph":[{"@type":"WebPage","@id":"https:\/\/lojasosprofessoratividades.com.br\/produto\/as-reinacoes-de-narizinho\/","url":"https:\/\/lojasosprofessoratividades.com.br\/produto\/as-reinacoes-de-narizinho\/","name":"As reina\u00e7\u00f5es de Narizinho - Loja SOS Professor Atividades","isPartOf":{"@id":"https:\/\/lojasosprofessoratividades.com.br\/#website"},"primaryImageOfPage":{"@id":"https:\/\/lojasosprofessoratividades.com.br\/produto\/as-reinacoes-de-narizinho\/#primaryimage"},"image":{"@id":"https:\/\/lojasosprofessoratividades.com.br\/produto\/as-reinacoes-de-narizinho\/#primaryimage"},"thumbnailUrl":"https:\/\/lojasosprofessoratividades.com.br\/wp-content\/uploads\/2023\/03\/77AF4E93-905E-47B8-B627-87DBF66B12E3.jpeg","datePublished":"2026-04-08T08:19:53+00:00","dateModified":"2026-05-08T16:50:13+00:00","description":"Atividades sobre Reina\u00e7\u00f5es de Narizinho: 33 p\u00e1ginas com interpreta\u00e7\u00e3o, ditado, mural, marcadores e coroas. Colorido e P&B.","breadcrumb":{"@id":"https:\/\/lojasosprofessoratividades.com.br\/produto\/as-reinacoes-de-narizinho\/#breadcrumb"},"inLanguage":"en-US","potentialAction":[{"@type":"ReadAction","target":["https:\/\/lojasosprofessoratividades.com.br\/produto\/as-reinacoes-de-narizinho\/"]}]},{"@type":"ImageObject","inLanguage":"en-US","@id":"https:\/\/lojasosprofessoratividades.com.br\/produto\/as-reinacoes-de-narizinho\/#primaryimage","url":"https:\/\/lojasosprofessoratividades.com.br\/wp-content\/uploads\/2023\/03\/77AF4E93-905E-47B8-B627-87DBF66B12E3.jpeg","contentUrl":"https:\/\/lojasosprofessoratividades.com.br\/wp-content\/uploads\/2023\/03\/77AF4E93-905E-47B8-B627-87DBF66B12E3.jpeg","width":800,"height":693,"caption":"Reina\u00e7\u00f5es narizinho"},{"@type":"BreadcrumbList","@id":"https:\/\/lojasosprofessoratividades.com.br\/produto\/as-reinacoes-de-narizinho\/#breadcrumb","itemListElement":[{"@type":"ListItem","position":1,"name":"In\u00edcio","item":"https:\/\/lojasosprofessoratividades.com.br\/"},{"@type":"ListItem","position":2,"name":"Loja","item":"https:\/\/lojasosprofessoratividades.com.br\/loja\/"},{"@type":"ListItem","position":3,"name":"As reina\u00e7\u00f5es de Narizinho"}]},{"@type":"WebSite","@id":"https:\/\/lojasosprofessoratividades.com.br\/#website","url":"https:\/\/lojasosprofessoratividades.com.br\/","name":"Loja SOS Professor Atividades","description":"Venda de material did\u00e1tico para o ensino fundamental","publisher":{"@id":"https:\/\/lojasosprofessoratividades.com.br\/#organization"},"potentialAction":[{"@type":"SearchAction","target":{"@type":"EntryPoint","urlTemplate":"https:\/\/lojasosprofessoratividades.com.br\/?s={search_term_string}"},"query-input":{"@type":"PropertyValueSpecification","valueRequired":true,"valueName":"search_term_string"}}],"inLanguage":"en-US"},{"@type":"Organization","@id":"https:\/\/lojasosprofessoratividades.com.br\/#organization","name":"Loja SOS Professor Atividades","url":"https:\/\/lojasosprofessoratividades.com.br\/","logo":{"@type":"ImageObject","inLanguage":"en-US","@id":"https:\/\/lojasosprofessoratividades.com.br\/#\/schema\/logo\/image\/","url":"http:\/\/lojasosprofessoratividades.com.br\/wp-content\/uploads\/2022\/04\/Logo.png","contentUrl":"http:\/\/lojasosprofessoratividades.com.br\/wp-content\/uploads\/2022\/04\/Logo.png","width":2000,"height":2000,"caption":"Loja SOS Professor Atividades"},"image":{"@id":"https:\/\/lojasosprofessoratividades.com.br\/#\/schema\/logo\/image\/"},"sameAs":["https:\/\/www.facebook.com\/sosprofessoratividades","https:\/\/www.instagram.com\/sosprofessoratividades\/"]}]}},"_links":{"self":[{"href":"https:\/\/lojasosprofessoratividades.com.br\/en\/wp-json\/wp\/v2\/product\/25831","targetHints":{"allow":["GET"]}}],"collection":[{"href":"https:\/\/lojasosprofessoratividades.com.br\/en\/wp-json\/wp\/v2\/product"}],"about":[{"href":"https:\/\/lojasosprofessoratividades.com.br\/en\/wp-json\/wp\/v2\/types\/product"}],"replies":[{"embeddable":true,"href":"https:\/\/lojasosprofessoratividades.com.br\/en\/wp-json\/wp\/v2\/comments?post=25831"}],"wp:featuredmedia":[{"embeddable":true,"href":"https:\/\/lojasosprofessoratividades.com.br\/en\/wp-json\/wp\/v2\/media\/26017"}],"wp:attachment":[{"href":"https:\/\/lojasosprofessoratividades.com.br\/en\/wp-json\/wp\/v2\/media?parent=25831"}],"wp:term":[{"taxonomy":"product_brand","embeddable":true,"href":"https:\/\/lojasosprofessoratividades.com.br\/en\/wp-json\/wp\/v2\/product_brand?post=25831"},{"taxonomy":"product_cat","embeddable":true,"href":"https:\/\/lojasosprofessoratividades.com.br\/en\/wp-json\/wp\/v2\/product_cat?post=25831"},{"taxonomy":"product_tag","embeddable":true,"href":"https:\/\/lojasosprofessoratividades.com.br\/en\/wp-json\/wp\/v2\/product_tag?post=25831"}],"curies":[{"name":"wp","href":"https:\/\/api.w.org\/{rel}","templated":true}]}}