{"id":26152,"date":"2026-03-23T10:25:06","date_gmt":"2026-03-23T13:25:06","guid":{"rendered":"http:\/\/lojasosprofessoratividades.com.br\/?post_type=product&#038;p=26152"},"modified":"2026-05-08T13:53:08","modified_gmt":"2026-05-08T16:53:08","slug":"1500-a-chegada-dos-portugueses","status":"publish","type":"product","link":"https:\/\/lojasosprofessoratividades.com.br\/en\/product\/1500-a-chegada-dos-portugueses\/","title":{"rendered":"1500 &#8211; A chegada dos portugueses"},"content":{"rendered":"","protected":false},"excerpt":{"rendered":"<p>Arquivo n\u00e3o edit\u00e1vel com 24 p\u00e1ginas.<\/p>\n<p>Indicado para as turmas do 4\u00ba e 5\u00ba ano.<\/p>\n<p>A vantagem em adquirir nosso produto &#8211; 1500 &#8211; A Chegada dos portugueses,\u00a0 \u00e9 que ele oferece uma abordagem pedag\u00f3gica que privilegia a participa\u00e7\u00e3o ativa dos alunos, permitindo que eles interajam com o conte\u00fado e desenvolvam habilidades importantes como a capacidade de interpreta\u00e7\u00e3o de texto, a resolu\u00e7\u00e3o de problemas e o trabalho em equipe.<\/p>\n<p>O arquivo cont\u00e9m:<\/p>\n<ul>\n<li>texto para interpreta\u00e7\u00e3o;<\/li>\n<li>sugest\u00f5es de v\u00eddeos com duas abordagens diferentes sobre o &#8220;descobrimento&#8221; do Brasil &#8211; QR Codes;<\/li>\n<li>Atividade de pesquisa que tamb\u00e9m pode ser realizada ap\u00f3s os v\u00eddeos &#8211; \u00c9 Fato\/\u00c9 Fake.<\/li>\n<li>Tags tem\u00e1ticas<\/li>\n<\/ul>\n<p>Elementos para o mural &#8211; \u00c9 Fato\/ \u00c9 Fake<\/p>\n<p>a) pergaminhos para escrever os fatos e os fakes;<\/p>\n<p>b) imagens de Cabral e ind\u00edgena no tamanho A4 e ampliada em duas folhas A4;<\/p>\n<p>c) letras para a frase &#8211; 1.500 &#8211; A CHEGADA DOS PORTUGUESES.<\/p>\n<h3>N\u00e3o enviamos por e-mail, a entrega \u00e9 via link para download. \ud83d\udc47<\/h3>\n<p><img loading=\"lazy\" decoding=\"async\" class=\"alignnone wp-image-38009 size-full\" src=\"https:\/\/lojasosprofessoratividades.com.br\/wp-content\/uploads\/2026\/02\/Como-baixar-2.jpg\" alt=\"\" width=\"446\" height=\"251\" srcset=\"https:\/\/lojasosprofessoratividades.com.br\/wp-content\/uploads\/2026\/02\/Como-baixar-2.jpg 446w, https:\/\/lojasosprofessoratividades.com.br\/wp-content\/uploads\/2026\/02\/Como-baixar-2-300x169.jpg 300w, https:\/\/lojasosprofessoratividades.com.br\/wp-content\/uploads\/2026\/02\/Como-baixar-2-18x10.jpg 18w\" sizes=\"auto, (max-width: 446px) 100vw, 446px\" \/><\/p>","protected":false},"featured_media":26155,"comment_status":"open","ping_status":"closed","template":"","meta":[],"product_brand":[],"product_cat":[125,127,216,218,192,207],"product_tag":[471,459,470,473,280],"class_list":{"0":"post-26152","1":"product","2":"type-product","3":"status-publish","4":"has-post-thumbnail","6":"product_cat-4o-ano","7":"product_cat-5o-ano","8":"product_cat-data-comemorativa-4-ano","9":"product_cat-data-comemorativa-5-ano","10":"product_cat-historia-4-ano","11":"product_cat-historia-5-ano","12":"product_tag-471","13":"product_tag-brasil","14":"product_tag-chegada-dos-portugueses","15":"product_tag-descobrimento","16":"product_tag-historia-do-brasil","18":"first","19":"instock","20":"downloadable","21":"virtual","22":"sold-individually","23":"purchasable","24":"product-type-simple"},"yoast_head":"<!-- This site is optimized with the Yoast SEO plugin v27.5 - https:\/\/yoast.com\/product\/yoast-seo-wordpress\/ -->\n<title>1500 - A chegada dos portugueses - Loja SOS Professor Atividades<\/title>\n<meta name=\"description\" content=\"1500: Chegada dos portugueses \u2013 material pedag\u00f3gico interativo com atividades de leitura, interpreta\u00e7\u00e3o, resolu\u00e7\u00e3o de problemas e trabalho em equipe.\" \/>\n<meta name=\"robots\" content=\"index, follow, max-snippet:-1, max-image-preview:large, max-video-preview:-1\" \/>\n<link rel=\"canonical\" href=\"https:\/\/lojasosprofessoratividades.com.br\/en\/product\/1500-a-chegada-dos-portugueses\/\" \/>\n<meta property=\"og:locale\" content=\"en_US\" \/>\n<meta property=\"og:type\" content=\"article\" \/>\n<meta property=\"og:title\" content=\"1500 - A chegada dos portugueses - Loja SOS Professor Atividades\" \/>\n<meta property=\"og:description\" content=\"1500: Chegada dos portugueses \u2013 material pedag\u00f3gico interativo com atividades de leitura, interpreta\u00e7\u00e3o, resolu\u00e7\u00e3o de problemas e trabalho em equipe.\" \/>\n<meta property=\"og:url\" content=\"https:\/\/lojasosprofessoratividades.com.br\/en\/product\/1500-a-chegada-dos-portugueses\/\" \/>\n<meta property=\"og:site_name\" content=\"Loja SOS Professor Atividades\" \/>\n<meta property=\"article:publisher\" content=\"https:\/\/www.facebook.com\/sosprofessoratividades\" \/>\n<meta property=\"article:modified_time\" content=\"2026-05-08T16:53:08+00:00\" \/>\n<meta property=\"og:image\" content=\"https:\/\/lojasosprofessoratividades.com.br\/wp-content\/uploads\/2023\/04\/1-2.jpg\" \/>\n\t<meta property=\"og:image:width\" content=\"800\" \/>\n\t<meta property=\"og:image:height\" content=\"693\" \/>\n\t<meta property=\"og:image:type\" content=\"image\/jpeg\" \/>\n<meta name=\"twitter:card\" content=\"summary_large_image\" \/>\n<meta name=\"twitter:label1\" content=\"Est. reading time\" \/>\n\t<meta name=\"twitter:data1\" content=\"1 minute\" \/>\n<script type=\"application\/ld+json\" class=\"yoast-schema-graph\">{\"@context\":\"https:\\\/\\\/schema.org\",\"@graph\":[{\"@type\":\"WebPage\",\"@id\":\"https:\\\/\\\/lojasosprofessoratividades.com.br\\\/produto\\\/1500-a-chegada-dos-portugueses\\\/\",\"url\":\"https:\\\/\\\/lojasosprofessoratividades.com.br\\\/produto\\\/1500-a-chegada-dos-portugueses\\\/\",\"name\":\"1500 - A chegada dos portugueses - Loja SOS Professor Atividades\",\"isPartOf\":{\"@id\":\"https:\\\/\\\/lojasosprofessoratividades.com.br\\\/#website\"},\"primaryImageOfPage\":{\"@id\":\"https:\\\/\\\/lojasosprofessoratividades.com.br\\\/produto\\\/1500-a-chegada-dos-portugueses\\\/#primaryimage\"},\"image\":{\"@id\":\"https:\\\/\\\/lojasosprofessoratividades.com.br\\\/produto\\\/1500-a-chegada-dos-portugueses\\\/#primaryimage\"},\"thumbnailUrl\":\"https:\\\/\\\/lojasosprofessoratividades.com.br\\\/wp-content\\\/uploads\\\/2023\\\/04\\\/1-2.jpg\",\"datePublished\":\"2026-03-23T13:25:06+00:00\",\"dateModified\":\"2026-05-08T16:53:08+00:00\",\"description\":\"1500: Chegada dos portugueses \u2013 material pedag\u00f3gico interativo com atividades de leitura, interpreta\u00e7\u00e3o, resolu\u00e7\u00e3o de problemas e trabalho em equipe.\",\"breadcrumb\":{\"@id\":\"https:\\\/\\\/lojasosprofessoratividades.com.br\\\/produto\\\/1500-a-chegada-dos-portugueses\\\/#breadcrumb\"},\"inLanguage\":\"en-US\",\"potentialAction\":[{\"@type\":\"ReadAction\",\"target\":[\"https:\\\/\\\/lojasosprofessoratividades.com.br\\\/produto\\\/1500-a-chegada-dos-portugueses\\\/\"]}]},{\"@type\":\"ImageObject\",\"inLanguage\":\"en-US\",\"@id\":\"https:\\\/\\\/lojasosprofessoratividades.com.br\\\/produto\\\/1500-a-chegada-dos-portugueses\\\/#primaryimage\",\"url\":\"https:\\\/\\\/lojasosprofessoratividades.com.br\\\/wp-content\\\/uploads\\\/2023\\\/04\\\/1-2.jpg\",\"contentUrl\":\"https:\\\/\\\/lojasosprofessoratividades.com.br\\\/wp-content\\\/uploads\\\/2023\\\/04\\\/1-2.jpg\",\"width\":800,\"height\":693,\"caption\":\"1500\"},{\"@type\":\"BreadcrumbList\",\"@id\":\"https:\\\/\\\/lojasosprofessoratividades.com.br\\\/produto\\\/1500-a-chegada-dos-portugueses\\\/#breadcrumb\",\"itemListElement\":[{\"@type\":\"ListItem\",\"position\":1,\"name\":\"In\u00edcio\",\"item\":\"https:\\\/\\\/lojasosprofessoratividades.com.br\\\/\"},{\"@type\":\"ListItem\",\"position\":2,\"name\":\"Loja\",\"item\":\"https:\\\/\\\/lojasosprofessoratividades.com.br\\\/loja\\\/\"},{\"@type\":\"ListItem\",\"position\":3,\"name\":\"1500 &#8211; A chegada dos portugueses\"}]},{\"@type\":\"WebSite\",\"@id\":\"https:\\\/\\\/lojasosprofessoratividades.com.br\\\/#website\",\"url\":\"https:\\\/\\\/lojasosprofessoratividades.com.br\\\/\",\"name\":\"Loja SOS Professor Atividades\",\"description\":\"Venda de material did\u00e1tico para o ensino fundamental\",\"publisher\":{\"@id\":\"https:\\\/\\\/lojasosprofessoratividades.com.br\\\/#organization\"},\"potentialAction\":[{\"@type\":\"SearchAction\",\"target\":{\"@type\":\"EntryPoint\",\"urlTemplate\":\"https:\\\/\\\/lojasosprofessoratividades.com.br\\\/?s={search_term_string}\"},\"query-input\":{\"@type\":\"PropertyValueSpecification\",\"valueRequired\":true,\"valueName\":\"search_term_string\"}}],\"inLanguage\":\"en-US\"},{\"@type\":\"Organization\",\"@id\":\"https:\\\/\\\/lojasosprofessoratividades.com.br\\\/#organization\",\"name\":\"Loja SOS Professor Atividades\",\"url\":\"https:\\\/\\\/lojasosprofessoratividades.com.br\\\/\",\"logo\":{\"@type\":\"ImageObject\",\"inLanguage\":\"en-US\",\"@id\":\"https:\\\/\\\/lojasosprofessoratividades.com.br\\\/#\\\/schema\\\/logo\\\/image\\\/\",\"url\":\"http:\\\/\\\/lojasosprofessoratividades.com.br\\\/wp-content\\\/uploads\\\/2022\\\/04\\\/Logo.png\",\"contentUrl\":\"http:\\\/\\\/lojasosprofessoratividades.com.br\\\/wp-content\\\/uploads\\\/2022\\\/04\\\/Logo.png\",\"width\":2000,\"height\":2000,\"caption\":\"Loja SOS Professor Atividades\"},\"image\":{\"@id\":\"https:\\\/\\\/lojasosprofessoratividades.com.br\\\/#\\\/schema\\\/logo\\\/image\\\/\"},\"sameAs\":[\"https:\\\/\\\/www.facebook.com\\\/sosprofessoratividades\",\"https:\\\/\\\/www.instagram.com\\\/sosprofessoratividades\\\/\"]}]}<\/script>\n<!-- \/ Yoast SEO plugin. -->","yoast_head_json":{"title":"1500 - A chegada dos portugueses - Loja SOS Professor Atividades","description":"1500: Chegada dos portugueses \u2013 material pedag\u00f3gico interativo com atividades de leitura, interpreta\u00e7\u00e3o, resolu\u00e7\u00e3o de problemas e trabalho em equipe.","robots":{"index":"index","follow":"follow","max-snippet":"max-snippet:-1","max-image-preview":"max-image-preview:large","max-video-preview":"max-video-preview:-1"},"canonical":"https:\/\/lojasosprofessoratividades.com.br\/en\/product\/1500-a-chegada-dos-portugueses\/","og_locale":"en_US","og_type":"article","og_title":"1500 - A chegada dos portugueses - Loja SOS Professor Atividades","og_description":"1500: Chegada dos portugueses \u2013 material pedag\u00f3gico interativo com atividades de leitura, interpreta\u00e7\u00e3o, resolu\u00e7\u00e3o de problemas e trabalho em equipe.","og_url":"https:\/\/lojasosprofessoratividades.com.br\/en\/product\/1500-a-chegada-dos-portugueses\/","og_site_name":"Loja SOS Professor Atividades","article_publisher":"https:\/\/www.facebook.com\/sosprofessoratividades","article_modified_time":"2026-05-08T16:53:08+00:00","og_image":[{"width":800,"height":693,"url":"https:\/\/lojasosprofessoratividades.com.br\/wp-content\/uploads\/2023\/04\/1-2.jpg","type":"image\/jpeg"}],"twitter_card":"summary_large_image","twitter_misc":{"Est. reading time":"1 minute"},"schema":{"@context":"https:\/\/schema.org","@graph":[{"@type":"WebPage","@id":"https:\/\/lojasosprofessoratividades.com.br\/produto\/1500-a-chegada-dos-portugueses\/","url":"https:\/\/lojasosprofessoratividades.com.br\/produto\/1500-a-chegada-dos-portugueses\/","name":"1500 - A chegada dos portugueses - Loja SOS Professor Atividades","isPartOf":{"@id":"https:\/\/lojasosprofessoratividades.com.br\/#website"},"primaryImageOfPage":{"@id":"https:\/\/lojasosprofessoratividades.com.br\/produto\/1500-a-chegada-dos-portugueses\/#primaryimage"},"image":{"@id":"https:\/\/lojasosprofessoratividades.com.br\/produto\/1500-a-chegada-dos-portugueses\/#primaryimage"},"thumbnailUrl":"https:\/\/lojasosprofessoratividades.com.br\/wp-content\/uploads\/2023\/04\/1-2.jpg","datePublished":"2026-03-23T13:25:06+00:00","dateModified":"2026-05-08T16:53:08+00:00","description":"1500: Chegada dos portugueses \u2013 material pedag\u00f3gico interativo com atividades de leitura, interpreta\u00e7\u00e3o, resolu\u00e7\u00e3o de problemas e trabalho em equipe.","breadcrumb":{"@id":"https:\/\/lojasosprofessoratividades.com.br\/produto\/1500-a-chegada-dos-portugueses\/#breadcrumb"},"inLanguage":"en-US","potentialAction":[{"@type":"ReadAction","target":["https:\/\/lojasosprofessoratividades.com.br\/produto\/1500-a-chegada-dos-portugueses\/"]}]},{"@type":"ImageObject","inLanguage":"en-US","@id":"https:\/\/lojasosprofessoratividades.com.br\/produto\/1500-a-chegada-dos-portugueses\/#primaryimage","url":"https:\/\/lojasosprofessoratividades.com.br\/wp-content\/uploads\/2023\/04\/1-2.jpg","contentUrl":"https:\/\/lojasosprofessoratividades.com.br\/wp-content\/uploads\/2023\/04\/1-2.jpg","width":800,"height":693,"caption":"1500"},{"@type":"BreadcrumbList","@id":"https:\/\/lojasosprofessoratividades.com.br\/produto\/1500-a-chegada-dos-portugueses\/#breadcrumb","itemListElement":[{"@type":"ListItem","position":1,"name":"In\u00edcio","item":"https:\/\/lojasosprofessoratividades.com.br\/"},{"@type":"ListItem","position":2,"name":"Loja","item":"https:\/\/lojasosprofessoratividades.com.br\/loja\/"},{"@type":"ListItem","position":3,"name":"1500 &#8211; A chegada dos portugueses"}]},{"@type":"WebSite","@id":"https:\/\/lojasosprofessoratividades.com.br\/#website","url":"https:\/\/lojasosprofessoratividades.com.br\/","name":"Loja SOS Professor Atividades","description":"Venda de material did\u00e1tico para o ensino fundamental","publisher":{"@id":"https:\/\/lojasosprofessoratividades.com.br\/#organization"},"potentialAction":[{"@type":"SearchAction","target":{"@type":"EntryPoint","urlTemplate":"https:\/\/lojasosprofessoratividades.com.br\/?s={search_term_string}"},"query-input":{"@type":"PropertyValueSpecification","valueRequired":true,"valueName":"search_term_string"}}],"inLanguage":"en-US"},{"@type":"Organization","@id":"https:\/\/lojasosprofessoratividades.com.br\/#organization","name":"Loja SOS Professor Atividades","url":"https:\/\/lojasosprofessoratividades.com.br\/","logo":{"@type":"ImageObject","inLanguage":"en-US","@id":"https:\/\/lojasosprofessoratividades.com.br\/#\/schema\/logo\/image\/","url":"http:\/\/lojasosprofessoratividades.com.br\/wp-content\/uploads\/2022\/04\/Logo.png","contentUrl":"http:\/\/lojasosprofessoratividades.com.br\/wp-content\/uploads\/2022\/04\/Logo.png","width":2000,"height":2000,"caption":"Loja SOS Professor Atividades"},"image":{"@id":"https:\/\/lojasosprofessoratividades.com.br\/#\/schema\/logo\/image\/"},"sameAs":["https:\/\/www.facebook.com\/sosprofessoratividades","https:\/\/www.instagram.com\/sosprofessoratividades\/"]}]}},"_links":{"self":[{"href":"https:\/\/lojasosprofessoratividades.com.br\/en\/wp-json\/wp\/v2\/product\/26152","targetHints":{"allow":["GET"]}}],"collection":[{"href":"https:\/\/lojasosprofessoratividades.com.br\/en\/wp-json\/wp\/v2\/product"}],"about":[{"href":"https:\/\/lojasosprofessoratividades.com.br\/en\/wp-json\/wp\/v2\/types\/product"}],"replies":[{"embeddable":true,"href":"https:\/\/lojasosprofessoratividades.com.br\/en\/wp-json\/wp\/v2\/comments?post=26152"}],"wp:featuredmedia":[{"embeddable":true,"href":"https:\/\/lojasosprofessoratividades.com.br\/en\/wp-json\/wp\/v2\/media\/26155"}],"wp:attachment":[{"href":"https:\/\/lojasosprofessoratividades.com.br\/en\/wp-json\/wp\/v2\/media?parent=26152"}],"wp:term":[{"taxonomy":"product_brand","embeddable":true,"href":"https:\/\/lojasosprofessoratividades.com.br\/en\/wp-json\/wp\/v2\/product_brand?post=26152"},{"taxonomy":"product_cat","embeddable":true,"href":"https:\/\/lojasosprofessoratividades.com.br\/en\/wp-json\/wp\/v2\/product_cat?post=26152"},{"taxonomy":"product_tag","embeddable":true,"href":"https:\/\/lojasosprofessoratividades.com.br\/en\/wp-json\/wp\/v2\/product_tag?post=26152"}],"curies":[{"name":"wp","href":"https:\/\/api.w.org\/{rel}","templated":true}]}}