{"id":26459,"date":"2023-06-10T11:11:51","date_gmt":"2023-06-10T14:11:51","guid":{"rendered":"https:\/\/lojasosprofessoratividades.com.br\/?post_type=product&#038;p=26459"},"modified":"2026-05-08T16:42:35","modified_gmt":"2026-05-08T19:42:35","slug":"lousa-ortografica-silabas-simples","status":"publish","type":"product","link":"https:\/\/lojasosprofessoratividades.com.br\/en\/product\/lousa-ortografica-silabas-simples\/","title":{"rendered":"Lousa Ortogr\u00e1fica (s\u00edlabas simples)"},"content":{"rendered":"","protected":false},"excerpt":{"rendered":"<p><em><strong>N\u00e3o<\/strong><\/em> edit\u00e1vel.<\/p>\n<p>Aprenda de forma divertida!<\/p>\n<p>\ud83c\udf89 Aten\u00e7\u00e3o, professores do 1\u00ba e 2\u00ba ano! \ud83c\udf89<\/p>\n<p>Voc\u00ea est\u00e1 pronto para uma experi\u00eancia incr\u00edvel de aprendizado? Apresentamos a voc\u00ea a Lousa Ortogr\u00e1fica, um arquivo did\u00e1tico que vai transformar suas aulas em momentos l\u00fadicos e cheios de divers\u00e3o!<\/p>\n<p>\ud83d\udd8d\ufe0f Com a Lousa Ortogr\u00e1fica, voc\u00ea ter\u00e1 acesso a uma lousa especial contendo as vogais e s\u00edlabas simples, organizadas em ordem alfab\u00e9tica. Agora, aprender a escrever e formar palavras ser\u00e1 mais f\u00e1cil do que nunca!<\/p>\n<p>\ud83d\udd20 Al\u00e9m disso, o arquivo inclui 36 fichas coloridas, cada uma com uma gravura interessante e um envelope para guardar o material. O aluno deve escrever a palavra relacionada \u00e0 imagem, pintar as s\u00edlabas correspondentes na lousa e indicar o n\u00famero de s\u00edlabas da palavra. Essas atividades interativas v\u00e3o estimular o racioc\u00ednio, criatividade e habilidades de escrita.<\/p>\n<p>\ud83d\udca1 O melhor de tudo \u00e9 que a Lousa Ortogr\u00e1fica tornar\u00e1 suas aulas muito mais divertidas. Diga adeus \u00e0 monotonia e ol\u00e1 \u00e0 aprendizagem cativante! Aproveite a oportunidade de mergulhar em um ambiente de aprendizado agrad\u00e1vel, no qual voc\u00ea poder\u00e1 explorar e desenvolver suas habilidades lingu\u00edsticas de maneira prazerosa.<\/p>\n<p>\ud83c\udfeb A Lousa Ortogr\u00e1fica \u00e9 perfeita para uso em sala de aula ou em casa, auxiliando no processo de alfabetiza\u00e7\u00e3o e no aprimoramento das habilidades de leitura e escrita. \u00c9 a chance de aprender brincando!<\/p>\n<p>\ud83d\udcda Ent\u00e3o, se voc\u00ea \u00e9 professor e seu aluno \u00e9 do 1\u00ba ou 2\u00ba ano e est\u00e1 em busca de uma maneira incr\u00edvel de aprimorar suas habilidades lingu\u00edsticas, n\u00e3o deixe de adquirir a Lousa Ortogr\u00e1fica. Prepare-se para se encantar com as palavras, mergulhar na aventura da escrita e descobrir o poder do conhecimento!<\/p>\n<p>\ud83c\udfaf Invista no aprendizado de maneira divertida e eficaz com a Lousa Ortogr\u00e1fica. Adquira a sua agora mesmo e transforme sua jornada em uma experi\u00eancia memor\u00e1vel!<\/p>\n<p>\ud83c\udf1f N\u00e3o perca tempo, garanta j\u00e1 a sua Lousa Ortogr\u00e1fica e abra para seu aluno as portas para um mundo de palavras e conhecimento! \ud83c\udf1f<\/p>\n<h3>N\u00e3o enviamos por e-mail, a entrega \u00e9 via link para download.\u00a0<img decoding=\"async\" class=\"emoji\" role=\"img\" draggable=\"false\" src=\"https:\/\/s.w.org\/images\/core\/emoji\/16.0.1\/svg\/1f447.svg\" alt=\"\ud83d\udc47\" \/><\/h3>\n<p>&nbsp;<\/p>\n<p><img loading=\"lazy\" decoding=\"async\" class=\"alignnone wp-image-35707 size-full\" src=\"https:\/\/lojasosprofessoratividades.com.br\/wp-content\/uploads\/2023\/09\/Aviso-Loja-atual.jpg\" alt=\"\" width=\"446\" height=\"251\" srcset=\"https:\/\/lojasosprofessoratividades.com.br\/wp-content\/uploads\/2023\/09\/Aviso-Loja-atual.jpg 446w, https:\/\/lojasosprofessoratividades.com.br\/wp-content\/uploads\/2023\/09\/Aviso-Loja-atual-300x169.jpg 300w, https:\/\/lojasosprofessoratividades.com.br\/wp-content\/uploads\/2023\/09\/Aviso-Loja-atual-18x10.jpg 18w\" sizes=\"auto, (max-width: 446px) 100vw, 446px\" \/><\/p>","protected":false},"featured_media":26467,"comment_status":"open","ping_status":"closed","template":"","meta":[],"product_brand":[],"product_cat":[122,123,136,182,209,211],"product_tag":[227,2911,1308,2912,375,246,245,2913,2908,2876,225,228,552,1349,606,226,2910,2909],"class_list":{"0":"post-26459","1":"product","2":"type-product","3":"status-publish","4":"has-post-thumbnail","6":"product_cat-1o-ano","7":"product_cat-2o-ano","8":"product_cat-portugues-1-ano","9":"product_cat-portugues-2-ano","10":"product_cat-recursos-didaticos-1-ano","11":"product_cat-recursos-didaticos-2-ano","12":"product_tag-alfabetizacao","13":"product_tag-aprender-a-escrever","14":"product_tag-aprendizado-ludico","15":"product_tag-atividades-de-escrita","16":"product_tag-bncc","17":"product_tag-educacao-infantil","18":"product_tag-ensino-fundamental","19":"product_tag-fixacao-de-palavras","20":"product_tag-lousa-ortografica","21":"product_tag-material-pedagogico-digital","22":"product_tag-ortografia","23":"product_tag-recurso-didatico","24":"product_tag-recursos-educativos","25":"product_tag-reforco-escolar","26":"product_tag-sala-de-aula","27":"product_tag-series-iniciais","28":"product_tag-silabas-simples","29":"product_tag-vogais","31":"first","32":"instock","33":"downloadable","34":"virtual","35":"purchasable","36":"product-type-simple"},"yoast_head":"<!-- This site is optimized with the Yoast SEO plugin v27.5 - https:\/\/yoast.com\/product\/yoast-seo-wordpress\/ -->\n<title>Lousa Ortogr\u00e1fica (s\u00edlabas simples) - Loja SOS Professor Atividades<\/title>\n<meta name=\"description\" content=\"Lousa Ortogr\u00e1fica: aprenda vogais e s\u00edlabas simples de forma divertida e pr\u00e1tica! Ideal para alfabetiza\u00e7\u00e3o e fixa\u00e7\u00e3o r\u00e1pida da escrita.\" \/>\n<meta name=\"robots\" content=\"index, follow, max-snippet:-1, max-image-preview:large, max-video-preview:-1\" \/>\n<link rel=\"canonical\" href=\"https:\/\/lojasosprofessoratividades.com.br\/en\/product\/lousa-ortografica-silabas-simples\/\" \/>\n<meta property=\"og:locale\" content=\"en_US\" \/>\n<meta property=\"og:type\" content=\"article\" \/>\n<meta property=\"og:title\" content=\"Lousa Ortogr\u00e1fica (s\u00edlabas simples) - Loja SOS Professor Atividades\" \/>\n<meta property=\"og:description\" content=\"Lousa Ortogr\u00e1fica: aprenda vogais e s\u00edlabas simples de forma divertida e pr\u00e1tica! Ideal para alfabetiza\u00e7\u00e3o e fixa\u00e7\u00e3o r\u00e1pida da escrita.\" \/>\n<meta property=\"og:url\" content=\"https:\/\/lojasosprofessoratividades.com.br\/en\/product\/lousa-ortografica-silabas-simples\/\" \/>\n<meta property=\"og:site_name\" content=\"Loja SOS Professor Atividades\" \/>\n<meta property=\"article:publisher\" content=\"https:\/\/www.facebook.com\/sosprofessoratividades\" \/>\n<meta property=\"article:modified_time\" content=\"2026-05-08T19:42:35+00:00\" \/>\n<meta property=\"og:image\" content=\"https:\/\/lojasosprofessoratividades.com.br\/wp-content\/uploads\/2023\/06\/1-2.jpg\" \/>\n\t<meta property=\"og:image:width\" content=\"800\" \/>\n\t<meta property=\"og:image:height\" content=\"693\" \/>\n\t<meta property=\"og:image:type\" content=\"image\/jpeg\" \/>\n<meta name=\"twitter:card\" content=\"summary_large_image\" \/>\n<meta name=\"twitter:label1\" content=\"Est. reading time\" \/>\n\t<meta name=\"twitter:data1\" content=\"1 minute\" \/>\n<script type=\"application\/ld+json\" class=\"yoast-schema-graph\">{\"@context\":\"https:\\\/\\\/schema.org\",\"@graph\":[{\"@type\":\"WebPage\",\"@id\":\"https:\\\/\\\/lojasosprofessoratividades.com.br\\\/produto\\\/lousa-ortografica-silabas-simples\\\/\",\"url\":\"https:\\\/\\\/lojasosprofessoratividades.com.br\\\/produto\\\/lousa-ortografica-silabas-simples\\\/\",\"name\":\"Lousa Ortogr\u00e1fica (s\u00edlabas simples) - Loja SOS Professor Atividades\",\"isPartOf\":{\"@id\":\"https:\\\/\\\/lojasosprofessoratividades.com.br\\\/#website\"},\"primaryImageOfPage\":{\"@id\":\"https:\\\/\\\/lojasosprofessoratividades.com.br\\\/produto\\\/lousa-ortografica-silabas-simples\\\/#primaryimage\"},\"image\":{\"@id\":\"https:\\\/\\\/lojasosprofessoratividades.com.br\\\/produto\\\/lousa-ortografica-silabas-simples\\\/#primaryimage\"},\"thumbnailUrl\":\"https:\\\/\\\/lojasosprofessoratividades.com.br\\\/wp-content\\\/uploads\\\/2023\\\/06\\\/1-2.jpg\",\"datePublished\":\"2023-06-10T14:11:51+00:00\",\"dateModified\":\"2026-05-08T19:42:35+00:00\",\"description\":\"Lousa Ortogr\u00e1fica: aprenda vogais e s\u00edlabas simples de forma divertida e pr\u00e1tica! Ideal para alfabetiza\u00e7\u00e3o e fixa\u00e7\u00e3o r\u00e1pida da escrita.\",\"breadcrumb\":{\"@id\":\"https:\\\/\\\/lojasosprofessoratividades.com.br\\\/produto\\\/lousa-ortografica-silabas-simples\\\/#breadcrumb\"},\"inLanguage\":\"en-US\",\"potentialAction\":[{\"@type\":\"ReadAction\",\"target\":[\"https:\\\/\\\/lojasosprofessoratividades.com.br\\\/produto\\\/lousa-ortografica-silabas-simples\\\/\"]}]},{\"@type\":\"ImageObject\",\"inLanguage\":\"en-US\",\"@id\":\"https:\\\/\\\/lojasosprofessoratividades.com.br\\\/produto\\\/lousa-ortografica-silabas-simples\\\/#primaryimage\",\"url\":\"https:\\\/\\\/lojasosprofessoratividades.com.br\\\/wp-content\\\/uploads\\\/2023\\\/06\\\/1-2.jpg\",\"contentUrl\":\"https:\\\/\\\/lojasosprofessoratividades.com.br\\\/wp-content\\\/uploads\\\/2023\\\/06\\\/1-2.jpg\",\"width\":800,\"height\":693,\"caption\":\"lousa ortogr\u00e1fica\"},{\"@type\":\"BreadcrumbList\",\"@id\":\"https:\\\/\\\/lojasosprofessoratividades.com.br\\\/produto\\\/lousa-ortografica-silabas-simples\\\/#breadcrumb\",\"itemListElement\":[{\"@type\":\"ListItem\",\"position\":1,\"name\":\"In\u00edcio\",\"item\":\"https:\\\/\\\/lojasosprofessoratividades.com.br\\\/\"},{\"@type\":\"ListItem\",\"position\":2,\"name\":\"Loja\",\"item\":\"https:\\\/\\\/lojasosprofessoratividades.com.br\\\/loja\\\/\"},{\"@type\":\"ListItem\",\"position\":3,\"name\":\"Lousa Ortogr\u00e1fica (s\u00edlabas simples)\"}]},{\"@type\":\"WebSite\",\"@id\":\"https:\\\/\\\/lojasosprofessoratividades.com.br\\\/#website\",\"url\":\"https:\\\/\\\/lojasosprofessoratividades.com.br\\\/\",\"name\":\"Loja SOS Professor Atividades\",\"description\":\"Venda de material did\u00e1tico para o ensino fundamental\",\"publisher\":{\"@id\":\"https:\\\/\\\/lojasosprofessoratividades.com.br\\\/#organization\"},\"potentialAction\":[{\"@type\":\"SearchAction\",\"target\":{\"@type\":\"EntryPoint\",\"urlTemplate\":\"https:\\\/\\\/lojasosprofessoratividades.com.br\\\/?s={search_term_string}\"},\"query-input\":{\"@type\":\"PropertyValueSpecification\",\"valueRequired\":true,\"valueName\":\"search_term_string\"}}],\"inLanguage\":\"en-US\"},{\"@type\":\"Organization\",\"@id\":\"https:\\\/\\\/lojasosprofessoratividades.com.br\\\/#organization\",\"name\":\"Loja SOS Professor Atividades\",\"url\":\"https:\\\/\\\/lojasosprofessoratividades.com.br\\\/\",\"logo\":{\"@type\":\"ImageObject\",\"inLanguage\":\"en-US\",\"@id\":\"https:\\\/\\\/lojasosprofessoratividades.com.br\\\/#\\\/schema\\\/logo\\\/image\\\/\",\"url\":\"http:\\\/\\\/lojasosprofessoratividades.com.br\\\/wp-content\\\/uploads\\\/2022\\\/04\\\/Logo.png\",\"contentUrl\":\"http:\\\/\\\/lojasosprofessoratividades.com.br\\\/wp-content\\\/uploads\\\/2022\\\/04\\\/Logo.png\",\"width\":2000,\"height\":2000,\"caption\":\"Loja SOS Professor Atividades\"},\"image\":{\"@id\":\"https:\\\/\\\/lojasosprofessoratividades.com.br\\\/#\\\/schema\\\/logo\\\/image\\\/\"},\"sameAs\":[\"https:\\\/\\\/www.facebook.com\\\/sosprofessoratividades\",\"https:\\\/\\\/www.instagram.com\\\/sosprofessoratividades\\\/\"]}]}<\/script>\n<!-- \/ Yoast SEO plugin. -->","yoast_head_json":{"title":"Lousa Ortogr\u00e1fica (s\u00edlabas simples) - Loja SOS Professor Atividades","description":"Lousa Ortogr\u00e1fica: aprenda vogais e s\u00edlabas simples de forma divertida e pr\u00e1tica! Ideal para alfabetiza\u00e7\u00e3o e fixa\u00e7\u00e3o r\u00e1pida da escrita.","robots":{"index":"index","follow":"follow","max-snippet":"max-snippet:-1","max-image-preview":"max-image-preview:large","max-video-preview":"max-video-preview:-1"},"canonical":"https:\/\/lojasosprofessoratividades.com.br\/en\/product\/lousa-ortografica-silabas-simples\/","og_locale":"en_US","og_type":"article","og_title":"Lousa Ortogr\u00e1fica (s\u00edlabas simples) - Loja SOS Professor Atividades","og_description":"Lousa Ortogr\u00e1fica: aprenda vogais e s\u00edlabas simples de forma divertida e pr\u00e1tica! Ideal para alfabetiza\u00e7\u00e3o e fixa\u00e7\u00e3o r\u00e1pida da escrita.","og_url":"https:\/\/lojasosprofessoratividades.com.br\/en\/product\/lousa-ortografica-silabas-simples\/","og_site_name":"Loja SOS Professor Atividades","article_publisher":"https:\/\/www.facebook.com\/sosprofessoratividades","article_modified_time":"2026-05-08T19:42:35+00:00","og_image":[{"width":800,"height":693,"url":"https:\/\/lojasosprofessoratividades.com.br\/wp-content\/uploads\/2023\/06\/1-2.jpg","type":"image\/jpeg"}],"twitter_card":"summary_large_image","twitter_misc":{"Est. reading time":"1 minute"},"schema":{"@context":"https:\/\/schema.org","@graph":[{"@type":"WebPage","@id":"https:\/\/lojasosprofessoratividades.com.br\/produto\/lousa-ortografica-silabas-simples\/","url":"https:\/\/lojasosprofessoratividades.com.br\/produto\/lousa-ortografica-silabas-simples\/","name":"Lousa Ortogr\u00e1fica (s\u00edlabas simples) - Loja SOS Professor Atividades","isPartOf":{"@id":"https:\/\/lojasosprofessoratividades.com.br\/#website"},"primaryImageOfPage":{"@id":"https:\/\/lojasosprofessoratividades.com.br\/produto\/lousa-ortografica-silabas-simples\/#primaryimage"},"image":{"@id":"https:\/\/lojasosprofessoratividades.com.br\/produto\/lousa-ortografica-silabas-simples\/#primaryimage"},"thumbnailUrl":"https:\/\/lojasosprofessoratividades.com.br\/wp-content\/uploads\/2023\/06\/1-2.jpg","datePublished":"2023-06-10T14:11:51+00:00","dateModified":"2026-05-08T19:42:35+00:00","description":"Lousa Ortogr\u00e1fica: aprenda vogais e s\u00edlabas simples de forma divertida e pr\u00e1tica! Ideal para alfabetiza\u00e7\u00e3o e fixa\u00e7\u00e3o r\u00e1pida da escrita.","breadcrumb":{"@id":"https:\/\/lojasosprofessoratividades.com.br\/produto\/lousa-ortografica-silabas-simples\/#breadcrumb"},"inLanguage":"en-US","potentialAction":[{"@type":"ReadAction","target":["https:\/\/lojasosprofessoratividades.com.br\/produto\/lousa-ortografica-silabas-simples\/"]}]},{"@type":"ImageObject","inLanguage":"en-US","@id":"https:\/\/lojasosprofessoratividades.com.br\/produto\/lousa-ortografica-silabas-simples\/#primaryimage","url":"https:\/\/lojasosprofessoratividades.com.br\/wp-content\/uploads\/2023\/06\/1-2.jpg","contentUrl":"https:\/\/lojasosprofessoratividades.com.br\/wp-content\/uploads\/2023\/06\/1-2.jpg","width":800,"height":693,"caption":"lousa ortogr\u00e1fica"},{"@type":"BreadcrumbList","@id":"https:\/\/lojasosprofessoratividades.com.br\/produto\/lousa-ortografica-silabas-simples\/#breadcrumb","itemListElement":[{"@type":"ListItem","position":1,"name":"In\u00edcio","item":"https:\/\/lojasosprofessoratividades.com.br\/"},{"@type":"ListItem","position":2,"name":"Loja","item":"https:\/\/lojasosprofessoratividades.com.br\/loja\/"},{"@type":"ListItem","position":3,"name":"Lousa Ortogr\u00e1fica (s\u00edlabas simples)"}]},{"@type":"WebSite","@id":"https:\/\/lojasosprofessoratividades.com.br\/#website","url":"https:\/\/lojasosprofessoratividades.com.br\/","name":"Loja SOS Professor Atividades","description":"Venda de material did\u00e1tico para o ensino fundamental","publisher":{"@id":"https:\/\/lojasosprofessoratividades.com.br\/#organization"},"potentialAction":[{"@type":"SearchAction","target":{"@type":"EntryPoint","urlTemplate":"https:\/\/lojasosprofessoratividades.com.br\/?s={search_term_string}"},"query-input":{"@type":"PropertyValueSpecification","valueRequired":true,"valueName":"search_term_string"}}],"inLanguage":"en-US"},{"@type":"Organization","@id":"https:\/\/lojasosprofessoratividades.com.br\/#organization","name":"Loja SOS Professor Atividades","url":"https:\/\/lojasosprofessoratividades.com.br\/","logo":{"@type":"ImageObject","inLanguage":"en-US","@id":"https:\/\/lojasosprofessoratividades.com.br\/#\/schema\/logo\/image\/","url":"http:\/\/lojasosprofessoratividades.com.br\/wp-content\/uploads\/2022\/04\/Logo.png","contentUrl":"http:\/\/lojasosprofessoratividades.com.br\/wp-content\/uploads\/2022\/04\/Logo.png","width":2000,"height":2000,"caption":"Loja SOS Professor Atividades"},"image":{"@id":"https:\/\/lojasosprofessoratividades.com.br\/#\/schema\/logo\/image\/"},"sameAs":["https:\/\/www.facebook.com\/sosprofessoratividades","https:\/\/www.instagram.com\/sosprofessoratividades\/"]}]}},"_links":{"self":[{"href":"https:\/\/lojasosprofessoratividades.com.br\/en\/wp-json\/wp\/v2\/product\/26459","targetHints":{"allow":["GET"]}}],"collection":[{"href":"https:\/\/lojasosprofessoratividades.com.br\/en\/wp-json\/wp\/v2\/product"}],"about":[{"href":"https:\/\/lojasosprofessoratividades.com.br\/en\/wp-json\/wp\/v2\/types\/product"}],"replies":[{"embeddable":true,"href":"https:\/\/lojasosprofessoratividades.com.br\/en\/wp-json\/wp\/v2\/comments?post=26459"}],"wp:featuredmedia":[{"embeddable":true,"href":"https:\/\/lojasosprofessoratividades.com.br\/en\/wp-json\/wp\/v2\/media\/26467"}],"wp:attachment":[{"href":"https:\/\/lojasosprofessoratividades.com.br\/en\/wp-json\/wp\/v2\/media?parent=26459"}],"wp:term":[{"taxonomy":"product_brand","embeddable":true,"href":"https:\/\/lojasosprofessoratividades.com.br\/en\/wp-json\/wp\/v2\/product_brand?post=26459"},{"taxonomy":"product_cat","embeddable":true,"href":"https:\/\/lojasosprofessoratividades.com.br\/en\/wp-json\/wp\/v2\/product_cat?post=26459"},{"taxonomy":"product_tag","embeddable":true,"href":"https:\/\/lojasosprofessoratividades.com.br\/en\/wp-json\/wp\/v2\/product_tag?post=26459"}],"curies":[{"name":"wp","href":"https:\/\/api.w.org\/{rel}","templated":true}]}}