{"id":26864,"date":"2023-07-08T07:00:29","date_gmt":"2023-07-08T10:00:29","guid":{"rendered":"https:\/\/lojasosprofessoratividades.com.br\/?post_type=product&#038;p=26864"},"modified":"2026-05-08T16:44:24","modified_gmt":"2026-05-08T19:44:24","slug":"arte-para-caixa-e-caneta-bic-dia-dos-pais","status":"publish","type":"product","link":"https:\/\/lojasosprofessoratividades.com.br\/en\/product\/arte-para-caixa-e-caneta-bic-dia-dos-pais\/","title":{"rendered":"Arte para caixa e caneta Bic &#8211; Dia dos Pais"},"content":{"rendered":"","protected":false},"excerpt":{"rendered":"<p>Aproveite esta oportunidade especial para expressar o amor e gratid\u00e3o aos queridos pais com nosso kit exclusivo de Arte para caixa e caneta Bic! &#8211; A caneta Bic n\u00e3o est\u00e1 inclu\u00edda no kit.\u2728<\/p>\n<p>Com este presente \u00fanico, voc\u00ea pode mostrar aos pais o quanto eles s\u00e3o especiais. A caixa vem com as frases &#8220;O melhor pai do mundo!&#8221; e &#8220;Para o melhor do mundo! impressa, destacando todo o amor e apre\u00e7o.<\/p>\n<p>Al\u00e9m disso, para a Caneta Bic h\u00e1 uma tag para ser colada no tubo.<\/p>\n<p>E temos uma surpresa adicional! Disponibilizamos uma <em><strong>vers\u00e3o em branco<\/strong><\/em> da caixa e da tag especialmente para as crian\u00e7as desenharem e pintarem. Assim, elas tamb\u00e9m podem criar uma obra de arte personalizada para presentear o melhor pai do mundo.<\/p>\n<p>N\u00e3o perca a chance de surpreender com esse presente especial no Dia dos Pais. Fa\u00e7a-o sentir-se amado e valorizado com o nosso kit.<\/p>\n<p>Mesmo sem a presen\u00e7a paterna, a crian\u00e7a pode confeccionar o presente e d\u00e1-lo para a pessoa que representa o papel de pai em sua vida.<\/p>\n<p>Garanta j\u00e1 o seu kit e celebre essa data t\u00e3o especial com muito amor e carinho! \u2764\ufe0f<\/p>\n<p>Arquivo <em><strong>n\u00e3o<\/strong><\/em> edit\u00e1vel!<\/p>\n<h3>N\u00e3o enviamos por e-mail, a entrega \u00e9 via link para download. \ud83d\udc47<\/h3>\n<p><img loading=\"lazy\" decoding=\"async\" class=\"alignnone wp-image-30821 size-full\" src=\"https:\/\/lojasosprofessoratividades.com.br\/wp-content\/uploads\/2024\/06\/Aviso-Loja.jpg\" alt=\"\" width=\"446\" height=\"251\" srcset=\"https:\/\/lojasosprofessoratividades.com.br\/wp-content\/uploads\/2024\/06\/Aviso-Loja.jpg 446w, https:\/\/lojasosprofessoratividades.com.br\/wp-content\/uploads\/2024\/06\/Aviso-Loja-300x169.jpg 300w, https:\/\/lojasosprofessoratividades.com.br\/wp-content\/uploads\/2024\/06\/Aviso-Loja-18x10.jpg 18w\" sizes=\"auto, (max-width: 446px) 100vw, 446px\" \/><\/p>","protected":false},"featured_media":26865,"comment_status":"open","ping_status":"closed","template":"","meta":[],"product_brand":[],"product_cat":[122,123,124,125,127,216,218,210,214,212],"product_tag":[1951,1910,1940,1942,1948,1953,532,1363,521,1952,1950,1946,623,1326,761,1954,1949,223,606],"class_list":{"0":"post-26864","1":"product","2":"type-product","3":"status-publish","4":"has-post-thumbnail","6":"product_cat-1o-ano","7":"product_cat-2o-ano","8":"product_cat-3o-ano","9":"product_cat-4o-ano","10":"product_cat-5o-ano","11":"product_cat-data-comemorativa-4-ano","12":"product_cat-data-comemorativa-5-ano","13":"product_cat-data-comemorativa-1-ano","14":"product_cat-data-comemorativa-3-ano","15":"product_cat-data-comemorativa-2-ano","16":"product_tag-arte-para-caneta","17":"product_tag-arte-para-imprimir","18":"product_tag-atividade-afetiva","19":"product_tag-atividades-comemorativas","20":"product_tag-caixa-para-presente","21":"product_tag-criancas","22":"product_tag-criatividade","23":"product_tag-datas-comemorativas","24":"product_tag-dia-dos-pais","25":"product_tag-educacao-com-afeto","26":"product_tag-kit-dia-dos-pais","27":"product_tag-lembrancinha-dia-dos-pais","28":"product_tag-lembrancinha-escolar","29":"product_tag-pdf-educativo","30":"product_tag-presente-criativo","31":"product_tag-presente-para-figura-paterna","32":"product_tag-presente-personalizavel","33":"product_tag-recurso-pedagogico","34":"product_tag-sala-de-aula","36":"first","37":"instock","38":"downloadable","39":"virtual","40":"sold-individually","41":"purchasable","42":"product-type-simple"},"yoast_head":"<!-- This site is optimized with the Yoast SEO plugin v27.6 - https:\/\/yoast.com\/product\/yoast-seo-wordpress\/ -->\n<title>Arte para caixa e caneta Bic - Dia dos Pais - Loja SOS Professor Atividades<\/title>\n<meta name=\"description\" content=\"Kit de arte para caixa e caneta Bic \u2013 Dia dos Pais. Modelos coloridos e para pintar. Presente criativo, afetivo e personaliz\u00e1vel. PDF para imprimir.\" \/>\n<meta name=\"robots\" content=\"index, follow, max-snippet:-1, max-image-preview:large, max-video-preview:-1\" \/>\n<link rel=\"canonical\" href=\"https:\/\/lojasosprofessoratividades.com.br\/en\/product\/arte-para-caixa-e-caneta-bic-dia-dos-pais\/\" \/>\n<meta property=\"og:locale\" content=\"en_US\" \/>\n<meta property=\"og:type\" content=\"article\" \/>\n<meta property=\"og:title\" content=\"Arte para caixa e caneta Bic - Dia dos Pais - Loja SOS Professor Atividades\" \/>\n<meta property=\"og:description\" content=\"Kit de arte para caixa e caneta Bic \u2013 Dia dos Pais. Modelos coloridos e para pintar. Presente criativo, afetivo e personaliz\u00e1vel. PDF para imprimir.\" \/>\n<meta property=\"og:url\" content=\"https:\/\/lojasosprofessoratividades.com.br\/en\/product\/arte-para-caixa-e-caneta-bic-dia-dos-pais\/\" \/>\n<meta property=\"og:site_name\" content=\"Loja SOS Professor Atividades\" \/>\n<meta property=\"article:publisher\" content=\"https:\/\/www.facebook.com\/sosprofessoratividades\" \/>\n<meta property=\"article:modified_time\" content=\"2026-05-08T19:44:24+00:00\" \/>\n<meta property=\"og:image\" content=\"https:\/\/lojasosprofessoratividades.com.br\/wp-content\/uploads\/2023\/07\/Caixa-e-caneta-1.jpg\" \/>\n\t<meta property=\"og:image:width\" content=\"800\" \/>\n\t<meta property=\"og:image:height\" content=\"693\" \/>\n\t<meta property=\"og:image:type\" content=\"image\/jpeg\" \/>\n<meta name=\"twitter:card\" content=\"summary_large_image\" \/>\n<meta name=\"twitter:label1\" content=\"Est. reading time\" \/>\n\t<meta name=\"twitter:data1\" content=\"1 minute\" \/>\n<script type=\"application\/ld+json\" class=\"yoast-schema-graph\">{\"@context\":\"https:\\\/\\\/schema.org\",\"@graph\":[{\"@type\":\"WebPage\",\"@id\":\"https:\\\/\\\/lojasosprofessoratividades.com.br\\\/produto\\\/arte-para-caixa-e-caneta-bic-dia-dos-pais\\\/\",\"url\":\"https:\\\/\\\/lojasosprofessoratividades.com.br\\\/produto\\\/arte-para-caixa-e-caneta-bic-dia-dos-pais\\\/\",\"name\":\"Arte para caixa e caneta Bic - Dia dos Pais - Loja SOS Professor Atividades\",\"isPartOf\":{\"@id\":\"https:\\\/\\\/lojasosprofessoratividades.com.br\\\/#website\"},\"primaryImageOfPage\":{\"@id\":\"https:\\\/\\\/lojasosprofessoratividades.com.br\\\/produto\\\/arte-para-caixa-e-caneta-bic-dia-dos-pais\\\/#primaryimage\"},\"image\":{\"@id\":\"https:\\\/\\\/lojasosprofessoratividades.com.br\\\/produto\\\/arte-para-caixa-e-caneta-bic-dia-dos-pais\\\/#primaryimage\"},\"thumbnailUrl\":\"https:\\\/\\\/lojasosprofessoratividades.com.br\\\/wp-content\\\/uploads\\\/2023\\\/07\\\/Caixa-e-caneta-1.jpg\",\"datePublished\":\"2023-07-08T10:00:29+00:00\",\"dateModified\":\"2026-05-08T19:44:24+00:00\",\"description\":\"Kit de arte para caixa e caneta Bic \u2013 Dia dos Pais. Modelos coloridos e para pintar. Presente criativo, afetivo e personaliz\u00e1vel. PDF para imprimir.\",\"breadcrumb\":{\"@id\":\"https:\\\/\\\/lojasosprofessoratividades.com.br\\\/produto\\\/arte-para-caixa-e-caneta-bic-dia-dos-pais\\\/#breadcrumb\"},\"inLanguage\":\"en-US\",\"potentialAction\":[{\"@type\":\"ReadAction\",\"target\":[\"https:\\\/\\\/lojasosprofessoratividades.com.br\\\/produto\\\/arte-para-caixa-e-caneta-bic-dia-dos-pais\\\/\"]}]},{\"@type\":\"ImageObject\",\"inLanguage\":\"en-US\",\"@id\":\"https:\\\/\\\/lojasosprofessoratividades.com.br\\\/produto\\\/arte-para-caixa-e-caneta-bic-dia-dos-pais\\\/#primaryimage\",\"url\":\"https:\\\/\\\/lojasosprofessoratividades.com.br\\\/wp-content\\\/uploads\\\/2023\\\/07\\\/Caixa-e-caneta-1.jpg\",\"contentUrl\":\"https:\\\/\\\/lojasosprofessoratividades.com.br\\\/wp-content\\\/uploads\\\/2023\\\/07\\\/Caixa-e-caneta-1.jpg\",\"width\":800,\"height\":693,\"caption\":\"Arte para caixa e caneta Bic - Dia dos Pais\"},{\"@type\":\"BreadcrumbList\",\"@id\":\"https:\\\/\\\/lojasosprofessoratividades.com.br\\\/produto\\\/arte-para-caixa-e-caneta-bic-dia-dos-pais\\\/#breadcrumb\",\"itemListElement\":[{\"@type\":\"ListItem\",\"position\":1,\"name\":\"In\u00edcio\",\"item\":\"https:\\\/\\\/lojasosprofessoratividades.com.br\\\/\"},{\"@type\":\"ListItem\",\"position\":2,\"name\":\"Loja\",\"item\":\"https:\\\/\\\/lojasosprofessoratividades.com.br\\\/loja\\\/\"},{\"@type\":\"ListItem\",\"position\":3,\"name\":\"Arte para caixa e caneta Bic &#8211; Dia dos Pais\"}]},{\"@type\":\"WebSite\",\"@id\":\"https:\\\/\\\/lojasosprofessoratividades.com.br\\\/#website\",\"url\":\"https:\\\/\\\/lojasosprofessoratividades.com.br\\\/\",\"name\":\"Loja SOS Professor Atividades\",\"description\":\"Venda de material did\u00e1tico para o ensino fundamental\",\"publisher\":{\"@id\":\"https:\\\/\\\/lojasosprofessoratividades.com.br\\\/#organization\"},\"potentialAction\":[{\"@type\":\"SearchAction\",\"target\":{\"@type\":\"EntryPoint\",\"urlTemplate\":\"https:\\\/\\\/lojasosprofessoratividades.com.br\\\/?s={search_term_string}\"},\"query-input\":{\"@type\":\"PropertyValueSpecification\",\"valueRequired\":true,\"valueName\":\"search_term_string\"}}],\"inLanguage\":\"en-US\"},{\"@type\":\"Organization\",\"@id\":\"https:\\\/\\\/lojasosprofessoratividades.com.br\\\/#organization\",\"name\":\"Loja SOS Professor Atividades\",\"url\":\"https:\\\/\\\/lojasosprofessoratividades.com.br\\\/\",\"logo\":{\"@type\":\"ImageObject\",\"inLanguage\":\"en-US\",\"@id\":\"https:\\\/\\\/lojasosprofessoratividades.com.br\\\/#\\\/schema\\\/logo\\\/image\\\/\",\"url\":\"http:\\\/\\\/lojasosprofessoratividades.com.br\\\/wp-content\\\/uploads\\\/2022\\\/04\\\/Logo.png\",\"contentUrl\":\"http:\\\/\\\/lojasosprofessoratividades.com.br\\\/wp-content\\\/uploads\\\/2022\\\/04\\\/Logo.png\",\"width\":2000,\"height\":2000,\"caption\":\"Loja SOS Professor Atividades\"},\"image\":{\"@id\":\"https:\\\/\\\/lojasosprofessoratividades.com.br\\\/#\\\/schema\\\/logo\\\/image\\\/\"},\"sameAs\":[\"https:\\\/\\\/www.facebook.com\\\/sosprofessoratividades\",\"https:\\\/\\\/www.instagram.com\\\/sosprofessoratividades\\\/\"]}]}<\/script>\n<!-- \/ Yoast SEO plugin. -->","yoast_head_json":{"title":"Arte para caixa e caneta Bic - Dia dos Pais - Loja SOS Professor Atividades","description":"Kit de arte para caixa e caneta Bic \u2013 Dia dos Pais. Modelos coloridos e para pintar. Presente criativo, afetivo e personaliz\u00e1vel. PDF para imprimir.","robots":{"index":"index","follow":"follow","max-snippet":"max-snippet:-1","max-image-preview":"max-image-preview:large","max-video-preview":"max-video-preview:-1"},"canonical":"https:\/\/lojasosprofessoratividades.com.br\/en\/product\/arte-para-caixa-e-caneta-bic-dia-dos-pais\/","og_locale":"en_US","og_type":"article","og_title":"Arte para caixa e caneta Bic - Dia dos Pais - Loja SOS Professor Atividades","og_description":"Kit de arte para caixa e caneta Bic \u2013 Dia dos Pais. Modelos coloridos e para pintar. Presente criativo, afetivo e personaliz\u00e1vel. PDF para imprimir.","og_url":"https:\/\/lojasosprofessoratividades.com.br\/en\/product\/arte-para-caixa-e-caneta-bic-dia-dos-pais\/","og_site_name":"Loja SOS Professor Atividades","article_publisher":"https:\/\/www.facebook.com\/sosprofessoratividades","article_modified_time":"2026-05-08T19:44:24+00:00","og_image":[{"width":800,"height":693,"url":"https:\/\/lojasosprofessoratividades.com.br\/wp-content\/uploads\/2023\/07\/Caixa-e-caneta-1.jpg","type":"image\/jpeg"}],"twitter_card":"summary_large_image","twitter_misc":{"Est. reading time":"1 minute"},"schema":{"@context":"https:\/\/schema.org","@graph":[{"@type":"WebPage","@id":"https:\/\/lojasosprofessoratividades.com.br\/produto\/arte-para-caixa-e-caneta-bic-dia-dos-pais\/","url":"https:\/\/lojasosprofessoratividades.com.br\/produto\/arte-para-caixa-e-caneta-bic-dia-dos-pais\/","name":"Arte para caixa e caneta Bic - Dia dos Pais - Loja SOS Professor Atividades","isPartOf":{"@id":"https:\/\/lojasosprofessoratividades.com.br\/#website"},"primaryImageOfPage":{"@id":"https:\/\/lojasosprofessoratividades.com.br\/produto\/arte-para-caixa-e-caneta-bic-dia-dos-pais\/#primaryimage"},"image":{"@id":"https:\/\/lojasosprofessoratividades.com.br\/produto\/arte-para-caixa-e-caneta-bic-dia-dos-pais\/#primaryimage"},"thumbnailUrl":"https:\/\/lojasosprofessoratividades.com.br\/wp-content\/uploads\/2023\/07\/Caixa-e-caneta-1.jpg","datePublished":"2023-07-08T10:00:29+00:00","dateModified":"2026-05-08T19:44:24+00:00","description":"Kit de arte para caixa e caneta Bic \u2013 Dia dos Pais. Modelos coloridos e para pintar. Presente criativo, afetivo e personaliz\u00e1vel. PDF para imprimir.","breadcrumb":{"@id":"https:\/\/lojasosprofessoratividades.com.br\/produto\/arte-para-caixa-e-caneta-bic-dia-dos-pais\/#breadcrumb"},"inLanguage":"en-US","potentialAction":[{"@type":"ReadAction","target":["https:\/\/lojasosprofessoratividades.com.br\/produto\/arte-para-caixa-e-caneta-bic-dia-dos-pais\/"]}]},{"@type":"ImageObject","inLanguage":"en-US","@id":"https:\/\/lojasosprofessoratividades.com.br\/produto\/arte-para-caixa-e-caneta-bic-dia-dos-pais\/#primaryimage","url":"https:\/\/lojasosprofessoratividades.com.br\/wp-content\/uploads\/2023\/07\/Caixa-e-caneta-1.jpg","contentUrl":"https:\/\/lojasosprofessoratividades.com.br\/wp-content\/uploads\/2023\/07\/Caixa-e-caneta-1.jpg","width":800,"height":693,"caption":"Arte para caixa e caneta Bic - Dia dos Pais"},{"@type":"BreadcrumbList","@id":"https:\/\/lojasosprofessoratividades.com.br\/produto\/arte-para-caixa-e-caneta-bic-dia-dos-pais\/#breadcrumb","itemListElement":[{"@type":"ListItem","position":1,"name":"In\u00edcio","item":"https:\/\/lojasosprofessoratividades.com.br\/"},{"@type":"ListItem","position":2,"name":"Loja","item":"https:\/\/lojasosprofessoratividades.com.br\/loja\/"},{"@type":"ListItem","position":3,"name":"Arte para caixa e caneta Bic &#8211; Dia dos Pais"}]},{"@type":"WebSite","@id":"https:\/\/lojasosprofessoratividades.com.br\/#website","url":"https:\/\/lojasosprofessoratividades.com.br\/","name":"Loja SOS Professor Atividades","description":"Venda de material did\u00e1tico para o ensino fundamental","publisher":{"@id":"https:\/\/lojasosprofessoratividades.com.br\/#organization"},"potentialAction":[{"@type":"SearchAction","target":{"@type":"EntryPoint","urlTemplate":"https:\/\/lojasosprofessoratividades.com.br\/?s={search_term_string}"},"query-input":{"@type":"PropertyValueSpecification","valueRequired":true,"valueName":"search_term_string"}}],"inLanguage":"en-US"},{"@type":"Organization","@id":"https:\/\/lojasosprofessoratividades.com.br\/#organization","name":"Loja SOS Professor Atividades","url":"https:\/\/lojasosprofessoratividades.com.br\/","logo":{"@type":"ImageObject","inLanguage":"en-US","@id":"https:\/\/lojasosprofessoratividades.com.br\/#\/schema\/logo\/image\/","url":"http:\/\/lojasosprofessoratividades.com.br\/wp-content\/uploads\/2022\/04\/Logo.png","contentUrl":"http:\/\/lojasosprofessoratividades.com.br\/wp-content\/uploads\/2022\/04\/Logo.png","width":2000,"height":2000,"caption":"Loja SOS Professor Atividades"},"image":{"@id":"https:\/\/lojasosprofessoratividades.com.br\/#\/schema\/logo\/image\/"},"sameAs":["https:\/\/www.facebook.com\/sosprofessoratividades","https:\/\/www.instagram.com\/sosprofessoratividades\/"]}]}},"_links":{"self":[{"href":"https:\/\/lojasosprofessoratividades.com.br\/en\/wp-json\/wp\/v2\/product\/26864","targetHints":{"allow":["GET"]}}],"collection":[{"href":"https:\/\/lojasosprofessoratividades.com.br\/en\/wp-json\/wp\/v2\/product"}],"about":[{"href":"https:\/\/lojasosprofessoratividades.com.br\/en\/wp-json\/wp\/v2\/types\/product"}],"replies":[{"embeddable":true,"href":"https:\/\/lojasosprofessoratividades.com.br\/en\/wp-json\/wp\/v2\/comments?post=26864"}],"wp:featuredmedia":[{"embeddable":true,"href":"https:\/\/lojasosprofessoratividades.com.br\/en\/wp-json\/wp\/v2\/media\/26865"}],"wp:attachment":[{"href":"https:\/\/lojasosprofessoratividades.com.br\/en\/wp-json\/wp\/v2\/media?parent=26864"}],"wp:term":[{"taxonomy":"product_brand","embeddable":true,"href":"https:\/\/lojasosprofessoratividades.com.br\/en\/wp-json\/wp\/v2\/product_brand?post=26864"},{"taxonomy":"product_cat","embeddable":true,"href":"https:\/\/lojasosprofessoratividades.com.br\/en\/wp-json\/wp\/v2\/product_cat?post=26864"},{"taxonomy":"product_tag","embeddable":true,"href":"https:\/\/lojasosprofessoratividades.com.br\/en\/wp-json\/wp\/v2\/product_tag?post=26864"}],"curies":[{"name":"wp","href":"https:\/\/api.w.org\/{rel}","templated":true}]}}