{"id":27270,"date":"2023-08-07T13:10:44","date_gmt":"2023-08-07T16:10:44","guid":{"rendered":"https:\/\/lojasosprofessoratividades.com.br\/?post_type=product&#038;p=27270"},"modified":"2026-05-08T16:33:58","modified_gmt":"2026-05-08T19:33:58","slug":"cartazes-de-fracoes","status":"publish","type":"product","link":"https:\/\/lojasosprofessoratividades.com.br\/en\/product\/cartazes-de-fracoes\/","title":{"rendered":"Cartazes de Fra\u00e7\u00f5es"},"content":{"rendered":"","protected":false},"excerpt":{"rendered":"<p>Recurso did\u00e1tico perfeito para tornar o aprendizado mais din\u00e2mico e envolvente! Nossos cartazes abrangem conceitos fundamentais e exemplos pr\u00e1ticos para ajudar seus alunos a compreenderem as fra\u00e7\u00f5es de forma clara e divertida.<\/p>\n<p>S\u00e3o 13 cartazes apresentando conceitos e exemplos de: leitura de fra\u00e7\u00f5es, tipos de fra\u00e7\u00f5es, fra\u00e7\u00f5es equivalentes, fra\u00e7\u00f5es aparentes, n\u00fameros mistos, fra\u00e7\u00f5es decimais, fra\u00e7\u00e3o de um conjunto, fra\u00e7\u00e3o de um n\u00famero, fra\u00e7\u00e3o mista, fra\u00e7\u00f5es maiores que um inteiro, Adi\u00e7\u00e3o e subtra\u00e7\u00e3o de fra\u00e7\u00f5es, multiplica\u00e7\u00e3o com fra\u00e7\u00f5es, divis\u00e3o de fra\u00e7\u00f5es.<\/p>\n<p>Aproveite os benef\u00edcios desses cartazes coloridos e atrativos para inspirar e enriquecer o aprendizado dos seus alunos. Os conceitos s\u00e3o apresentados de forma clara e concisa, acompanhados de exemplos ilustrativos, tornando o ensino das fra\u00e7\u00f5es uma tarefa prazerosa e eficaz.<\/p>\n<p><em><strong>N\u00e3o<\/strong> <\/em>edit\u00e1vel.<\/p>\n<h3>N\u00e3o enviamos por e-mail, a entrega \u00e9 via link para download.\u00a0<img decoding=\"async\" class=\"emoji\" role=\"img\" draggable=\"false\" src=\"https:\/\/s.w.org\/images\/core\/emoji\/16.0.1\/svg\/1f447.svg\" alt=\"\ud83d\udc47\" \/><\/h3>\n<p><img loading=\"lazy\" decoding=\"async\" class=\"alignnone wp-image-38009 size-full\" src=\"https:\/\/lojasosprofessoratividades.com.br\/wp-content\/uploads\/2026\/02\/Como-baixar-2.jpg\" alt=\"\" width=\"446\" height=\"251\" srcset=\"https:\/\/lojasosprofessoratividades.com.br\/wp-content\/uploads\/2026\/02\/Como-baixar-2.jpg 446w, https:\/\/lojasosprofessoratividades.com.br\/wp-content\/uploads\/2026\/02\/Como-baixar-2-300x169.jpg 300w, https:\/\/lojasosprofessoratividades.com.br\/wp-content\/uploads\/2026\/02\/Como-baixar-2-18x10.jpg 18w\" sizes=\"auto, (max-width: 446px) 100vw, 446px\" \/><\/p>","protected":false},"featured_media":27282,"comment_status":"open","ping_status":"closed","template":"","meta":[],"product_brand":[],"product_cat":[125,127,194,205,215,217],"product_tag":[2967,2820,2861,2969,375,2963,2964,1471,2970,2971,2794,2972,2965,2014,2876,2968,2966,593],"class_list":{"0":"post-27270","1":"product","2":"type-product","3":"status-publish","4":"has-post-thumbnail","6":"product_cat-4o-ano","7":"product_cat-5o-ano","8":"product_cat-matematica-4-ano","9":"product_cat-matematica-5-ano","10":"product_cat-recursos-didaticos-4-ano","11":"product_cat-recursos-didaticos-5-ano","12":"product_tag-adicao-e-subtracao-de-fracoes","13":"product_tag-aprendizagem-divertida","14":"product_tag-atividades-matematicas","15":"product_tag-aula-dinamica","16":"product_tag-bncc","17":"product_tag-cartazes-de-fracoes","18":"product_tag-ensino-de-fracoes","19":"product_tag-ensino-interativo","20":"product_tag-fracao-de-um-conjunto","21":"product_tag-fracao-de-um-numero","22":"product_tag-fracoes-equivalentes","23":"product_tag-fracoes-maiores-que-um-inteiro","24":"product_tag-fracoes-para-ensino-fundamental","25":"product_tag-material-nao-editavel","26":"product_tag-material-pedagogico-digital","27":"product_tag-multiplicacao-e-divisao-de-fracoes","28":"product_tag-numeros-mistos","29":"product_tag-recurso-educativo","31":"first","32":"instock","33":"downloadable","34":"virtual","35":"sold-individually","36":"purchasable","37":"product-type-simple"},"yoast_head":"<!-- This site is optimized with the Yoast SEO plugin v27.6 - https:\/\/yoast.com\/product\/yoast-seo-wordpress\/ -->\n<title>Cartazes de Fra\u00e7\u00f5es - Loja SOS Professor Atividades<\/title>\n<meta name=\"description\" content=\"Aprenda fra\u00e7\u00f5es de forma divertida! 13 cartazes did\u00e1ticos com conceitos, exemplos e opera\u00e7\u00f5es. Recurso digital colorido e n\u00e3o edit\u00e1vel para ensino eficaz.\" \/>\n<meta name=\"robots\" content=\"index, follow, max-snippet:-1, max-image-preview:large, max-video-preview:-1\" \/>\n<link rel=\"canonical\" href=\"https:\/\/lojasosprofessoratividades.com.br\/en\/product\/cartazes-de-fracoes\/\" \/>\n<meta property=\"og:locale\" content=\"en_US\" \/>\n<meta property=\"og:type\" content=\"article\" \/>\n<meta property=\"og:title\" content=\"Cartazes de Fra\u00e7\u00f5es - Loja SOS Professor Atividades\" \/>\n<meta property=\"og:description\" content=\"Aprenda fra\u00e7\u00f5es de forma divertida! 13 cartazes did\u00e1ticos com conceitos, exemplos e opera\u00e7\u00f5es. Recurso digital colorido e n\u00e3o edit\u00e1vel para ensino eficaz.\" \/>\n<meta property=\"og:url\" content=\"https:\/\/lojasosprofessoratividades.com.br\/en\/product\/cartazes-de-fracoes\/\" \/>\n<meta property=\"og:site_name\" content=\"Loja SOS Professor Atividades\" \/>\n<meta property=\"article:publisher\" content=\"https:\/\/www.facebook.com\/sosprofessoratividades\" \/>\n<meta property=\"article:modified_time\" content=\"2026-05-08T19:33:58+00:00\" \/>\n<meta property=\"og:image\" content=\"https:\/\/lojasosprofessoratividades.com.br\/wp-content\/uploads\/2023\/08\/1-4.jpg\" \/>\n\t<meta property=\"og:image:width\" content=\"800\" \/>\n\t<meta property=\"og:image:height\" content=\"693\" \/>\n\t<meta property=\"og:image:type\" content=\"image\/jpeg\" \/>\n<meta name=\"twitter:card\" content=\"summary_large_image\" \/>\n<meta name=\"twitter:label1\" content=\"Est. reading time\" \/>\n\t<meta name=\"twitter:data1\" content=\"1 minute\" \/>\n<script type=\"application\/ld+json\" class=\"yoast-schema-graph\">{\"@context\":\"https:\\\/\\\/schema.org\",\"@graph\":[{\"@type\":\"WebPage\",\"@id\":\"https:\\\/\\\/lojasosprofessoratividades.com.br\\\/produto\\\/cartazes-de-fracoes\\\/\",\"url\":\"https:\\\/\\\/lojasosprofessoratividades.com.br\\\/produto\\\/cartazes-de-fracoes\\\/\",\"name\":\"Cartazes de Fra\u00e7\u00f5es - Loja SOS Professor Atividades\",\"isPartOf\":{\"@id\":\"https:\\\/\\\/lojasosprofessoratividades.com.br\\\/#website\"},\"primaryImageOfPage\":{\"@id\":\"https:\\\/\\\/lojasosprofessoratividades.com.br\\\/produto\\\/cartazes-de-fracoes\\\/#primaryimage\"},\"image\":{\"@id\":\"https:\\\/\\\/lojasosprofessoratividades.com.br\\\/produto\\\/cartazes-de-fracoes\\\/#primaryimage\"},\"thumbnailUrl\":\"https:\\\/\\\/lojasosprofessoratividades.com.br\\\/wp-content\\\/uploads\\\/2023\\\/08\\\/1-4.jpg\",\"datePublished\":\"2023-08-07T16:10:44+00:00\",\"dateModified\":\"2026-05-08T19:33:58+00:00\",\"description\":\"Aprenda fra\u00e7\u00f5es de forma divertida! 13 cartazes did\u00e1ticos com conceitos, exemplos e opera\u00e7\u00f5es. Recurso digital colorido e n\u00e3o edit\u00e1vel para ensino eficaz.\",\"breadcrumb\":{\"@id\":\"https:\\\/\\\/lojasosprofessoratividades.com.br\\\/produto\\\/cartazes-de-fracoes\\\/#breadcrumb\"},\"inLanguage\":\"en-US\",\"potentialAction\":[{\"@type\":\"ReadAction\",\"target\":[\"https:\\\/\\\/lojasosprofessoratividades.com.br\\\/produto\\\/cartazes-de-fracoes\\\/\"]}]},{\"@type\":\"ImageObject\",\"inLanguage\":\"en-US\",\"@id\":\"https:\\\/\\\/lojasosprofessoratividades.com.br\\\/produto\\\/cartazes-de-fracoes\\\/#primaryimage\",\"url\":\"https:\\\/\\\/lojasosprofessoratividades.com.br\\\/wp-content\\\/uploads\\\/2023\\\/08\\\/1-4.jpg\",\"contentUrl\":\"https:\\\/\\\/lojasosprofessoratividades.com.br\\\/wp-content\\\/uploads\\\/2023\\\/08\\\/1-4.jpg\",\"width\":800,\"height\":693,\"caption\":\"cartazes de fra\u00e7\u00f5es\"},{\"@type\":\"BreadcrumbList\",\"@id\":\"https:\\\/\\\/lojasosprofessoratividades.com.br\\\/produto\\\/cartazes-de-fracoes\\\/#breadcrumb\",\"itemListElement\":[{\"@type\":\"ListItem\",\"position\":1,\"name\":\"In\u00edcio\",\"item\":\"https:\\\/\\\/lojasosprofessoratividades.com.br\\\/\"},{\"@type\":\"ListItem\",\"position\":2,\"name\":\"Loja\",\"item\":\"https:\\\/\\\/lojasosprofessoratividades.com.br\\\/loja\\\/\"},{\"@type\":\"ListItem\",\"position\":3,\"name\":\"Cartazes de Fra\u00e7\u00f5es\"}]},{\"@type\":\"WebSite\",\"@id\":\"https:\\\/\\\/lojasosprofessoratividades.com.br\\\/#website\",\"url\":\"https:\\\/\\\/lojasosprofessoratividades.com.br\\\/\",\"name\":\"Loja SOS Professor Atividades\",\"description\":\"Venda de material did\u00e1tico para o ensino fundamental\",\"publisher\":{\"@id\":\"https:\\\/\\\/lojasosprofessoratividades.com.br\\\/#organization\"},\"potentialAction\":[{\"@type\":\"SearchAction\",\"target\":{\"@type\":\"EntryPoint\",\"urlTemplate\":\"https:\\\/\\\/lojasosprofessoratividades.com.br\\\/?s={search_term_string}\"},\"query-input\":{\"@type\":\"PropertyValueSpecification\",\"valueRequired\":true,\"valueName\":\"search_term_string\"}}],\"inLanguage\":\"en-US\"},{\"@type\":\"Organization\",\"@id\":\"https:\\\/\\\/lojasosprofessoratividades.com.br\\\/#organization\",\"name\":\"Loja SOS Professor Atividades\",\"url\":\"https:\\\/\\\/lojasosprofessoratividades.com.br\\\/\",\"logo\":{\"@type\":\"ImageObject\",\"inLanguage\":\"en-US\",\"@id\":\"https:\\\/\\\/lojasosprofessoratividades.com.br\\\/#\\\/schema\\\/logo\\\/image\\\/\",\"url\":\"http:\\\/\\\/lojasosprofessoratividades.com.br\\\/wp-content\\\/uploads\\\/2022\\\/04\\\/Logo.png\",\"contentUrl\":\"http:\\\/\\\/lojasosprofessoratividades.com.br\\\/wp-content\\\/uploads\\\/2022\\\/04\\\/Logo.png\",\"width\":2000,\"height\":2000,\"caption\":\"Loja SOS Professor Atividades\"},\"image\":{\"@id\":\"https:\\\/\\\/lojasosprofessoratividades.com.br\\\/#\\\/schema\\\/logo\\\/image\\\/\"},\"sameAs\":[\"https:\\\/\\\/www.facebook.com\\\/sosprofessoratividades\",\"https:\\\/\\\/www.instagram.com\\\/sosprofessoratividades\\\/\"]}]}<\/script>\n<!-- \/ Yoast SEO plugin. -->","yoast_head_json":{"title":"Cartazes de Fra\u00e7\u00f5es - Loja SOS Professor Atividades","description":"Aprenda fra\u00e7\u00f5es de forma divertida! 13 cartazes did\u00e1ticos com conceitos, exemplos e opera\u00e7\u00f5es. Recurso digital colorido e n\u00e3o edit\u00e1vel para ensino eficaz.","robots":{"index":"index","follow":"follow","max-snippet":"max-snippet:-1","max-image-preview":"max-image-preview:large","max-video-preview":"max-video-preview:-1"},"canonical":"https:\/\/lojasosprofessoratividades.com.br\/en\/product\/cartazes-de-fracoes\/","og_locale":"en_US","og_type":"article","og_title":"Cartazes de Fra\u00e7\u00f5es - Loja SOS Professor Atividades","og_description":"Aprenda fra\u00e7\u00f5es de forma divertida! 13 cartazes did\u00e1ticos com conceitos, exemplos e opera\u00e7\u00f5es. Recurso digital colorido e n\u00e3o edit\u00e1vel para ensino eficaz.","og_url":"https:\/\/lojasosprofessoratividades.com.br\/en\/product\/cartazes-de-fracoes\/","og_site_name":"Loja SOS Professor Atividades","article_publisher":"https:\/\/www.facebook.com\/sosprofessoratividades","article_modified_time":"2026-05-08T19:33:58+00:00","og_image":[{"width":800,"height":693,"url":"https:\/\/lojasosprofessoratividades.com.br\/wp-content\/uploads\/2023\/08\/1-4.jpg","type":"image\/jpeg"}],"twitter_card":"summary_large_image","twitter_misc":{"Est. reading time":"1 minute"},"schema":{"@context":"https:\/\/schema.org","@graph":[{"@type":"WebPage","@id":"https:\/\/lojasosprofessoratividades.com.br\/produto\/cartazes-de-fracoes\/","url":"https:\/\/lojasosprofessoratividades.com.br\/produto\/cartazes-de-fracoes\/","name":"Cartazes de Fra\u00e7\u00f5es - Loja SOS Professor Atividades","isPartOf":{"@id":"https:\/\/lojasosprofessoratividades.com.br\/#website"},"primaryImageOfPage":{"@id":"https:\/\/lojasosprofessoratividades.com.br\/produto\/cartazes-de-fracoes\/#primaryimage"},"image":{"@id":"https:\/\/lojasosprofessoratividades.com.br\/produto\/cartazes-de-fracoes\/#primaryimage"},"thumbnailUrl":"https:\/\/lojasosprofessoratividades.com.br\/wp-content\/uploads\/2023\/08\/1-4.jpg","datePublished":"2023-08-07T16:10:44+00:00","dateModified":"2026-05-08T19:33:58+00:00","description":"Aprenda fra\u00e7\u00f5es de forma divertida! 13 cartazes did\u00e1ticos com conceitos, exemplos e opera\u00e7\u00f5es. Recurso digital colorido e n\u00e3o edit\u00e1vel para ensino eficaz.","breadcrumb":{"@id":"https:\/\/lojasosprofessoratividades.com.br\/produto\/cartazes-de-fracoes\/#breadcrumb"},"inLanguage":"en-US","potentialAction":[{"@type":"ReadAction","target":["https:\/\/lojasosprofessoratividades.com.br\/produto\/cartazes-de-fracoes\/"]}]},{"@type":"ImageObject","inLanguage":"en-US","@id":"https:\/\/lojasosprofessoratividades.com.br\/produto\/cartazes-de-fracoes\/#primaryimage","url":"https:\/\/lojasosprofessoratividades.com.br\/wp-content\/uploads\/2023\/08\/1-4.jpg","contentUrl":"https:\/\/lojasosprofessoratividades.com.br\/wp-content\/uploads\/2023\/08\/1-4.jpg","width":800,"height":693,"caption":"cartazes de fra\u00e7\u00f5es"},{"@type":"BreadcrumbList","@id":"https:\/\/lojasosprofessoratividades.com.br\/produto\/cartazes-de-fracoes\/#breadcrumb","itemListElement":[{"@type":"ListItem","position":1,"name":"In\u00edcio","item":"https:\/\/lojasosprofessoratividades.com.br\/"},{"@type":"ListItem","position":2,"name":"Loja","item":"https:\/\/lojasosprofessoratividades.com.br\/loja\/"},{"@type":"ListItem","position":3,"name":"Cartazes de Fra\u00e7\u00f5es"}]},{"@type":"WebSite","@id":"https:\/\/lojasosprofessoratividades.com.br\/#website","url":"https:\/\/lojasosprofessoratividades.com.br\/","name":"Loja SOS Professor Atividades","description":"Venda de material did\u00e1tico para o ensino fundamental","publisher":{"@id":"https:\/\/lojasosprofessoratividades.com.br\/#organization"},"potentialAction":[{"@type":"SearchAction","target":{"@type":"EntryPoint","urlTemplate":"https:\/\/lojasosprofessoratividades.com.br\/?s={search_term_string}"},"query-input":{"@type":"PropertyValueSpecification","valueRequired":true,"valueName":"search_term_string"}}],"inLanguage":"en-US"},{"@type":"Organization","@id":"https:\/\/lojasosprofessoratividades.com.br\/#organization","name":"Loja SOS Professor Atividades","url":"https:\/\/lojasosprofessoratividades.com.br\/","logo":{"@type":"ImageObject","inLanguage":"en-US","@id":"https:\/\/lojasosprofessoratividades.com.br\/#\/schema\/logo\/image\/","url":"http:\/\/lojasosprofessoratividades.com.br\/wp-content\/uploads\/2022\/04\/Logo.png","contentUrl":"http:\/\/lojasosprofessoratividades.com.br\/wp-content\/uploads\/2022\/04\/Logo.png","width":2000,"height":2000,"caption":"Loja SOS Professor Atividades"},"image":{"@id":"https:\/\/lojasosprofessoratividades.com.br\/#\/schema\/logo\/image\/"},"sameAs":["https:\/\/www.facebook.com\/sosprofessoratividades","https:\/\/www.instagram.com\/sosprofessoratividades\/"]}]}},"_links":{"self":[{"href":"https:\/\/lojasosprofessoratividades.com.br\/en\/wp-json\/wp\/v2\/product\/27270","targetHints":{"allow":["GET"]}}],"collection":[{"href":"https:\/\/lojasosprofessoratividades.com.br\/en\/wp-json\/wp\/v2\/product"}],"about":[{"href":"https:\/\/lojasosprofessoratividades.com.br\/en\/wp-json\/wp\/v2\/types\/product"}],"replies":[{"embeddable":true,"href":"https:\/\/lojasosprofessoratividades.com.br\/en\/wp-json\/wp\/v2\/comments?post=27270"}],"wp:featuredmedia":[{"embeddable":true,"href":"https:\/\/lojasosprofessoratividades.com.br\/en\/wp-json\/wp\/v2\/media\/27282"}],"wp:attachment":[{"href":"https:\/\/lojasosprofessoratividades.com.br\/en\/wp-json\/wp\/v2\/media?parent=27270"}],"wp:term":[{"taxonomy":"product_brand","embeddable":true,"href":"https:\/\/lojasosprofessoratividades.com.br\/en\/wp-json\/wp\/v2\/product_brand?post=27270"},{"taxonomy":"product_cat","embeddable":true,"href":"https:\/\/lojasosprofessoratividades.com.br\/en\/wp-json\/wp\/v2\/product_cat?post=27270"},{"taxonomy":"product_tag","embeddable":true,"href":"https:\/\/lojasosprofessoratividades.com.br\/en\/wp-json\/wp\/v2\/product_tag?post=27270"}],"curies":[{"name":"wp","href":"https:\/\/api.w.org\/{rel}","templated":true}]}}