{"id":27341,"date":"2023-08-22T01:09:53","date_gmt":"2023-08-22T04:09:53","guid":{"rendered":"https:\/\/lojasosprofessoratividades.com.br\/?post_type=product&#038;p=27341"},"modified":"2026-05-08T16:34:09","modified_gmt":"2026-05-08T19:34:09","slug":"pack-biomas-brasileiros","status":"publish","type":"product","link":"https:\/\/lojasosprofessoratividades.com.br\/en\/product\/pack-biomas-brasileiros\/","title":{"rendered":"Pack Biomas brasileiros"},"content":{"rendered":"","protected":false},"excerpt":{"rendered":"<p><strong>Pack Biomas Brasileiros<\/strong>, um recurso completo e envolvente que traz toda a diversidade e riqueza da fauna, flora e ecossistemas do Brasil direto para a sua sala de aula.<\/p>\n<p><strong>O que o Pack Biomas Brasileiros oferece:<\/strong><\/p>\n<p>\ud83c\udf0e Duas vers\u00f5es de capa: Escolha entre a vers\u00e3o colorida ou em preto e branco, de acordo com suas prefer\u00eancias.<\/p>\n<p>\ud83c\udf3f Texto abrangente sobre os Biomas do Brasil: Proporcione aos alunos uma vis\u00e3o aprofundada dos diferentes biomas encontrados em nosso pa\u00eds.<\/p>\n<p>\ud83e\uddd0 Question\u00e1rios estimulantes: Avalie o entendimento dos alunos com question\u00e1rios interativos relacionados a cada bioma.<\/p>\n<p>\ud83c\udf31 Texto informativo sobre as vegeta\u00e7\u00f5es dos Biomas: Explore as caracter\u00edsticas \u00fanicas das plantas e ecossistemas em cada bioma.<\/p>\n<p>\ud83c\udf92 Atividades interativas: Mantenha os alunos engajados com atividades envolventes e desafiadoras.<\/p>\n<p>\ud83d\udc3e Fichas de animais dos Biomas: Apresente aos alunos uma variedade de animais nativos, com informa\u00e7\u00f5es detalhadas e imagens coloridas.<\/p>\n<p>\ud83c\udfde\ufe0f Triorama para montar: Divirta os alunos enquanto aprendem construindo um triorama colorido ou para colorir, representando os biomas.<\/p>\n<p>\ud83d\udd8d\ufe0f Desenhos de animais dos Biomas: Estimule a criatividade com desenhos para colorir, que tamb\u00e9m podem ser usados como material de refer\u00eancia.<\/p>\n<p>\ud83d\udcda Plano de aula especial: &#8220;Os Tesouros dos Biomas Brasileiros &#8211; Confec\u00e7\u00e3o de Cartazes&#8221;. Um projeto pr\u00e1tico para os alunos criarem cartazes inspiradores sobre os biomas.<\/p>\n<p><em><strong>N\u00e3o<\/strong><\/em> edit\u00e1vel.<\/p>\n<h3>N\u00e3o enviamos por e-mail, a entrega \u00e9 via link para download. \ud83d\udc47<\/h3>\n<p><img loading=\"lazy\" decoding=\"async\" class=\"alignnone wp-image-30821 size-full\" src=\"https:\/\/lojasosprofessoratividades.com.br\/wp-content\/uploads\/2024\/06\/Aviso-Loja.jpg\" alt=\"\" width=\"446\" height=\"251\" srcset=\"https:\/\/lojasosprofessoratividades.com.br\/wp-content\/uploads\/2024\/06\/Aviso-Loja.jpg 446w, https:\/\/lojasosprofessoratividades.com.br\/wp-content\/uploads\/2024\/06\/Aviso-Loja-300x169.jpg 300w, https:\/\/lojasosprofessoratividades.com.br\/wp-content\/uploads\/2024\/06\/Aviso-Loja-18x10.jpg 18w\" sizes=\"auto, (max-width: 446px) 100vw, 446px\" \/><\/p>\n<p>&nbsp;<\/p>","protected":false},"featured_media":27342,"comment_status":"open","ping_status":"closed","template":"","meta":[],"product_brand":[],"product_cat":[127,199,206,208,217],"product_tag":[279,1638,1646,1428,1637,1642,840,1600,1648,1640,1210,1306,1639,1641,1647,1645,1293,564,1643,1644],"class_list":{"0":"post-27341","1":"product","2":"type-product","3":"status-publish","4":"has-post-thumbnail","6":"product_cat-5o-ano","7":"product_cat-atividades-interativas-5-anos","8":"product_cat-ciencias-5-ano","9":"product_cat-geografia-5-ano","10":"product_cat-recursos-didaticos-5-ano","11":"product_tag-atividades-interativas","12":"product_tag-atividades-sobre-biomas","13":"product_tag-atividades-sobre-ecologia","14":"product_tag-biodiversidade","15":"product_tag-biomas-brasileiros","16":"product_tag-biomas-do-brasil-para-imprimir","17":"product_tag-cartazes-educativos","18":"product_tag-ciencias-ensino-fundamental","19":"product_tag-desenhos-para-colorir-biomas","20":"product_tag-ecossistemas","21":"product_tag-educacao-ambiental","22":"product_tag-ensino-de-geografia","23":"product_tag-fauna-e-flora-do-brasil","24":"product_tag-fichas-de-animais","25":"product_tag-material-didatico-biomas","26":"product_tag-plano-de-aula-biomas","27":"product_tag-preservacao-ambiental","28":"product_tag-recursos-pedagogicos","29":"product_tag-triorama-biomas","30":"product_tag-vegetacao-brasileira","32":"first","33":"instock","34":"downloadable","35":"virtual","36":"sold-individually","37":"purchasable","38":"product-type-simple"},"yoast_head":"<!-- This site is optimized with the Yoast SEO plugin v27.6 - https:\/\/yoast.com\/product\/yoast-seo-wordpress\/ -->\n<title>Pack Biomas brasileiros - Loja SOS Professor Atividades<\/title>\n<meta name=\"description\" content=\"Explore os biomas do Brasil com textos, atividades, fichas de animais, triorama e muito mais. Um recurso completo para sua aula de Ci\u00eancias!\" \/>\n<meta name=\"robots\" content=\"index, follow, max-snippet:-1, max-image-preview:large, max-video-preview:-1\" \/>\n<link rel=\"canonical\" href=\"https:\/\/lojasosprofessoratividades.com.br\/en\/product\/pack-biomas-brasileiros\/\" \/>\n<meta property=\"og:locale\" content=\"en_US\" \/>\n<meta property=\"og:type\" content=\"article\" \/>\n<meta property=\"og:title\" content=\"Pack Biomas brasileiros - Loja SOS Professor Atividades\" \/>\n<meta property=\"og:description\" content=\"Explore os biomas do Brasil com textos, atividades, fichas de animais, triorama e muito mais. Um recurso completo para sua aula de Ci\u00eancias!\" \/>\n<meta property=\"og:url\" content=\"https:\/\/lojasosprofessoratividades.com.br\/en\/product\/pack-biomas-brasileiros\/\" \/>\n<meta property=\"og:site_name\" content=\"Loja SOS Professor Atividades\" \/>\n<meta property=\"article:publisher\" content=\"https:\/\/www.facebook.com\/sosprofessoratividades\" \/>\n<meta property=\"article:modified_time\" content=\"2026-05-08T19:34:09+00:00\" \/>\n<meta property=\"og:image\" content=\"https:\/\/lojasosprofessoratividades.com.br\/wp-content\/uploads\/2023\/08\/1-5.jpg\" \/>\n\t<meta property=\"og:image:width\" content=\"800\" \/>\n\t<meta property=\"og:image:height\" content=\"693\" \/>\n\t<meta property=\"og:image:type\" content=\"image\/jpeg\" \/>\n<meta name=\"twitter:card\" content=\"summary_large_image\" \/>\n<meta name=\"twitter:label1\" content=\"Est. reading time\" \/>\n\t<meta name=\"twitter:data1\" content=\"1 minute\" \/>\n<script type=\"application\/ld+json\" class=\"yoast-schema-graph\">{\"@context\":\"https:\\\/\\\/schema.org\",\"@graph\":[{\"@type\":\"WebPage\",\"@id\":\"https:\\\/\\\/lojasosprofessoratividades.com.br\\\/produto\\\/pack-biomas-brasileiros\\\/\",\"url\":\"https:\\\/\\\/lojasosprofessoratividades.com.br\\\/produto\\\/pack-biomas-brasileiros\\\/\",\"name\":\"Pack Biomas brasileiros - Loja SOS Professor Atividades\",\"isPartOf\":{\"@id\":\"https:\\\/\\\/lojasosprofessoratividades.com.br\\\/#website\"},\"primaryImageOfPage\":{\"@id\":\"https:\\\/\\\/lojasosprofessoratividades.com.br\\\/produto\\\/pack-biomas-brasileiros\\\/#primaryimage\"},\"image\":{\"@id\":\"https:\\\/\\\/lojasosprofessoratividades.com.br\\\/produto\\\/pack-biomas-brasileiros\\\/#primaryimage\"},\"thumbnailUrl\":\"https:\\\/\\\/lojasosprofessoratividades.com.br\\\/wp-content\\\/uploads\\\/2023\\\/08\\\/1-5.jpg\",\"datePublished\":\"2023-08-22T04:09:53+00:00\",\"dateModified\":\"2026-05-08T19:34:09+00:00\",\"description\":\"Explore os biomas do Brasil com textos, atividades, fichas de animais, triorama e muito mais. Um recurso completo para sua aula de Ci\u00eancias!\",\"breadcrumb\":{\"@id\":\"https:\\\/\\\/lojasosprofessoratividades.com.br\\\/produto\\\/pack-biomas-brasileiros\\\/#breadcrumb\"},\"inLanguage\":\"en-US\",\"potentialAction\":[{\"@type\":\"ReadAction\",\"target\":[\"https:\\\/\\\/lojasosprofessoratividades.com.br\\\/produto\\\/pack-biomas-brasileiros\\\/\"]}]},{\"@type\":\"ImageObject\",\"inLanguage\":\"en-US\",\"@id\":\"https:\\\/\\\/lojasosprofessoratividades.com.br\\\/produto\\\/pack-biomas-brasileiros\\\/#primaryimage\",\"url\":\"https:\\\/\\\/lojasosprofessoratividades.com.br\\\/wp-content\\\/uploads\\\/2023\\\/08\\\/1-5.jpg\",\"contentUrl\":\"https:\\\/\\\/lojasosprofessoratividades.com.br\\\/wp-content\\\/uploads\\\/2023\\\/08\\\/1-5.jpg\",\"width\":800,\"height\":693,\"caption\":\"biomas\"},{\"@type\":\"BreadcrumbList\",\"@id\":\"https:\\\/\\\/lojasosprofessoratividades.com.br\\\/produto\\\/pack-biomas-brasileiros\\\/#breadcrumb\",\"itemListElement\":[{\"@type\":\"ListItem\",\"position\":1,\"name\":\"In\u00edcio\",\"item\":\"https:\\\/\\\/lojasosprofessoratividades.com.br\\\/\"},{\"@type\":\"ListItem\",\"position\":2,\"name\":\"Loja\",\"item\":\"https:\\\/\\\/lojasosprofessoratividades.com.br\\\/loja\\\/\"},{\"@type\":\"ListItem\",\"position\":3,\"name\":\"Pack Biomas brasileiros\"}]},{\"@type\":\"WebSite\",\"@id\":\"https:\\\/\\\/lojasosprofessoratividades.com.br\\\/#website\",\"url\":\"https:\\\/\\\/lojasosprofessoratividades.com.br\\\/\",\"name\":\"Loja SOS Professor Atividades\",\"description\":\"Venda de material did\u00e1tico para o ensino fundamental\",\"publisher\":{\"@id\":\"https:\\\/\\\/lojasosprofessoratividades.com.br\\\/#organization\"},\"potentialAction\":[{\"@type\":\"SearchAction\",\"target\":{\"@type\":\"EntryPoint\",\"urlTemplate\":\"https:\\\/\\\/lojasosprofessoratividades.com.br\\\/?s={search_term_string}\"},\"query-input\":{\"@type\":\"PropertyValueSpecification\",\"valueRequired\":true,\"valueName\":\"search_term_string\"}}],\"inLanguage\":\"en-US\"},{\"@type\":\"Organization\",\"@id\":\"https:\\\/\\\/lojasosprofessoratividades.com.br\\\/#organization\",\"name\":\"Loja SOS Professor Atividades\",\"url\":\"https:\\\/\\\/lojasosprofessoratividades.com.br\\\/\",\"logo\":{\"@type\":\"ImageObject\",\"inLanguage\":\"en-US\",\"@id\":\"https:\\\/\\\/lojasosprofessoratividades.com.br\\\/#\\\/schema\\\/logo\\\/image\\\/\",\"url\":\"http:\\\/\\\/lojasosprofessoratividades.com.br\\\/wp-content\\\/uploads\\\/2022\\\/04\\\/Logo.png\",\"contentUrl\":\"http:\\\/\\\/lojasosprofessoratividades.com.br\\\/wp-content\\\/uploads\\\/2022\\\/04\\\/Logo.png\",\"width\":2000,\"height\":2000,\"caption\":\"Loja SOS Professor Atividades\"},\"image\":{\"@id\":\"https:\\\/\\\/lojasosprofessoratividades.com.br\\\/#\\\/schema\\\/logo\\\/image\\\/\"},\"sameAs\":[\"https:\\\/\\\/www.facebook.com\\\/sosprofessoratividades\",\"https:\\\/\\\/www.instagram.com\\\/sosprofessoratividades\\\/\"]}]}<\/script>\n<!-- \/ Yoast SEO plugin. -->","yoast_head_json":{"title":"Pack Biomas brasileiros - Loja SOS Professor Atividades","description":"Explore os biomas do Brasil com textos, atividades, fichas de animais, triorama e muito mais. Um recurso completo para sua aula de Ci\u00eancias!","robots":{"index":"index","follow":"follow","max-snippet":"max-snippet:-1","max-image-preview":"max-image-preview:large","max-video-preview":"max-video-preview:-1"},"canonical":"https:\/\/lojasosprofessoratividades.com.br\/en\/product\/pack-biomas-brasileiros\/","og_locale":"en_US","og_type":"article","og_title":"Pack Biomas brasileiros - Loja SOS Professor Atividades","og_description":"Explore os biomas do Brasil com textos, atividades, fichas de animais, triorama e muito mais. Um recurso completo para sua aula de Ci\u00eancias!","og_url":"https:\/\/lojasosprofessoratividades.com.br\/en\/product\/pack-biomas-brasileiros\/","og_site_name":"Loja SOS Professor Atividades","article_publisher":"https:\/\/www.facebook.com\/sosprofessoratividades","article_modified_time":"2026-05-08T19:34:09+00:00","og_image":[{"width":800,"height":693,"url":"https:\/\/lojasosprofessoratividades.com.br\/wp-content\/uploads\/2023\/08\/1-5.jpg","type":"image\/jpeg"}],"twitter_card":"summary_large_image","twitter_misc":{"Est. reading time":"1 minute"},"schema":{"@context":"https:\/\/schema.org","@graph":[{"@type":"WebPage","@id":"https:\/\/lojasosprofessoratividades.com.br\/produto\/pack-biomas-brasileiros\/","url":"https:\/\/lojasosprofessoratividades.com.br\/produto\/pack-biomas-brasileiros\/","name":"Pack Biomas brasileiros - Loja SOS Professor Atividades","isPartOf":{"@id":"https:\/\/lojasosprofessoratividades.com.br\/#website"},"primaryImageOfPage":{"@id":"https:\/\/lojasosprofessoratividades.com.br\/produto\/pack-biomas-brasileiros\/#primaryimage"},"image":{"@id":"https:\/\/lojasosprofessoratividades.com.br\/produto\/pack-biomas-brasileiros\/#primaryimage"},"thumbnailUrl":"https:\/\/lojasosprofessoratividades.com.br\/wp-content\/uploads\/2023\/08\/1-5.jpg","datePublished":"2023-08-22T04:09:53+00:00","dateModified":"2026-05-08T19:34:09+00:00","description":"Explore os biomas do Brasil com textos, atividades, fichas de animais, triorama e muito mais. Um recurso completo para sua aula de Ci\u00eancias!","breadcrumb":{"@id":"https:\/\/lojasosprofessoratividades.com.br\/produto\/pack-biomas-brasileiros\/#breadcrumb"},"inLanguage":"en-US","potentialAction":[{"@type":"ReadAction","target":["https:\/\/lojasosprofessoratividades.com.br\/produto\/pack-biomas-brasileiros\/"]}]},{"@type":"ImageObject","inLanguage":"en-US","@id":"https:\/\/lojasosprofessoratividades.com.br\/produto\/pack-biomas-brasileiros\/#primaryimage","url":"https:\/\/lojasosprofessoratividades.com.br\/wp-content\/uploads\/2023\/08\/1-5.jpg","contentUrl":"https:\/\/lojasosprofessoratividades.com.br\/wp-content\/uploads\/2023\/08\/1-5.jpg","width":800,"height":693,"caption":"biomas"},{"@type":"BreadcrumbList","@id":"https:\/\/lojasosprofessoratividades.com.br\/produto\/pack-biomas-brasileiros\/#breadcrumb","itemListElement":[{"@type":"ListItem","position":1,"name":"In\u00edcio","item":"https:\/\/lojasosprofessoratividades.com.br\/"},{"@type":"ListItem","position":2,"name":"Loja","item":"https:\/\/lojasosprofessoratividades.com.br\/loja\/"},{"@type":"ListItem","position":3,"name":"Pack Biomas brasileiros"}]},{"@type":"WebSite","@id":"https:\/\/lojasosprofessoratividades.com.br\/#website","url":"https:\/\/lojasosprofessoratividades.com.br\/","name":"Loja SOS Professor Atividades","description":"Venda de material did\u00e1tico para o ensino fundamental","publisher":{"@id":"https:\/\/lojasosprofessoratividades.com.br\/#organization"},"potentialAction":[{"@type":"SearchAction","target":{"@type":"EntryPoint","urlTemplate":"https:\/\/lojasosprofessoratividades.com.br\/?s={search_term_string}"},"query-input":{"@type":"PropertyValueSpecification","valueRequired":true,"valueName":"search_term_string"}}],"inLanguage":"en-US"},{"@type":"Organization","@id":"https:\/\/lojasosprofessoratividades.com.br\/#organization","name":"Loja SOS Professor Atividades","url":"https:\/\/lojasosprofessoratividades.com.br\/","logo":{"@type":"ImageObject","inLanguage":"en-US","@id":"https:\/\/lojasosprofessoratividades.com.br\/#\/schema\/logo\/image\/","url":"http:\/\/lojasosprofessoratividades.com.br\/wp-content\/uploads\/2022\/04\/Logo.png","contentUrl":"http:\/\/lojasosprofessoratividades.com.br\/wp-content\/uploads\/2022\/04\/Logo.png","width":2000,"height":2000,"caption":"Loja SOS Professor Atividades"},"image":{"@id":"https:\/\/lojasosprofessoratividades.com.br\/#\/schema\/logo\/image\/"},"sameAs":["https:\/\/www.facebook.com\/sosprofessoratividades","https:\/\/www.instagram.com\/sosprofessoratividades\/"]}]}},"_links":{"self":[{"href":"https:\/\/lojasosprofessoratividades.com.br\/en\/wp-json\/wp\/v2\/product\/27341","targetHints":{"allow":["GET"]}}],"collection":[{"href":"https:\/\/lojasosprofessoratividades.com.br\/en\/wp-json\/wp\/v2\/product"}],"about":[{"href":"https:\/\/lojasosprofessoratividades.com.br\/en\/wp-json\/wp\/v2\/types\/product"}],"replies":[{"embeddable":true,"href":"https:\/\/lojasosprofessoratividades.com.br\/en\/wp-json\/wp\/v2\/comments?post=27341"}],"wp:featuredmedia":[{"embeddable":true,"href":"https:\/\/lojasosprofessoratividades.com.br\/en\/wp-json\/wp\/v2\/media\/27342"}],"wp:attachment":[{"href":"https:\/\/lojasosprofessoratividades.com.br\/en\/wp-json\/wp\/v2\/media?parent=27341"}],"wp:term":[{"taxonomy":"product_brand","embeddable":true,"href":"https:\/\/lojasosprofessoratividades.com.br\/en\/wp-json\/wp\/v2\/product_brand?post=27341"},{"taxonomy":"product_cat","embeddable":true,"href":"https:\/\/lojasosprofessoratividades.com.br\/en\/wp-json\/wp\/v2\/product_cat?post=27341"},{"taxonomy":"product_tag","embeddable":true,"href":"https:\/\/lojasosprofessoratividades.com.br\/en\/wp-json\/wp\/v2\/product_tag?post=27341"}],"curies":[{"name":"wp","href":"https:\/\/api.w.org\/{rel}","templated":true}]}}