{"id":27458,"date":"2025-09-12T02:39:07","date_gmt":"2025-09-12T05:39:07","guid":{"rendered":"https:\/\/lojasosprofessoratividades.com.br\/?post_type=product&#038;p=27458"},"modified":"2026-05-08T15:21:08","modified_gmt":"2026-05-08T18:21:08","slug":"kit-transito-seguro","status":"publish","type":"product","link":"https:\/\/lojasosprofessoratividades.com.br\/en\/product\/kit-transito-seguro\/","title":{"rendered":"Kit &#8211; Tr\u00e2nsito Seguro"},"content":{"rendered":"","protected":false},"excerpt":{"rendered":"<p>O Kit &#8211; Tr\u00e2nsito Seguro \u00e9 a ferramenta ideal para ensinar e conscientizar seus alunos sobre a import\u00e2ncia da seguran\u00e7a nas vias p\u00fablicas. Este kit completo inclui:<\/p>\n<p>\ud83d\udea6 <strong>Painel Tamanho A4 para Amplia\u00e7\u00e3o:<\/strong> Perfeito para criar um ponto de refer\u00eancia visual em sala de aula.<\/p>\n<p>\ud83c\udf6d <strong>Tags para Pirulitos ou Botons:<\/strong> Divertidas e educativas, essas tags podem ser usadas como lembran\u00e7as ou crach\u00e1s para seus alunos.<\/p>\n<p>\ud83d\ude97 <strong>Tag para Colar no Vidro do Carro:<\/strong> Incentive a conscientiza\u00e7\u00e3o dos pais sobre a seguran\u00e7a no tr\u00e2nsito, com uma tag informativa para colar no vidro do carro.<\/p>\n<p>\ud83d\udcd6 <strong>Marcador de P\u00e1ginas Tem\u00e1tico:<\/strong> Ideal para marcar o progresso em livros did\u00e1ticos ou material de leitura relacionado ao tr\u00e2nsito.<\/p>\n<p>\ud83d\udea7 <strong>Cone de Tr\u00e2nsito para Doces:<\/strong> Uma maneira criativa de ensinar sobre sinaliza\u00e7\u00e3o de tr\u00e1fego, enquanto saboreiam doces.<\/p>\n<p>\ud83d\udcc4 <strong>Painel Ampliado em 9 Folhas A4:<\/strong> Para uma experi\u00eancia visual imersiva, essas 9 folhas podem ser montadas em sala de aula, criando um mural interativo.<\/p>\n<p>\ud83d\udcf1 <strong>QR Codes com 3 Atividades Gratuitas:<\/strong> Acesse atividades para enriquecer suas aulas e envolver os alunos de forma interativa.<\/p>\n<p>Este kit foi planejado para tornar o aprendizado sobre tr\u00e2nsito seguro mais envolvente e educativo do que nunca.<\/p>\n<p><em><strong>N\u00e3o<\/strong><\/em> edit\u00e1vel.<\/p>\n<h3>N\u00e3o enviamos por e-mail, a entrega \u00e9 via link para download. \ud83d\udc47<\/h3>\n<p><img loading=\"lazy\" decoding=\"async\" class=\"alignnone wp-image-31375 size-full\" src=\"https:\/\/lojasosprofessoratividades.com.br\/wp-content\/uploads\/2024\/08\/Aviso-Loja.jpg\" alt=\"\" width=\"446\" height=\"251\" srcset=\"https:\/\/lojasosprofessoratividades.com.br\/wp-content\/uploads\/2024\/08\/Aviso-Loja.jpg 446w, https:\/\/lojasosprofessoratividades.com.br\/wp-content\/uploads\/2024\/08\/Aviso-Loja-300x169.jpg 300w, https:\/\/lojasosprofessoratividades.com.br\/wp-content\/uploads\/2024\/08\/Aviso-Loja-18x10.jpg 18w\" sizes=\"auto, (max-width: 446px) 100vw, 446px\" \/><\/p>","protected":false},"featured_media":27545,"comment_status":"open","ping_status":"closed","template":"","meta":[],"product_brand":[],"product_cat":[122,123,124,125,127,218,214,210,216,212,217,213,209,215,211],"product_tag":[579,279,2429,375,603,1481,739,288,493,1396,2438,2439,643,2435,545,2430,1616,234,743,2432,289,2440,2431,1397],"class_list":{"0":"post-27458","1":"product","2":"type-product","3":"status-publish","4":"has-post-thumbnail","6":"product_cat-1o-ano","7":"product_cat-2o-ano","8":"product_cat-3o-ano","9":"product_cat-4o-ano","10":"product_cat-5o-ano","11":"product_cat-data-comemorativa-5-ano","12":"product_cat-data-comemorativa-3-ano","13":"product_cat-data-comemorativa-1-ano","14":"product_cat-data-comemorativa-4-ano","15":"product_cat-data-comemorativa-2-ano","16":"product_cat-recursos-didaticos-5-ano","17":"product_cat-recursos-didaticos-3-ano","18":"product_cat-recursos-didaticos-1-ano","19":"product_cat-recursos-didaticos-4-ano","20":"product_cat-recursos-didaticos-2-ano","21":"product_tag-atividades-educativas","22":"product_tag-atividades-interativas","23":"product_tag-atividades-transito-ensino-fundamental","24":"product_tag-bncc","25":"product_tag-conscientizacao","26":"product_tag-conscientizacao-no-transito","27":"product_tag-educacao-no-transito","28":"product_tag-educacao-para-o-transito","29":"product_tag-ensino-fundamental-1","30":"product_tag-ensino-infantil","31":"product_tag-kit-educativo-transito","32":"product_tag-lembrancinhas-transito","33":"product_tag-material-pedagogico","34":"product_tag-material-pedagogico-transito","35":"product_tag-painel-educativo","36":"product_tag-painel-transito-escolar","37":"product_tag-qr-code-educativo","38":"product_tag-recursos-didaticos","39":"product_tag-seguranca-no-transito","40":"product_tag-seguranca-no-transito-infantil","41":"product_tag-semana-do-transito","42":"product_tag-semana-nacional-do-transito","43":"product_tag-transito-para-criancas","44":"product_tag-transito-seguro","46":"first","47":"instock","48":"downloadable","49":"virtual","50":"sold-individually","51":"purchasable","52":"product-type-simple"},"yoast_head":"<!-- This site is optimized with the Yoast SEO plugin v27.5 - https:\/\/yoast.com\/product\/yoast-seo-wordpress\/ -->\n<title>Kit - Tr\u00e2nsito Seguro - Loja SOS Professor Atividades<\/title>\n<meta name=\"description\" content=\"Kit Tr\u00e2nsito Seguro: painel ampliado, lembrancinhas, QR codes com atividades, marcadores e muito mais para ensinar seguran\u00e7a no tr\u00e2nsito de forma l\u00fadica.\" \/>\n<meta name=\"robots\" content=\"index, follow, max-snippet:-1, max-image-preview:large, max-video-preview:-1\" \/>\n<link rel=\"canonical\" href=\"https:\/\/lojasosprofessoratividades.com.br\/en\/product\/kit-transito-seguro\/\" \/>\n<meta property=\"og:locale\" content=\"en_US\" \/>\n<meta property=\"og:type\" content=\"article\" \/>\n<meta property=\"og:title\" content=\"Kit - Tr\u00e2nsito Seguro - Loja SOS Professor Atividades\" \/>\n<meta property=\"og:description\" content=\"Kit Tr\u00e2nsito Seguro: painel ampliado, lembrancinhas, QR codes com atividades, marcadores e muito mais para ensinar seguran\u00e7a no tr\u00e2nsito de forma l\u00fadica.\" \/>\n<meta property=\"og:url\" content=\"https:\/\/lojasosprofessoratividades.com.br\/en\/product\/kit-transito-seguro\/\" \/>\n<meta property=\"og:site_name\" content=\"Loja SOS Professor Atividades\" \/>\n<meta property=\"article:publisher\" content=\"https:\/\/www.facebook.com\/sosprofessoratividades\" \/>\n<meta property=\"article:modified_time\" content=\"2026-05-08T18:21:08+00:00\" \/>\n<meta property=\"og:image\" content=\"https:\/\/lojasosprofessoratividades.com.br\/wp-content\/uploads\/2023\/09\/1-1.jpg\" \/>\n\t<meta property=\"og:image:width\" content=\"800\" \/>\n\t<meta property=\"og:image:height\" content=\"693\" \/>\n\t<meta property=\"og:image:type\" content=\"image\/jpeg\" \/>\n<meta name=\"twitter:card\" content=\"summary_large_image\" \/>\n<meta name=\"twitter:label1\" content=\"Est. reading time\" \/>\n\t<meta name=\"twitter:data1\" content=\"1 minute\" \/>\n<script type=\"application\/ld+json\" class=\"yoast-schema-graph\">{\"@context\":\"https:\\\/\\\/schema.org\",\"@graph\":[{\"@type\":\"WebPage\",\"@id\":\"https:\\\/\\\/lojasosprofessoratividades.com.br\\\/produto\\\/kit-transito-seguro\\\/\",\"url\":\"https:\\\/\\\/lojasosprofessoratividades.com.br\\\/produto\\\/kit-transito-seguro\\\/\",\"name\":\"Kit - Tr\u00e2nsito Seguro - Loja SOS Professor Atividades\",\"isPartOf\":{\"@id\":\"https:\\\/\\\/lojasosprofessoratividades.com.br\\\/#website\"},\"primaryImageOfPage\":{\"@id\":\"https:\\\/\\\/lojasosprofessoratividades.com.br\\\/produto\\\/kit-transito-seguro\\\/#primaryimage\"},\"image\":{\"@id\":\"https:\\\/\\\/lojasosprofessoratividades.com.br\\\/produto\\\/kit-transito-seguro\\\/#primaryimage\"},\"thumbnailUrl\":\"https:\\\/\\\/lojasosprofessoratividades.com.br\\\/wp-content\\\/uploads\\\/2023\\\/09\\\/1-1.jpg\",\"datePublished\":\"2025-09-12T05:39:07+00:00\",\"dateModified\":\"2026-05-08T18:21:08+00:00\",\"description\":\"Kit Tr\u00e2nsito Seguro: painel ampliado, lembrancinhas, QR codes com atividades, marcadores e muito mais para ensinar seguran\u00e7a no tr\u00e2nsito de forma l\u00fadica.\",\"breadcrumb\":{\"@id\":\"https:\\\/\\\/lojasosprofessoratividades.com.br\\\/produto\\\/kit-transito-seguro\\\/#breadcrumb\"},\"inLanguage\":\"en-US\",\"potentialAction\":[{\"@type\":\"ReadAction\",\"target\":[\"https:\\\/\\\/lojasosprofessoratividades.com.br\\\/produto\\\/kit-transito-seguro\\\/\"]}]},{\"@type\":\"ImageObject\",\"inLanguage\":\"en-US\",\"@id\":\"https:\\\/\\\/lojasosprofessoratividades.com.br\\\/produto\\\/kit-transito-seguro\\\/#primaryimage\",\"url\":\"https:\\\/\\\/lojasosprofessoratividades.com.br\\\/wp-content\\\/uploads\\\/2023\\\/09\\\/1-1.jpg\",\"contentUrl\":\"https:\\\/\\\/lojasosprofessoratividades.com.br\\\/wp-content\\\/uploads\\\/2023\\\/09\\\/1-1.jpg\",\"width\":800,\"height\":693,\"caption\":\"Tr\u00e2nsito seguro\"},{\"@type\":\"BreadcrumbList\",\"@id\":\"https:\\\/\\\/lojasosprofessoratividades.com.br\\\/produto\\\/kit-transito-seguro\\\/#breadcrumb\",\"itemListElement\":[{\"@type\":\"ListItem\",\"position\":1,\"name\":\"In\u00edcio\",\"item\":\"https:\\\/\\\/lojasosprofessoratividades.com.br\\\/\"},{\"@type\":\"ListItem\",\"position\":2,\"name\":\"Loja\",\"item\":\"https:\\\/\\\/lojasosprofessoratividades.com.br\\\/loja\\\/\"},{\"@type\":\"ListItem\",\"position\":3,\"name\":\"Kit &#8211; Tr\u00e2nsito Seguro\"}]},{\"@type\":\"WebSite\",\"@id\":\"https:\\\/\\\/lojasosprofessoratividades.com.br\\\/#website\",\"url\":\"https:\\\/\\\/lojasosprofessoratividades.com.br\\\/\",\"name\":\"Loja SOS Professor Atividades\",\"description\":\"Venda de material did\u00e1tico para o ensino fundamental\",\"publisher\":{\"@id\":\"https:\\\/\\\/lojasosprofessoratividades.com.br\\\/#organization\"},\"potentialAction\":[{\"@type\":\"SearchAction\",\"target\":{\"@type\":\"EntryPoint\",\"urlTemplate\":\"https:\\\/\\\/lojasosprofessoratividades.com.br\\\/?s={search_term_string}\"},\"query-input\":{\"@type\":\"PropertyValueSpecification\",\"valueRequired\":true,\"valueName\":\"search_term_string\"}}],\"inLanguage\":\"en-US\"},{\"@type\":\"Organization\",\"@id\":\"https:\\\/\\\/lojasosprofessoratividades.com.br\\\/#organization\",\"name\":\"Loja SOS Professor Atividades\",\"url\":\"https:\\\/\\\/lojasosprofessoratividades.com.br\\\/\",\"logo\":{\"@type\":\"ImageObject\",\"inLanguage\":\"en-US\",\"@id\":\"https:\\\/\\\/lojasosprofessoratividades.com.br\\\/#\\\/schema\\\/logo\\\/image\\\/\",\"url\":\"http:\\\/\\\/lojasosprofessoratividades.com.br\\\/wp-content\\\/uploads\\\/2022\\\/04\\\/Logo.png\",\"contentUrl\":\"http:\\\/\\\/lojasosprofessoratividades.com.br\\\/wp-content\\\/uploads\\\/2022\\\/04\\\/Logo.png\",\"width\":2000,\"height\":2000,\"caption\":\"Loja SOS Professor Atividades\"},\"image\":{\"@id\":\"https:\\\/\\\/lojasosprofessoratividades.com.br\\\/#\\\/schema\\\/logo\\\/image\\\/\"},\"sameAs\":[\"https:\\\/\\\/www.facebook.com\\\/sosprofessoratividades\",\"https:\\\/\\\/www.instagram.com\\\/sosprofessoratividades\\\/\"]}]}<\/script>\n<!-- \/ Yoast SEO plugin. -->","yoast_head_json":{"title":"Kit - Tr\u00e2nsito Seguro - Loja SOS Professor Atividades","description":"Kit Tr\u00e2nsito Seguro: painel ampliado, lembrancinhas, QR codes com atividades, marcadores e muito mais para ensinar seguran\u00e7a no tr\u00e2nsito de forma l\u00fadica.","robots":{"index":"index","follow":"follow","max-snippet":"max-snippet:-1","max-image-preview":"max-image-preview:large","max-video-preview":"max-video-preview:-1"},"canonical":"https:\/\/lojasosprofessoratividades.com.br\/en\/product\/kit-transito-seguro\/","og_locale":"en_US","og_type":"article","og_title":"Kit - Tr\u00e2nsito Seguro - Loja SOS Professor Atividades","og_description":"Kit Tr\u00e2nsito Seguro: painel ampliado, lembrancinhas, QR codes com atividades, marcadores e muito mais para ensinar seguran\u00e7a no tr\u00e2nsito de forma l\u00fadica.","og_url":"https:\/\/lojasosprofessoratividades.com.br\/en\/product\/kit-transito-seguro\/","og_site_name":"Loja SOS Professor Atividades","article_publisher":"https:\/\/www.facebook.com\/sosprofessoratividades","article_modified_time":"2026-05-08T18:21:08+00:00","og_image":[{"width":800,"height":693,"url":"https:\/\/lojasosprofessoratividades.com.br\/wp-content\/uploads\/2023\/09\/1-1.jpg","type":"image\/jpeg"}],"twitter_card":"summary_large_image","twitter_misc":{"Est. reading time":"1 minute"},"schema":{"@context":"https:\/\/schema.org","@graph":[{"@type":"WebPage","@id":"https:\/\/lojasosprofessoratividades.com.br\/produto\/kit-transito-seguro\/","url":"https:\/\/lojasosprofessoratividades.com.br\/produto\/kit-transito-seguro\/","name":"Kit - Tr\u00e2nsito Seguro - Loja SOS Professor Atividades","isPartOf":{"@id":"https:\/\/lojasosprofessoratividades.com.br\/#website"},"primaryImageOfPage":{"@id":"https:\/\/lojasosprofessoratividades.com.br\/produto\/kit-transito-seguro\/#primaryimage"},"image":{"@id":"https:\/\/lojasosprofessoratividades.com.br\/produto\/kit-transito-seguro\/#primaryimage"},"thumbnailUrl":"https:\/\/lojasosprofessoratividades.com.br\/wp-content\/uploads\/2023\/09\/1-1.jpg","datePublished":"2025-09-12T05:39:07+00:00","dateModified":"2026-05-08T18:21:08+00:00","description":"Kit Tr\u00e2nsito Seguro: painel ampliado, lembrancinhas, QR codes com atividades, marcadores e muito mais para ensinar seguran\u00e7a no tr\u00e2nsito de forma l\u00fadica.","breadcrumb":{"@id":"https:\/\/lojasosprofessoratividades.com.br\/produto\/kit-transito-seguro\/#breadcrumb"},"inLanguage":"en-US","potentialAction":[{"@type":"ReadAction","target":["https:\/\/lojasosprofessoratividades.com.br\/produto\/kit-transito-seguro\/"]}]},{"@type":"ImageObject","inLanguage":"en-US","@id":"https:\/\/lojasosprofessoratividades.com.br\/produto\/kit-transito-seguro\/#primaryimage","url":"https:\/\/lojasosprofessoratividades.com.br\/wp-content\/uploads\/2023\/09\/1-1.jpg","contentUrl":"https:\/\/lojasosprofessoratividades.com.br\/wp-content\/uploads\/2023\/09\/1-1.jpg","width":800,"height":693,"caption":"Tr\u00e2nsito seguro"},{"@type":"BreadcrumbList","@id":"https:\/\/lojasosprofessoratividades.com.br\/produto\/kit-transito-seguro\/#breadcrumb","itemListElement":[{"@type":"ListItem","position":1,"name":"In\u00edcio","item":"https:\/\/lojasosprofessoratividades.com.br\/"},{"@type":"ListItem","position":2,"name":"Loja","item":"https:\/\/lojasosprofessoratividades.com.br\/loja\/"},{"@type":"ListItem","position":3,"name":"Kit &#8211; Tr\u00e2nsito Seguro"}]},{"@type":"WebSite","@id":"https:\/\/lojasosprofessoratividades.com.br\/#website","url":"https:\/\/lojasosprofessoratividades.com.br\/","name":"Loja SOS Professor Atividades","description":"Venda de material did\u00e1tico para o ensino fundamental","publisher":{"@id":"https:\/\/lojasosprofessoratividades.com.br\/#organization"},"potentialAction":[{"@type":"SearchAction","target":{"@type":"EntryPoint","urlTemplate":"https:\/\/lojasosprofessoratividades.com.br\/?s={search_term_string}"},"query-input":{"@type":"PropertyValueSpecification","valueRequired":true,"valueName":"search_term_string"}}],"inLanguage":"en-US"},{"@type":"Organization","@id":"https:\/\/lojasosprofessoratividades.com.br\/#organization","name":"Loja SOS Professor Atividades","url":"https:\/\/lojasosprofessoratividades.com.br\/","logo":{"@type":"ImageObject","inLanguage":"en-US","@id":"https:\/\/lojasosprofessoratividades.com.br\/#\/schema\/logo\/image\/","url":"http:\/\/lojasosprofessoratividades.com.br\/wp-content\/uploads\/2022\/04\/Logo.png","contentUrl":"http:\/\/lojasosprofessoratividades.com.br\/wp-content\/uploads\/2022\/04\/Logo.png","width":2000,"height":2000,"caption":"Loja SOS Professor Atividades"},"image":{"@id":"https:\/\/lojasosprofessoratividades.com.br\/#\/schema\/logo\/image\/"},"sameAs":["https:\/\/www.facebook.com\/sosprofessoratividades","https:\/\/www.instagram.com\/sosprofessoratividades\/"]}]}},"_links":{"self":[{"href":"https:\/\/lojasosprofessoratividades.com.br\/en\/wp-json\/wp\/v2\/product\/27458","targetHints":{"allow":["GET"]}}],"collection":[{"href":"https:\/\/lojasosprofessoratividades.com.br\/en\/wp-json\/wp\/v2\/product"}],"about":[{"href":"https:\/\/lojasosprofessoratividades.com.br\/en\/wp-json\/wp\/v2\/types\/product"}],"replies":[{"embeddable":true,"href":"https:\/\/lojasosprofessoratividades.com.br\/en\/wp-json\/wp\/v2\/comments?post=27458"}],"wp:featuredmedia":[{"embeddable":true,"href":"https:\/\/lojasosprofessoratividades.com.br\/en\/wp-json\/wp\/v2\/media\/27545"}],"wp:attachment":[{"href":"https:\/\/lojasosprofessoratividades.com.br\/en\/wp-json\/wp\/v2\/media?parent=27458"}],"wp:term":[{"taxonomy":"product_brand","embeddable":true,"href":"https:\/\/lojasosprofessoratividades.com.br\/en\/wp-json\/wp\/v2\/product_brand?post=27458"},{"taxonomy":"product_cat","embeddable":true,"href":"https:\/\/lojasosprofessoratividades.com.br\/en\/wp-json\/wp\/v2\/product_cat?post=27458"},{"taxonomy":"product_tag","embeddable":true,"href":"https:\/\/lojasosprofessoratividades.com.br\/en\/wp-json\/wp\/v2\/product_tag?post=27458"}],"curies":[{"name":"wp","href":"https:\/\/api.w.org\/{rel}","templated":true}]}}