{"id":27613,"date":"2025-09-11T22:56:56","date_gmt":"2025-09-12T01:56:56","guid":{"rendered":"https:\/\/lojasosprofessoratividades.com.br\/?post_type=product&#038;p=27613"},"modified":"2026-05-08T15:20:43","modified_gmt":"2026-05-08T18:20:43","slug":"combo-um-transito-melhor","status":"publish","type":"product","link":"https:\/\/lojasosprofessoratividades.com.br\/en\/product\/combo-um-transito-melhor\/","title":{"rendered":"Combo &#8211; Um tr\u00e2nsito melhor"},"content":{"rendered":"","protected":false},"excerpt":{"rendered":"<p>Combo &#8211; Um Tr\u00e2nsito Melhor, repleto de itens incr\u00edveis para tornar sua experi\u00eancia no tr\u00e2nsito mais alegre e segura!<\/p>\n<p>\ud83d\udea6 O que voc\u00ea encontrar\u00e1 no Combo:<\/p>\n<p>1\ufe0f\u20e3 <strong>Painel para Ampliar e Painel J\u00e1 Ampliado em 9 Folhas A4<\/strong>: Perfeito para decorar a sala de aula.<\/p>\n<p>2\ufe0f\u20e3 <strong>Bolinhas de sab\u00e3o<\/strong>: para brincar no p\u00e1tio com os alunos.<\/p>\n<p>3\ufe0f\u20e3 <strong>Coroa Tem\u00e1tica Colorida e para Colorir<\/strong>: Divers\u00e3o e aprendizado em um s\u00f3 item!<\/p>\n<p>4\ufe0f\u20e3 <strong>Moldura de Fotos<\/strong>: Perfeito para registrar e recordar o momento.<\/p>\n<p>5\ufe0f\u20e3 <strong>Caixa Tem\u00e1tica para Doces<\/strong>: Mantenha sua energia em alta durante os estudos.<\/p>\n<p>6\ufe0f\u20e3 <strong>Quebra-Cabe\u00e7a e caixa<\/strong>: Um desafio divertido para testar a aten\u00e7\u00e3o.<\/p>\n<p>7\ufe0f\u20e3 <strong>Tag para Colar no Vidro do Carro<\/strong>: Mostre ao mundo que voc\u00ea \u00e9 um motorista consciente.<\/p>\n<p>8\ufe0f\u20e3 <strong>Sem\u00e1foro em Tubete de Confetes<\/strong>: Uma maneira colorida de aprender sobre os sem\u00e1foros.<\/p>\n<p>9\ufe0f\u20e3 <strong>Placas para Pirulitos<\/strong>: Deliciosas li\u00e7\u00f5es de tr\u00e2nsito em forma de pirulito.<\/p>\n<p>\ud83d\udd1f <strong>Colete Tem\u00e1tico<\/strong>: Vista-se apropriadamente para a sua aventura no tr\u00e2nsito!<\/p>\n<p><em><strong>N\u00e3o edit\u00e1vel<\/strong><\/em><\/p>\n<h3>N\u00e3o enviamos por e-mail, a entrega \u00e9 via link para download. \ud83d\udc47<\/h3>\n<p><img loading=\"lazy\" decoding=\"async\" class=\"alignnone wp-image-35707 size-full\" src=\"https:\/\/lojasosprofessoratividades.com.br\/wp-content\/uploads\/2023\/09\/Aviso-Loja-atual.jpg\" alt=\"\" width=\"446\" height=\"251\" srcset=\"https:\/\/lojasosprofessoratividades.com.br\/wp-content\/uploads\/2023\/09\/Aviso-Loja-atual.jpg 446w, https:\/\/lojasosprofessoratividades.com.br\/wp-content\/uploads\/2023\/09\/Aviso-Loja-atual-300x169.jpg 300w, https:\/\/lojasosprofessoratividades.com.br\/wp-content\/uploads\/2023\/09\/Aviso-Loja-atual-18x10.jpg 18w\" sizes=\"auto, (max-width: 446px) 100vw, 446px\" \/><\/p>","protected":false},"featured_media":27626,"comment_status":"open","ping_status":"closed","template":"","meta":[],"product_brand":[],"product_cat":[122,123,124,125,127,218,214,210,216,212,217,213,209,215,211],"product_tag":[2437,2429,2433,1481,739,736,2435,2430,228,2436,2432,2434,289,297,2431],"class_list":{"0":"post-27613","1":"product","2":"type-product","3":"status-publish","4":"has-post-thumbnail","6":"product_cat-1o-ano","7":"product_cat-2o-ano","8":"product_cat-3o-ano","9":"product_cat-4o-ano","10":"product_cat-5o-ano","11":"product_cat-data-comemorativa-5-ano","12":"product_cat-data-comemorativa-3-ano","13":"product_cat-data-comemorativa-1-ano","14":"product_cat-data-comemorativa-4-ano","15":"product_cat-data-comemorativa-2-ano","16":"product_cat-recursos-didaticos-5-ano","17":"product_cat-recursos-didaticos-3-ano","18":"product_cat-recursos-didaticos-1-ano","19":"product_cat-recursos-didaticos-4-ano","20":"product_cat-recursos-didaticos-2-ano","21":"product_tag-atividades-educativas-transito","22":"product_tag-atividades-transito-ensino-fundamental","23":"product_tag-colete-educativo","24":"product_tag-conscientizacao-no-transito","25":"product_tag-educacao-no-transito","26":"product_tag-lembrancinhas-educativas","27":"product_tag-material-pedagogico-transito","28":"product_tag-painel-transito-escolar","29":"product_tag-recurso-didatico","30":"product_tag-recursos-pedagogicos-transito","31":"product_tag-seguranca-no-transito-infantil","32":"product_tag-semaforo-infantil","33":"product_tag-semana-do-transito","34":"product_tag-transito","35":"product_tag-transito-para-criancas","37":"first","38":"instock","39":"downloadable","40":"virtual","41":"sold-individually","42":"purchasable","43":"product-type-simple"},"yoast_head":"<!-- This site is optimized with the Yoast SEO plugin v27.6 - https:\/\/yoast.com\/product\/yoast-seo-wordpress\/ -->\n<title>Combo - Um tr\u00e2nsito melhor - Loja SOS Professor Atividades<\/title>\n<meta name=\"description\" content=\"Combo educativo sobre tr\u00e2nsito com painel, lembrancinhas, coroa, moldura, quebra-cabe\u00e7a, tag, colete e muito mais. Ideal para o Ensino Fundamental.\" \/>\n<meta name=\"robots\" content=\"index, follow, max-snippet:-1, max-image-preview:large, max-video-preview:-1\" \/>\n<link rel=\"canonical\" href=\"https:\/\/lojasosprofessoratividades.com.br\/en\/product\/combo-um-transito-melhor\/\" \/>\n<meta property=\"og:locale\" content=\"en_US\" \/>\n<meta property=\"og:type\" content=\"article\" \/>\n<meta property=\"og:title\" content=\"Combo - Um tr\u00e2nsito melhor - Loja SOS Professor Atividades\" \/>\n<meta property=\"og:description\" content=\"Combo educativo sobre tr\u00e2nsito com painel, lembrancinhas, coroa, moldura, quebra-cabe\u00e7a, tag, colete e muito mais. Ideal para o Ensino Fundamental.\" \/>\n<meta property=\"og:url\" content=\"https:\/\/lojasosprofessoratividades.com.br\/en\/product\/combo-um-transito-melhor\/\" \/>\n<meta property=\"og:site_name\" content=\"Loja SOS Professor Atividades\" \/>\n<meta property=\"article:publisher\" content=\"https:\/\/www.facebook.com\/sosprofessoratividades\" \/>\n<meta property=\"article:modified_time\" content=\"2026-05-08T18:20:43+00:00\" \/>\n<meta property=\"og:image\" content=\"https:\/\/lojasosprofessoratividades.com.br\/wp-content\/uploads\/2023\/09\/1-3.jpg\" \/>\n\t<meta property=\"og:image:width\" content=\"800\" \/>\n\t<meta property=\"og:image:height\" content=\"693\" \/>\n\t<meta property=\"og:image:type\" content=\"image\/jpeg\" \/>\n<meta name=\"twitter:card\" content=\"summary_large_image\" \/>\n<meta name=\"twitter:label1\" content=\"Est. reading time\" \/>\n\t<meta name=\"twitter:data1\" content=\"1 minute\" \/>\n<script type=\"application\/ld+json\" class=\"yoast-schema-graph\">{\"@context\":\"https:\\\/\\\/schema.org\",\"@graph\":[{\"@type\":\"WebPage\",\"@id\":\"https:\\\/\\\/lojasosprofessoratividades.com.br\\\/produto\\\/combo-um-transito-melhor\\\/\",\"url\":\"https:\\\/\\\/lojasosprofessoratividades.com.br\\\/produto\\\/combo-um-transito-melhor\\\/\",\"name\":\"Combo - Um tr\u00e2nsito melhor - Loja SOS Professor Atividades\",\"isPartOf\":{\"@id\":\"https:\\\/\\\/lojasosprofessoratividades.com.br\\\/#website\"},\"primaryImageOfPage\":{\"@id\":\"https:\\\/\\\/lojasosprofessoratividades.com.br\\\/produto\\\/combo-um-transito-melhor\\\/#primaryimage\"},\"image\":{\"@id\":\"https:\\\/\\\/lojasosprofessoratividades.com.br\\\/produto\\\/combo-um-transito-melhor\\\/#primaryimage\"},\"thumbnailUrl\":\"https:\\\/\\\/lojasosprofessoratividades.com.br\\\/wp-content\\\/uploads\\\/2023\\\/09\\\/1-3.jpg\",\"datePublished\":\"2025-09-12T01:56:56+00:00\",\"dateModified\":\"2026-05-08T18:20:43+00:00\",\"description\":\"Combo educativo sobre tr\u00e2nsito com painel, lembrancinhas, coroa, moldura, quebra-cabe\u00e7a, tag, colete e muito mais. Ideal para o Ensino Fundamental.\",\"breadcrumb\":{\"@id\":\"https:\\\/\\\/lojasosprofessoratividades.com.br\\\/produto\\\/combo-um-transito-melhor\\\/#breadcrumb\"},\"inLanguage\":\"en-US\",\"potentialAction\":[{\"@type\":\"ReadAction\",\"target\":[\"https:\\\/\\\/lojasosprofessoratividades.com.br\\\/produto\\\/combo-um-transito-melhor\\\/\"]}]},{\"@type\":\"ImageObject\",\"inLanguage\":\"en-US\",\"@id\":\"https:\\\/\\\/lojasosprofessoratividades.com.br\\\/produto\\\/combo-um-transito-melhor\\\/#primaryimage\",\"url\":\"https:\\\/\\\/lojasosprofessoratividades.com.br\\\/wp-content\\\/uploads\\\/2023\\\/09\\\/1-3.jpg\",\"contentUrl\":\"https:\\\/\\\/lojasosprofessoratividades.com.br\\\/wp-content\\\/uploads\\\/2023\\\/09\\\/1-3.jpg\",\"width\":800,\"height\":693,\"caption\":\"Um tr\u00e2nsito melhor\"},{\"@type\":\"BreadcrumbList\",\"@id\":\"https:\\\/\\\/lojasosprofessoratividades.com.br\\\/produto\\\/combo-um-transito-melhor\\\/#breadcrumb\",\"itemListElement\":[{\"@type\":\"ListItem\",\"position\":1,\"name\":\"In\u00edcio\",\"item\":\"https:\\\/\\\/lojasosprofessoratividades.com.br\\\/\"},{\"@type\":\"ListItem\",\"position\":2,\"name\":\"Loja\",\"item\":\"https:\\\/\\\/lojasosprofessoratividades.com.br\\\/loja\\\/\"},{\"@type\":\"ListItem\",\"position\":3,\"name\":\"Combo &#8211; Um tr\u00e2nsito melhor\"}]},{\"@type\":\"WebSite\",\"@id\":\"https:\\\/\\\/lojasosprofessoratividades.com.br\\\/#website\",\"url\":\"https:\\\/\\\/lojasosprofessoratividades.com.br\\\/\",\"name\":\"Loja SOS Professor Atividades\",\"description\":\"Venda de material did\u00e1tico para o ensino fundamental\",\"publisher\":{\"@id\":\"https:\\\/\\\/lojasosprofessoratividades.com.br\\\/#organization\"},\"potentialAction\":[{\"@type\":\"SearchAction\",\"target\":{\"@type\":\"EntryPoint\",\"urlTemplate\":\"https:\\\/\\\/lojasosprofessoratividades.com.br\\\/?s={search_term_string}\"},\"query-input\":{\"@type\":\"PropertyValueSpecification\",\"valueRequired\":true,\"valueName\":\"search_term_string\"}}],\"inLanguage\":\"en-US\"},{\"@type\":\"Organization\",\"@id\":\"https:\\\/\\\/lojasosprofessoratividades.com.br\\\/#organization\",\"name\":\"Loja SOS Professor Atividades\",\"url\":\"https:\\\/\\\/lojasosprofessoratividades.com.br\\\/\",\"logo\":{\"@type\":\"ImageObject\",\"inLanguage\":\"en-US\",\"@id\":\"https:\\\/\\\/lojasosprofessoratividades.com.br\\\/#\\\/schema\\\/logo\\\/image\\\/\",\"url\":\"http:\\\/\\\/lojasosprofessoratividades.com.br\\\/wp-content\\\/uploads\\\/2022\\\/04\\\/Logo.png\",\"contentUrl\":\"http:\\\/\\\/lojasosprofessoratividades.com.br\\\/wp-content\\\/uploads\\\/2022\\\/04\\\/Logo.png\",\"width\":2000,\"height\":2000,\"caption\":\"Loja SOS Professor Atividades\"},\"image\":{\"@id\":\"https:\\\/\\\/lojasosprofessoratividades.com.br\\\/#\\\/schema\\\/logo\\\/image\\\/\"},\"sameAs\":[\"https:\\\/\\\/www.facebook.com\\\/sosprofessoratividades\",\"https:\\\/\\\/www.instagram.com\\\/sosprofessoratividades\\\/\"]}]}<\/script>\n<!-- \/ Yoast SEO plugin. -->","yoast_head_json":{"title":"Combo - Um tr\u00e2nsito melhor - Loja SOS Professor Atividades","description":"Combo educativo sobre tr\u00e2nsito com painel, lembrancinhas, coroa, moldura, quebra-cabe\u00e7a, tag, colete e muito mais. Ideal para o Ensino Fundamental.","robots":{"index":"index","follow":"follow","max-snippet":"max-snippet:-1","max-image-preview":"max-image-preview:large","max-video-preview":"max-video-preview:-1"},"canonical":"https:\/\/lojasosprofessoratividades.com.br\/en\/product\/combo-um-transito-melhor\/","og_locale":"en_US","og_type":"article","og_title":"Combo - Um tr\u00e2nsito melhor - Loja SOS Professor Atividades","og_description":"Combo educativo sobre tr\u00e2nsito com painel, lembrancinhas, coroa, moldura, quebra-cabe\u00e7a, tag, colete e muito mais. Ideal para o Ensino Fundamental.","og_url":"https:\/\/lojasosprofessoratividades.com.br\/en\/product\/combo-um-transito-melhor\/","og_site_name":"Loja SOS Professor Atividades","article_publisher":"https:\/\/www.facebook.com\/sosprofessoratividades","article_modified_time":"2026-05-08T18:20:43+00:00","og_image":[{"width":800,"height":693,"url":"https:\/\/lojasosprofessoratividades.com.br\/wp-content\/uploads\/2023\/09\/1-3.jpg","type":"image\/jpeg"}],"twitter_card":"summary_large_image","twitter_misc":{"Est. reading time":"1 minute"},"schema":{"@context":"https:\/\/schema.org","@graph":[{"@type":"WebPage","@id":"https:\/\/lojasosprofessoratividades.com.br\/produto\/combo-um-transito-melhor\/","url":"https:\/\/lojasosprofessoratividades.com.br\/produto\/combo-um-transito-melhor\/","name":"Combo - Um tr\u00e2nsito melhor - Loja SOS Professor Atividades","isPartOf":{"@id":"https:\/\/lojasosprofessoratividades.com.br\/#website"},"primaryImageOfPage":{"@id":"https:\/\/lojasosprofessoratividades.com.br\/produto\/combo-um-transito-melhor\/#primaryimage"},"image":{"@id":"https:\/\/lojasosprofessoratividades.com.br\/produto\/combo-um-transito-melhor\/#primaryimage"},"thumbnailUrl":"https:\/\/lojasosprofessoratividades.com.br\/wp-content\/uploads\/2023\/09\/1-3.jpg","datePublished":"2025-09-12T01:56:56+00:00","dateModified":"2026-05-08T18:20:43+00:00","description":"Combo educativo sobre tr\u00e2nsito com painel, lembrancinhas, coroa, moldura, quebra-cabe\u00e7a, tag, colete e muito mais. Ideal para o Ensino Fundamental.","breadcrumb":{"@id":"https:\/\/lojasosprofessoratividades.com.br\/produto\/combo-um-transito-melhor\/#breadcrumb"},"inLanguage":"en-US","potentialAction":[{"@type":"ReadAction","target":["https:\/\/lojasosprofessoratividades.com.br\/produto\/combo-um-transito-melhor\/"]}]},{"@type":"ImageObject","inLanguage":"en-US","@id":"https:\/\/lojasosprofessoratividades.com.br\/produto\/combo-um-transito-melhor\/#primaryimage","url":"https:\/\/lojasosprofessoratividades.com.br\/wp-content\/uploads\/2023\/09\/1-3.jpg","contentUrl":"https:\/\/lojasosprofessoratividades.com.br\/wp-content\/uploads\/2023\/09\/1-3.jpg","width":800,"height":693,"caption":"Um tr\u00e2nsito melhor"},{"@type":"BreadcrumbList","@id":"https:\/\/lojasosprofessoratividades.com.br\/produto\/combo-um-transito-melhor\/#breadcrumb","itemListElement":[{"@type":"ListItem","position":1,"name":"In\u00edcio","item":"https:\/\/lojasosprofessoratividades.com.br\/"},{"@type":"ListItem","position":2,"name":"Loja","item":"https:\/\/lojasosprofessoratividades.com.br\/loja\/"},{"@type":"ListItem","position":3,"name":"Combo &#8211; Um tr\u00e2nsito melhor"}]},{"@type":"WebSite","@id":"https:\/\/lojasosprofessoratividades.com.br\/#website","url":"https:\/\/lojasosprofessoratividades.com.br\/","name":"Loja SOS Professor Atividades","description":"Venda de material did\u00e1tico para o ensino fundamental","publisher":{"@id":"https:\/\/lojasosprofessoratividades.com.br\/#organization"},"potentialAction":[{"@type":"SearchAction","target":{"@type":"EntryPoint","urlTemplate":"https:\/\/lojasosprofessoratividades.com.br\/?s={search_term_string}"},"query-input":{"@type":"PropertyValueSpecification","valueRequired":true,"valueName":"search_term_string"}}],"inLanguage":"en-US"},{"@type":"Organization","@id":"https:\/\/lojasosprofessoratividades.com.br\/#organization","name":"Loja SOS Professor Atividades","url":"https:\/\/lojasosprofessoratividades.com.br\/","logo":{"@type":"ImageObject","inLanguage":"en-US","@id":"https:\/\/lojasosprofessoratividades.com.br\/#\/schema\/logo\/image\/","url":"http:\/\/lojasosprofessoratividades.com.br\/wp-content\/uploads\/2022\/04\/Logo.png","contentUrl":"http:\/\/lojasosprofessoratividades.com.br\/wp-content\/uploads\/2022\/04\/Logo.png","width":2000,"height":2000,"caption":"Loja SOS Professor Atividades"},"image":{"@id":"https:\/\/lojasosprofessoratividades.com.br\/#\/schema\/logo\/image\/"},"sameAs":["https:\/\/www.facebook.com\/sosprofessoratividades","https:\/\/www.instagram.com\/sosprofessoratividades\/"]}]}},"_links":{"self":[{"href":"https:\/\/lojasosprofessoratividades.com.br\/en\/wp-json\/wp\/v2\/product\/27613","targetHints":{"allow":["GET"]}}],"collection":[{"href":"https:\/\/lojasosprofessoratividades.com.br\/en\/wp-json\/wp\/v2\/product"}],"about":[{"href":"https:\/\/lojasosprofessoratividades.com.br\/en\/wp-json\/wp\/v2\/types\/product"}],"replies":[{"embeddable":true,"href":"https:\/\/lojasosprofessoratividades.com.br\/en\/wp-json\/wp\/v2\/comments?post=27613"}],"wp:featuredmedia":[{"embeddable":true,"href":"https:\/\/lojasosprofessoratividades.com.br\/en\/wp-json\/wp\/v2\/media\/27626"}],"wp:attachment":[{"href":"https:\/\/lojasosprofessoratividades.com.br\/en\/wp-json\/wp\/v2\/media?parent=27613"}],"wp:term":[{"taxonomy":"product_brand","embeddable":true,"href":"https:\/\/lojasosprofessoratividades.com.br\/en\/wp-json\/wp\/v2\/product_brand?post=27613"},{"taxonomy":"product_cat","embeddable":true,"href":"https:\/\/lojasosprofessoratividades.com.br\/en\/wp-json\/wp\/v2\/product_cat?post=27613"},{"taxonomy":"product_tag","embeddable":true,"href":"https:\/\/lojasosprofessoratividades.com.br\/en\/wp-json\/wp\/v2\/product_tag?post=27613"}],"curies":[{"name":"wp","href":"https:\/\/api.w.org\/{rel}","templated":true}]}}