{"id":27646,"date":"2023-09-18T23:51:07","date_gmt":"2023-09-19T02:51:07","guid":{"rendered":"https:\/\/lojasosprofessoratividades.com.br\/?post_type=product&#038;p=27646"},"modified":"2026-05-08T16:36:19","modified_gmt":"2026-05-08T19:36:19","slug":"etiquetas-primavera","status":"publish","type":"product","link":"https:\/\/lojasosprofessoratividades.com.br\/en\/product\/etiquetas-primavera\/","title":{"rendered":"Etiquetas &#8211; Primavera"},"content":{"rendered":"","protected":false},"excerpt":{"rendered":"<p>A temporada mais colorida e alegre do ano est\u00e1 chegando, e n\u00f3s temos algo especial para alegrar ainda mais os seus cadernos! Apresentamos as nossas Etiquetas de Primavera, criadas para adicionar um toque vibrante e florido aos seus materiais escolares.<\/p>\n<p><strong>Etiquetas de Primavera<\/strong><\/p>\n<p>\u2705 Design Encantador<\/p>\n<p>\u2705 Alta Qualidade<\/p>\n<p>\u2705 F\u00e1ceis de Aplicar<\/p>\n<p>\u2705 Personaliza\u00e7\u00e3o<\/p>\n<p>\u2665 \u00c9 um presente para voc\u00ea que est\u00e1 sempre por aqui acompanhando e comprando as novidades.<\/p>\n<h3>N\u00e3o enviamos por e-mail, a entrega \u00e9 via link para download.\u00a0<img decoding=\"async\" class=\"emoji\" role=\"img\" draggable=\"false\" src=\"https:\/\/s.w.org\/images\/core\/emoji\/16.0.1\/svg\/1f447.svg\" alt=\"\ud83d\udc47\" \/><\/h3>\n<p><img loading=\"lazy\" decoding=\"async\" class=\"alignnone wp-image-31375 size-full\" src=\"https:\/\/lojasosprofessoratividades.com.br\/wp-content\/uploads\/2024\/08\/Aviso-Loja.jpg\" alt=\"\" width=\"446\" height=\"251\" srcset=\"https:\/\/lojasosprofessoratividades.com.br\/wp-content\/uploads\/2024\/08\/Aviso-Loja.jpg 446w, https:\/\/lojasosprofessoratividades.com.br\/wp-content\/uploads\/2024\/08\/Aviso-Loja-300x169.jpg 300w, https:\/\/lojasosprofessoratividades.com.br\/wp-content\/uploads\/2024\/08\/Aviso-Loja-18x10.jpg 18w\" sizes=\"auto, (max-width: 446px) 100vw, 446px\" \/><\/p>","protected":false},"featured_media":27650,"comment_status":"open","ping_status":"closed","template":"","meta":[],"product_brand":[],"product_cat":[122,123,124,125,127,216,218,210,214,212,220],"product_tag":[2485,2505,2497,2507,2506,2498,2500,2499,2504,2503,2501,2502,2509,298,2508,228],"class_list":{"0":"post-27646","1":"product","2":"type-product","3":"status-publish","4":"has-post-thumbnail","6":"product_cat-1o-ano","7":"product_cat-2o-ano","8":"product_cat-3o-ano","9":"product_cat-4o-ano","10":"product_cat-5o-ano","11":"product_cat-data-comemorativa-4-ano","12":"product_cat-data-comemorativa-5-ano","13":"product_cat-data-comemorativa-1-ano","14":"product_cat-data-comemorativa-3-ano","15":"product_cat-data-comemorativa-2-ano","16":"product_cat-o-eu-o-outro-o-nos","17":"product_tag-decoracao-primavera-escola","18":"product_tag-etiquetas-coloridas-primavera","19":"product_tag-etiquetas-de-primavera","20":"product_tag-etiquetas-educativas","21":"product_tag-etiquetas-encantadoras","22":"product_tag-etiquetas-escolares-primavera","23":"product_tag-etiquetas-floridas","24":"product_tag-etiquetas-para-cadernos","25":"product_tag-etiquetas-para-imprimir","26":"product_tag-etiquetas-pdf","27":"product_tag-etiquetas-personalizaveis","28":"product_tag-material-escolar-primavera","29":"product_tag-organizacao-escolar-primavera","30":"product_tag-primavera","31":"product_tag-primavera-nos-cadernos","32":"product_tag-recurso-didatico","34":"first","35":"instock","36":"downloadable","37":"virtual","38":"sold-individually","39":"purchasable","40":"product-type-simple"},"yoast_head":"<!-- This site is optimized with the Yoast SEO plugin v27.5 - https:\/\/yoast.com\/product\/yoast-seo-wordpress\/ -->\n<title>Etiquetas - Primavera - Loja SOS Professor Atividades<\/title>\n<meta name=\"description\" content=\"Etiquetas de Primavera com design encantador e vibrante para cadernos e materiais escolares. Alta qualidade, f\u00e1ceis de aplicar e personalizar.\" \/>\n<meta name=\"robots\" content=\"index, follow, max-snippet:-1, max-image-preview:large, max-video-preview:-1\" \/>\n<link rel=\"canonical\" href=\"https:\/\/lojasosprofessoratividades.com.br\/en\/product\/etiquetas-primavera\/\" \/>\n<meta property=\"og:locale\" content=\"en_US\" \/>\n<meta property=\"og:type\" content=\"article\" \/>\n<meta property=\"og:title\" content=\"Etiquetas - Primavera - Loja SOS Professor Atividades\" \/>\n<meta property=\"og:description\" content=\"Etiquetas de Primavera com design encantador e vibrante para cadernos e materiais escolares. Alta qualidade, f\u00e1ceis de aplicar e personalizar.\" \/>\n<meta property=\"og:url\" content=\"https:\/\/lojasosprofessoratividades.com.br\/en\/product\/etiquetas-primavera\/\" \/>\n<meta property=\"og:site_name\" content=\"Loja SOS Professor Atividades\" \/>\n<meta property=\"article:publisher\" content=\"https:\/\/www.facebook.com\/sosprofessoratividades\" \/>\n<meta property=\"article:modified_time\" content=\"2026-05-08T19:36:19+00:00\" \/>\n<meta property=\"og:image\" content=\"https:\/\/lojasosprofessoratividades.com.br\/wp-content\/uploads\/2023\/09\/1-4.jpg\" \/>\n\t<meta property=\"og:image:width\" content=\"800\" \/>\n\t<meta property=\"og:image:height\" content=\"693\" \/>\n\t<meta property=\"og:image:type\" content=\"image\/jpeg\" \/>\n<meta name=\"twitter:card\" content=\"summary_large_image\" \/>\n<meta name=\"twitter:label1\" content=\"Est. reading time\" \/>\n\t<meta name=\"twitter:data1\" content=\"1 minute\" \/>\n<script type=\"application\/ld+json\" class=\"yoast-schema-graph\">{\"@context\":\"https:\\\/\\\/schema.org\",\"@graph\":[{\"@type\":\"WebPage\",\"@id\":\"https:\\\/\\\/lojasosprofessoratividades.com.br\\\/produto\\\/etiquetas-primavera\\\/\",\"url\":\"https:\\\/\\\/lojasosprofessoratividades.com.br\\\/produto\\\/etiquetas-primavera\\\/\",\"name\":\"Etiquetas - Primavera - Loja SOS Professor Atividades\",\"isPartOf\":{\"@id\":\"https:\\\/\\\/lojasosprofessoratividades.com.br\\\/#website\"},\"primaryImageOfPage\":{\"@id\":\"https:\\\/\\\/lojasosprofessoratividades.com.br\\\/produto\\\/etiquetas-primavera\\\/#primaryimage\"},\"image\":{\"@id\":\"https:\\\/\\\/lojasosprofessoratividades.com.br\\\/produto\\\/etiquetas-primavera\\\/#primaryimage\"},\"thumbnailUrl\":\"https:\\\/\\\/lojasosprofessoratividades.com.br\\\/wp-content\\\/uploads\\\/2023\\\/09\\\/1-4.jpg\",\"datePublished\":\"2023-09-19T02:51:07+00:00\",\"dateModified\":\"2026-05-08T19:36:19+00:00\",\"description\":\"Etiquetas de Primavera com design encantador e vibrante para cadernos e materiais escolares. Alta qualidade, f\u00e1ceis de aplicar e personalizar.\",\"breadcrumb\":{\"@id\":\"https:\\\/\\\/lojasosprofessoratividades.com.br\\\/produto\\\/etiquetas-primavera\\\/#breadcrumb\"},\"inLanguage\":\"en-US\",\"potentialAction\":[{\"@type\":\"ReadAction\",\"target\":[\"https:\\\/\\\/lojasosprofessoratividades.com.br\\\/produto\\\/etiquetas-primavera\\\/\"]}]},{\"@type\":\"ImageObject\",\"inLanguage\":\"en-US\",\"@id\":\"https:\\\/\\\/lojasosprofessoratividades.com.br\\\/produto\\\/etiquetas-primavera\\\/#primaryimage\",\"url\":\"https:\\\/\\\/lojasosprofessoratividades.com.br\\\/wp-content\\\/uploads\\\/2023\\\/09\\\/1-4.jpg\",\"contentUrl\":\"https:\\\/\\\/lojasosprofessoratividades.com.br\\\/wp-content\\\/uploads\\\/2023\\\/09\\\/1-4.jpg\",\"width\":800,\"height\":693,\"caption\":\"Etiquetas Primavera\"},{\"@type\":\"BreadcrumbList\",\"@id\":\"https:\\\/\\\/lojasosprofessoratividades.com.br\\\/produto\\\/etiquetas-primavera\\\/#breadcrumb\",\"itemListElement\":[{\"@type\":\"ListItem\",\"position\":1,\"name\":\"In\u00edcio\",\"item\":\"https:\\\/\\\/lojasosprofessoratividades.com.br\\\/\"},{\"@type\":\"ListItem\",\"position\":2,\"name\":\"Loja\",\"item\":\"https:\\\/\\\/lojasosprofessoratividades.com.br\\\/loja\\\/\"},{\"@type\":\"ListItem\",\"position\":3,\"name\":\"Etiquetas &#8211; Primavera\"}]},{\"@type\":\"WebSite\",\"@id\":\"https:\\\/\\\/lojasosprofessoratividades.com.br\\\/#website\",\"url\":\"https:\\\/\\\/lojasosprofessoratividades.com.br\\\/\",\"name\":\"Loja SOS Professor Atividades\",\"description\":\"Venda de material did\u00e1tico para o ensino fundamental\",\"publisher\":{\"@id\":\"https:\\\/\\\/lojasosprofessoratividades.com.br\\\/#organization\"},\"potentialAction\":[{\"@type\":\"SearchAction\",\"target\":{\"@type\":\"EntryPoint\",\"urlTemplate\":\"https:\\\/\\\/lojasosprofessoratividades.com.br\\\/?s={search_term_string}\"},\"query-input\":{\"@type\":\"PropertyValueSpecification\",\"valueRequired\":true,\"valueName\":\"search_term_string\"}}],\"inLanguage\":\"en-US\"},{\"@type\":\"Organization\",\"@id\":\"https:\\\/\\\/lojasosprofessoratividades.com.br\\\/#organization\",\"name\":\"Loja SOS Professor Atividades\",\"url\":\"https:\\\/\\\/lojasosprofessoratividades.com.br\\\/\",\"logo\":{\"@type\":\"ImageObject\",\"inLanguage\":\"en-US\",\"@id\":\"https:\\\/\\\/lojasosprofessoratividades.com.br\\\/#\\\/schema\\\/logo\\\/image\\\/\",\"url\":\"http:\\\/\\\/lojasosprofessoratividades.com.br\\\/wp-content\\\/uploads\\\/2022\\\/04\\\/Logo.png\",\"contentUrl\":\"http:\\\/\\\/lojasosprofessoratividades.com.br\\\/wp-content\\\/uploads\\\/2022\\\/04\\\/Logo.png\",\"width\":2000,\"height\":2000,\"caption\":\"Loja SOS Professor Atividades\"},\"image\":{\"@id\":\"https:\\\/\\\/lojasosprofessoratividades.com.br\\\/#\\\/schema\\\/logo\\\/image\\\/\"},\"sameAs\":[\"https:\\\/\\\/www.facebook.com\\\/sosprofessoratividades\",\"https:\\\/\\\/www.instagram.com\\\/sosprofessoratividades\\\/\"]}]}<\/script>\n<!-- \/ Yoast SEO plugin. -->","yoast_head_json":{"title":"Etiquetas - Primavera - Loja SOS Professor Atividades","description":"Etiquetas de Primavera com design encantador e vibrante para cadernos e materiais escolares. Alta qualidade, f\u00e1ceis de aplicar e personalizar.","robots":{"index":"index","follow":"follow","max-snippet":"max-snippet:-1","max-image-preview":"max-image-preview:large","max-video-preview":"max-video-preview:-1"},"canonical":"https:\/\/lojasosprofessoratividades.com.br\/en\/product\/etiquetas-primavera\/","og_locale":"en_US","og_type":"article","og_title":"Etiquetas - Primavera - Loja SOS Professor Atividades","og_description":"Etiquetas de Primavera com design encantador e vibrante para cadernos e materiais escolares. Alta qualidade, f\u00e1ceis de aplicar e personalizar.","og_url":"https:\/\/lojasosprofessoratividades.com.br\/en\/product\/etiquetas-primavera\/","og_site_name":"Loja SOS Professor Atividades","article_publisher":"https:\/\/www.facebook.com\/sosprofessoratividades","article_modified_time":"2026-05-08T19:36:19+00:00","og_image":[{"width":800,"height":693,"url":"https:\/\/lojasosprofessoratividades.com.br\/wp-content\/uploads\/2023\/09\/1-4.jpg","type":"image\/jpeg"}],"twitter_card":"summary_large_image","twitter_misc":{"Est. reading time":"1 minute"},"schema":{"@context":"https:\/\/schema.org","@graph":[{"@type":"WebPage","@id":"https:\/\/lojasosprofessoratividades.com.br\/produto\/etiquetas-primavera\/","url":"https:\/\/lojasosprofessoratividades.com.br\/produto\/etiquetas-primavera\/","name":"Etiquetas - Primavera - Loja SOS Professor Atividades","isPartOf":{"@id":"https:\/\/lojasosprofessoratividades.com.br\/#website"},"primaryImageOfPage":{"@id":"https:\/\/lojasosprofessoratividades.com.br\/produto\/etiquetas-primavera\/#primaryimage"},"image":{"@id":"https:\/\/lojasosprofessoratividades.com.br\/produto\/etiquetas-primavera\/#primaryimage"},"thumbnailUrl":"https:\/\/lojasosprofessoratividades.com.br\/wp-content\/uploads\/2023\/09\/1-4.jpg","datePublished":"2023-09-19T02:51:07+00:00","dateModified":"2026-05-08T19:36:19+00:00","description":"Etiquetas de Primavera com design encantador e vibrante para cadernos e materiais escolares. Alta qualidade, f\u00e1ceis de aplicar e personalizar.","breadcrumb":{"@id":"https:\/\/lojasosprofessoratividades.com.br\/produto\/etiquetas-primavera\/#breadcrumb"},"inLanguage":"en-US","potentialAction":[{"@type":"ReadAction","target":["https:\/\/lojasosprofessoratividades.com.br\/produto\/etiquetas-primavera\/"]}]},{"@type":"ImageObject","inLanguage":"en-US","@id":"https:\/\/lojasosprofessoratividades.com.br\/produto\/etiquetas-primavera\/#primaryimage","url":"https:\/\/lojasosprofessoratividades.com.br\/wp-content\/uploads\/2023\/09\/1-4.jpg","contentUrl":"https:\/\/lojasosprofessoratividades.com.br\/wp-content\/uploads\/2023\/09\/1-4.jpg","width":800,"height":693,"caption":"Etiquetas Primavera"},{"@type":"BreadcrumbList","@id":"https:\/\/lojasosprofessoratividades.com.br\/produto\/etiquetas-primavera\/#breadcrumb","itemListElement":[{"@type":"ListItem","position":1,"name":"In\u00edcio","item":"https:\/\/lojasosprofessoratividades.com.br\/"},{"@type":"ListItem","position":2,"name":"Loja","item":"https:\/\/lojasosprofessoratividades.com.br\/loja\/"},{"@type":"ListItem","position":3,"name":"Etiquetas &#8211; Primavera"}]},{"@type":"WebSite","@id":"https:\/\/lojasosprofessoratividades.com.br\/#website","url":"https:\/\/lojasosprofessoratividades.com.br\/","name":"Loja SOS Professor Atividades","description":"Venda de material did\u00e1tico para o ensino fundamental","publisher":{"@id":"https:\/\/lojasosprofessoratividades.com.br\/#organization"},"potentialAction":[{"@type":"SearchAction","target":{"@type":"EntryPoint","urlTemplate":"https:\/\/lojasosprofessoratividades.com.br\/?s={search_term_string}"},"query-input":{"@type":"PropertyValueSpecification","valueRequired":true,"valueName":"search_term_string"}}],"inLanguage":"en-US"},{"@type":"Organization","@id":"https:\/\/lojasosprofessoratividades.com.br\/#organization","name":"Loja SOS Professor Atividades","url":"https:\/\/lojasosprofessoratividades.com.br\/","logo":{"@type":"ImageObject","inLanguage":"en-US","@id":"https:\/\/lojasosprofessoratividades.com.br\/#\/schema\/logo\/image\/","url":"http:\/\/lojasosprofessoratividades.com.br\/wp-content\/uploads\/2022\/04\/Logo.png","contentUrl":"http:\/\/lojasosprofessoratividades.com.br\/wp-content\/uploads\/2022\/04\/Logo.png","width":2000,"height":2000,"caption":"Loja SOS Professor Atividades"},"image":{"@id":"https:\/\/lojasosprofessoratividades.com.br\/#\/schema\/logo\/image\/"},"sameAs":["https:\/\/www.facebook.com\/sosprofessoratividades","https:\/\/www.instagram.com\/sosprofessoratividades\/"]}]}},"_links":{"self":[{"href":"https:\/\/lojasosprofessoratividades.com.br\/en\/wp-json\/wp\/v2\/product\/27646","targetHints":{"allow":["GET"]}}],"collection":[{"href":"https:\/\/lojasosprofessoratividades.com.br\/en\/wp-json\/wp\/v2\/product"}],"about":[{"href":"https:\/\/lojasosprofessoratividades.com.br\/en\/wp-json\/wp\/v2\/types\/product"}],"replies":[{"embeddable":true,"href":"https:\/\/lojasosprofessoratividades.com.br\/en\/wp-json\/wp\/v2\/comments?post=27646"}],"wp:featuredmedia":[{"embeddable":true,"href":"https:\/\/lojasosprofessoratividades.com.br\/en\/wp-json\/wp\/v2\/media\/27650"}],"wp:attachment":[{"href":"https:\/\/lojasosprofessoratividades.com.br\/en\/wp-json\/wp\/v2\/media?parent=27646"}],"wp:term":[{"taxonomy":"product_brand","embeddable":true,"href":"https:\/\/lojasosprofessoratividades.com.br\/en\/wp-json\/wp\/v2\/product_brand?post=27646"},{"taxonomy":"product_cat","embeddable":true,"href":"https:\/\/lojasosprofessoratividades.com.br\/en\/wp-json\/wp\/v2\/product_cat?post=27646"},{"taxonomy":"product_tag","embeddable":true,"href":"https:\/\/lojasosprofessoratividades.com.br\/en\/wp-json\/wp\/v2\/product_tag?post=27646"}],"curies":[{"name":"wp","href":"https:\/\/api.w.org\/{rel}","templated":true}]}}