{"id":27862,"date":"2023-09-30T07:00:07","date_gmt":"2023-09-30T10:00:07","guid":{"rendered":"https:\/\/lojasosprofessoratividades.com.br\/?post_type=product&#038;p=27862"},"modified":"2025-08-31T17:50:47","modified_gmt":"2025-08-31T20:50:47","slug":"desenhando-como-pablo-picasso","status":"publish","type":"product","link":"https:\/\/lojasosprofessoratividades.com.br\/en\/product\/desenhando-como-pablo-picasso\/","title":{"rendered":"Desenhando como Pablo Picasso"},"content":{"rendered":"","protected":false},"excerpt":{"rendered":"<p>Estimule a imagina\u00e7\u00e3o e a express\u00e3o art\u00edstica dos seus alunos com a emocionante &#8220;Atividade de Artes: Desenhando como Picasso&#8221;. Esta atividade cativante \u00e9 uma maneira envolvente de apresentar o mundo da arte de Pablo Picasso e, ao mesmo tempo, promover habilidades essenciais da BNCC.<\/p>\n<p>\ud83c\udf1f <strong>Destaques da Atividade:<\/strong><\/p>\n<p>\u2713 Aprenda sobre Picasso: Introduza seus alunos ao renomado artista Pablo Picasso e sua revolucion\u00e1ria abordagem \u00e0 arte.<\/p>\n<p>\u2713 Criatividade em A\u00e7\u00e3o: Estimule a criatividade e a imagina\u00e7\u00e3o enquanto os alunos combinam partes \u00fanicas do rosto para criar retratos \u00fanicos.<\/p>\n<p>\u2713 Colabora\u00e7\u00e3o Social: Promova a intera\u00e7\u00e3o e a colabora\u00e7\u00e3o \u00e0 medida que os alunos compartilham dados e trabalham juntos para criar suas obras-primas \u00fanicas.<\/p>\n<p>\u2713 Aprecia\u00e7\u00e3o Art\u00edstica: Desenvolva a aprecia\u00e7\u00e3o art\u00edstica, ajudando os alunos a entenderem e a respeitarem diferentes formas de express\u00e3o art\u00edstica.<\/p>\n<p>\u2713 Desenvolvimento Motor: Aprimore as habilidades motoras finas dos alunos enquanto desenham e criam.<\/p>\n<p>\u2713 Conhecimento de Regras: Ensine regras e sequ\u00eancias de forma divertida e envolvente.<\/p>\n<p>Esta atividade oferece: plano de aula, breve biografia do artista, tr\u00eas obras, folha para pesquisa e din\u00e2mica para desenhar como Picasso. \u00c9 uma maneira \u00fanica de explorar a arte, hist\u00f3ria e criatividade com seus alunos.<\/p>\n<p><em><strong>N\u00e3o<\/strong><\/em> edit\u00e1vel.<\/p>\n<h3>N\u00e3o enviamos por e-mail, a entrega \u00e9 via link para download.\u00a0<img decoding=\"async\" class=\"emoji\" role=\"img\" draggable=\"false\" src=\"https:\/\/s.w.org\/images\/core\/emoji\/16.0.1\/svg\/1f447.svg\" alt=\"\ud83d\udc47\" \/><\/h3>\n<p><img loading=\"lazy\" decoding=\"async\" class=\"alignnone wp-image-31375 size-full\" src=\"https:\/\/lojasosprofessoratividades.com.br\/wp-content\/uploads\/2024\/08\/Aviso-Loja.jpg\" alt=\"\" width=\"446\" height=\"251\" srcset=\"https:\/\/lojasosprofessoratividades.com.br\/wp-content\/uploads\/2024\/08\/Aviso-Loja.jpg 446w, https:\/\/lojasosprofessoratividades.com.br\/wp-content\/uploads\/2024\/08\/Aviso-Loja-300x169.jpg 300w, https:\/\/lojasosprofessoratividades.com.br\/wp-content\/uploads\/2024\/08\/Aviso-Loja-18x10.jpg 18w\" sizes=\"auto, (max-width: 446px) 100vw, 446px\" \/><\/p>\n<p>&nbsp;<\/p>","protected":false},"featured_media":27868,"comment_status":"open","ping_status":"closed","template":"","meta":[],"product_brand":[],"product_cat":[124,125,127],"product_tag":[307,310,309,308],"class_list":{"0":"post-27862","1":"product","2":"type-product","3":"status-publish","4":"has-post-thumbnail","6":"product_cat-3o-ano","7":"product_cat-4o-ano","8":"product_cat-5o-ano","9":"product_tag-artes","10":"product_tag-artes-plasticas","11":"product_tag-desenho","12":"product_tag-pablo-picasso","14":"first","15":"instock","16":"downloadable","17":"sold-individually","18":"shipping-taxable","19":"purchasable","20":"product-type-simple"},"yoast_head":"<!-- This site is optimized with the Yoast SEO plugin v27.3 - https:\/\/yoast.com\/product\/yoast-seo-wordpress\/ -->\n<title>Desenhando como Pablo Picasso - Loja SOS Professor Atividades<\/title>\n<meta name=\"description\" content=\"Esta atividade cativante \u00e9 uma maneira envolvente de apresentar o mundo da arte de Pablo Picasso e, ao mesmo tempo, promover habilidades essenciais da BNCC.\" \/>\n<meta name=\"robots\" content=\"index, follow, max-snippet:-1, max-image-preview:large, max-video-preview:-1\" \/>\n<link rel=\"canonical\" href=\"https:\/\/lojasosprofessoratividades.com.br\/en\/product\/desenhando-como-pablo-picasso\/\" \/>\n<meta property=\"og:locale\" content=\"en_US\" \/>\n<meta property=\"og:type\" content=\"article\" \/>\n<meta property=\"og:title\" content=\"Desenhando como Pablo Picasso - Loja SOS Professor Atividades\" \/>\n<meta property=\"og:description\" content=\"Esta atividade cativante \u00e9 uma maneira envolvente de apresentar o mundo da arte de Pablo Picasso e, ao mesmo tempo, promover habilidades essenciais da BNCC.\" \/>\n<meta property=\"og:url\" content=\"https:\/\/lojasosprofessoratividades.com.br\/en\/product\/desenhando-como-pablo-picasso\/\" \/>\n<meta property=\"og:site_name\" content=\"Loja SOS Professor Atividades\" \/>\n<meta property=\"article:publisher\" content=\"https:\/\/www.facebook.com\/sosprofessoratividades\" \/>\n<meta property=\"article:modified_time\" content=\"2025-08-31T20:50:47+00:00\" \/>\n<meta property=\"og:image\" content=\"https:\/\/lojasosprofessoratividades.com.br\/wp-content\/uploads\/2023\/09\/Desenhando-como-Pablo-Picasso-1.jpg\" \/>\n\t<meta property=\"og:image:width\" content=\"800\" \/>\n\t<meta property=\"og:image:height\" content=\"693\" \/>\n\t<meta property=\"og:image:type\" content=\"image\/jpeg\" \/>\n<meta name=\"twitter:card\" content=\"summary_large_image\" \/>\n<meta name=\"twitter:label1\" content=\"Est. reading time\" \/>\n\t<meta name=\"twitter:data1\" content=\"1 minute\" \/>\n<script type=\"application\/ld+json\" class=\"yoast-schema-graph\">{\"@context\":\"https:\\\/\\\/schema.org\",\"@graph\":[{\"@type\":\"WebPage\",\"@id\":\"https:\\\/\\\/lojasosprofessoratividades.com.br\\\/produto\\\/desenhando-como-pablo-picasso\\\/\",\"url\":\"https:\\\/\\\/lojasosprofessoratividades.com.br\\\/produto\\\/desenhando-como-pablo-picasso\\\/\",\"name\":\"Desenhando como Pablo Picasso - Loja SOS Professor Atividades\",\"isPartOf\":{\"@id\":\"https:\\\/\\\/lojasosprofessoratividades.com.br\\\/#website\"},\"primaryImageOfPage\":{\"@id\":\"https:\\\/\\\/lojasosprofessoratividades.com.br\\\/produto\\\/desenhando-como-pablo-picasso\\\/#primaryimage\"},\"image\":{\"@id\":\"https:\\\/\\\/lojasosprofessoratividades.com.br\\\/produto\\\/desenhando-como-pablo-picasso\\\/#primaryimage\"},\"thumbnailUrl\":\"https:\\\/\\\/lojasosprofessoratividades.com.br\\\/wp-content\\\/uploads\\\/2023\\\/09\\\/Desenhando-como-Pablo-Picasso-1.jpg\",\"datePublished\":\"2023-09-30T10:00:07+00:00\",\"dateModified\":\"2025-08-31T20:50:47+00:00\",\"description\":\"Esta atividade cativante \u00e9 uma maneira envolvente de apresentar o mundo da arte de Pablo Picasso e, ao mesmo tempo, promover habilidades essenciais da BNCC.\",\"breadcrumb\":{\"@id\":\"https:\\\/\\\/lojasosprofessoratividades.com.br\\\/produto\\\/desenhando-como-pablo-picasso\\\/#breadcrumb\"},\"inLanguage\":\"en-US\",\"potentialAction\":[{\"@type\":\"ReadAction\",\"target\":[\"https:\\\/\\\/lojasosprofessoratividades.com.br\\\/produto\\\/desenhando-como-pablo-picasso\\\/\"]}]},{\"@type\":\"ImageObject\",\"inLanguage\":\"en-US\",\"@id\":\"https:\\\/\\\/lojasosprofessoratividades.com.br\\\/produto\\\/desenhando-como-pablo-picasso\\\/#primaryimage\",\"url\":\"https:\\\/\\\/lojasosprofessoratividades.com.br\\\/wp-content\\\/uploads\\\/2023\\\/09\\\/Desenhando-como-Pablo-Picasso-1.jpg\",\"contentUrl\":\"https:\\\/\\\/lojasosprofessoratividades.com.br\\\/wp-content\\\/uploads\\\/2023\\\/09\\\/Desenhando-como-Pablo-Picasso-1.jpg\",\"width\":800,\"height\":693,\"caption\":\"Desenhando como Pablo Picasso\"},{\"@type\":\"BreadcrumbList\",\"@id\":\"https:\\\/\\\/lojasosprofessoratividades.com.br\\\/produto\\\/desenhando-como-pablo-picasso\\\/#breadcrumb\",\"itemListElement\":[{\"@type\":\"ListItem\",\"position\":1,\"name\":\"In\u00edcio\",\"item\":\"https:\\\/\\\/lojasosprofessoratividades.com.br\\\/\"},{\"@type\":\"ListItem\",\"position\":2,\"name\":\"Loja\",\"item\":\"https:\\\/\\\/lojasosprofessoratividades.com.br\\\/loja\\\/\"},{\"@type\":\"ListItem\",\"position\":3,\"name\":\"Desenhando como Pablo Picasso\"}]},{\"@type\":\"WebSite\",\"@id\":\"https:\\\/\\\/lojasosprofessoratividades.com.br\\\/#website\",\"url\":\"https:\\\/\\\/lojasosprofessoratividades.com.br\\\/\",\"name\":\"Loja SOS Professor Atividades\",\"description\":\"Venda de material did\u00e1tico para o ensino fundamental\",\"publisher\":{\"@id\":\"https:\\\/\\\/lojasosprofessoratividades.com.br\\\/#organization\"},\"potentialAction\":[{\"@type\":\"SearchAction\",\"target\":{\"@type\":\"EntryPoint\",\"urlTemplate\":\"https:\\\/\\\/lojasosprofessoratividades.com.br\\\/?s={search_term_string}\"},\"query-input\":{\"@type\":\"PropertyValueSpecification\",\"valueRequired\":true,\"valueName\":\"search_term_string\"}}],\"inLanguage\":\"en-US\"},{\"@type\":\"Organization\",\"@id\":\"https:\\\/\\\/lojasosprofessoratividades.com.br\\\/#organization\",\"name\":\"Loja SOS Professor Atividades\",\"url\":\"https:\\\/\\\/lojasosprofessoratividades.com.br\\\/\",\"logo\":{\"@type\":\"ImageObject\",\"inLanguage\":\"en-US\",\"@id\":\"https:\\\/\\\/lojasosprofessoratividades.com.br\\\/#\\\/schema\\\/logo\\\/image\\\/\",\"url\":\"http:\\\/\\\/lojasosprofessoratividades.com.br\\\/wp-content\\\/uploads\\\/2022\\\/04\\\/Logo.png\",\"contentUrl\":\"http:\\\/\\\/lojasosprofessoratividades.com.br\\\/wp-content\\\/uploads\\\/2022\\\/04\\\/Logo.png\",\"width\":2000,\"height\":2000,\"caption\":\"Loja SOS Professor Atividades\"},\"image\":{\"@id\":\"https:\\\/\\\/lojasosprofessoratividades.com.br\\\/#\\\/schema\\\/logo\\\/image\\\/\"},\"sameAs\":[\"https:\\\/\\\/www.facebook.com\\\/sosprofessoratividades\",\"https:\\\/\\\/www.instagram.com\\\/sosprofessoratividades\\\/\"]}]}<\/script>\n<!-- \/ Yoast SEO plugin. -->","yoast_head_json":{"title":"Desenhando como Pablo Picasso - Loja SOS Professor Atividades","description":"Esta atividade cativante \u00e9 uma maneira envolvente de apresentar o mundo da arte de Pablo Picasso e, ao mesmo tempo, promover habilidades essenciais da BNCC.","robots":{"index":"index","follow":"follow","max-snippet":"max-snippet:-1","max-image-preview":"max-image-preview:large","max-video-preview":"max-video-preview:-1"},"canonical":"https:\/\/lojasosprofessoratividades.com.br\/en\/product\/desenhando-como-pablo-picasso\/","og_locale":"en_US","og_type":"article","og_title":"Desenhando como Pablo Picasso - Loja SOS Professor Atividades","og_description":"Esta atividade cativante \u00e9 uma maneira envolvente de apresentar o mundo da arte de Pablo Picasso e, ao mesmo tempo, promover habilidades essenciais da BNCC.","og_url":"https:\/\/lojasosprofessoratividades.com.br\/en\/product\/desenhando-como-pablo-picasso\/","og_site_name":"Loja SOS Professor Atividades","article_publisher":"https:\/\/www.facebook.com\/sosprofessoratividades","article_modified_time":"2025-08-31T20:50:47+00:00","og_image":[{"width":800,"height":693,"url":"https:\/\/lojasosprofessoratividades.com.br\/wp-content\/uploads\/2023\/09\/Desenhando-como-Pablo-Picasso-1.jpg","type":"image\/jpeg"}],"twitter_card":"summary_large_image","twitter_misc":{"Est. reading time":"1 minute"},"schema":{"@context":"https:\/\/schema.org","@graph":[{"@type":"WebPage","@id":"https:\/\/lojasosprofessoratividades.com.br\/produto\/desenhando-como-pablo-picasso\/","url":"https:\/\/lojasosprofessoratividades.com.br\/produto\/desenhando-como-pablo-picasso\/","name":"Desenhando como Pablo Picasso - Loja SOS Professor Atividades","isPartOf":{"@id":"https:\/\/lojasosprofessoratividades.com.br\/#website"},"primaryImageOfPage":{"@id":"https:\/\/lojasosprofessoratividades.com.br\/produto\/desenhando-como-pablo-picasso\/#primaryimage"},"image":{"@id":"https:\/\/lojasosprofessoratividades.com.br\/produto\/desenhando-como-pablo-picasso\/#primaryimage"},"thumbnailUrl":"https:\/\/lojasosprofessoratividades.com.br\/wp-content\/uploads\/2023\/09\/Desenhando-como-Pablo-Picasso-1.jpg","datePublished":"2023-09-30T10:00:07+00:00","dateModified":"2025-08-31T20:50:47+00:00","description":"Esta atividade cativante \u00e9 uma maneira envolvente de apresentar o mundo da arte de Pablo Picasso e, ao mesmo tempo, promover habilidades essenciais da BNCC.","breadcrumb":{"@id":"https:\/\/lojasosprofessoratividades.com.br\/produto\/desenhando-como-pablo-picasso\/#breadcrumb"},"inLanguage":"en-US","potentialAction":[{"@type":"ReadAction","target":["https:\/\/lojasosprofessoratividades.com.br\/produto\/desenhando-como-pablo-picasso\/"]}]},{"@type":"ImageObject","inLanguage":"en-US","@id":"https:\/\/lojasosprofessoratividades.com.br\/produto\/desenhando-como-pablo-picasso\/#primaryimage","url":"https:\/\/lojasosprofessoratividades.com.br\/wp-content\/uploads\/2023\/09\/Desenhando-como-Pablo-Picasso-1.jpg","contentUrl":"https:\/\/lojasosprofessoratividades.com.br\/wp-content\/uploads\/2023\/09\/Desenhando-como-Pablo-Picasso-1.jpg","width":800,"height":693,"caption":"Desenhando como Pablo Picasso"},{"@type":"BreadcrumbList","@id":"https:\/\/lojasosprofessoratividades.com.br\/produto\/desenhando-como-pablo-picasso\/#breadcrumb","itemListElement":[{"@type":"ListItem","position":1,"name":"In\u00edcio","item":"https:\/\/lojasosprofessoratividades.com.br\/"},{"@type":"ListItem","position":2,"name":"Loja","item":"https:\/\/lojasosprofessoratividades.com.br\/loja\/"},{"@type":"ListItem","position":3,"name":"Desenhando como Pablo Picasso"}]},{"@type":"WebSite","@id":"https:\/\/lojasosprofessoratividades.com.br\/#website","url":"https:\/\/lojasosprofessoratividades.com.br\/","name":"Loja SOS Professor Atividades","description":"Venda de material did\u00e1tico para o ensino fundamental","publisher":{"@id":"https:\/\/lojasosprofessoratividades.com.br\/#organization"},"potentialAction":[{"@type":"SearchAction","target":{"@type":"EntryPoint","urlTemplate":"https:\/\/lojasosprofessoratividades.com.br\/?s={search_term_string}"},"query-input":{"@type":"PropertyValueSpecification","valueRequired":true,"valueName":"search_term_string"}}],"inLanguage":"en-US"},{"@type":"Organization","@id":"https:\/\/lojasosprofessoratividades.com.br\/#organization","name":"Loja SOS Professor Atividades","url":"https:\/\/lojasosprofessoratividades.com.br\/","logo":{"@type":"ImageObject","inLanguage":"en-US","@id":"https:\/\/lojasosprofessoratividades.com.br\/#\/schema\/logo\/image\/","url":"http:\/\/lojasosprofessoratividades.com.br\/wp-content\/uploads\/2022\/04\/Logo.png","contentUrl":"http:\/\/lojasosprofessoratividades.com.br\/wp-content\/uploads\/2022\/04\/Logo.png","width":2000,"height":2000,"caption":"Loja SOS Professor Atividades"},"image":{"@id":"https:\/\/lojasosprofessoratividades.com.br\/#\/schema\/logo\/image\/"},"sameAs":["https:\/\/www.facebook.com\/sosprofessoratividades","https:\/\/www.instagram.com\/sosprofessoratividades\/"]}]}},"_links":{"self":[{"href":"https:\/\/lojasosprofessoratividades.com.br\/en\/wp-json\/wp\/v2\/product\/27862","targetHints":{"allow":["GET"]}}],"collection":[{"href":"https:\/\/lojasosprofessoratividades.com.br\/en\/wp-json\/wp\/v2\/product"}],"about":[{"href":"https:\/\/lojasosprofessoratividades.com.br\/en\/wp-json\/wp\/v2\/types\/product"}],"replies":[{"embeddable":true,"href":"https:\/\/lojasosprofessoratividades.com.br\/en\/wp-json\/wp\/v2\/comments?post=27862"}],"wp:featuredmedia":[{"embeddable":true,"href":"https:\/\/lojasosprofessoratividades.com.br\/en\/wp-json\/wp\/v2\/media\/27868"}],"wp:attachment":[{"href":"https:\/\/lojasosprofessoratividades.com.br\/en\/wp-json\/wp\/v2\/media?parent=27862"}],"wp:term":[{"taxonomy":"product_brand","embeddable":true,"href":"https:\/\/lojasosprofessoratividades.com.br\/en\/wp-json\/wp\/v2\/product_brand?post=27862"},{"taxonomy":"product_cat","embeddable":true,"href":"https:\/\/lojasosprofessoratividades.com.br\/en\/wp-json\/wp\/v2\/product_cat?post=27862"},{"taxonomy":"product_tag","embeddable":true,"href":"https:\/\/lojasosprofessoratividades.com.br\/en\/wp-json\/wp\/v2\/product_tag?post=27862"}],"curies":[{"name":"wp","href":"https:\/\/api.w.org\/{rel}","templated":true}]}}