{"id":28013,"date":"2023-10-05T23:56:06","date_gmt":"2023-10-06T02:56:06","guid":{"rendered":"https:\/\/lojasosprofessoratividades.com.br\/?post_type=product&#038;p=28013"},"modified":"2026-05-08T16:38:42","modified_gmt":"2026-05-08T19:38:42","slug":"cartazes-de-angulos","status":"publish","type":"product","link":"https:\/\/lojasosprofessoratividades.com.br\/en\/product\/cartazes-de-angulos\/","title":{"rendered":"Cartazes de \u00e2ngulos"},"content":{"rendered":"","protected":false},"excerpt":{"rendered":"<p>Cartazes de \u00c2ngulos &#8211; uma ferramenta educacional excepcional para tornar o aprendizado dos conceitos de \u00e2ngulos f\u00e1cil e divertido para seus alunos.<\/p>\n<p>S\u00e3o tr\u00eas op\u00e7\u00f5es de cartazes: ampliado em 6 folhas A4 com todos os \u00e2ngulos, no tamanho A4 para voc\u00ea ampliar e os \u00e2ngulos separados em fichas.<\/p>\n<p>\ud83d\udcda O arquivo inclui cartazes de alta qualidade que abrangem 5 tipos de \u00e2ngulos essenciais:<\/p>\n<p>1\ufe0f\u20e3 \u00c2ngulo Reto<\/p>\n<p>2\ufe0f\u20e3 \u00c2ngulo Agudo<\/p>\n<p>3\ufe0f\u20e3 \u00c2ngulo Obtuso<\/p>\n<p>4\ufe0f\u20e3 \u00c2ngulo Raso<\/p>\n<p>5\ufe0f\u20e3 \u00c2ngulo Completo<\/p>\n<p>\ud83c\udfaf O que oferecemos:<\/p>\n<p>\u2705 Ilustra\u00e7\u00f5es claras e vibrantes para cada tipo de \u00e2ngulo.<\/p>\n<p>\u2705 Exemplos pr\u00e1ticos e simples para facilitar a compreens\u00e3o.<\/p>\n<p>\u2705 Descri\u00e7\u00f5es concisas que auxiliam os alunos a memorizar os conceitos.<\/p>\n<p>\ud83c\udfeb Como isso beneficia suas aulas:<\/p>\n<p>\ud83e\udde0 Estimula o aprendizado visual.<\/p>\n<p>\ud83e\udd1d Facilita a compreens\u00e3o e reten\u00e7\u00e3o dos conceitos de \u00e2ngulos.<\/p>\n<p>\ud83c\udf1f Torna suas aulas mais interativas e envolventes.<\/p>\n<p><em><strong>N\u00e3o<\/strong><\/em> edit\u00e1vel.<\/p>\n<h3>N\u00e3o enviamos por e-mail, a entrega \u00e9 via link para download.\u00a0<img decoding=\"async\" class=\"emoji\" role=\"img\" draggable=\"false\" src=\"https:\/\/s.w.org\/images\/core\/emoji\/16.0.1\/svg\/1f447.svg\" alt=\"\ud83d\udc47\" \/><\/h3>\n<p><img loading=\"lazy\" decoding=\"async\" class=\"alignnone wp-image-35707 size-full\" src=\"https:\/\/lojasosprofessoratividades.com.br\/wp-content\/uploads\/2023\/09\/Aviso-Loja-atual.jpg\" alt=\"\" width=\"446\" height=\"251\" srcset=\"https:\/\/lojasosprofessoratividades.com.br\/wp-content\/uploads\/2023\/09\/Aviso-Loja-atual.jpg 446w, https:\/\/lojasosprofessoratividades.com.br\/wp-content\/uploads\/2023\/09\/Aviso-Loja-atual-300x169.jpg 300w, https:\/\/lojasosprofessoratividades.com.br\/wp-content\/uploads\/2023\/09\/Aviso-Loja-atual-18x10.jpg 18w\" sizes=\"auto, (max-width: 446px) 100vw, 446px\" \/><\/p>\n<p>&nbsp;<\/p>","protected":false},"featured_media":28015,"comment_status":"open","ping_status":"closed","template":"","meta":[],"product_brand":[],"product_cat":[127,205,217],"product_tag":[2997,248,300,884,2989,2484,826,2960,2926,2987,840,950,2990,2950,2748,245,3000,2996,2994,2995,299,2993,1815,550,643,2999,2992,228,2991,1349,2998,2988],"class_list":{"0":"post-28013","1":"product","2":"type-product","3":"status-publish","4":"has-post-thumbnail","6":"product_cat-5o-ano","7":"product_cat-matematica-5-ano","8":"product_cat-recursos-didaticos-5-ano","9":"product_tag-5-tipos-de-angulos","10":"product_tag-5o-ano","11":"product_tag-angulos","12":"product_tag-aprendizado-divertido","13":"product_tag-aprendizado-visual","14":"product_tag-arquivo-nao-editavel","15":"product_tag-atividade-educativa","16":"product_tag-aulas-dinamicas","17":"product_tag-aulas-interativas","18":"product_tag-cartazes-de-angulos","19":"product_tag-cartazes-educativos","20":"product_tag-educacao-fundamental","21":"product_tag-educacao-matematica","22":"product_tag-ensino-de-geometria","23":"product_tag-ensino-de-matematica","24":"product_tag-ensino-fundamental","25":"product_tag-ensino-pratico","26":"product_tag-ensino-visual","27":"product_tag-estudo-de-angulos","28":"product_tag-exercicios-de-geometria","29":"product_tag-geometria","30":"product_tag-geometria-facil","31":"product_tag-material-de-apoio","32":"product_tag-material-didatico","33":"product_tag-material-pedagogico","34":"product_tag-professores-criativos","35":"product_tag-professores-do-fundamental","36":"product_tag-recurso-didatico","37":"product_tag-recurso-escolar","38":"product_tag-reforco-escolar","39":"product_tag-sala-de-aula-interativa","40":"product_tag-tipos-de-angulo","42":"first","43":"instock","44":"downloadable","45":"virtual","46":"sold-individually","47":"purchasable","48":"product-type-simple"},"yoast_head":"<!-- This site is optimized with the Yoast SEO plugin v27.5 - https:\/\/yoast.com\/product\/yoast-seo-wordpress\/ -->\n<title>Cartazes de \u00e2ngulos - Loja SOS Professor Atividades<\/title>\n<meta name=\"description\" content=\"Aprenda \u00e2ngulos de forma divertida! Cartazes educativos com ilustra\u00e7\u00f5es e exemplos claros para aulas interativas e envolventes. Arquivo n\u00e3o edit\u00e1vel.\" \/>\n<meta name=\"robots\" content=\"index, follow, max-snippet:-1, max-image-preview:large, max-video-preview:-1\" \/>\n<link rel=\"canonical\" href=\"https:\/\/lojasosprofessoratividades.com.br\/en\/product\/cartazes-de-angulos\/\" \/>\n<meta property=\"og:locale\" content=\"en_US\" \/>\n<meta property=\"og:type\" content=\"article\" \/>\n<meta property=\"og:title\" content=\"Cartazes de \u00e2ngulos - Loja SOS Professor Atividades\" \/>\n<meta property=\"og:description\" content=\"Aprenda \u00e2ngulos de forma divertida! Cartazes educativos com ilustra\u00e7\u00f5es e exemplos claros para aulas interativas e envolventes. Arquivo n\u00e3o edit\u00e1vel.\" \/>\n<meta property=\"og:url\" content=\"https:\/\/lojasosprofessoratividades.com.br\/en\/product\/cartazes-de-angulos\/\" \/>\n<meta property=\"og:site_name\" content=\"Loja SOS Professor Atividades\" \/>\n<meta property=\"article:publisher\" content=\"https:\/\/www.facebook.com\/sosprofessoratividades\" \/>\n<meta property=\"article:modified_time\" content=\"2026-05-08T19:38:42+00:00\" \/>\n<meta property=\"og:image\" content=\"https:\/\/lojasosprofessoratividades.com.br\/wp-content\/uploads\/2023\/10\/1-3.jpg\" \/>\n\t<meta property=\"og:image:width\" content=\"800\" \/>\n\t<meta property=\"og:image:height\" content=\"693\" \/>\n\t<meta property=\"og:image:type\" content=\"image\/jpeg\" \/>\n<meta name=\"twitter:card\" content=\"summary_large_image\" \/>\n<meta name=\"twitter:label1\" content=\"Est. reading time\" \/>\n\t<meta name=\"twitter:data1\" content=\"1 minute\" \/>\n<script type=\"application\/ld+json\" class=\"yoast-schema-graph\">{\"@context\":\"https:\\\/\\\/schema.org\",\"@graph\":[{\"@type\":\"WebPage\",\"@id\":\"https:\\\/\\\/lojasosprofessoratividades.com.br\\\/produto\\\/cartazes-de-angulos\\\/\",\"url\":\"https:\\\/\\\/lojasosprofessoratividades.com.br\\\/produto\\\/cartazes-de-angulos\\\/\",\"name\":\"Cartazes de \u00e2ngulos - Loja SOS Professor Atividades\",\"isPartOf\":{\"@id\":\"https:\\\/\\\/lojasosprofessoratividades.com.br\\\/#website\"},\"primaryImageOfPage\":{\"@id\":\"https:\\\/\\\/lojasosprofessoratividades.com.br\\\/produto\\\/cartazes-de-angulos\\\/#primaryimage\"},\"image\":{\"@id\":\"https:\\\/\\\/lojasosprofessoratividades.com.br\\\/produto\\\/cartazes-de-angulos\\\/#primaryimage\"},\"thumbnailUrl\":\"https:\\\/\\\/lojasosprofessoratividades.com.br\\\/wp-content\\\/uploads\\\/2023\\\/10\\\/1-3.jpg\",\"datePublished\":\"2023-10-06T02:56:06+00:00\",\"dateModified\":\"2026-05-08T19:38:42+00:00\",\"description\":\"Aprenda \u00e2ngulos de forma divertida! Cartazes educativos com ilustra\u00e7\u00f5es e exemplos claros para aulas interativas e envolventes. Arquivo n\u00e3o edit\u00e1vel.\",\"breadcrumb\":{\"@id\":\"https:\\\/\\\/lojasosprofessoratividades.com.br\\\/produto\\\/cartazes-de-angulos\\\/#breadcrumb\"},\"inLanguage\":\"en-US\",\"potentialAction\":[{\"@type\":\"ReadAction\",\"target\":[\"https:\\\/\\\/lojasosprofessoratividades.com.br\\\/produto\\\/cartazes-de-angulos\\\/\"]}]},{\"@type\":\"ImageObject\",\"inLanguage\":\"en-US\",\"@id\":\"https:\\\/\\\/lojasosprofessoratividades.com.br\\\/produto\\\/cartazes-de-angulos\\\/#primaryimage\",\"url\":\"https:\\\/\\\/lojasosprofessoratividades.com.br\\\/wp-content\\\/uploads\\\/2023\\\/10\\\/1-3.jpg\",\"contentUrl\":\"https:\\\/\\\/lojasosprofessoratividades.com.br\\\/wp-content\\\/uploads\\\/2023\\\/10\\\/1-3.jpg\",\"width\":800,\"height\":693,\"caption\":\"cartazes de \u00e2ngulos\"},{\"@type\":\"BreadcrumbList\",\"@id\":\"https:\\\/\\\/lojasosprofessoratividades.com.br\\\/produto\\\/cartazes-de-angulos\\\/#breadcrumb\",\"itemListElement\":[{\"@type\":\"ListItem\",\"position\":1,\"name\":\"In\u00edcio\",\"item\":\"https:\\\/\\\/lojasosprofessoratividades.com.br\\\/\"},{\"@type\":\"ListItem\",\"position\":2,\"name\":\"Loja\",\"item\":\"https:\\\/\\\/lojasosprofessoratividades.com.br\\\/loja\\\/\"},{\"@type\":\"ListItem\",\"position\":3,\"name\":\"Cartazes de \u00e2ngulos\"}]},{\"@type\":\"WebSite\",\"@id\":\"https:\\\/\\\/lojasosprofessoratividades.com.br\\\/#website\",\"url\":\"https:\\\/\\\/lojasosprofessoratividades.com.br\\\/\",\"name\":\"Loja SOS Professor Atividades\",\"description\":\"Venda de material did\u00e1tico para o ensino fundamental\",\"publisher\":{\"@id\":\"https:\\\/\\\/lojasosprofessoratividades.com.br\\\/#organization\"},\"potentialAction\":[{\"@type\":\"SearchAction\",\"target\":{\"@type\":\"EntryPoint\",\"urlTemplate\":\"https:\\\/\\\/lojasosprofessoratividades.com.br\\\/?s={search_term_string}\"},\"query-input\":{\"@type\":\"PropertyValueSpecification\",\"valueRequired\":true,\"valueName\":\"search_term_string\"}}],\"inLanguage\":\"en-US\"},{\"@type\":\"Organization\",\"@id\":\"https:\\\/\\\/lojasosprofessoratividades.com.br\\\/#organization\",\"name\":\"Loja SOS Professor Atividades\",\"url\":\"https:\\\/\\\/lojasosprofessoratividades.com.br\\\/\",\"logo\":{\"@type\":\"ImageObject\",\"inLanguage\":\"en-US\",\"@id\":\"https:\\\/\\\/lojasosprofessoratividades.com.br\\\/#\\\/schema\\\/logo\\\/image\\\/\",\"url\":\"http:\\\/\\\/lojasosprofessoratividades.com.br\\\/wp-content\\\/uploads\\\/2022\\\/04\\\/Logo.png\",\"contentUrl\":\"http:\\\/\\\/lojasosprofessoratividades.com.br\\\/wp-content\\\/uploads\\\/2022\\\/04\\\/Logo.png\",\"width\":2000,\"height\":2000,\"caption\":\"Loja SOS Professor Atividades\"},\"image\":{\"@id\":\"https:\\\/\\\/lojasosprofessoratividades.com.br\\\/#\\\/schema\\\/logo\\\/image\\\/\"},\"sameAs\":[\"https:\\\/\\\/www.facebook.com\\\/sosprofessoratividades\",\"https:\\\/\\\/www.instagram.com\\\/sosprofessoratividades\\\/\"]}]}<\/script>\n<!-- \/ Yoast SEO plugin. -->","yoast_head_json":{"title":"Cartazes de \u00e2ngulos - Loja SOS Professor Atividades","description":"Aprenda \u00e2ngulos de forma divertida! Cartazes educativos com ilustra\u00e7\u00f5es e exemplos claros para aulas interativas e envolventes. Arquivo n\u00e3o edit\u00e1vel.","robots":{"index":"index","follow":"follow","max-snippet":"max-snippet:-1","max-image-preview":"max-image-preview:large","max-video-preview":"max-video-preview:-1"},"canonical":"https:\/\/lojasosprofessoratividades.com.br\/en\/product\/cartazes-de-angulos\/","og_locale":"en_US","og_type":"article","og_title":"Cartazes de \u00e2ngulos - Loja SOS Professor Atividades","og_description":"Aprenda \u00e2ngulos de forma divertida! Cartazes educativos com ilustra\u00e7\u00f5es e exemplos claros para aulas interativas e envolventes. Arquivo n\u00e3o edit\u00e1vel.","og_url":"https:\/\/lojasosprofessoratividades.com.br\/en\/product\/cartazes-de-angulos\/","og_site_name":"Loja SOS Professor Atividades","article_publisher":"https:\/\/www.facebook.com\/sosprofessoratividades","article_modified_time":"2026-05-08T19:38:42+00:00","og_image":[{"width":800,"height":693,"url":"https:\/\/lojasosprofessoratividades.com.br\/wp-content\/uploads\/2023\/10\/1-3.jpg","type":"image\/jpeg"}],"twitter_card":"summary_large_image","twitter_misc":{"Est. reading time":"1 minute"},"schema":{"@context":"https:\/\/schema.org","@graph":[{"@type":"WebPage","@id":"https:\/\/lojasosprofessoratividades.com.br\/produto\/cartazes-de-angulos\/","url":"https:\/\/lojasosprofessoratividades.com.br\/produto\/cartazes-de-angulos\/","name":"Cartazes de \u00e2ngulos - Loja SOS Professor Atividades","isPartOf":{"@id":"https:\/\/lojasosprofessoratividades.com.br\/#website"},"primaryImageOfPage":{"@id":"https:\/\/lojasosprofessoratividades.com.br\/produto\/cartazes-de-angulos\/#primaryimage"},"image":{"@id":"https:\/\/lojasosprofessoratividades.com.br\/produto\/cartazes-de-angulos\/#primaryimage"},"thumbnailUrl":"https:\/\/lojasosprofessoratividades.com.br\/wp-content\/uploads\/2023\/10\/1-3.jpg","datePublished":"2023-10-06T02:56:06+00:00","dateModified":"2026-05-08T19:38:42+00:00","description":"Aprenda \u00e2ngulos de forma divertida! Cartazes educativos com ilustra\u00e7\u00f5es e exemplos claros para aulas interativas e envolventes. Arquivo n\u00e3o edit\u00e1vel.","breadcrumb":{"@id":"https:\/\/lojasosprofessoratividades.com.br\/produto\/cartazes-de-angulos\/#breadcrumb"},"inLanguage":"en-US","potentialAction":[{"@type":"ReadAction","target":["https:\/\/lojasosprofessoratividades.com.br\/produto\/cartazes-de-angulos\/"]}]},{"@type":"ImageObject","inLanguage":"en-US","@id":"https:\/\/lojasosprofessoratividades.com.br\/produto\/cartazes-de-angulos\/#primaryimage","url":"https:\/\/lojasosprofessoratividades.com.br\/wp-content\/uploads\/2023\/10\/1-3.jpg","contentUrl":"https:\/\/lojasosprofessoratividades.com.br\/wp-content\/uploads\/2023\/10\/1-3.jpg","width":800,"height":693,"caption":"cartazes de \u00e2ngulos"},{"@type":"BreadcrumbList","@id":"https:\/\/lojasosprofessoratividades.com.br\/produto\/cartazes-de-angulos\/#breadcrumb","itemListElement":[{"@type":"ListItem","position":1,"name":"In\u00edcio","item":"https:\/\/lojasosprofessoratividades.com.br\/"},{"@type":"ListItem","position":2,"name":"Loja","item":"https:\/\/lojasosprofessoratividades.com.br\/loja\/"},{"@type":"ListItem","position":3,"name":"Cartazes de \u00e2ngulos"}]},{"@type":"WebSite","@id":"https:\/\/lojasosprofessoratividades.com.br\/#website","url":"https:\/\/lojasosprofessoratividades.com.br\/","name":"Loja SOS Professor Atividades","description":"Venda de material did\u00e1tico para o ensino fundamental","publisher":{"@id":"https:\/\/lojasosprofessoratividades.com.br\/#organization"},"potentialAction":[{"@type":"SearchAction","target":{"@type":"EntryPoint","urlTemplate":"https:\/\/lojasosprofessoratividades.com.br\/?s={search_term_string}"},"query-input":{"@type":"PropertyValueSpecification","valueRequired":true,"valueName":"search_term_string"}}],"inLanguage":"en-US"},{"@type":"Organization","@id":"https:\/\/lojasosprofessoratividades.com.br\/#organization","name":"Loja SOS Professor Atividades","url":"https:\/\/lojasosprofessoratividades.com.br\/","logo":{"@type":"ImageObject","inLanguage":"en-US","@id":"https:\/\/lojasosprofessoratividades.com.br\/#\/schema\/logo\/image\/","url":"http:\/\/lojasosprofessoratividades.com.br\/wp-content\/uploads\/2022\/04\/Logo.png","contentUrl":"http:\/\/lojasosprofessoratividades.com.br\/wp-content\/uploads\/2022\/04\/Logo.png","width":2000,"height":2000,"caption":"Loja SOS Professor Atividades"},"image":{"@id":"https:\/\/lojasosprofessoratividades.com.br\/#\/schema\/logo\/image\/"},"sameAs":["https:\/\/www.facebook.com\/sosprofessoratividades","https:\/\/www.instagram.com\/sosprofessoratividades\/"]}]}},"_links":{"self":[{"href":"https:\/\/lojasosprofessoratividades.com.br\/en\/wp-json\/wp\/v2\/product\/28013","targetHints":{"allow":["GET"]}}],"collection":[{"href":"https:\/\/lojasosprofessoratividades.com.br\/en\/wp-json\/wp\/v2\/product"}],"about":[{"href":"https:\/\/lojasosprofessoratividades.com.br\/en\/wp-json\/wp\/v2\/types\/product"}],"replies":[{"embeddable":true,"href":"https:\/\/lojasosprofessoratividades.com.br\/en\/wp-json\/wp\/v2\/comments?post=28013"}],"wp:featuredmedia":[{"embeddable":true,"href":"https:\/\/lojasosprofessoratividades.com.br\/en\/wp-json\/wp\/v2\/media\/28015"}],"wp:attachment":[{"href":"https:\/\/lojasosprofessoratividades.com.br\/en\/wp-json\/wp\/v2\/media?parent=28013"}],"wp:term":[{"taxonomy":"product_brand","embeddable":true,"href":"https:\/\/lojasosprofessoratividades.com.br\/en\/wp-json\/wp\/v2\/product_brand?post=28013"},{"taxonomy":"product_cat","embeddable":true,"href":"https:\/\/lojasosprofessoratividades.com.br\/en\/wp-json\/wp\/v2\/product_cat?post=28013"},{"taxonomy":"product_tag","embeddable":true,"href":"https:\/\/lojasosprofessoratividades.com.br\/en\/wp-json\/wp\/v2\/product_tag?post=28013"}],"curies":[{"name":"wp","href":"https:\/\/api.w.org\/{rel}","templated":true}]}}