{"id":28025,"date":"2023-10-06T14:35:57","date_gmt":"2023-10-06T17:35:57","guid":{"rendered":"https:\/\/lojasosprofessoratividades.com.br\/?post_type=product&#038;p=28025"},"modified":"2026-05-08T16:40:07","modified_gmt":"2026-05-08T19:40:07","slug":"o-halloween-do-vampiro-vladi-e-seus-amigos","status":"publish","type":"product","link":"https:\/\/lojasosprofessoratividades.com.br\/en\/product\/o-halloween-do-vampiro-vladi-e-seus-amigos\/","title":{"rendered":"O Halloween do vampiro Vladi e seus amigos"},"content":{"rendered":"","protected":false},"excerpt":{"rendered":"<p>&#8220;O Halloween do Vampiro Vladi e seus Amigos&#8221;. Este arquivo \u00e9 uma valiosa adi\u00e7\u00e3o ao seu arsenal de ensino, projetado para envolver os alunos de maneira divertida e educativa durante a temporada de Halloween.<\/p>\n<p>O arquivo inclui:<\/p>\n<ol>\n<li><strong>Texto com Interpreta\u00e7\u00e3o:<\/strong> Um conto cativante que mergulha os alunos em uma aventura de Halloween com Vampiro Vladi e seus amigos. O texto \u00e9 acompanhado de perguntas de interpreta\u00e7\u00e3o que estimulam a compreens\u00e3o e an\u00e1lise.<\/li>\n<li><strong>Revis\u00e3o Gramatical:<\/strong> Atividades de revis\u00e3o que abordam verbos, adjetivos e pronomes, ajudando os alunos a aprimorar suas habilidades de escrita e gram\u00e1tica.<\/li>\n<li><strong>Conceito e Atividade com Onomatopeias:<\/strong> Uma introdu\u00e7\u00e3o \u00e0 figura de linguagem das onomatopeias, seguida de uma atividade pr\u00e1tica que desafia os alunos a identificar e criar onomatopeias relacionadas ao texto.<\/li>\n<li><strong>Produ\u00e7\u00e3o Textual:<\/strong> Um espa\u00e7o dedicado \u00e0 produ\u00e7\u00e3o textual, onde os alunos podem criar suas pr\u00f3prias hist\u00f3rias.<\/li>\n<li><strong>Artes &#8211; Fantoche e Balan\u00e7o Tem\u00e1ticos:<\/strong> cria\u00e7\u00e3o de fantoche do personagem Vladi e um balan\u00e7o (vai e vem) tem\u00e1tico de Halloween, permitindo que os alunos participem de atividades criativas e decorativas.<\/li>\n<li><em><strong>N\u00e3o<\/strong><\/em> edit\u00e1vel.<\/li>\n<\/ol>\n<h3>N\u00e3o enviamos por e-mail, a entrega \u00e9 via link para download. \ud83d\udc47<\/h3>\n<p><img loading=\"lazy\" decoding=\"async\" class=\"alignnone wp-image-31375 size-full\" src=\"https:\/\/lojasosprofessoratividades.com.br\/wp-content\/uploads\/2024\/08\/Aviso-Loja.jpg\" alt=\"\" width=\"446\" height=\"251\" srcset=\"https:\/\/lojasosprofessoratividades.com.br\/wp-content\/uploads\/2024\/08\/Aviso-Loja.jpg 446w, https:\/\/lojasosprofessoratividades.com.br\/wp-content\/uploads\/2024\/08\/Aviso-Loja-300x169.jpg 300w, https:\/\/lojasosprofessoratividades.com.br\/wp-content\/uploads\/2024\/08\/Aviso-Loja-18x10.jpg 18w\" sizes=\"auto, (max-width: 446px) 100vw, 446px\" \/><\/p>","protected":false},"featured_media":28027,"comment_status":"open","ping_status":"closed","template":"","meta":[],"product_brand":[],"product_cat":[125,127,199,191,204,195],"product_tag":[307,1660,921,805,554,1665,1662,1668,245,1659,1664,1667,317,315,1656,645,250,316,1657,1663,338,1666,1658,1661],"class_list":{"0":"post-28025","1":"product","2":"type-product","3":"status-publish","4":"has-post-thumbnail","6":"product_cat-4o-ano","7":"product_cat-5o-ano","8":"product_cat-atividades-interativas-5-anos","9":"product_cat-atividades-interativas-4-ano","10":"product_cat-portugues-5-anos","11":"product_cat-portugues-4-ano","12":"product_tag-artes","13":"product_tag-artes-tematicas","14":"product_tag-atividades-criativas","15":"product_tag-atividades-de-halloween","16":"product_tag-atividades-ludicas","17":"product_tag-atividades-para-outubro","18":"product_tag-conto-infantil-halloween","19":"product_tag-contos-para-sala-de-aula","20":"product_tag-ensino-fundamental","21":"product_tag-fantoche-de-halloween","22":"product_tag-figuras-de-linguagem","23":"product_tag-gramatica-com-diversao","24":"product_tag-gramattica","25":"product_tag-halloween","26":"product_tag-halloween-educativo","27":"product_tag-halloween-na-escola","28":"product_tag-interpretacao-de-texto","29":"product_tag-onomatopeia","30":"product_tag-onomatopeias","31":"product_tag-portugues-divertido","32":"product_tag-producao-textual","33":"product_tag-recursos-pedagogicos-halloween","34":"product_tag-revisao-gramatical","35":"product_tag-vampiro-vladi","37":"first","38":"instock","39":"downloadable","40":"virtual","41":"sold-individually","42":"purchasable","43":"product-type-simple"},"yoast_head":"<!-- This site is optimized with the Yoast SEO plugin v27.6 - https:\/\/yoast.com\/product\/yoast-seo-wordpress\/ -->\n<title>O Halloween do vampiro Vladi e seus amigos - Loja SOS Professor Atividades<\/title>\n<meta name=\"description\" content=\"Atividades divertidas de Halloween com texto, gram\u00e1tica, onomatopeias, produ\u00e7\u00e3o textual e artes. Aprendizagem l\u00fadica com o vampiro Vladi!\" \/>\n<meta name=\"robots\" content=\"index, follow, max-snippet:-1, max-image-preview:large, max-video-preview:-1\" \/>\n<link rel=\"canonical\" href=\"https:\/\/lojasosprofessoratividades.com.br\/en\/product\/o-halloween-do-vampiro-vladi-e-seus-amigos\/\" \/>\n<meta property=\"og:locale\" content=\"en_US\" \/>\n<meta property=\"og:type\" content=\"article\" \/>\n<meta property=\"og:title\" content=\"O Halloween do vampiro Vladi e seus amigos - Loja SOS Professor Atividades\" \/>\n<meta property=\"og:description\" content=\"Atividades divertidas de Halloween com texto, gram\u00e1tica, onomatopeias, produ\u00e7\u00e3o textual e artes. Aprendizagem l\u00fadica com o vampiro Vladi!\" \/>\n<meta property=\"og:url\" content=\"https:\/\/lojasosprofessoratividades.com.br\/en\/product\/o-halloween-do-vampiro-vladi-e-seus-amigos\/\" \/>\n<meta property=\"og:site_name\" content=\"Loja SOS Professor Atividades\" \/>\n<meta property=\"article:publisher\" content=\"https:\/\/www.facebook.com\/sosprofessoratividades\" \/>\n<meta property=\"article:modified_time\" content=\"2026-05-08T19:40:07+00:00\" \/>\n<meta property=\"og:image\" content=\"https:\/\/lojasosprofessoratividades.com.br\/wp-content\/uploads\/2023\/10\/1-4.jpg\" \/>\n\t<meta property=\"og:image:width\" content=\"800\" \/>\n\t<meta property=\"og:image:height\" content=\"693\" \/>\n\t<meta property=\"og:image:type\" content=\"image\/jpeg\" \/>\n<meta name=\"twitter:card\" content=\"summary_large_image\" \/>\n<meta name=\"twitter:label1\" content=\"Est. reading time\" \/>\n\t<meta name=\"twitter:data1\" content=\"1 minute\" \/>\n<script type=\"application\/ld+json\" class=\"yoast-schema-graph\">{\"@context\":\"https:\\\/\\\/schema.org\",\"@graph\":[{\"@type\":\"WebPage\",\"@id\":\"https:\\\/\\\/lojasosprofessoratividades.com.br\\\/produto\\\/o-halloween-do-vampiro-vladi-e-seus-amigos\\\/\",\"url\":\"https:\\\/\\\/lojasosprofessoratividades.com.br\\\/produto\\\/o-halloween-do-vampiro-vladi-e-seus-amigos\\\/\",\"name\":\"O Halloween do vampiro Vladi e seus amigos - Loja SOS Professor Atividades\",\"isPartOf\":{\"@id\":\"https:\\\/\\\/lojasosprofessoratividades.com.br\\\/#website\"},\"primaryImageOfPage\":{\"@id\":\"https:\\\/\\\/lojasosprofessoratividades.com.br\\\/produto\\\/o-halloween-do-vampiro-vladi-e-seus-amigos\\\/#primaryimage\"},\"image\":{\"@id\":\"https:\\\/\\\/lojasosprofessoratividades.com.br\\\/produto\\\/o-halloween-do-vampiro-vladi-e-seus-amigos\\\/#primaryimage\"},\"thumbnailUrl\":\"https:\\\/\\\/lojasosprofessoratividades.com.br\\\/wp-content\\\/uploads\\\/2023\\\/10\\\/1-4.jpg\",\"datePublished\":\"2023-10-06T17:35:57+00:00\",\"dateModified\":\"2026-05-08T19:40:07+00:00\",\"description\":\"Atividades divertidas de Halloween com texto, gram\u00e1tica, onomatopeias, produ\u00e7\u00e3o textual e artes. Aprendizagem l\u00fadica com o vampiro Vladi!\",\"breadcrumb\":{\"@id\":\"https:\\\/\\\/lojasosprofessoratividades.com.br\\\/produto\\\/o-halloween-do-vampiro-vladi-e-seus-amigos\\\/#breadcrumb\"},\"inLanguage\":\"en-US\",\"potentialAction\":[{\"@type\":\"ReadAction\",\"target\":[\"https:\\\/\\\/lojasosprofessoratividades.com.br\\\/produto\\\/o-halloween-do-vampiro-vladi-e-seus-amigos\\\/\"]}]},{\"@type\":\"ImageObject\",\"inLanguage\":\"en-US\",\"@id\":\"https:\\\/\\\/lojasosprofessoratividades.com.br\\\/produto\\\/o-halloween-do-vampiro-vladi-e-seus-amigos\\\/#primaryimage\",\"url\":\"https:\\\/\\\/lojasosprofessoratividades.com.br\\\/wp-content\\\/uploads\\\/2023\\\/10\\\/1-4.jpg\",\"contentUrl\":\"https:\\\/\\\/lojasosprofessoratividades.com.br\\\/wp-content\\\/uploads\\\/2023\\\/10\\\/1-4.jpg\",\"width\":800,\"height\":693,\"caption\":\"Halloween vampiro Vladi\"},{\"@type\":\"BreadcrumbList\",\"@id\":\"https:\\\/\\\/lojasosprofessoratividades.com.br\\\/produto\\\/o-halloween-do-vampiro-vladi-e-seus-amigos\\\/#breadcrumb\",\"itemListElement\":[{\"@type\":\"ListItem\",\"position\":1,\"name\":\"In\u00edcio\",\"item\":\"https:\\\/\\\/lojasosprofessoratividades.com.br\\\/\"},{\"@type\":\"ListItem\",\"position\":2,\"name\":\"Loja\",\"item\":\"https:\\\/\\\/lojasosprofessoratividades.com.br\\\/loja\\\/\"},{\"@type\":\"ListItem\",\"position\":3,\"name\":\"O Halloween do vampiro Vladi e seus amigos\"}]},{\"@type\":\"WebSite\",\"@id\":\"https:\\\/\\\/lojasosprofessoratividades.com.br\\\/#website\",\"url\":\"https:\\\/\\\/lojasosprofessoratividades.com.br\\\/\",\"name\":\"Loja SOS Professor Atividades\",\"description\":\"Venda de material did\u00e1tico para o ensino fundamental\",\"publisher\":{\"@id\":\"https:\\\/\\\/lojasosprofessoratividades.com.br\\\/#organization\"},\"potentialAction\":[{\"@type\":\"SearchAction\",\"target\":{\"@type\":\"EntryPoint\",\"urlTemplate\":\"https:\\\/\\\/lojasosprofessoratividades.com.br\\\/?s={search_term_string}\"},\"query-input\":{\"@type\":\"PropertyValueSpecification\",\"valueRequired\":true,\"valueName\":\"search_term_string\"}}],\"inLanguage\":\"en-US\"},{\"@type\":\"Organization\",\"@id\":\"https:\\\/\\\/lojasosprofessoratividades.com.br\\\/#organization\",\"name\":\"Loja SOS Professor Atividades\",\"url\":\"https:\\\/\\\/lojasosprofessoratividades.com.br\\\/\",\"logo\":{\"@type\":\"ImageObject\",\"inLanguage\":\"en-US\",\"@id\":\"https:\\\/\\\/lojasosprofessoratividades.com.br\\\/#\\\/schema\\\/logo\\\/image\\\/\",\"url\":\"http:\\\/\\\/lojasosprofessoratividades.com.br\\\/wp-content\\\/uploads\\\/2022\\\/04\\\/Logo.png\",\"contentUrl\":\"http:\\\/\\\/lojasosprofessoratividades.com.br\\\/wp-content\\\/uploads\\\/2022\\\/04\\\/Logo.png\",\"width\":2000,\"height\":2000,\"caption\":\"Loja SOS Professor Atividades\"},\"image\":{\"@id\":\"https:\\\/\\\/lojasosprofessoratividades.com.br\\\/#\\\/schema\\\/logo\\\/image\\\/\"},\"sameAs\":[\"https:\\\/\\\/www.facebook.com\\\/sosprofessoratividades\",\"https:\\\/\\\/www.instagram.com\\\/sosprofessoratividades\\\/\"]}]}<\/script>\n<!-- \/ Yoast SEO plugin. -->","yoast_head_json":{"title":"O Halloween do vampiro Vladi e seus amigos - Loja SOS Professor Atividades","description":"Atividades divertidas de Halloween com texto, gram\u00e1tica, onomatopeias, produ\u00e7\u00e3o textual e artes. Aprendizagem l\u00fadica com o vampiro Vladi!","robots":{"index":"index","follow":"follow","max-snippet":"max-snippet:-1","max-image-preview":"max-image-preview:large","max-video-preview":"max-video-preview:-1"},"canonical":"https:\/\/lojasosprofessoratividades.com.br\/en\/product\/o-halloween-do-vampiro-vladi-e-seus-amigos\/","og_locale":"en_US","og_type":"article","og_title":"O Halloween do vampiro Vladi e seus amigos - Loja SOS Professor Atividades","og_description":"Atividades divertidas de Halloween com texto, gram\u00e1tica, onomatopeias, produ\u00e7\u00e3o textual e artes. Aprendizagem l\u00fadica com o vampiro Vladi!","og_url":"https:\/\/lojasosprofessoratividades.com.br\/en\/product\/o-halloween-do-vampiro-vladi-e-seus-amigos\/","og_site_name":"Loja SOS Professor Atividades","article_publisher":"https:\/\/www.facebook.com\/sosprofessoratividades","article_modified_time":"2026-05-08T19:40:07+00:00","og_image":[{"width":800,"height":693,"url":"https:\/\/lojasosprofessoratividades.com.br\/wp-content\/uploads\/2023\/10\/1-4.jpg","type":"image\/jpeg"}],"twitter_card":"summary_large_image","twitter_misc":{"Est. reading time":"1 minute"},"schema":{"@context":"https:\/\/schema.org","@graph":[{"@type":"WebPage","@id":"https:\/\/lojasosprofessoratividades.com.br\/produto\/o-halloween-do-vampiro-vladi-e-seus-amigos\/","url":"https:\/\/lojasosprofessoratividades.com.br\/produto\/o-halloween-do-vampiro-vladi-e-seus-amigos\/","name":"O Halloween do vampiro Vladi e seus amigos - Loja SOS Professor Atividades","isPartOf":{"@id":"https:\/\/lojasosprofessoratividades.com.br\/#website"},"primaryImageOfPage":{"@id":"https:\/\/lojasosprofessoratividades.com.br\/produto\/o-halloween-do-vampiro-vladi-e-seus-amigos\/#primaryimage"},"image":{"@id":"https:\/\/lojasosprofessoratividades.com.br\/produto\/o-halloween-do-vampiro-vladi-e-seus-amigos\/#primaryimage"},"thumbnailUrl":"https:\/\/lojasosprofessoratividades.com.br\/wp-content\/uploads\/2023\/10\/1-4.jpg","datePublished":"2023-10-06T17:35:57+00:00","dateModified":"2026-05-08T19:40:07+00:00","description":"Atividades divertidas de Halloween com texto, gram\u00e1tica, onomatopeias, produ\u00e7\u00e3o textual e artes. Aprendizagem l\u00fadica com o vampiro Vladi!","breadcrumb":{"@id":"https:\/\/lojasosprofessoratividades.com.br\/produto\/o-halloween-do-vampiro-vladi-e-seus-amigos\/#breadcrumb"},"inLanguage":"en-US","potentialAction":[{"@type":"ReadAction","target":["https:\/\/lojasosprofessoratividades.com.br\/produto\/o-halloween-do-vampiro-vladi-e-seus-amigos\/"]}]},{"@type":"ImageObject","inLanguage":"en-US","@id":"https:\/\/lojasosprofessoratividades.com.br\/produto\/o-halloween-do-vampiro-vladi-e-seus-amigos\/#primaryimage","url":"https:\/\/lojasosprofessoratividades.com.br\/wp-content\/uploads\/2023\/10\/1-4.jpg","contentUrl":"https:\/\/lojasosprofessoratividades.com.br\/wp-content\/uploads\/2023\/10\/1-4.jpg","width":800,"height":693,"caption":"Halloween vampiro Vladi"},{"@type":"BreadcrumbList","@id":"https:\/\/lojasosprofessoratividades.com.br\/produto\/o-halloween-do-vampiro-vladi-e-seus-amigos\/#breadcrumb","itemListElement":[{"@type":"ListItem","position":1,"name":"In\u00edcio","item":"https:\/\/lojasosprofessoratividades.com.br\/"},{"@type":"ListItem","position":2,"name":"Loja","item":"https:\/\/lojasosprofessoratividades.com.br\/loja\/"},{"@type":"ListItem","position":3,"name":"O Halloween do vampiro Vladi e seus amigos"}]},{"@type":"WebSite","@id":"https:\/\/lojasosprofessoratividades.com.br\/#website","url":"https:\/\/lojasosprofessoratividades.com.br\/","name":"Loja SOS Professor Atividades","description":"Venda de material did\u00e1tico para o ensino fundamental","publisher":{"@id":"https:\/\/lojasosprofessoratividades.com.br\/#organization"},"potentialAction":[{"@type":"SearchAction","target":{"@type":"EntryPoint","urlTemplate":"https:\/\/lojasosprofessoratividades.com.br\/?s={search_term_string}"},"query-input":{"@type":"PropertyValueSpecification","valueRequired":true,"valueName":"search_term_string"}}],"inLanguage":"en-US"},{"@type":"Organization","@id":"https:\/\/lojasosprofessoratividades.com.br\/#organization","name":"Loja SOS Professor Atividades","url":"https:\/\/lojasosprofessoratividades.com.br\/","logo":{"@type":"ImageObject","inLanguage":"en-US","@id":"https:\/\/lojasosprofessoratividades.com.br\/#\/schema\/logo\/image\/","url":"http:\/\/lojasosprofessoratividades.com.br\/wp-content\/uploads\/2022\/04\/Logo.png","contentUrl":"http:\/\/lojasosprofessoratividades.com.br\/wp-content\/uploads\/2022\/04\/Logo.png","width":2000,"height":2000,"caption":"Loja SOS Professor Atividades"},"image":{"@id":"https:\/\/lojasosprofessoratividades.com.br\/#\/schema\/logo\/image\/"},"sameAs":["https:\/\/www.facebook.com\/sosprofessoratividades","https:\/\/www.instagram.com\/sosprofessoratividades\/"]}]}},"_links":{"self":[{"href":"https:\/\/lojasosprofessoratividades.com.br\/en\/wp-json\/wp\/v2\/product\/28025","targetHints":{"allow":["GET"]}}],"collection":[{"href":"https:\/\/lojasosprofessoratividades.com.br\/en\/wp-json\/wp\/v2\/product"}],"about":[{"href":"https:\/\/lojasosprofessoratividades.com.br\/en\/wp-json\/wp\/v2\/types\/product"}],"replies":[{"embeddable":true,"href":"https:\/\/lojasosprofessoratividades.com.br\/en\/wp-json\/wp\/v2\/comments?post=28025"}],"wp:featuredmedia":[{"embeddable":true,"href":"https:\/\/lojasosprofessoratividades.com.br\/en\/wp-json\/wp\/v2\/media\/28027"}],"wp:attachment":[{"href":"https:\/\/lojasosprofessoratividades.com.br\/en\/wp-json\/wp\/v2\/media?parent=28025"}],"wp:term":[{"taxonomy":"product_brand","embeddable":true,"href":"https:\/\/lojasosprofessoratividades.com.br\/en\/wp-json\/wp\/v2\/product_brand?post=28025"},{"taxonomy":"product_cat","embeddable":true,"href":"https:\/\/lojasosprofessoratividades.com.br\/en\/wp-json\/wp\/v2\/product_cat?post=28025"},{"taxonomy":"product_tag","embeddable":true,"href":"https:\/\/lojasosprofessoratividades.com.br\/en\/wp-json\/wp\/v2\/product_tag?post=28025"}],"curies":[{"name":"wp","href":"https:\/\/api.w.org\/{rel}","templated":true}]}}