{"id":28109,"date":"2023-10-16T11:29:26","date_gmt":"2023-10-16T14:29:26","guid":{"rendered":"https:\/\/lojasosprofessoratividades.com.br\/?post_type=product&#038;p=28109"},"modified":"2026-05-08T16:40:35","modified_gmt":"2026-05-08T19:40:35","slug":"caixa-chapeu-de-bruxa","status":"publish","type":"product","link":"https:\/\/lojasosprofessoratividades.com.br\/en\/product\/caixa-chapeu-de-bruxa\/","title":{"rendered":"Caixa Chap\u00e9u de Bruxa"},"content":{"rendered":"","protected":false},"excerpt":{"rendered":"<p>\ud83d\udd78\ufe0f Est\u00e1 na hora de fazer a sua festa de Halloween ser ainda mais assustadora e divertida! Com o nosso arquivo Caixa Chap\u00e9u de Bruxa, voc\u00ea ter\u00e1 duas op\u00e7\u00f5es de caixas tem\u00e1ticas incr\u00edveis para encher de deliciosos doces e surpreender a crian\u00e7ada.<\/p>\n<p>\ud83c\udf89 Por que escolher o Arquivo Caixa Chap\u00e9u de Bruxa?<\/p>\n<ol>\n<li>Garanta a alegria das crian\u00e7as: As caixas tem\u00e1ticas s\u00e3o uma maneira fant\u00e1stica de criar um ambiente m\u00e1gico e divertido.<\/li>\n<li>Economize tempo e dinheiro: N\u00e3o se preocupe com a busca por decora\u00e7\u00f5es caras. Nossas caixas t\u00eam um \u00f3timo custo-benef\u00edcio.<\/li>\n<li>Agrada a todos .<\/li>\n<\/ol>\n<p>\ud83c\udf81 Surpreenda seus alunos com um Halloween inesquec\u00edvel! Compre agora o seu Arquivo Caixa Chap\u00e9u de Bruxa e esteja pronto para uma festa cheia de guloseimas e divers\u00e3o.<\/p>\n<p>Tamanho 13cm\/6cm (tri\u00e2ngulo) x 13cm de base (c\u00edrculo)<\/p>\n<p><em><strong>N\u00e3o<\/strong><\/em> edit\u00e1vel.<\/p>\n<h3>N\u00e3o enviamos por e-mail, a entrega \u00e9 via link para download.\u00a0<img decoding=\"async\" class=\"emoji\" role=\"img\" draggable=\"false\" src=\"https:\/\/s.w.org\/images\/core\/emoji\/16.0.1\/svg\/1f447.svg\" alt=\"\ud83d\udc47\" \/><\/h3>\n<p><img loading=\"lazy\" decoding=\"async\" class=\"alignnone wp-image-31375 size-full\" src=\"https:\/\/lojasosprofessoratividades.com.br\/wp-content\/uploads\/2024\/08\/Aviso-Loja.jpg\" alt=\"\" width=\"446\" height=\"251\" srcset=\"https:\/\/lojasosprofessoratividades.com.br\/wp-content\/uploads\/2024\/08\/Aviso-Loja.jpg 446w, https:\/\/lojasosprofessoratividades.com.br\/wp-content\/uploads\/2024\/08\/Aviso-Loja-300x169.jpg 300w, https:\/\/lojasosprofessoratividades.com.br\/wp-content\/uploads\/2024\/08\/Aviso-Loja-18x10.jpg 18w\" sizes=\"auto, (max-width: 446px) 100vw, 446px\" \/><\/p>","protected":false},"featured_media":28110,"comment_status":"open","ping_status":"closed","template":"","meta":[],"product_brand":[],"product_cat":[122,123,124,125,127,135,214,216,218,212,126],"product_tag":[2667,2662,2661,2668,2669,324,325,315,2664,2665,2666,632,2663,228],"class_list":{"0":"post-28109","1":"product","2":"type-product","3":"status-publish","4":"has-post-thumbnail","6":"product_cat-1o-ano","7":"product_cat-2o-ano","8":"product_cat-3o-ano","9":"product_cat-4o-ano","10":"product_cat-5o-ano","11":"product_cat-atividades-interativas-1-ano","12":"product_cat-data-comemorativa-3-ano","13":"product_cat-data-comemorativa-4-ano","14":"product_cat-data-comemorativa-5-ano","15":"product_cat-data-comemorativa-2-ano","16":"product_cat-educacao-infantil","17":"product_tag-arquivo-digital-halloween","18":"product_tag-atividades-halloween-escola","19":"product_tag-caixa-chapeu-de-bruxa","20":"product_tag-caixa-para-imprimir-halloween","21":"product_tag-decoracao-halloween-escola","22":"product_tag-dia-das-bruxas","23":"product_tag-festa","24":"product_tag-halloween","25":"product_tag-halloween-educacao-infantil","26":"product_tag-halloween-ensino-fundamental","27":"product_tag-lembrancinha-criativa-halloween","28":"product_tag-lembrancinha-halloween","29":"product_tag-molde-caixa-halloween","30":"product_tag-recurso-didatico","32":"first","33":"instock","34":"downloadable","35":"virtual","36":"sold-individually","37":"purchasable","38":"product-type-simple"},"yoast_head":"<!-- This site is optimized with the Yoast SEO plugin v27.5 - https:\/\/yoast.com\/product\/yoast-seo-wordpress\/ -->\n<title>Caixa Chap\u00e9u de Bruxa - Loja SOS Professor Atividades<\/title>\n<meta name=\"description\" content=\"Arquivo Caixa Chap\u00e9u de Bruxa para Halloween: molde criativo para lembrancinhas, decora\u00e7\u00e3o e atividades escolares. Baixe e encante seus alunos.\" \/>\n<meta name=\"robots\" content=\"index, follow, max-snippet:-1, max-image-preview:large, max-video-preview:-1\" \/>\n<link rel=\"canonical\" href=\"https:\/\/lojasosprofessoratividades.com.br\/en\/product\/caixa-chapeu-de-bruxa\/\" \/>\n<meta property=\"og:locale\" content=\"en_US\" \/>\n<meta property=\"og:type\" content=\"article\" \/>\n<meta property=\"og:title\" content=\"Caixa Chap\u00e9u de Bruxa - Loja SOS Professor Atividades\" \/>\n<meta property=\"og:description\" content=\"Arquivo Caixa Chap\u00e9u de Bruxa para Halloween: molde criativo para lembrancinhas, decora\u00e7\u00e3o e atividades escolares. Baixe e encante seus alunos.\" \/>\n<meta property=\"og:url\" content=\"https:\/\/lojasosprofessoratividades.com.br\/en\/product\/caixa-chapeu-de-bruxa\/\" \/>\n<meta property=\"og:site_name\" content=\"Loja SOS Professor Atividades\" \/>\n<meta property=\"article:publisher\" content=\"https:\/\/www.facebook.com\/sosprofessoratividades\" \/>\n<meta property=\"article:modified_time\" content=\"2026-05-08T19:40:35+00:00\" \/>\n<meta property=\"og:image\" content=\"https:\/\/lojasosprofessoratividades.com.br\/wp-content\/uploads\/2023\/10\/Chapeu-de-bruxa-1.jpg\" \/>\n\t<meta property=\"og:image:width\" content=\"800\" \/>\n\t<meta property=\"og:image:height\" content=\"693\" \/>\n\t<meta property=\"og:image:type\" content=\"image\/jpeg\" \/>\n<meta name=\"twitter:card\" content=\"summary_large_image\" \/>\n<meta name=\"twitter:label1\" content=\"Est. reading time\" \/>\n\t<meta name=\"twitter:data1\" content=\"1 minute\" \/>\n<script type=\"application\/ld+json\" class=\"yoast-schema-graph\">{\"@context\":\"https:\\\/\\\/schema.org\",\"@graph\":[{\"@type\":\"WebPage\",\"@id\":\"https:\\\/\\\/lojasosprofessoratividades.com.br\\\/produto\\\/caixa-chapeu-de-bruxa\\\/\",\"url\":\"https:\\\/\\\/lojasosprofessoratividades.com.br\\\/produto\\\/caixa-chapeu-de-bruxa\\\/\",\"name\":\"Caixa Chap\u00e9u de Bruxa - Loja SOS Professor Atividades\",\"isPartOf\":{\"@id\":\"https:\\\/\\\/lojasosprofessoratividades.com.br\\\/#website\"},\"primaryImageOfPage\":{\"@id\":\"https:\\\/\\\/lojasosprofessoratividades.com.br\\\/produto\\\/caixa-chapeu-de-bruxa\\\/#primaryimage\"},\"image\":{\"@id\":\"https:\\\/\\\/lojasosprofessoratividades.com.br\\\/produto\\\/caixa-chapeu-de-bruxa\\\/#primaryimage\"},\"thumbnailUrl\":\"https:\\\/\\\/lojasosprofessoratividades.com.br\\\/wp-content\\\/uploads\\\/2023\\\/10\\\/Chapeu-de-bruxa-1.jpg\",\"datePublished\":\"2023-10-16T14:29:26+00:00\",\"dateModified\":\"2026-05-08T19:40:35+00:00\",\"description\":\"Arquivo Caixa Chap\u00e9u de Bruxa para Halloween: molde criativo para lembrancinhas, decora\u00e7\u00e3o e atividades escolares. Baixe e encante seus alunos.\",\"breadcrumb\":{\"@id\":\"https:\\\/\\\/lojasosprofessoratividades.com.br\\\/produto\\\/caixa-chapeu-de-bruxa\\\/#breadcrumb\"},\"inLanguage\":\"en-US\",\"potentialAction\":[{\"@type\":\"ReadAction\",\"target\":[\"https:\\\/\\\/lojasosprofessoratividades.com.br\\\/produto\\\/caixa-chapeu-de-bruxa\\\/\"]}]},{\"@type\":\"ImageObject\",\"inLanguage\":\"en-US\",\"@id\":\"https:\\\/\\\/lojasosprofessoratividades.com.br\\\/produto\\\/caixa-chapeu-de-bruxa\\\/#primaryimage\",\"url\":\"https:\\\/\\\/lojasosprofessoratividades.com.br\\\/wp-content\\\/uploads\\\/2023\\\/10\\\/Chapeu-de-bruxa-1.jpg\",\"contentUrl\":\"https:\\\/\\\/lojasosprofessoratividades.com.br\\\/wp-content\\\/uploads\\\/2023\\\/10\\\/Chapeu-de-bruxa-1.jpg\",\"width\":800,\"height\":693,\"caption\":\"Chap\u00e9u de bruxa\"},{\"@type\":\"BreadcrumbList\",\"@id\":\"https:\\\/\\\/lojasosprofessoratividades.com.br\\\/produto\\\/caixa-chapeu-de-bruxa\\\/#breadcrumb\",\"itemListElement\":[{\"@type\":\"ListItem\",\"position\":1,\"name\":\"In\u00edcio\",\"item\":\"https:\\\/\\\/lojasosprofessoratividades.com.br\\\/\"},{\"@type\":\"ListItem\",\"position\":2,\"name\":\"Loja\",\"item\":\"https:\\\/\\\/lojasosprofessoratividades.com.br\\\/loja\\\/\"},{\"@type\":\"ListItem\",\"position\":3,\"name\":\"Caixa Chap\u00e9u de Bruxa\"}]},{\"@type\":\"WebSite\",\"@id\":\"https:\\\/\\\/lojasosprofessoratividades.com.br\\\/#website\",\"url\":\"https:\\\/\\\/lojasosprofessoratividades.com.br\\\/\",\"name\":\"Loja SOS Professor Atividades\",\"description\":\"Venda de material did\u00e1tico para o ensino fundamental\",\"publisher\":{\"@id\":\"https:\\\/\\\/lojasosprofessoratividades.com.br\\\/#organization\"},\"potentialAction\":[{\"@type\":\"SearchAction\",\"target\":{\"@type\":\"EntryPoint\",\"urlTemplate\":\"https:\\\/\\\/lojasosprofessoratividades.com.br\\\/?s={search_term_string}\"},\"query-input\":{\"@type\":\"PropertyValueSpecification\",\"valueRequired\":true,\"valueName\":\"search_term_string\"}}],\"inLanguage\":\"en-US\"},{\"@type\":\"Organization\",\"@id\":\"https:\\\/\\\/lojasosprofessoratividades.com.br\\\/#organization\",\"name\":\"Loja SOS Professor Atividades\",\"url\":\"https:\\\/\\\/lojasosprofessoratividades.com.br\\\/\",\"logo\":{\"@type\":\"ImageObject\",\"inLanguage\":\"en-US\",\"@id\":\"https:\\\/\\\/lojasosprofessoratividades.com.br\\\/#\\\/schema\\\/logo\\\/image\\\/\",\"url\":\"http:\\\/\\\/lojasosprofessoratividades.com.br\\\/wp-content\\\/uploads\\\/2022\\\/04\\\/Logo.png\",\"contentUrl\":\"http:\\\/\\\/lojasosprofessoratividades.com.br\\\/wp-content\\\/uploads\\\/2022\\\/04\\\/Logo.png\",\"width\":2000,\"height\":2000,\"caption\":\"Loja SOS Professor Atividades\"},\"image\":{\"@id\":\"https:\\\/\\\/lojasosprofessoratividades.com.br\\\/#\\\/schema\\\/logo\\\/image\\\/\"},\"sameAs\":[\"https:\\\/\\\/www.facebook.com\\\/sosprofessoratividades\",\"https:\\\/\\\/www.instagram.com\\\/sosprofessoratividades\\\/\"]}]}<\/script>\n<!-- \/ Yoast SEO plugin. -->","yoast_head_json":{"title":"Caixa Chap\u00e9u de Bruxa - Loja SOS Professor Atividades","description":"Arquivo Caixa Chap\u00e9u de Bruxa para Halloween: molde criativo para lembrancinhas, decora\u00e7\u00e3o e atividades escolares. Baixe e encante seus alunos.","robots":{"index":"index","follow":"follow","max-snippet":"max-snippet:-1","max-image-preview":"max-image-preview:large","max-video-preview":"max-video-preview:-1"},"canonical":"https:\/\/lojasosprofessoratividades.com.br\/en\/product\/caixa-chapeu-de-bruxa\/","og_locale":"en_US","og_type":"article","og_title":"Caixa Chap\u00e9u de Bruxa - Loja SOS Professor Atividades","og_description":"Arquivo Caixa Chap\u00e9u de Bruxa para Halloween: molde criativo para lembrancinhas, decora\u00e7\u00e3o e atividades escolares. Baixe e encante seus alunos.","og_url":"https:\/\/lojasosprofessoratividades.com.br\/en\/product\/caixa-chapeu-de-bruxa\/","og_site_name":"Loja SOS Professor Atividades","article_publisher":"https:\/\/www.facebook.com\/sosprofessoratividades","article_modified_time":"2026-05-08T19:40:35+00:00","og_image":[{"width":800,"height":693,"url":"https:\/\/lojasosprofessoratividades.com.br\/wp-content\/uploads\/2023\/10\/Chapeu-de-bruxa-1.jpg","type":"image\/jpeg"}],"twitter_card":"summary_large_image","twitter_misc":{"Est. reading time":"1 minute"},"schema":{"@context":"https:\/\/schema.org","@graph":[{"@type":"WebPage","@id":"https:\/\/lojasosprofessoratividades.com.br\/produto\/caixa-chapeu-de-bruxa\/","url":"https:\/\/lojasosprofessoratividades.com.br\/produto\/caixa-chapeu-de-bruxa\/","name":"Caixa Chap\u00e9u de Bruxa - Loja SOS Professor Atividades","isPartOf":{"@id":"https:\/\/lojasosprofessoratividades.com.br\/#website"},"primaryImageOfPage":{"@id":"https:\/\/lojasosprofessoratividades.com.br\/produto\/caixa-chapeu-de-bruxa\/#primaryimage"},"image":{"@id":"https:\/\/lojasosprofessoratividades.com.br\/produto\/caixa-chapeu-de-bruxa\/#primaryimage"},"thumbnailUrl":"https:\/\/lojasosprofessoratividades.com.br\/wp-content\/uploads\/2023\/10\/Chapeu-de-bruxa-1.jpg","datePublished":"2023-10-16T14:29:26+00:00","dateModified":"2026-05-08T19:40:35+00:00","description":"Arquivo Caixa Chap\u00e9u de Bruxa para Halloween: molde criativo para lembrancinhas, decora\u00e7\u00e3o e atividades escolares. Baixe e encante seus alunos.","breadcrumb":{"@id":"https:\/\/lojasosprofessoratividades.com.br\/produto\/caixa-chapeu-de-bruxa\/#breadcrumb"},"inLanguage":"en-US","potentialAction":[{"@type":"ReadAction","target":["https:\/\/lojasosprofessoratividades.com.br\/produto\/caixa-chapeu-de-bruxa\/"]}]},{"@type":"ImageObject","inLanguage":"en-US","@id":"https:\/\/lojasosprofessoratividades.com.br\/produto\/caixa-chapeu-de-bruxa\/#primaryimage","url":"https:\/\/lojasosprofessoratividades.com.br\/wp-content\/uploads\/2023\/10\/Chapeu-de-bruxa-1.jpg","contentUrl":"https:\/\/lojasosprofessoratividades.com.br\/wp-content\/uploads\/2023\/10\/Chapeu-de-bruxa-1.jpg","width":800,"height":693,"caption":"Chap\u00e9u de bruxa"},{"@type":"BreadcrumbList","@id":"https:\/\/lojasosprofessoratividades.com.br\/produto\/caixa-chapeu-de-bruxa\/#breadcrumb","itemListElement":[{"@type":"ListItem","position":1,"name":"In\u00edcio","item":"https:\/\/lojasosprofessoratividades.com.br\/"},{"@type":"ListItem","position":2,"name":"Loja","item":"https:\/\/lojasosprofessoratividades.com.br\/loja\/"},{"@type":"ListItem","position":3,"name":"Caixa Chap\u00e9u de Bruxa"}]},{"@type":"WebSite","@id":"https:\/\/lojasosprofessoratividades.com.br\/#website","url":"https:\/\/lojasosprofessoratividades.com.br\/","name":"Loja SOS Professor Atividades","description":"Venda de material did\u00e1tico para o ensino fundamental","publisher":{"@id":"https:\/\/lojasosprofessoratividades.com.br\/#organization"},"potentialAction":[{"@type":"SearchAction","target":{"@type":"EntryPoint","urlTemplate":"https:\/\/lojasosprofessoratividades.com.br\/?s={search_term_string}"},"query-input":{"@type":"PropertyValueSpecification","valueRequired":true,"valueName":"search_term_string"}}],"inLanguage":"en-US"},{"@type":"Organization","@id":"https:\/\/lojasosprofessoratividades.com.br\/#organization","name":"Loja SOS Professor Atividades","url":"https:\/\/lojasosprofessoratividades.com.br\/","logo":{"@type":"ImageObject","inLanguage":"en-US","@id":"https:\/\/lojasosprofessoratividades.com.br\/#\/schema\/logo\/image\/","url":"http:\/\/lojasosprofessoratividades.com.br\/wp-content\/uploads\/2022\/04\/Logo.png","contentUrl":"http:\/\/lojasosprofessoratividades.com.br\/wp-content\/uploads\/2022\/04\/Logo.png","width":2000,"height":2000,"caption":"Loja SOS Professor Atividades"},"image":{"@id":"https:\/\/lojasosprofessoratividades.com.br\/#\/schema\/logo\/image\/"},"sameAs":["https:\/\/www.facebook.com\/sosprofessoratividades","https:\/\/www.instagram.com\/sosprofessoratividades\/"]}]}},"_links":{"self":[{"href":"https:\/\/lojasosprofessoratividades.com.br\/en\/wp-json\/wp\/v2\/product\/28109","targetHints":{"allow":["GET"]}}],"collection":[{"href":"https:\/\/lojasosprofessoratividades.com.br\/en\/wp-json\/wp\/v2\/product"}],"about":[{"href":"https:\/\/lojasosprofessoratividades.com.br\/en\/wp-json\/wp\/v2\/types\/product"}],"replies":[{"embeddable":true,"href":"https:\/\/lojasosprofessoratividades.com.br\/en\/wp-json\/wp\/v2\/comments?post=28109"}],"wp:featuredmedia":[{"embeddable":true,"href":"https:\/\/lojasosprofessoratividades.com.br\/en\/wp-json\/wp\/v2\/media\/28110"}],"wp:attachment":[{"href":"https:\/\/lojasosprofessoratividades.com.br\/en\/wp-json\/wp\/v2\/media?parent=28109"}],"wp:term":[{"taxonomy":"product_brand","embeddable":true,"href":"https:\/\/lojasosprofessoratividades.com.br\/en\/wp-json\/wp\/v2\/product_brand?post=28109"},{"taxonomy":"product_cat","embeddable":true,"href":"https:\/\/lojasosprofessoratividades.com.br\/en\/wp-json\/wp\/v2\/product_cat?post=28109"},{"taxonomy":"product_tag","embeddable":true,"href":"https:\/\/lojasosprofessoratividades.com.br\/en\/wp-json\/wp\/v2\/product_tag?post=28109"}],"curies":[{"name":"wp","href":"https:\/\/api.w.org\/{rel}","templated":true}]}}