{"id":28171,"date":"2023-10-23T10:42:45","date_gmt":"2023-10-23T13:42:45","guid":{"rendered":"https:\/\/lojasosprofessoratividades.com.br\/?post_type=product&#038;p=28171"},"modified":"2026-05-08T16:40:55","modified_gmt":"2026-05-08T19:40:55","slug":"frase-oracao-e-periodo","status":"publish","type":"product","link":"https:\/\/lojasosprofessoratividades.com.br\/en\/product\/frase-oracao-e-periodo\/","title":{"rendered":"Frase, Ora\u00e7\u00e3o e Per\u00edodo"},"content":{"rendered":"","protected":false},"excerpt":{"rendered":"<p><strong>O que o arquivo cont\u00e9m:<\/strong><\/p>\n<ol>\n<li><strong>Texto Explicativo<\/strong>: Um guia claro e conciso que explora os conceitos de frase, ora\u00e7\u00e3o e per\u00edodo. Ele fornece explica\u00e7\u00f5es detalhadas, exemplos e dicas para tornar o aprendizado mais acess\u00edvel e envolvente.<\/li>\n<li><strong>Atividades<\/strong>: Uma variedade de exerc\u00edcios pr\u00e1ticos que desafiar\u00e3o os alunos a aplicar o que aprenderam. As atividades s\u00e3o projetadas para promover a pr\u00e1tica, a reten\u00e7\u00e3o de conhecimento e o aprimoramento das habilidades lingu\u00edsticas.<\/li>\n<li><strong>Cartazes<\/strong>: Cartazes coloridos e visualmente atraentes que podem ser usados como recursos visuais em sua sala de aula. Os cartazes ajudar\u00e3o os alunos a visualizar e recordar os conceitos de frase, ora\u00e7\u00e3o e per\u00edodo.<\/li>\n<\/ol>\n<p><strong>Benef\u00edcios para sua Sala de Aula:<\/strong><\/p>\n<ul>\n<li><strong>Melhor compreens\u00e3o<\/strong>: O arquivo fornecer\u00e1 uma compreens\u00e3o mais s\u00f3lida dos conceitos de frase, ora\u00e7\u00e3o e per\u00edodo, ajudando os alunos a escrever e comunicar com mais clareza.<\/li>\n<li><strong>Engajamento<\/strong>: As atividades divertidas e desafiadoras motivar\u00e3o os alunos a se envolver ativamente no aprendizado, promovendo uma atmosfera de sala de aula mais participativa.<\/li>\n<li><strong>Recursos Visuais<\/strong>: Os cartazes coloridos s\u00e3o recursos visuais excelentes para auxiliar na aprendizagem, tornando os conceitos mais memor\u00e1veis.<\/li>\n<li><strong>Facilidade de Ensino<\/strong>: O texto explicativo oferece a voc\u00ea, professor, uma base s\u00f3lida para explicar os conceitos de forma acess\u00edvel e eficaz.<\/li>\n<\/ul>\n<p>Obrigado por seu compromisso com a educa\u00e7\u00e3o e pela dedica\u00e7\u00e3o ao sucesso de seus alunos. Se tiver alguma d\u00favida ou precisar de suporte adicional, n\u00e3o hesite em nos contatar.<\/p>\n<p><em><strong>N\u00e3o<\/strong><\/em> edit\u00e1vel.<\/p>\n<h3>N\u00e3o enviamos por e-mail, a entrega \u00e9 via link para download.\u00a0<img decoding=\"async\" class=\"emoji\" role=\"img\" draggable=\"false\" src=\"https:\/\/s.w.org\/images\/core\/emoji\/16.0.1\/svg\/1f447.svg\" alt=\"\ud83d\udc47\" \/><\/h3>\n<p><img loading=\"lazy\" decoding=\"async\" class=\"alignnone wp-image-31375 size-full\" src=\"https:\/\/lojasosprofessoratividades.com.br\/wp-content\/uploads\/2024\/08\/Aviso-Loja.jpg\" alt=\"\" width=\"446\" height=\"251\" srcset=\"https:\/\/lojasosprofessoratividades.com.br\/wp-content\/uploads\/2024\/08\/Aviso-Loja.jpg 446w, https:\/\/lojasosprofessoratividades.com.br\/wp-content\/uploads\/2024\/08\/Aviso-Loja-300x169.jpg 300w, https:\/\/lojasosprofessoratividades.com.br\/wp-content\/uploads\/2024\/08\/Aviso-Loja-18x10.jpg 18w\" sizes=\"auto, (max-width: 446px) 100vw, 446px\" \/><\/p>\n<p>&nbsp;<\/p>","protected":false},"featured_media":28172,"comment_status":"open","ping_status":"closed","template":"","meta":[],"product_brand":[],"product_cat":[127,204,217],"product_tag":[884,2989,579,3004,3014,3013,950,1114,2898,3016,245,2872,2831,327,3011,3012,3017,1319,550,643,328,329,231,3018,3015,617,228,593,2998],"class_list":{"0":"post-28171","1":"product","2":"type-product","3":"status-publish","4":"has-post-thumbnail","6":"product_cat-5o-ano","7":"product_cat-portugues-5-anos","8":"product_cat-recursos-didaticos-5-ano","9":"product_tag-aprendizado-divertido","10":"product_tag-aprendizado-visual","11":"product_tag-atividades-educativas","12":"product_tag-atividades-para-alunos","13":"product_tag-aulas-de-portugues","14":"product_tag-conceitos-de-gramatica","15":"product_tag-educacao-fundamental","16":"product_tag-educacao-ludica","17":"product_tag-ensino-de-portugues","18":"product_tag-ensino-eficiente","19":"product_tag-ensino-fundamental","20":"product_tag-exercicios-de-portugues","21":"product_tag-fixacao-de-conteudo","22":"product_tag-frase","23":"product_tag-frase-oracao-periodo","24":"product_tag-gramatica-para-alunos","25":"product_tag-gramatica-pratica","26":"product_tag-lingua-portuguesa","27":"product_tag-material-didatico","28":"product_tag-material-pedagogico","29":"product_tag-oracao","30":"product_tag-periodo","31":"product_tag-portugues","32":"product_tag-portugues-3o-ao-5o-ano","33":"product_tag-portugues-para-criancas","34":"product_tag-professores","35":"product_tag-recurso-didatico","36":"product_tag-recurso-educativo","37":"product_tag-sala-de-aula-interativa","39":"first","40":"instock","41":"downloadable","42":"virtual","43":"sold-individually","44":"purchasable","45":"product-type-simple"},"yoast_head":"<!-- This site is optimized with the Yoast SEO plugin v27.5 - https:\/\/yoast.com\/product\/yoast-seo-wordpress\/ -->\n<title>Frase, Ora\u00e7\u00e3o e Per\u00edodo - Loja SOS Professor Atividades<\/title>\n<meta name=\"description\" content=\"Aprenda Frase, Ora\u00e7\u00e3o e Per\u00edodo de forma clara e divertida! Material did\u00e1tico completo para fixar conceitos essenciais de l\u00edngua portuguesa.\" \/>\n<meta name=\"robots\" content=\"index, follow, max-snippet:-1, max-image-preview:large, max-video-preview:-1\" \/>\n<link rel=\"canonical\" href=\"https:\/\/lojasosprofessoratividades.com.br\/en\/product\/frase-oracao-e-periodo\/\" \/>\n<meta property=\"og:locale\" content=\"en_US\" \/>\n<meta property=\"og:type\" content=\"article\" \/>\n<meta property=\"og:title\" content=\"Frase, Ora\u00e7\u00e3o e Per\u00edodo - Loja SOS Professor Atividades\" \/>\n<meta property=\"og:description\" content=\"Aprenda Frase, Ora\u00e7\u00e3o e Per\u00edodo de forma clara e divertida! Material did\u00e1tico completo para fixar conceitos essenciais de l\u00edngua portuguesa.\" \/>\n<meta property=\"og:url\" content=\"https:\/\/lojasosprofessoratividades.com.br\/en\/product\/frase-oracao-e-periodo\/\" \/>\n<meta property=\"og:site_name\" content=\"Loja SOS Professor Atividades\" \/>\n<meta property=\"article:publisher\" content=\"https:\/\/www.facebook.com\/sosprofessoratividades\" \/>\n<meta property=\"article:modified_time\" content=\"2026-05-08T19:40:55+00:00\" \/>\n<meta property=\"og:image\" content=\"https:\/\/lojasosprofessoratividades.com.br\/wp-content\/uploads\/2023\/10\/1-6.jpg\" \/>\n\t<meta property=\"og:image:width\" content=\"800\" \/>\n\t<meta property=\"og:image:height\" content=\"693\" \/>\n\t<meta property=\"og:image:type\" content=\"image\/jpeg\" \/>\n<meta name=\"twitter:card\" content=\"summary_large_image\" \/>\n<meta name=\"twitter:label1\" content=\"Est. reading time\" \/>\n\t<meta name=\"twitter:data1\" content=\"1 minute\" \/>\n<script type=\"application\/ld+json\" class=\"yoast-schema-graph\">{\"@context\":\"https:\\\/\\\/schema.org\",\"@graph\":[{\"@type\":\"WebPage\",\"@id\":\"https:\\\/\\\/lojasosprofessoratividades.com.br\\\/produto\\\/frase-oracao-e-periodo\\\/\",\"url\":\"https:\\\/\\\/lojasosprofessoratividades.com.br\\\/produto\\\/frase-oracao-e-periodo\\\/\",\"name\":\"Frase, Ora\u00e7\u00e3o e Per\u00edodo - Loja SOS Professor Atividades\",\"isPartOf\":{\"@id\":\"https:\\\/\\\/lojasosprofessoratividades.com.br\\\/#website\"},\"primaryImageOfPage\":{\"@id\":\"https:\\\/\\\/lojasosprofessoratividades.com.br\\\/produto\\\/frase-oracao-e-periodo\\\/#primaryimage\"},\"image\":{\"@id\":\"https:\\\/\\\/lojasosprofessoratividades.com.br\\\/produto\\\/frase-oracao-e-periodo\\\/#primaryimage\"},\"thumbnailUrl\":\"https:\\\/\\\/lojasosprofessoratividades.com.br\\\/wp-content\\\/uploads\\\/2023\\\/10\\\/1-6.jpg\",\"datePublished\":\"2023-10-23T13:42:45+00:00\",\"dateModified\":\"2026-05-08T19:40:55+00:00\",\"description\":\"Aprenda Frase, Ora\u00e7\u00e3o e Per\u00edodo de forma clara e divertida! Material did\u00e1tico completo para fixar conceitos essenciais de l\u00edngua portuguesa.\",\"breadcrumb\":{\"@id\":\"https:\\\/\\\/lojasosprofessoratividades.com.br\\\/produto\\\/frase-oracao-e-periodo\\\/#breadcrumb\"},\"inLanguage\":\"en-US\",\"potentialAction\":[{\"@type\":\"ReadAction\",\"target\":[\"https:\\\/\\\/lojasosprofessoratividades.com.br\\\/produto\\\/frase-oracao-e-periodo\\\/\"]}]},{\"@type\":\"ImageObject\",\"inLanguage\":\"en-US\",\"@id\":\"https:\\\/\\\/lojasosprofessoratividades.com.br\\\/produto\\\/frase-oracao-e-periodo\\\/#primaryimage\",\"url\":\"https:\\\/\\\/lojasosprofessoratividades.com.br\\\/wp-content\\\/uploads\\\/2023\\\/10\\\/1-6.jpg\",\"contentUrl\":\"https:\\\/\\\/lojasosprofessoratividades.com.br\\\/wp-content\\\/uploads\\\/2023\\\/10\\\/1-6.jpg\",\"width\":800,\"height\":693,\"caption\":\"frase, ora\u00e7\u00e3o e per\u00edodo\"},{\"@type\":\"BreadcrumbList\",\"@id\":\"https:\\\/\\\/lojasosprofessoratividades.com.br\\\/produto\\\/frase-oracao-e-periodo\\\/#breadcrumb\",\"itemListElement\":[{\"@type\":\"ListItem\",\"position\":1,\"name\":\"In\u00edcio\",\"item\":\"https:\\\/\\\/lojasosprofessoratividades.com.br\\\/\"},{\"@type\":\"ListItem\",\"position\":2,\"name\":\"Loja\",\"item\":\"https:\\\/\\\/lojasosprofessoratividades.com.br\\\/loja\\\/\"},{\"@type\":\"ListItem\",\"position\":3,\"name\":\"Frase, Ora\u00e7\u00e3o e Per\u00edodo\"}]},{\"@type\":\"WebSite\",\"@id\":\"https:\\\/\\\/lojasosprofessoratividades.com.br\\\/#website\",\"url\":\"https:\\\/\\\/lojasosprofessoratividades.com.br\\\/\",\"name\":\"Loja SOS Professor Atividades\",\"description\":\"Venda de material did\u00e1tico para o ensino fundamental\",\"publisher\":{\"@id\":\"https:\\\/\\\/lojasosprofessoratividades.com.br\\\/#organization\"},\"potentialAction\":[{\"@type\":\"SearchAction\",\"target\":{\"@type\":\"EntryPoint\",\"urlTemplate\":\"https:\\\/\\\/lojasosprofessoratividades.com.br\\\/?s={search_term_string}\"},\"query-input\":{\"@type\":\"PropertyValueSpecification\",\"valueRequired\":true,\"valueName\":\"search_term_string\"}}],\"inLanguage\":\"en-US\"},{\"@type\":\"Organization\",\"@id\":\"https:\\\/\\\/lojasosprofessoratividades.com.br\\\/#organization\",\"name\":\"Loja SOS Professor Atividades\",\"url\":\"https:\\\/\\\/lojasosprofessoratividades.com.br\\\/\",\"logo\":{\"@type\":\"ImageObject\",\"inLanguage\":\"en-US\",\"@id\":\"https:\\\/\\\/lojasosprofessoratividades.com.br\\\/#\\\/schema\\\/logo\\\/image\\\/\",\"url\":\"http:\\\/\\\/lojasosprofessoratividades.com.br\\\/wp-content\\\/uploads\\\/2022\\\/04\\\/Logo.png\",\"contentUrl\":\"http:\\\/\\\/lojasosprofessoratividades.com.br\\\/wp-content\\\/uploads\\\/2022\\\/04\\\/Logo.png\",\"width\":2000,\"height\":2000,\"caption\":\"Loja SOS Professor Atividades\"},\"image\":{\"@id\":\"https:\\\/\\\/lojasosprofessoratividades.com.br\\\/#\\\/schema\\\/logo\\\/image\\\/\"},\"sameAs\":[\"https:\\\/\\\/www.facebook.com\\\/sosprofessoratividades\",\"https:\\\/\\\/www.instagram.com\\\/sosprofessoratividades\\\/\"]}]}<\/script>\n<!-- \/ Yoast SEO plugin. -->","yoast_head_json":{"title":"Frase, Ora\u00e7\u00e3o e Per\u00edodo - Loja SOS Professor Atividades","description":"Aprenda Frase, Ora\u00e7\u00e3o e Per\u00edodo de forma clara e divertida! Material did\u00e1tico completo para fixar conceitos essenciais de l\u00edngua portuguesa.","robots":{"index":"index","follow":"follow","max-snippet":"max-snippet:-1","max-image-preview":"max-image-preview:large","max-video-preview":"max-video-preview:-1"},"canonical":"https:\/\/lojasosprofessoratividades.com.br\/en\/product\/frase-oracao-e-periodo\/","og_locale":"en_US","og_type":"article","og_title":"Frase, Ora\u00e7\u00e3o e Per\u00edodo - Loja SOS Professor Atividades","og_description":"Aprenda Frase, Ora\u00e7\u00e3o e Per\u00edodo de forma clara e divertida! Material did\u00e1tico completo para fixar conceitos essenciais de l\u00edngua portuguesa.","og_url":"https:\/\/lojasosprofessoratividades.com.br\/en\/product\/frase-oracao-e-periodo\/","og_site_name":"Loja SOS Professor Atividades","article_publisher":"https:\/\/www.facebook.com\/sosprofessoratividades","article_modified_time":"2026-05-08T19:40:55+00:00","og_image":[{"width":800,"height":693,"url":"https:\/\/lojasosprofessoratividades.com.br\/wp-content\/uploads\/2023\/10\/1-6.jpg","type":"image\/jpeg"}],"twitter_card":"summary_large_image","twitter_misc":{"Est. reading time":"1 minute"},"schema":{"@context":"https:\/\/schema.org","@graph":[{"@type":"WebPage","@id":"https:\/\/lojasosprofessoratividades.com.br\/produto\/frase-oracao-e-periodo\/","url":"https:\/\/lojasosprofessoratividades.com.br\/produto\/frase-oracao-e-periodo\/","name":"Frase, Ora\u00e7\u00e3o e Per\u00edodo - Loja SOS Professor Atividades","isPartOf":{"@id":"https:\/\/lojasosprofessoratividades.com.br\/#website"},"primaryImageOfPage":{"@id":"https:\/\/lojasosprofessoratividades.com.br\/produto\/frase-oracao-e-periodo\/#primaryimage"},"image":{"@id":"https:\/\/lojasosprofessoratividades.com.br\/produto\/frase-oracao-e-periodo\/#primaryimage"},"thumbnailUrl":"https:\/\/lojasosprofessoratividades.com.br\/wp-content\/uploads\/2023\/10\/1-6.jpg","datePublished":"2023-10-23T13:42:45+00:00","dateModified":"2026-05-08T19:40:55+00:00","description":"Aprenda Frase, Ora\u00e7\u00e3o e Per\u00edodo de forma clara e divertida! Material did\u00e1tico completo para fixar conceitos essenciais de l\u00edngua portuguesa.","breadcrumb":{"@id":"https:\/\/lojasosprofessoratividades.com.br\/produto\/frase-oracao-e-periodo\/#breadcrumb"},"inLanguage":"en-US","potentialAction":[{"@type":"ReadAction","target":["https:\/\/lojasosprofessoratividades.com.br\/produto\/frase-oracao-e-periodo\/"]}]},{"@type":"ImageObject","inLanguage":"en-US","@id":"https:\/\/lojasosprofessoratividades.com.br\/produto\/frase-oracao-e-periodo\/#primaryimage","url":"https:\/\/lojasosprofessoratividades.com.br\/wp-content\/uploads\/2023\/10\/1-6.jpg","contentUrl":"https:\/\/lojasosprofessoratividades.com.br\/wp-content\/uploads\/2023\/10\/1-6.jpg","width":800,"height":693,"caption":"frase, ora\u00e7\u00e3o e per\u00edodo"},{"@type":"BreadcrumbList","@id":"https:\/\/lojasosprofessoratividades.com.br\/produto\/frase-oracao-e-periodo\/#breadcrumb","itemListElement":[{"@type":"ListItem","position":1,"name":"In\u00edcio","item":"https:\/\/lojasosprofessoratividades.com.br\/"},{"@type":"ListItem","position":2,"name":"Loja","item":"https:\/\/lojasosprofessoratividades.com.br\/loja\/"},{"@type":"ListItem","position":3,"name":"Frase, Ora\u00e7\u00e3o e Per\u00edodo"}]},{"@type":"WebSite","@id":"https:\/\/lojasosprofessoratividades.com.br\/#website","url":"https:\/\/lojasosprofessoratividades.com.br\/","name":"Loja SOS Professor Atividades","description":"Venda de material did\u00e1tico para o ensino fundamental","publisher":{"@id":"https:\/\/lojasosprofessoratividades.com.br\/#organization"},"potentialAction":[{"@type":"SearchAction","target":{"@type":"EntryPoint","urlTemplate":"https:\/\/lojasosprofessoratividades.com.br\/?s={search_term_string}"},"query-input":{"@type":"PropertyValueSpecification","valueRequired":true,"valueName":"search_term_string"}}],"inLanguage":"en-US"},{"@type":"Organization","@id":"https:\/\/lojasosprofessoratividades.com.br\/#organization","name":"Loja SOS Professor Atividades","url":"https:\/\/lojasosprofessoratividades.com.br\/","logo":{"@type":"ImageObject","inLanguage":"en-US","@id":"https:\/\/lojasosprofessoratividades.com.br\/#\/schema\/logo\/image\/","url":"http:\/\/lojasosprofessoratividades.com.br\/wp-content\/uploads\/2022\/04\/Logo.png","contentUrl":"http:\/\/lojasosprofessoratividades.com.br\/wp-content\/uploads\/2022\/04\/Logo.png","width":2000,"height":2000,"caption":"Loja SOS Professor Atividades"},"image":{"@id":"https:\/\/lojasosprofessoratividades.com.br\/#\/schema\/logo\/image\/"},"sameAs":["https:\/\/www.facebook.com\/sosprofessoratividades","https:\/\/www.instagram.com\/sosprofessoratividades\/"]}]}},"_links":{"self":[{"href":"https:\/\/lojasosprofessoratividades.com.br\/en\/wp-json\/wp\/v2\/product\/28171","targetHints":{"allow":["GET"]}}],"collection":[{"href":"https:\/\/lojasosprofessoratividades.com.br\/en\/wp-json\/wp\/v2\/product"}],"about":[{"href":"https:\/\/lojasosprofessoratividades.com.br\/en\/wp-json\/wp\/v2\/types\/product"}],"replies":[{"embeddable":true,"href":"https:\/\/lojasosprofessoratividades.com.br\/en\/wp-json\/wp\/v2\/comments?post=28171"}],"wp:featuredmedia":[{"embeddable":true,"href":"https:\/\/lojasosprofessoratividades.com.br\/en\/wp-json\/wp\/v2\/media\/28172"}],"wp:attachment":[{"href":"https:\/\/lojasosprofessoratividades.com.br\/en\/wp-json\/wp\/v2\/media?parent=28171"}],"wp:term":[{"taxonomy":"product_brand","embeddable":true,"href":"https:\/\/lojasosprofessoratividades.com.br\/en\/wp-json\/wp\/v2\/product_brand?post=28171"},{"taxonomy":"product_cat","embeddable":true,"href":"https:\/\/lojasosprofessoratividades.com.br\/en\/wp-json\/wp\/v2\/product_cat?post=28171"},{"taxonomy":"product_tag","embeddable":true,"href":"https:\/\/lojasosprofessoratividades.com.br\/en\/wp-json\/wp\/v2\/product_tag?post=28171"}],"curies":[{"name":"wp","href":"https:\/\/api.w.org\/{rel}","templated":true}]}}