{"id":28224,"date":"2025-10-29T12:00:26","date_gmt":"2025-10-29T15:00:26","guid":{"rendered":"https:\/\/lojasosprofessoratividades.com.br\/?post_type=product&#038;p=28224"},"modified":"2026-05-08T14:26:12","modified_gmt":"2026-05-08T17:26:12","slug":"zine-proclamacao-da-republica","status":"publish","type":"product","link":"https:\/\/lojasosprofessoratividades.com.br\/en\/product\/zine-proclamacao-da-republica\/","title":{"rendered":"Zine Proclama\u00e7\u00e3o da Rep\u00fablica"},"content":{"rendered":"","protected":false},"excerpt":{"rendered":"<p>Voc\u00ea procura uma maneira empolgante de ensinar sobre a Proclama\u00e7\u00e3o da Rep\u00fablica para seus alunos? N\u00e3o procure mais! Apresentamos o &#8220;Zine Proclama\u00e7\u00e3o da Rep\u00fablica&#8221; &#8211; um recurso did\u00e1tico que tornar\u00e1 a hist\u00f3ria do Brasil ainda mais envolvente e educativa.<\/p>\n<p><strong>O que \u00e9 o Zine Proclama\u00e7\u00e3o da Rep\u00fablica?<\/strong><\/p>\n<p>\u00c9 um recurso educativo divertido e informativo que oferece aos seus alunos uma vis\u00e3o cativante da Proclama\u00e7\u00e3o da Rep\u00fablica do Brasil. Este zine cont\u00e9m um resumo detalhado dos eventos da Proclama\u00e7\u00e3o da Rep\u00fablica, um question\u00e1rio para testar o conhecimento dos alunos e uma imagem para pintar, tornando a aprendizagem mais interativa e atraente.<\/p>\n<p><strong>Transforme a hist\u00f3ria do Brasil em uma aventura educativa e empolgante para seus alunos!<\/strong> O Zine Proclama\u00e7\u00e3o da Rep\u00fablica \u00e9 a ferramenta perfeita para isso.<\/p>\n<p>Garanta o seu agora e observe o entusiasmo de aprendizagem em sua sala de aula!<\/p>\n<p><em><strong>N\u00e3o<\/strong><\/em> edit\u00e1vel.<\/p>\n<h3>N\u00e3o enviamos por e-mail, a entrega \u00e9 via link para download.\u00a0<img decoding=\"async\" class=\"emoji\" role=\"img\" draggable=\"false\" src=\"https:\/\/s.w.org\/images\/core\/emoji\/16.0.1\/svg\/1f447.svg\" alt=\"\ud83d\udc47\" \/><\/h3>\n<p><img loading=\"lazy\" decoding=\"async\" class=\"alignnone wp-image-31375 size-full\" src=\"https:\/\/lojasosprofessoratividades.com.br\/wp-content\/uploads\/2024\/08\/Aviso-Loja.jpg\" alt=\"\" width=\"446\" height=\"251\" srcset=\"https:\/\/lojasosprofessoratividades.com.br\/wp-content\/uploads\/2024\/08\/Aviso-Loja.jpg 446w, https:\/\/lojasosprofessoratividades.com.br\/wp-content\/uploads\/2024\/08\/Aviso-Loja-300x169.jpg 300w, https:\/\/lojasosprofessoratividades.com.br\/wp-content\/uploads\/2024\/08\/Aviso-Loja-18x10.jpg 18w\" sizes=\"auto, (max-width: 446px) 100vw, 446px\" \/><\/p>\n<p>&nbsp;<\/p>","protected":false},"featured_media":28225,"comment_status":"open","ping_status":"closed","template":"","meta":[],"product_brand":[],"product_cat":[125,127,216,218,192,207,215,217],"product_tag":[333,2647,280,2632,2633,2649,331,2644,2646,2640,2645,330,332,2648,2643],"class_list":{"0":"post-28224","1":"product","2":"type-product","3":"status-publish","4":"has-post-thumbnail","6":"product_cat-4o-ano","7":"product_cat-5o-ano","8":"product_cat-data-comemorativa-4-ano","9":"product_cat-data-comemorativa-5-ano","10":"product_cat-historia-4-ano","11":"product_cat-historia-5-ano","12":"product_cat-recursos-didaticos-4-ano","13":"product_cat-recursos-didaticos-5-ano","14":"product_tag-atividade-interativa","15":"product_tag-atividades-interativas-historia","16":"product_tag-historia-do-brasil","17":"product_tag-historia-do-brasil-4o-ano","18":"product_tag-historia-do-brasil-5o-ano","19":"product_tag-materiais-pedagogicos-historia","20":"product_tag-proclamacao-da-republica","21":"product_tag-proclamacao-da-republica-atividades","22":"product_tag-proclamacao-da-republica-ensino-fundamental","23":"product_tag-proclamacao-da-republica-para-imprimir","24":"product_tag-recurso-didatico-historia","25":"product_tag-republica","26":"product_tag-zine","27":"product_tag-zine-educativo-historia-do-brasil","28":"product_tag-zine-proclamacao-da-republica","30":"first","31":"instock","32":"downloadable","33":"virtual","34":"sold-individually","35":"purchasable","36":"product-type-simple"},"yoast_head":"<!-- This site is optimized with the Yoast SEO plugin v27.6 - https:\/\/yoast.com\/product\/yoast-seo-wordpress\/ -->\n<title>Zine Proclama\u00e7\u00e3o da Rep\u00fablica - Loja SOS Professor Atividades<\/title>\n<meta name=\"description\" content=\"Zine Proclama\u00e7\u00e3o da Rep\u00fablica: recurso did\u00e1tico para 4\u00ba e 5\u00ba ano que torna a hist\u00f3ria do Brasil divertida, interativa e f\u00e1cil de aprender.\" \/>\n<meta name=\"robots\" content=\"index, follow, max-snippet:-1, max-image-preview:large, max-video-preview:-1\" \/>\n<link rel=\"canonical\" href=\"https:\/\/lojasosprofessoratividades.com.br\/en\/product\/zine-proclamacao-da-republica\/\" \/>\n<meta property=\"og:locale\" content=\"en_US\" \/>\n<meta property=\"og:type\" content=\"article\" \/>\n<meta property=\"og:title\" content=\"Zine Proclama\u00e7\u00e3o da Rep\u00fablica - Loja SOS Professor Atividades\" \/>\n<meta property=\"og:description\" content=\"Zine Proclama\u00e7\u00e3o da Rep\u00fablica: recurso did\u00e1tico para 4\u00ba e 5\u00ba ano que torna a hist\u00f3ria do Brasil divertida, interativa e f\u00e1cil de aprender.\" \/>\n<meta property=\"og:url\" content=\"https:\/\/lojasosprofessoratividades.com.br\/en\/product\/zine-proclamacao-da-republica\/\" \/>\n<meta property=\"og:site_name\" content=\"Loja SOS Professor Atividades\" \/>\n<meta property=\"article:publisher\" content=\"https:\/\/www.facebook.com\/sosprofessoratividades\" \/>\n<meta property=\"article:modified_time\" content=\"2026-05-08T17:26:12+00:00\" \/>\n<meta property=\"og:image\" content=\"https:\/\/lojasosprofessoratividades.com.br\/wp-content\/uploads\/2023\/10\/1-8.jpg\" \/>\n\t<meta property=\"og:image:width\" content=\"800\" \/>\n\t<meta property=\"og:image:height\" content=\"693\" \/>\n\t<meta property=\"og:image:type\" content=\"image\/jpeg\" \/>\n<meta name=\"twitter:card\" content=\"summary_large_image\" \/>\n<meta name=\"twitter:label1\" content=\"Est. reading time\" \/>\n\t<meta name=\"twitter:data1\" content=\"1 minute\" \/>\n<script type=\"application\/ld+json\" class=\"yoast-schema-graph\">{\"@context\":\"https:\\\/\\\/schema.org\",\"@graph\":[{\"@type\":\"WebPage\",\"@id\":\"https:\\\/\\\/lojasosprofessoratividades.com.br\\\/produto\\\/zine-proclamacao-da-republica\\\/\",\"url\":\"https:\\\/\\\/lojasosprofessoratividades.com.br\\\/produto\\\/zine-proclamacao-da-republica\\\/\",\"name\":\"Zine Proclama\u00e7\u00e3o da Rep\u00fablica - Loja SOS Professor Atividades\",\"isPartOf\":{\"@id\":\"https:\\\/\\\/lojasosprofessoratividades.com.br\\\/#website\"},\"primaryImageOfPage\":{\"@id\":\"https:\\\/\\\/lojasosprofessoratividades.com.br\\\/produto\\\/zine-proclamacao-da-republica\\\/#primaryimage\"},\"image\":{\"@id\":\"https:\\\/\\\/lojasosprofessoratividades.com.br\\\/produto\\\/zine-proclamacao-da-republica\\\/#primaryimage\"},\"thumbnailUrl\":\"https:\\\/\\\/lojasosprofessoratividades.com.br\\\/wp-content\\\/uploads\\\/2023\\\/10\\\/1-8.jpg\",\"datePublished\":\"2025-10-29T15:00:26+00:00\",\"dateModified\":\"2026-05-08T17:26:12+00:00\",\"description\":\"Zine Proclama\u00e7\u00e3o da Rep\u00fablica: recurso did\u00e1tico para 4\u00ba e 5\u00ba ano que torna a hist\u00f3ria do Brasil divertida, interativa e f\u00e1cil de aprender.\",\"breadcrumb\":{\"@id\":\"https:\\\/\\\/lojasosprofessoratividades.com.br\\\/produto\\\/zine-proclamacao-da-republica\\\/#breadcrumb\"},\"inLanguage\":\"en-US\",\"potentialAction\":[{\"@type\":\"ReadAction\",\"target\":[\"https:\\\/\\\/lojasosprofessoratividades.com.br\\\/produto\\\/zine-proclamacao-da-republica\\\/\"]}]},{\"@type\":\"ImageObject\",\"inLanguage\":\"en-US\",\"@id\":\"https:\\\/\\\/lojasosprofessoratividades.com.br\\\/produto\\\/zine-proclamacao-da-republica\\\/#primaryimage\",\"url\":\"https:\\\/\\\/lojasosprofessoratividades.com.br\\\/wp-content\\\/uploads\\\/2023\\\/10\\\/1-8.jpg\",\"contentUrl\":\"https:\\\/\\\/lojasosprofessoratividades.com.br\\\/wp-content\\\/uploads\\\/2023\\\/10\\\/1-8.jpg\",\"width\":800,\"height\":693,\"caption\":\"zine proclama\u00e7\u00e3o da rep\u00fablica\"},{\"@type\":\"BreadcrumbList\",\"@id\":\"https:\\\/\\\/lojasosprofessoratividades.com.br\\\/produto\\\/zine-proclamacao-da-republica\\\/#breadcrumb\",\"itemListElement\":[{\"@type\":\"ListItem\",\"position\":1,\"name\":\"In\u00edcio\",\"item\":\"https:\\\/\\\/lojasosprofessoratividades.com.br\\\/\"},{\"@type\":\"ListItem\",\"position\":2,\"name\":\"Loja\",\"item\":\"https:\\\/\\\/lojasosprofessoratividades.com.br\\\/loja\\\/\"},{\"@type\":\"ListItem\",\"position\":3,\"name\":\"Zine Proclama\u00e7\u00e3o da Rep\u00fablica\"}]},{\"@type\":\"WebSite\",\"@id\":\"https:\\\/\\\/lojasosprofessoratividades.com.br\\\/#website\",\"url\":\"https:\\\/\\\/lojasosprofessoratividades.com.br\\\/\",\"name\":\"Loja SOS Professor Atividades\",\"description\":\"Venda de material did\u00e1tico para o ensino fundamental\",\"publisher\":{\"@id\":\"https:\\\/\\\/lojasosprofessoratividades.com.br\\\/#organization\"},\"potentialAction\":[{\"@type\":\"SearchAction\",\"target\":{\"@type\":\"EntryPoint\",\"urlTemplate\":\"https:\\\/\\\/lojasosprofessoratividades.com.br\\\/?s={search_term_string}\"},\"query-input\":{\"@type\":\"PropertyValueSpecification\",\"valueRequired\":true,\"valueName\":\"search_term_string\"}}],\"inLanguage\":\"en-US\"},{\"@type\":\"Organization\",\"@id\":\"https:\\\/\\\/lojasosprofessoratividades.com.br\\\/#organization\",\"name\":\"Loja SOS Professor Atividades\",\"url\":\"https:\\\/\\\/lojasosprofessoratividades.com.br\\\/\",\"logo\":{\"@type\":\"ImageObject\",\"inLanguage\":\"en-US\",\"@id\":\"https:\\\/\\\/lojasosprofessoratividades.com.br\\\/#\\\/schema\\\/logo\\\/image\\\/\",\"url\":\"http:\\\/\\\/lojasosprofessoratividades.com.br\\\/wp-content\\\/uploads\\\/2022\\\/04\\\/Logo.png\",\"contentUrl\":\"http:\\\/\\\/lojasosprofessoratividades.com.br\\\/wp-content\\\/uploads\\\/2022\\\/04\\\/Logo.png\",\"width\":2000,\"height\":2000,\"caption\":\"Loja SOS Professor Atividades\"},\"image\":{\"@id\":\"https:\\\/\\\/lojasosprofessoratividades.com.br\\\/#\\\/schema\\\/logo\\\/image\\\/\"},\"sameAs\":[\"https:\\\/\\\/www.facebook.com\\\/sosprofessoratividades\",\"https:\\\/\\\/www.instagram.com\\\/sosprofessoratividades\\\/\"]}]}<\/script>\n<!-- \/ Yoast SEO plugin. -->","yoast_head_json":{"title":"Zine Proclama\u00e7\u00e3o da Rep\u00fablica - Loja SOS Professor Atividades","description":"Zine Proclama\u00e7\u00e3o da Rep\u00fablica: recurso did\u00e1tico para 4\u00ba e 5\u00ba ano que torna a hist\u00f3ria do Brasil divertida, interativa e f\u00e1cil de aprender.","robots":{"index":"index","follow":"follow","max-snippet":"max-snippet:-1","max-image-preview":"max-image-preview:large","max-video-preview":"max-video-preview:-1"},"canonical":"https:\/\/lojasosprofessoratividades.com.br\/en\/product\/zine-proclamacao-da-republica\/","og_locale":"en_US","og_type":"article","og_title":"Zine Proclama\u00e7\u00e3o da Rep\u00fablica - Loja SOS Professor Atividades","og_description":"Zine Proclama\u00e7\u00e3o da Rep\u00fablica: recurso did\u00e1tico para 4\u00ba e 5\u00ba ano que torna a hist\u00f3ria do Brasil divertida, interativa e f\u00e1cil de aprender.","og_url":"https:\/\/lojasosprofessoratividades.com.br\/en\/product\/zine-proclamacao-da-republica\/","og_site_name":"Loja SOS Professor Atividades","article_publisher":"https:\/\/www.facebook.com\/sosprofessoratividades","article_modified_time":"2026-05-08T17:26:12+00:00","og_image":[{"width":800,"height":693,"url":"https:\/\/lojasosprofessoratividades.com.br\/wp-content\/uploads\/2023\/10\/1-8.jpg","type":"image\/jpeg"}],"twitter_card":"summary_large_image","twitter_misc":{"Est. reading time":"1 minute"},"schema":{"@context":"https:\/\/schema.org","@graph":[{"@type":"WebPage","@id":"https:\/\/lojasosprofessoratividades.com.br\/produto\/zine-proclamacao-da-republica\/","url":"https:\/\/lojasosprofessoratividades.com.br\/produto\/zine-proclamacao-da-republica\/","name":"Zine Proclama\u00e7\u00e3o da Rep\u00fablica - Loja SOS Professor Atividades","isPartOf":{"@id":"https:\/\/lojasosprofessoratividades.com.br\/#website"},"primaryImageOfPage":{"@id":"https:\/\/lojasosprofessoratividades.com.br\/produto\/zine-proclamacao-da-republica\/#primaryimage"},"image":{"@id":"https:\/\/lojasosprofessoratividades.com.br\/produto\/zine-proclamacao-da-republica\/#primaryimage"},"thumbnailUrl":"https:\/\/lojasosprofessoratividades.com.br\/wp-content\/uploads\/2023\/10\/1-8.jpg","datePublished":"2025-10-29T15:00:26+00:00","dateModified":"2026-05-08T17:26:12+00:00","description":"Zine Proclama\u00e7\u00e3o da Rep\u00fablica: recurso did\u00e1tico para 4\u00ba e 5\u00ba ano que torna a hist\u00f3ria do Brasil divertida, interativa e f\u00e1cil de aprender.","breadcrumb":{"@id":"https:\/\/lojasosprofessoratividades.com.br\/produto\/zine-proclamacao-da-republica\/#breadcrumb"},"inLanguage":"en-US","potentialAction":[{"@type":"ReadAction","target":["https:\/\/lojasosprofessoratividades.com.br\/produto\/zine-proclamacao-da-republica\/"]}]},{"@type":"ImageObject","inLanguage":"en-US","@id":"https:\/\/lojasosprofessoratividades.com.br\/produto\/zine-proclamacao-da-republica\/#primaryimage","url":"https:\/\/lojasosprofessoratividades.com.br\/wp-content\/uploads\/2023\/10\/1-8.jpg","contentUrl":"https:\/\/lojasosprofessoratividades.com.br\/wp-content\/uploads\/2023\/10\/1-8.jpg","width":800,"height":693,"caption":"zine proclama\u00e7\u00e3o da rep\u00fablica"},{"@type":"BreadcrumbList","@id":"https:\/\/lojasosprofessoratividades.com.br\/produto\/zine-proclamacao-da-republica\/#breadcrumb","itemListElement":[{"@type":"ListItem","position":1,"name":"In\u00edcio","item":"https:\/\/lojasosprofessoratividades.com.br\/"},{"@type":"ListItem","position":2,"name":"Loja","item":"https:\/\/lojasosprofessoratividades.com.br\/loja\/"},{"@type":"ListItem","position":3,"name":"Zine Proclama\u00e7\u00e3o da Rep\u00fablica"}]},{"@type":"WebSite","@id":"https:\/\/lojasosprofessoratividades.com.br\/#website","url":"https:\/\/lojasosprofessoratividades.com.br\/","name":"Loja SOS Professor Atividades","description":"Venda de material did\u00e1tico para o ensino fundamental","publisher":{"@id":"https:\/\/lojasosprofessoratividades.com.br\/#organization"},"potentialAction":[{"@type":"SearchAction","target":{"@type":"EntryPoint","urlTemplate":"https:\/\/lojasosprofessoratividades.com.br\/?s={search_term_string}"},"query-input":{"@type":"PropertyValueSpecification","valueRequired":true,"valueName":"search_term_string"}}],"inLanguage":"en-US"},{"@type":"Organization","@id":"https:\/\/lojasosprofessoratividades.com.br\/#organization","name":"Loja SOS Professor Atividades","url":"https:\/\/lojasosprofessoratividades.com.br\/","logo":{"@type":"ImageObject","inLanguage":"en-US","@id":"https:\/\/lojasosprofessoratividades.com.br\/#\/schema\/logo\/image\/","url":"http:\/\/lojasosprofessoratividades.com.br\/wp-content\/uploads\/2022\/04\/Logo.png","contentUrl":"http:\/\/lojasosprofessoratividades.com.br\/wp-content\/uploads\/2022\/04\/Logo.png","width":2000,"height":2000,"caption":"Loja SOS Professor Atividades"},"image":{"@id":"https:\/\/lojasosprofessoratividades.com.br\/#\/schema\/logo\/image\/"},"sameAs":["https:\/\/www.facebook.com\/sosprofessoratividades","https:\/\/www.instagram.com\/sosprofessoratividades\/"]}]}},"_links":{"self":[{"href":"https:\/\/lojasosprofessoratividades.com.br\/en\/wp-json\/wp\/v2\/product\/28224","targetHints":{"allow":["GET"]}}],"collection":[{"href":"https:\/\/lojasosprofessoratividades.com.br\/en\/wp-json\/wp\/v2\/product"}],"about":[{"href":"https:\/\/lojasosprofessoratividades.com.br\/en\/wp-json\/wp\/v2\/types\/product"}],"replies":[{"embeddable":true,"href":"https:\/\/lojasosprofessoratividades.com.br\/en\/wp-json\/wp\/v2\/comments?post=28224"}],"wp:featuredmedia":[{"embeddable":true,"href":"https:\/\/lojasosprofessoratividades.com.br\/en\/wp-json\/wp\/v2\/media\/28225"}],"wp:attachment":[{"href":"https:\/\/lojasosprofessoratividades.com.br\/en\/wp-json\/wp\/v2\/media?parent=28224"}],"wp:term":[{"taxonomy":"product_brand","embeddable":true,"href":"https:\/\/lojasosprofessoratividades.com.br\/en\/wp-json\/wp\/v2\/product_brand?post=28224"},{"taxonomy":"product_cat","embeddable":true,"href":"https:\/\/lojasosprofessoratividades.com.br\/en\/wp-json\/wp\/v2\/product_cat?post=28224"},{"taxonomy":"product_tag","embeddable":true,"href":"https:\/\/lojasosprofessoratividades.com.br\/en\/wp-json\/wp\/v2\/product_tag?post=28224"}],"curies":[{"name":"wp","href":"https:\/\/api.w.org\/{rel}","templated":true}]}}