{"id":28380,"date":"2023-11-04T19:54:55","date_gmt":"2023-11-04T22:54:55","guid":{"rendered":"https:\/\/lojasosprofessoratividades.com.br\/?post_type=product&#038;p=28380"},"modified":"2026-05-08T16:14:44","modified_gmt":"2026-05-08T19:14:44","slug":"cartaz-de-natal-selfie","status":"publish","type":"product","link":"https:\/\/lojasosprofessoratividades.com.br\/en\/product\/cartaz-de-natal-selfie\/","title":{"rendered":"Cartaz de Natal &#8211; Selfie"},"content":{"rendered":"","protected":false},"excerpt":{"rendered":"<p>Est\u00e1 chegando a \u00e9poca mais encantadora do ano e temos algo incr\u00edvel para deixar a celebra\u00e7\u00e3o do Natal na sua escola ainda mais especial! Apresentamos o &#8220;Cartaz de Natal &#8211; Selfie&#8221;, uma maneira \u00fanica e divertida de lembrar a todos que o verdadeiro aniversariante do dia 25 de dezembro \u00e9 o Menino Jesus.<\/p>\n<p>\ud83c\udf1f Destaques do Cartaz de Natal &#8211; Selfie:<\/p>\n<p>\ud83d\udcf8 Um lindo cartaz natalino: Desenvolvido com cores vibrantes e elementos natalinos encantadores, nosso cartaz certamente criar\u00e1 um ambiente festivo na sua escola. Apresenta a op\u00e7\u00e3o ampliada em 12 folhas A4 e a ampli\u00e1vel no tamanho A4.<\/p>\n<p>\ud83e\udd33 Espa\u00e7o para selfies: Coloque o cartaz onde os alunos, professores e suas fam\u00edlias possam tirar selfies com o Menino Jesus, tornando-o o centro das aten\u00e7\u00f5es.<\/p>\n<p>\ud83c\udf89 Celebre o verdadeiro significado do Natal: Esta \u00e9 uma maneira \u00fanica e divertida de lembrar a todos sobre o aniversariante mais importante do dia, promovendo valores crist\u00e3os e refor\u00e7ando a mensagem de amor, esperan\u00e7a e solidariedade.<\/p>\n<p>\ud83d\udc69\u200d\ud83c\udfeb F\u00e1cil de usar: O cartaz \u00e9 de f\u00e1cil instala\u00e7\u00e3o e pode ser personalizado de acordo com a sua escola.<\/p>\n<p>\ud83c\udf81 Fa\u00e7a do Natal uma experi\u00eancia inesquec\u00edvel na sua escola: Adquira o Cartaz de Natal &#8211; Selfie agora e fa\u00e7a desta temporada um momento memor\u00e1vel para todos na sua comunidade escolar.<\/p>\n<p><strong>N\u00e3o<\/strong> edit\u00e1vel.<\/p>\n<h3>N\u00e3o enviamos por e-mail, a entrega \u00e9 via link para download.\u00a0<img decoding=\"async\" class=\"emoji\" role=\"img\" draggable=\"false\" src=\"https:\/\/s.w.org\/images\/core\/emoji\/16.0.1\/svg\/1f447.svg\" alt=\"\ud83d\udc47\" \/><\/h3>\n<p><img loading=\"lazy\" decoding=\"async\" class=\"alignnone wp-image-31375 size-full\" src=\"https:\/\/lojasosprofessoratividades.com.br\/wp-content\/uploads\/2024\/08\/Aviso-Loja.jpg\" alt=\"\" width=\"446\" height=\"251\" srcset=\"https:\/\/lojasosprofessoratividades.com.br\/wp-content\/uploads\/2024\/08\/Aviso-Loja.jpg 446w, https:\/\/lojasosprofessoratividades.com.br\/wp-content\/uploads\/2024\/08\/Aviso-Loja-300x169.jpg 300w, https:\/\/lojasosprofessoratividades.com.br\/wp-content\/uploads\/2024\/08\/Aviso-Loja-18x10.jpg 18w\" sizes=\"auto, (max-width: 446px) 100vw, 446px\" \/><\/p>","protected":false},"featured_media":28382,"comment_status":"open","ping_status":"closed","template":"","meta":[],"product_brand":[],"product_cat":[122,123,124,125,127,216,218,214,210,212,126,220,211,217,213,209,215],"product_tag":[894,340,341,3184,3186,3167,246,3175,245,3187,3182,339,976,3176,3188,3190,3185,228,3189],"class_list":{"0":"post-28380","1":"product","2":"type-product","3":"status-publish","4":"has-post-thumbnail","6":"product_cat-1o-ano","7":"product_cat-2o-ano","8":"product_cat-3o-ano","9":"product_cat-4o-ano","10":"product_cat-5o-ano","11":"product_cat-data-comemorativa-4-ano","12":"product_cat-data-comemorativa-5-ano","13":"product_cat-data-comemorativa-3-ano","14":"product_cat-data-comemorativa-1-ano","15":"product_cat-data-comemorativa-2-ano","16":"product_cat-educacao-infantil","17":"product_cat-o-eu-o-outro-o-nos","18":"product_cat-recursos-didaticos-2-ano","19":"product_cat-recursos-didaticos-5-ano","20":"product_cat-recursos-didaticos-3-ano","21":"product_cat-recursos-didaticos-1-ano","22":"product_cat-recursos-didaticos-4-ano","23":"product_tag-atividades-natalinas","24":"product_tag-cartaz","25":"product_tag-cartaz-de-natal","26":"product_tag-cartaz-natalino-escola","27":"product_tag-decoracao-de-natal-escola","28":"product_tag-decoracao-pedagogica-natal","29":"product_tag-educacao-infantil","30":"product_tag-enfeite-natal-escola","31":"product_tag-ensino-fundamental","32":"product_tag-lembranca-natalina","33":"product_tag-mural-natalino","34":"product_tag-natal","35":"product_tag-natal-escolar","36":"product_tag-natal-infantil","37":"product_tag-natal-sala-de-aula","38":"product_tag-painel-natal-professor","39":"product_tag-painel-natal-selfie","40":"product_tag-recurso-didatico","41":"product_tag-selfie-natal-escola","43":"first","44":"instock","45":"downloadable","46":"virtual","47":"sold-individually","48":"purchasable","49":"product-type-simple"},"yoast_head":"<!-- This site is optimized with the Yoast SEO plugin v27.6 - https:\/\/yoast.com\/product\/yoast-seo-wordpress\/ -->\n<title>Cartaz de Natal - Selfie - Loja SOS Professor Atividades<\/title>\n<meta name=\"description\" content=\"Transforme o Natal da sua escola com o Cartaz de Natal Selfie! Uma lembran\u00e7a divertida e encantadora para fotos, mem\u00f3rias e muita magia natalina.\" \/>\n<meta name=\"robots\" content=\"index, follow, max-snippet:-1, max-image-preview:large, max-video-preview:-1\" \/>\n<link rel=\"canonical\" href=\"https:\/\/lojasosprofessoratividades.com.br\/en\/product\/cartaz-de-natal-selfie\/\" \/>\n<meta property=\"og:locale\" content=\"en_US\" \/>\n<meta property=\"og:type\" content=\"article\" \/>\n<meta property=\"og:title\" content=\"Cartaz de Natal - Selfie - Loja SOS Professor Atividades\" \/>\n<meta property=\"og:description\" content=\"Transforme o Natal da sua escola com o Cartaz de Natal Selfie! Uma lembran\u00e7a divertida e encantadora para fotos, mem\u00f3rias e muita magia natalina.\" \/>\n<meta property=\"og:url\" content=\"https:\/\/lojasosprofessoratividades.com.br\/en\/product\/cartaz-de-natal-selfie\/\" \/>\n<meta property=\"og:site_name\" content=\"Loja SOS Professor Atividades\" \/>\n<meta property=\"article:publisher\" content=\"https:\/\/www.facebook.com\/sosprofessoratividades\" \/>\n<meta property=\"article:modified_time\" content=\"2026-05-08T19:14:44+00:00\" \/>\n<meta property=\"og:image\" content=\"https:\/\/lojasosprofessoratividades.com.br\/wp-content\/uploads\/2023\/11\/1.jpg\" \/>\n\t<meta property=\"og:image:width\" content=\"800\" \/>\n\t<meta property=\"og:image:height\" content=\"693\" \/>\n\t<meta property=\"og:image:type\" content=\"image\/jpeg\" \/>\n<meta name=\"twitter:card\" content=\"summary_large_image\" \/>\n<meta name=\"twitter:label1\" content=\"Est. reading time\" \/>\n\t<meta name=\"twitter:data1\" content=\"1 minute\" \/>\n<script type=\"application\/ld+json\" class=\"yoast-schema-graph\">{\"@context\":\"https:\\\/\\\/schema.org\",\"@graph\":[{\"@type\":\"WebPage\",\"@id\":\"https:\\\/\\\/lojasosprofessoratividades.com.br\\\/produto\\\/cartaz-de-natal-selfie\\\/\",\"url\":\"https:\\\/\\\/lojasosprofessoratividades.com.br\\\/produto\\\/cartaz-de-natal-selfie\\\/\",\"name\":\"Cartaz de Natal - Selfie - Loja SOS Professor Atividades\",\"isPartOf\":{\"@id\":\"https:\\\/\\\/lojasosprofessoratividades.com.br\\\/#website\"},\"primaryImageOfPage\":{\"@id\":\"https:\\\/\\\/lojasosprofessoratividades.com.br\\\/produto\\\/cartaz-de-natal-selfie\\\/#primaryimage\"},\"image\":{\"@id\":\"https:\\\/\\\/lojasosprofessoratividades.com.br\\\/produto\\\/cartaz-de-natal-selfie\\\/#primaryimage\"},\"thumbnailUrl\":\"https:\\\/\\\/lojasosprofessoratividades.com.br\\\/wp-content\\\/uploads\\\/2023\\\/11\\\/1.jpg\",\"datePublished\":\"2023-11-04T22:54:55+00:00\",\"dateModified\":\"2026-05-08T19:14:44+00:00\",\"description\":\"Transforme o Natal da sua escola com o Cartaz de Natal Selfie! Uma lembran\u00e7a divertida e encantadora para fotos, mem\u00f3rias e muita magia natalina.\",\"breadcrumb\":{\"@id\":\"https:\\\/\\\/lojasosprofessoratividades.com.br\\\/produto\\\/cartaz-de-natal-selfie\\\/#breadcrumb\"},\"inLanguage\":\"en-US\",\"potentialAction\":[{\"@type\":\"ReadAction\",\"target\":[\"https:\\\/\\\/lojasosprofessoratividades.com.br\\\/produto\\\/cartaz-de-natal-selfie\\\/\"]}]},{\"@type\":\"ImageObject\",\"inLanguage\":\"en-US\",\"@id\":\"https:\\\/\\\/lojasosprofessoratividades.com.br\\\/produto\\\/cartaz-de-natal-selfie\\\/#primaryimage\",\"url\":\"https:\\\/\\\/lojasosprofessoratividades.com.br\\\/wp-content\\\/uploads\\\/2023\\\/11\\\/1.jpg\",\"contentUrl\":\"https:\\\/\\\/lojasosprofessoratividades.com.br\\\/wp-content\\\/uploads\\\/2023\\\/11\\\/1.jpg\",\"width\":800,\"height\":693,\"caption\":\"Cartaz de Natal - Selfie\"},{\"@type\":\"BreadcrumbList\",\"@id\":\"https:\\\/\\\/lojasosprofessoratividades.com.br\\\/produto\\\/cartaz-de-natal-selfie\\\/#breadcrumb\",\"itemListElement\":[{\"@type\":\"ListItem\",\"position\":1,\"name\":\"In\u00edcio\",\"item\":\"https:\\\/\\\/lojasosprofessoratividades.com.br\\\/\"},{\"@type\":\"ListItem\",\"position\":2,\"name\":\"Loja\",\"item\":\"https:\\\/\\\/lojasosprofessoratividades.com.br\\\/loja\\\/\"},{\"@type\":\"ListItem\",\"position\":3,\"name\":\"Cartaz de Natal &#8211; Selfie\"}]},{\"@type\":\"WebSite\",\"@id\":\"https:\\\/\\\/lojasosprofessoratividades.com.br\\\/#website\",\"url\":\"https:\\\/\\\/lojasosprofessoratividades.com.br\\\/\",\"name\":\"Loja SOS Professor Atividades\",\"description\":\"Venda de material did\u00e1tico para o ensino fundamental\",\"publisher\":{\"@id\":\"https:\\\/\\\/lojasosprofessoratividades.com.br\\\/#organization\"},\"potentialAction\":[{\"@type\":\"SearchAction\",\"target\":{\"@type\":\"EntryPoint\",\"urlTemplate\":\"https:\\\/\\\/lojasosprofessoratividades.com.br\\\/?s={search_term_string}\"},\"query-input\":{\"@type\":\"PropertyValueSpecification\",\"valueRequired\":true,\"valueName\":\"search_term_string\"}}],\"inLanguage\":\"en-US\"},{\"@type\":\"Organization\",\"@id\":\"https:\\\/\\\/lojasosprofessoratividades.com.br\\\/#organization\",\"name\":\"Loja SOS Professor Atividades\",\"url\":\"https:\\\/\\\/lojasosprofessoratividades.com.br\\\/\",\"logo\":{\"@type\":\"ImageObject\",\"inLanguage\":\"en-US\",\"@id\":\"https:\\\/\\\/lojasosprofessoratividades.com.br\\\/#\\\/schema\\\/logo\\\/image\\\/\",\"url\":\"http:\\\/\\\/lojasosprofessoratividades.com.br\\\/wp-content\\\/uploads\\\/2022\\\/04\\\/Logo.png\",\"contentUrl\":\"http:\\\/\\\/lojasosprofessoratividades.com.br\\\/wp-content\\\/uploads\\\/2022\\\/04\\\/Logo.png\",\"width\":2000,\"height\":2000,\"caption\":\"Loja SOS Professor Atividades\"},\"image\":{\"@id\":\"https:\\\/\\\/lojasosprofessoratividades.com.br\\\/#\\\/schema\\\/logo\\\/image\\\/\"},\"sameAs\":[\"https:\\\/\\\/www.facebook.com\\\/sosprofessoratividades\",\"https:\\\/\\\/www.instagram.com\\\/sosprofessoratividades\\\/\"]}]}<\/script>\n<!-- \/ Yoast SEO plugin. -->","yoast_head_json":{"title":"Cartaz de Natal - Selfie - Loja SOS Professor Atividades","description":"Transforme o Natal da sua escola com o Cartaz de Natal Selfie! Uma lembran\u00e7a divertida e encantadora para fotos, mem\u00f3rias e muita magia natalina.","robots":{"index":"index","follow":"follow","max-snippet":"max-snippet:-1","max-image-preview":"max-image-preview:large","max-video-preview":"max-video-preview:-1"},"canonical":"https:\/\/lojasosprofessoratividades.com.br\/en\/product\/cartaz-de-natal-selfie\/","og_locale":"en_US","og_type":"article","og_title":"Cartaz de Natal - Selfie - Loja SOS Professor Atividades","og_description":"Transforme o Natal da sua escola com o Cartaz de Natal Selfie! Uma lembran\u00e7a divertida e encantadora para fotos, mem\u00f3rias e muita magia natalina.","og_url":"https:\/\/lojasosprofessoratividades.com.br\/en\/product\/cartaz-de-natal-selfie\/","og_site_name":"Loja SOS Professor Atividades","article_publisher":"https:\/\/www.facebook.com\/sosprofessoratividades","article_modified_time":"2026-05-08T19:14:44+00:00","og_image":[{"width":800,"height":693,"url":"https:\/\/lojasosprofessoratividades.com.br\/wp-content\/uploads\/2023\/11\/1.jpg","type":"image\/jpeg"}],"twitter_card":"summary_large_image","twitter_misc":{"Est. reading time":"1 minute"},"schema":{"@context":"https:\/\/schema.org","@graph":[{"@type":"WebPage","@id":"https:\/\/lojasosprofessoratividades.com.br\/produto\/cartaz-de-natal-selfie\/","url":"https:\/\/lojasosprofessoratividades.com.br\/produto\/cartaz-de-natal-selfie\/","name":"Cartaz de Natal - Selfie - Loja SOS Professor Atividades","isPartOf":{"@id":"https:\/\/lojasosprofessoratividades.com.br\/#website"},"primaryImageOfPage":{"@id":"https:\/\/lojasosprofessoratividades.com.br\/produto\/cartaz-de-natal-selfie\/#primaryimage"},"image":{"@id":"https:\/\/lojasosprofessoratividades.com.br\/produto\/cartaz-de-natal-selfie\/#primaryimage"},"thumbnailUrl":"https:\/\/lojasosprofessoratividades.com.br\/wp-content\/uploads\/2023\/11\/1.jpg","datePublished":"2023-11-04T22:54:55+00:00","dateModified":"2026-05-08T19:14:44+00:00","description":"Transforme o Natal da sua escola com o Cartaz de Natal Selfie! Uma lembran\u00e7a divertida e encantadora para fotos, mem\u00f3rias e muita magia natalina.","breadcrumb":{"@id":"https:\/\/lojasosprofessoratividades.com.br\/produto\/cartaz-de-natal-selfie\/#breadcrumb"},"inLanguage":"en-US","potentialAction":[{"@type":"ReadAction","target":["https:\/\/lojasosprofessoratividades.com.br\/produto\/cartaz-de-natal-selfie\/"]}]},{"@type":"ImageObject","inLanguage":"en-US","@id":"https:\/\/lojasosprofessoratividades.com.br\/produto\/cartaz-de-natal-selfie\/#primaryimage","url":"https:\/\/lojasosprofessoratividades.com.br\/wp-content\/uploads\/2023\/11\/1.jpg","contentUrl":"https:\/\/lojasosprofessoratividades.com.br\/wp-content\/uploads\/2023\/11\/1.jpg","width":800,"height":693,"caption":"Cartaz de Natal - Selfie"},{"@type":"BreadcrumbList","@id":"https:\/\/lojasosprofessoratividades.com.br\/produto\/cartaz-de-natal-selfie\/#breadcrumb","itemListElement":[{"@type":"ListItem","position":1,"name":"In\u00edcio","item":"https:\/\/lojasosprofessoratividades.com.br\/"},{"@type":"ListItem","position":2,"name":"Loja","item":"https:\/\/lojasosprofessoratividades.com.br\/loja\/"},{"@type":"ListItem","position":3,"name":"Cartaz de Natal &#8211; Selfie"}]},{"@type":"WebSite","@id":"https:\/\/lojasosprofessoratividades.com.br\/#website","url":"https:\/\/lojasosprofessoratividades.com.br\/","name":"Loja SOS Professor Atividades","description":"Venda de material did\u00e1tico para o ensino fundamental","publisher":{"@id":"https:\/\/lojasosprofessoratividades.com.br\/#organization"},"potentialAction":[{"@type":"SearchAction","target":{"@type":"EntryPoint","urlTemplate":"https:\/\/lojasosprofessoratividades.com.br\/?s={search_term_string}"},"query-input":{"@type":"PropertyValueSpecification","valueRequired":true,"valueName":"search_term_string"}}],"inLanguage":"en-US"},{"@type":"Organization","@id":"https:\/\/lojasosprofessoratividades.com.br\/#organization","name":"Loja SOS Professor Atividades","url":"https:\/\/lojasosprofessoratividades.com.br\/","logo":{"@type":"ImageObject","inLanguage":"en-US","@id":"https:\/\/lojasosprofessoratividades.com.br\/#\/schema\/logo\/image\/","url":"http:\/\/lojasosprofessoratividades.com.br\/wp-content\/uploads\/2022\/04\/Logo.png","contentUrl":"http:\/\/lojasosprofessoratividades.com.br\/wp-content\/uploads\/2022\/04\/Logo.png","width":2000,"height":2000,"caption":"Loja SOS Professor Atividades"},"image":{"@id":"https:\/\/lojasosprofessoratividades.com.br\/#\/schema\/logo\/image\/"},"sameAs":["https:\/\/www.facebook.com\/sosprofessoratividades","https:\/\/www.instagram.com\/sosprofessoratividades\/"]}]}},"_links":{"self":[{"href":"https:\/\/lojasosprofessoratividades.com.br\/en\/wp-json\/wp\/v2\/product\/28380","targetHints":{"allow":["GET"]}}],"collection":[{"href":"https:\/\/lojasosprofessoratividades.com.br\/en\/wp-json\/wp\/v2\/product"}],"about":[{"href":"https:\/\/lojasosprofessoratividades.com.br\/en\/wp-json\/wp\/v2\/types\/product"}],"replies":[{"embeddable":true,"href":"https:\/\/lojasosprofessoratividades.com.br\/en\/wp-json\/wp\/v2\/comments?post=28380"}],"wp:featuredmedia":[{"embeddable":true,"href":"https:\/\/lojasosprofessoratividades.com.br\/en\/wp-json\/wp\/v2\/media\/28382"}],"wp:attachment":[{"href":"https:\/\/lojasosprofessoratividades.com.br\/en\/wp-json\/wp\/v2\/media?parent=28380"}],"wp:term":[{"taxonomy":"product_brand","embeddable":true,"href":"https:\/\/lojasosprofessoratividades.com.br\/en\/wp-json\/wp\/v2\/product_brand?post=28380"},{"taxonomy":"product_cat","embeddable":true,"href":"https:\/\/lojasosprofessoratividades.com.br\/en\/wp-json\/wp\/v2\/product_cat?post=28380"},{"taxonomy":"product_tag","embeddable":true,"href":"https:\/\/lojasosprofessoratividades.com.br\/en\/wp-json\/wp\/v2\/product_tag?post=28380"}],"curies":[{"name":"wp","href":"https:\/\/api.w.org\/{rel}","templated":true}]}}