{"id":28489,"date":"2025-11-21T14:00:07","date_gmt":"2025-11-21T17:00:07","guid":{"rendered":"https:\/\/lojasosprofessoratividades.com.br\/?post_type=product&#038;p=28489"},"modified":"2026-05-08T14:16:34","modified_gmt":"2026-05-08T17:16:34","slug":"o-sapateiro-e-os-elfos-atividades-e-livro-3d","status":"publish","type":"product","link":"https:\/\/lojasosprofessoratividades.com.br\/en\/product\/o-sapateiro-e-os-elfos-atividades-e-livro-3d\/","title":{"rendered":"O sapateiro e os elfos &#8211; Atividades e livro 3D"},"content":{"rendered":"","protected":false},"excerpt":{"rendered":"<p>Explore o mundo m\u00e1gico da leitura com &#8220;O Sapateiro e os Elfos&#8221;! Este arquivo exclusivo \u00e9 perfeito para suas turmas do 3\u00ba ao 5\u00ba ano, oferecendo n\u00e3o apenas um envolvente conto, mas tamb\u00e9m atividades educativas e at\u00e9 um livro 3D!<\/p>\n<p><strong>Recursos Inclu\u00eddos:<\/strong><\/p>\n<ol>\n<li>\ud83d\udcd6 <strong>Texto Encantador:<\/strong> Uma hist\u00f3ria cativante que despertar\u00e1 a imagina\u00e7\u00e3o de seus alunos, repleta de valores e li\u00e7\u00f5es valiosas.<\/li>\n<li>\ud83e\udde0 <strong>Atividades Interativas:<\/strong> Desenvolva habilidades de leitura, compreens\u00e3o e criatividade com atividades especialmente projetadas para complementar o conto.<\/li>\n<li>\ud83c\udf1f <strong>Livro 3D Exclusivo:<\/strong> Leve a narrativa a um novo n\u00edvel! Os alunos podem mergulhar na hist\u00f3ria com um livro 3D emocionante, trazendo os personagens \u00e0 vida de maneira \u00fanica.<\/li>\n<\/ol>\n<p><strong>Benef\u00edcios para seus Alunos:<\/strong><\/p>\n<ul>\n<li>Desenvolvimento da leitura cr\u00edtica.<\/li>\n<li>Est\u00edmulo \u00e0 criatividade e imagina\u00e7\u00e3o.<\/li>\n<li>Refor\u00e7o de habilidades lingu\u00edsticas.<\/li>\n<\/ul>\n<p>Adquira o seu agora e transforme suas aulas em uma jornada educativa e fascinante!<\/p>\n<p><em><strong>N\u00e3o<\/strong><\/em> edit\u00e1vel.<\/p>\n<h3>N\u00e3o enviamos por e-mail, a entrega \u00e9 via link para download. \ud83d\udc47<\/h3>\n<p><img loading=\"lazy\" decoding=\"async\" class=\"alignnone wp-image-32269 size-full\" src=\"https:\/\/lojasosprofessoratividades.com.br\/wp-content\/uploads\/2024\/10\/Aviso-Loja.jpg\" alt=\"\" width=\"446\" height=\"251\" srcset=\"https:\/\/lojasosprofessoratividades.com.br\/wp-content\/uploads\/2024\/10\/Aviso-Loja.jpg 446w, https:\/\/lojasosprofessoratividades.com.br\/wp-content\/uploads\/2024\/10\/Aviso-Loja-300x169.jpg 300w, https:\/\/lojasosprofessoratividades.com.br\/wp-content\/uploads\/2024\/10\/Aviso-Loja-18x10.jpg 18w\" sizes=\"auto, (max-width: 446px) 100vw, 446px\" \/><\/p>","protected":false},"featured_media":28521,"comment_status":"open","ping_status":"closed","template":"","meta":[],"product_brand":[],"product_cat":[124,125,127,216,218,214,195,204,189,215,217,213],"product_tag":[1144,3226,3221,3229,3228,353,3222,354,250,351,3223,3224,3225,352,3227,339,3220],"class_list":{"0":"post-28489","1":"product","2":"type-product","3":"status-publish","4":"has-post-thumbnail","6":"product_cat-3o-ano","7":"product_cat-4o-ano","8":"product_cat-5o-ano","9":"product_cat-data-comemorativa-4-ano","10":"product_cat-data-comemorativa-5-ano","11":"product_cat-data-comemorativa-3-ano","12":"product_cat-portugues-4-ano","13":"product_cat-portugues-5-anos","14":"product_cat-portugues-3-ano","15":"product_cat-recursos-didaticos-4-ano","16":"product_cat-recursos-didaticos-5-ano","17":"product_cat-recursos-didaticos-3-ano","18":"product_tag-arquivos-pedagogicos","19":"product_tag-atividades-de-leitura-fundamental-1","20":"product_tag-atividades-o-sapateiro-e-os-elfos","21":"product_tag-atividades-pedagogicas-de-leitura","22":"product_tag-conto-classico-infantil","23":"product_tag-conto-de-natal","24":"product_tag-conto-infantil-o-sapateiro-e-os-elfos","25":"product_tag-contos-natalinos","26":"product_tag-interpretacao-de-texto","27":"product_tag-irmaos-grenn","28":"product_tag-leitura-3o-ano","29":"product_tag-leitura-4o-ano","30":"product_tag-leitura-5o-ano","31":"product_tag-livro-3d","32":"product_tag-livro-3d-infantil","33":"product_tag-natal","34":"product_tag-o-sapateiro-e-os-elfos","36":"first","37":"instock","38":"downloadable","39":"virtual","40":"sold-individually","41":"purchasable","42":"product-type-simple"},"yoast_head":"<!-- This site is optimized with the Yoast SEO plugin v27.6 - https:\/\/yoast.com\/product\/yoast-seo-wordpress\/ -->\n<title>O sapateiro e os elfos - Atividades e livro 3D - Loja SOS Professor Atividades<\/title>\n<meta name=\"description\" content=\"Explore \u201cO Sapateiro e os Elfos\u201d! Conto e atividades educativas para o 3\u00ba ao 5\u00ba ano, com um encantador livro 3D cheio de aprendizado e magia!\" \/>\n<meta name=\"robots\" content=\"index, follow, max-snippet:-1, max-image-preview:large, max-video-preview:-1\" \/>\n<link rel=\"canonical\" href=\"https:\/\/lojasosprofessoratividades.com.br\/en\/product\/o-sapateiro-e-os-elfos-atividades-e-livro-3d\/\" \/>\n<meta property=\"og:locale\" content=\"en_US\" \/>\n<meta property=\"og:type\" content=\"article\" \/>\n<meta property=\"og:title\" content=\"O sapateiro e os elfos - Atividades e livro 3D - Loja SOS Professor Atividades\" \/>\n<meta property=\"og:description\" content=\"Explore \u201cO Sapateiro e os Elfos\u201d! Conto e atividades educativas para o 3\u00ba ao 5\u00ba ano, com um encantador livro 3D cheio de aprendizado e magia!\" \/>\n<meta property=\"og:url\" content=\"https:\/\/lojasosprofessoratividades.com.br\/en\/product\/o-sapateiro-e-os-elfos-atividades-e-livro-3d\/\" \/>\n<meta property=\"og:site_name\" content=\"Loja SOS Professor Atividades\" \/>\n<meta property=\"article:publisher\" content=\"https:\/\/www.facebook.com\/sosprofessoratividades\" \/>\n<meta property=\"article:modified_time\" content=\"2026-05-08T17:16:34+00:00\" \/>\n<meta property=\"og:image\" content=\"https:\/\/lojasosprofessoratividades.com.br\/wp-content\/uploads\/2023\/11\/o-sapateiro-e-os-elfos-1.jpg\" \/>\n\t<meta property=\"og:image:width\" content=\"800\" \/>\n\t<meta property=\"og:image:height\" content=\"693\" \/>\n\t<meta property=\"og:image:type\" content=\"image\/jpeg\" \/>\n<meta name=\"twitter:card\" content=\"summary_large_image\" \/>\n<meta name=\"twitter:label1\" content=\"Est. reading time\" \/>\n\t<meta name=\"twitter:data1\" content=\"1 minute\" \/>\n<script type=\"application\/ld+json\" class=\"yoast-schema-graph\">{\"@context\":\"https:\\\/\\\/schema.org\",\"@graph\":[{\"@type\":\"WebPage\",\"@id\":\"https:\\\/\\\/lojasosprofessoratividades.com.br\\\/produto\\\/o-sapateiro-e-os-elfos-atividades-e-livro-3d\\\/\",\"url\":\"https:\\\/\\\/lojasosprofessoratividades.com.br\\\/produto\\\/o-sapateiro-e-os-elfos-atividades-e-livro-3d\\\/\",\"name\":\"O sapateiro e os elfos - Atividades e livro 3D - Loja SOS Professor Atividades\",\"isPartOf\":{\"@id\":\"https:\\\/\\\/lojasosprofessoratividades.com.br\\\/#website\"},\"primaryImageOfPage\":{\"@id\":\"https:\\\/\\\/lojasosprofessoratividades.com.br\\\/produto\\\/o-sapateiro-e-os-elfos-atividades-e-livro-3d\\\/#primaryimage\"},\"image\":{\"@id\":\"https:\\\/\\\/lojasosprofessoratividades.com.br\\\/produto\\\/o-sapateiro-e-os-elfos-atividades-e-livro-3d\\\/#primaryimage\"},\"thumbnailUrl\":\"https:\\\/\\\/lojasosprofessoratividades.com.br\\\/wp-content\\\/uploads\\\/2023\\\/11\\\/o-sapateiro-e-os-elfos-1.jpg\",\"datePublished\":\"2025-11-21T17:00:07+00:00\",\"dateModified\":\"2026-05-08T17:16:34+00:00\",\"description\":\"Explore \u201cO Sapateiro e os Elfos\u201d! Conto e atividades educativas para o 3\u00ba ao 5\u00ba ano, com um encantador livro 3D cheio de aprendizado e magia!\",\"breadcrumb\":{\"@id\":\"https:\\\/\\\/lojasosprofessoratividades.com.br\\\/produto\\\/o-sapateiro-e-os-elfos-atividades-e-livro-3d\\\/#breadcrumb\"},\"inLanguage\":\"en-US\",\"potentialAction\":[{\"@type\":\"ReadAction\",\"target\":[\"https:\\\/\\\/lojasosprofessoratividades.com.br\\\/produto\\\/o-sapateiro-e-os-elfos-atividades-e-livro-3d\\\/\"]}]},{\"@type\":\"ImageObject\",\"inLanguage\":\"en-US\",\"@id\":\"https:\\\/\\\/lojasosprofessoratividades.com.br\\\/produto\\\/o-sapateiro-e-os-elfos-atividades-e-livro-3d\\\/#primaryimage\",\"url\":\"https:\\\/\\\/lojasosprofessoratividades.com.br\\\/wp-content\\\/uploads\\\/2023\\\/11\\\/o-sapateiro-e-os-elfos-1.jpg\",\"contentUrl\":\"https:\\\/\\\/lojasosprofessoratividades.com.br\\\/wp-content\\\/uploads\\\/2023\\\/11\\\/o-sapateiro-e-os-elfos-1.jpg\",\"width\":800,\"height\":693,\"caption\":\"o sapateiro e os elfos\"},{\"@type\":\"BreadcrumbList\",\"@id\":\"https:\\\/\\\/lojasosprofessoratividades.com.br\\\/produto\\\/o-sapateiro-e-os-elfos-atividades-e-livro-3d\\\/#breadcrumb\",\"itemListElement\":[{\"@type\":\"ListItem\",\"position\":1,\"name\":\"In\u00edcio\",\"item\":\"https:\\\/\\\/lojasosprofessoratividades.com.br\\\/\"},{\"@type\":\"ListItem\",\"position\":2,\"name\":\"Loja\",\"item\":\"https:\\\/\\\/lojasosprofessoratividades.com.br\\\/loja\\\/\"},{\"@type\":\"ListItem\",\"position\":3,\"name\":\"O sapateiro e os elfos &#8211; Atividades e livro 3D\"}]},{\"@type\":\"WebSite\",\"@id\":\"https:\\\/\\\/lojasosprofessoratividades.com.br\\\/#website\",\"url\":\"https:\\\/\\\/lojasosprofessoratividades.com.br\\\/\",\"name\":\"Loja SOS Professor Atividades\",\"description\":\"Venda de material did\u00e1tico para o ensino fundamental\",\"publisher\":{\"@id\":\"https:\\\/\\\/lojasosprofessoratividades.com.br\\\/#organization\"},\"potentialAction\":[{\"@type\":\"SearchAction\",\"target\":{\"@type\":\"EntryPoint\",\"urlTemplate\":\"https:\\\/\\\/lojasosprofessoratividades.com.br\\\/?s={search_term_string}\"},\"query-input\":{\"@type\":\"PropertyValueSpecification\",\"valueRequired\":true,\"valueName\":\"search_term_string\"}}],\"inLanguage\":\"en-US\"},{\"@type\":\"Organization\",\"@id\":\"https:\\\/\\\/lojasosprofessoratividades.com.br\\\/#organization\",\"name\":\"Loja SOS Professor Atividades\",\"url\":\"https:\\\/\\\/lojasosprofessoratividades.com.br\\\/\",\"logo\":{\"@type\":\"ImageObject\",\"inLanguage\":\"en-US\",\"@id\":\"https:\\\/\\\/lojasosprofessoratividades.com.br\\\/#\\\/schema\\\/logo\\\/image\\\/\",\"url\":\"http:\\\/\\\/lojasosprofessoratividades.com.br\\\/wp-content\\\/uploads\\\/2022\\\/04\\\/Logo.png\",\"contentUrl\":\"http:\\\/\\\/lojasosprofessoratividades.com.br\\\/wp-content\\\/uploads\\\/2022\\\/04\\\/Logo.png\",\"width\":2000,\"height\":2000,\"caption\":\"Loja SOS Professor Atividades\"},\"image\":{\"@id\":\"https:\\\/\\\/lojasosprofessoratividades.com.br\\\/#\\\/schema\\\/logo\\\/image\\\/\"},\"sameAs\":[\"https:\\\/\\\/www.facebook.com\\\/sosprofessoratividades\",\"https:\\\/\\\/www.instagram.com\\\/sosprofessoratividades\\\/\"]}]}<\/script>\n<!-- \/ Yoast SEO plugin. -->","yoast_head_json":{"title":"O sapateiro e os elfos - Atividades e livro 3D - Loja SOS Professor Atividades","description":"Explore \u201cO Sapateiro e os Elfos\u201d! Conto e atividades educativas para o 3\u00ba ao 5\u00ba ano, com um encantador livro 3D cheio de aprendizado e magia!","robots":{"index":"index","follow":"follow","max-snippet":"max-snippet:-1","max-image-preview":"max-image-preview:large","max-video-preview":"max-video-preview:-1"},"canonical":"https:\/\/lojasosprofessoratividades.com.br\/en\/product\/o-sapateiro-e-os-elfos-atividades-e-livro-3d\/","og_locale":"en_US","og_type":"article","og_title":"O sapateiro e os elfos - Atividades e livro 3D - Loja SOS Professor Atividades","og_description":"Explore \u201cO Sapateiro e os Elfos\u201d! Conto e atividades educativas para o 3\u00ba ao 5\u00ba ano, com um encantador livro 3D cheio de aprendizado e magia!","og_url":"https:\/\/lojasosprofessoratividades.com.br\/en\/product\/o-sapateiro-e-os-elfos-atividades-e-livro-3d\/","og_site_name":"Loja SOS Professor Atividades","article_publisher":"https:\/\/www.facebook.com\/sosprofessoratividades","article_modified_time":"2026-05-08T17:16:34+00:00","og_image":[{"width":800,"height":693,"url":"https:\/\/lojasosprofessoratividades.com.br\/wp-content\/uploads\/2023\/11\/o-sapateiro-e-os-elfos-1.jpg","type":"image\/jpeg"}],"twitter_card":"summary_large_image","twitter_misc":{"Est. reading time":"1 minute"},"schema":{"@context":"https:\/\/schema.org","@graph":[{"@type":"WebPage","@id":"https:\/\/lojasosprofessoratividades.com.br\/produto\/o-sapateiro-e-os-elfos-atividades-e-livro-3d\/","url":"https:\/\/lojasosprofessoratividades.com.br\/produto\/o-sapateiro-e-os-elfos-atividades-e-livro-3d\/","name":"O sapateiro e os elfos - Atividades e livro 3D - Loja SOS Professor Atividades","isPartOf":{"@id":"https:\/\/lojasosprofessoratividades.com.br\/#website"},"primaryImageOfPage":{"@id":"https:\/\/lojasosprofessoratividades.com.br\/produto\/o-sapateiro-e-os-elfos-atividades-e-livro-3d\/#primaryimage"},"image":{"@id":"https:\/\/lojasosprofessoratividades.com.br\/produto\/o-sapateiro-e-os-elfos-atividades-e-livro-3d\/#primaryimage"},"thumbnailUrl":"https:\/\/lojasosprofessoratividades.com.br\/wp-content\/uploads\/2023\/11\/o-sapateiro-e-os-elfos-1.jpg","datePublished":"2025-11-21T17:00:07+00:00","dateModified":"2026-05-08T17:16:34+00:00","description":"Explore \u201cO Sapateiro e os Elfos\u201d! Conto e atividades educativas para o 3\u00ba ao 5\u00ba ano, com um encantador livro 3D cheio de aprendizado e magia!","breadcrumb":{"@id":"https:\/\/lojasosprofessoratividades.com.br\/produto\/o-sapateiro-e-os-elfos-atividades-e-livro-3d\/#breadcrumb"},"inLanguage":"en-US","potentialAction":[{"@type":"ReadAction","target":["https:\/\/lojasosprofessoratividades.com.br\/produto\/o-sapateiro-e-os-elfos-atividades-e-livro-3d\/"]}]},{"@type":"ImageObject","inLanguage":"en-US","@id":"https:\/\/lojasosprofessoratividades.com.br\/produto\/o-sapateiro-e-os-elfos-atividades-e-livro-3d\/#primaryimage","url":"https:\/\/lojasosprofessoratividades.com.br\/wp-content\/uploads\/2023\/11\/o-sapateiro-e-os-elfos-1.jpg","contentUrl":"https:\/\/lojasosprofessoratividades.com.br\/wp-content\/uploads\/2023\/11\/o-sapateiro-e-os-elfos-1.jpg","width":800,"height":693,"caption":"o sapateiro e os elfos"},{"@type":"BreadcrumbList","@id":"https:\/\/lojasosprofessoratividades.com.br\/produto\/o-sapateiro-e-os-elfos-atividades-e-livro-3d\/#breadcrumb","itemListElement":[{"@type":"ListItem","position":1,"name":"In\u00edcio","item":"https:\/\/lojasosprofessoratividades.com.br\/"},{"@type":"ListItem","position":2,"name":"Loja","item":"https:\/\/lojasosprofessoratividades.com.br\/loja\/"},{"@type":"ListItem","position":3,"name":"O sapateiro e os elfos &#8211; Atividades e livro 3D"}]},{"@type":"WebSite","@id":"https:\/\/lojasosprofessoratividades.com.br\/#website","url":"https:\/\/lojasosprofessoratividades.com.br\/","name":"Loja SOS Professor Atividades","description":"Venda de material did\u00e1tico para o ensino fundamental","publisher":{"@id":"https:\/\/lojasosprofessoratividades.com.br\/#organization"},"potentialAction":[{"@type":"SearchAction","target":{"@type":"EntryPoint","urlTemplate":"https:\/\/lojasosprofessoratividades.com.br\/?s={search_term_string}"},"query-input":{"@type":"PropertyValueSpecification","valueRequired":true,"valueName":"search_term_string"}}],"inLanguage":"en-US"},{"@type":"Organization","@id":"https:\/\/lojasosprofessoratividades.com.br\/#organization","name":"Loja SOS Professor Atividades","url":"https:\/\/lojasosprofessoratividades.com.br\/","logo":{"@type":"ImageObject","inLanguage":"en-US","@id":"https:\/\/lojasosprofessoratividades.com.br\/#\/schema\/logo\/image\/","url":"http:\/\/lojasosprofessoratividades.com.br\/wp-content\/uploads\/2022\/04\/Logo.png","contentUrl":"http:\/\/lojasosprofessoratividades.com.br\/wp-content\/uploads\/2022\/04\/Logo.png","width":2000,"height":2000,"caption":"Loja SOS Professor Atividades"},"image":{"@id":"https:\/\/lojasosprofessoratividades.com.br\/#\/schema\/logo\/image\/"},"sameAs":["https:\/\/www.facebook.com\/sosprofessoratividades","https:\/\/www.instagram.com\/sosprofessoratividades\/"]}]}},"_links":{"self":[{"href":"https:\/\/lojasosprofessoratividades.com.br\/en\/wp-json\/wp\/v2\/product\/28489","targetHints":{"allow":["GET"]}}],"collection":[{"href":"https:\/\/lojasosprofessoratividades.com.br\/en\/wp-json\/wp\/v2\/product"}],"about":[{"href":"https:\/\/lojasosprofessoratividades.com.br\/en\/wp-json\/wp\/v2\/types\/product"}],"replies":[{"embeddable":true,"href":"https:\/\/lojasosprofessoratividades.com.br\/en\/wp-json\/wp\/v2\/comments?post=28489"}],"wp:featuredmedia":[{"embeddable":true,"href":"https:\/\/lojasosprofessoratividades.com.br\/en\/wp-json\/wp\/v2\/media\/28521"}],"wp:attachment":[{"href":"https:\/\/lojasosprofessoratividades.com.br\/en\/wp-json\/wp\/v2\/media?parent=28489"}],"wp:term":[{"taxonomy":"product_brand","embeddable":true,"href":"https:\/\/lojasosprofessoratividades.com.br\/en\/wp-json\/wp\/v2\/product_brand?post=28489"},{"taxonomy":"product_cat","embeddable":true,"href":"https:\/\/lojasosprofessoratividades.com.br\/en\/wp-json\/wp\/v2\/product_cat?post=28489"},{"taxonomy":"product_tag","embeddable":true,"href":"https:\/\/lojasosprofessoratividades.com.br\/en\/wp-json\/wp\/v2\/product_tag?post=28489"}],"curies":[{"name":"wp","href":"https:\/\/api.w.org\/{rel}","templated":true}]}}