{"id":28856,"date":"2024-03-29T07:00:45","date_gmt":"2024-03-29T10:00:45","guid":{"rendered":"https:\/\/lojasosprofessoratividades.com.br\/?post_type=product&#038;p=28856"},"modified":"2026-05-08T16:07:13","modified_gmt":"2026-05-08T19:07:13","slug":"em-1-500","status":"publish","type":"product","link":"https:\/\/lojasosprofessoratividades.com.br\/en\/product\/em-1-500\/","title":{"rendered":"Em 1.500"},"content":{"rendered":"","protected":false},"excerpt":{"rendered":"<p>Em 1.500 &#8211; este material \u00e9 ideal para turmas do 3\u00ba e 4\u00ba anos aprimorarem as habilidades de interpreta\u00e7\u00e3o de texto, ditado e resolu\u00e7\u00e3o de situa\u00e7\u00f5es-problema.<\/p>\n<ol>\n<li><strong>Interpreta\u00e7\u00e3o de Texto:<\/strong> Explore a hist\u00f3ria da explora\u00e7\u00e3o dos oceanos por Portugal e Espanha no ano 1500, destacando a chegada ao Brasil, com quest\u00f5es que desafiar\u00e3o os alunos a compreenderem os eventos hist\u00f3ricos.<\/li>\n<li><strong>Ditado:<\/strong> Reforce a ortografia e a audi\u00e7\u00e3o dos alunos com palavras e frases relacionadas ao contexto hist\u00f3rico, proporcionando uma pr\u00e1tica divertida e educativa.<\/li>\n<li><strong>Situa\u00e7\u00f5es-Problema:<\/strong> Desenvolva as habilidades matem\u00e1ticas dos alunos com problemas contextualizados, inspirados na chegada dos portugueses ao Brasil. Incentive-os a aplicar conceitos de adi\u00e7\u00e3o, subtra\u00e7\u00e3o, multiplica\u00e7\u00e3o e divis\u00e3o.<\/li>\n<li><strong>Folha para Colorir:<\/strong> Proporcione uma atividade criativa com uma folha para colorir, relacionada ao tema, que tamb\u00e9m pode ser usada como recurso de express\u00e3o art\u00edstica.<\/li>\n<\/ol>\n<p>Este arquivo visa tornar o aprendizado sobre o ano 1500 envolvente e educativo, integrando diferentes \u00e1reas do conhecimento.<\/p>\n<p><em><strong>N\u00e3o<\/strong><\/em> edit\u00e1vel.<\/p>\n<h3>N\u00e3o enviamos por e-mail, a entrega \u00e9 via link para download. \ud83d\udc47<\/h3>\n<p><img loading=\"lazy\" decoding=\"async\" class=\"alignnone wp-image-30821 size-full\" src=\"https:\/\/lojasosprofessoratividades.com.br\/wp-content\/uploads\/2024\/06\/Aviso-Loja.jpg\" alt=\"\" width=\"446\" height=\"251\" srcset=\"https:\/\/lojasosprofessoratividades.com.br\/wp-content\/uploads\/2024\/06\/Aviso-Loja.jpg 446w, https:\/\/lojasosprofessoratividades.com.br\/wp-content\/uploads\/2024\/06\/Aviso-Loja-300x169.jpg 300w, https:\/\/lojasosprofessoratividades.com.br\/wp-content\/uploads\/2024\/06\/Aviso-Loja-18x10.jpg 18w\" sizes=\"auto, (max-width: 446px) 100vw, 446px\" \/><\/p>","protected":false},"featured_media":28859,"comment_status":"open","ping_status":"closed","template":"","meta":[],"product_brand":[],"product_cat":[124,125,214,216,192,185,194,188,189,195],"product_tag":[274,253,1476,589,375,1477,470,275,1479,245,1478,280,250,247,643,225,343],"class_list":{"0":"post-28856","1":"product","2":"type-product","3":"status-publish","4":"has-post-thumbnail","6":"product_cat-3o-ano","7":"product_cat-4o-ano","8":"product_cat-data-comemorativa-3-ano","9":"product_cat-data-comemorativa-4-ano","10":"product_cat-historia-4-ano","11":"product_cat-historia-3-ano","12":"product_cat-matematica-4-ano","13":"product_cat-matematica-3-ano","14":"product_cat-portugues-3-ano","15":"product_cat-portugues-4-ano","16":"product_tag-3o-ano","17":"product_tag-4o-ano","18":"product_tag-ano-1500","19":"product_tag-atividade-escolar","20":"product_tag-bncc","21":"product_tag-chegada-ao-brasil","22":"product_tag-chegada-dos-portugueses","23":"product_tag-ditado","24":"product_tag-educacao-historica","25":"product_tag-ensino-fundamental","26":"product_tag-grandes-navegacoes","27":"product_tag-historia-do-brasil","28":"product_tag-interpretacao-de-texto","29":"product_tag-matematica","30":"product_tag-material-pedagogico","31":"product_tag-ortografia","32":"product_tag-situacoes-problema","34":"first","35":"instock","36":"downloadable","37":"virtual","38":"sold-individually","39":"purchasable","40":"product-type-simple"},"yoast_head":"<!-- This site is optimized with the Yoast SEO plugin v27.5 - https:\/\/yoast.com\/product\/yoast-seo-wordpress\/ -->\n<title>Em 1.500 - Loja SOS Professor Atividades<\/title>\n<meta name=\"description\" content=\"Material did\u00e1tico sobre o ano 1500, ideal para turmas do 3\u00ba e 4\u00ba anos. Inclui interpreta\u00e7\u00e3o de texto sobre a explora\u00e7\u00e3o dos oceanos e a chegada dos portugueses ao Brasil, ditado, situa\u00e7\u00f5es-problema matem\u00e1ticas e uma folha para colorir. Um recurso envolvente e interdisciplinar para fortalecer habilidades de leitura, escrita e racioc\u00ednio l\u00f3gico.\" \/>\n<meta name=\"robots\" content=\"index, follow, max-snippet:-1, max-image-preview:large, max-video-preview:-1\" \/>\n<link rel=\"canonical\" href=\"https:\/\/lojasosprofessoratividades.com.br\/en\/product\/em-1-500\/\" \/>\n<meta property=\"og:locale\" content=\"en_US\" \/>\n<meta property=\"og:type\" content=\"article\" \/>\n<meta property=\"og:title\" content=\"Em 1.500 - Loja SOS Professor Atividades\" \/>\n<meta property=\"og:description\" content=\"Material did\u00e1tico sobre o ano 1500, ideal para turmas do 3\u00ba e 4\u00ba anos. Inclui interpreta\u00e7\u00e3o de texto sobre a explora\u00e7\u00e3o dos oceanos e a chegada dos portugueses ao Brasil, ditado, situa\u00e7\u00f5es-problema matem\u00e1ticas e uma folha para colorir. Um recurso envolvente e interdisciplinar para fortalecer habilidades de leitura, escrita e racioc\u00ednio l\u00f3gico.\" \/>\n<meta property=\"og:url\" content=\"https:\/\/lojasosprofessoratividades.com.br\/en\/product\/em-1-500\/\" \/>\n<meta property=\"og:site_name\" content=\"Loja SOS Professor Atividades\" \/>\n<meta property=\"article:publisher\" content=\"https:\/\/www.facebook.com\/sosprofessoratividades\" \/>\n<meta property=\"article:modified_time\" content=\"2026-05-08T19:07:13+00:00\" \/>\n<meta property=\"og:image\" content=\"https:\/\/lojasosprofessoratividades.com.br\/wp-content\/uploads\/2024\/01\/Em-1.500-1.jpg\" \/>\n\t<meta property=\"og:image:width\" content=\"800\" \/>\n\t<meta property=\"og:image:height\" content=\"693\" \/>\n\t<meta property=\"og:image:type\" content=\"image\/jpeg\" \/>\n<meta name=\"twitter:card\" content=\"summary_large_image\" \/>\n<meta name=\"twitter:label1\" content=\"Est. reading time\" \/>\n\t<meta name=\"twitter:data1\" content=\"1 minute\" \/>\n<script type=\"application\/ld+json\" class=\"yoast-schema-graph\">{\"@context\":\"https:\\\/\\\/schema.org\",\"@graph\":[{\"@type\":\"WebPage\",\"@id\":\"https:\\\/\\\/lojasosprofessoratividades.com.br\\\/produto\\\/em-1-500\\\/\",\"url\":\"https:\\\/\\\/lojasosprofessoratividades.com.br\\\/produto\\\/em-1-500\\\/\",\"name\":\"Em 1.500 - Loja SOS Professor Atividades\",\"isPartOf\":{\"@id\":\"https:\\\/\\\/lojasosprofessoratividades.com.br\\\/#website\"},\"primaryImageOfPage\":{\"@id\":\"https:\\\/\\\/lojasosprofessoratividades.com.br\\\/produto\\\/em-1-500\\\/#primaryimage\"},\"image\":{\"@id\":\"https:\\\/\\\/lojasosprofessoratividades.com.br\\\/produto\\\/em-1-500\\\/#primaryimage\"},\"thumbnailUrl\":\"https:\\\/\\\/lojasosprofessoratividades.com.br\\\/wp-content\\\/uploads\\\/2024\\\/01\\\/Em-1.500-1.jpg\",\"datePublished\":\"2024-03-29T10:00:45+00:00\",\"dateModified\":\"2026-05-08T19:07:13+00:00\",\"description\":\"Material did\u00e1tico sobre o ano 1500, ideal para turmas do 3\u00ba e 4\u00ba anos. Inclui interpreta\u00e7\u00e3o de texto sobre a explora\u00e7\u00e3o dos oceanos e a chegada dos portugueses ao Brasil, ditado, situa\u00e7\u00f5es-problema matem\u00e1ticas e uma folha para colorir. Um recurso envolvente e interdisciplinar para fortalecer habilidades de leitura, escrita e racioc\u00ednio l\u00f3gico.\",\"breadcrumb\":{\"@id\":\"https:\\\/\\\/lojasosprofessoratividades.com.br\\\/produto\\\/em-1-500\\\/#breadcrumb\"},\"inLanguage\":\"en-US\",\"potentialAction\":[{\"@type\":\"ReadAction\",\"target\":[\"https:\\\/\\\/lojasosprofessoratividades.com.br\\\/produto\\\/em-1-500\\\/\"]}]},{\"@type\":\"ImageObject\",\"inLanguage\":\"en-US\",\"@id\":\"https:\\\/\\\/lojasosprofessoratividades.com.br\\\/produto\\\/em-1-500\\\/#primaryimage\",\"url\":\"https:\\\/\\\/lojasosprofessoratividades.com.br\\\/wp-content\\\/uploads\\\/2024\\\/01\\\/Em-1.500-1.jpg\",\"contentUrl\":\"https:\\\/\\\/lojasosprofessoratividades.com.br\\\/wp-content\\\/uploads\\\/2024\\\/01\\\/Em-1.500-1.jpg\",\"width\":800,\"height\":693},{\"@type\":\"BreadcrumbList\",\"@id\":\"https:\\\/\\\/lojasosprofessoratividades.com.br\\\/produto\\\/em-1-500\\\/#breadcrumb\",\"itemListElement\":[{\"@type\":\"ListItem\",\"position\":1,\"name\":\"In\u00edcio\",\"item\":\"https:\\\/\\\/lojasosprofessoratividades.com.br\\\/\"},{\"@type\":\"ListItem\",\"position\":2,\"name\":\"Loja\",\"item\":\"https:\\\/\\\/lojasosprofessoratividades.com.br\\\/loja\\\/\"},{\"@type\":\"ListItem\",\"position\":3,\"name\":\"Em 1.500\"}]},{\"@type\":\"WebSite\",\"@id\":\"https:\\\/\\\/lojasosprofessoratividades.com.br\\\/#website\",\"url\":\"https:\\\/\\\/lojasosprofessoratividades.com.br\\\/\",\"name\":\"Loja SOS Professor Atividades\",\"description\":\"Venda de material did\u00e1tico para o ensino fundamental\",\"publisher\":{\"@id\":\"https:\\\/\\\/lojasosprofessoratividades.com.br\\\/#organization\"},\"potentialAction\":[{\"@type\":\"SearchAction\",\"target\":{\"@type\":\"EntryPoint\",\"urlTemplate\":\"https:\\\/\\\/lojasosprofessoratividades.com.br\\\/?s={search_term_string}\"},\"query-input\":{\"@type\":\"PropertyValueSpecification\",\"valueRequired\":true,\"valueName\":\"search_term_string\"}}],\"inLanguage\":\"en-US\"},{\"@type\":\"Organization\",\"@id\":\"https:\\\/\\\/lojasosprofessoratividades.com.br\\\/#organization\",\"name\":\"Loja SOS Professor Atividades\",\"url\":\"https:\\\/\\\/lojasosprofessoratividades.com.br\\\/\",\"logo\":{\"@type\":\"ImageObject\",\"inLanguage\":\"en-US\",\"@id\":\"https:\\\/\\\/lojasosprofessoratividades.com.br\\\/#\\\/schema\\\/logo\\\/image\\\/\",\"url\":\"http:\\\/\\\/lojasosprofessoratividades.com.br\\\/wp-content\\\/uploads\\\/2022\\\/04\\\/Logo.png\",\"contentUrl\":\"http:\\\/\\\/lojasosprofessoratividades.com.br\\\/wp-content\\\/uploads\\\/2022\\\/04\\\/Logo.png\",\"width\":2000,\"height\":2000,\"caption\":\"Loja SOS Professor Atividades\"},\"image\":{\"@id\":\"https:\\\/\\\/lojasosprofessoratividades.com.br\\\/#\\\/schema\\\/logo\\\/image\\\/\"},\"sameAs\":[\"https:\\\/\\\/www.facebook.com\\\/sosprofessoratividades\",\"https:\\\/\\\/www.instagram.com\\\/sosprofessoratividades\\\/\"]}]}<\/script>\n<!-- \/ Yoast SEO plugin. -->","yoast_head_json":{"title":"Em 1.500 - Loja SOS Professor Atividades","description":"Material did\u00e1tico sobre o ano 1500, ideal para turmas do 3\u00ba e 4\u00ba anos. Inclui interpreta\u00e7\u00e3o de texto sobre a explora\u00e7\u00e3o dos oceanos e a chegada dos portugueses ao Brasil, ditado, situa\u00e7\u00f5es-problema matem\u00e1ticas e uma folha para colorir. Um recurso envolvente e interdisciplinar para fortalecer habilidades de leitura, escrita e racioc\u00ednio l\u00f3gico.","robots":{"index":"index","follow":"follow","max-snippet":"max-snippet:-1","max-image-preview":"max-image-preview:large","max-video-preview":"max-video-preview:-1"},"canonical":"https:\/\/lojasosprofessoratividades.com.br\/en\/product\/em-1-500\/","og_locale":"en_US","og_type":"article","og_title":"Em 1.500 - Loja SOS Professor Atividades","og_description":"Material did\u00e1tico sobre o ano 1500, ideal para turmas do 3\u00ba e 4\u00ba anos. Inclui interpreta\u00e7\u00e3o de texto sobre a explora\u00e7\u00e3o dos oceanos e a chegada dos portugueses ao Brasil, ditado, situa\u00e7\u00f5es-problema matem\u00e1ticas e uma folha para colorir. Um recurso envolvente e interdisciplinar para fortalecer habilidades de leitura, escrita e racioc\u00ednio l\u00f3gico.","og_url":"https:\/\/lojasosprofessoratividades.com.br\/en\/product\/em-1-500\/","og_site_name":"Loja SOS Professor Atividades","article_publisher":"https:\/\/www.facebook.com\/sosprofessoratividades","article_modified_time":"2026-05-08T19:07:13+00:00","og_image":[{"width":800,"height":693,"url":"https:\/\/lojasosprofessoratividades.com.br\/wp-content\/uploads\/2024\/01\/Em-1.500-1.jpg","type":"image\/jpeg"}],"twitter_card":"summary_large_image","twitter_misc":{"Est. reading time":"1 minute"},"schema":{"@context":"https:\/\/schema.org","@graph":[{"@type":"WebPage","@id":"https:\/\/lojasosprofessoratividades.com.br\/produto\/em-1-500\/","url":"https:\/\/lojasosprofessoratividades.com.br\/produto\/em-1-500\/","name":"Em 1.500 - Loja SOS Professor Atividades","isPartOf":{"@id":"https:\/\/lojasosprofessoratividades.com.br\/#website"},"primaryImageOfPage":{"@id":"https:\/\/lojasosprofessoratividades.com.br\/produto\/em-1-500\/#primaryimage"},"image":{"@id":"https:\/\/lojasosprofessoratividades.com.br\/produto\/em-1-500\/#primaryimage"},"thumbnailUrl":"https:\/\/lojasosprofessoratividades.com.br\/wp-content\/uploads\/2024\/01\/Em-1.500-1.jpg","datePublished":"2024-03-29T10:00:45+00:00","dateModified":"2026-05-08T19:07:13+00:00","description":"Material did\u00e1tico sobre o ano 1500, ideal para turmas do 3\u00ba e 4\u00ba anos. Inclui interpreta\u00e7\u00e3o de texto sobre a explora\u00e7\u00e3o dos oceanos e a chegada dos portugueses ao Brasil, ditado, situa\u00e7\u00f5es-problema matem\u00e1ticas e uma folha para colorir. Um recurso envolvente e interdisciplinar para fortalecer habilidades de leitura, escrita e racioc\u00ednio l\u00f3gico.","breadcrumb":{"@id":"https:\/\/lojasosprofessoratividades.com.br\/produto\/em-1-500\/#breadcrumb"},"inLanguage":"en-US","potentialAction":[{"@type":"ReadAction","target":["https:\/\/lojasosprofessoratividades.com.br\/produto\/em-1-500\/"]}]},{"@type":"ImageObject","inLanguage":"en-US","@id":"https:\/\/lojasosprofessoratividades.com.br\/produto\/em-1-500\/#primaryimage","url":"https:\/\/lojasosprofessoratividades.com.br\/wp-content\/uploads\/2024\/01\/Em-1.500-1.jpg","contentUrl":"https:\/\/lojasosprofessoratividades.com.br\/wp-content\/uploads\/2024\/01\/Em-1.500-1.jpg","width":800,"height":693},{"@type":"BreadcrumbList","@id":"https:\/\/lojasosprofessoratividades.com.br\/produto\/em-1-500\/#breadcrumb","itemListElement":[{"@type":"ListItem","position":1,"name":"In\u00edcio","item":"https:\/\/lojasosprofessoratividades.com.br\/"},{"@type":"ListItem","position":2,"name":"Loja","item":"https:\/\/lojasosprofessoratividades.com.br\/loja\/"},{"@type":"ListItem","position":3,"name":"Em 1.500"}]},{"@type":"WebSite","@id":"https:\/\/lojasosprofessoratividades.com.br\/#website","url":"https:\/\/lojasosprofessoratividades.com.br\/","name":"Loja SOS Professor Atividades","description":"Venda de material did\u00e1tico para o ensino fundamental","publisher":{"@id":"https:\/\/lojasosprofessoratividades.com.br\/#organization"},"potentialAction":[{"@type":"SearchAction","target":{"@type":"EntryPoint","urlTemplate":"https:\/\/lojasosprofessoratividades.com.br\/?s={search_term_string}"},"query-input":{"@type":"PropertyValueSpecification","valueRequired":true,"valueName":"search_term_string"}}],"inLanguage":"en-US"},{"@type":"Organization","@id":"https:\/\/lojasosprofessoratividades.com.br\/#organization","name":"Loja SOS Professor Atividades","url":"https:\/\/lojasosprofessoratividades.com.br\/","logo":{"@type":"ImageObject","inLanguage":"en-US","@id":"https:\/\/lojasosprofessoratividades.com.br\/#\/schema\/logo\/image\/","url":"http:\/\/lojasosprofessoratividades.com.br\/wp-content\/uploads\/2022\/04\/Logo.png","contentUrl":"http:\/\/lojasosprofessoratividades.com.br\/wp-content\/uploads\/2022\/04\/Logo.png","width":2000,"height":2000,"caption":"Loja SOS Professor Atividades"},"image":{"@id":"https:\/\/lojasosprofessoratividades.com.br\/#\/schema\/logo\/image\/"},"sameAs":["https:\/\/www.facebook.com\/sosprofessoratividades","https:\/\/www.instagram.com\/sosprofessoratividades\/"]}]}},"_links":{"self":[{"href":"https:\/\/lojasosprofessoratividades.com.br\/en\/wp-json\/wp\/v2\/product\/28856","targetHints":{"allow":["GET"]}}],"collection":[{"href":"https:\/\/lojasosprofessoratividades.com.br\/en\/wp-json\/wp\/v2\/product"}],"about":[{"href":"https:\/\/lojasosprofessoratividades.com.br\/en\/wp-json\/wp\/v2\/types\/product"}],"replies":[{"embeddable":true,"href":"https:\/\/lojasosprofessoratividades.com.br\/en\/wp-json\/wp\/v2\/comments?post=28856"}],"wp:featuredmedia":[{"embeddable":true,"href":"https:\/\/lojasosprofessoratividades.com.br\/en\/wp-json\/wp\/v2\/media\/28859"}],"wp:attachment":[{"href":"https:\/\/lojasosprofessoratividades.com.br\/en\/wp-json\/wp\/v2\/media?parent=28856"}],"wp:term":[{"taxonomy":"product_brand","embeddable":true,"href":"https:\/\/lojasosprofessoratividades.com.br\/en\/wp-json\/wp\/v2\/product_brand?post=28856"},{"taxonomy":"product_cat","embeddable":true,"href":"https:\/\/lojasosprofessoratividades.com.br\/en\/wp-json\/wp\/v2\/product_cat?post=28856"},{"taxonomy":"product_tag","embeddable":true,"href":"https:\/\/lojasosprofessoratividades.com.br\/en\/wp-json\/wp\/v2\/product_tag?post=28856"}],"curies":[{"name":"wp","href":"https:\/\/api.w.org\/{rel}","templated":true}]}}