{"id":29065,"date":"2026-02-25T07:56:25","date_gmt":"2026-02-25T10:56:25","guid":{"rendered":"https:\/\/lojasosprofessoratividades.com.br\/?post_type=product&#038;p=29065"},"modified":"2026-05-08T14:02:43","modified_gmt":"2026-05-08T17:02:43","slug":"marta-silva-dia-internacional-da-mulher","status":"publish","type":"product","link":"https:\/\/lojasosprofessoratividades.com.br\/en\/product\/marta-silva-dia-internacional-da-mulher\/","title":{"rendered":"Marta Silva &#8211; Dia Internacional da Mulher"},"content":{"rendered":"","protected":false},"excerpt":{"rendered":"<p>Voc\u00ea est\u00e1 procurando uma maneira empolgante e educativa de celebrar o Dia Internacional da Mulher com seus alunos do 3\u00ba ano? Temos o recurso perfeito para voc\u00ea! Apresentamos o arquivo &#8220;Marta &#8211; Dia Internacional da Mulher&#8221;, uma jornada de aprendizado e celebra\u00e7\u00e3o das conquistas de uma das maiores figuras do futebol feminino: Marta Vieira da Silva.<\/p>\n<p><strong>Conte\u00fado do Arquivo:<\/strong><\/p>\n<ol>\n<li>Capa colorida e para colorir: Capte a aten\u00e7\u00e3o dos seus alunos com uma capa vibrante e divertida.<\/li>\n<li>Texto com Interpreta\u00e7\u00e3o: Uma breve biografia sobre a vida e as conquistas de Marta Vieira da Silva, adaptada para o entendimento dos alunos do 3\u00ba ano.<\/li>\n<li>Plano de Aula: Um roteiro detalhado para orientar voc\u00ea na explora\u00e7\u00e3o do tema em sala de aula, abordando o futebol feminino, o Dia Internacional da Mulher.<\/li>\n<li>Atividade Interativa: Os alunos ter\u00e3o a oportunidade de criar sua pr\u00f3pria jogadora de futebol inspirada na Marta, estimulando a criatividade e a imagina\u00e7\u00e3o.<\/li>\n<li>Atividade de Artes: Uma atividade divertida e educativa para os alunos expressarem sua criatividade atrav\u00e9s de desenhos relacionados \u00e0 data.<\/li>\n<li>Quebra-Cabe\u00e7a Matem\u00e1tico: Desafie os alunos com um quebra-cabe\u00e7a que envolve as quatro opera\u00e7\u00f5es matem\u00e1ticas.<\/li>\n<li>Gabarito para facilitar a corre\u00e7\u00e3o.<\/li>\n<li>Arquivo <strong><em>n\u00e3o<\/em> <\/strong>edit\u00e1vel.<\/li>\n<\/ol>\n<p>Este recurso foi cuidadosamente elaborado para proporcionar uma experi\u00eancia de aprendizado envolvente e significativa para seus alunos, promovendo a reflex\u00e3o sobre a import\u00e2ncia da representatividade feminina e inspirando-os a alcan\u00e7ar grandes feitos em suas pr\u00f3prias vidas.<\/p>\n<p>Pe\u00e7a j\u00e1 o seu e motive seus alunos a sonhar alto, assim como Marta Vieira da Silva!<\/p>\n<h3>N\u00e3o enviamos por e-mail, a entrega \u00e9 via link para download. \ud83d\udc47<\/h3>\n<p>&nbsp;<\/p>\n<p><img loading=\"lazy\" decoding=\"async\" class=\"alignnone wp-image-38009 size-full\" src=\"https:\/\/lojasosprofessoratividades.com.br\/wp-content\/uploads\/2026\/02\/Como-baixar-2.jpg\" alt=\"\" width=\"446\" height=\"251\" srcset=\"https:\/\/lojasosprofessoratividades.com.br\/wp-content\/uploads\/2026\/02\/Como-baixar-2.jpg 446w, https:\/\/lojasosprofessoratividades.com.br\/wp-content\/uploads\/2026\/02\/Como-baixar-2-300x169.jpg 300w, https:\/\/lojasosprofessoratividades.com.br\/wp-content\/uploads\/2026\/02\/Como-baixar-2-18x10.jpg 18w\" sizes=\"auto, (max-width: 446px) 100vw, 446px\" \/><\/p>","protected":false},"featured_media":29066,"comment_status":"open","ping_status":"closed","template":"","meta":[],"product_brand":[],"product_cat":[124,214,188,189,213],"product_tag":[274,307,333,403,405,245,407,408,406],"class_list":{"0":"post-29065","1":"product","2":"type-product","3":"status-publish","4":"has-post-thumbnail","6":"product_cat-3o-ano","7":"product_cat-data-comemorativa-3-ano","8":"product_cat-matematica-3-ano","9":"product_cat-portugues-3-ano","10":"product_cat-recursos-didaticos-3-ano","11":"product_tag-3o-ano","12":"product_tag-artes","13":"product_tag-atividade-interativa","14":"product_tag-dia-da-mulher","15":"product_tag-dia-internacional-das-mulheres","16":"product_tag-ensino-fundamental","17":"product_tag-icone-do-futebol","18":"product_tag-igualdade-de-genero","19":"product_tag-marta-silva","21":"first","22":"instock","23":"downloadable","24":"virtual","25":"sold-individually","26":"purchasable","27":"product-type-simple"},"yoast_head":"<!-- This site is optimized with the Yoast SEO plugin v27.5 - https:\/\/yoast.com\/product\/yoast-seo-wordpress\/ -->\n<title>Marta Silva - Dia Internacional da Mulher - Loja SOS Professor Atividades<\/title>\n<meta name=\"description\" content=\"Prepare-se para uma celebra\u00e7\u00e3o inesquec\u00edvel do Dia Internacional da Mulher com o arquivo &quot;Marta - Dia Internacional da Mulher&quot;!\" \/>\n<meta name=\"robots\" content=\"index, follow, max-snippet:-1, max-image-preview:large, max-video-preview:-1\" \/>\n<link rel=\"canonical\" href=\"https:\/\/lojasosprofessoratividades.com.br\/en\/product\/marta-silva-dia-internacional-da-mulher\/\" \/>\n<meta property=\"og:locale\" content=\"en_US\" \/>\n<meta property=\"og:type\" content=\"article\" \/>\n<meta property=\"og:title\" content=\"Marta Silva - Dia Internacional da Mulher - Loja SOS Professor Atividades\" \/>\n<meta property=\"og:description\" content=\"Prepare-se para uma celebra\u00e7\u00e3o inesquec\u00edvel do Dia Internacional da Mulher com o arquivo &quot;Marta - Dia Internacional da Mulher&quot;!\" \/>\n<meta property=\"og:url\" content=\"https:\/\/lojasosprofessoratividades.com.br\/en\/product\/marta-silva-dia-internacional-da-mulher\/\" \/>\n<meta property=\"og:site_name\" content=\"Loja SOS Professor Atividades\" \/>\n<meta property=\"article:publisher\" content=\"https:\/\/www.facebook.com\/sosprofessoratividades\" \/>\n<meta property=\"article:modified_time\" content=\"2026-05-08T17:02:43+00:00\" \/>\n<meta property=\"og:image\" content=\"https:\/\/lojasosprofessoratividades.com.br\/wp-content\/uploads\/2024\/02\/Marta-1.jpg\" \/>\n\t<meta property=\"og:image:width\" content=\"800\" \/>\n\t<meta property=\"og:image:height\" content=\"693\" \/>\n\t<meta property=\"og:image:type\" content=\"image\/jpeg\" \/>\n<meta name=\"twitter:card\" content=\"summary_large_image\" \/>\n<meta name=\"twitter:label1\" content=\"Est. reading time\" \/>\n\t<meta name=\"twitter:data1\" content=\"1 minute\" \/>\n<script type=\"application\/ld+json\" class=\"yoast-schema-graph\">{\"@context\":\"https:\\\/\\\/schema.org\",\"@graph\":[{\"@type\":\"WebPage\",\"@id\":\"https:\\\/\\\/lojasosprofessoratividades.com.br\\\/produto\\\/marta-silva-dia-internacional-da-mulher\\\/\",\"url\":\"https:\\\/\\\/lojasosprofessoratividades.com.br\\\/produto\\\/marta-silva-dia-internacional-da-mulher\\\/\",\"name\":\"Marta Silva - Dia Internacional da Mulher - Loja SOS Professor Atividades\",\"isPartOf\":{\"@id\":\"https:\\\/\\\/lojasosprofessoratividades.com.br\\\/#website\"},\"primaryImageOfPage\":{\"@id\":\"https:\\\/\\\/lojasosprofessoratividades.com.br\\\/produto\\\/marta-silva-dia-internacional-da-mulher\\\/#primaryimage\"},\"image\":{\"@id\":\"https:\\\/\\\/lojasosprofessoratividades.com.br\\\/produto\\\/marta-silva-dia-internacional-da-mulher\\\/#primaryimage\"},\"thumbnailUrl\":\"https:\\\/\\\/lojasosprofessoratividades.com.br\\\/wp-content\\\/uploads\\\/2024\\\/02\\\/Marta-1.jpg\",\"datePublished\":\"2026-02-25T10:56:25+00:00\",\"dateModified\":\"2026-05-08T17:02:43+00:00\",\"description\":\"Prepare-se para uma celebra\u00e7\u00e3o inesquec\u00edvel do Dia Internacional da Mulher com o arquivo \\\"Marta - Dia Internacional da Mulher\\\"!\",\"breadcrumb\":{\"@id\":\"https:\\\/\\\/lojasosprofessoratividades.com.br\\\/produto\\\/marta-silva-dia-internacional-da-mulher\\\/#breadcrumb\"},\"inLanguage\":\"en-US\",\"potentialAction\":[{\"@type\":\"ReadAction\",\"target\":[\"https:\\\/\\\/lojasosprofessoratividades.com.br\\\/produto\\\/marta-silva-dia-internacional-da-mulher\\\/\"]}]},{\"@type\":\"ImageObject\",\"inLanguage\":\"en-US\",\"@id\":\"https:\\\/\\\/lojasosprofessoratividades.com.br\\\/produto\\\/marta-silva-dia-internacional-da-mulher\\\/#primaryimage\",\"url\":\"https:\\\/\\\/lojasosprofessoratividades.com.br\\\/wp-content\\\/uploads\\\/2024\\\/02\\\/Marta-1.jpg\",\"contentUrl\":\"https:\\\/\\\/lojasosprofessoratividades.com.br\\\/wp-content\\\/uploads\\\/2024\\\/02\\\/Marta-1.jpg\",\"width\":800,\"height\":693,\"caption\":\"Marta\"},{\"@type\":\"BreadcrumbList\",\"@id\":\"https:\\\/\\\/lojasosprofessoratividades.com.br\\\/produto\\\/marta-silva-dia-internacional-da-mulher\\\/#breadcrumb\",\"itemListElement\":[{\"@type\":\"ListItem\",\"position\":1,\"name\":\"In\u00edcio\",\"item\":\"https:\\\/\\\/lojasosprofessoratividades.com.br\\\/\"},{\"@type\":\"ListItem\",\"position\":2,\"name\":\"Loja\",\"item\":\"https:\\\/\\\/lojasosprofessoratividades.com.br\\\/loja\\\/\"},{\"@type\":\"ListItem\",\"position\":3,\"name\":\"Marta Silva &#8211; Dia Internacional da Mulher\"}]},{\"@type\":\"WebSite\",\"@id\":\"https:\\\/\\\/lojasosprofessoratividades.com.br\\\/#website\",\"url\":\"https:\\\/\\\/lojasosprofessoratividades.com.br\\\/\",\"name\":\"Loja SOS Professor Atividades\",\"description\":\"Venda de material did\u00e1tico para o ensino fundamental\",\"publisher\":{\"@id\":\"https:\\\/\\\/lojasosprofessoratividades.com.br\\\/#organization\"},\"potentialAction\":[{\"@type\":\"SearchAction\",\"target\":{\"@type\":\"EntryPoint\",\"urlTemplate\":\"https:\\\/\\\/lojasosprofessoratividades.com.br\\\/?s={search_term_string}\"},\"query-input\":{\"@type\":\"PropertyValueSpecification\",\"valueRequired\":true,\"valueName\":\"search_term_string\"}}],\"inLanguage\":\"en-US\"},{\"@type\":\"Organization\",\"@id\":\"https:\\\/\\\/lojasosprofessoratividades.com.br\\\/#organization\",\"name\":\"Loja SOS Professor Atividades\",\"url\":\"https:\\\/\\\/lojasosprofessoratividades.com.br\\\/\",\"logo\":{\"@type\":\"ImageObject\",\"inLanguage\":\"en-US\",\"@id\":\"https:\\\/\\\/lojasosprofessoratividades.com.br\\\/#\\\/schema\\\/logo\\\/image\\\/\",\"url\":\"http:\\\/\\\/lojasosprofessoratividades.com.br\\\/wp-content\\\/uploads\\\/2022\\\/04\\\/Logo.png\",\"contentUrl\":\"http:\\\/\\\/lojasosprofessoratividades.com.br\\\/wp-content\\\/uploads\\\/2022\\\/04\\\/Logo.png\",\"width\":2000,\"height\":2000,\"caption\":\"Loja SOS Professor Atividades\"},\"image\":{\"@id\":\"https:\\\/\\\/lojasosprofessoratividades.com.br\\\/#\\\/schema\\\/logo\\\/image\\\/\"},\"sameAs\":[\"https:\\\/\\\/www.facebook.com\\\/sosprofessoratividades\",\"https:\\\/\\\/www.instagram.com\\\/sosprofessoratividades\\\/\"]}]}<\/script>\n<!-- \/ Yoast SEO plugin. -->","yoast_head_json":{"title":"Marta Silva - Dia Internacional da Mulher - Loja SOS Professor Atividades","description":"Prepare-se para uma celebra\u00e7\u00e3o inesquec\u00edvel do Dia Internacional da Mulher com o arquivo \"Marta - Dia Internacional da Mulher\"!","robots":{"index":"index","follow":"follow","max-snippet":"max-snippet:-1","max-image-preview":"max-image-preview:large","max-video-preview":"max-video-preview:-1"},"canonical":"https:\/\/lojasosprofessoratividades.com.br\/en\/product\/marta-silva-dia-internacional-da-mulher\/","og_locale":"en_US","og_type":"article","og_title":"Marta Silva - Dia Internacional da Mulher - Loja SOS Professor Atividades","og_description":"Prepare-se para uma celebra\u00e7\u00e3o inesquec\u00edvel do Dia Internacional da Mulher com o arquivo \"Marta - Dia Internacional da Mulher\"!","og_url":"https:\/\/lojasosprofessoratividades.com.br\/en\/product\/marta-silva-dia-internacional-da-mulher\/","og_site_name":"Loja SOS Professor Atividades","article_publisher":"https:\/\/www.facebook.com\/sosprofessoratividades","article_modified_time":"2026-05-08T17:02:43+00:00","og_image":[{"width":800,"height":693,"url":"https:\/\/lojasosprofessoratividades.com.br\/wp-content\/uploads\/2024\/02\/Marta-1.jpg","type":"image\/jpeg"}],"twitter_card":"summary_large_image","twitter_misc":{"Est. reading time":"1 minute"},"schema":{"@context":"https:\/\/schema.org","@graph":[{"@type":"WebPage","@id":"https:\/\/lojasosprofessoratividades.com.br\/produto\/marta-silva-dia-internacional-da-mulher\/","url":"https:\/\/lojasosprofessoratividades.com.br\/produto\/marta-silva-dia-internacional-da-mulher\/","name":"Marta Silva - Dia Internacional da Mulher - Loja SOS Professor Atividades","isPartOf":{"@id":"https:\/\/lojasosprofessoratividades.com.br\/#website"},"primaryImageOfPage":{"@id":"https:\/\/lojasosprofessoratividades.com.br\/produto\/marta-silva-dia-internacional-da-mulher\/#primaryimage"},"image":{"@id":"https:\/\/lojasosprofessoratividades.com.br\/produto\/marta-silva-dia-internacional-da-mulher\/#primaryimage"},"thumbnailUrl":"https:\/\/lojasosprofessoratividades.com.br\/wp-content\/uploads\/2024\/02\/Marta-1.jpg","datePublished":"2026-02-25T10:56:25+00:00","dateModified":"2026-05-08T17:02:43+00:00","description":"Prepare-se para uma celebra\u00e7\u00e3o inesquec\u00edvel do Dia Internacional da Mulher com o arquivo \"Marta - Dia Internacional da Mulher\"!","breadcrumb":{"@id":"https:\/\/lojasosprofessoratividades.com.br\/produto\/marta-silva-dia-internacional-da-mulher\/#breadcrumb"},"inLanguage":"en-US","potentialAction":[{"@type":"ReadAction","target":["https:\/\/lojasosprofessoratividades.com.br\/produto\/marta-silva-dia-internacional-da-mulher\/"]}]},{"@type":"ImageObject","inLanguage":"en-US","@id":"https:\/\/lojasosprofessoratividades.com.br\/produto\/marta-silva-dia-internacional-da-mulher\/#primaryimage","url":"https:\/\/lojasosprofessoratividades.com.br\/wp-content\/uploads\/2024\/02\/Marta-1.jpg","contentUrl":"https:\/\/lojasosprofessoratividades.com.br\/wp-content\/uploads\/2024\/02\/Marta-1.jpg","width":800,"height":693,"caption":"Marta"},{"@type":"BreadcrumbList","@id":"https:\/\/lojasosprofessoratividades.com.br\/produto\/marta-silva-dia-internacional-da-mulher\/#breadcrumb","itemListElement":[{"@type":"ListItem","position":1,"name":"In\u00edcio","item":"https:\/\/lojasosprofessoratividades.com.br\/"},{"@type":"ListItem","position":2,"name":"Loja","item":"https:\/\/lojasosprofessoratividades.com.br\/loja\/"},{"@type":"ListItem","position":3,"name":"Marta Silva &#8211; Dia Internacional da Mulher"}]},{"@type":"WebSite","@id":"https:\/\/lojasosprofessoratividades.com.br\/#website","url":"https:\/\/lojasosprofessoratividades.com.br\/","name":"Loja SOS Professor Atividades","description":"Venda de material did\u00e1tico para o ensino fundamental","publisher":{"@id":"https:\/\/lojasosprofessoratividades.com.br\/#organization"},"potentialAction":[{"@type":"SearchAction","target":{"@type":"EntryPoint","urlTemplate":"https:\/\/lojasosprofessoratividades.com.br\/?s={search_term_string}"},"query-input":{"@type":"PropertyValueSpecification","valueRequired":true,"valueName":"search_term_string"}}],"inLanguage":"en-US"},{"@type":"Organization","@id":"https:\/\/lojasosprofessoratividades.com.br\/#organization","name":"Loja SOS Professor Atividades","url":"https:\/\/lojasosprofessoratividades.com.br\/","logo":{"@type":"ImageObject","inLanguage":"en-US","@id":"https:\/\/lojasosprofessoratividades.com.br\/#\/schema\/logo\/image\/","url":"http:\/\/lojasosprofessoratividades.com.br\/wp-content\/uploads\/2022\/04\/Logo.png","contentUrl":"http:\/\/lojasosprofessoratividades.com.br\/wp-content\/uploads\/2022\/04\/Logo.png","width":2000,"height":2000,"caption":"Loja SOS Professor Atividades"},"image":{"@id":"https:\/\/lojasosprofessoratividades.com.br\/#\/schema\/logo\/image\/"},"sameAs":["https:\/\/www.facebook.com\/sosprofessoratividades","https:\/\/www.instagram.com\/sosprofessoratividades\/"]}]}},"_links":{"self":[{"href":"https:\/\/lojasosprofessoratividades.com.br\/en\/wp-json\/wp\/v2\/product\/29065","targetHints":{"allow":["GET"]}}],"collection":[{"href":"https:\/\/lojasosprofessoratividades.com.br\/en\/wp-json\/wp\/v2\/product"}],"about":[{"href":"https:\/\/lojasosprofessoratividades.com.br\/en\/wp-json\/wp\/v2\/types\/product"}],"replies":[{"embeddable":true,"href":"https:\/\/lojasosprofessoratividades.com.br\/en\/wp-json\/wp\/v2\/comments?post=29065"}],"wp:featuredmedia":[{"embeddable":true,"href":"https:\/\/lojasosprofessoratividades.com.br\/en\/wp-json\/wp\/v2\/media\/29066"}],"wp:attachment":[{"href":"https:\/\/lojasosprofessoratividades.com.br\/en\/wp-json\/wp\/v2\/media?parent=29065"}],"wp:term":[{"taxonomy":"product_brand","embeddable":true,"href":"https:\/\/lojasosprofessoratividades.com.br\/en\/wp-json\/wp\/v2\/product_brand?post=29065"},{"taxonomy":"product_cat","embeddable":true,"href":"https:\/\/lojasosprofessoratividades.com.br\/en\/wp-json\/wp\/v2\/product_cat?post=29065"},{"taxonomy":"product_tag","embeddable":true,"href":"https:\/\/lojasosprofessoratividades.com.br\/en\/wp-json\/wp\/v2\/product_tag?post=29065"}],"curies":[{"name":"wp","href":"https:\/\/api.w.org\/{rel}","templated":true}]}}