{"id":29182,"date":"2024-10-20T07:00:43","date_gmt":"2024-10-20T10:00:43","guid":{"rendered":"https:\/\/lojasosprofessoratividades.com.br\/?post_type=product&#038;p=29182"},"modified":"2026-05-08T15:54:57","modified_gmt":"2026-05-08T18:54:57","slug":"festa-de-pijama","status":"publish","type":"product","link":"https:\/\/lojasosprofessoratividades.com.br\/en\/product\/festa-de-pijama\/","title":{"rendered":"Festa de pijama"},"content":{"rendered":"","protected":false},"excerpt":{"rendered":"<p>Este recurso exclusivo foi cuidadosamente criado para tornar a prepara\u00e7\u00e3o para a festa mais f\u00e1cil e divertida para todos os n\u00edveis de turma, do 1\u00ba ao 5\u00ba ano.<\/p>\n<p>O arquivo cont\u00e9m:<\/p>\n<ol>\n<li><strong>Convites Personaliz\u00e1veis:<\/strong> Modelos de convites prontos para preencher com os detalhes da sua festa, incluindo data, hora, local e informa\u00e7\u00f5es adicionais. Basta adicionar seus pr\u00f3prios toques criativos e imprimir ou enviar digitalmente aos convidados.<\/li>\n<li><strong>Plano de aula:<\/strong> Para orientar na execu\u00e7\u00e3o da festa. Uma lista abrangente de tarefas a serem realizadas antes do grande dia da festa. Desde a compra de alimentos at\u00e9 a organiza\u00e7\u00e3o das atividades, este checklist garantir\u00e1 que nada seja esquecido e que tudo corra tranquilamente.<\/li>\n<li><strong>Ideias de Brincadeiras:<\/strong> Uma sele\u00e7\u00e3o de brincadeiras divertidas e envolventes para manter os alunos entretidos durante toda a noite. Desde ca\u00e7a ao tesouro at\u00e9 oficinas culin\u00e1rias, estas sugest\u00f5es prometem horas de divers\u00e3o sem fim, adaptadas para cada faixa et\u00e1ria.<\/li>\n<li><strong>Lembrancinhas Personaliz\u00e1veis:<\/strong> Sugest\u00f5es de lembrancinhas para os alunos levarem para casa como recorda\u00e7\u00e3o desta noite especial. Personalize com o nome da escola ou da turma para tornar esses pequenos mimos ainda mais memor\u00e1veis.<\/li>\n<li><strong>Dicas de Seguran\u00e7a:<\/strong> Orienta\u00e7\u00f5es \u00fateis para garantir que a festa transcorra de forma segura e respons\u00e1vel, adaptadas para cada faixa et\u00e1ria. Desde a supervis\u00e3o adequada at\u00e9 a prepara\u00e7\u00e3o para emerg\u00eancias, estas dicas s\u00e3o essenciais para garantir o bem-estar de todos os envolvidos.<\/li>\n<li><strong>Painel tem\u00e1tico:<\/strong> Para deixar a escola no clima da festa (6 folhas A4 para a imagem e 3 folhas A4 para a frase).<\/li>\n<li><strong>Placa de porta:<\/strong> Transforme a sala de aula em um aconchegante dormit\u00f3rio.<\/li>\n<\/ol>\n<p>Este arquivo <em><strong>edit\u00e1vel<\/strong><\/em> em <em><strong>PowerPoint<\/strong><\/em>, foi idealizado para facilitar o planejamento e a execu\u00e7\u00e3o da Festa do Pijama, permitindo que voc\u00ea personalize cada detalhe de acordo com as necessidades e prefer\u00eancias da sua turma, do 1\u00ba ao 5\u00ba ano.<\/p>\n<h3>N\u00e3o enviamos por e-mail, a entrega \u00e9 via link para download. \ud83d\udc47<\/h3>\n<p><img loading=\"lazy\" decoding=\"async\" class=\"alignnone wp-image-31375 size-full\" src=\"https:\/\/lojasosprofessoratividades.com.br\/wp-content\/uploads\/2024\/08\/Aviso-Loja.jpg\" alt=\"\" width=\"446\" height=\"251\" srcset=\"https:\/\/lojasosprofessoratividades.com.br\/wp-content\/uploads\/2024\/08\/Aviso-Loja.jpg 446w, https:\/\/lojasosprofessoratividades.com.br\/wp-content\/uploads\/2024\/08\/Aviso-Loja-300x169.jpg 300w, https:\/\/lojasosprofessoratividades.com.br\/wp-content\/uploads\/2024\/08\/Aviso-Loja-18x10.jpg 18w\" sizes=\"auto, (max-width: 446px) 100vw, 446px\" \/><\/p>","protected":false},"featured_media":29183,"comment_status":"open","ping_status":"closed","template":"","meta":[],"product_brand":[],"product_cat":[122,123,124,125,127,199,135,187,191,212,215,209,217,211,213],"product_tag":[423,422,1236,1751,1752,1598,1599,1551,616,279,1749,1747,425,424,1114,245,421,420,1193,1746,1748,643,1121,1067,398,1753,1750],"class_list":{"0":"post-29182","1":"product","2":"type-product","3":"status-publish","4":"has-post-thumbnail","6":"product_cat-1o-ano","7":"product_cat-2o-ano","8":"product_cat-3o-ano","9":"product_cat-4o-ano","10":"product_cat-5o-ano","11":"product_cat-atividades-interativas-5-anos","12":"product_cat-atividades-interativas-1-ano","13":"product_cat-atividades-interativas-3-ano","14":"product_cat-atividades-interativas-4-ano","15":"product_cat-data-comemorativa-2-ano","16":"product_cat-recursos-didaticos-4-ano","17":"product_cat-recursos-didaticos-1-ano","18":"product_cat-recursos-didaticos-5-ano","19":"product_cat-recursos-didaticos-2-ano","20":"product_cat-recursos-didaticos-3-ano","21":"product_tag-1o-ao-5o-ano","22":"product_tag-acantonamento","23":"product_tag-arquivo-editavel","24":"product_tag-atividades-1o-ano","25":"product_tag-atividades-2o-ano","26":"product_tag-atividades-3o-ano","27":"product_tag-atividades-4o-ano","28":"product_tag-atividades-5o-ano","29":"product_tag-atividades-escolares","30":"product_tag-atividades-interativas","31":"product_tag-brincadeiras-pedagogicas","32":"product_tag-convites-editaveis","33":"product_tag-diversao","34":"product_tag-diversao-na-escola","35":"product_tag-educacao-ludica","36":"product_tag-ensino-fundamental","37":"product_tag-festa-de-pijama","38":"product_tag-festa-do-pijama","39":"product_tag-festa-na-escola","40":"product_tag-festa-tematica","41":"product_tag-lembrancinhas-personalizaveis","42":"product_tag-material-pedagogico","43":"product_tag-painel-tematico","44":"product_tag-placa-de-porta","45":"product_tag-plano-de-aula","46":"product_tag-powerpoint-educativo","47":"product_tag-seguranca-escolar","49":"first","50":"instock","51":"downloadable","52":"virtual","53":"sold-individually","54":"purchasable","55":"product-type-simple"},"yoast_head":"<!-- This site is optimized with the Yoast SEO plugin v27.6 - https:\/\/yoast.com\/product\/yoast-seo-wordpress\/ -->\n<title>Festa de pijama - Loja SOS Professor Atividades<\/title>\n<meta name=\"description\" content=\"Arquivo edit\u00e1vel para Festa do Pijama com convites, plano de aula, brincadeiras, painel tem\u00e1tico, lembrancinhas e dicas de seguran\u00e7a. Do 1\u00ba ao 5\u00ba ano.\" \/>\n<meta name=\"robots\" content=\"index, follow, max-snippet:-1, max-image-preview:large, max-video-preview:-1\" \/>\n<link rel=\"canonical\" href=\"https:\/\/lojasosprofessoratividades.com.br\/en\/product\/festa-de-pijama\/\" \/>\n<meta property=\"og:locale\" content=\"en_US\" \/>\n<meta property=\"og:type\" content=\"article\" \/>\n<meta property=\"og:title\" content=\"Festa de pijama - Loja SOS Professor Atividades\" \/>\n<meta property=\"og:description\" content=\"Arquivo edit\u00e1vel para Festa do Pijama com convites, plano de aula, brincadeiras, painel tem\u00e1tico, lembrancinhas e dicas de seguran\u00e7a. Do 1\u00ba ao 5\u00ba ano.\" \/>\n<meta property=\"og:url\" content=\"https:\/\/lojasosprofessoratividades.com.br\/en\/product\/festa-de-pijama\/\" \/>\n<meta property=\"og:site_name\" content=\"Loja SOS Professor Atividades\" \/>\n<meta property=\"article:publisher\" content=\"https:\/\/www.facebook.com\/sosprofessoratividades\" \/>\n<meta property=\"article:modified_time\" content=\"2026-05-08T18:54:57+00:00\" \/>\n<meta property=\"og:image\" content=\"https:\/\/lojasosprofessoratividades.com.br\/wp-content\/uploads\/2024\/02\/1-5.jpg\" \/>\n\t<meta property=\"og:image:width\" content=\"800\" \/>\n\t<meta property=\"og:image:height\" content=\"693\" \/>\n\t<meta property=\"og:image:type\" content=\"image\/jpeg\" \/>\n<meta name=\"twitter:card\" content=\"summary_large_image\" \/>\n<meta name=\"twitter:label1\" content=\"Est. reading time\" \/>\n\t<meta name=\"twitter:data1\" content=\"1 minute\" \/>\n<script type=\"application\/ld+json\" class=\"yoast-schema-graph\">{\"@context\":\"https:\\\/\\\/schema.org\",\"@graph\":[{\"@type\":\"WebPage\",\"@id\":\"https:\\\/\\\/lojasosprofessoratividades.com.br\\\/produto\\\/festa-de-pijama\\\/\",\"url\":\"https:\\\/\\\/lojasosprofessoratividades.com.br\\\/produto\\\/festa-de-pijama\\\/\",\"name\":\"Festa de pijama - Loja SOS Professor Atividades\",\"isPartOf\":{\"@id\":\"https:\\\/\\\/lojasosprofessoratividades.com.br\\\/#website\"},\"primaryImageOfPage\":{\"@id\":\"https:\\\/\\\/lojasosprofessoratividades.com.br\\\/produto\\\/festa-de-pijama\\\/#primaryimage\"},\"image\":{\"@id\":\"https:\\\/\\\/lojasosprofessoratividades.com.br\\\/produto\\\/festa-de-pijama\\\/#primaryimage\"},\"thumbnailUrl\":\"https:\\\/\\\/lojasosprofessoratividades.com.br\\\/wp-content\\\/uploads\\\/2024\\\/02\\\/1-5.jpg\",\"datePublished\":\"2024-10-20T10:00:43+00:00\",\"dateModified\":\"2026-05-08T18:54:57+00:00\",\"description\":\"Arquivo edit\u00e1vel para Festa do Pijama com convites, plano de aula, brincadeiras, painel tem\u00e1tico, lembrancinhas e dicas de seguran\u00e7a. Do 1\u00ba ao 5\u00ba ano.\",\"breadcrumb\":{\"@id\":\"https:\\\/\\\/lojasosprofessoratividades.com.br\\\/produto\\\/festa-de-pijama\\\/#breadcrumb\"},\"inLanguage\":\"en-US\",\"potentialAction\":[{\"@type\":\"ReadAction\",\"target\":[\"https:\\\/\\\/lojasosprofessoratividades.com.br\\\/produto\\\/festa-de-pijama\\\/\"]}]},{\"@type\":\"ImageObject\",\"inLanguage\":\"en-US\",\"@id\":\"https:\\\/\\\/lojasosprofessoratividades.com.br\\\/produto\\\/festa-de-pijama\\\/#primaryimage\",\"url\":\"https:\\\/\\\/lojasosprofessoratividades.com.br\\\/wp-content\\\/uploads\\\/2024\\\/02\\\/1-5.jpg\",\"contentUrl\":\"https:\\\/\\\/lojasosprofessoratividades.com.br\\\/wp-content\\\/uploads\\\/2024\\\/02\\\/1-5.jpg\",\"width\":800,\"height\":693,\"caption\":\"Festa de pijama\"},{\"@type\":\"BreadcrumbList\",\"@id\":\"https:\\\/\\\/lojasosprofessoratividades.com.br\\\/produto\\\/festa-de-pijama\\\/#breadcrumb\",\"itemListElement\":[{\"@type\":\"ListItem\",\"position\":1,\"name\":\"In\u00edcio\",\"item\":\"https:\\\/\\\/lojasosprofessoratividades.com.br\\\/\"},{\"@type\":\"ListItem\",\"position\":2,\"name\":\"Loja\",\"item\":\"https:\\\/\\\/lojasosprofessoratividades.com.br\\\/loja\\\/\"},{\"@type\":\"ListItem\",\"position\":3,\"name\":\"Festa de pijama\"}]},{\"@type\":\"WebSite\",\"@id\":\"https:\\\/\\\/lojasosprofessoratividades.com.br\\\/#website\",\"url\":\"https:\\\/\\\/lojasosprofessoratividades.com.br\\\/\",\"name\":\"Loja SOS Professor Atividades\",\"description\":\"Venda de material did\u00e1tico para o ensino fundamental\",\"publisher\":{\"@id\":\"https:\\\/\\\/lojasosprofessoratividades.com.br\\\/#organization\"},\"potentialAction\":[{\"@type\":\"SearchAction\",\"target\":{\"@type\":\"EntryPoint\",\"urlTemplate\":\"https:\\\/\\\/lojasosprofessoratividades.com.br\\\/?s={search_term_string}\"},\"query-input\":{\"@type\":\"PropertyValueSpecification\",\"valueRequired\":true,\"valueName\":\"search_term_string\"}}],\"inLanguage\":\"en-US\"},{\"@type\":\"Organization\",\"@id\":\"https:\\\/\\\/lojasosprofessoratividades.com.br\\\/#organization\",\"name\":\"Loja SOS Professor Atividades\",\"url\":\"https:\\\/\\\/lojasosprofessoratividades.com.br\\\/\",\"logo\":{\"@type\":\"ImageObject\",\"inLanguage\":\"en-US\",\"@id\":\"https:\\\/\\\/lojasosprofessoratividades.com.br\\\/#\\\/schema\\\/logo\\\/image\\\/\",\"url\":\"http:\\\/\\\/lojasosprofessoratividades.com.br\\\/wp-content\\\/uploads\\\/2022\\\/04\\\/Logo.png\",\"contentUrl\":\"http:\\\/\\\/lojasosprofessoratividades.com.br\\\/wp-content\\\/uploads\\\/2022\\\/04\\\/Logo.png\",\"width\":2000,\"height\":2000,\"caption\":\"Loja SOS Professor Atividades\"},\"image\":{\"@id\":\"https:\\\/\\\/lojasosprofessoratividades.com.br\\\/#\\\/schema\\\/logo\\\/image\\\/\"},\"sameAs\":[\"https:\\\/\\\/www.facebook.com\\\/sosprofessoratividades\",\"https:\\\/\\\/www.instagram.com\\\/sosprofessoratividades\\\/\"]}]}<\/script>\n<!-- \/ Yoast SEO plugin. -->","yoast_head_json":{"title":"Festa de pijama - Loja SOS Professor Atividades","description":"Arquivo edit\u00e1vel para Festa do Pijama com convites, plano de aula, brincadeiras, painel tem\u00e1tico, lembrancinhas e dicas de seguran\u00e7a. Do 1\u00ba ao 5\u00ba ano.","robots":{"index":"index","follow":"follow","max-snippet":"max-snippet:-1","max-image-preview":"max-image-preview:large","max-video-preview":"max-video-preview:-1"},"canonical":"https:\/\/lojasosprofessoratividades.com.br\/en\/product\/festa-de-pijama\/","og_locale":"en_US","og_type":"article","og_title":"Festa de pijama - Loja SOS Professor Atividades","og_description":"Arquivo edit\u00e1vel para Festa do Pijama com convites, plano de aula, brincadeiras, painel tem\u00e1tico, lembrancinhas e dicas de seguran\u00e7a. Do 1\u00ba ao 5\u00ba ano.","og_url":"https:\/\/lojasosprofessoratividades.com.br\/en\/product\/festa-de-pijama\/","og_site_name":"Loja SOS Professor Atividades","article_publisher":"https:\/\/www.facebook.com\/sosprofessoratividades","article_modified_time":"2026-05-08T18:54:57+00:00","og_image":[{"width":800,"height":693,"url":"https:\/\/lojasosprofessoratividades.com.br\/wp-content\/uploads\/2024\/02\/1-5.jpg","type":"image\/jpeg"}],"twitter_card":"summary_large_image","twitter_misc":{"Est. reading time":"1 minute"},"schema":{"@context":"https:\/\/schema.org","@graph":[{"@type":"WebPage","@id":"https:\/\/lojasosprofessoratividades.com.br\/produto\/festa-de-pijama\/","url":"https:\/\/lojasosprofessoratividades.com.br\/produto\/festa-de-pijama\/","name":"Festa de pijama - Loja SOS Professor Atividades","isPartOf":{"@id":"https:\/\/lojasosprofessoratividades.com.br\/#website"},"primaryImageOfPage":{"@id":"https:\/\/lojasosprofessoratividades.com.br\/produto\/festa-de-pijama\/#primaryimage"},"image":{"@id":"https:\/\/lojasosprofessoratividades.com.br\/produto\/festa-de-pijama\/#primaryimage"},"thumbnailUrl":"https:\/\/lojasosprofessoratividades.com.br\/wp-content\/uploads\/2024\/02\/1-5.jpg","datePublished":"2024-10-20T10:00:43+00:00","dateModified":"2026-05-08T18:54:57+00:00","description":"Arquivo edit\u00e1vel para Festa do Pijama com convites, plano de aula, brincadeiras, painel tem\u00e1tico, lembrancinhas e dicas de seguran\u00e7a. Do 1\u00ba ao 5\u00ba ano.","breadcrumb":{"@id":"https:\/\/lojasosprofessoratividades.com.br\/produto\/festa-de-pijama\/#breadcrumb"},"inLanguage":"en-US","potentialAction":[{"@type":"ReadAction","target":["https:\/\/lojasosprofessoratividades.com.br\/produto\/festa-de-pijama\/"]}]},{"@type":"ImageObject","inLanguage":"en-US","@id":"https:\/\/lojasosprofessoratividades.com.br\/produto\/festa-de-pijama\/#primaryimage","url":"https:\/\/lojasosprofessoratividades.com.br\/wp-content\/uploads\/2024\/02\/1-5.jpg","contentUrl":"https:\/\/lojasosprofessoratividades.com.br\/wp-content\/uploads\/2024\/02\/1-5.jpg","width":800,"height":693,"caption":"Festa de pijama"},{"@type":"BreadcrumbList","@id":"https:\/\/lojasosprofessoratividades.com.br\/produto\/festa-de-pijama\/#breadcrumb","itemListElement":[{"@type":"ListItem","position":1,"name":"In\u00edcio","item":"https:\/\/lojasosprofessoratividades.com.br\/"},{"@type":"ListItem","position":2,"name":"Loja","item":"https:\/\/lojasosprofessoratividades.com.br\/loja\/"},{"@type":"ListItem","position":3,"name":"Festa de pijama"}]},{"@type":"WebSite","@id":"https:\/\/lojasosprofessoratividades.com.br\/#website","url":"https:\/\/lojasosprofessoratividades.com.br\/","name":"Loja SOS Professor Atividades","description":"Venda de material did\u00e1tico para o ensino fundamental","publisher":{"@id":"https:\/\/lojasosprofessoratividades.com.br\/#organization"},"potentialAction":[{"@type":"SearchAction","target":{"@type":"EntryPoint","urlTemplate":"https:\/\/lojasosprofessoratividades.com.br\/?s={search_term_string}"},"query-input":{"@type":"PropertyValueSpecification","valueRequired":true,"valueName":"search_term_string"}}],"inLanguage":"en-US"},{"@type":"Organization","@id":"https:\/\/lojasosprofessoratividades.com.br\/#organization","name":"Loja SOS Professor Atividades","url":"https:\/\/lojasosprofessoratividades.com.br\/","logo":{"@type":"ImageObject","inLanguage":"en-US","@id":"https:\/\/lojasosprofessoratividades.com.br\/#\/schema\/logo\/image\/","url":"http:\/\/lojasosprofessoratividades.com.br\/wp-content\/uploads\/2022\/04\/Logo.png","contentUrl":"http:\/\/lojasosprofessoratividades.com.br\/wp-content\/uploads\/2022\/04\/Logo.png","width":2000,"height":2000,"caption":"Loja SOS Professor Atividades"},"image":{"@id":"https:\/\/lojasosprofessoratividades.com.br\/#\/schema\/logo\/image\/"},"sameAs":["https:\/\/www.facebook.com\/sosprofessoratividades","https:\/\/www.instagram.com\/sosprofessoratividades\/"]}]}},"_links":{"self":[{"href":"https:\/\/lojasosprofessoratividades.com.br\/en\/wp-json\/wp\/v2\/product\/29182","targetHints":{"allow":["GET"]}}],"collection":[{"href":"https:\/\/lojasosprofessoratividades.com.br\/en\/wp-json\/wp\/v2\/product"}],"about":[{"href":"https:\/\/lojasosprofessoratividades.com.br\/en\/wp-json\/wp\/v2\/types\/product"}],"replies":[{"embeddable":true,"href":"https:\/\/lojasosprofessoratividades.com.br\/en\/wp-json\/wp\/v2\/comments?post=29182"}],"wp:featuredmedia":[{"embeddable":true,"href":"https:\/\/lojasosprofessoratividades.com.br\/en\/wp-json\/wp\/v2\/media\/29183"}],"wp:attachment":[{"href":"https:\/\/lojasosprofessoratividades.com.br\/en\/wp-json\/wp\/v2\/media?parent=29182"}],"wp:term":[{"taxonomy":"product_brand","embeddable":true,"href":"https:\/\/lojasosprofessoratividades.com.br\/en\/wp-json\/wp\/v2\/product_brand?post=29182"},{"taxonomy":"product_cat","embeddable":true,"href":"https:\/\/lojasosprofessoratividades.com.br\/en\/wp-json\/wp\/v2\/product_cat?post=29182"},{"taxonomy":"product_tag","embeddable":true,"href":"https:\/\/lojasosprofessoratividades.com.br\/en\/wp-json\/wp\/v2\/product_tag?post=29182"}],"curies":[{"name":"wp","href":"https:\/\/api.w.org\/{rel}","templated":true}]}}