{"id":29384,"date":"2024-03-08T07:00:26","date_gmt":"2024-03-08T10:00:26","guid":{"rendered":"https:\/\/lojasosprofessoratividades.com.br\/?post_type=product&#038;p=29384"},"modified":"2026-05-08T16:17:38","modified_gmt":"2026-05-08T19:17:38","slug":"valor-absoluto-e-valor-relativo","status":"publish","type":"product","link":"https:\/\/lojasosprofessoratividades.com.br\/en\/product\/valor-absoluto-e-valor-relativo\/","title":{"rendered":"Valor absoluto e Valor relativo"},"content":{"rendered":"","protected":false},"excerpt":{"rendered":"<p>Desbloqueie o potencial matem\u00e1tico dos seus alunos com nossas folhas conceituais! Planejadas para serem ampliadas como cartazes ou coladas nos cadernos, essas ferramentas visuais s\u00e3o essenciais para compreender o valor absoluto e relativo dos n\u00fameros.<\/p>\n<p>Al\u00e9m disso, nosso arquivo inclui tr\u00eas modelos de fichas pr\u00e1ticas para explorar a composi\u00e7\u00e3o e decomposi\u00e7\u00e3o dos n\u00fameros, facilitando o aprendizado de at\u00e9 4 ordens.<\/p>\n<p>\ud83d\udd0d <strong>Destaques:<\/strong><\/p>\n<ul>\n<li>Folhas conceituais para compreender valor absoluto e relativo (coloridas e em preto e branco).<\/li>\n<li>Cartazes prontos para amplia\u00e7\u00e3o.<\/li>\n<li>Fichas interativas para exercitar a composi\u00e7\u00e3o e decomposi\u00e7\u00e3o dos n\u00fameros.<\/li>\n<\/ul>\n<p>Transforme o aprendizado da matem\u00e1tica em uma experi\u00eancia divertida e din\u00e2mica!<\/p>\n<p>Adquira o Arquivo Valor Absoluto e Valor Relativo hoje mesmo!<\/p>\n<p><em><strong>N\u00e3o<\/strong><\/em> edit\u00e1vel.<\/p>\n<p><em><strong>A entrega \u00e9 feita via link para download.<\/strong><\/em><\/p>\n<p><img loading=\"lazy\" decoding=\"async\" class=\"alignnone wp-image-28858 size-full\" src=\"https:\/\/lojasosprofessoratividades.com.br\/wp-content\/uploads\/2024\/01\/aviso-novo-da-loja.png\" alt=\"\" width=\"446\" height=\"251\" srcset=\"https:\/\/lojasosprofessoratividades.com.br\/wp-content\/uploads\/2024\/01\/aviso-novo-da-loja.png 446w, https:\/\/lojasosprofessoratividades.com.br\/wp-content\/uploads\/2024\/01\/aviso-novo-da-loja-300x169.png 300w, https:\/\/lojasosprofessoratividades.com.br\/wp-content\/uploads\/2024\/01\/aviso-novo-da-loja-18x10.png 18w\" sizes=\"auto, (max-width: 446px) 100vw, 446px\" \/><\/p>","protected":false},"featured_media":29386,"comment_status":"open","ping_status":"closed","template":"","meta":[],"product_brand":[],"product_cat":[125,127,194,205,215,217],"product_tag":[333,340,438,412,439,415],"class_list":{"0":"post-29384","1":"product","2":"type-product","3":"status-publish","4":"has-post-thumbnail","6":"product_cat-4o-ano","7":"product_cat-5o-ano","8":"product_cat-matematica-4-ano","9":"product_cat-matematica-5-ano","10":"product_cat-recursos-didaticos-4-ano","11":"product_cat-recursos-didaticos-5-ano","12":"product_tag-atividade-interativa","13":"product_tag-cartaz","14":"product_tag-composicao-e","15":"product_tag-sistema-de-numeracao-decimal","16":"product_tag-valor-absoluto","17":"product_tag-valor-relativo-e-valor-absoluto","19":"first","20":"instock","21":"downloadable","22":"virtual","23":"purchasable","24":"product-type-simple"},"yoast_head":"<!-- This site is optimized with the Yoast SEO plugin v27.6 - https:\/\/yoast.com\/product\/yoast-seo-wordpress\/ -->\n<title>Valor absoluto e Valor relativo - Loja SOS Professor Atividades<\/title>\n<meta name=\"description\" content=\"N\u00e3o perca a oportunidade de enriquecer sua jornada educacional com o Arquivo de Valor Absoluto e Valor Relativo. Prepare-se para uma compreens\u00e3o mais profunda e confiante dos n\u00fameros!\" \/>\n<meta name=\"robots\" content=\"index, follow, max-snippet:-1, max-image-preview:large, max-video-preview:-1\" \/>\n<link rel=\"canonical\" href=\"https:\/\/lojasosprofessoratividades.com.br\/en\/product\/valor-absoluto-e-valor-relativo\/\" \/>\n<meta property=\"og:locale\" content=\"en_US\" \/>\n<meta property=\"og:type\" content=\"article\" \/>\n<meta property=\"og:title\" content=\"Valor absoluto e Valor relativo - Loja SOS Professor Atividades\" \/>\n<meta property=\"og:description\" content=\"N\u00e3o perca a oportunidade de enriquecer sua jornada educacional com o Arquivo de Valor Absoluto e Valor Relativo. Prepare-se para uma compreens\u00e3o mais profunda e confiante dos n\u00fameros!\" \/>\n<meta property=\"og:url\" content=\"https:\/\/lojasosprofessoratividades.com.br\/en\/product\/valor-absoluto-e-valor-relativo\/\" \/>\n<meta property=\"og:site_name\" content=\"Loja SOS Professor Atividades\" \/>\n<meta property=\"article:publisher\" content=\"https:\/\/www.facebook.com\/sosprofessoratividades\" \/>\n<meta property=\"article:modified_time\" content=\"2026-05-08T19:17:38+00:00\" \/>\n<meta property=\"og:image\" content=\"https:\/\/lojasosprofessoratividades.com.br\/wp-content\/uploads\/2024\/03\/1-1.jpg\" \/>\n\t<meta property=\"og:image:width\" content=\"800\" \/>\n\t<meta property=\"og:image:height\" content=\"693\" \/>\n\t<meta property=\"og:image:type\" content=\"image\/jpeg\" \/>\n<meta name=\"twitter:card\" content=\"summary_large_image\" \/>\n<meta name=\"twitter:label1\" content=\"Est. reading time\" \/>\n\t<meta name=\"twitter:data1\" content=\"1 minute\" \/>\n<script type=\"application\/ld+json\" class=\"yoast-schema-graph\">{\"@context\":\"https:\\\/\\\/schema.org\",\"@graph\":[{\"@type\":\"WebPage\",\"@id\":\"https:\\\/\\\/lojasosprofessoratividades.com.br\\\/produto\\\/valor-absoluto-e-valor-relativo\\\/\",\"url\":\"https:\\\/\\\/lojasosprofessoratividades.com.br\\\/produto\\\/valor-absoluto-e-valor-relativo\\\/\",\"name\":\"Valor absoluto e Valor relativo - Loja SOS Professor Atividades\",\"isPartOf\":{\"@id\":\"https:\\\/\\\/lojasosprofessoratividades.com.br\\\/#website\"},\"primaryImageOfPage\":{\"@id\":\"https:\\\/\\\/lojasosprofessoratividades.com.br\\\/produto\\\/valor-absoluto-e-valor-relativo\\\/#primaryimage\"},\"image\":{\"@id\":\"https:\\\/\\\/lojasosprofessoratividades.com.br\\\/produto\\\/valor-absoluto-e-valor-relativo\\\/#primaryimage\"},\"thumbnailUrl\":\"https:\\\/\\\/lojasosprofessoratividades.com.br\\\/wp-content\\\/uploads\\\/2024\\\/03\\\/1-1.jpg\",\"datePublished\":\"2024-03-08T10:00:26+00:00\",\"dateModified\":\"2026-05-08T19:17:38+00:00\",\"description\":\"N\u00e3o perca a oportunidade de enriquecer sua jornada educacional com o Arquivo de Valor Absoluto e Valor Relativo. Prepare-se para uma compreens\u00e3o mais profunda e confiante dos n\u00fameros!\",\"breadcrumb\":{\"@id\":\"https:\\\/\\\/lojasosprofessoratividades.com.br\\\/produto\\\/valor-absoluto-e-valor-relativo\\\/#breadcrumb\"},\"inLanguage\":\"en-US\",\"potentialAction\":[{\"@type\":\"ReadAction\",\"target\":[\"https:\\\/\\\/lojasosprofessoratividades.com.br\\\/produto\\\/valor-absoluto-e-valor-relativo\\\/\"]}]},{\"@type\":\"ImageObject\",\"inLanguage\":\"en-US\",\"@id\":\"https:\\\/\\\/lojasosprofessoratividades.com.br\\\/produto\\\/valor-absoluto-e-valor-relativo\\\/#primaryimage\",\"url\":\"https:\\\/\\\/lojasosprofessoratividades.com.br\\\/wp-content\\\/uploads\\\/2024\\\/03\\\/1-1.jpg\",\"contentUrl\":\"https:\\\/\\\/lojasosprofessoratividades.com.br\\\/wp-content\\\/uploads\\\/2024\\\/03\\\/1-1.jpg\",\"width\":800,\"height\":693,\"caption\":\"Valor absoluto e Valor relativo\"},{\"@type\":\"BreadcrumbList\",\"@id\":\"https:\\\/\\\/lojasosprofessoratividades.com.br\\\/produto\\\/valor-absoluto-e-valor-relativo\\\/#breadcrumb\",\"itemListElement\":[{\"@type\":\"ListItem\",\"position\":1,\"name\":\"In\u00edcio\",\"item\":\"https:\\\/\\\/lojasosprofessoratividades.com.br\\\/\"},{\"@type\":\"ListItem\",\"position\":2,\"name\":\"Loja\",\"item\":\"https:\\\/\\\/lojasosprofessoratividades.com.br\\\/loja\\\/\"},{\"@type\":\"ListItem\",\"position\":3,\"name\":\"Valor absoluto e Valor relativo\"}]},{\"@type\":\"WebSite\",\"@id\":\"https:\\\/\\\/lojasosprofessoratividades.com.br\\\/#website\",\"url\":\"https:\\\/\\\/lojasosprofessoratividades.com.br\\\/\",\"name\":\"Loja SOS Professor Atividades\",\"description\":\"Venda de material did\u00e1tico para o ensino fundamental\",\"publisher\":{\"@id\":\"https:\\\/\\\/lojasosprofessoratividades.com.br\\\/#organization\"},\"potentialAction\":[{\"@type\":\"SearchAction\",\"target\":{\"@type\":\"EntryPoint\",\"urlTemplate\":\"https:\\\/\\\/lojasosprofessoratividades.com.br\\\/?s={search_term_string}\"},\"query-input\":{\"@type\":\"PropertyValueSpecification\",\"valueRequired\":true,\"valueName\":\"search_term_string\"}}],\"inLanguage\":\"en-US\"},{\"@type\":\"Organization\",\"@id\":\"https:\\\/\\\/lojasosprofessoratividades.com.br\\\/#organization\",\"name\":\"Loja SOS Professor Atividades\",\"url\":\"https:\\\/\\\/lojasosprofessoratividades.com.br\\\/\",\"logo\":{\"@type\":\"ImageObject\",\"inLanguage\":\"en-US\",\"@id\":\"https:\\\/\\\/lojasosprofessoratividades.com.br\\\/#\\\/schema\\\/logo\\\/image\\\/\",\"url\":\"http:\\\/\\\/lojasosprofessoratividades.com.br\\\/wp-content\\\/uploads\\\/2022\\\/04\\\/Logo.png\",\"contentUrl\":\"http:\\\/\\\/lojasosprofessoratividades.com.br\\\/wp-content\\\/uploads\\\/2022\\\/04\\\/Logo.png\",\"width\":2000,\"height\":2000,\"caption\":\"Loja SOS Professor Atividades\"},\"image\":{\"@id\":\"https:\\\/\\\/lojasosprofessoratividades.com.br\\\/#\\\/schema\\\/logo\\\/image\\\/\"},\"sameAs\":[\"https:\\\/\\\/www.facebook.com\\\/sosprofessoratividades\",\"https:\\\/\\\/www.instagram.com\\\/sosprofessoratividades\\\/\"]}]}<\/script>\n<!-- \/ Yoast SEO plugin. -->","yoast_head_json":{"title":"Valor absoluto e Valor relativo - Loja SOS Professor Atividades","description":"N\u00e3o perca a oportunidade de enriquecer sua jornada educacional com o Arquivo de Valor Absoluto e Valor Relativo. Prepare-se para uma compreens\u00e3o mais profunda e confiante dos n\u00fameros!","robots":{"index":"index","follow":"follow","max-snippet":"max-snippet:-1","max-image-preview":"max-image-preview:large","max-video-preview":"max-video-preview:-1"},"canonical":"https:\/\/lojasosprofessoratividades.com.br\/en\/product\/valor-absoluto-e-valor-relativo\/","og_locale":"en_US","og_type":"article","og_title":"Valor absoluto e Valor relativo - Loja SOS Professor Atividades","og_description":"N\u00e3o perca a oportunidade de enriquecer sua jornada educacional com o Arquivo de Valor Absoluto e Valor Relativo. Prepare-se para uma compreens\u00e3o mais profunda e confiante dos n\u00fameros!","og_url":"https:\/\/lojasosprofessoratividades.com.br\/en\/product\/valor-absoluto-e-valor-relativo\/","og_site_name":"Loja SOS Professor Atividades","article_publisher":"https:\/\/www.facebook.com\/sosprofessoratividades","article_modified_time":"2026-05-08T19:17:38+00:00","og_image":[{"width":800,"height":693,"url":"https:\/\/lojasosprofessoratividades.com.br\/wp-content\/uploads\/2024\/03\/1-1.jpg","type":"image\/jpeg"}],"twitter_card":"summary_large_image","twitter_misc":{"Est. reading time":"1 minute"},"schema":{"@context":"https:\/\/schema.org","@graph":[{"@type":"WebPage","@id":"https:\/\/lojasosprofessoratividades.com.br\/produto\/valor-absoluto-e-valor-relativo\/","url":"https:\/\/lojasosprofessoratividades.com.br\/produto\/valor-absoluto-e-valor-relativo\/","name":"Valor absoluto e Valor relativo - Loja SOS Professor Atividades","isPartOf":{"@id":"https:\/\/lojasosprofessoratividades.com.br\/#website"},"primaryImageOfPage":{"@id":"https:\/\/lojasosprofessoratividades.com.br\/produto\/valor-absoluto-e-valor-relativo\/#primaryimage"},"image":{"@id":"https:\/\/lojasosprofessoratividades.com.br\/produto\/valor-absoluto-e-valor-relativo\/#primaryimage"},"thumbnailUrl":"https:\/\/lojasosprofessoratividades.com.br\/wp-content\/uploads\/2024\/03\/1-1.jpg","datePublished":"2024-03-08T10:00:26+00:00","dateModified":"2026-05-08T19:17:38+00:00","description":"N\u00e3o perca a oportunidade de enriquecer sua jornada educacional com o Arquivo de Valor Absoluto e Valor Relativo. Prepare-se para uma compreens\u00e3o mais profunda e confiante dos n\u00fameros!","breadcrumb":{"@id":"https:\/\/lojasosprofessoratividades.com.br\/produto\/valor-absoluto-e-valor-relativo\/#breadcrumb"},"inLanguage":"en-US","potentialAction":[{"@type":"ReadAction","target":["https:\/\/lojasosprofessoratividades.com.br\/produto\/valor-absoluto-e-valor-relativo\/"]}]},{"@type":"ImageObject","inLanguage":"en-US","@id":"https:\/\/lojasosprofessoratividades.com.br\/produto\/valor-absoluto-e-valor-relativo\/#primaryimage","url":"https:\/\/lojasosprofessoratividades.com.br\/wp-content\/uploads\/2024\/03\/1-1.jpg","contentUrl":"https:\/\/lojasosprofessoratividades.com.br\/wp-content\/uploads\/2024\/03\/1-1.jpg","width":800,"height":693,"caption":"Valor absoluto e Valor relativo"},{"@type":"BreadcrumbList","@id":"https:\/\/lojasosprofessoratividades.com.br\/produto\/valor-absoluto-e-valor-relativo\/#breadcrumb","itemListElement":[{"@type":"ListItem","position":1,"name":"In\u00edcio","item":"https:\/\/lojasosprofessoratividades.com.br\/"},{"@type":"ListItem","position":2,"name":"Loja","item":"https:\/\/lojasosprofessoratividades.com.br\/loja\/"},{"@type":"ListItem","position":3,"name":"Valor absoluto e Valor relativo"}]},{"@type":"WebSite","@id":"https:\/\/lojasosprofessoratividades.com.br\/#website","url":"https:\/\/lojasosprofessoratividades.com.br\/","name":"Loja SOS Professor Atividades","description":"Venda de material did\u00e1tico para o ensino fundamental","publisher":{"@id":"https:\/\/lojasosprofessoratividades.com.br\/#organization"},"potentialAction":[{"@type":"SearchAction","target":{"@type":"EntryPoint","urlTemplate":"https:\/\/lojasosprofessoratividades.com.br\/?s={search_term_string}"},"query-input":{"@type":"PropertyValueSpecification","valueRequired":true,"valueName":"search_term_string"}}],"inLanguage":"en-US"},{"@type":"Organization","@id":"https:\/\/lojasosprofessoratividades.com.br\/#organization","name":"Loja SOS Professor Atividades","url":"https:\/\/lojasosprofessoratividades.com.br\/","logo":{"@type":"ImageObject","inLanguage":"en-US","@id":"https:\/\/lojasosprofessoratividades.com.br\/#\/schema\/logo\/image\/","url":"http:\/\/lojasosprofessoratividades.com.br\/wp-content\/uploads\/2022\/04\/Logo.png","contentUrl":"http:\/\/lojasosprofessoratividades.com.br\/wp-content\/uploads\/2022\/04\/Logo.png","width":2000,"height":2000,"caption":"Loja SOS Professor Atividades"},"image":{"@id":"https:\/\/lojasosprofessoratividades.com.br\/#\/schema\/logo\/image\/"},"sameAs":["https:\/\/www.facebook.com\/sosprofessoratividades","https:\/\/www.instagram.com\/sosprofessoratividades\/"]}]}},"_links":{"self":[{"href":"https:\/\/lojasosprofessoratividades.com.br\/en\/wp-json\/wp\/v2\/product\/29384","targetHints":{"allow":["GET"]}}],"collection":[{"href":"https:\/\/lojasosprofessoratividades.com.br\/en\/wp-json\/wp\/v2\/product"}],"about":[{"href":"https:\/\/lojasosprofessoratividades.com.br\/en\/wp-json\/wp\/v2\/types\/product"}],"replies":[{"embeddable":true,"href":"https:\/\/lojasosprofessoratividades.com.br\/en\/wp-json\/wp\/v2\/comments?post=29384"}],"wp:featuredmedia":[{"embeddable":true,"href":"https:\/\/lojasosprofessoratividades.com.br\/en\/wp-json\/wp\/v2\/media\/29386"}],"wp:attachment":[{"href":"https:\/\/lojasosprofessoratividades.com.br\/en\/wp-json\/wp\/v2\/media?parent=29384"}],"wp:term":[{"taxonomy":"product_brand","embeddable":true,"href":"https:\/\/lojasosprofessoratividades.com.br\/en\/wp-json\/wp\/v2\/product_brand?post=29384"},{"taxonomy":"product_cat","embeddable":true,"href":"https:\/\/lojasosprofessoratividades.com.br\/en\/wp-json\/wp\/v2\/product_cat?post=29384"},{"taxonomy":"product_tag","embeddable":true,"href":"https:\/\/lojasosprofessoratividades.com.br\/en\/wp-json\/wp\/v2\/product_tag?post=29384"}],"curies":[{"name":"wp","href":"https:\/\/api.w.org\/{rel}","templated":true}]}}