{"id":29785,"date":"2024-03-13T23:49:05","date_gmt":"2024-03-14T02:49:05","guid":{"rendered":"https:\/\/lojasosprofessoratividades.com.br\/?post_type=product&#038;p=29785"},"modified":"2026-05-08T16:17:55","modified_gmt":"2026-05-08T19:17:55","slug":"historia-a-ultima-ceia","status":"publish","type":"product","link":"https:\/\/lojasosprofessoratividades.com.br\/en\/product\/historia-a-ultima-ceia\/","title":{"rendered":"Hist\u00f3ria &#8211; A \u00faltima ceia"},"content":{"rendered":"","protected":false},"excerpt":{"rendered":"<p>Estamos animados em apresentar o livro &#8220;A \u00daltima Ceia&#8221; especialmente elaborado para turmas do 3\u00ba ao 5\u00ba ano! Este livro oferece uma abordagem criativa e envolvente da hist\u00f3ria da \u00daltima Ceia de Jesus, com uma interpreta\u00e7\u00e3o de texto que cativar\u00e1 a imagina\u00e7\u00e3o dos alunos.<\/p>\n<p><strong>Por que escolher este livro?<\/strong><\/p>\n<ol>\n<li><strong>Interpreta\u00e7\u00e3o de Texto Cativante:<\/strong> O texto foi cuidadosamente elaborado para ser acess\u00edvel e envolvente para alunos de diferentes n\u00edveis de habilidade de leitura.<\/li>\n<li><strong>Apresenta\u00e7\u00e3o Criativa da Hist\u00f3ria:<\/strong> A hist\u00f3ria da \u00daltima Ceia \u00e9 apresentada de forma vibrante e interessante, garantindo que os alunos se sintam envolvidos do in\u00edcio ao fim.<\/li>\n<li><strong>Inclui Gabarito para Atividades:<\/strong> O arquivo vem com gabarito que economizando tempo para os professores.<\/li>\n<li><strong>Adapt\u00e1vel para Diferentes Faixas Et\u00e1rias:<\/strong> A linguagem e o conte\u00fado do livro s\u00e3o adequados para alunos do 3\u00ba ao 5\u00ba ano, tornando-o flex\u00edvel para ser usado em diversas turmas.<\/li>\n<\/ol>\n<p><strong>N\u00e3o<\/strong> edit\u00e1vel.<\/p>\n<h3>N\u00e3o enviamos por e-mail, a entrega \u00e9 via link para download. \ud83d\udc47<\/h3>\n<p><img loading=\"lazy\" decoding=\"async\" class=\"alignnone wp-image-33408 size-full\" src=\"https:\/\/lojasosprofessoratividades.com.br\/wp-content\/uploads\/2025\/02\/Aviso-Loja.jpg\" alt=\"\" width=\"446\" height=\"251\" srcset=\"https:\/\/lojasosprofessoratividades.com.br\/wp-content\/uploads\/2025\/02\/Aviso-Loja.jpg 446w, https:\/\/lojasosprofessoratividades.com.br\/wp-content\/uploads\/2025\/02\/Aviso-Loja-300x169.jpg 300w, https:\/\/lojasosprofessoratividades.com.br\/wp-content\/uploads\/2025\/02\/Aviso-Loja-18x10.jpg 18w\" sizes=\"auto, (max-width: 446px) 100vw, 446px\" \/><\/p>","protected":false},"featured_media":29810,"comment_status":"open","ping_status":"closed","template":"","meta":[],"product_brand":[],"product_cat":[124,125,127,216,218,214,195,204,189,215,217,213],"product_tag":[373,444,1400,616,375,1401,1399,445,250,643,432,1264,443,1398],"class_list":{"0":"post-29785","1":"product","2":"type-product","3":"status-publish","4":"has-post-thumbnail","6":"product_cat-3o-ano","7":"product_cat-4o-ano","8":"product_cat-5o-ano","9":"product_cat-data-comemorativa-4-ano","10":"product_cat-data-comemorativa-5-ano","11":"product_cat-data-comemorativa-3-ano","12":"product_cat-portugues-4-ano","13":"product_cat-portugues-5-anos","14":"product_cat-portugues-3-ano","15":"product_cat-recursos-didaticos-4-ano","16":"product_cat-recursos-didaticos-5-ano","17":"product_cat-recursos-didaticos-3-ano","18":"product_tag-3o-ao-5o-ano","19":"product_tag-a-ultima-ceia","20":"product_tag-aprendizado-criativo","21":"product_tag-atividades-escolares","22":"product_tag-bncc","23":"product_tag-educacao-crista","24":"product_tag-ensino-religioso","25":"product_tag-historia-biblica","26":"product_tag-interpretacao-de-texto","27":"product_tag-material-pedagogico","28":"product_tag-pascoa","29":"product_tag-pascoa-crista","30":"product_tag-recusro-didatico","31":"product_tag-ultima-ceia","33":"first","34":"instock","35":"downloadable","36":"virtual","37":"sold-individually","38":"purchasable","39":"product-type-simple"},"yoast_head":"<!-- This site is optimized with the Yoast SEO plugin v27.6 - https:\/\/yoast.com\/product\/yoast-seo-wordpress\/ -->\n<title>Hist\u00f3ria - A \u00faltima ceia - Loja SOS Professor Atividades<\/title>\n<meta name=\"description\" content=\"Livro educativo sobre a \u00daltima Ceia, ideal para turmas do 3\u00ba ao 5\u00ba ano. Apresenta a hist\u00f3ria de forma envolvente, com interpreta\u00e7\u00e3o de texto acess\u00edvel e atividades interativas. Inclui gabarito para facilitar o trabalho dos professores. Arquivo n\u00e3o edit\u00e1vel.\" \/>\n<meta name=\"robots\" content=\"index, follow, max-snippet:-1, max-image-preview:large, max-video-preview:-1\" \/>\n<link rel=\"canonical\" href=\"https:\/\/lojasosprofessoratividades.com.br\/en\/product\/historia-a-ultima-ceia\/\" \/>\n<meta property=\"og:locale\" content=\"en_US\" \/>\n<meta property=\"og:type\" content=\"article\" \/>\n<meta property=\"og:title\" content=\"Hist\u00f3ria - A \u00faltima ceia - Loja SOS Professor Atividades\" \/>\n<meta property=\"og:description\" content=\"Livro educativo sobre a \u00daltima Ceia, ideal para turmas do 3\u00ba ao 5\u00ba ano. Apresenta a hist\u00f3ria de forma envolvente, com interpreta\u00e7\u00e3o de texto acess\u00edvel e atividades interativas. Inclui gabarito para facilitar o trabalho dos professores. Arquivo n\u00e3o edit\u00e1vel.\" \/>\n<meta property=\"og:url\" content=\"https:\/\/lojasosprofessoratividades.com.br\/en\/product\/historia-a-ultima-ceia\/\" \/>\n<meta property=\"og:site_name\" content=\"Loja SOS Professor Atividades\" \/>\n<meta property=\"article:publisher\" content=\"https:\/\/www.facebook.com\/sosprofessoratividades\" \/>\n<meta property=\"article:modified_time\" content=\"2026-05-08T19:17:55+00:00\" \/>\n<meta property=\"og:image\" content=\"https:\/\/lojasosprofessoratividades.com.br\/wp-content\/uploads\/2024\/03\/Ultima-Ceia-1.jpg\" \/>\n\t<meta property=\"og:image:width\" content=\"800\" \/>\n\t<meta property=\"og:image:height\" content=\"693\" \/>\n\t<meta property=\"og:image:type\" content=\"image\/jpeg\" \/>\n<meta name=\"twitter:card\" content=\"summary_large_image\" \/>\n<meta name=\"twitter:label1\" content=\"Est. reading time\" \/>\n\t<meta name=\"twitter:data1\" content=\"1 minute\" \/>\n<script type=\"application\/ld+json\" class=\"yoast-schema-graph\">{\"@context\":\"https:\\\/\\\/schema.org\",\"@graph\":[{\"@type\":\"WebPage\",\"@id\":\"https:\\\/\\\/lojasosprofessoratividades.com.br\\\/produto\\\/historia-a-ultima-ceia\\\/\",\"url\":\"https:\\\/\\\/lojasosprofessoratividades.com.br\\\/produto\\\/historia-a-ultima-ceia\\\/\",\"name\":\"Hist\u00f3ria - A \u00faltima ceia - Loja SOS Professor Atividades\",\"isPartOf\":{\"@id\":\"https:\\\/\\\/lojasosprofessoratividades.com.br\\\/#website\"},\"primaryImageOfPage\":{\"@id\":\"https:\\\/\\\/lojasosprofessoratividades.com.br\\\/produto\\\/historia-a-ultima-ceia\\\/#primaryimage\"},\"image\":{\"@id\":\"https:\\\/\\\/lojasosprofessoratividades.com.br\\\/produto\\\/historia-a-ultima-ceia\\\/#primaryimage\"},\"thumbnailUrl\":\"https:\\\/\\\/lojasosprofessoratividades.com.br\\\/wp-content\\\/uploads\\\/2024\\\/03\\\/Ultima-Ceia-1.jpg\",\"datePublished\":\"2024-03-14T02:49:05+00:00\",\"dateModified\":\"2026-05-08T19:17:55+00:00\",\"description\":\"Livro educativo sobre a \u00daltima Ceia, ideal para turmas do 3\u00ba ao 5\u00ba ano. Apresenta a hist\u00f3ria de forma envolvente, com interpreta\u00e7\u00e3o de texto acess\u00edvel e atividades interativas. Inclui gabarito para facilitar o trabalho dos professores. Arquivo n\u00e3o edit\u00e1vel.\",\"breadcrumb\":{\"@id\":\"https:\\\/\\\/lojasosprofessoratividades.com.br\\\/produto\\\/historia-a-ultima-ceia\\\/#breadcrumb\"},\"inLanguage\":\"en-US\",\"potentialAction\":[{\"@type\":\"ReadAction\",\"target\":[\"https:\\\/\\\/lojasosprofessoratividades.com.br\\\/produto\\\/historia-a-ultima-ceia\\\/\"]}]},{\"@type\":\"ImageObject\",\"inLanguage\":\"en-US\",\"@id\":\"https:\\\/\\\/lojasosprofessoratividades.com.br\\\/produto\\\/historia-a-ultima-ceia\\\/#primaryimage\",\"url\":\"https:\\\/\\\/lojasosprofessoratividades.com.br\\\/wp-content\\\/uploads\\\/2024\\\/03\\\/Ultima-Ceia-1.jpg\",\"contentUrl\":\"https:\\\/\\\/lojasosprofessoratividades.com.br\\\/wp-content\\\/uploads\\\/2024\\\/03\\\/Ultima-Ceia-1.jpg\",\"width\":800,\"height\":693,\"caption\":\"\u00daltima Ceia\"},{\"@type\":\"BreadcrumbList\",\"@id\":\"https:\\\/\\\/lojasosprofessoratividades.com.br\\\/produto\\\/historia-a-ultima-ceia\\\/#breadcrumb\",\"itemListElement\":[{\"@type\":\"ListItem\",\"position\":1,\"name\":\"In\u00edcio\",\"item\":\"https:\\\/\\\/lojasosprofessoratividades.com.br\\\/\"},{\"@type\":\"ListItem\",\"position\":2,\"name\":\"Loja\",\"item\":\"https:\\\/\\\/lojasosprofessoratividades.com.br\\\/loja\\\/\"},{\"@type\":\"ListItem\",\"position\":3,\"name\":\"Hist\u00f3ria &#8211; A \u00faltima ceia\"}]},{\"@type\":\"WebSite\",\"@id\":\"https:\\\/\\\/lojasosprofessoratividades.com.br\\\/#website\",\"url\":\"https:\\\/\\\/lojasosprofessoratividades.com.br\\\/\",\"name\":\"Loja SOS Professor Atividades\",\"description\":\"Venda de material did\u00e1tico para o ensino fundamental\",\"publisher\":{\"@id\":\"https:\\\/\\\/lojasosprofessoratividades.com.br\\\/#organization\"},\"potentialAction\":[{\"@type\":\"SearchAction\",\"target\":{\"@type\":\"EntryPoint\",\"urlTemplate\":\"https:\\\/\\\/lojasosprofessoratividades.com.br\\\/?s={search_term_string}\"},\"query-input\":{\"@type\":\"PropertyValueSpecification\",\"valueRequired\":true,\"valueName\":\"search_term_string\"}}],\"inLanguage\":\"en-US\"},{\"@type\":\"Organization\",\"@id\":\"https:\\\/\\\/lojasosprofessoratividades.com.br\\\/#organization\",\"name\":\"Loja SOS Professor Atividades\",\"url\":\"https:\\\/\\\/lojasosprofessoratividades.com.br\\\/\",\"logo\":{\"@type\":\"ImageObject\",\"inLanguage\":\"en-US\",\"@id\":\"https:\\\/\\\/lojasosprofessoratividades.com.br\\\/#\\\/schema\\\/logo\\\/image\\\/\",\"url\":\"http:\\\/\\\/lojasosprofessoratividades.com.br\\\/wp-content\\\/uploads\\\/2022\\\/04\\\/Logo.png\",\"contentUrl\":\"http:\\\/\\\/lojasosprofessoratividades.com.br\\\/wp-content\\\/uploads\\\/2022\\\/04\\\/Logo.png\",\"width\":2000,\"height\":2000,\"caption\":\"Loja SOS Professor Atividades\"},\"image\":{\"@id\":\"https:\\\/\\\/lojasosprofessoratividades.com.br\\\/#\\\/schema\\\/logo\\\/image\\\/\"},\"sameAs\":[\"https:\\\/\\\/www.facebook.com\\\/sosprofessoratividades\",\"https:\\\/\\\/www.instagram.com\\\/sosprofessoratividades\\\/\"]}]}<\/script>\n<!-- \/ Yoast SEO plugin. -->","yoast_head_json":{"title":"Hist\u00f3ria - A \u00faltima ceia - Loja SOS Professor Atividades","description":"Livro educativo sobre a \u00daltima Ceia, ideal para turmas do 3\u00ba ao 5\u00ba ano. Apresenta a hist\u00f3ria de forma envolvente, com interpreta\u00e7\u00e3o de texto acess\u00edvel e atividades interativas. Inclui gabarito para facilitar o trabalho dos professores. Arquivo n\u00e3o edit\u00e1vel.","robots":{"index":"index","follow":"follow","max-snippet":"max-snippet:-1","max-image-preview":"max-image-preview:large","max-video-preview":"max-video-preview:-1"},"canonical":"https:\/\/lojasosprofessoratividades.com.br\/en\/product\/historia-a-ultima-ceia\/","og_locale":"en_US","og_type":"article","og_title":"Hist\u00f3ria - A \u00faltima ceia - Loja SOS Professor Atividades","og_description":"Livro educativo sobre a \u00daltima Ceia, ideal para turmas do 3\u00ba ao 5\u00ba ano. Apresenta a hist\u00f3ria de forma envolvente, com interpreta\u00e7\u00e3o de texto acess\u00edvel e atividades interativas. Inclui gabarito para facilitar o trabalho dos professores. Arquivo n\u00e3o edit\u00e1vel.","og_url":"https:\/\/lojasosprofessoratividades.com.br\/en\/product\/historia-a-ultima-ceia\/","og_site_name":"Loja SOS Professor Atividades","article_publisher":"https:\/\/www.facebook.com\/sosprofessoratividades","article_modified_time":"2026-05-08T19:17:55+00:00","og_image":[{"width":800,"height":693,"url":"https:\/\/lojasosprofessoratividades.com.br\/wp-content\/uploads\/2024\/03\/Ultima-Ceia-1.jpg","type":"image\/jpeg"}],"twitter_card":"summary_large_image","twitter_misc":{"Est. reading time":"1 minute"},"schema":{"@context":"https:\/\/schema.org","@graph":[{"@type":"WebPage","@id":"https:\/\/lojasosprofessoratividades.com.br\/produto\/historia-a-ultima-ceia\/","url":"https:\/\/lojasosprofessoratividades.com.br\/produto\/historia-a-ultima-ceia\/","name":"Hist\u00f3ria - A \u00faltima ceia - Loja SOS Professor Atividades","isPartOf":{"@id":"https:\/\/lojasosprofessoratividades.com.br\/#website"},"primaryImageOfPage":{"@id":"https:\/\/lojasosprofessoratividades.com.br\/produto\/historia-a-ultima-ceia\/#primaryimage"},"image":{"@id":"https:\/\/lojasosprofessoratividades.com.br\/produto\/historia-a-ultima-ceia\/#primaryimage"},"thumbnailUrl":"https:\/\/lojasosprofessoratividades.com.br\/wp-content\/uploads\/2024\/03\/Ultima-Ceia-1.jpg","datePublished":"2024-03-14T02:49:05+00:00","dateModified":"2026-05-08T19:17:55+00:00","description":"Livro educativo sobre a \u00daltima Ceia, ideal para turmas do 3\u00ba ao 5\u00ba ano. Apresenta a hist\u00f3ria de forma envolvente, com interpreta\u00e7\u00e3o de texto acess\u00edvel e atividades interativas. Inclui gabarito para facilitar o trabalho dos professores. Arquivo n\u00e3o edit\u00e1vel.","breadcrumb":{"@id":"https:\/\/lojasosprofessoratividades.com.br\/produto\/historia-a-ultima-ceia\/#breadcrumb"},"inLanguage":"en-US","potentialAction":[{"@type":"ReadAction","target":["https:\/\/lojasosprofessoratividades.com.br\/produto\/historia-a-ultima-ceia\/"]}]},{"@type":"ImageObject","inLanguage":"en-US","@id":"https:\/\/lojasosprofessoratividades.com.br\/produto\/historia-a-ultima-ceia\/#primaryimage","url":"https:\/\/lojasosprofessoratividades.com.br\/wp-content\/uploads\/2024\/03\/Ultima-Ceia-1.jpg","contentUrl":"https:\/\/lojasosprofessoratividades.com.br\/wp-content\/uploads\/2024\/03\/Ultima-Ceia-1.jpg","width":800,"height":693,"caption":"\u00daltima Ceia"},{"@type":"BreadcrumbList","@id":"https:\/\/lojasosprofessoratividades.com.br\/produto\/historia-a-ultima-ceia\/#breadcrumb","itemListElement":[{"@type":"ListItem","position":1,"name":"In\u00edcio","item":"https:\/\/lojasosprofessoratividades.com.br\/"},{"@type":"ListItem","position":2,"name":"Loja","item":"https:\/\/lojasosprofessoratividades.com.br\/loja\/"},{"@type":"ListItem","position":3,"name":"Hist\u00f3ria &#8211; A \u00faltima ceia"}]},{"@type":"WebSite","@id":"https:\/\/lojasosprofessoratividades.com.br\/#website","url":"https:\/\/lojasosprofessoratividades.com.br\/","name":"Loja SOS Professor Atividades","description":"Venda de material did\u00e1tico para o ensino fundamental","publisher":{"@id":"https:\/\/lojasosprofessoratividades.com.br\/#organization"},"potentialAction":[{"@type":"SearchAction","target":{"@type":"EntryPoint","urlTemplate":"https:\/\/lojasosprofessoratividades.com.br\/?s={search_term_string}"},"query-input":{"@type":"PropertyValueSpecification","valueRequired":true,"valueName":"search_term_string"}}],"inLanguage":"en-US"},{"@type":"Organization","@id":"https:\/\/lojasosprofessoratividades.com.br\/#organization","name":"Loja SOS Professor Atividades","url":"https:\/\/lojasosprofessoratividades.com.br\/","logo":{"@type":"ImageObject","inLanguage":"en-US","@id":"https:\/\/lojasosprofessoratividades.com.br\/#\/schema\/logo\/image\/","url":"http:\/\/lojasosprofessoratividades.com.br\/wp-content\/uploads\/2022\/04\/Logo.png","contentUrl":"http:\/\/lojasosprofessoratividades.com.br\/wp-content\/uploads\/2022\/04\/Logo.png","width":2000,"height":2000,"caption":"Loja SOS Professor Atividades"},"image":{"@id":"https:\/\/lojasosprofessoratividades.com.br\/#\/schema\/logo\/image\/"},"sameAs":["https:\/\/www.facebook.com\/sosprofessoratividades","https:\/\/www.instagram.com\/sosprofessoratividades\/"]}]}},"_links":{"self":[{"href":"https:\/\/lojasosprofessoratividades.com.br\/en\/wp-json\/wp\/v2\/product\/29785","targetHints":{"allow":["GET"]}}],"collection":[{"href":"https:\/\/lojasosprofessoratividades.com.br\/en\/wp-json\/wp\/v2\/product"}],"about":[{"href":"https:\/\/lojasosprofessoratividades.com.br\/en\/wp-json\/wp\/v2\/types\/product"}],"replies":[{"embeddable":true,"href":"https:\/\/lojasosprofessoratividades.com.br\/en\/wp-json\/wp\/v2\/comments?post=29785"}],"wp:featuredmedia":[{"embeddable":true,"href":"https:\/\/lojasosprofessoratividades.com.br\/en\/wp-json\/wp\/v2\/media\/29810"}],"wp:attachment":[{"href":"https:\/\/lojasosprofessoratividades.com.br\/en\/wp-json\/wp\/v2\/media?parent=29785"}],"wp:term":[{"taxonomy":"product_brand","embeddable":true,"href":"https:\/\/lojasosprofessoratividades.com.br\/en\/wp-json\/wp\/v2\/product_brand?post=29785"},{"taxonomy":"product_cat","embeddable":true,"href":"https:\/\/lojasosprofessoratividades.com.br\/en\/wp-json\/wp\/v2\/product_cat?post=29785"},{"taxonomy":"product_tag","embeddable":true,"href":"https:\/\/lojasosprofessoratividades.com.br\/en\/wp-json\/wp\/v2\/product_tag?post=29785"}],"curies":[{"name":"wp","href":"https:\/\/api.w.org\/{rel}","templated":true}]}}