{"id":29871,"date":"2026-03-15T20:12:18","date_gmt":"2026-03-15T23:12:18","guid":{"rendered":"https:\/\/lojasosprofessoratividades.com.br\/?post_type=product&#038;p=29871"},"modified":"2026-05-08T13:56:56","modified_gmt":"2026-05-08T16:56:56","slug":"a-verdadeira-pascoa-historia-na-bolacha","status":"publish","type":"product","link":"https:\/\/lojasosprofessoratividades.com.br\/en\/product\/a-verdadeira-pascoa-historia-na-bolacha\/","title":{"rendered":"A verdadeira P\u00e1scoa &#8211; Hist\u00f3ria na bolacha"},"content":{"rendered":"","protected":false},"excerpt":{"rendered":"<p>Explore a verdadeira hist\u00f3ria da P\u00e1scoa de uma forma totalmente nova com nosso recurso did\u00e1tico especial: &#8220;A verdadeira P\u00e1scoa &#8211; Hist\u00f3ria na bolacha&#8221;!<\/p>\n<p>\ud83d\udcda\u271d\ufe0f Este recurso envolvente oferece o resumo da hist\u00f3ria para compartilhar com seus alunos, al\u00e9m de uma envolvente atividade de pintura onde eles podem personalizar as imagens da hist\u00f3ria.<\/p>\n<p>\ud83c\udfa8\ud83d\udd8c\ufe0f Deixe a criatividade florescer enquanto mergulhamos juntos no verdadeiro significado desta celebra\u00e7\u00e3o especial.<\/p>\n<p><em><strong>N\u00e3o<\/strong><\/em> edit\u00e1vel.<\/p>\n<h3>N\u00e3o enviamos por e-mail, a entrega \u00e9 via link para download. \ud83d\udc47<\/h3>\n<p><img loading=\"lazy\" decoding=\"async\" class=\"alignnone wp-image-38009 size-full\" src=\"https:\/\/lojasosprofessoratividades.com.br\/wp-content\/uploads\/2026\/02\/Como-baixar-2.jpg\" alt=\"\" width=\"446\" height=\"251\" srcset=\"https:\/\/lojasosprofessoratividades.com.br\/wp-content\/uploads\/2026\/02\/Como-baixar-2.jpg 446w, https:\/\/lojasosprofessoratividades.com.br\/wp-content\/uploads\/2026\/02\/Como-baixar-2-300x169.jpg 300w, https:\/\/lojasosprofessoratividades.com.br\/wp-content\/uploads\/2026\/02\/Como-baixar-2-18x10.jpg 18w\" sizes=\"auto, (max-width: 446px) 100vw, 446px\" \/><\/p>","protected":false},"featured_media":29877,"comment_status":"open","ping_status":"closed","template":"","meta":[],"product_brand":[],"product_cat":[123,124,125,127,216,218,214,212,215,211,217,213],"product_tag":[446,245,400,432,433,228],"class_list":{"0":"post-29871","1":"product","2":"type-product","3":"status-publish","4":"has-post-thumbnail","6":"product_cat-2o-ano","7":"product_cat-3o-ano","8":"product_cat-4o-ano","9":"product_cat-5o-ano","10":"product_cat-data-comemorativa-4-ano","11":"product_cat-data-comemorativa-5-ano","12":"product_cat-data-comemorativa-3-ano","13":"product_cat-data-comemorativa-2-ano","14":"product_cat-recursos-didaticos-4-ano","15":"product_cat-recursos-didaticos-2-ano","16":"product_cat-recursos-didaticos-5-ano","17":"product_cat-recursos-didaticos-3-ano","18":"product_tag-a-verdadeira-pascoa","19":"product_tag-ensino-fundamental","20":"product_tag-historia","21":"product_tag-pascoa","22":"product_tag-pascoa-cristao","23":"product_tag-recurso-didatico","25":"first","26":"instock","27":"downloadable","28":"virtual","29":"sold-individually","30":"purchasable","31":"product-type-simple"},"yoast_head":"<!-- This site is optimized with the Yoast SEO plugin v27.5 - https:\/\/yoast.com\/product\/yoast-seo-wordpress\/ -->\n<title>A verdadeira P\u00e1scoa - Hist\u00f3ria na bolacha - Loja SOS Professor Atividades<\/title>\n<meta name=\"description\" content=\"Este recurso oferece um resumo cativante da hist\u00f3ria para compartilhar com seus alunos, juntamente com uma atividade de pintura.\" \/>\n<meta name=\"robots\" content=\"index, follow, max-snippet:-1, max-image-preview:large, max-video-preview:-1\" \/>\n<link rel=\"canonical\" href=\"https:\/\/lojasosprofessoratividades.com.br\/en\/product\/a-verdadeira-pascoa-historia-na-bolacha\/\" \/>\n<meta property=\"og:locale\" content=\"en_US\" \/>\n<meta property=\"og:type\" content=\"article\" \/>\n<meta property=\"og:title\" content=\"A verdadeira P\u00e1scoa - Hist\u00f3ria na bolacha - Loja SOS Professor Atividades\" \/>\n<meta property=\"og:description\" content=\"Este recurso oferece um resumo cativante da hist\u00f3ria para compartilhar com seus alunos, juntamente com uma atividade de pintura.\" \/>\n<meta property=\"og:url\" content=\"https:\/\/lojasosprofessoratividades.com.br\/en\/product\/a-verdadeira-pascoa-historia-na-bolacha\/\" \/>\n<meta property=\"og:site_name\" content=\"Loja SOS Professor Atividades\" \/>\n<meta property=\"article:publisher\" content=\"https:\/\/www.facebook.com\/sosprofessoratividades\" \/>\n<meta property=\"article:modified_time\" content=\"2026-05-08T16:56:56+00:00\" \/>\n<meta property=\"og:image\" content=\"https:\/\/lojasosprofessoratividades.com.br\/wp-content\/uploads\/2024\/03\/A-verdadeira-Pasca-Historiana-bolacha-1.jpg\" \/>\n\t<meta property=\"og:image:width\" content=\"800\" \/>\n\t<meta property=\"og:image:height\" content=\"693\" \/>\n\t<meta property=\"og:image:type\" content=\"image\/jpeg\" \/>\n<meta name=\"twitter:card\" content=\"summary_large_image\" \/>\n<meta name=\"twitter:label1\" content=\"Est. reading time\" \/>\n\t<meta name=\"twitter:data1\" content=\"1 minute\" \/>\n<script type=\"application\/ld+json\" class=\"yoast-schema-graph\">{\"@context\":\"https:\\\/\\\/schema.org\",\"@graph\":[{\"@type\":\"WebPage\",\"@id\":\"https:\\\/\\\/lojasosprofessoratividades.com.br\\\/produto\\\/a-verdadeira-pascoa-historia-na-bolacha\\\/\",\"url\":\"https:\\\/\\\/lojasosprofessoratividades.com.br\\\/produto\\\/a-verdadeira-pascoa-historia-na-bolacha\\\/\",\"name\":\"A verdadeira P\u00e1scoa - Hist\u00f3ria na bolacha - Loja SOS Professor Atividades\",\"isPartOf\":{\"@id\":\"https:\\\/\\\/lojasosprofessoratividades.com.br\\\/#website\"},\"primaryImageOfPage\":{\"@id\":\"https:\\\/\\\/lojasosprofessoratividades.com.br\\\/produto\\\/a-verdadeira-pascoa-historia-na-bolacha\\\/#primaryimage\"},\"image\":{\"@id\":\"https:\\\/\\\/lojasosprofessoratividades.com.br\\\/produto\\\/a-verdadeira-pascoa-historia-na-bolacha\\\/#primaryimage\"},\"thumbnailUrl\":\"https:\\\/\\\/lojasosprofessoratividades.com.br\\\/wp-content\\\/uploads\\\/2024\\\/03\\\/A-verdadeira-Pasca-Historiana-bolacha-1.jpg\",\"datePublished\":\"2026-03-15T23:12:18+00:00\",\"dateModified\":\"2026-05-08T16:56:56+00:00\",\"description\":\"Este recurso oferece um resumo cativante da hist\u00f3ria para compartilhar com seus alunos, juntamente com uma atividade de pintura.\",\"breadcrumb\":{\"@id\":\"https:\\\/\\\/lojasosprofessoratividades.com.br\\\/produto\\\/a-verdadeira-pascoa-historia-na-bolacha\\\/#breadcrumb\"},\"inLanguage\":\"en-US\",\"potentialAction\":[{\"@type\":\"ReadAction\",\"target\":[\"https:\\\/\\\/lojasosprofessoratividades.com.br\\\/produto\\\/a-verdadeira-pascoa-historia-na-bolacha\\\/\"]}]},{\"@type\":\"ImageObject\",\"inLanguage\":\"en-US\",\"@id\":\"https:\\\/\\\/lojasosprofessoratividades.com.br\\\/produto\\\/a-verdadeira-pascoa-historia-na-bolacha\\\/#primaryimage\",\"url\":\"https:\\\/\\\/lojasosprofessoratividades.com.br\\\/wp-content\\\/uploads\\\/2024\\\/03\\\/A-verdadeira-Pasca-Historiana-bolacha-1.jpg\",\"contentUrl\":\"https:\\\/\\\/lojasosprofessoratividades.com.br\\\/wp-content\\\/uploads\\\/2024\\\/03\\\/A-verdadeira-Pasca-Historiana-bolacha-1.jpg\",\"width\":800,\"height\":693,\"caption\":\"A verdadeira P\u00e1scoa - Hist\u00f3ria na bolacha (1)\"},{\"@type\":\"BreadcrumbList\",\"@id\":\"https:\\\/\\\/lojasosprofessoratividades.com.br\\\/produto\\\/a-verdadeira-pascoa-historia-na-bolacha\\\/#breadcrumb\",\"itemListElement\":[{\"@type\":\"ListItem\",\"position\":1,\"name\":\"In\u00edcio\",\"item\":\"https:\\\/\\\/lojasosprofessoratividades.com.br\\\/\"},{\"@type\":\"ListItem\",\"position\":2,\"name\":\"Loja\",\"item\":\"https:\\\/\\\/lojasosprofessoratividades.com.br\\\/loja\\\/\"},{\"@type\":\"ListItem\",\"position\":3,\"name\":\"A verdadeira P\u00e1scoa &#8211; Hist\u00f3ria na bolacha\"}]},{\"@type\":\"WebSite\",\"@id\":\"https:\\\/\\\/lojasosprofessoratividades.com.br\\\/#website\",\"url\":\"https:\\\/\\\/lojasosprofessoratividades.com.br\\\/\",\"name\":\"Loja SOS Professor Atividades\",\"description\":\"Venda de material did\u00e1tico para o ensino fundamental\",\"publisher\":{\"@id\":\"https:\\\/\\\/lojasosprofessoratividades.com.br\\\/#organization\"},\"potentialAction\":[{\"@type\":\"SearchAction\",\"target\":{\"@type\":\"EntryPoint\",\"urlTemplate\":\"https:\\\/\\\/lojasosprofessoratividades.com.br\\\/?s={search_term_string}\"},\"query-input\":{\"@type\":\"PropertyValueSpecification\",\"valueRequired\":true,\"valueName\":\"search_term_string\"}}],\"inLanguage\":\"en-US\"},{\"@type\":\"Organization\",\"@id\":\"https:\\\/\\\/lojasosprofessoratividades.com.br\\\/#organization\",\"name\":\"Loja SOS Professor Atividades\",\"url\":\"https:\\\/\\\/lojasosprofessoratividades.com.br\\\/\",\"logo\":{\"@type\":\"ImageObject\",\"inLanguage\":\"en-US\",\"@id\":\"https:\\\/\\\/lojasosprofessoratividades.com.br\\\/#\\\/schema\\\/logo\\\/image\\\/\",\"url\":\"http:\\\/\\\/lojasosprofessoratividades.com.br\\\/wp-content\\\/uploads\\\/2022\\\/04\\\/Logo.png\",\"contentUrl\":\"http:\\\/\\\/lojasosprofessoratividades.com.br\\\/wp-content\\\/uploads\\\/2022\\\/04\\\/Logo.png\",\"width\":2000,\"height\":2000,\"caption\":\"Loja SOS Professor Atividades\"},\"image\":{\"@id\":\"https:\\\/\\\/lojasosprofessoratividades.com.br\\\/#\\\/schema\\\/logo\\\/image\\\/\"},\"sameAs\":[\"https:\\\/\\\/www.facebook.com\\\/sosprofessoratividades\",\"https:\\\/\\\/www.instagram.com\\\/sosprofessoratividades\\\/\"]}]}<\/script>\n<!-- \/ Yoast SEO plugin. -->","yoast_head_json":{"title":"A verdadeira P\u00e1scoa - Hist\u00f3ria na bolacha - Loja SOS Professor Atividades","description":"Este recurso oferece um resumo cativante da hist\u00f3ria para compartilhar com seus alunos, juntamente com uma atividade de pintura.","robots":{"index":"index","follow":"follow","max-snippet":"max-snippet:-1","max-image-preview":"max-image-preview:large","max-video-preview":"max-video-preview:-1"},"canonical":"https:\/\/lojasosprofessoratividades.com.br\/en\/product\/a-verdadeira-pascoa-historia-na-bolacha\/","og_locale":"en_US","og_type":"article","og_title":"A verdadeira P\u00e1scoa - Hist\u00f3ria na bolacha - Loja SOS Professor Atividades","og_description":"Este recurso oferece um resumo cativante da hist\u00f3ria para compartilhar com seus alunos, juntamente com uma atividade de pintura.","og_url":"https:\/\/lojasosprofessoratividades.com.br\/en\/product\/a-verdadeira-pascoa-historia-na-bolacha\/","og_site_name":"Loja SOS Professor Atividades","article_publisher":"https:\/\/www.facebook.com\/sosprofessoratividades","article_modified_time":"2026-05-08T16:56:56+00:00","og_image":[{"width":800,"height":693,"url":"https:\/\/lojasosprofessoratividades.com.br\/wp-content\/uploads\/2024\/03\/A-verdadeira-Pasca-Historiana-bolacha-1.jpg","type":"image\/jpeg"}],"twitter_card":"summary_large_image","twitter_misc":{"Est. reading time":"1 minute"},"schema":{"@context":"https:\/\/schema.org","@graph":[{"@type":"WebPage","@id":"https:\/\/lojasosprofessoratividades.com.br\/produto\/a-verdadeira-pascoa-historia-na-bolacha\/","url":"https:\/\/lojasosprofessoratividades.com.br\/produto\/a-verdadeira-pascoa-historia-na-bolacha\/","name":"A verdadeira P\u00e1scoa - Hist\u00f3ria na bolacha - Loja SOS Professor Atividades","isPartOf":{"@id":"https:\/\/lojasosprofessoratividades.com.br\/#website"},"primaryImageOfPage":{"@id":"https:\/\/lojasosprofessoratividades.com.br\/produto\/a-verdadeira-pascoa-historia-na-bolacha\/#primaryimage"},"image":{"@id":"https:\/\/lojasosprofessoratividades.com.br\/produto\/a-verdadeira-pascoa-historia-na-bolacha\/#primaryimage"},"thumbnailUrl":"https:\/\/lojasosprofessoratividades.com.br\/wp-content\/uploads\/2024\/03\/A-verdadeira-Pasca-Historiana-bolacha-1.jpg","datePublished":"2026-03-15T23:12:18+00:00","dateModified":"2026-05-08T16:56:56+00:00","description":"Este recurso oferece um resumo cativante da hist\u00f3ria para compartilhar com seus alunos, juntamente com uma atividade de pintura.","breadcrumb":{"@id":"https:\/\/lojasosprofessoratividades.com.br\/produto\/a-verdadeira-pascoa-historia-na-bolacha\/#breadcrumb"},"inLanguage":"en-US","potentialAction":[{"@type":"ReadAction","target":["https:\/\/lojasosprofessoratividades.com.br\/produto\/a-verdadeira-pascoa-historia-na-bolacha\/"]}]},{"@type":"ImageObject","inLanguage":"en-US","@id":"https:\/\/lojasosprofessoratividades.com.br\/produto\/a-verdadeira-pascoa-historia-na-bolacha\/#primaryimage","url":"https:\/\/lojasosprofessoratividades.com.br\/wp-content\/uploads\/2024\/03\/A-verdadeira-Pasca-Historiana-bolacha-1.jpg","contentUrl":"https:\/\/lojasosprofessoratividades.com.br\/wp-content\/uploads\/2024\/03\/A-verdadeira-Pasca-Historiana-bolacha-1.jpg","width":800,"height":693,"caption":"A verdadeira P\u00e1scoa - Hist\u00f3ria na bolacha (1)"},{"@type":"BreadcrumbList","@id":"https:\/\/lojasosprofessoratividades.com.br\/produto\/a-verdadeira-pascoa-historia-na-bolacha\/#breadcrumb","itemListElement":[{"@type":"ListItem","position":1,"name":"In\u00edcio","item":"https:\/\/lojasosprofessoratividades.com.br\/"},{"@type":"ListItem","position":2,"name":"Loja","item":"https:\/\/lojasosprofessoratividades.com.br\/loja\/"},{"@type":"ListItem","position":3,"name":"A verdadeira P\u00e1scoa &#8211; Hist\u00f3ria na bolacha"}]},{"@type":"WebSite","@id":"https:\/\/lojasosprofessoratividades.com.br\/#website","url":"https:\/\/lojasosprofessoratividades.com.br\/","name":"Loja SOS Professor Atividades","description":"Venda de material did\u00e1tico para o ensino fundamental","publisher":{"@id":"https:\/\/lojasosprofessoratividades.com.br\/#organization"},"potentialAction":[{"@type":"SearchAction","target":{"@type":"EntryPoint","urlTemplate":"https:\/\/lojasosprofessoratividades.com.br\/?s={search_term_string}"},"query-input":{"@type":"PropertyValueSpecification","valueRequired":true,"valueName":"search_term_string"}}],"inLanguage":"en-US"},{"@type":"Organization","@id":"https:\/\/lojasosprofessoratividades.com.br\/#organization","name":"Loja SOS Professor Atividades","url":"https:\/\/lojasosprofessoratividades.com.br\/","logo":{"@type":"ImageObject","inLanguage":"en-US","@id":"https:\/\/lojasosprofessoratividades.com.br\/#\/schema\/logo\/image\/","url":"http:\/\/lojasosprofessoratividades.com.br\/wp-content\/uploads\/2022\/04\/Logo.png","contentUrl":"http:\/\/lojasosprofessoratividades.com.br\/wp-content\/uploads\/2022\/04\/Logo.png","width":2000,"height":2000,"caption":"Loja SOS Professor Atividades"},"image":{"@id":"https:\/\/lojasosprofessoratividades.com.br\/#\/schema\/logo\/image\/"},"sameAs":["https:\/\/www.facebook.com\/sosprofessoratividades","https:\/\/www.instagram.com\/sosprofessoratividades\/"]}]}},"_links":{"self":[{"href":"https:\/\/lojasosprofessoratividades.com.br\/en\/wp-json\/wp\/v2\/product\/29871","targetHints":{"allow":["GET"]}}],"collection":[{"href":"https:\/\/lojasosprofessoratividades.com.br\/en\/wp-json\/wp\/v2\/product"}],"about":[{"href":"https:\/\/lojasosprofessoratividades.com.br\/en\/wp-json\/wp\/v2\/types\/product"}],"replies":[{"embeddable":true,"href":"https:\/\/lojasosprofessoratividades.com.br\/en\/wp-json\/wp\/v2\/comments?post=29871"}],"wp:featuredmedia":[{"embeddable":true,"href":"https:\/\/lojasosprofessoratividades.com.br\/en\/wp-json\/wp\/v2\/media\/29877"}],"wp:attachment":[{"href":"https:\/\/lojasosprofessoratividades.com.br\/en\/wp-json\/wp\/v2\/media?parent=29871"}],"wp:term":[{"taxonomy":"product_brand","embeddable":true,"href":"https:\/\/lojasosprofessoratividades.com.br\/en\/wp-json\/wp\/v2\/product_brand?post=29871"},{"taxonomy":"product_cat","embeddable":true,"href":"https:\/\/lojasosprofessoratividades.com.br\/en\/wp-json\/wp\/v2\/product_cat?post=29871"},{"taxonomy":"product_tag","embeddable":true,"href":"https:\/\/lojasosprofessoratividades.com.br\/en\/wp-json\/wp\/v2\/product_tag?post=29871"}],"curies":[{"name":"wp","href":"https:\/\/api.w.org\/{rel}","templated":true}]}}