{"id":30164,"date":"2024-04-05T18:38:09","date_gmt":"2024-04-05T21:38:09","guid":{"rendered":"https:\/\/lojasosprofessoratividades.com.br\/?post_type=product&#038;p=30164"},"modified":"2026-05-08T16:08:06","modified_gmt":"2026-05-08T19:08:06","slug":"personagens-do-sitio-do-picapau-amarelo-mural-interativo","status":"publish","type":"product","link":"https:\/\/lojasosprofessoratividades.com.br\/en\/product\/personagens-do-sitio-do-picapau-amarelo-mural-interativo\/","title":{"rendered":"Personagens do S\u00edtio do Picapau Amarelo &#8211; Mural interativo"},"content":{"rendered":"","protected":false},"excerpt":{"rendered":"<p>Que tal transformar a sala de aula em um universo m\u00e1gico, onde a criatividade dos alunos ganha vida? Temos o prazer de apresentar nosso novo recurso educacional: o &#8220;Mural Interativo dos Personagens do S\u00edtio do Picapau Amarelo&#8221;.<\/p>\n<p>Nada \u00e9 mais cativante e inspirador do que envolver os alunos em atividades pr\u00e1ticas e l\u00fadicas, e nosso mural interativo oferece exatamente isso! Com imagens ampliadas e elementos decorativos, os alunos ter\u00e3o a oportunidade de mergulhar no mundo encantado criado por Monteiro Lobato enquanto desenvolvem suas habilidades art\u00edsticas e de escrita.<\/p>\n<p>O que nosso arquivo oferece:<\/p>\n<p>\ud83c\udfa8 Personagens do S\u00edtio do Picapau Amarelo ampliados, prontos para serem decorados e personalizados pelos alunos.<\/p>\n<p>\ud83d\udcdd Plano de Aula detalhado, com sugest\u00f5es de atividades para explorar os personagens e suas hist\u00f3rias de forma interativa e educativa.<\/p>\n<p>\ud83d\udcda Ficha com descri\u00e7\u00f5es detalhadas dos personagens, para enriquecer a compreens\u00e3o e o conhecimento sobre cada um deles.<\/p>\n<p>\u2728 T\u00edtulo e elementos decorativos para enfeitar o mural, tornando-o ainda mais atrativo e estimulante para os alunos.<\/p>\n<p>Ao usar nosso Mural Interativo dos Personagens do S\u00edtio do Picapau Amarelo, os professores podem incentivar a imagina\u00e7\u00e3o, a express\u00e3o criativa e a colabora\u00e7\u00e3o entre os alunos, enquanto exploram um dos universos liter\u00e1rios mais queridos da literatura brasileira.<\/p>\n<p><em><strong>N\u00e3o<\/strong><\/em> edit\u00e1vel.<\/p>\n<h3>N\u00e3o enviamos por e-mail, a entrega \u00e9 via link para download. \ud83d\udc47<\/h3>\n<p>&nbsp;<\/p>\n<p><img loading=\"lazy\" decoding=\"async\" class=\"alignnone wp-image-34064 size-full\" src=\"https:\/\/lojasosprofessoratividades.com.br\/wp-content\/uploads\/2023\/08\/Aviso-Loja-atual.jpg\" alt=\"\" width=\"446\" height=\"251\" srcset=\"https:\/\/lojasosprofessoratividades.com.br\/wp-content\/uploads\/2023\/08\/Aviso-Loja-atual.jpg 446w, https:\/\/lojasosprofessoratividades.com.br\/wp-content\/uploads\/2023\/08\/Aviso-Loja-atual-300x169.jpg 300w, https:\/\/lojasosprofessoratividades.com.br\/wp-content\/uploads\/2023\/08\/Aviso-Loja-atual-18x10.jpg 18w\" sizes=\"auto, (max-width: 446px) 100vw, 446px\" \/><\/p>","protected":false},"featured_media":30165,"comment_status":"open","ping_status":"closed","template":"","meta":[],"product_brand":[],"product_cat":[124,125,127,216,218,214,195,204,189,215,217,213],"product_tag":[333,456,455,454,370,382,457],"class_list":{"0":"post-30164","1":"product","2":"type-product","3":"status-publish","4":"has-post-thumbnail","6":"product_cat-3o-ano","7":"product_cat-4o-ano","8":"product_cat-5o-ano","9":"product_cat-data-comemorativa-4-ano","10":"product_cat-data-comemorativa-5-ano","11":"product_cat-data-comemorativa-3-ano","12":"product_cat-portugues-4-ano","13":"product_cat-portugues-5-anos","14":"product_cat-portugues-3-ano","15":"product_cat-recursos-didaticos-4-ano","16":"product_cat-recursos-didaticos-5-ano","17":"product_cat-recursos-didaticos-3-ano","18":"product_tag-atividade-interativa","19":"product_tag-dia-do-livro","20":"product_tag-dia-do-livro-infantil","21":"product_tag-dia-nacional-do-livro","22":"product_tag-mural","23":"product_tag-painel","24":"product_tag-sitio-do-picapau-amarelo","26":"first","27":"instock","28":"downloadable","29":"virtual","30":"sold-individually","31":"purchasable","32":"product-type-simple"},"yoast_head":"<!-- This site is optimized with the Yoast SEO plugin v27.6 - https:\/\/yoast.com\/product\/yoast-seo-wordpress\/ -->\n<title>Personagens do S\u00edtio do Picapau Amarelo - Mural interativo - Loja SOS Professor Atividades<\/title>\n<meta name=\"description\" content=\"Ao usar nosso Mural Interativo dos Personagens do S\u00edtio do Picapau Amarelo, os professores podem incentivar a imagina\u00e7\u00e3o, a express\u00e3o criativa e a colabora\u00e7\u00e3o entre os alunos, enquanto exploram um dos universos liter\u00e1rios mais queridos da literatura brasileira.\" \/>\n<meta name=\"robots\" content=\"index, follow, max-snippet:-1, max-image-preview:large, max-video-preview:-1\" \/>\n<link rel=\"canonical\" href=\"https:\/\/lojasosprofessoratividades.com.br\/en\/product\/personagens-do-sitio-do-picapau-amarelo-mural-interativo\/\" \/>\n<meta property=\"og:locale\" content=\"en_US\" \/>\n<meta property=\"og:type\" content=\"article\" \/>\n<meta property=\"og:title\" content=\"Personagens do S\u00edtio do Picapau Amarelo - Mural interativo - Loja SOS Professor Atividades\" \/>\n<meta property=\"og:description\" content=\"Ao usar nosso Mural Interativo dos Personagens do S\u00edtio do Picapau Amarelo, os professores podem incentivar a imagina\u00e7\u00e3o, a express\u00e3o criativa e a colabora\u00e7\u00e3o entre os alunos, enquanto exploram um dos universos liter\u00e1rios mais queridos da literatura brasileira.\" \/>\n<meta property=\"og:url\" content=\"https:\/\/lojasosprofessoratividades.com.br\/en\/product\/personagens-do-sitio-do-picapau-amarelo-mural-interativo\/\" \/>\n<meta property=\"og:site_name\" content=\"Loja SOS Professor Atividades\" \/>\n<meta property=\"article:publisher\" content=\"https:\/\/www.facebook.com\/sosprofessoratividades\" \/>\n<meta property=\"article:modified_time\" content=\"2026-05-08T19:08:06+00:00\" \/>\n<meta property=\"og:image\" content=\"https:\/\/lojasosprofessoratividades.com.br\/wp-content\/uploads\/2024\/04\/Sitio-1.jpg\" \/>\n\t<meta property=\"og:image:width\" content=\"800\" \/>\n\t<meta property=\"og:image:height\" content=\"693\" \/>\n\t<meta property=\"og:image:type\" content=\"image\/jpeg\" \/>\n<meta name=\"twitter:card\" content=\"summary_large_image\" \/>\n<meta name=\"twitter:label1\" content=\"Est. reading time\" \/>\n\t<meta name=\"twitter:data1\" content=\"1 minute\" \/>\n<script type=\"application\/ld+json\" class=\"yoast-schema-graph\">{\"@context\":\"https:\\\/\\\/schema.org\",\"@graph\":[{\"@type\":\"WebPage\",\"@id\":\"https:\\\/\\\/lojasosprofessoratividades.com.br\\\/produto\\\/personagens-do-sitio-do-picapau-amarelo-mural-interativo\\\/\",\"url\":\"https:\\\/\\\/lojasosprofessoratividades.com.br\\\/produto\\\/personagens-do-sitio-do-picapau-amarelo-mural-interativo\\\/\",\"name\":\"Personagens do S\u00edtio do Picapau Amarelo - Mural interativo - Loja SOS Professor Atividades\",\"isPartOf\":{\"@id\":\"https:\\\/\\\/lojasosprofessoratividades.com.br\\\/#website\"},\"primaryImageOfPage\":{\"@id\":\"https:\\\/\\\/lojasosprofessoratividades.com.br\\\/produto\\\/personagens-do-sitio-do-picapau-amarelo-mural-interativo\\\/#primaryimage\"},\"image\":{\"@id\":\"https:\\\/\\\/lojasosprofessoratividades.com.br\\\/produto\\\/personagens-do-sitio-do-picapau-amarelo-mural-interativo\\\/#primaryimage\"},\"thumbnailUrl\":\"https:\\\/\\\/lojasosprofessoratividades.com.br\\\/wp-content\\\/uploads\\\/2024\\\/04\\\/Sitio-1.jpg\",\"datePublished\":\"2024-04-05T21:38:09+00:00\",\"dateModified\":\"2026-05-08T19:08:06+00:00\",\"description\":\"Ao usar nosso Mural Interativo dos Personagens do S\u00edtio do Picapau Amarelo, os professores podem incentivar a imagina\u00e7\u00e3o, a express\u00e3o criativa e a colabora\u00e7\u00e3o entre os alunos, enquanto exploram um dos universos liter\u00e1rios mais queridos da literatura brasileira.\",\"breadcrumb\":{\"@id\":\"https:\\\/\\\/lojasosprofessoratividades.com.br\\\/produto\\\/personagens-do-sitio-do-picapau-amarelo-mural-interativo\\\/#breadcrumb\"},\"inLanguage\":\"en-US\",\"potentialAction\":[{\"@type\":\"ReadAction\",\"target\":[\"https:\\\/\\\/lojasosprofessoratividades.com.br\\\/produto\\\/personagens-do-sitio-do-picapau-amarelo-mural-interativo\\\/\"]}]},{\"@type\":\"ImageObject\",\"inLanguage\":\"en-US\",\"@id\":\"https:\\\/\\\/lojasosprofessoratividades.com.br\\\/produto\\\/personagens-do-sitio-do-picapau-amarelo-mural-interativo\\\/#primaryimage\",\"url\":\"https:\\\/\\\/lojasosprofessoratividades.com.br\\\/wp-content\\\/uploads\\\/2024\\\/04\\\/Sitio-1.jpg\",\"contentUrl\":\"https:\\\/\\\/lojasosprofessoratividades.com.br\\\/wp-content\\\/uploads\\\/2024\\\/04\\\/Sitio-1.jpg\",\"width\":800,\"height\":693,\"caption\":\"s\u00edtio\"},{\"@type\":\"BreadcrumbList\",\"@id\":\"https:\\\/\\\/lojasosprofessoratividades.com.br\\\/produto\\\/personagens-do-sitio-do-picapau-amarelo-mural-interativo\\\/#breadcrumb\",\"itemListElement\":[{\"@type\":\"ListItem\",\"position\":1,\"name\":\"In\u00edcio\",\"item\":\"https:\\\/\\\/lojasosprofessoratividades.com.br\\\/\"},{\"@type\":\"ListItem\",\"position\":2,\"name\":\"Loja\",\"item\":\"https:\\\/\\\/lojasosprofessoratividades.com.br\\\/loja\\\/\"},{\"@type\":\"ListItem\",\"position\":3,\"name\":\"Personagens do S\u00edtio do Picapau Amarelo &#8211; Mural interativo\"}]},{\"@type\":\"WebSite\",\"@id\":\"https:\\\/\\\/lojasosprofessoratividades.com.br\\\/#website\",\"url\":\"https:\\\/\\\/lojasosprofessoratividades.com.br\\\/\",\"name\":\"Loja SOS Professor Atividades\",\"description\":\"Venda de material did\u00e1tico para o ensino fundamental\",\"publisher\":{\"@id\":\"https:\\\/\\\/lojasosprofessoratividades.com.br\\\/#organization\"},\"potentialAction\":[{\"@type\":\"SearchAction\",\"target\":{\"@type\":\"EntryPoint\",\"urlTemplate\":\"https:\\\/\\\/lojasosprofessoratividades.com.br\\\/?s={search_term_string}\"},\"query-input\":{\"@type\":\"PropertyValueSpecification\",\"valueRequired\":true,\"valueName\":\"search_term_string\"}}],\"inLanguage\":\"en-US\"},{\"@type\":\"Organization\",\"@id\":\"https:\\\/\\\/lojasosprofessoratividades.com.br\\\/#organization\",\"name\":\"Loja SOS Professor Atividades\",\"url\":\"https:\\\/\\\/lojasosprofessoratividades.com.br\\\/\",\"logo\":{\"@type\":\"ImageObject\",\"inLanguage\":\"en-US\",\"@id\":\"https:\\\/\\\/lojasosprofessoratividades.com.br\\\/#\\\/schema\\\/logo\\\/image\\\/\",\"url\":\"http:\\\/\\\/lojasosprofessoratividades.com.br\\\/wp-content\\\/uploads\\\/2022\\\/04\\\/Logo.png\",\"contentUrl\":\"http:\\\/\\\/lojasosprofessoratividades.com.br\\\/wp-content\\\/uploads\\\/2022\\\/04\\\/Logo.png\",\"width\":2000,\"height\":2000,\"caption\":\"Loja SOS Professor Atividades\"},\"image\":{\"@id\":\"https:\\\/\\\/lojasosprofessoratividades.com.br\\\/#\\\/schema\\\/logo\\\/image\\\/\"},\"sameAs\":[\"https:\\\/\\\/www.facebook.com\\\/sosprofessoratividades\",\"https:\\\/\\\/www.instagram.com\\\/sosprofessoratividades\\\/\"]}]}<\/script>\n<!-- \/ Yoast SEO plugin. -->","yoast_head_json":{"title":"Personagens do S\u00edtio do Picapau Amarelo - Mural interativo - Loja SOS Professor Atividades","description":"Ao usar nosso Mural Interativo dos Personagens do S\u00edtio do Picapau Amarelo, os professores podem incentivar a imagina\u00e7\u00e3o, a express\u00e3o criativa e a colabora\u00e7\u00e3o entre os alunos, enquanto exploram um dos universos liter\u00e1rios mais queridos da literatura brasileira.","robots":{"index":"index","follow":"follow","max-snippet":"max-snippet:-1","max-image-preview":"max-image-preview:large","max-video-preview":"max-video-preview:-1"},"canonical":"https:\/\/lojasosprofessoratividades.com.br\/en\/product\/personagens-do-sitio-do-picapau-amarelo-mural-interativo\/","og_locale":"en_US","og_type":"article","og_title":"Personagens do S\u00edtio do Picapau Amarelo - Mural interativo - Loja SOS Professor Atividades","og_description":"Ao usar nosso Mural Interativo dos Personagens do S\u00edtio do Picapau Amarelo, os professores podem incentivar a imagina\u00e7\u00e3o, a express\u00e3o criativa e a colabora\u00e7\u00e3o entre os alunos, enquanto exploram um dos universos liter\u00e1rios mais queridos da literatura brasileira.","og_url":"https:\/\/lojasosprofessoratividades.com.br\/en\/product\/personagens-do-sitio-do-picapau-amarelo-mural-interativo\/","og_site_name":"Loja SOS Professor Atividades","article_publisher":"https:\/\/www.facebook.com\/sosprofessoratividades","article_modified_time":"2026-05-08T19:08:06+00:00","og_image":[{"width":800,"height":693,"url":"https:\/\/lojasosprofessoratividades.com.br\/wp-content\/uploads\/2024\/04\/Sitio-1.jpg","type":"image\/jpeg"}],"twitter_card":"summary_large_image","twitter_misc":{"Est. reading time":"1 minute"},"schema":{"@context":"https:\/\/schema.org","@graph":[{"@type":"WebPage","@id":"https:\/\/lojasosprofessoratividades.com.br\/produto\/personagens-do-sitio-do-picapau-amarelo-mural-interativo\/","url":"https:\/\/lojasosprofessoratividades.com.br\/produto\/personagens-do-sitio-do-picapau-amarelo-mural-interativo\/","name":"Personagens do S\u00edtio do Picapau Amarelo - Mural interativo - Loja SOS Professor Atividades","isPartOf":{"@id":"https:\/\/lojasosprofessoratividades.com.br\/#website"},"primaryImageOfPage":{"@id":"https:\/\/lojasosprofessoratividades.com.br\/produto\/personagens-do-sitio-do-picapau-amarelo-mural-interativo\/#primaryimage"},"image":{"@id":"https:\/\/lojasosprofessoratividades.com.br\/produto\/personagens-do-sitio-do-picapau-amarelo-mural-interativo\/#primaryimage"},"thumbnailUrl":"https:\/\/lojasosprofessoratividades.com.br\/wp-content\/uploads\/2024\/04\/Sitio-1.jpg","datePublished":"2024-04-05T21:38:09+00:00","dateModified":"2026-05-08T19:08:06+00:00","description":"Ao usar nosso Mural Interativo dos Personagens do S\u00edtio do Picapau Amarelo, os professores podem incentivar a imagina\u00e7\u00e3o, a express\u00e3o criativa e a colabora\u00e7\u00e3o entre os alunos, enquanto exploram um dos universos liter\u00e1rios mais queridos da literatura brasileira.","breadcrumb":{"@id":"https:\/\/lojasosprofessoratividades.com.br\/produto\/personagens-do-sitio-do-picapau-amarelo-mural-interativo\/#breadcrumb"},"inLanguage":"en-US","potentialAction":[{"@type":"ReadAction","target":["https:\/\/lojasosprofessoratividades.com.br\/produto\/personagens-do-sitio-do-picapau-amarelo-mural-interativo\/"]}]},{"@type":"ImageObject","inLanguage":"en-US","@id":"https:\/\/lojasosprofessoratividades.com.br\/produto\/personagens-do-sitio-do-picapau-amarelo-mural-interativo\/#primaryimage","url":"https:\/\/lojasosprofessoratividades.com.br\/wp-content\/uploads\/2024\/04\/Sitio-1.jpg","contentUrl":"https:\/\/lojasosprofessoratividades.com.br\/wp-content\/uploads\/2024\/04\/Sitio-1.jpg","width":800,"height":693,"caption":"s\u00edtio"},{"@type":"BreadcrumbList","@id":"https:\/\/lojasosprofessoratividades.com.br\/produto\/personagens-do-sitio-do-picapau-amarelo-mural-interativo\/#breadcrumb","itemListElement":[{"@type":"ListItem","position":1,"name":"In\u00edcio","item":"https:\/\/lojasosprofessoratividades.com.br\/"},{"@type":"ListItem","position":2,"name":"Loja","item":"https:\/\/lojasosprofessoratividades.com.br\/loja\/"},{"@type":"ListItem","position":3,"name":"Personagens do S\u00edtio do Picapau Amarelo &#8211; Mural interativo"}]},{"@type":"WebSite","@id":"https:\/\/lojasosprofessoratividades.com.br\/#website","url":"https:\/\/lojasosprofessoratividades.com.br\/","name":"Loja SOS Professor Atividades","description":"Venda de material did\u00e1tico para o ensino fundamental","publisher":{"@id":"https:\/\/lojasosprofessoratividades.com.br\/#organization"},"potentialAction":[{"@type":"SearchAction","target":{"@type":"EntryPoint","urlTemplate":"https:\/\/lojasosprofessoratividades.com.br\/?s={search_term_string}"},"query-input":{"@type":"PropertyValueSpecification","valueRequired":true,"valueName":"search_term_string"}}],"inLanguage":"en-US"},{"@type":"Organization","@id":"https:\/\/lojasosprofessoratividades.com.br\/#organization","name":"Loja SOS Professor Atividades","url":"https:\/\/lojasosprofessoratividades.com.br\/","logo":{"@type":"ImageObject","inLanguage":"en-US","@id":"https:\/\/lojasosprofessoratividades.com.br\/#\/schema\/logo\/image\/","url":"http:\/\/lojasosprofessoratividades.com.br\/wp-content\/uploads\/2022\/04\/Logo.png","contentUrl":"http:\/\/lojasosprofessoratividades.com.br\/wp-content\/uploads\/2022\/04\/Logo.png","width":2000,"height":2000,"caption":"Loja SOS Professor Atividades"},"image":{"@id":"https:\/\/lojasosprofessoratividades.com.br\/#\/schema\/logo\/image\/"},"sameAs":["https:\/\/www.facebook.com\/sosprofessoratividades","https:\/\/www.instagram.com\/sosprofessoratividades\/"]}]}},"_links":{"self":[{"href":"https:\/\/lojasosprofessoratividades.com.br\/en\/wp-json\/wp\/v2\/product\/30164","targetHints":{"allow":["GET"]}}],"collection":[{"href":"https:\/\/lojasosprofessoratividades.com.br\/en\/wp-json\/wp\/v2\/product"}],"about":[{"href":"https:\/\/lojasosprofessoratividades.com.br\/en\/wp-json\/wp\/v2\/types\/product"}],"replies":[{"embeddable":true,"href":"https:\/\/lojasosprofessoratividades.com.br\/en\/wp-json\/wp\/v2\/comments?post=30164"}],"wp:featuredmedia":[{"embeddable":true,"href":"https:\/\/lojasosprofessoratividades.com.br\/en\/wp-json\/wp\/v2\/media\/30165"}],"wp:attachment":[{"href":"https:\/\/lojasosprofessoratividades.com.br\/en\/wp-json\/wp\/v2\/media?parent=30164"}],"wp:term":[{"taxonomy":"product_brand","embeddable":true,"href":"https:\/\/lojasosprofessoratividades.com.br\/en\/wp-json\/wp\/v2\/product_brand?post=30164"},{"taxonomy":"product_cat","embeddable":true,"href":"https:\/\/lojasosprofessoratividades.com.br\/en\/wp-json\/wp\/v2\/product_cat?post=30164"},{"taxonomy":"product_tag","embeddable":true,"href":"https:\/\/lojasosprofessoratividades.com.br\/en\/wp-json\/wp\/v2\/product_tag?post=30164"}],"curies":[{"name":"wp","href":"https:\/\/api.w.org\/{rel}","templated":true}]}}