{"id":30179,"date":"2024-04-06T14:20:04","date_gmt":"2024-04-06T17:20:04","guid":{"rendered":"https:\/\/lojasosprofessoratividades.com.br\/?post_type=product&#038;p=30179"},"modified":"2026-05-08T16:08:51","modified_gmt":"2026-05-08T19:08:51","slug":"o-pequeno-jatoba-e-a-regiao-norte","status":"publish","type":"product","link":"https:\/\/lojasosprofessoratividades.com.br\/en\/product\/o-pequeno-jatoba-e-a-regiao-norte\/","title":{"rendered":"O pequeno Jatob\u00e1 e a Regi\u00e3o Norte"},"content":{"rendered":"","protected":false},"excerpt":{"rendered":"<p>Este arquivo exclusivo oferece uma abordagem completa para que seus alunos compreendam e se envolvam com a fascinante Regi\u00e3o Norte do Brasil. Com uma narrativa cativante sobre as aventuras do pequeno Jatob\u00e1, os alunos ser\u00e3o levados a uma jornada emocionante de aprendizado e descoberta.<\/p>\n<p>O arquivo inclui:<\/p>\n<p>\ud83d\udcd6 Texto introdut\u00f3rio com interpreta\u00e7\u00e3o, que cativar\u00e1 os alunos desde o in\u00edcio.<\/p>\n<p>\ud83d\uddfa\ufe0f Texto informativo sobre a Regi\u00e3o Norte do Brasil, incluindo um mapa com estados e capitais, aspectos f\u00edsicos, econ\u00f4micos e humanos.<\/p>\n<p>\ud83d\udd0d Atividades pr\u00e1ticas para refor\u00e7ar o aprendizado e estimular a criatividade dos alunos.<\/p>\n<p>\ud83d\udca1 Ca\u00e7a-palavras para completar frases.<\/p>\n<p>\ud83e\udde0 Um mapa mental para ajudar os alunos a visualizarem e organizarem as informa\u00e7\u00f5es de forma clara e eficiente.<\/p>\n<p>\ud83d\udcdd Gabarito das atividades para facilitar o acompanhamento e corre\u00e7\u00e3o das tarefas.<\/p>\n<p>Prepare-se para uma experi\u00eancia educativa \u00fanica e enriquecedora que levar\u00e1 seus alunos a descobrirem a riqueza da Regi\u00e3o Norte do Brasil de uma forma empolgante e significativa.<\/p>\n<p>N\u00e3o perca essa oportunidade! Adquira agora &#8220;O pequeno Jatob\u00e1 e a Regi\u00e3o Norte&#8221; e transforme suas aulas de geografia em momentos inesquec\u00edveis de aprendizado e divers\u00e3o.<\/p>\n<p><em><strong>N\u00e3o<\/strong> <\/em>edit\u00e1vel.<\/p>\n<h3>N\u00e3o enviamos por e-mail, a entrega \u00e9 via link para download. \ud83d\udc47<\/h3>\n<p><img loading=\"lazy\" decoding=\"async\" class=\"alignnone wp-image-33408 size-full\" src=\"https:\/\/lojasosprofessoratividades.com.br\/wp-content\/uploads\/2025\/02\/Aviso-Loja.jpg\" alt=\"\" width=\"446\" height=\"251\" srcset=\"https:\/\/lojasosprofessoratividades.com.br\/wp-content\/uploads\/2025\/02\/Aviso-Loja.jpg 446w, https:\/\/lojasosprofessoratividades.com.br\/wp-content\/uploads\/2025\/02\/Aviso-Loja-300x169.jpg 300w, https:\/\/lojasosprofessoratividades.com.br\/wp-content\/uploads\/2025\/02\/Aviso-Loja-18x10.jpg 18w\" sizes=\"auto, (max-width: 446px) 100vw, 446px\" \/><\/p>","protected":false},"featured_media":30182,"comment_status":"open","ping_status":"closed","template":"","meta":[],"product_brand":[],"product_cat":[127,218,208,204],"product_tag":[459,452,458,294],"class_list":{"0":"post-30179","1":"product","2":"type-product","3":"status-publish","4":"has-post-thumbnail","6":"product_cat-5o-ano","7":"product_cat-data-comemorativa-5-ano","8":"product_cat-geografia-5-ano","9":"product_cat-portugues-5-anos","10":"product_tag-brasil","11":"product_tag-dia-dos-povos-indigenas","12":"product_tag-regiao-norte","13":"product_tag-regioes-do-brasil","15":"first","16":"instock","17":"sale","18":"downloadable","19":"virtual","20":"sold-individually","21":"purchasable","22":"product-type-simple"},"yoast_head":"<!-- This site is optimized with the Yoast SEO plugin v27.6 - https:\/\/yoast.com\/product\/yoast-seo-wordpress\/ -->\n<title>O pequeno Jatob\u00e1 e a Regi\u00e3o Norte - Loja SOS Professor Atividades<\/title>\n<meta name=\"description\" content=\"Voc\u00ea est\u00e1 procurando uma maneira envolvente e educativa de explorar a geografia do Brasil com seus alunos? Venha conhecer nosso arquivo &quot;O pequeno Jatob\u00e1 e a Regi\u00e3o Norte&quot;!\" \/>\n<meta name=\"robots\" content=\"index, follow, max-snippet:-1, max-image-preview:large, max-video-preview:-1\" \/>\n<link rel=\"canonical\" href=\"https:\/\/lojasosprofessoratividades.com.br\/en\/product\/o-pequeno-jatoba-e-a-regiao-norte\/\" \/>\n<meta property=\"og:locale\" content=\"en_US\" \/>\n<meta property=\"og:type\" content=\"article\" \/>\n<meta property=\"og:title\" content=\"O pequeno Jatob\u00e1 e a Regi\u00e3o Norte - Loja SOS Professor Atividades\" \/>\n<meta property=\"og:description\" content=\"Voc\u00ea est\u00e1 procurando uma maneira envolvente e educativa de explorar a geografia do Brasil com seus alunos? Venha conhecer nosso arquivo &quot;O pequeno Jatob\u00e1 e a Regi\u00e3o Norte&quot;!\" \/>\n<meta property=\"og:url\" content=\"https:\/\/lojasosprofessoratividades.com.br\/en\/product\/o-pequeno-jatoba-e-a-regiao-norte\/\" \/>\n<meta property=\"og:site_name\" content=\"Loja SOS Professor Atividades\" \/>\n<meta property=\"article:publisher\" content=\"https:\/\/www.facebook.com\/sosprofessoratividades\" \/>\n<meta property=\"article:modified_time\" content=\"2026-05-08T19:08:51+00:00\" \/>\n<meta property=\"og:image\" content=\"https:\/\/lojasosprofessoratividades.com.br\/wp-content\/uploads\/2024\/04\/Jatoba-1.jpg\" \/>\n\t<meta property=\"og:image:width\" content=\"800\" \/>\n\t<meta property=\"og:image:height\" content=\"693\" \/>\n\t<meta property=\"og:image:type\" content=\"image\/jpeg\" \/>\n<meta name=\"twitter:card\" content=\"summary_large_image\" \/>\n<meta name=\"twitter:label1\" content=\"Est. reading time\" \/>\n\t<meta name=\"twitter:data1\" content=\"1 minute\" \/>\n<script type=\"application\/ld+json\" class=\"yoast-schema-graph\">{\"@context\":\"https:\\\/\\\/schema.org\",\"@graph\":[{\"@type\":\"WebPage\",\"@id\":\"https:\\\/\\\/lojasosprofessoratividades.com.br\\\/produto\\\/o-pequeno-jatoba-e-a-regiao-norte\\\/\",\"url\":\"https:\\\/\\\/lojasosprofessoratividades.com.br\\\/produto\\\/o-pequeno-jatoba-e-a-regiao-norte\\\/\",\"name\":\"O pequeno Jatob\u00e1 e a Regi\u00e3o Norte - Loja SOS Professor Atividades\",\"isPartOf\":{\"@id\":\"https:\\\/\\\/lojasosprofessoratividades.com.br\\\/#website\"},\"primaryImageOfPage\":{\"@id\":\"https:\\\/\\\/lojasosprofessoratividades.com.br\\\/produto\\\/o-pequeno-jatoba-e-a-regiao-norte\\\/#primaryimage\"},\"image\":{\"@id\":\"https:\\\/\\\/lojasosprofessoratividades.com.br\\\/produto\\\/o-pequeno-jatoba-e-a-regiao-norte\\\/#primaryimage\"},\"thumbnailUrl\":\"https:\\\/\\\/lojasosprofessoratividades.com.br\\\/wp-content\\\/uploads\\\/2024\\\/04\\\/Jatoba-1.jpg\",\"datePublished\":\"2024-04-06T17:20:04+00:00\",\"dateModified\":\"2026-05-08T19:08:51+00:00\",\"description\":\"Voc\u00ea est\u00e1 procurando uma maneira envolvente e educativa de explorar a geografia do Brasil com seus alunos? Venha conhecer nosso arquivo \\\"O pequeno Jatob\u00e1 e a Regi\u00e3o Norte\\\"!\",\"breadcrumb\":{\"@id\":\"https:\\\/\\\/lojasosprofessoratividades.com.br\\\/produto\\\/o-pequeno-jatoba-e-a-regiao-norte\\\/#breadcrumb\"},\"inLanguage\":\"en-US\",\"potentialAction\":[{\"@type\":\"ReadAction\",\"target\":[\"https:\\\/\\\/lojasosprofessoratividades.com.br\\\/produto\\\/o-pequeno-jatoba-e-a-regiao-norte\\\/\"]}]},{\"@type\":\"ImageObject\",\"inLanguage\":\"en-US\",\"@id\":\"https:\\\/\\\/lojasosprofessoratividades.com.br\\\/produto\\\/o-pequeno-jatoba-e-a-regiao-norte\\\/#primaryimage\",\"url\":\"https:\\\/\\\/lojasosprofessoratividades.com.br\\\/wp-content\\\/uploads\\\/2024\\\/04\\\/Jatoba-1.jpg\",\"contentUrl\":\"https:\\\/\\\/lojasosprofessoratividades.com.br\\\/wp-content\\\/uploads\\\/2024\\\/04\\\/Jatoba-1.jpg\",\"width\":800,\"height\":693,\"caption\":\"O peq. Jatob\u00e1\"},{\"@type\":\"BreadcrumbList\",\"@id\":\"https:\\\/\\\/lojasosprofessoratividades.com.br\\\/produto\\\/o-pequeno-jatoba-e-a-regiao-norte\\\/#breadcrumb\",\"itemListElement\":[{\"@type\":\"ListItem\",\"position\":1,\"name\":\"In\u00edcio\",\"item\":\"https:\\\/\\\/lojasosprofessoratividades.com.br\\\/\"},{\"@type\":\"ListItem\",\"position\":2,\"name\":\"Loja\",\"item\":\"https:\\\/\\\/lojasosprofessoratividades.com.br\\\/loja\\\/\"},{\"@type\":\"ListItem\",\"position\":3,\"name\":\"O pequeno Jatob\u00e1 e a Regi\u00e3o Norte\"}]},{\"@type\":\"WebSite\",\"@id\":\"https:\\\/\\\/lojasosprofessoratividades.com.br\\\/#website\",\"url\":\"https:\\\/\\\/lojasosprofessoratividades.com.br\\\/\",\"name\":\"Loja SOS Professor Atividades\",\"description\":\"Venda de material did\u00e1tico para o ensino fundamental\",\"publisher\":{\"@id\":\"https:\\\/\\\/lojasosprofessoratividades.com.br\\\/#organization\"},\"potentialAction\":[{\"@type\":\"SearchAction\",\"target\":{\"@type\":\"EntryPoint\",\"urlTemplate\":\"https:\\\/\\\/lojasosprofessoratividades.com.br\\\/?s={search_term_string}\"},\"query-input\":{\"@type\":\"PropertyValueSpecification\",\"valueRequired\":true,\"valueName\":\"search_term_string\"}}],\"inLanguage\":\"en-US\"},{\"@type\":\"Organization\",\"@id\":\"https:\\\/\\\/lojasosprofessoratividades.com.br\\\/#organization\",\"name\":\"Loja SOS Professor Atividades\",\"url\":\"https:\\\/\\\/lojasosprofessoratividades.com.br\\\/\",\"logo\":{\"@type\":\"ImageObject\",\"inLanguage\":\"en-US\",\"@id\":\"https:\\\/\\\/lojasosprofessoratividades.com.br\\\/#\\\/schema\\\/logo\\\/image\\\/\",\"url\":\"http:\\\/\\\/lojasosprofessoratividades.com.br\\\/wp-content\\\/uploads\\\/2022\\\/04\\\/Logo.png\",\"contentUrl\":\"http:\\\/\\\/lojasosprofessoratividades.com.br\\\/wp-content\\\/uploads\\\/2022\\\/04\\\/Logo.png\",\"width\":2000,\"height\":2000,\"caption\":\"Loja SOS Professor Atividades\"},\"image\":{\"@id\":\"https:\\\/\\\/lojasosprofessoratividades.com.br\\\/#\\\/schema\\\/logo\\\/image\\\/\"},\"sameAs\":[\"https:\\\/\\\/www.facebook.com\\\/sosprofessoratividades\",\"https:\\\/\\\/www.instagram.com\\\/sosprofessoratividades\\\/\"]}]}<\/script>\n<!-- \/ Yoast SEO plugin. -->","yoast_head_json":{"title":"O pequeno Jatob\u00e1 e a Regi\u00e3o Norte - Loja SOS Professor Atividades","description":"Voc\u00ea est\u00e1 procurando uma maneira envolvente e educativa de explorar a geografia do Brasil com seus alunos? Venha conhecer nosso arquivo \"O pequeno Jatob\u00e1 e a Regi\u00e3o Norte\"!","robots":{"index":"index","follow":"follow","max-snippet":"max-snippet:-1","max-image-preview":"max-image-preview:large","max-video-preview":"max-video-preview:-1"},"canonical":"https:\/\/lojasosprofessoratividades.com.br\/en\/product\/o-pequeno-jatoba-e-a-regiao-norte\/","og_locale":"en_US","og_type":"article","og_title":"O pequeno Jatob\u00e1 e a Regi\u00e3o Norte - Loja SOS Professor Atividades","og_description":"Voc\u00ea est\u00e1 procurando uma maneira envolvente e educativa de explorar a geografia do Brasil com seus alunos? Venha conhecer nosso arquivo \"O pequeno Jatob\u00e1 e a Regi\u00e3o Norte\"!","og_url":"https:\/\/lojasosprofessoratividades.com.br\/en\/product\/o-pequeno-jatoba-e-a-regiao-norte\/","og_site_name":"Loja SOS Professor Atividades","article_publisher":"https:\/\/www.facebook.com\/sosprofessoratividades","article_modified_time":"2026-05-08T19:08:51+00:00","og_image":[{"width":800,"height":693,"url":"https:\/\/lojasosprofessoratividades.com.br\/wp-content\/uploads\/2024\/04\/Jatoba-1.jpg","type":"image\/jpeg"}],"twitter_card":"summary_large_image","twitter_misc":{"Est. reading time":"1 minute"},"schema":{"@context":"https:\/\/schema.org","@graph":[{"@type":"WebPage","@id":"https:\/\/lojasosprofessoratividades.com.br\/produto\/o-pequeno-jatoba-e-a-regiao-norte\/","url":"https:\/\/lojasosprofessoratividades.com.br\/produto\/o-pequeno-jatoba-e-a-regiao-norte\/","name":"O pequeno Jatob\u00e1 e a Regi\u00e3o Norte - Loja SOS Professor Atividades","isPartOf":{"@id":"https:\/\/lojasosprofessoratividades.com.br\/#website"},"primaryImageOfPage":{"@id":"https:\/\/lojasosprofessoratividades.com.br\/produto\/o-pequeno-jatoba-e-a-regiao-norte\/#primaryimage"},"image":{"@id":"https:\/\/lojasosprofessoratividades.com.br\/produto\/o-pequeno-jatoba-e-a-regiao-norte\/#primaryimage"},"thumbnailUrl":"https:\/\/lojasosprofessoratividades.com.br\/wp-content\/uploads\/2024\/04\/Jatoba-1.jpg","datePublished":"2024-04-06T17:20:04+00:00","dateModified":"2026-05-08T19:08:51+00:00","description":"Voc\u00ea est\u00e1 procurando uma maneira envolvente e educativa de explorar a geografia do Brasil com seus alunos? Venha conhecer nosso arquivo \"O pequeno Jatob\u00e1 e a Regi\u00e3o Norte\"!","breadcrumb":{"@id":"https:\/\/lojasosprofessoratividades.com.br\/produto\/o-pequeno-jatoba-e-a-regiao-norte\/#breadcrumb"},"inLanguage":"en-US","potentialAction":[{"@type":"ReadAction","target":["https:\/\/lojasosprofessoratividades.com.br\/produto\/o-pequeno-jatoba-e-a-regiao-norte\/"]}]},{"@type":"ImageObject","inLanguage":"en-US","@id":"https:\/\/lojasosprofessoratividades.com.br\/produto\/o-pequeno-jatoba-e-a-regiao-norte\/#primaryimage","url":"https:\/\/lojasosprofessoratividades.com.br\/wp-content\/uploads\/2024\/04\/Jatoba-1.jpg","contentUrl":"https:\/\/lojasosprofessoratividades.com.br\/wp-content\/uploads\/2024\/04\/Jatoba-1.jpg","width":800,"height":693,"caption":"O peq. Jatob\u00e1"},{"@type":"BreadcrumbList","@id":"https:\/\/lojasosprofessoratividades.com.br\/produto\/o-pequeno-jatoba-e-a-regiao-norte\/#breadcrumb","itemListElement":[{"@type":"ListItem","position":1,"name":"In\u00edcio","item":"https:\/\/lojasosprofessoratividades.com.br\/"},{"@type":"ListItem","position":2,"name":"Loja","item":"https:\/\/lojasosprofessoratividades.com.br\/loja\/"},{"@type":"ListItem","position":3,"name":"O pequeno Jatob\u00e1 e a Regi\u00e3o Norte"}]},{"@type":"WebSite","@id":"https:\/\/lojasosprofessoratividades.com.br\/#website","url":"https:\/\/lojasosprofessoratividades.com.br\/","name":"Loja SOS Professor Atividades","description":"Venda de material did\u00e1tico para o ensino fundamental","publisher":{"@id":"https:\/\/lojasosprofessoratividades.com.br\/#organization"},"potentialAction":[{"@type":"SearchAction","target":{"@type":"EntryPoint","urlTemplate":"https:\/\/lojasosprofessoratividades.com.br\/?s={search_term_string}"},"query-input":{"@type":"PropertyValueSpecification","valueRequired":true,"valueName":"search_term_string"}}],"inLanguage":"en-US"},{"@type":"Organization","@id":"https:\/\/lojasosprofessoratividades.com.br\/#organization","name":"Loja SOS Professor Atividades","url":"https:\/\/lojasosprofessoratividades.com.br\/","logo":{"@type":"ImageObject","inLanguage":"en-US","@id":"https:\/\/lojasosprofessoratividades.com.br\/#\/schema\/logo\/image\/","url":"http:\/\/lojasosprofessoratividades.com.br\/wp-content\/uploads\/2022\/04\/Logo.png","contentUrl":"http:\/\/lojasosprofessoratividades.com.br\/wp-content\/uploads\/2022\/04\/Logo.png","width":2000,"height":2000,"caption":"Loja SOS Professor Atividades"},"image":{"@id":"https:\/\/lojasosprofessoratividades.com.br\/#\/schema\/logo\/image\/"},"sameAs":["https:\/\/www.facebook.com\/sosprofessoratividades","https:\/\/www.instagram.com\/sosprofessoratividades\/"]}]}},"_links":{"self":[{"href":"https:\/\/lojasosprofessoratividades.com.br\/en\/wp-json\/wp\/v2\/product\/30179","targetHints":{"allow":["GET"]}}],"collection":[{"href":"https:\/\/lojasosprofessoratividades.com.br\/en\/wp-json\/wp\/v2\/product"}],"about":[{"href":"https:\/\/lojasosprofessoratividades.com.br\/en\/wp-json\/wp\/v2\/types\/product"}],"replies":[{"embeddable":true,"href":"https:\/\/lojasosprofessoratividades.com.br\/en\/wp-json\/wp\/v2\/comments?post=30179"}],"wp:featuredmedia":[{"embeddable":true,"href":"https:\/\/lojasosprofessoratividades.com.br\/en\/wp-json\/wp\/v2\/media\/30182"}],"wp:attachment":[{"href":"https:\/\/lojasosprofessoratividades.com.br\/en\/wp-json\/wp\/v2\/media?parent=30179"}],"wp:term":[{"taxonomy":"product_brand","embeddable":true,"href":"https:\/\/lojasosprofessoratividades.com.br\/en\/wp-json\/wp\/v2\/product_brand?post=30179"},{"taxonomy":"product_cat","embeddable":true,"href":"https:\/\/lojasosprofessoratividades.com.br\/en\/wp-json\/wp\/v2\/product_cat?post=30179"},{"taxonomy":"product_tag","embeddable":true,"href":"https:\/\/lojasosprofessoratividades.com.br\/en\/wp-json\/wp\/v2\/product_tag?post=30179"}],"curies":[{"name":"wp","href":"https:\/\/api.w.org\/{rel}","templated":true}]}}