{"id":30229,"date":"2024-04-09T18:39:22","date_gmt":"2024-04-09T21:39:22","guid":{"rendered":"https:\/\/lojasosprofessoratividades.com.br\/?post_type=product&#038;p=30229"},"modified":"2026-05-08T16:08:57","modified_gmt":"2026-05-08T19:08:57","slug":"a-luta-pela-independencia-tiradentes","status":"publish","type":"product","link":"https:\/\/lojasosprofessoratividades.com.br\/en\/product\/a-luta-pela-independencia-tiradentes\/","title":{"rendered":"A luta pela independ\u00eancia &#8211; Tiradentes"},"content":{"rendered":"","protected":false},"excerpt":{"rendered":"<p>Especialmente elaborado para turmas do 3\u00ba e 4\u00ba ano.<\/p>\n<p>Este arquivo conta com um texto informativo de f\u00e1cil compreens\u00e3o para a faixa et\u00e1ria, que narra a emocionante hist\u00f3ria de Tiradentes, um dos her\u00f3is que lutaram pela independ\u00eancia do nosso pa\u00eds. Os alunos ser\u00e3o transportados para o contexto hist\u00f3rico da minera\u00e7\u00e3o colonial e conhecer\u00e3o a trajet\u00f3ria de Tiradentes desde sua resid\u00eancia em Vila Rica at\u00e9 sua execu\u00e7\u00e3o na Pra\u00e7a do Campo, em Ouro Preto.<\/p>\n<p>Al\u00e9m disso, o arquivo inclui atividades de interpreta\u00e7\u00e3o de texto, que ajudar\u00e3o os alunos a compreenderem melhor os acontecimentos narrados. H\u00e1 tamb\u00e9m uma se\u00e7\u00e3o dedicada ao uso do dicion\u00e1rio, incentivando os alunos a expandirem seu vocabul\u00e1rio e a praticarem a busca por significados de palavras desconhecidas.<\/p>\n<p>Para tornar a experi\u00eancia ainda mais interativa, oferecemos atividades de completar senten\u00e7as e uma cruzadinha, que desafiar\u00e3o os alunos a aplicarem o conhecimento adquirido de forma divertida e criativa.<\/p>\n<p>E n\u00e3o \u00e9 s\u00f3 isso! O arquivo inclui um plano de aula detalhado, que guiar\u00e1 voc\u00ea no processo de ensino, desde a introdu\u00e7\u00e3o do tema at\u00e9 a conclus\u00e3o da aula. Al\u00e9m disso, fornecemos um gabarito completo das atividades, para facilitar sua avalia\u00e7\u00e3o e acompanhamento do progresso dos alunos.<\/p>\n<p>Vamos ensinar aos nossos alunos que o sonho de Independ\u00eancia do Brasil come\u00e7ou bem antes de 7 de setembro de 1822. Prepare-se para uma aula emocionante e cheia de aprendizado!<\/p>\n<p><em><strong>N\u00e3o<\/strong><\/em> edit\u00e1vel.<\/p>\n<h3>N\u00e3o enviamos por e-mail, a entrega \u00e9 via link para download. \ud83d\udc47<\/h3>\n<p><img loading=\"lazy\" decoding=\"async\" class=\"alignnone wp-image-30821 size-full\" src=\"https:\/\/lojasosprofessoratividades.com.br\/wp-content\/uploads\/2024\/06\/Aviso-Loja.jpg\" alt=\"\" width=\"446\" height=\"251\" srcset=\"https:\/\/lojasosprofessoratividades.com.br\/wp-content\/uploads\/2024\/06\/Aviso-Loja.jpg 446w, https:\/\/lojasosprofessoratividades.com.br\/wp-content\/uploads\/2024\/06\/Aviso-Loja-300x169.jpg 300w, https:\/\/lojasosprofessoratividades.com.br\/wp-content\/uploads\/2024\/06\/Aviso-Loja-18x10.jpg 18w\" sizes=\"auto, (max-width: 446px) 100vw, 446px\" \/><\/p>","protected":false},"featured_media":30230,"comment_status":"open","ping_status":"closed","template":"","meta":[],"product_brand":[],"product_cat":[124,125,214,216,192,185,195,189],"product_tag":[2521,2515,2519,2510,2511,2513,493,463,280,2520,462,461,2517,464,2522,2518,2514,2512,460,2516],"class_list":{"0":"post-30229","1":"product","2":"type-product","3":"status-publish","4":"has-post-thumbnail","6":"product_cat-3o-ano","7":"product_cat-4o-ano","8":"product_cat-data-comemorativa-3-ano","9":"product_cat-data-comemorativa-4-ano","10":"product_cat-historia-4-ano","11":"product_cat-historia-3-ano","12":"product_cat-portugues-4-ano","13":"product_cat-portugues-3-ano","14":"product_tag-atividades-civicas-abril","15":"product_tag-atividades-historia-ef1","16":"product_tag-atividades-mineracao-colonial","17":"product_tag-atividades-tiradentes-3o-ano","18":"product_tag-atividades-tiradentes-4o-ano","19":"product_tag-cruzadinha-historica","20":"product_tag-ensino-fundamental-1","21":"product_tag-heroi-brasileiro","22":"product_tag-historia-do-brasil","23":"product_tag-historia-do-brasil-para-criancas","24":"product_tag-inconfidencia-mineira","25":"product_tag-independencia-do-brasil","26":"product_tag-interpretacao-de-texto-tiradentes","27":"product_tag-joaquim-jose-da-silva-xavier","28":"product_tag-material-pedagogico-tiradentes","29":"product_tag-pdf-educativo-tiradentes","30":"product_tag-plano-de-aula-tiradentes","31":"product_tag-texto-informativo-tiradentes","32":"product_tag-tiradentes","33":"product_tag-uso-do-dicionario-em-sala","35":"first","36":"instock","37":"downloadable","38":"virtual","39":"sold-individually","40":"purchasable","41":"product-type-simple"},"yoast_head":"<!-- This site is optimized with the Yoast SEO plugin v27.6 - https:\/\/yoast.com\/product\/yoast-seo-wordpress\/ -->\n<title>A luta pela independ\u00eancia - Tiradentes - Loja SOS Professor Atividades<\/title>\n<meta name=\"description\" content=\"Arquivo PDF sobre Tiradentes para 3\u00ba e 4\u00ba ano com texto informativo, interpreta\u00e7\u00e3o, vocabul\u00e1rio, cruzadinha, plano de aula e gabarito. Alinhado \u00e0 BNCC.\" \/>\n<meta name=\"robots\" content=\"index, follow, max-snippet:-1, max-image-preview:large, max-video-preview:-1\" \/>\n<link rel=\"canonical\" href=\"https:\/\/lojasosprofessoratividades.com.br\/en\/product\/a-luta-pela-independencia-tiradentes\/\" \/>\n<meta property=\"og:locale\" content=\"en_US\" \/>\n<meta property=\"og:type\" content=\"article\" \/>\n<meta property=\"og:title\" content=\"A luta pela independ\u00eancia - Tiradentes - Loja SOS Professor Atividades\" \/>\n<meta property=\"og:description\" content=\"Arquivo PDF sobre Tiradentes para 3\u00ba e 4\u00ba ano com texto informativo, interpreta\u00e7\u00e3o, vocabul\u00e1rio, cruzadinha, plano de aula e gabarito. Alinhado \u00e0 BNCC.\" \/>\n<meta property=\"og:url\" content=\"https:\/\/lojasosprofessoratividades.com.br\/en\/product\/a-luta-pela-independencia-tiradentes\/\" \/>\n<meta property=\"og:site_name\" content=\"Loja SOS Professor Atividades\" \/>\n<meta property=\"article:publisher\" content=\"https:\/\/www.facebook.com\/sosprofessoratividades\" \/>\n<meta property=\"article:modified_time\" content=\"2026-05-08T19:08:57+00:00\" \/>\n<meta property=\"og:image\" content=\"https:\/\/lojasosprofessoratividades.com.br\/wp-content\/uploads\/2024\/04\/A-luta-pela-independencia-Tiradentes-1.jpg\" \/>\n\t<meta property=\"og:image:width\" content=\"800\" \/>\n\t<meta property=\"og:image:height\" content=\"693\" \/>\n\t<meta property=\"og:image:type\" content=\"image\/jpeg\" \/>\n<meta name=\"twitter:card\" content=\"summary_large_image\" \/>\n<meta name=\"twitter:label1\" content=\"Est. reading time\" \/>\n\t<meta name=\"twitter:data1\" content=\"1 minute\" \/>\n<script type=\"application\/ld+json\" class=\"yoast-schema-graph\">{\"@context\":\"https:\\\/\\\/schema.org\",\"@graph\":[{\"@type\":\"WebPage\",\"@id\":\"https:\\\/\\\/lojasosprofessoratividades.com.br\\\/produto\\\/a-luta-pela-independencia-tiradentes\\\/\",\"url\":\"https:\\\/\\\/lojasosprofessoratividades.com.br\\\/produto\\\/a-luta-pela-independencia-tiradentes\\\/\",\"name\":\"A luta pela independ\u00eancia - Tiradentes - Loja SOS Professor Atividades\",\"isPartOf\":{\"@id\":\"https:\\\/\\\/lojasosprofessoratividades.com.br\\\/#website\"},\"primaryImageOfPage\":{\"@id\":\"https:\\\/\\\/lojasosprofessoratividades.com.br\\\/produto\\\/a-luta-pela-independencia-tiradentes\\\/#primaryimage\"},\"image\":{\"@id\":\"https:\\\/\\\/lojasosprofessoratividades.com.br\\\/produto\\\/a-luta-pela-independencia-tiradentes\\\/#primaryimage\"},\"thumbnailUrl\":\"https:\\\/\\\/lojasosprofessoratividades.com.br\\\/wp-content\\\/uploads\\\/2024\\\/04\\\/A-luta-pela-independencia-Tiradentes-1.jpg\",\"datePublished\":\"2024-04-09T21:39:22+00:00\",\"dateModified\":\"2026-05-08T19:08:57+00:00\",\"description\":\"Arquivo PDF sobre Tiradentes para 3\u00ba e 4\u00ba ano com texto informativo, interpreta\u00e7\u00e3o, vocabul\u00e1rio, cruzadinha, plano de aula e gabarito. Alinhado \u00e0 BNCC.\",\"breadcrumb\":{\"@id\":\"https:\\\/\\\/lojasosprofessoratividades.com.br\\\/produto\\\/a-luta-pela-independencia-tiradentes\\\/#breadcrumb\"},\"inLanguage\":\"en-US\",\"potentialAction\":[{\"@type\":\"ReadAction\",\"target\":[\"https:\\\/\\\/lojasosprofessoratividades.com.br\\\/produto\\\/a-luta-pela-independencia-tiradentes\\\/\"]}]},{\"@type\":\"ImageObject\",\"inLanguage\":\"en-US\",\"@id\":\"https:\\\/\\\/lojasosprofessoratividades.com.br\\\/produto\\\/a-luta-pela-independencia-tiradentes\\\/#primaryimage\",\"url\":\"https:\\\/\\\/lojasosprofessoratividades.com.br\\\/wp-content\\\/uploads\\\/2024\\\/04\\\/A-luta-pela-independencia-Tiradentes-1.jpg\",\"contentUrl\":\"https:\\\/\\\/lojasosprofessoratividades.com.br\\\/wp-content\\\/uploads\\\/2024\\\/04\\\/A-luta-pela-independencia-Tiradentes-1.jpg\",\"width\":800,\"height\":693,\"caption\":\"A luta pela independ\u00eancia - Tiradentes\"},{\"@type\":\"BreadcrumbList\",\"@id\":\"https:\\\/\\\/lojasosprofessoratividades.com.br\\\/produto\\\/a-luta-pela-independencia-tiradentes\\\/#breadcrumb\",\"itemListElement\":[{\"@type\":\"ListItem\",\"position\":1,\"name\":\"In\u00edcio\",\"item\":\"https:\\\/\\\/lojasosprofessoratividades.com.br\\\/\"},{\"@type\":\"ListItem\",\"position\":2,\"name\":\"Loja\",\"item\":\"https:\\\/\\\/lojasosprofessoratividades.com.br\\\/loja\\\/\"},{\"@type\":\"ListItem\",\"position\":3,\"name\":\"A luta pela independ\u00eancia &#8211; Tiradentes\"}]},{\"@type\":\"WebSite\",\"@id\":\"https:\\\/\\\/lojasosprofessoratividades.com.br\\\/#website\",\"url\":\"https:\\\/\\\/lojasosprofessoratividades.com.br\\\/\",\"name\":\"Loja SOS Professor Atividades\",\"description\":\"Venda de material did\u00e1tico para o ensino fundamental\",\"publisher\":{\"@id\":\"https:\\\/\\\/lojasosprofessoratividades.com.br\\\/#organization\"},\"potentialAction\":[{\"@type\":\"SearchAction\",\"target\":{\"@type\":\"EntryPoint\",\"urlTemplate\":\"https:\\\/\\\/lojasosprofessoratividades.com.br\\\/?s={search_term_string}\"},\"query-input\":{\"@type\":\"PropertyValueSpecification\",\"valueRequired\":true,\"valueName\":\"search_term_string\"}}],\"inLanguage\":\"en-US\"},{\"@type\":\"Organization\",\"@id\":\"https:\\\/\\\/lojasosprofessoratividades.com.br\\\/#organization\",\"name\":\"Loja SOS Professor Atividades\",\"url\":\"https:\\\/\\\/lojasosprofessoratividades.com.br\\\/\",\"logo\":{\"@type\":\"ImageObject\",\"inLanguage\":\"en-US\",\"@id\":\"https:\\\/\\\/lojasosprofessoratividades.com.br\\\/#\\\/schema\\\/logo\\\/image\\\/\",\"url\":\"http:\\\/\\\/lojasosprofessoratividades.com.br\\\/wp-content\\\/uploads\\\/2022\\\/04\\\/Logo.png\",\"contentUrl\":\"http:\\\/\\\/lojasosprofessoratividades.com.br\\\/wp-content\\\/uploads\\\/2022\\\/04\\\/Logo.png\",\"width\":2000,\"height\":2000,\"caption\":\"Loja SOS Professor Atividades\"},\"image\":{\"@id\":\"https:\\\/\\\/lojasosprofessoratividades.com.br\\\/#\\\/schema\\\/logo\\\/image\\\/\"},\"sameAs\":[\"https:\\\/\\\/www.facebook.com\\\/sosprofessoratividades\",\"https:\\\/\\\/www.instagram.com\\\/sosprofessoratividades\\\/\"]}]}<\/script>\n<!-- \/ Yoast SEO plugin. -->","yoast_head_json":{"title":"A luta pela independ\u00eancia - Tiradentes - Loja SOS Professor Atividades","description":"Arquivo PDF sobre Tiradentes para 3\u00ba e 4\u00ba ano com texto informativo, interpreta\u00e7\u00e3o, vocabul\u00e1rio, cruzadinha, plano de aula e gabarito. Alinhado \u00e0 BNCC.","robots":{"index":"index","follow":"follow","max-snippet":"max-snippet:-1","max-image-preview":"max-image-preview:large","max-video-preview":"max-video-preview:-1"},"canonical":"https:\/\/lojasosprofessoratividades.com.br\/en\/product\/a-luta-pela-independencia-tiradentes\/","og_locale":"en_US","og_type":"article","og_title":"A luta pela independ\u00eancia - Tiradentes - Loja SOS Professor Atividades","og_description":"Arquivo PDF sobre Tiradentes para 3\u00ba e 4\u00ba ano com texto informativo, interpreta\u00e7\u00e3o, vocabul\u00e1rio, cruzadinha, plano de aula e gabarito. Alinhado \u00e0 BNCC.","og_url":"https:\/\/lojasosprofessoratividades.com.br\/en\/product\/a-luta-pela-independencia-tiradentes\/","og_site_name":"Loja SOS Professor Atividades","article_publisher":"https:\/\/www.facebook.com\/sosprofessoratividades","article_modified_time":"2026-05-08T19:08:57+00:00","og_image":[{"width":800,"height":693,"url":"https:\/\/lojasosprofessoratividades.com.br\/wp-content\/uploads\/2024\/04\/A-luta-pela-independencia-Tiradentes-1.jpg","type":"image\/jpeg"}],"twitter_card":"summary_large_image","twitter_misc":{"Est. reading time":"1 minute"},"schema":{"@context":"https:\/\/schema.org","@graph":[{"@type":"WebPage","@id":"https:\/\/lojasosprofessoratividades.com.br\/produto\/a-luta-pela-independencia-tiradentes\/","url":"https:\/\/lojasosprofessoratividades.com.br\/produto\/a-luta-pela-independencia-tiradentes\/","name":"A luta pela independ\u00eancia - Tiradentes - Loja SOS Professor Atividades","isPartOf":{"@id":"https:\/\/lojasosprofessoratividades.com.br\/#website"},"primaryImageOfPage":{"@id":"https:\/\/lojasosprofessoratividades.com.br\/produto\/a-luta-pela-independencia-tiradentes\/#primaryimage"},"image":{"@id":"https:\/\/lojasosprofessoratividades.com.br\/produto\/a-luta-pela-independencia-tiradentes\/#primaryimage"},"thumbnailUrl":"https:\/\/lojasosprofessoratividades.com.br\/wp-content\/uploads\/2024\/04\/A-luta-pela-independencia-Tiradentes-1.jpg","datePublished":"2024-04-09T21:39:22+00:00","dateModified":"2026-05-08T19:08:57+00:00","description":"Arquivo PDF sobre Tiradentes para 3\u00ba e 4\u00ba ano com texto informativo, interpreta\u00e7\u00e3o, vocabul\u00e1rio, cruzadinha, plano de aula e gabarito. Alinhado \u00e0 BNCC.","breadcrumb":{"@id":"https:\/\/lojasosprofessoratividades.com.br\/produto\/a-luta-pela-independencia-tiradentes\/#breadcrumb"},"inLanguage":"en-US","potentialAction":[{"@type":"ReadAction","target":["https:\/\/lojasosprofessoratividades.com.br\/produto\/a-luta-pela-independencia-tiradentes\/"]}]},{"@type":"ImageObject","inLanguage":"en-US","@id":"https:\/\/lojasosprofessoratividades.com.br\/produto\/a-luta-pela-independencia-tiradentes\/#primaryimage","url":"https:\/\/lojasosprofessoratividades.com.br\/wp-content\/uploads\/2024\/04\/A-luta-pela-independencia-Tiradentes-1.jpg","contentUrl":"https:\/\/lojasosprofessoratividades.com.br\/wp-content\/uploads\/2024\/04\/A-luta-pela-independencia-Tiradentes-1.jpg","width":800,"height":693,"caption":"A luta pela independ\u00eancia - Tiradentes"},{"@type":"BreadcrumbList","@id":"https:\/\/lojasosprofessoratividades.com.br\/produto\/a-luta-pela-independencia-tiradentes\/#breadcrumb","itemListElement":[{"@type":"ListItem","position":1,"name":"In\u00edcio","item":"https:\/\/lojasosprofessoratividades.com.br\/"},{"@type":"ListItem","position":2,"name":"Loja","item":"https:\/\/lojasosprofessoratividades.com.br\/loja\/"},{"@type":"ListItem","position":3,"name":"A luta pela independ\u00eancia &#8211; Tiradentes"}]},{"@type":"WebSite","@id":"https:\/\/lojasosprofessoratividades.com.br\/#website","url":"https:\/\/lojasosprofessoratividades.com.br\/","name":"Loja SOS Professor Atividades","description":"Venda de material did\u00e1tico para o ensino fundamental","publisher":{"@id":"https:\/\/lojasosprofessoratividades.com.br\/#organization"},"potentialAction":[{"@type":"SearchAction","target":{"@type":"EntryPoint","urlTemplate":"https:\/\/lojasosprofessoratividades.com.br\/?s={search_term_string}"},"query-input":{"@type":"PropertyValueSpecification","valueRequired":true,"valueName":"search_term_string"}}],"inLanguage":"en-US"},{"@type":"Organization","@id":"https:\/\/lojasosprofessoratividades.com.br\/#organization","name":"Loja SOS Professor Atividades","url":"https:\/\/lojasosprofessoratividades.com.br\/","logo":{"@type":"ImageObject","inLanguage":"en-US","@id":"https:\/\/lojasosprofessoratividades.com.br\/#\/schema\/logo\/image\/","url":"http:\/\/lojasosprofessoratividades.com.br\/wp-content\/uploads\/2022\/04\/Logo.png","contentUrl":"http:\/\/lojasosprofessoratividades.com.br\/wp-content\/uploads\/2022\/04\/Logo.png","width":2000,"height":2000,"caption":"Loja SOS Professor Atividades"},"image":{"@id":"https:\/\/lojasosprofessoratividades.com.br\/#\/schema\/logo\/image\/"},"sameAs":["https:\/\/www.facebook.com\/sosprofessoratividades","https:\/\/www.instagram.com\/sosprofessoratividades\/"]}]}},"_links":{"self":[{"href":"https:\/\/lojasosprofessoratividades.com.br\/en\/wp-json\/wp\/v2\/product\/30229","targetHints":{"allow":["GET"]}}],"collection":[{"href":"https:\/\/lojasosprofessoratividades.com.br\/en\/wp-json\/wp\/v2\/product"}],"about":[{"href":"https:\/\/lojasosprofessoratividades.com.br\/en\/wp-json\/wp\/v2\/types\/product"}],"replies":[{"embeddable":true,"href":"https:\/\/lojasosprofessoratividades.com.br\/en\/wp-json\/wp\/v2\/comments?post=30229"}],"wp:featuredmedia":[{"embeddable":true,"href":"https:\/\/lojasosprofessoratividades.com.br\/en\/wp-json\/wp\/v2\/media\/30230"}],"wp:attachment":[{"href":"https:\/\/lojasosprofessoratividades.com.br\/en\/wp-json\/wp\/v2\/media?parent=30229"}],"wp:term":[{"taxonomy":"product_brand","embeddable":true,"href":"https:\/\/lojasosprofessoratividades.com.br\/en\/wp-json\/wp\/v2\/product_brand?post=30229"},{"taxonomy":"product_cat","embeddable":true,"href":"https:\/\/lojasosprofessoratividades.com.br\/en\/wp-json\/wp\/v2\/product_cat?post=30229"},{"taxonomy":"product_tag","embeddable":true,"href":"https:\/\/lojasosprofessoratividades.com.br\/en\/wp-json\/wp\/v2\/product_tag?post=30229"}],"curies":[{"name":"wp","href":"https:\/\/api.w.org\/{rel}","templated":true}]}}