{"id":30253,"date":"2024-04-11T18:02:49","date_gmt":"2024-04-11T21:02:49","guid":{"rendered":"https:\/\/lojasosprofessoratividades.com.br\/?post_type=product&#038;p=30253"},"modified":"2026-05-08T16:09:05","modified_gmt":"2026-05-08T19:09:05","slug":"o-bichinho-da-maca-ciclo-de-vida-das-moscas-e-atividades-interativas","status":"publish","type":"product","link":"https:\/\/lojasosprofessoratividades.com.br\/en\/product\/o-bichinho-da-maca-ciclo-de-vida-das-moscas-e-atividades-interativas\/","title":{"rendered":"O Bichinho da Ma\u00e7\u00e3: Ciclo de Vida das Moscas e Atividades Interativas"},"content":{"rendered":"","protected":false},"excerpt":{"rendered":"<div class=\"flex-1 overflow-hidden\">\n<div class=\"react-scroll-to-bottom--css-munfa-79elbk h-full\">\n<div class=\"react-scroll-to-bottom--css-munfa-1n7m0yu\">\n<div class=\"flex flex-col text-sm pb-9\">\n<div class=\"w-full text-token-text-primary\" dir=\"auto\" data-testid=\"conversation-turn-38\">\n<div class=\"px-4 py-2 justify-center text-base md:gap-6 m-auto\">\n<div class=\"flex flex-1 text-base mx-auto gap-3 juice:gap-4 juice:md:gap-6 md:px-5 lg:px-1 xl:px-5 md:max-w-3xl lg:max-w-[40rem] xl:max-w-[48rem] group final-completion\">\n<div class=\"relative flex w-full flex-col agent-turn\">\n<div class=\"flex-col gap-1 md:gap-3\">\n<div class=\"flex flex-grow flex-col max-w-full\">\n<div class=\"min-h-[20px] text-message flex flex-col items-start gap-3 whitespace-pre-wrap break-words [.text-message+&amp;]:mt-5 overflow-x-auto\" dir=\"auto\" data-message-author-role=\"assistant\" data-message-id=\"18324276-c9b2-42fc-9d48-deeedde55042\">\n<div class=\"markdown prose w-full break-words dark:prose-invert light\">\n<p>Voc\u00ea procura uma forma envolvente de abordar o ciclo de vida com sua turma? Apresentamos o arquivo completo &#8220;O Bichinho da Ma\u00e7\u00e3: Ciclo de Vida das Moscas e Atividades Interativas&#8221;, uma oportunidade \u00fanica de integrar literatura e ci\u00eancia de maneira l\u00fadica e educativa.<\/p>\n<p><strong>O que o arquivo inclui:<\/strong><\/p>\n<ol>\n<li><strong>Texto &#8211; O Bichinho da Ma\u00e7\u00e3 com Interpreta\u00e7\u00e3o:<\/strong> Utilize o texto envolvente de Ziraldo como ponto de partida para explorar o mundo das frutas e suas conex\u00f5es com o ciclo de vida das moscas.<\/li>\n<li><strong>Breve Biografia do Autor (Ziraldo):<\/strong> Conhe\u00e7a mais sobre o autor renomado por suas obras infantis.<\/li>\n<li><strong>Texto sobre As Moscas das Frutas &#8211; Ciclo de Vida das Moscas das Frutas:<\/strong> Explore de forma detalhada o ciclo de vida das moscas, complementando o aprendizado com informa\u00e7\u00f5es cient\u00edficas.<\/li>\n<li><strong>Cartaz Ampliado sobre o Ciclo de Vida da Mosca:<\/strong> Utilize recursos visuais para auxiliar na compreens\u00e3o do ciclo de vida das moscas, tornando o aprendizado mais din\u00e2mico.<\/li>\n<li><strong>Cruzadinha e Esquemas para Pintar e Completar:<\/strong> Atividades interativas para consolidar o conhecimento adquirido de forma divertida e criativa.<\/li>\n<li><strong>Texto &#8211; As Moscas e a Sa\u00fade:<\/strong> Aborde a import\u00e2ncia da higiene e da preven\u00e7\u00e3o, promovendo a conscientiza\u00e7\u00e3o sobre os riscos \u00e0 sa\u00fade causados pelas moscas.<\/li>\n<li><strong>Quebra-Cabe\u00e7a com as Partes da Mosca:<\/strong> Desafie seus alunos a montarem um quebra-cabe\u00e7a enquanto aprendem sobre as diferentes partes do corpo da mosca.<\/li>\n<li><strong>Gabaritos e Plano de Aula:<\/strong> Recursos adicionais para facilitar o planejamento das atividades e garantir uma experi\u00eancia de aprendizado completa.<\/li>\n<\/ol>\n<p>N\u00e3o perca a oportunidade de transformar sua sala de aula em um ambiente de descoberta e aprendizado!<\/p>\n<p>Adquira agora o arquivo &#8220;O Bichinho da Ma\u00e7\u00e3: Ciclo de Vida das Moscas e Atividades Interativas&#8221; e proporcione uma experi\u00eancia educativa memor\u00e1vel para seus alunos.<\/p>\n<p><em><strong>N\u00e3o<\/strong><\/em> edit\u00e1vel<\/p>\n<h3>N\u00e3o enviamos por e-mail, a entrega \u00e9 via link para download.\u00a0<img decoding=\"async\" class=\"emoji\" role=\"img\" draggable=\"false\" src=\"https:\/\/s.w.org\/images\/core\/emoji\/16.0.1\/svg\/1f447.svg\" alt=\"\ud83d\udc47\" \/><\/h3>\n<\/div>\n<\/div>\n<\/div>\n<\/div>\n<div class=\"absolute\">\n<div class=\"flex w-full gap-2 items-center justify-center\"><img loading=\"lazy\" decoding=\"async\" class=\"alignnone wp-image-30821 size-full\" src=\"https:\/\/lojasosprofessoratividades.com.br\/wp-content\/uploads\/2024\/06\/Aviso-Loja.jpg\" alt=\"\" width=\"446\" height=\"251\" srcset=\"https:\/\/lojasosprofessoratividades.com.br\/wp-content\/uploads\/2024\/06\/Aviso-Loja.jpg 446w, https:\/\/lojasosprofessoratividades.com.br\/wp-content\/uploads\/2024\/06\/Aviso-Loja-300x169.jpg 300w, https:\/\/lojasosprofessoratividades.com.br\/wp-content\/uploads\/2024\/06\/Aviso-Loja-18x10.jpg 18w\" sizes=\"auto, (max-width: 446px) 100vw, 446px\" \/><\/div>\n<\/div>\n<\/div>\n<\/div>\n<\/div>\n<\/div>\n<\/div>\n<\/div>\n<\/div>\n<\/div>\n<div class=\"w-full pt-2 md:pt-0 dark:border-white\/20 md:border-transparent md:dark:border-transparent md:w-[calc(100%-.5rem)]\">\n<form class=\"stretch mx-2 flex flex-row gap-3 last:mb-2 md:mx-4 md:last:mb-6 lg:mx-auto lg:max-w-2xl xl:max-w-3xl\">\n<div class=\"relative flex h-full flex-1 flex-col\">\n<div class=\"absolute bottom-full left-0 right-0\"><\/div>\n<div class=\"flex w-full items-center\"><\/div>\n<\/div>\n<\/form>\n<\/div>\n","protected":false},"featured_media":30261,"comment_status":"open","ping_status":"closed","template":"","meta":[],"product_brand":[],"product_cat":[124,187,190,189,213],"product_tag":[274,3320,2867,616,279,3323,375,3324,465,3319,278,245,3321,1320,468,1404,643,1206,466,398,1899,3322,2342,467],"class_list":{"0":"post-30253","1":"product","2":"type-product","3":"status-publish","4":"has-post-thumbnail","6":"product_cat-3o-ano","7":"product_cat-atividades-interativas-3-ano","8":"product_cat-ciencias-3-ano","9":"product_cat-portugues-3-ano","10":"product_cat-recursos-didaticos-3-ano","11":"product_tag-3o-ano","12":"product_tag-alfabetizacao-cientifica","13":"product_tag-atividades-de-leitura","14":"product_tag-atividades-escolares","15":"product_tag-atividades-interativas","16":"product_tag-bichos-e-natureza","17":"product_tag-bncc","18":"product_tag-ciclo-da-mosca","19":"product_tag-ciclo-da-vida","20":"product_tag-ciclo-de-vida-das-moscas","21":"product_tag-ciencias","22":"product_tag-ensino-fundamental","23":"product_tag-insetos","24":"product_tag-leitura-e-interpretacao","25":"product_tag-literatura","26":"product_tag-literatura-infantil","27":"product_tag-material-pedagogico","28":"product_tag-meio-ambiente","29":"product_tag-o-bichinho-da-maca","30":"product_tag-plano-de-aula","31":"product_tag-projeto-interdisciplinar","32":"product_tag-recursos-visuais","33":"product_tag-texto-educativo","34":"product_tag-ziraldo","36":"first","37":"instock","38":"downloadable","39":"virtual","40":"sold-individually","41":"purchasable","42":"product-type-simple"},"yoast_head":"<!-- This site is optimized with the Yoast SEO plugin v27.5 - https:\/\/yoast.com\/product\/yoast-seo-wordpress\/ -->\n<title>O Bichinho da Ma\u00e7\u00e3: Ciclo de Vida das Moscas e Atividades Interativas - Loja SOS Professor Atividades<\/title>\n<meta name=\"description\" content=\"\u201cO Bichinho da Ma\u00e7\u00e3\u201d, inspirado em Ziraldo. Inclui texto, atividades interativas e recursos visuais para aulas criativas e envolventes!\" \/>\n<meta name=\"robots\" content=\"index, follow, max-snippet:-1, max-image-preview:large, max-video-preview:-1\" \/>\n<link rel=\"canonical\" href=\"https:\/\/lojasosprofessoratividades.com.br\/en\/product\/o-bichinho-da-maca-ciclo-de-vida-das-moscas-e-atividades-interativas\/\" \/>\n<meta property=\"og:locale\" content=\"en_US\" \/>\n<meta property=\"og:type\" content=\"article\" \/>\n<meta property=\"og:title\" content=\"O Bichinho da Ma\u00e7\u00e3: Ciclo de Vida das Moscas e Atividades Interativas - Loja SOS Professor Atividades\" \/>\n<meta property=\"og:description\" content=\"\u201cO Bichinho da Ma\u00e7\u00e3\u201d, inspirado em Ziraldo. Inclui texto, atividades interativas e recursos visuais para aulas criativas e envolventes!\" \/>\n<meta property=\"og:url\" content=\"https:\/\/lojasosprofessoratividades.com.br\/en\/product\/o-bichinho-da-maca-ciclo-de-vida-das-moscas-e-atividades-interativas\/\" \/>\n<meta property=\"og:site_name\" content=\"Loja SOS Professor Atividades\" \/>\n<meta property=\"article:publisher\" content=\"https:\/\/www.facebook.com\/sosprofessoratividades\" \/>\n<meta property=\"article:modified_time\" content=\"2026-05-08T19:09:05+00:00\" \/>\n<meta property=\"og:image\" content=\"https:\/\/lojasosprofessoratividades.com.br\/wp-content\/uploads\/2024\/04\/O-bichinho-da-maca-ciclo-1.jpg\" \/>\n\t<meta property=\"og:image:width\" content=\"800\" \/>\n\t<meta property=\"og:image:height\" content=\"693\" \/>\n\t<meta property=\"og:image:type\" content=\"image\/jpeg\" \/>\n<meta name=\"twitter:card\" content=\"summary_large_image\" \/>\n<meta name=\"twitter:label1\" content=\"Est. reading time\" \/>\n\t<meta name=\"twitter:data1\" content=\"1 minute\" \/>\n<script type=\"application\/ld+json\" class=\"yoast-schema-graph\">{\"@context\":\"https:\\\/\\\/schema.org\",\"@graph\":[{\"@type\":\"WebPage\",\"@id\":\"https:\\\/\\\/lojasosprofessoratividades.com.br\\\/produto\\\/o-bichinho-da-maca-ciclo-de-vida-das-moscas-e-atividades-interativas\\\/\",\"url\":\"https:\\\/\\\/lojasosprofessoratividades.com.br\\\/produto\\\/o-bichinho-da-maca-ciclo-de-vida-das-moscas-e-atividades-interativas\\\/\",\"name\":\"O Bichinho da Ma\u00e7\u00e3: Ciclo de Vida das Moscas e Atividades Interativas - Loja SOS Professor Atividades\",\"isPartOf\":{\"@id\":\"https:\\\/\\\/lojasosprofessoratividades.com.br\\\/#website\"},\"primaryImageOfPage\":{\"@id\":\"https:\\\/\\\/lojasosprofessoratividades.com.br\\\/produto\\\/o-bichinho-da-maca-ciclo-de-vida-das-moscas-e-atividades-interativas\\\/#primaryimage\"},\"image\":{\"@id\":\"https:\\\/\\\/lojasosprofessoratividades.com.br\\\/produto\\\/o-bichinho-da-maca-ciclo-de-vida-das-moscas-e-atividades-interativas\\\/#primaryimage\"},\"thumbnailUrl\":\"https:\\\/\\\/lojasosprofessoratividades.com.br\\\/wp-content\\\/uploads\\\/2024\\\/04\\\/O-bichinho-da-maca-ciclo-1.jpg\",\"datePublished\":\"2024-04-11T21:02:49+00:00\",\"dateModified\":\"2026-05-08T19:09:05+00:00\",\"description\":\"\u201cO Bichinho da Ma\u00e7\u00e3\u201d, inspirado em Ziraldo. Inclui texto, atividades interativas e recursos visuais para aulas criativas e envolventes!\",\"breadcrumb\":{\"@id\":\"https:\\\/\\\/lojasosprofessoratividades.com.br\\\/produto\\\/o-bichinho-da-maca-ciclo-de-vida-das-moscas-e-atividades-interativas\\\/#breadcrumb\"},\"inLanguage\":\"en-US\",\"potentialAction\":[{\"@type\":\"ReadAction\",\"target\":[\"https:\\\/\\\/lojasosprofessoratividades.com.br\\\/produto\\\/o-bichinho-da-maca-ciclo-de-vida-das-moscas-e-atividades-interativas\\\/\"]}]},{\"@type\":\"ImageObject\",\"inLanguage\":\"en-US\",\"@id\":\"https:\\\/\\\/lojasosprofessoratividades.com.br\\\/produto\\\/o-bichinho-da-maca-ciclo-de-vida-das-moscas-e-atividades-interativas\\\/#primaryimage\",\"url\":\"https:\\\/\\\/lojasosprofessoratividades.com.br\\\/wp-content\\\/uploads\\\/2024\\\/04\\\/O-bichinho-da-maca-ciclo-1.jpg\",\"contentUrl\":\"https:\\\/\\\/lojasosprofessoratividades.com.br\\\/wp-content\\\/uploads\\\/2024\\\/04\\\/O-bichinho-da-maca-ciclo-1.jpg\",\"width\":800,\"height\":693,\"caption\":\"O Bichinho da Ma\u00e7\u00e3: Ciclo de Vida das Moscas e Atividades Interativas\"},{\"@type\":\"BreadcrumbList\",\"@id\":\"https:\\\/\\\/lojasosprofessoratividades.com.br\\\/produto\\\/o-bichinho-da-maca-ciclo-de-vida-das-moscas-e-atividades-interativas\\\/#breadcrumb\",\"itemListElement\":[{\"@type\":\"ListItem\",\"position\":1,\"name\":\"In\u00edcio\",\"item\":\"https:\\\/\\\/lojasosprofessoratividades.com.br\\\/\"},{\"@type\":\"ListItem\",\"position\":2,\"name\":\"Loja\",\"item\":\"https:\\\/\\\/lojasosprofessoratividades.com.br\\\/loja\\\/\"},{\"@type\":\"ListItem\",\"position\":3,\"name\":\"O Bichinho da Ma\u00e7\u00e3: Ciclo de Vida das Moscas e Atividades Interativas\"}]},{\"@type\":\"WebSite\",\"@id\":\"https:\\\/\\\/lojasosprofessoratividades.com.br\\\/#website\",\"url\":\"https:\\\/\\\/lojasosprofessoratividades.com.br\\\/\",\"name\":\"Loja SOS Professor Atividades\",\"description\":\"Venda de material did\u00e1tico para o ensino fundamental\",\"publisher\":{\"@id\":\"https:\\\/\\\/lojasosprofessoratividades.com.br\\\/#organization\"},\"potentialAction\":[{\"@type\":\"SearchAction\",\"target\":{\"@type\":\"EntryPoint\",\"urlTemplate\":\"https:\\\/\\\/lojasosprofessoratividades.com.br\\\/?s={search_term_string}\"},\"query-input\":{\"@type\":\"PropertyValueSpecification\",\"valueRequired\":true,\"valueName\":\"search_term_string\"}}],\"inLanguage\":\"en-US\"},{\"@type\":\"Organization\",\"@id\":\"https:\\\/\\\/lojasosprofessoratividades.com.br\\\/#organization\",\"name\":\"Loja SOS Professor Atividades\",\"url\":\"https:\\\/\\\/lojasosprofessoratividades.com.br\\\/\",\"logo\":{\"@type\":\"ImageObject\",\"inLanguage\":\"en-US\",\"@id\":\"https:\\\/\\\/lojasosprofessoratividades.com.br\\\/#\\\/schema\\\/logo\\\/image\\\/\",\"url\":\"http:\\\/\\\/lojasosprofessoratividades.com.br\\\/wp-content\\\/uploads\\\/2022\\\/04\\\/Logo.png\",\"contentUrl\":\"http:\\\/\\\/lojasosprofessoratividades.com.br\\\/wp-content\\\/uploads\\\/2022\\\/04\\\/Logo.png\",\"width\":2000,\"height\":2000,\"caption\":\"Loja SOS Professor Atividades\"},\"image\":{\"@id\":\"https:\\\/\\\/lojasosprofessoratividades.com.br\\\/#\\\/schema\\\/logo\\\/image\\\/\"},\"sameAs\":[\"https:\\\/\\\/www.facebook.com\\\/sosprofessoratividades\",\"https:\\\/\\\/www.instagram.com\\\/sosprofessoratividades\\\/\"]}]}<\/script>\n<!-- \/ Yoast SEO plugin. -->","yoast_head_json":{"title":"O Bichinho da Ma\u00e7\u00e3: Ciclo de Vida das Moscas e Atividades Interativas - Loja SOS Professor Atividades","description":"\u201cO Bichinho da Ma\u00e7\u00e3\u201d, inspirado em Ziraldo. Inclui texto, atividades interativas e recursos visuais para aulas criativas e envolventes!","robots":{"index":"index","follow":"follow","max-snippet":"max-snippet:-1","max-image-preview":"max-image-preview:large","max-video-preview":"max-video-preview:-1"},"canonical":"https:\/\/lojasosprofessoratividades.com.br\/en\/product\/o-bichinho-da-maca-ciclo-de-vida-das-moscas-e-atividades-interativas\/","og_locale":"en_US","og_type":"article","og_title":"O Bichinho da Ma\u00e7\u00e3: Ciclo de Vida das Moscas e Atividades Interativas - Loja SOS Professor Atividades","og_description":"\u201cO Bichinho da Ma\u00e7\u00e3\u201d, inspirado em Ziraldo. Inclui texto, atividades interativas e recursos visuais para aulas criativas e envolventes!","og_url":"https:\/\/lojasosprofessoratividades.com.br\/en\/product\/o-bichinho-da-maca-ciclo-de-vida-das-moscas-e-atividades-interativas\/","og_site_name":"Loja SOS Professor Atividades","article_publisher":"https:\/\/www.facebook.com\/sosprofessoratividades","article_modified_time":"2026-05-08T19:09:05+00:00","og_image":[{"width":800,"height":693,"url":"https:\/\/lojasosprofessoratividades.com.br\/wp-content\/uploads\/2024\/04\/O-bichinho-da-maca-ciclo-1.jpg","type":"image\/jpeg"}],"twitter_card":"summary_large_image","twitter_misc":{"Est. reading time":"1 minute"},"schema":{"@context":"https:\/\/schema.org","@graph":[{"@type":"WebPage","@id":"https:\/\/lojasosprofessoratividades.com.br\/produto\/o-bichinho-da-maca-ciclo-de-vida-das-moscas-e-atividades-interativas\/","url":"https:\/\/lojasosprofessoratividades.com.br\/produto\/o-bichinho-da-maca-ciclo-de-vida-das-moscas-e-atividades-interativas\/","name":"O Bichinho da Ma\u00e7\u00e3: Ciclo de Vida das Moscas e Atividades Interativas - Loja SOS Professor Atividades","isPartOf":{"@id":"https:\/\/lojasosprofessoratividades.com.br\/#website"},"primaryImageOfPage":{"@id":"https:\/\/lojasosprofessoratividades.com.br\/produto\/o-bichinho-da-maca-ciclo-de-vida-das-moscas-e-atividades-interativas\/#primaryimage"},"image":{"@id":"https:\/\/lojasosprofessoratividades.com.br\/produto\/o-bichinho-da-maca-ciclo-de-vida-das-moscas-e-atividades-interativas\/#primaryimage"},"thumbnailUrl":"https:\/\/lojasosprofessoratividades.com.br\/wp-content\/uploads\/2024\/04\/O-bichinho-da-maca-ciclo-1.jpg","datePublished":"2024-04-11T21:02:49+00:00","dateModified":"2026-05-08T19:09:05+00:00","description":"\u201cO Bichinho da Ma\u00e7\u00e3\u201d, inspirado em Ziraldo. Inclui texto, atividades interativas e recursos visuais para aulas criativas e envolventes!","breadcrumb":{"@id":"https:\/\/lojasosprofessoratividades.com.br\/produto\/o-bichinho-da-maca-ciclo-de-vida-das-moscas-e-atividades-interativas\/#breadcrumb"},"inLanguage":"en-US","potentialAction":[{"@type":"ReadAction","target":["https:\/\/lojasosprofessoratividades.com.br\/produto\/o-bichinho-da-maca-ciclo-de-vida-das-moscas-e-atividades-interativas\/"]}]},{"@type":"ImageObject","inLanguage":"en-US","@id":"https:\/\/lojasosprofessoratividades.com.br\/produto\/o-bichinho-da-maca-ciclo-de-vida-das-moscas-e-atividades-interativas\/#primaryimage","url":"https:\/\/lojasosprofessoratividades.com.br\/wp-content\/uploads\/2024\/04\/O-bichinho-da-maca-ciclo-1.jpg","contentUrl":"https:\/\/lojasosprofessoratividades.com.br\/wp-content\/uploads\/2024\/04\/O-bichinho-da-maca-ciclo-1.jpg","width":800,"height":693,"caption":"O Bichinho da Ma\u00e7\u00e3: Ciclo de Vida das Moscas e Atividades Interativas"},{"@type":"BreadcrumbList","@id":"https:\/\/lojasosprofessoratividades.com.br\/produto\/o-bichinho-da-maca-ciclo-de-vida-das-moscas-e-atividades-interativas\/#breadcrumb","itemListElement":[{"@type":"ListItem","position":1,"name":"In\u00edcio","item":"https:\/\/lojasosprofessoratividades.com.br\/"},{"@type":"ListItem","position":2,"name":"Loja","item":"https:\/\/lojasosprofessoratividades.com.br\/loja\/"},{"@type":"ListItem","position":3,"name":"O Bichinho da Ma\u00e7\u00e3: Ciclo de Vida das Moscas e Atividades Interativas"}]},{"@type":"WebSite","@id":"https:\/\/lojasosprofessoratividades.com.br\/#website","url":"https:\/\/lojasosprofessoratividades.com.br\/","name":"Loja SOS Professor Atividades","description":"Venda de material did\u00e1tico para o ensino fundamental","publisher":{"@id":"https:\/\/lojasosprofessoratividades.com.br\/#organization"},"potentialAction":[{"@type":"SearchAction","target":{"@type":"EntryPoint","urlTemplate":"https:\/\/lojasosprofessoratividades.com.br\/?s={search_term_string}"},"query-input":{"@type":"PropertyValueSpecification","valueRequired":true,"valueName":"search_term_string"}}],"inLanguage":"en-US"},{"@type":"Organization","@id":"https:\/\/lojasosprofessoratividades.com.br\/#organization","name":"Loja SOS Professor Atividades","url":"https:\/\/lojasosprofessoratividades.com.br\/","logo":{"@type":"ImageObject","inLanguage":"en-US","@id":"https:\/\/lojasosprofessoratividades.com.br\/#\/schema\/logo\/image\/","url":"http:\/\/lojasosprofessoratividades.com.br\/wp-content\/uploads\/2022\/04\/Logo.png","contentUrl":"http:\/\/lojasosprofessoratividades.com.br\/wp-content\/uploads\/2022\/04\/Logo.png","width":2000,"height":2000,"caption":"Loja SOS Professor Atividades"},"image":{"@id":"https:\/\/lojasosprofessoratividades.com.br\/#\/schema\/logo\/image\/"},"sameAs":["https:\/\/www.facebook.com\/sosprofessoratividades","https:\/\/www.instagram.com\/sosprofessoratividades\/"]}]}},"_links":{"self":[{"href":"https:\/\/lojasosprofessoratividades.com.br\/en\/wp-json\/wp\/v2\/product\/30253","targetHints":{"allow":["GET"]}}],"collection":[{"href":"https:\/\/lojasosprofessoratividades.com.br\/en\/wp-json\/wp\/v2\/product"}],"about":[{"href":"https:\/\/lojasosprofessoratividades.com.br\/en\/wp-json\/wp\/v2\/types\/product"}],"replies":[{"embeddable":true,"href":"https:\/\/lojasosprofessoratividades.com.br\/en\/wp-json\/wp\/v2\/comments?post=30253"}],"wp:featuredmedia":[{"embeddable":true,"href":"https:\/\/lojasosprofessoratividades.com.br\/en\/wp-json\/wp\/v2\/media\/30261"}],"wp:attachment":[{"href":"https:\/\/lojasosprofessoratividades.com.br\/en\/wp-json\/wp\/v2\/media?parent=30253"}],"wp:term":[{"taxonomy":"product_brand","embeddable":true,"href":"https:\/\/lojasosprofessoratividades.com.br\/en\/wp-json\/wp\/v2\/product_brand?post=30253"},{"taxonomy":"product_cat","embeddable":true,"href":"https:\/\/lojasosprofessoratividades.com.br\/en\/wp-json\/wp\/v2\/product_cat?post=30253"},{"taxonomy":"product_tag","embeddable":true,"href":"https:\/\/lojasosprofessoratividades.com.br\/en\/wp-json\/wp\/v2\/product_tag?post=30253"}],"curies":[{"name":"wp","href":"https:\/\/api.w.org\/{rel}","templated":true}]}}