{"id":30304,"date":"2024-04-15T17:59:03","date_gmt":"2024-04-15T20:59:03","guid":{"rendered":"https:\/\/lojasosprofessoratividades.com.br\/?post_type=product&#038;p=30304"},"modified":"2026-05-08T16:09:24","modified_gmt":"2026-05-08T19:09:24","slug":"rosa-dos-ventos-orientacao-espacial","status":"publish","type":"product","link":"https:\/\/lojasosprofessoratividades.com.br\/en\/product\/rosa-dos-ventos-orientacao-espacial\/","title":{"rendered":"Rosa dos ventos &#8211; Orienta\u00e7\u00e3o espacial"},"content":{"rendered":"","protected":false},"excerpt":{"rendered":"<p>Desperte o interesse de seus alunos pela orienta\u00e7\u00e3o espacial com o incr\u00edvel arquivo &#8220;Rosa dos Ventos &#8211; Orienta\u00e7\u00e3o Espacial&#8221;!<\/p>\n<p>\ud83d\udcdd Este arquivo cont\u00e9m um texto informativo completo sobre os pontos cardeais e colaterais, proporcionando uma base s\u00f3lida para o entendimento dos conceitos fundamentais de dire\u00e7\u00e3o.<\/p>\n<p>\ud83d\udca1 Al\u00e9m disso, oferecemos atividades interativas envolventes, que ajudar\u00e3o seus alunos a aplicar o conhecimento adquirido de maneira pr\u00e1tica e estimulante.<\/p>\n<p>\ud83d\udd0d N\u00e3o se preocupe com a corre\u00e7\u00e3o! Fornecemos um gabarito detalhado para que voc\u00ea possa avaliar o progresso de seus alunos de forma eficaz.<\/p>\n<p>\ud83c\udf10 E como b\u00f4nus, inclu\u00edmos um modelo 3D de orienta\u00e7\u00e3o espacial, que tornar\u00e1 o aprendizado ainda mais tang\u00edvel e memor\u00e1vel.<\/p>\n<p>\ud83d\udc69\u200d\ud83c\udfeb Prepare-se para transformar suas aulas de geografia em experi\u00eancias educativas inesquec\u00edveis!<\/p>\n<p>\ud83d\udce5 Adquira o arquivo &#8220;Rosa dos Ventos &#8211; Orienta\u00e7\u00e3o Espacial&#8221; e leve o ensino da orienta\u00e7\u00e3o espacial para um novo patamar!<\/p>\n<p><em><strong>N\u00e3o<\/strong><\/em> edit\u00e1vel.<\/p>\n<h3>N\u00e3o enviamos por e-mail, a entrega \u00e9 via link para download. \ud83d\udc47<\/h3>\n<p><img loading=\"lazy\" decoding=\"async\" class=\"alignnone wp-image-38009 size-full\" src=\"https:\/\/lojasosprofessoratividades.com.br\/wp-content\/uploads\/2026\/02\/Como-baixar-2.jpg\" alt=\"\" width=\"446\" height=\"251\" srcset=\"https:\/\/lojasosprofessoratividades.com.br\/wp-content\/uploads\/2026\/02\/Como-baixar-2.jpg 446w, https:\/\/lojasosprofessoratividades.com.br\/wp-content\/uploads\/2026\/02\/Como-baixar-2-300x169.jpg 300w, https:\/\/lojasosprofessoratividades.com.br\/wp-content\/uploads\/2026\/02\/Como-baixar-2-18x10.jpg 18w\" sizes=\"auto, (max-width: 446px) 100vw, 446px\" \/><\/p>","protected":false},"featured_media":30305,"comment_status":"open","ping_status":"closed","template":"","meta":[],"product_brand":[],"product_cat":[125,191,193],"product_tag":[253,279,293,476,475,474],"class_list":{"0":"post-30304","1":"product","2":"type-product","3":"status-publish","4":"has-post-thumbnail","6":"product_cat-4o-ano","7":"product_cat-atividades-interativas-4-ano","8":"product_cat-geografia-4-ano","9":"product_tag-4o-ano","10":"product_tag-atividades-interativas","11":"product_tag-geografia","12":"product_tag-orientacao-espacial","13":"product_tag-pontos-cardeais-e-colaterais","14":"product_tag-rosa-dos-ventos","16":"first","17":"instock","18":"downloadable","19":"virtual","20":"sold-individually","21":"purchasable","22":"product-type-simple"},"yoast_head":"<!-- This site is optimized with the Yoast SEO plugin v27.6 - https:\/\/yoast.com\/product\/yoast-seo-wordpress\/ -->\n<title>Rosa dos ventos - Orienta\u00e7\u00e3o espacial - Loja SOS Professor Atividades<\/title>\n<meta name=\"description\" content=\"Rosa dos Ventos: atividades de orienta\u00e7\u00e3o espacial para Fundamental 1 com pontos cardeais e colaterais, exerc\u00edcios, gabarito e modelo 3D pronto.\" \/>\n<meta name=\"robots\" content=\"index, follow, max-snippet:-1, max-image-preview:large, max-video-preview:-1\" \/>\n<link rel=\"canonical\" href=\"https:\/\/lojasosprofessoratividades.com.br\/en\/product\/rosa-dos-ventos-orientacao-espacial\/\" \/>\n<meta property=\"og:locale\" content=\"en_US\" \/>\n<meta property=\"og:type\" content=\"article\" \/>\n<meta property=\"og:title\" content=\"Rosa dos ventos - Orienta\u00e7\u00e3o espacial - Loja SOS Professor Atividades\" \/>\n<meta property=\"og:description\" content=\"Rosa dos Ventos: atividades de orienta\u00e7\u00e3o espacial para Fundamental 1 com pontos cardeais e colaterais, exerc\u00edcios, gabarito e modelo 3D pronto.\" \/>\n<meta property=\"og:url\" content=\"https:\/\/lojasosprofessoratividades.com.br\/en\/product\/rosa-dos-ventos-orientacao-espacial\/\" \/>\n<meta property=\"og:site_name\" content=\"Loja SOS Professor Atividades\" \/>\n<meta property=\"article:publisher\" content=\"https:\/\/www.facebook.com\/sosprofessoratividades\" \/>\n<meta property=\"article:modified_time\" content=\"2026-05-08T19:09:24+00:00\" \/>\n<meta property=\"og:image\" content=\"https:\/\/lojasosprofessoratividades.com.br\/wp-content\/uploads\/2024\/04\/Rosa-dos-ventos-1.jpg\" \/>\n\t<meta property=\"og:image:width\" content=\"2048\" \/>\n\t<meta property=\"og:image:height\" content=\"2048\" \/>\n\t<meta property=\"og:image:type\" content=\"image\/jpeg\" \/>\n<meta name=\"twitter:card\" content=\"summary_large_image\" \/>\n<meta name=\"twitter:label1\" content=\"Est. reading time\" \/>\n\t<meta name=\"twitter:data1\" content=\"1 minute\" \/>\n<script type=\"application\/ld+json\" class=\"yoast-schema-graph\">{\"@context\":\"https:\\\/\\\/schema.org\",\"@graph\":[{\"@type\":\"WebPage\",\"@id\":\"https:\\\/\\\/lojasosprofessoratividades.com.br\\\/produto\\\/rosa-dos-ventos-orientacao-espacial\\\/\",\"url\":\"https:\\\/\\\/lojasosprofessoratividades.com.br\\\/produto\\\/rosa-dos-ventos-orientacao-espacial\\\/\",\"name\":\"Rosa dos ventos - Orienta\u00e7\u00e3o espacial - Loja SOS Professor Atividades\",\"isPartOf\":{\"@id\":\"https:\\\/\\\/lojasosprofessoratividades.com.br\\\/#website\"},\"primaryImageOfPage\":{\"@id\":\"https:\\\/\\\/lojasosprofessoratividades.com.br\\\/produto\\\/rosa-dos-ventos-orientacao-espacial\\\/#primaryimage\"},\"image\":{\"@id\":\"https:\\\/\\\/lojasosprofessoratividades.com.br\\\/produto\\\/rosa-dos-ventos-orientacao-espacial\\\/#primaryimage\"},\"thumbnailUrl\":\"https:\\\/\\\/lojasosprofessoratividades.com.br\\\/wp-content\\\/uploads\\\/2024\\\/04\\\/Rosa-dos-ventos-1.jpg\",\"datePublished\":\"2024-04-15T20:59:03+00:00\",\"dateModified\":\"2026-05-08T19:09:24+00:00\",\"description\":\"Rosa dos Ventos: atividades de orienta\u00e7\u00e3o espacial para Fundamental 1 com pontos cardeais e colaterais, exerc\u00edcios, gabarito e modelo 3D pronto.\",\"breadcrumb\":{\"@id\":\"https:\\\/\\\/lojasosprofessoratividades.com.br\\\/produto\\\/rosa-dos-ventos-orientacao-espacial\\\/#breadcrumb\"},\"inLanguage\":\"en-US\",\"potentialAction\":[{\"@type\":\"ReadAction\",\"target\":[\"https:\\\/\\\/lojasosprofessoratividades.com.br\\\/produto\\\/rosa-dos-ventos-orientacao-espacial\\\/\"]}]},{\"@type\":\"ImageObject\",\"inLanguage\":\"en-US\",\"@id\":\"https:\\\/\\\/lojasosprofessoratividades.com.br\\\/produto\\\/rosa-dos-ventos-orientacao-espacial\\\/#primaryimage\",\"url\":\"https:\\\/\\\/lojasosprofessoratividades.com.br\\\/wp-content\\\/uploads\\\/2024\\\/04\\\/Rosa-dos-ventos-1.jpg\",\"contentUrl\":\"https:\\\/\\\/lojasosprofessoratividades.com.br\\\/wp-content\\\/uploads\\\/2024\\\/04\\\/Rosa-dos-ventos-1.jpg\",\"width\":2048,\"height\":2048,\"caption\":\"Rosa dos ventos\"},{\"@type\":\"BreadcrumbList\",\"@id\":\"https:\\\/\\\/lojasosprofessoratividades.com.br\\\/produto\\\/rosa-dos-ventos-orientacao-espacial\\\/#breadcrumb\",\"itemListElement\":[{\"@type\":\"ListItem\",\"position\":1,\"name\":\"In\u00edcio\",\"item\":\"https:\\\/\\\/lojasosprofessoratividades.com.br\\\/\"},{\"@type\":\"ListItem\",\"position\":2,\"name\":\"Loja\",\"item\":\"https:\\\/\\\/lojasosprofessoratividades.com.br\\\/loja\\\/\"},{\"@type\":\"ListItem\",\"position\":3,\"name\":\"Rosa dos ventos &#8211; Orienta\u00e7\u00e3o espacial\"}]},{\"@type\":\"WebSite\",\"@id\":\"https:\\\/\\\/lojasosprofessoratividades.com.br\\\/#website\",\"url\":\"https:\\\/\\\/lojasosprofessoratividades.com.br\\\/\",\"name\":\"Loja SOS Professor Atividades\",\"description\":\"Venda de material did\u00e1tico para o ensino fundamental\",\"publisher\":{\"@id\":\"https:\\\/\\\/lojasosprofessoratividades.com.br\\\/#organization\"},\"potentialAction\":[{\"@type\":\"SearchAction\",\"target\":{\"@type\":\"EntryPoint\",\"urlTemplate\":\"https:\\\/\\\/lojasosprofessoratividades.com.br\\\/?s={search_term_string}\"},\"query-input\":{\"@type\":\"PropertyValueSpecification\",\"valueRequired\":true,\"valueName\":\"search_term_string\"}}],\"inLanguage\":\"en-US\"},{\"@type\":\"Organization\",\"@id\":\"https:\\\/\\\/lojasosprofessoratividades.com.br\\\/#organization\",\"name\":\"Loja SOS Professor Atividades\",\"url\":\"https:\\\/\\\/lojasosprofessoratividades.com.br\\\/\",\"logo\":{\"@type\":\"ImageObject\",\"inLanguage\":\"en-US\",\"@id\":\"https:\\\/\\\/lojasosprofessoratividades.com.br\\\/#\\\/schema\\\/logo\\\/image\\\/\",\"url\":\"http:\\\/\\\/lojasosprofessoratividades.com.br\\\/wp-content\\\/uploads\\\/2022\\\/04\\\/Logo.png\",\"contentUrl\":\"http:\\\/\\\/lojasosprofessoratividades.com.br\\\/wp-content\\\/uploads\\\/2022\\\/04\\\/Logo.png\",\"width\":2000,\"height\":2000,\"caption\":\"Loja SOS Professor Atividades\"},\"image\":{\"@id\":\"https:\\\/\\\/lojasosprofessoratividades.com.br\\\/#\\\/schema\\\/logo\\\/image\\\/\"},\"sameAs\":[\"https:\\\/\\\/www.facebook.com\\\/sosprofessoratividades\",\"https:\\\/\\\/www.instagram.com\\\/sosprofessoratividades\\\/\"]}]}<\/script>\n<!-- \/ Yoast SEO plugin. -->","yoast_head_json":{"title":"Rosa dos ventos - Orienta\u00e7\u00e3o espacial - Loja SOS Professor Atividades","description":"Rosa dos Ventos: atividades de orienta\u00e7\u00e3o espacial para Fundamental 1 com pontos cardeais e colaterais, exerc\u00edcios, gabarito e modelo 3D pronto.","robots":{"index":"index","follow":"follow","max-snippet":"max-snippet:-1","max-image-preview":"max-image-preview:large","max-video-preview":"max-video-preview:-1"},"canonical":"https:\/\/lojasosprofessoratividades.com.br\/en\/product\/rosa-dos-ventos-orientacao-espacial\/","og_locale":"en_US","og_type":"article","og_title":"Rosa dos ventos - Orienta\u00e7\u00e3o espacial - Loja SOS Professor Atividades","og_description":"Rosa dos Ventos: atividades de orienta\u00e7\u00e3o espacial para Fundamental 1 com pontos cardeais e colaterais, exerc\u00edcios, gabarito e modelo 3D pronto.","og_url":"https:\/\/lojasosprofessoratividades.com.br\/en\/product\/rosa-dos-ventos-orientacao-espacial\/","og_site_name":"Loja SOS Professor Atividades","article_publisher":"https:\/\/www.facebook.com\/sosprofessoratividades","article_modified_time":"2026-05-08T19:09:24+00:00","og_image":[{"width":2048,"height":2048,"url":"https:\/\/lojasosprofessoratividades.com.br\/wp-content\/uploads\/2024\/04\/Rosa-dos-ventos-1.jpg","type":"image\/jpeg"}],"twitter_card":"summary_large_image","twitter_misc":{"Est. reading time":"1 minute"},"schema":{"@context":"https:\/\/schema.org","@graph":[{"@type":"WebPage","@id":"https:\/\/lojasosprofessoratividades.com.br\/produto\/rosa-dos-ventos-orientacao-espacial\/","url":"https:\/\/lojasosprofessoratividades.com.br\/produto\/rosa-dos-ventos-orientacao-espacial\/","name":"Rosa dos ventos - Orienta\u00e7\u00e3o espacial - Loja SOS Professor Atividades","isPartOf":{"@id":"https:\/\/lojasosprofessoratividades.com.br\/#website"},"primaryImageOfPage":{"@id":"https:\/\/lojasosprofessoratividades.com.br\/produto\/rosa-dos-ventos-orientacao-espacial\/#primaryimage"},"image":{"@id":"https:\/\/lojasosprofessoratividades.com.br\/produto\/rosa-dos-ventos-orientacao-espacial\/#primaryimage"},"thumbnailUrl":"https:\/\/lojasosprofessoratividades.com.br\/wp-content\/uploads\/2024\/04\/Rosa-dos-ventos-1.jpg","datePublished":"2024-04-15T20:59:03+00:00","dateModified":"2026-05-08T19:09:24+00:00","description":"Rosa dos Ventos: atividades de orienta\u00e7\u00e3o espacial para Fundamental 1 com pontos cardeais e colaterais, exerc\u00edcios, gabarito e modelo 3D pronto.","breadcrumb":{"@id":"https:\/\/lojasosprofessoratividades.com.br\/produto\/rosa-dos-ventos-orientacao-espacial\/#breadcrumb"},"inLanguage":"en-US","potentialAction":[{"@type":"ReadAction","target":["https:\/\/lojasosprofessoratividades.com.br\/produto\/rosa-dos-ventos-orientacao-espacial\/"]}]},{"@type":"ImageObject","inLanguage":"en-US","@id":"https:\/\/lojasosprofessoratividades.com.br\/produto\/rosa-dos-ventos-orientacao-espacial\/#primaryimage","url":"https:\/\/lojasosprofessoratividades.com.br\/wp-content\/uploads\/2024\/04\/Rosa-dos-ventos-1.jpg","contentUrl":"https:\/\/lojasosprofessoratividades.com.br\/wp-content\/uploads\/2024\/04\/Rosa-dos-ventos-1.jpg","width":2048,"height":2048,"caption":"Rosa dos ventos"},{"@type":"BreadcrumbList","@id":"https:\/\/lojasosprofessoratividades.com.br\/produto\/rosa-dos-ventos-orientacao-espacial\/#breadcrumb","itemListElement":[{"@type":"ListItem","position":1,"name":"In\u00edcio","item":"https:\/\/lojasosprofessoratividades.com.br\/"},{"@type":"ListItem","position":2,"name":"Loja","item":"https:\/\/lojasosprofessoratividades.com.br\/loja\/"},{"@type":"ListItem","position":3,"name":"Rosa dos ventos &#8211; Orienta\u00e7\u00e3o espacial"}]},{"@type":"WebSite","@id":"https:\/\/lojasosprofessoratividades.com.br\/#website","url":"https:\/\/lojasosprofessoratividades.com.br\/","name":"Loja SOS Professor Atividades","description":"Venda de material did\u00e1tico para o ensino fundamental","publisher":{"@id":"https:\/\/lojasosprofessoratividades.com.br\/#organization"},"potentialAction":[{"@type":"SearchAction","target":{"@type":"EntryPoint","urlTemplate":"https:\/\/lojasosprofessoratividades.com.br\/?s={search_term_string}"},"query-input":{"@type":"PropertyValueSpecification","valueRequired":true,"valueName":"search_term_string"}}],"inLanguage":"en-US"},{"@type":"Organization","@id":"https:\/\/lojasosprofessoratividades.com.br\/#organization","name":"Loja SOS Professor Atividades","url":"https:\/\/lojasosprofessoratividades.com.br\/","logo":{"@type":"ImageObject","inLanguage":"en-US","@id":"https:\/\/lojasosprofessoratividades.com.br\/#\/schema\/logo\/image\/","url":"http:\/\/lojasosprofessoratividades.com.br\/wp-content\/uploads\/2022\/04\/Logo.png","contentUrl":"http:\/\/lojasosprofessoratividades.com.br\/wp-content\/uploads\/2022\/04\/Logo.png","width":2000,"height":2000,"caption":"Loja SOS Professor Atividades"},"image":{"@id":"https:\/\/lojasosprofessoratividades.com.br\/#\/schema\/logo\/image\/"},"sameAs":["https:\/\/www.facebook.com\/sosprofessoratividades","https:\/\/www.instagram.com\/sosprofessoratividades\/"]}]}},"_links":{"self":[{"href":"https:\/\/lojasosprofessoratividades.com.br\/en\/wp-json\/wp\/v2\/product\/30304","targetHints":{"allow":["GET"]}}],"collection":[{"href":"https:\/\/lojasosprofessoratividades.com.br\/en\/wp-json\/wp\/v2\/product"}],"about":[{"href":"https:\/\/lojasosprofessoratividades.com.br\/en\/wp-json\/wp\/v2\/types\/product"}],"replies":[{"embeddable":true,"href":"https:\/\/lojasosprofessoratividades.com.br\/en\/wp-json\/wp\/v2\/comments?post=30304"}],"wp:featuredmedia":[{"embeddable":true,"href":"https:\/\/lojasosprofessoratividades.com.br\/en\/wp-json\/wp\/v2\/media\/30305"}],"wp:attachment":[{"href":"https:\/\/lojasosprofessoratividades.com.br\/en\/wp-json\/wp\/v2\/media?parent=30304"}],"wp:term":[{"taxonomy":"product_brand","embeddable":true,"href":"https:\/\/lojasosprofessoratividades.com.br\/en\/wp-json\/wp\/v2\/product_brand?post=30304"},{"taxonomy":"product_cat","embeddable":true,"href":"https:\/\/lojasosprofessoratividades.com.br\/en\/wp-json\/wp\/v2\/product_cat?post=30304"},{"taxonomy":"product_tag","embeddable":true,"href":"https:\/\/lojasosprofessoratividades.com.br\/en\/wp-json\/wp\/v2\/product_tag?post=30304"}],"curies":[{"name":"wp","href":"https:\/\/api.w.org\/{rel}","templated":true}]}}