{"id":30470,"date":"2024-04-30T17:36:11","date_gmt":"2024-04-30T20:36:11","guid":{"rendered":"https:\/\/lojasosprofessoratividades.com.br\/?post_type=product&#038;p=30470"},"modified":"2026-05-08T16:09:39","modified_gmt":"2026-05-08T19:09:39","slug":"multiplicacao-de-numeros-naturais-propriedades-da-multiplicacao","status":"publish","type":"product","link":"https:\/\/lojasosprofessoratividades.com.br\/en\/product\/multiplicacao-de-numeros-naturais-propriedades-da-multiplicacao\/","title":{"rendered":"Multiplica\u00e7\u00e3o de n\u00fameros naturais (Propriedades da Multiplica\u00e7\u00e3o)"},"content":{"rendered":"","protected":false},"excerpt":{"rendered":"<p>Planejado para simplificar o ensino e a compreens\u00e3o dos conceitos fundamentais da multiplica\u00e7\u00e3o, este arquivo abrange tudo o que voc\u00ea precisa para envolver e inspirar seus alunos.<\/p>\n<p><strong>O que est\u00e1 incluso:<\/strong><\/p>\n<ol>\n<li><strong>Conceitos de Multiplica\u00e7\u00e3o<\/strong>: Explica\u00e7\u00e3o clara e acess\u00edveis para ajudar os alunos a compreender os fundamentos da multiplica\u00e7\u00e3o desde o in\u00edcio (adi\u00e7\u00e3o de parcelas iguais).<\/li>\n<li><strong>Propriedades da Multiplica\u00e7\u00e3o<\/strong>: Explore as propriedades essenciais da multiplica\u00e7\u00e3o de forma detalhada e pr\u00e1tica.<\/li>\n<li><strong>Atividades Engajadoras<\/strong>: Atividades prontas para usar, elaboradas para refor\u00e7ar os conceitos aprendidos.<\/li>\n<li><strong>Plano de Aula Flex\u00edvel<\/strong>: Um plano de aula abrangente para orient\u00e1-lo na implementa\u00e7\u00e3o eficaz do material, adapt\u00e1vel \u00e0s necessidades espec\u00edficas de sua turma.<\/li>\n<li><strong>Lembretes Conceituais para Cadernos dos Alunos<\/strong>: Recursos pr\u00e1ticos para os alunos revisarem e consolidarem o que aprenderam, facilitando a revis\u00e3o em casa.<\/li>\n<li><strong>Cartaz Ampliado em 4 Folhas A4<\/strong>: Um recurso visual que oferece uma refer\u00eancia visual clara e f\u00e1cil de entender para toda a turma.<\/li>\n<li><strong>Vers\u00f5es:<\/strong> Em cores e preto &amp; branco.<\/li>\n<\/ol>\n<p><em><strong>N\u00e3o<\/strong><\/em> edit\u00e1vel.<\/p>\n<p><em><strong>A entrega \u00e9 realizada via link para download.<\/strong><\/em><\/p>\n<p><img loading=\"lazy\" decoding=\"async\" class=\"alignnone wp-image-28858 size-full\" src=\"https:\/\/lojasosprofessoratividades.com.br\/wp-content\/uploads\/2024\/01\/aviso-novo-da-loja.png\" alt=\"\" width=\"446\" height=\"251\" srcset=\"https:\/\/lojasosprofessoratividades.com.br\/wp-content\/uploads\/2024\/01\/aviso-novo-da-loja.png 446w, https:\/\/lojasosprofessoratividades.com.br\/wp-content\/uploads\/2024\/01\/aviso-novo-da-loja-300x169.png 300w, https:\/\/lojasosprofessoratividades.com.br\/wp-content\/uploads\/2024\/01\/aviso-novo-da-loja-18x10.png 18w\" sizes=\"auto, (max-width: 446px) 100vw, 446px\" \/><\/p>","protected":false},"featured_media":30472,"comment_status":"open","ping_status":"closed","template":"","meta":[],"product_brand":[],"product_cat":[124,125,188,194],"product_tag":[340,485,484,483],"class_list":{"0":"post-30470","1":"product","2":"type-product","3":"status-publish","4":"has-post-thumbnail","6":"product_cat-3o-ano","7":"product_cat-4o-ano","8":"product_cat-matematica-3-ano","9":"product_cat-matematica-4-ano","10":"product_tag-cartaz","11":"product_tag-lembretes-conceituais","12":"product_tag-multiplicacao","13":"product_tag-propriedades-da-multiplicacao","15":"first","16":"instock","17":"downloadable","18":"virtual","19":"sold-individually","20":"purchasable","21":"product-type-simple"},"yoast_head":"<!-- This site is optimized with the Yoast SEO plugin v27.6 - https:\/\/yoast.com\/product\/yoast-seo-wordpress\/ -->\n<title>Multiplica\u00e7\u00e3o de n\u00fameros naturais (Propriedades da Multiplica\u00e7\u00e3o) - Loja SOS Professor Atividades<\/title>\n<meta name=\"description\" content=\"Descubra o arquivo essencial para professores: &#039;Multiplica\u00e7\u00e3o de N\u00fameros Naturais (Propriedades da Multiplica\u00e7\u00e3o). Explore conceitos, propriedades e atividades prontas para uma aprendizagem envolvente.\" \/>\n<meta name=\"robots\" content=\"index, follow, max-snippet:-1, max-image-preview:large, max-video-preview:-1\" \/>\n<link rel=\"canonical\" href=\"https:\/\/lojasosprofessoratividades.com.br\/en\/product\/multiplicacao-de-numeros-naturais-propriedades-da-multiplicacao\/\" \/>\n<meta property=\"og:locale\" content=\"en_US\" \/>\n<meta property=\"og:type\" content=\"article\" \/>\n<meta property=\"og:title\" content=\"Multiplica\u00e7\u00e3o de n\u00fameros naturais (Propriedades da Multiplica\u00e7\u00e3o) - Loja SOS Professor Atividades\" \/>\n<meta property=\"og:description\" content=\"Descubra o arquivo essencial para professores: &#039;Multiplica\u00e7\u00e3o de N\u00fameros Naturais (Propriedades da Multiplica\u00e7\u00e3o). Explore conceitos, propriedades e atividades prontas para uma aprendizagem envolvente.\" \/>\n<meta property=\"og:url\" content=\"https:\/\/lojasosprofessoratividades.com.br\/en\/product\/multiplicacao-de-numeros-naturais-propriedades-da-multiplicacao\/\" \/>\n<meta property=\"og:site_name\" content=\"Loja SOS Professor Atividades\" \/>\n<meta property=\"article:publisher\" content=\"https:\/\/www.facebook.com\/sosprofessoratividades\" \/>\n<meta property=\"article:modified_time\" content=\"2026-05-08T19:09:39+00:00\" \/>\n<meta property=\"og:image\" content=\"https:\/\/lojasosprofessoratividades.com.br\/wp-content\/uploads\/2024\/04\/Multiplicacao-de-numeros-naturais-1.jpg\" \/>\n\t<meta property=\"og:image:width\" content=\"800\" \/>\n\t<meta property=\"og:image:height\" content=\"693\" \/>\n\t<meta property=\"og:image:type\" content=\"image\/jpeg\" \/>\n<meta name=\"twitter:card\" content=\"summary_large_image\" \/>\n<meta name=\"twitter:label1\" content=\"Est. reading time\" \/>\n\t<meta name=\"twitter:data1\" content=\"1 minute\" \/>\n<script type=\"application\/ld+json\" class=\"yoast-schema-graph\">{\"@context\":\"https:\\\/\\\/schema.org\",\"@graph\":[{\"@type\":\"WebPage\",\"@id\":\"https:\\\/\\\/lojasosprofessoratividades.com.br\\\/produto\\\/multiplicacao-de-numeros-naturais-propriedades-da-multiplicacao\\\/\",\"url\":\"https:\\\/\\\/lojasosprofessoratividades.com.br\\\/produto\\\/multiplicacao-de-numeros-naturais-propriedades-da-multiplicacao\\\/\",\"name\":\"Multiplica\u00e7\u00e3o de n\u00fameros naturais (Propriedades da Multiplica\u00e7\u00e3o) - Loja SOS Professor Atividades\",\"isPartOf\":{\"@id\":\"https:\\\/\\\/lojasosprofessoratividades.com.br\\\/#website\"},\"primaryImageOfPage\":{\"@id\":\"https:\\\/\\\/lojasosprofessoratividades.com.br\\\/produto\\\/multiplicacao-de-numeros-naturais-propriedades-da-multiplicacao\\\/#primaryimage\"},\"image\":{\"@id\":\"https:\\\/\\\/lojasosprofessoratividades.com.br\\\/produto\\\/multiplicacao-de-numeros-naturais-propriedades-da-multiplicacao\\\/#primaryimage\"},\"thumbnailUrl\":\"https:\\\/\\\/lojasosprofessoratividades.com.br\\\/wp-content\\\/uploads\\\/2024\\\/04\\\/Multiplicacao-de-numeros-naturais-1.jpg\",\"datePublished\":\"2024-04-30T20:36:11+00:00\",\"dateModified\":\"2026-05-08T19:09:39+00:00\",\"description\":\"Descubra o arquivo essencial para professores: 'Multiplica\u00e7\u00e3o de N\u00fameros Naturais (Propriedades da Multiplica\u00e7\u00e3o). Explore conceitos, propriedades e atividades prontas para uma aprendizagem envolvente.\",\"breadcrumb\":{\"@id\":\"https:\\\/\\\/lojasosprofessoratividades.com.br\\\/produto\\\/multiplicacao-de-numeros-naturais-propriedades-da-multiplicacao\\\/#breadcrumb\"},\"inLanguage\":\"en-US\",\"potentialAction\":[{\"@type\":\"ReadAction\",\"target\":[\"https:\\\/\\\/lojasosprofessoratividades.com.br\\\/produto\\\/multiplicacao-de-numeros-naturais-propriedades-da-multiplicacao\\\/\"]}]},{\"@type\":\"ImageObject\",\"inLanguage\":\"en-US\",\"@id\":\"https:\\\/\\\/lojasosprofessoratividades.com.br\\\/produto\\\/multiplicacao-de-numeros-naturais-propriedades-da-multiplicacao\\\/#primaryimage\",\"url\":\"https:\\\/\\\/lojasosprofessoratividades.com.br\\\/wp-content\\\/uploads\\\/2024\\\/04\\\/Multiplicacao-de-numeros-naturais-1.jpg\",\"contentUrl\":\"https:\\\/\\\/lojasosprofessoratividades.com.br\\\/wp-content\\\/uploads\\\/2024\\\/04\\\/Multiplicacao-de-numeros-naturais-1.jpg\",\"width\":800,\"height\":693,\"caption\":\"Multiplica\u00e7\u00e3o de n\u00fameros naturais\"},{\"@type\":\"BreadcrumbList\",\"@id\":\"https:\\\/\\\/lojasosprofessoratividades.com.br\\\/produto\\\/multiplicacao-de-numeros-naturais-propriedades-da-multiplicacao\\\/#breadcrumb\",\"itemListElement\":[{\"@type\":\"ListItem\",\"position\":1,\"name\":\"In\u00edcio\",\"item\":\"https:\\\/\\\/lojasosprofessoratividades.com.br\\\/\"},{\"@type\":\"ListItem\",\"position\":2,\"name\":\"Loja\",\"item\":\"https:\\\/\\\/lojasosprofessoratividades.com.br\\\/loja\\\/\"},{\"@type\":\"ListItem\",\"position\":3,\"name\":\"Multiplica\u00e7\u00e3o de n\u00fameros naturais (Propriedades da Multiplica\u00e7\u00e3o)\"}]},{\"@type\":\"WebSite\",\"@id\":\"https:\\\/\\\/lojasosprofessoratividades.com.br\\\/#website\",\"url\":\"https:\\\/\\\/lojasosprofessoratividades.com.br\\\/\",\"name\":\"Loja SOS Professor Atividades\",\"description\":\"Venda de material did\u00e1tico para o ensino fundamental\",\"publisher\":{\"@id\":\"https:\\\/\\\/lojasosprofessoratividades.com.br\\\/#organization\"},\"potentialAction\":[{\"@type\":\"SearchAction\",\"target\":{\"@type\":\"EntryPoint\",\"urlTemplate\":\"https:\\\/\\\/lojasosprofessoratividades.com.br\\\/?s={search_term_string}\"},\"query-input\":{\"@type\":\"PropertyValueSpecification\",\"valueRequired\":true,\"valueName\":\"search_term_string\"}}],\"inLanguage\":\"en-US\"},{\"@type\":\"Organization\",\"@id\":\"https:\\\/\\\/lojasosprofessoratividades.com.br\\\/#organization\",\"name\":\"Loja SOS Professor Atividades\",\"url\":\"https:\\\/\\\/lojasosprofessoratividades.com.br\\\/\",\"logo\":{\"@type\":\"ImageObject\",\"inLanguage\":\"en-US\",\"@id\":\"https:\\\/\\\/lojasosprofessoratividades.com.br\\\/#\\\/schema\\\/logo\\\/image\\\/\",\"url\":\"http:\\\/\\\/lojasosprofessoratividades.com.br\\\/wp-content\\\/uploads\\\/2022\\\/04\\\/Logo.png\",\"contentUrl\":\"http:\\\/\\\/lojasosprofessoratividades.com.br\\\/wp-content\\\/uploads\\\/2022\\\/04\\\/Logo.png\",\"width\":2000,\"height\":2000,\"caption\":\"Loja SOS Professor Atividades\"},\"image\":{\"@id\":\"https:\\\/\\\/lojasosprofessoratividades.com.br\\\/#\\\/schema\\\/logo\\\/image\\\/\"},\"sameAs\":[\"https:\\\/\\\/www.facebook.com\\\/sosprofessoratividades\",\"https:\\\/\\\/www.instagram.com\\\/sosprofessoratividades\\\/\"]}]}<\/script>\n<!-- \/ Yoast SEO plugin. -->","yoast_head_json":{"title":"Multiplica\u00e7\u00e3o de n\u00fameros naturais (Propriedades da Multiplica\u00e7\u00e3o) - Loja SOS Professor Atividades","description":"Descubra o arquivo essencial para professores: 'Multiplica\u00e7\u00e3o de N\u00fameros Naturais (Propriedades da Multiplica\u00e7\u00e3o). Explore conceitos, propriedades e atividades prontas para uma aprendizagem envolvente.","robots":{"index":"index","follow":"follow","max-snippet":"max-snippet:-1","max-image-preview":"max-image-preview:large","max-video-preview":"max-video-preview:-1"},"canonical":"https:\/\/lojasosprofessoratividades.com.br\/en\/product\/multiplicacao-de-numeros-naturais-propriedades-da-multiplicacao\/","og_locale":"en_US","og_type":"article","og_title":"Multiplica\u00e7\u00e3o de n\u00fameros naturais (Propriedades da Multiplica\u00e7\u00e3o) - Loja SOS Professor Atividades","og_description":"Descubra o arquivo essencial para professores: 'Multiplica\u00e7\u00e3o de N\u00fameros Naturais (Propriedades da Multiplica\u00e7\u00e3o). Explore conceitos, propriedades e atividades prontas para uma aprendizagem envolvente.","og_url":"https:\/\/lojasosprofessoratividades.com.br\/en\/product\/multiplicacao-de-numeros-naturais-propriedades-da-multiplicacao\/","og_site_name":"Loja SOS Professor Atividades","article_publisher":"https:\/\/www.facebook.com\/sosprofessoratividades","article_modified_time":"2026-05-08T19:09:39+00:00","og_image":[{"width":800,"height":693,"url":"https:\/\/lojasosprofessoratividades.com.br\/wp-content\/uploads\/2024\/04\/Multiplicacao-de-numeros-naturais-1.jpg","type":"image\/jpeg"}],"twitter_card":"summary_large_image","twitter_misc":{"Est. reading time":"1 minute"},"schema":{"@context":"https:\/\/schema.org","@graph":[{"@type":"WebPage","@id":"https:\/\/lojasosprofessoratividades.com.br\/produto\/multiplicacao-de-numeros-naturais-propriedades-da-multiplicacao\/","url":"https:\/\/lojasosprofessoratividades.com.br\/produto\/multiplicacao-de-numeros-naturais-propriedades-da-multiplicacao\/","name":"Multiplica\u00e7\u00e3o de n\u00fameros naturais (Propriedades da Multiplica\u00e7\u00e3o) - Loja SOS Professor Atividades","isPartOf":{"@id":"https:\/\/lojasosprofessoratividades.com.br\/#website"},"primaryImageOfPage":{"@id":"https:\/\/lojasosprofessoratividades.com.br\/produto\/multiplicacao-de-numeros-naturais-propriedades-da-multiplicacao\/#primaryimage"},"image":{"@id":"https:\/\/lojasosprofessoratividades.com.br\/produto\/multiplicacao-de-numeros-naturais-propriedades-da-multiplicacao\/#primaryimage"},"thumbnailUrl":"https:\/\/lojasosprofessoratividades.com.br\/wp-content\/uploads\/2024\/04\/Multiplicacao-de-numeros-naturais-1.jpg","datePublished":"2024-04-30T20:36:11+00:00","dateModified":"2026-05-08T19:09:39+00:00","description":"Descubra o arquivo essencial para professores: 'Multiplica\u00e7\u00e3o de N\u00fameros Naturais (Propriedades da Multiplica\u00e7\u00e3o). Explore conceitos, propriedades e atividades prontas para uma aprendizagem envolvente.","breadcrumb":{"@id":"https:\/\/lojasosprofessoratividades.com.br\/produto\/multiplicacao-de-numeros-naturais-propriedades-da-multiplicacao\/#breadcrumb"},"inLanguage":"en-US","potentialAction":[{"@type":"ReadAction","target":["https:\/\/lojasosprofessoratividades.com.br\/produto\/multiplicacao-de-numeros-naturais-propriedades-da-multiplicacao\/"]}]},{"@type":"ImageObject","inLanguage":"en-US","@id":"https:\/\/lojasosprofessoratividades.com.br\/produto\/multiplicacao-de-numeros-naturais-propriedades-da-multiplicacao\/#primaryimage","url":"https:\/\/lojasosprofessoratividades.com.br\/wp-content\/uploads\/2024\/04\/Multiplicacao-de-numeros-naturais-1.jpg","contentUrl":"https:\/\/lojasosprofessoratividades.com.br\/wp-content\/uploads\/2024\/04\/Multiplicacao-de-numeros-naturais-1.jpg","width":800,"height":693,"caption":"Multiplica\u00e7\u00e3o de n\u00fameros naturais"},{"@type":"BreadcrumbList","@id":"https:\/\/lojasosprofessoratividades.com.br\/produto\/multiplicacao-de-numeros-naturais-propriedades-da-multiplicacao\/#breadcrumb","itemListElement":[{"@type":"ListItem","position":1,"name":"In\u00edcio","item":"https:\/\/lojasosprofessoratividades.com.br\/"},{"@type":"ListItem","position":2,"name":"Loja","item":"https:\/\/lojasosprofessoratividades.com.br\/loja\/"},{"@type":"ListItem","position":3,"name":"Multiplica\u00e7\u00e3o de n\u00fameros naturais (Propriedades da Multiplica\u00e7\u00e3o)"}]},{"@type":"WebSite","@id":"https:\/\/lojasosprofessoratividades.com.br\/#website","url":"https:\/\/lojasosprofessoratividades.com.br\/","name":"Loja SOS Professor Atividades","description":"Venda de material did\u00e1tico para o ensino fundamental","publisher":{"@id":"https:\/\/lojasosprofessoratividades.com.br\/#organization"},"potentialAction":[{"@type":"SearchAction","target":{"@type":"EntryPoint","urlTemplate":"https:\/\/lojasosprofessoratividades.com.br\/?s={search_term_string}"},"query-input":{"@type":"PropertyValueSpecification","valueRequired":true,"valueName":"search_term_string"}}],"inLanguage":"en-US"},{"@type":"Organization","@id":"https:\/\/lojasosprofessoratividades.com.br\/#organization","name":"Loja SOS Professor Atividades","url":"https:\/\/lojasosprofessoratividades.com.br\/","logo":{"@type":"ImageObject","inLanguage":"en-US","@id":"https:\/\/lojasosprofessoratividades.com.br\/#\/schema\/logo\/image\/","url":"http:\/\/lojasosprofessoratividades.com.br\/wp-content\/uploads\/2022\/04\/Logo.png","contentUrl":"http:\/\/lojasosprofessoratividades.com.br\/wp-content\/uploads\/2022\/04\/Logo.png","width":2000,"height":2000,"caption":"Loja SOS Professor Atividades"},"image":{"@id":"https:\/\/lojasosprofessoratividades.com.br\/#\/schema\/logo\/image\/"},"sameAs":["https:\/\/www.facebook.com\/sosprofessoratividades","https:\/\/www.instagram.com\/sosprofessoratividades\/"]}]}},"_links":{"self":[{"href":"https:\/\/lojasosprofessoratividades.com.br\/en\/wp-json\/wp\/v2\/product\/30470","targetHints":{"allow":["GET"]}}],"collection":[{"href":"https:\/\/lojasosprofessoratividades.com.br\/en\/wp-json\/wp\/v2\/product"}],"about":[{"href":"https:\/\/lojasosprofessoratividades.com.br\/en\/wp-json\/wp\/v2\/types\/product"}],"replies":[{"embeddable":true,"href":"https:\/\/lojasosprofessoratividades.com.br\/en\/wp-json\/wp\/v2\/comments?post=30470"}],"wp:featuredmedia":[{"embeddable":true,"href":"https:\/\/lojasosprofessoratividades.com.br\/en\/wp-json\/wp\/v2\/media\/30472"}],"wp:attachment":[{"href":"https:\/\/lojasosprofessoratividades.com.br\/en\/wp-json\/wp\/v2\/media?parent=30470"}],"wp:term":[{"taxonomy":"product_brand","embeddable":true,"href":"https:\/\/lojasosprofessoratividades.com.br\/en\/wp-json\/wp\/v2\/product_brand?post=30470"},{"taxonomy":"product_cat","embeddable":true,"href":"https:\/\/lojasosprofessoratividades.com.br\/en\/wp-json\/wp\/v2\/product_cat?post=30470"},{"taxonomy":"product_tag","embeddable":true,"href":"https:\/\/lojasosprofessoratividades.com.br\/en\/wp-json\/wp\/v2\/product_tag?post=30470"}],"curies":[{"name":"wp","href":"https:\/\/api.w.org\/{rel}","templated":true}]}}