{"id":30521,"date":"2024-05-06T18:14:56","date_gmt":"2024-05-06T21:14:56","guid":{"rendered":"https:\/\/lojasosprofessoratividades.com.br\/?post_type=product&#038;p=30521"},"modified":"2026-05-08T16:09:54","modified_gmt":"2026-05-08T19:09:54","slug":"campanha-faca-bonito-painel","status":"publish","type":"product","link":"https:\/\/lojasosprofessoratividades.com.br\/en\/product\/campanha-faca-bonito-painel\/","title":{"rendered":"Campanha Fa\u00e7a Bonito &#8211; Painel"},"content":{"rendered":"","protected":false},"excerpt":{"rendered":"<p>Como educadores, sabemos que a preven\u00e7\u00e3o come\u00e7a com a informa\u00e7\u00e3o.<\/p>\n<p>Ao expor nossos alunos a esse tema delicado de maneira sens\u00edvel e emp\u00e1tica, estamos capacitando-os a reconhecer situa\u00e7\u00f5es de risco e a buscar ajuda quando necess\u00e1rio.<\/p>\n<p>Incorpore este painel \u00e0s suas aulas para iniciar conversas importantes sobre seguran\u00e7a, respeito e prote\u00e7\u00e3o.<\/p>\n<p>Medidas:<\/p>\n<p>Tag: 80 x 50 cm (9 folhas A 4)<\/p>\n<p>Menina: 33 x 49 cm (4 folhas A4)<\/p>\n<p>Menino: 18 x 52 cm (4 folhas A4)<\/p>\n<p><em><strong>N\u00e3o<\/strong><\/em> edit\u00e1vel.<\/p>\n<h3>N\u00e3o enviamos por e-mail, a entrega \u00e9 via link para download. \ud83d\udc47<\/h3>\n<p><img loading=\"lazy\" decoding=\"async\" class=\"alignnone wp-image-38009 size-full\" src=\"https:\/\/lojasosprofessoratividades.com.br\/wp-content\/uploads\/2026\/02\/Como-baixar-2.jpg\" alt=\"\" width=\"446\" height=\"251\" srcset=\"https:\/\/lojasosprofessoratividades.com.br\/wp-content\/uploads\/2026\/02\/Como-baixar-2.jpg 446w, https:\/\/lojasosprofessoratividades.com.br\/wp-content\/uploads\/2026\/02\/Como-baixar-2-300x169.jpg 300w, https:\/\/lojasosprofessoratividades.com.br\/wp-content\/uploads\/2026\/02\/Como-baixar-2-18x10.jpg 18w\" sizes=\"auto, (max-width: 446px) 100vw, 446px\" \/><\/p>","protected":false},"featured_media":30523,"comment_status":"open","ping_status":"closed","template":"","meta":[],"product_brand":[],"product_cat":[122,123,124,125,127,215,217,209,211,213],"product_tag":[489,253,248,546,375,491,488,746,677,3717,3721,3720,3722,318,245,3723,3718,490,540,3724,3719],"class_list":{"0":"post-30521","1":"product","2":"type-product","3":"status-publish","4":"has-post-thumbnail","6":"product_cat-1o-ano","7":"product_cat-2o-ano","8":"product_cat-3o-ano","9":"product_cat-4o-ano","10":"product_cat-5o-ano","11":"product_cat-recursos-didaticos-4-ano","12":"product_cat-recursos-didaticos-5-ano","13":"product_cat-recursos-didaticos-1-ano","14":"product_cat-recursos-didaticos-2-ano","15":"product_cat-recursos-didaticos-3-ano","16":"product_tag-18-de-maio","17":"product_tag-4o-ano","18":"product_tag-5o-ano","19":"product_tag-atividades-pedagogicas","20":"product_tag-bncc","21":"product_tag-campanha-de-combate","22":"product_tag-campanha-faca-bonito","23":"product_tag-cartaz-educativo","24":"product_tag-cidadania","25":"product_tag-combate-ao-abuso-infantil","26":"product_tag-conscientizacao-infantil","27":"product_tag-direitos-da-crianca-e-do-adolescente","28":"product_tag-educacao-preventiva","29":"product_tag-educacao-socioemocional","30":"product_tag-ensino-fundamental","31":"product_tag-escola-segura","32":"product_tag-exploracao-sexual-infantil","33":"product_tag-faca-bonito","34":"product_tag-material-educativo","35":"product_tag-prevencao-a-violencia","36":"product_tag-protecao-da-crianca","38":"first","39":"instock","40":"downloadable","41":"virtual","42":"sold-individually","43":"purchasable","44":"product-type-simple"},"yoast_head":"<!-- This site is optimized with the Yoast SEO plugin v27.6 - https:\/\/yoast.com\/product\/yoast-seo-wordpress\/ -->\n<title>Campanha Fa\u00e7a Bonito - Painel - Loja SOS Professor Atividades<\/title>\n<meta name=\"description\" content=\"Painel educativo \u201cFa\u00e7a Bonito\u201d para o 18 de maio: preven\u00e7\u00e3o ao abuso e explora\u00e7\u00e3o sexual de crian\u00e7as. Material pedag\u00f3gico para conscientiza\u00e7\u00e3o em sala.\" \/>\n<meta name=\"robots\" content=\"index, follow, max-snippet:-1, max-image-preview:large, max-video-preview:-1\" \/>\n<link rel=\"canonical\" href=\"https:\/\/lojasosprofessoratividades.com.br\/en\/product\/campanha-faca-bonito-painel\/\" \/>\n<meta property=\"og:locale\" content=\"en_US\" \/>\n<meta property=\"og:type\" content=\"article\" \/>\n<meta property=\"og:title\" content=\"Campanha Fa\u00e7a Bonito - Painel - Loja SOS Professor Atividades\" \/>\n<meta property=\"og:description\" content=\"Painel educativo \u201cFa\u00e7a Bonito\u201d para o 18 de maio: preven\u00e7\u00e3o ao abuso e explora\u00e7\u00e3o sexual de crian\u00e7as. Material pedag\u00f3gico para conscientiza\u00e7\u00e3o em sala.\" \/>\n<meta property=\"og:url\" content=\"https:\/\/lojasosprofessoratividades.com.br\/en\/product\/campanha-faca-bonito-painel\/\" \/>\n<meta property=\"og:site_name\" content=\"Loja SOS Professor Atividades\" \/>\n<meta property=\"article:publisher\" content=\"https:\/\/www.facebook.com\/sosprofessoratividades\" \/>\n<meta property=\"article:modified_time\" content=\"2026-05-08T19:09:54+00:00\" \/>\n<meta property=\"og:image\" content=\"https:\/\/lojasosprofessoratividades.com.br\/wp-content\/uploads\/2024\/05\/fACA-BONITO-1.jpg\" \/>\n\t<meta property=\"og:image:width\" content=\"800\" \/>\n\t<meta property=\"og:image:height\" content=\"693\" \/>\n\t<meta property=\"og:image:type\" content=\"image\/jpeg\" \/>\n<meta name=\"twitter:card\" content=\"summary_large_image\" \/>\n<meta name=\"twitter:label1\" content=\"Est. reading time\" \/>\n\t<meta name=\"twitter:data1\" content=\"1 minute\" \/>\n<script type=\"application\/ld+json\" class=\"yoast-schema-graph\">{\"@context\":\"https:\\\/\\\/schema.org\",\"@graph\":[{\"@type\":\"WebPage\",\"@id\":\"https:\\\/\\\/lojasosprofessoratividades.com.br\\\/produto\\\/campanha-faca-bonito-painel\\\/\",\"url\":\"https:\\\/\\\/lojasosprofessoratividades.com.br\\\/produto\\\/campanha-faca-bonito-painel\\\/\",\"name\":\"Campanha Fa\u00e7a Bonito - Painel - Loja SOS Professor Atividades\",\"isPartOf\":{\"@id\":\"https:\\\/\\\/lojasosprofessoratividades.com.br\\\/#website\"},\"primaryImageOfPage\":{\"@id\":\"https:\\\/\\\/lojasosprofessoratividades.com.br\\\/produto\\\/campanha-faca-bonito-painel\\\/#primaryimage\"},\"image\":{\"@id\":\"https:\\\/\\\/lojasosprofessoratividades.com.br\\\/produto\\\/campanha-faca-bonito-painel\\\/#primaryimage\"},\"thumbnailUrl\":\"https:\\\/\\\/lojasosprofessoratividades.com.br\\\/wp-content\\\/uploads\\\/2024\\\/05\\\/fACA-BONITO-1.jpg\",\"datePublished\":\"2024-05-06T21:14:56+00:00\",\"dateModified\":\"2026-05-08T19:09:54+00:00\",\"description\":\"Painel educativo \u201cFa\u00e7a Bonito\u201d para o 18 de maio: preven\u00e7\u00e3o ao abuso e explora\u00e7\u00e3o sexual de crian\u00e7as. Material pedag\u00f3gico para conscientiza\u00e7\u00e3o em sala.\",\"breadcrumb\":{\"@id\":\"https:\\\/\\\/lojasosprofessoratividades.com.br\\\/produto\\\/campanha-faca-bonito-painel\\\/#breadcrumb\"},\"inLanguage\":\"en-US\",\"potentialAction\":[{\"@type\":\"ReadAction\",\"target\":[\"https:\\\/\\\/lojasosprofessoratividades.com.br\\\/produto\\\/campanha-faca-bonito-painel\\\/\"]}]},{\"@type\":\"ImageObject\",\"inLanguage\":\"en-US\",\"@id\":\"https:\\\/\\\/lojasosprofessoratividades.com.br\\\/produto\\\/campanha-faca-bonito-painel\\\/#primaryimage\",\"url\":\"https:\\\/\\\/lojasosprofessoratividades.com.br\\\/wp-content\\\/uploads\\\/2024\\\/05\\\/fACA-BONITO-1.jpg\",\"contentUrl\":\"https:\\\/\\\/lojasosprofessoratividades.com.br\\\/wp-content\\\/uploads\\\/2024\\\/05\\\/fACA-BONITO-1.jpg\",\"width\":800,\"height\":693,\"caption\":\"Campanha Fa\u00e7a Bonito\"},{\"@type\":\"BreadcrumbList\",\"@id\":\"https:\\\/\\\/lojasosprofessoratividades.com.br\\\/produto\\\/campanha-faca-bonito-painel\\\/#breadcrumb\",\"itemListElement\":[{\"@type\":\"ListItem\",\"position\":1,\"name\":\"In\u00edcio\",\"item\":\"https:\\\/\\\/lojasosprofessoratividades.com.br\\\/\"},{\"@type\":\"ListItem\",\"position\":2,\"name\":\"Loja\",\"item\":\"https:\\\/\\\/lojasosprofessoratividades.com.br\\\/loja\\\/\"},{\"@type\":\"ListItem\",\"position\":3,\"name\":\"Campanha Fa\u00e7a Bonito &#8211; Painel\"}]},{\"@type\":\"WebSite\",\"@id\":\"https:\\\/\\\/lojasosprofessoratividades.com.br\\\/#website\",\"url\":\"https:\\\/\\\/lojasosprofessoratividades.com.br\\\/\",\"name\":\"Loja SOS Professor Atividades\",\"description\":\"Venda de material did\u00e1tico para o ensino fundamental\",\"publisher\":{\"@id\":\"https:\\\/\\\/lojasosprofessoratividades.com.br\\\/#organization\"},\"potentialAction\":[{\"@type\":\"SearchAction\",\"target\":{\"@type\":\"EntryPoint\",\"urlTemplate\":\"https:\\\/\\\/lojasosprofessoratividades.com.br\\\/?s={search_term_string}\"},\"query-input\":{\"@type\":\"PropertyValueSpecification\",\"valueRequired\":true,\"valueName\":\"search_term_string\"}}],\"inLanguage\":\"en-US\"},{\"@type\":\"Organization\",\"@id\":\"https:\\\/\\\/lojasosprofessoratividades.com.br\\\/#organization\",\"name\":\"Loja SOS Professor Atividades\",\"url\":\"https:\\\/\\\/lojasosprofessoratividades.com.br\\\/\",\"logo\":{\"@type\":\"ImageObject\",\"inLanguage\":\"en-US\",\"@id\":\"https:\\\/\\\/lojasosprofessoratividades.com.br\\\/#\\\/schema\\\/logo\\\/image\\\/\",\"url\":\"http:\\\/\\\/lojasosprofessoratividades.com.br\\\/wp-content\\\/uploads\\\/2022\\\/04\\\/Logo.png\",\"contentUrl\":\"http:\\\/\\\/lojasosprofessoratividades.com.br\\\/wp-content\\\/uploads\\\/2022\\\/04\\\/Logo.png\",\"width\":2000,\"height\":2000,\"caption\":\"Loja SOS Professor Atividades\"},\"image\":{\"@id\":\"https:\\\/\\\/lojasosprofessoratividades.com.br\\\/#\\\/schema\\\/logo\\\/image\\\/\"},\"sameAs\":[\"https:\\\/\\\/www.facebook.com\\\/sosprofessoratividades\",\"https:\\\/\\\/www.instagram.com\\\/sosprofessoratividades\\\/\"]}]}<\/script>\n<!-- \/ Yoast SEO plugin. -->","yoast_head_json":{"title":"Campanha Fa\u00e7a Bonito - Painel - Loja SOS Professor Atividades","description":"Painel educativo \u201cFa\u00e7a Bonito\u201d para o 18 de maio: preven\u00e7\u00e3o ao abuso e explora\u00e7\u00e3o sexual de crian\u00e7as. Material pedag\u00f3gico para conscientiza\u00e7\u00e3o em sala.","robots":{"index":"index","follow":"follow","max-snippet":"max-snippet:-1","max-image-preview":"max-image-preview:large","max-video-preview":"max-video-preview:-1"},"canonical":"https:\/\/lojasosprofessoratividades.com.br\/en\/product\/campanha-faca-bonito-painel\/","og_locale":"en_US","og_type":"article","og_title":"Campanha Fa\u00e7a Bonito - Painel - Loja SOS Professor Atividades","og_description":"Painel educativo \u201cFa\u00e7a Bonito\u201d para o 18 de maio: preven\u00e7\u00e3o ao abuso e explora\u00e7\u00e3o sexual de crian\u00e7as. Material pedag\u00f3gico para conscientiza\u00e7\u00e3o em sala.","og_url":"https:\/\/lojasosprofessoratividades.com.br\/en\/product\/campanha-faca-bonito-painel\/","og_site_name":"Loja SOS Professor Atividades","article_publisher":"https:\/\/www.facebook.com\/sosprofessoratividades","article_modified_time":"2026-05-08T19:09:54+00:00","og_image":[{"width":800,"height":693,"url":"https:\/\/lojasosprofessoratividades.com.br\/wp-content\/uploads\/2024\/05\/fACA-BONITO-1.jpg","type":"image\/jpeg"}],"twitter_card":"summary_large_image","twitter_misc":{"Est. reading time":"1 minute"},"schema":{"@context":"https:\/\/schema.org","@graph":[{"@type":"WebPage","@id":"https:\/\/lojasosprofessoratividades.com.br\/produto\/campanha-faca-bonito-painel\/","url":"https:\/\/lojasosprofessoratividades.com.br\/produto\/campanha-faca-bonito-painel\/","name":"Campanha Fa\u00e7a Bonito - Painel - Loja SOS Professor Atividades","isPartOf":{"@id":"https:\/\/lojasosprofessoratividades.com.br\/#website"},"primaryImageOfPage":{"@id":"https:\/\/lojasosprofessoratividades.com.br\/produto\/campanha-faca-bonito-painel\/#primaryimage"},"image":{"@id":"https:\/\/lojasosprofessoratividades.com.br\/produto\/campanha-faca-bonito-painel\/#primaryimage"},"thumbnailUrl":"https:\/\/lojasosprofessoratividades.com.br\/wp-content\/uploads\/2024\/05\/fACA-BONITO-1.jpg","datePublished":"2024-05-06T21:14:56+00:00","dateModified":"2026-05-08T19:09:54+00:00","description":"Painel educativo \u201cFa\u00e7a Bonito\u201d para o 18 de maio: preven\u00e7\u00e3o ao abuso e explora\u00e7\u00e3o sexual de crian\u00e7as. Material pedag\u00f3gico para conscientiza\u00e7\u00e3o em sala.","breadcrumb":{"@id":"https:\/\/lojasosprofessoratividades.com.br\/produto\/campanha-faca-bonito-painel\/#breadcrumb"},"inLanguage":"en-US","potentialAction":[{"@type":"ReadAction","target":["https:\/\/lojasosprofessoratividades.com.br\/produto\/campanha-faca-bonito-painel\/"]}]},{"@type":"ImageObject","inLanguage":"en-US","@id":"https:\/\/lojasosprofessoratividades.com.br\/produto\/campanha-faca-bonito-painel\/#primaryimage","url":"https:\/\/lojasosprofessoratividades.com.br\/wp-content\/uploads\/2024\/05\/fACA-BONITO-1.jpg","contentUrl":"https:\/\/lojasosprofessoratividades.com.br\/wp-content\/uploads\/2024\/05\/fACA-BONITO-1.jpg","width":800,"height":693,"caption":"Campanha Fa\u00e7a Bonito"},{"@type":"BreadcrumbList","@id":"https:\/\/lojasosprofessoratividades.com.br\/produto\/campanha-faca-bonito-painel\/#breadcrumb","itemListElement":[{"@type":"ListItem","position":1,"name":"In\u00edcio","item":"https:\/\/lojasosprofessoratividades.com.br\/"},{"@type":"ListItem","position":2,"name":"Loja","item":"https:\/\/lojasosprofessoratividades.com.br\/loja\/"},{"@type":"ListItem","position":3,"name":"Campanha Fa\u00e7a Bonito &#8211; Painel"}]},{"@type":"WebSite","@id":"https:\/\/lojasosprofessoratividades.com.br\/#website","url":"https:\/\/lojasosprofessoratividades.com.br\/","name":"Loja SOS Professor Atividades","description":"Venda de material did\u00e1tico para o ensino fundamental","publisher":{"@id":"https:\/\/lojasosprofessoratividades.com.br\/#organization"},"potentialAction":[{"@type":"SearchAction","target":{"@type":"EntryPoint","urlTemplate":"https:\/\/lojasosprofessoratividades.com.br\/?s={search_term_string}"},"query-input":{"@type":"PropertyValueSpecification","valueRequired":true,"valueName":"search_term_string"}}],"inLanguage":"en-US"},{"@type":"Organization","@id":"https:\/\/lojasosprofessoratividades.com.br\/#organization","name":"Loja SOS Professor Atividades","url":"https:\/\/lojasosprofessoratividades.com.br\/","logo":{"@type":"ImageObject","inLanguage":"en-US","@id":"https:\/\/lojasosprofessoratividades.com.br\/#\/schema\/logo\/image\/","url":"http:\/\/lojasosprofessoratividades.com.br\/wp-content\/uploads\/2022\/04\/Logo.png","contentUrl":"http:\/\/lojasosprofessoratividades.com.br\/wp-content\/uploads\/2022\/04\/Logo.png","width":2000,"height":2000,"caption":"Loja SOS Professor Atividades"},"image":{"@id":"https:\/\/lojasosprofessoratividades.com.br\/#\/schema\/logo\/image\/"},"sameAs":["https:\/\/www.facebook.com\/sosprofessoratividades","https:\/\/www.instagram.com\/sosprofessoratividades\/"]}]}},"_links":{"self":[{"href":"https:\/\/lojasosprofessoratividades.com.br\/en\/wp-json\/wp\/v2\/product\/30521","targetHints":{"allow":["GET"]}}],"collection":[{"href":"https:\/\/lojasosprofessoratividades.com.br\/en\/wp-json\/wp\/v2\/product"}],"about":[{"href":"https:\/\/lojasosprofessoratividades.com.br\/en\/wp-json\/wp\/v2\/types\/product"}],"replies":[{"embeddable":true,"href":"https:\/\/lojasosprofessoratividades.com.br\/en\/wp-json\/wp\/v2\/comments?post=30521"}],"wp:featuredmedia":[{"embeddable":true,"href":"https:\/\/lojasosprofessoratividades.com.br\/en\/wp-json\/wp\/v2\/media\/30523"}],"wp:attachment":[{"href":"https:\/\/lojasosprofessoratividades.com.br\/en\/wp-json\/wp\/v2\/media?parent=30521"}],"wp:term":[{"taxonomy":"product_brand","embeddable":true,"href":"https:\/\/lojasosprofessoratividades.com.br\/en\/wp-json\/wp\/v2\/product_brand?post=30521"},{"taxonomy":"product_cat","embeddable":true,"href":"https:\/\/lojasosprofessoratividades.com.br\/en\/wp-json\/wp\/v2\/product_cat?post=30521"},{"taxonomy":"product_tag","embeddable":true,"href":"https:\/\/lojasosprofessoratividades.com.br\/en\/wp-json\/wp\/v2\/product_tag?post=30521"}],"curies":[{"name":"wp","href":"https:\/\/api.w.org\/{rel}","templated":true}]}}