{"id":30750,"date":"2024-05-28T14:02:05","date_gmt":"2024-05-28T17:02:05","guid":{"rendered":"https:\/\/lojasosprofessoratividades.com.br\/?post_type=product&#038;p=30750"},"modified":"2026-05-08T16:10:10","modified_gmt":"2026-05-08T19:10:10","slug":"tabuada-magica","status":"publish","type":"product","link":"https:\/\/lojasosprofessoratividades.com.br\/en\/product\/tabuada-magica\/","title":{"rendered":"Tabuada M\u00e1gica"},"content":{"rendered":"","protected":false},"excerpt":{"rendered":"<p>D\u00ea um toque de magia \u00e0 aprendizagem da tabuada em sua sala de aula com a Tabuada M\u00e1gica!<\/p>\n<p>Este recurso encantador transforma a pr\u00e1tica da tabuada em uma experi\u00eancia l\u00fadica e envolvente para seus alunos.<\/p>\n<p>Apresenta:<\/p>\n<p>\ud83d\udd22 Vers\u00f5es colorida e em preto e branco dispon\u00edveis, para atender \u00e0s necessidades da sua turma.<\/p>\n<p>\ud83c\udf1f Ilustra\u00e7\u00f5es encantadoras que ajudam a visualizar os n\u00fameros e as opera\u00e7\u00f5es.<\/p>\n<p>\ud83d\udcda Recurso educacional vers\u00e1til que pode ser usado em sala de aula ou de casa.<\/p>\n<p>Adquira agora a Tabuada M\u00e1gica e transforme a aprendizagem da tabuada em uma jornada m\u00e1gica e divertida.<\/p>\n<p><em><strong>N\u00e3o edit\u00e1vel<\/strong><\/em><\/p>\n<h3>N\u00e3o enviamos por e-mail, a entrega \u00e9 via link para download.\u00a0<img decoding=\"async\" class=\"emoji\" role=\"img\" draggable=\"false\" src=\"https:\/\/s.w.org\/images\/core\/emoji\/17.0.2\/svg\/1f447.svg\" alt=\"\ud83d\udc47\" \/><\/h3>\n<p><img loading=\"lazy\" decoding=\"async\" class=\"alignnone wp-image-38009 size-full\" src=\"https:\/\/lojasosprofessoratividades.com.br\/wp-content\/uploads\/2026\/02\/Como-baixar-2.jpg\" alt=\"\" width=\"446\" height=\"251\" srcset=\"https:\/\/lojasosprofessoratividades.com.br\/wp-content\/uploads\/2026\/02\/Como-baixar-2.jpg 446w, https:\/\/lojasosprofessoratividades.com.br\/wp-content\/uploads\/2026\/02\/Como-baixar-2-300x169.jpg 300w, https:\/\/lojasosprofessoratividades.com.br\/wp-content\/uploads\/2026\/02\/Como-baixar-2-18x10.jpg 18w\" sizes=\"auto, (max-width: 446px) 100vw, 446px\" \/><\/p>\n<p>&nbsp;<\/p>","protected":false},"featured_media":30751,"comment_status":"open","ping_status":"closed","template":"","meta":[],"product_brand":[],"product_cat":[123,124,125,127,183,188,194,205,211,213,215,217],"product_tag":[493,395,247,494,495,484,228,492],"class_list":{"0":"post-30750","1":"product","2":"type-product","3":"status-publish","4":"has-post-thumbnail","6":"product_cat-2o-ano","7":"product_cat-3o-ano","8":"product_cat-4o-ano","9":"product_cat-5o-ano","10":"product_cat-matematica-2-ano","11":"product_cat-matematica-3-ano","12":"product_cat-matematica-4-ano","13":"product_cat-matematica-5-ano","14":"product_cat-recursos-didaticos-2-ano","15":"product_cat-recursos-didaticos-3-ano","16":"product_cat-recursos-didaticos-4-ano","17":"product_cat-recursos-didaticos-5-ano","18":"product_tag-ensino-fundamental-1","19":"product_tag-ludicidade","20":"product_tag-matematica","21":"product_tag-matematica-criativa","22":"product_tag-matematica-ludica","23":"product_tag-multiplicacao","24":"product_tag-recurso-didatico","25":"product_tag-tabuada","27":"first","28":"instock","29":"downloadable","30":"virtual","31":"sold-individually","32":"purchasable","33":"product-type-simple"},"yoast_head":"<!-- This site is optimized with the Yoast SEO plugin v27.5 - https:\/\/yoast.com\/product\/yoast-seo-wordpress\/ -->\n<title>Tabuada M\u00e1gica - Loja SOS Professor Atividades<\/title>\n<meta name=\"description\" content=\"Tabuada M\u00e1gica: aprenda multiplica\u00e7\u00e3o de forma l\u00fadica e divertida. Ideal para crian\u00e7as do Ensino Fundamental, de forma pr\u00e1tica e eficaz.\" \/>\n<meta name=\"robots\" content=\"index, follow, max-snippet:-1, max-image-preview:large, max-video-preview:-1\" \/>\n<link rel=\"canonical\" href=\"https:\/\/lojasosprofessoratividades.com.br\/en\/product\/tabuada-magica\/\" \/>\n<meta property=\"og:locale\" content=\"en_US\" \/>\n<meta property=\"og:type\" content=\"article\" \/>\n<meta property=\"og:title\" content=\"Tabuada M\u00e1gica - Loja SOS Professor Atividades\" \/>\n<meta property=\"og:description\" content=\"Tabuada M\u00e1gica: aprenda multiplica\u00e7\u00e3o de forma l\u00fadica e divertida. Ideal para crian\u00e7as do Ensino Fundamental, de forma pr\u00e1tica e eficaz.\" \/>\n<meta property=\"og:url\" content=\"https:\/\/lojasosprofessoratividades.com.br\/en\/product\/tabuada-magica\/\" \/>\n<meta property=\"og:site_name\" content=\"Loja SOS Professor Atividades\" \/>\n<meta property=\"article:publisher\" content=\"https:\/\/www.facebook.com\/sosprofessoratividades\" \/>\n<meta property=\"article:modified_time\" content=\"2026-05-08T19:10:10+00:00\" \/>\n<meta property=\"og:image\" content=\"https:\/\/lojasosprofessoratividades.com.br\/wp-content\/uploads\/2024\/05\/1-1.jpg\" \/>\n\t<meta property=\"og:image:width\" content=\"800\" \/>\n\t<meta property=\"og:image:height\" content=\"693\" \/>\n\t<meta property=\"og:image:type\" content=\"image\/jpeg\" \/>\n<meta name=\"twitter:card\" content=\"summary_large_image\" \/>\n<meta name=\"twitter:label1\" content=\"Est. reading time\" \/>\n\t<meta name=\"twitter:data1\" content=\"1 minute\" \/>\n<script type=\"application\/ld+json\" class=\"yoast-schema-graph\">{\"@context\":\"https:\\\/\\\/schema.org\",\"@graph\":[{\"@type\":\"WebPage\",\"@id\":\"https:\\\/\\\/lojasosprofessoratividades.com.br\\\/produto\\\/tabuada-magica\\\/\",\"url\":\"https:\\\/\\\/lojasosprofessoratividades.com.br\\\/produto\\\/tabuada-magica\\\/\",\"name\":\"Tabuada M\u00e1gica - Loja SOS Professor Atividades\",\"isPartOf\":{\"@id\":\"https:\\\/\\\/lojasosprofessoratividades.com.br\\\/#website\"},\"primaryImageOfPage\":{\"@id\":\"https:\\\/\\\/lojasosprofessoratividades.com.br\\\/produto\\\/tabuada-magica\\\/#primaryimage\"},\"image\":{\"@id\":\"https:\\\/\\\/lojasosprofessoratividades.com.br\\\/produto\\\/tabuada-magica\\\/#primaryimage\"},\"thumbnailUrl\":\"https:\\\/\\\/lojasosprofessoratividades.com.br\\\/wp-content\\\/uploads\\\/2024\\\/05\\\/1-1.jpg\",\"datePublished\":\"2024-05-28T17:02:05+00:00\",\"dateModified\":\"2026-05-08T19:10:10+00:00\",\"description\":\"Tabuada M\u00e1gica: aprenda multiplica\u00e7\u00e3o de forma l\u00fadica e divertida. Ideal para crian\u00e7as do Ensino Fundamental, de forma pr\u00e1tica e eficaz.\",\"breadcrumb\":{\"@id\":\"https:\\\/\\\/lojasosprofessoratividades.com.br\\\/produto\\\/tabuada-magica\\\/#breadcrumb\"},\"inLanguage\":\"en-US\",\"potentialAction\":[{\"@type\":\"ReadAction\",\"target\":[\"https:\\\/\\\/lojasosprofessoratividades.com.br\\\/produto\\\/tabuada-magica\\\/\"]}]},{\"@type\":\"ImageObject\",\"inLanguage\":\"en-US\",\"@id\":\"https:\\\/\\\/lojasosprofessoratividades.com.br\\\/produto\\\/tabuada-magica\\\/#primaryimage\",\"url\":\"https:\\\/\\\/lojasosprofessoratividades.com.br\\\/wp-content\\\/uploads\\\/2024\\\/05\\\/1-1.jpg\",\"contentUrl\":\"https:\\\/\\\/lojasosprofessoratividades.com.br\\\/wp-content\\\/uploads\\\/2024\\\/05\\\/1-1.jpg\",\"width\":800,\"height\":693,\"caption\":\"Tabuada m\u00e1gica\"},{\"@type\":\"BreadcrumbList\",\"@id\":\"https:\\\/\\\/lojasosprofessoratividades.com.br\\\/produto\\\/tabuada-magica\\\/#breadcrumb\",\"itemListElement\":[{\"@type\":\"ListItem\",\"position\":1,\"name\":\"In\u00edcio\",\"item\":\"https:\\\/\\\/lojasosprofessoratividades.com.br\\\/\"},{\"@type\":\"ListItem\",\"position\":2,\"name\":\"Loja\",\"item\":\"https:\\\/\\\/lojasosprofessoratividades.com.br\\\/loja\\\/\"},{\"@type\":\"ListItem\",\"position\":3,\"name\":\"Tabuada M\u00e1gica\"}]},{\"@type\":\"WebSite\",\"@id\":\"https:\\\/\\\/lojasosprofessoratividades.com.br\\\/#website\",\"url\":\"https:\\\/\\\/lojasosprofessoratividades.com.br\\\/\",\"name\":\"Loja SOS Professor Atividades\",\"description\":\"Venda de material did\u00e1tico para o ensino fundamental\",\"publisher\":{\"@id\":\"https:\\\/\\\/lojasosprofessoratividades.com.br\\\/#organization\"},\"potentialAction\":[{\"@type\":\"SearchAction\",\"target\":{\"@type\":\"EntryPoint\",\"urlTemplate\":\"https:\\\/\\\/lojasosprofessoratividades.com.br\\\/?s={search_term_string}\"},\"query-input\":{\"@type\":\"PropertyValueSpecification\",\"valueRequired\":true,\"valueName\":\"search_term_string\"}}],\"inLanguage\":\"en-US\"},{\"@type\":\"Organization\",\"@id\":\"https:\\\/\\\/lojasosprofessoratividades.com.br\\\/#organization\",\"name\":\"Loja SOS Professor Atividades\",\"url\":\"https:\\\/\\\/lojasosprofessoratividades.com.br\\\/\",\"logo\":{\"@type\":\"ImageObject\",\"inLanguage\":\"en-US\",\"@id\":\"https:\\\/\\\/lojasosprofessoratividades.com.br\\\/#\\\/schema\\\/logo\\\/image\\\/\",\"url\":\"http:\\\/\\\/lojasosprofessoratividades.com.br\\\/wp-content\\\/uploads\\\/2022\\\/04\\\/Logo.png\",\"contentUrl\":\"http:\\\/\\\/lojasosprofessoratividades.com.br\\\/wp-content\\\/uploads\\\/2022\\\/04\\\/Logo.png\",\"width\":2000,\"height\":2000,\"caption\":\"Loja SOS Professor Atividades\"},\"image\":{\"@id\":\"https:\\\/\\\/lojasosprofessoratividades.com.br\\\/#\\\/schema\\\/logo\\\/image\\\/\"},\"sameAs\":[\"https:\\\/\\\/www.facebook.com\\\/sosprofessoratividades\",\"https:\\\/\\\/www.instagram.com\\\/sosprofessoratividades\\\/\"]}]}<\/script>\n<!-- \/ Yoast SEO plugin. -->","yoast_head_json":{"title":"Tabuada M\u00e1gica - Loja SOS Professor Atividades","description":"Tabuada M\u00e1gica: aprenda multiplica\u00e7\u00e3o de forma l\u00fadica e divertida. Ideal para crian\u00e7as do Ensino Fundamental, de forma pr\u00e1tica e eficaz.","robots":{"index":"index","follow":"follow","max-snippet":"max-snippet:-1","max-image-preview":"max-image-preview:large","max-video-preview":"max-video-preview:-1"},"canonical":"https:\/\/lojasosprofessoratividades.com.br\/en\/product\/tabuada-magica\/","og_locale":"en_US","og_type":"article","og_title":"Tabuada M\u00e1gica - Loja SOS Professor Atividades","og_description":"Tabuada M\u00e1gica: aprenda multiplica\u00e7\u00e3o de forma l\u00fadica e divertida. Ideal para crian\u00e7as do Ensino Fundamental, de forma pr\u00e1tica e eficaz.","og_url":"https:\/\/lojasosprofessoratividades.com.br\/en\/product\/tabuada-magica\/","og_site_name":"Loja SOS Professor Atividades","article_publisher":"https:\/\/www.facebook.com\/sosprofessoratividades","article_modified_time":"2026-05-08T19:10:10+00:00","og_image":[{"width":800,"height":693,"url":"https:\/\/lojasosprofessoratividades.com.br\/wp-content\/uploads\/2024\/05\/1-1.jpg","type":"image\/jpeg"}],"twitter_card":"summary_large_image","twitter_misc":{"Est. reading time":"1 minute"},"schema":{"@context":"https:\/\/schema.org","@graph":[{"@type":"WebPage","@id":"https:\/\/lojasosprofessoratividades.com.br\/produto\/tabuada-magica\/","url":"https:\/\/lojasosprofessoratividades.com.br\/produto\/tabuada-magica\/","name":"Tabuada M\u00e1gica - Loja SOS Professor Atividades","isPartOf":{"@id":"https:\/\/lojasosprofessoratividades.com.br\/#website"},"primaryImageOfPage":{"@id":"https:\/\/lojasosprofessoratividades.com.br\/produto\/tabuada-magica\/#primaryimage"},"image":{"@id":"https:\/\/lojasosprofessoratividades.com.br\/produto\/tabuada-magica\/#primaryimage"},"thumbnailUrl":"https:\/\/lojasosprofessoratividades.com.br\/wp-content\/uploads\/2024\/05\/1-1.jpg","datePublished":"2024-05-28T17:02:05+00:00","dateModified":"2026-05-08T19:10:10+00:00","description":"Tabuada M\u00e1gica: aprenda multiplica\u00e7\u00e3o de forma l\u00fadica e divertida. Ideal para crian\u00e7as do Ensino Fundamental, de forma pr\u00e1tica e eficaz.","breadcrumb":{"@id":"https:\/\/lojasosprofessoratividades.com.br\/produto\/tabuada-magica\/#breadcrumb"},"inLanguage":"en-US","potentialAction":[{"@type":"ReadAction","target":["https:\/\/lojasosprofessoratividades.com.br\/produto\/tabuada-magica\/"]}]},{"@type":"ImageObject","inLanguage":"en-US","@id":"https:\/\/lojasosprofessoratividades.com.br\/produto\/tabuada-magica\/#primaryimage","url":"https:\/\/lojasosprofessoratividades.com.br\/wp-content\/uploads\/2024\/05\/1-1.jpg","contentUrl":"https:\/\/lojasosprofessoratividades.com.br\/wp-content\/uploads\/2024\/05\/1-1.jpg","width":800,"height":693,"caption":"Tabuada m\u00e1gica"},{"@type":"BreadcrumbList","@id":"https:\/\/lojasosprofessoratividades.com.br\/produto\/tabuada-magica\/#breadcrumb","itemListElement":[{"@type":"ListItem","position":1,"name":"In\u00edcio","item":"https:\/\/lojasosprofessoratividades.com.br\/"},{"@type":"ListItem","position":2,"name":"Loja","item":"https:\/\/lojasosprofessoratividades.com.br\/loja\/"},{"@type":"ListItem","position":3,"name":"Tabuada M\u00e1gica"}]},{"@type":"WebSite","@id":"https:\/\/lojasosprofessoratividades.com.br\/#website","url":"https:\/\/lojasosprofessoratividades.com.br\/","name":"Loja SOS Professor Atividades","description":"Venda de material did\u00e1tico para o ensino fundamental","publisher":{"@id":"https:\/\/lojasosprofessoratividades.com.br\/#organization"},"potentialAction":[{"@type":"SearchAction","target":{"@type":"EntryPoint","urlTemplate":"https:\/\/lojasosprofessoratividades.com.br\/?s={search_term_string}"},"query-input":{"@type":"PropertyValueSpecification","valueRequired":true,"valueName":"search_term_string"}}],"inLanguage":"en-US"},{"@type":"Organization","@id":"https:\/\/lojasosprofessoratividades.com.br\/#organization","name":"Loja SOS Professor Atividades","url":"https:\/\/lojasosprofessoratividades.com.br\/","logo":{"@type":"ImageObject","inLanguage":"en-US","@id":"https:\/\/lojasosprofessoratividades.com.br\/#\/schema\/logo\/image\/","url":"http:\/\/lojasosprofessoratividades.com.br\/wp-content\/uploads\/2022\/04\/Logo.png","contentUrl":"http:\/\/lojasosprofessoratividades.com.br\/wp-content\/uploads\/2022\/04\/Logo.png","width":2000,"height":2000,"caption":"Loja SOS Professor Atividades"},"image":{"@id":"https:\/\/lojasosprofessoratividades.com.br\/#\/schema\/logo\/image\/"},"sameAs":["https:\/\/www.facebook.com\/sosprofessoratividades","https:\/\/www.instagram.com\/sosprofessoratividades\/"]}]}},"_links":{"self":[{"href":"https:\/\/lojasosprofessoratividades.com.br\/en\/wp-json\/wp\/v2\/product\/30750","targetHints":{"allow":["GET"]}}],"collection":[{"href":"https:\/\/lojasosprofessoratividades.com.br\/en\/wp-json\/wp\/v2\/product"}],"about":[{"href":"https:\/\/lojasosprofessoratividades.com.br\/en\/wp-json\/wp\/v2\/types\/product"}],"replies":[{"embeddable":true,"href":"https:\/\/lojasosprofessoratividades.com.br\/en\/wp-json\/wp\/v2\/comments?post=30750"}],"wp:featuredmedia":[{"embeddable":true,"href":"https:\/\/lojasosprofessoratividades.com.br\/en\/wp-json\/wp\/v2\/media\/30751"}],"wp:attachment":[{"href":"https:\/\/lojasosprofessoratividades.com.br\/en\/wp-json\/wp\/v2\/media?parent=30750"}],"wp:term":[{"taxonomy":"product_brand","embeddable":true,"href":"https:\/\/lojasosprofessoratividades.com.br\/en\/wp-json\/wp\/v2\/product_brand?post=30750"},{"taxonomy":"product_cat","embeddable":true,"href":"https:\/\/lojasosprofessoratividades.com.br\/en\/wp-json\/wp\/v2\/product_cat?post=30750"},{"taxonomy":"product_tag","embeddable":true,"href":"https:\/\/lojasosprofessoratividades.com.br\/en\/wp-json\/wp\/v2\/product_tag?post=30750"}],"curies":[{"name":"wp","href":"https:\/\/api.w.org\/{rel}","templated":true}]}}